{"id":16541,"date":"2024-02-06T21:36:05","date_gmt":"2024-02-06T19:36:05","guid":{"rendered":"https:\/\/ortungsgerate.de\/be-kategorijos\/profesionalus-pasiklausymo-irenginys-radio-dazniu-pasiklausymo-blake\/"},"modified":"2025-11-26T19:01:36","modified_gmt":"2025-11-26T17:01:36","slug":"professionalnoe-podslushivayuschee-ustroystvo-radiozhuchok","status":"publish","type":"product","link":"https:\/\/www.ortungsgerate.de\/ru\/16-proslushivayushcheye-oborudovaniye-2\/20-rd-proslushivayushcheye-oborudovaniye\/professionalnoe-podslushivayuschee-ustroystvo-radiozhuchok\/","title":{"rendered":"\u041f\u0440\u043e\u0444\u0435\u0441\u0441\u0438\u043e\u043d\u0430\u043b\u044c\u043d\u043e\u0435 \u043f\u043e\u0434\u0441\u043b\u0443\u0448\u0438\u0432\u0430\u044e\u0449\u0435\u0435 \u0443\u0441\u0442\u0440\u043e\u0439\u0441\u0442\u0432\u043e \u0440\u0430\u0434\u0438\u043e\u0436\u0443\u0447\u043e\u043a"},"content":{"rendered":"<h3><strong>\u0422\u0435\u0445\u043d\u0438\u0447\u0435\u0441\u043a\u0438\u0435 \u043f\u0430\u0440\u0430\u043c\u0435\u0442\u0440\u044b:<\/strong><\/h3>\n<ul>\n<li>Batterie: intern; Lithium-Ionen<\/li>\n<li>Batteriebetriebsdauer: bis zu 6 Stunden<\/li>\n<li>Ausgangsanschluss: 3,5 mm (zum Abh\u00f6ren oder zur Tonaufzeichnung)<\/li>\n<li>Abmessungen: Sender (58 mm x 34 mm x 19 mm); Empf\u00e4nger (105 mm x 54 mm x 19 mm)<\/li>\n<li><strong>\u0413\u0410\u0420\u0410\u041d\u0422\u0418\u042f 12 \u043c\u0435\u0441\u044f\u0446\u0435\u0432<\/strong><\/li>\n<\/ul>\n<p><span style=\"color: #d0121a;\"><strong>Ben\u00f6tigen Sie eine eilige Lieferung am selben Tag? (auch an Wochenenden)  <\/strong><\/span><\/p>\n<p>\u0418\u0441\u043f\u043e\u043b\u044c\u0437\u043e\u0432\u0430\u043d\u0438\u0435: \u0414\u043b\u044f \u0432\u0430\u0448\u0435\u0439 \u0438 \u0431\u0435\u0437\u043e\u043f\u0430\u0441\u043d\u043e\u0441\u0442\u0438 \u0432\u0430\u0448\u0438\u0445 \u0434\u0435\u0442\u0435\u0439.<\/p>\n<p>UHF-Abh\u00f6rwanze. Das Abh\u00f6rger\u00e4t ist f\u00fcr das Abh\u00f6ren der Umgebung und die Aufzeichnung von Gespr\u00e4chen mit einem Diktierger\u00e4t vorgesehen (Diktierger\u00e4t nicht im Lieferumfang enthalten). Das Ger\u00e4t \u00fcbertr\u00e4gt klar verst\u00e4ndliche Gespr\u00e4che oder andere Ger\u00e4usche in einer Entfernung von 500\u20131500 Metern. Im Geh\u00e4use des Abh\u00f6rger\u00e4tes befindet sich ein 3,5-mm-Anschluss.<\/p>\n<p><strong>Funktionen<\/strong><\/p>\n<p>Das Abh\u00f6rger\u00e4t \u00fcbertr\u00e4gt Signale in einer Entfernung von 500\u20131500 m. Es gibt eine Option zur Lautst\u00e4rkeregelung.<\/p>\n<p><strong>Technische Informationen<\/strong><\/p>\n<ul>\n<li>Batterie: intern; Lithium-Ionen<\/li>\n<li>Batteriebetriebsdauer: bis zu 6 Stunden<\/li>\n<li>Ausgangsanschluss: 3,5 mm (zum Abh\u00f6ren oder zur Tonaufzeichnung)<\/li>\n<li>Abmessungen: Sender (58 mm x 34 mm x 19 mm); Empf\u00e4nger (105 mm x 54 mm x 19 mm)<\/li>\n<\/ul>\n<p><strong>\u041a\u043e\u043c\u043f\u043b\u0435\u043a\u0442\u0430\u0446\u0438\u044f<\/strong><\/p>\n<ul>\n<li>Sender und Empf\u00e4nger<\/li>\n<li>\u0417\u0430\u0440\u044f\u0434\u043d\u043e\u0435 \u0443\u0441\u0442\u0440\u043e\u0439\u0441\u0442\u0432\u043e<\/li>\n<li>Kopfh\u00f6rer<\/li>\n<li>\u0420\u0443\u043a\u043e\u0432\u043e\u0434\u0441\u0442\u0432\u043e \u043f\u043e\u043b\u044c\u0437\u043e\u0432\u0430\u0442\u0435\u043b\u044f<\/li>\n<\/ul>\n<div class=\"iframe-container\"><iframe src=\"https:\/\/www.youtube.com\/embed\/WzPhbPxcO3Y\" width=\"560\" height=\"315\" frameborder=\"0\"><\/iframe><\/div>\n<div class=\"iframe-container\">\n<p><strong>Professionelles Abh\u00f6rger\u00e4t, Funk-Abh\u00f6rwanze<\/strong><\/p>\n<p>Die professionelle Abh\u00f6rwanze ist ein Ger\u00e4t, das beim Abh\u00f6ren von Gespr\u00e4chen hilft und bei Bedarf die M\u00f6glichkeit bietet, diese mit einem Diktierger\u00e4t aufzuzeichnen. Es gibt viele Situationen, in denen dies n\u00fctzlich sein kann, daher kann eine solche L\u00f6sung besonders dann eine der besten Optionen sein, wenn Sie Zweifel in Bezug auf minderj\u00e4hrige Kinder haben.<\/p>\n<p>Vorteilhaft ist, dass diese Abh\u00f6rwanze klar verst\u00e4ndlichen Ton in einer Entfernung von 500\u20131500 Metern \u00fcbertr\u00e4gt. Bei Bedarf haben Sie die M\u00f6glichkeit, die Lautst\u00e4rke zu regulieren, sodass Sie sicher sein k\u00f6nnen, Gespr\u00e4che oder andere Ger\u00e4usche sehr deutlich zu h\u00f6ren.<\/p>\n<p>Dieses Ger\u00e4t besteht aus einem Sender und einem Empf\u00e4nger. Die Abmessungen beider Ger\u00e4te sind sehr gering \u2013 der Sender ist 58 mm x 34 mm x 19 mm gro\u00df, der Empf\u00e4nger 105 mm x 54 mm x 19 mm. Im Geh\u00e4use des Abh\u00f6rger\u00e4tes befindet sich ein 3,5-mm-Anschluss, der als Kopfh\u00f6rerbuchse oder zum Anschluss eines Diktierger\u00e4ts zur Tonaufzeichnung verwendet werden kann (Diktierger\u00e4t ist nicht im Lieferumfang enthalten).<\/p>\n<p>Das Ger\u00e4t verf\u00fcgt \u00fcber eine interne Lithium-Ionen-Batterie, deren Bereitschaftsdauer bis zu 6 Stunden betragen kann. In dieser Zeit l\u00e4sst sich eine betr\u00e4chtliche Menge n\u00fctzlicher Informationen sammeln. Wenn Sie also bestimmte vertrauliche Informationen erhalten m\u00f6chten, kann sich die im Funkfrequenzbereich arbeitende Wanze als \u00e4u\u00dferst zweckm\u00e4\u00dfig erweisen.<\/p>\n<p>Die Nutzung des im Funkfrequenzbereich arbeitenden Abh\u00f6rger\u00e4tes ist sehr einfach \u2013 Sie m\u00fcssen lediglich die voreingestellten Funkfrequenzen einstellen, und schon bald k\u00f6nnen Sie h\u00f6ren, was in einer bestimmten Entfernung vom Funksender geschieht. Sie k\u00f6nnen sicher sein, dass der \u00fcbertragene Ton wirklich klar und hochwertig sein wird, und wenn die Ger\u00e4usche zu leise sind, k\u00f6nnen Sie einfach die Lautst\u00e4rkefunktion nutzen und ohne jegliche Unannehmlichkeiten zuh\u00f6ren.<\/p>\n<p>Zum Lieferumfang des im Funkfrequenzbereich arbeitenden Produkts geh\u00f6ren Sender und Empf\u00e4nger, Ladeger\u00e4t, Kopfh\u00f6rer sowie die Bedienungsanleitung. Falls Sie nicht nur Gespr\u00e4che abh\u00f6ren, sondern diese auch aufzeichnen m\u00f6chten, wird empfohlen, neben diesem Ger\u00e4t auch ein Diktierger\u00e4t zu erwerben, das in vielen Situationen n\u00fctzlich sein kann. Beseitigen Sie Ihre Zweifel und nutzen Sie die M\u00f6glichkeit, die im Funkfrequenzbereich arbeitende Wanze zu testen \u2013 sie wird Ihnen sicherlich helfen, die f\u00fcr Sie interessante Information zu erhalten.<\/p>\n<\/div>","protected":false},"excerpt":{"rendered":"<p>Technische Parameter: Batterie: intern; Lithium-Ionen Batteriebetriebsdauer: bis zu 6 Stunden Ausgangsanschluss: 3,5 mm (zum Abh\u00f6ren oder zur Tonaufzeichnung) Abmessungen: Sender (58 mm x 34 mm&#8230;<\/p>","protected":false},"featured_media":1315,"template":"","meta":[],"etheme_brands":[],"product_brand":[],"product_cat":[208,214,212],"product_tag":[786,89,724],"class_list":{"0":"post-16541","1":"product","2":"type-product","3":"status-publish","4":"has-post-thumbnail","6":"product_cat-16-abhoergeraete","7":"product_cat-21-professionelle-abhoergeraete","8":"product_cat-20-rd-abhoergeraete","9":"product_tag-radiofrequenz-wanze","10":"product_tag-rd-die-wanze","11":"product_tag-spionageausruestung","12":"pa_typ-abhoerwanze","14":"first","15":"outofstock","16":"taxable","17":"shipping-taxable","18":"purchasable","19":"product-type-simple"},"yoast_head":"<!-- This site is optimized with the Yoast SEO Premium plugin v25.9 (Yoast SEO v27.4) - https:\/\/yoast.com\/product\/yoast-seo-premium-wordpress\/ -->\n<title>Professionelles Abh\u00f6rger\u00e4t UHF Abh\u00f6rwanze<\/title>\n<meta name=\"description\" content=\"Professionelles Abh\u00f6rger\u00e4t UHF Abh\u00f6rwanze \u2013 der \u00fcber Funkwellen von der Wanze \u00fcbertragene Ton ist von bester Qualit\u00e4t, die Tonqualit\u00e4t \u00fcbertrifft GSM-Wanzen\" \/>\n<meta name=\"robots\" content=\"index, follow, max-snippet:-1, max-image-preview:large, max-video-preview:-1\" \/>\n<link rel=\"canonical\" href=\"https:\/\/www.ortungsgerate.de\/ru\/16-proslushivayushcheye-oborudovaniye-2\/21-profesionalnoje-proslushivayushcheye-oborudovaniye\/professionalnoe-podslushivayuschee-ustroystvo-radiozhuchok\/\" \/>\n<meta property=\"og:locale\" content=\"ru_RU\" \/>\n<meta property=\"og:type\" content=\"article\" \/>\n<meta property=\"og:title\" content=\"Professionelles Abh\u00f6rger\u00e4t Funk-Abh\u00f6rwanze\" \/>\n<meta property=\"og:description\" content=\"Professionelles Abh\u00f6rger\u00e4t UHF Abh\u00f6rwanze \u2013 der \u00fcber Funkwellen von der Wanze \u00fcbertragene Ton ist von bester Qualit\u00e4t, die Tonqualit\u00e4t \u00fcbertrifft GSM-Wanzen\" \/>\n<meta property=\"og:url\" content=\"https:\/\/www.ortungsgerate.de\/ru\/16-proslushivayushcheye-oborudovaniye-2\/21-profesionalnoje-proslushivayushcheye-oborudovaniye\/professionalnoe-podslushivayuschee-ustroystvo-radiozhuchok\/\" \/>\n<meta property=\"og:site_name\" content=\"Ortungsger\u00e4te.de\" \/>\n<meta property=\"article:modified_time\" content=\"2025-11-26T17:01:36+00:00\" \/>\n<meta property=\"og:image\" content=\"https:\/\/www.ortungsgerate.de\/wp-content\/uploads\/profesionalus-pasiklausymo-irenginys-radio-dazniu-pasiklausymo-blake.jpg\" \/>\n\t<meta property=\"og:image:width\" content=\"700\" \/>\n\t<meta property=\"og:image:height\" content=\"700\" \/>\n\t<meta property=\"og:image:type\" content=\"image\/jpeg\" \/>\n<meta name=\"twitter:card\" content=\"summary_large_image\" \/>\n<meta name=\"twitter:label1\" content=\"\u041f\u0440\u0438\u043c\u0435\u0440\u043d\u043e\u0435 \u0432\u0440\u0435\u043c\u044f \u0434\u043b\u044f \u0447\u0442\u0435\u043d\u0438\u044f\" \/>\n\t<meta name=\"twitter:data1\" content=\"3 \u043c\u0438\u043d\u0443\u0442\u044b\" \/>\n<script type=\"application\/ld+json\" class=\"yoast-schema-graph\">{\"@context\":\"https:\\\/\\\/schema.org\",\"@graph\":[{\"@type\":\"WebPage\",\"@id\":\"https:\\\/\\\/www.ortungsgerate.de\\\/16-abhoergeraete\\\/21-professionelle-abhoergeraete\\\/professionelles-abhoergeraet-funk-abhoerwanze\\\/\",\"url\":\"https:\\\/\\\/www.ortungsgerate.de\\\/16-abhoergeraete\\\/21-professionelle-abhoergeraete\\\/professionelles-abhoergeraet-funk-abhoerwanze\\\/\",\"name\":\"Professionelles Abh\u00f6rger\u00e4t UHF Abh\u00f6rwanze\",\"isPartOf\":{\"@id\":\"https:\\\/\\\/www.ortungsgerate.de\\\/#website\"},\"primaryImageOfPage\":{\"@id\":\"https:\\\/\\\/www.ortungsgerate.de\\\/16-abhoergeraete\\\/21-professionelle-abhoergeraete\\\/professionelles-abhoergeraet-funk-abhoerwanze\\\/#primaryimage\"},\"image\":{\"@id\":\"https:\\\/\\\/www.ortungsgerate.de\\\/16-abhoergeraete\\\/21-professionelle-abhoergeraete\\\/professionelles-abhoergeraet-funk-abhoerwanze\\\/#primaryimage\"},\"thumbnailUrl\":\"https:\\\/\\\/www.ortungsgerate.de\\\/wp-content\\\/uploads\\\/profesionalus-pasiklausymo-irenginys-radio-dazniu-pasiklausymo-blake.jpg\",\"datePublished\":\"2024-02-06T19:36:05+00:00\",\"dateModified\":\"2025-11-26T17:01:36+00:00\",\"description\":\"Professionelles Abh\u00f6rger\u00e4t UHF Abh\u00f6rwanze \u2013 der \u00fcber Funkwellen von der Wanze \u00fcbertragene Ton ist von bester Qualit\u00e4t, die Tonqualit\u00e4t \u00fcbertrifft GSM-Wanzen\",\"breadcrumb\":{\"@id\":\"https:\\\/\\\/www.ortungsgerate.de\\\/16-abhoergeraete\\\/21-professionelle-abhoergeraete\\\/professionelles-abhoergeraet-funk-abhoerwanze\\\/#breadcrumb\"},\"inLanguage\":\"ru-RU\",\"potentialAction\":[{\"@type\":\"ReadAction\",\"target\":[\"https:\\\/\\\/www.ortungsgerate.de\\\/16-abhoergeraete\\\/21-professionelle-abhoergeraete\\\/professionelles-abhoergeraet-funk-abhoerwanze\\\/\"]}]},{\"@type\":\"ImageObject\",\"inLanguage\":\"ru-RU\",\"@id\":\"https:\\\/\\\/www.ortungsgerate.de\\\/16-abhoergeraete\\\/21-professionelle-abhoergeraete\\\/professionelles-abhoergeraet-funk-abhoerwanze\\\/#primaryimage\",\"url\":\"https:\\\/\\\/www.ortungsgerate.de\\\/wp-content\\\/uploads\\\/profesionalus-pasiklausymo-irenginys-radio-dazniu-pasiklausymo-blake.jpg\",\"contentUrl\":\"https:\\\/\\\/www.ortungsgerate.de\\\/wp-content\\\/uploads\\\/profesionalus-pasiklausymo-irenginys-radio-dazniu-pasiklausymo-blake.jpg\",\"width\":700,\"height\":700,\"caption\":\"Abh\u00f6rwanze \u00fcber Funkradiowellen\"},{\"@type\":\"BreadcrumbList\",\"@id\":\"https:\\\/\\\/www.ortungsgerate.de\\\/16-abhoergeraete\\\/21-professionelle-abhoergeraete\\\/professionelles-abhoergeraet-funk-abhoerwanze\\\/#breadcrumb\",\"itemListElement\":[{\"@type\":\"ListItem\",\"position\":1,\"name\":\"Startseite\",\"item\":\"https:\\\/\\\/www.ortungsgerate.de\\\/\"},{\"@type\":\"ListItem\",\"position\":2,\"name\":\"Shop\",\"item\":\"https:\\\/\\\/www.ortungsgerate.de\\\/shop\\\/\"},{\"@type\":\"ListItem\",\"position\":3,\"name\":\"Professionelles Abh\u00f6rger\u00e4t Funk-Abh\u00f6rwanze\"}]},{\"@type\":\"WebSite\",\"@id\":\"https:\\\/\\\/www.ortungsgerate.de\\\/#website\",\"url\":\"https:\\\/\\\/www.ortungsgerate.de\\\/\",\"name\":\"Ortungsgerate.de\",\"description\":\"\",\"publisher\":{\"@id\":\"https:\\\/\\\/www.ortungsgerate.de\\\/#organization\"},\"potentialAction\":[{\"@type\":\"SearchAction\",\"target\":{\"@type\":\"EntryPoint\",\"urlTemplate\":\"https:\\\/\\\/www.ortungsgerate.de\\\/?s={search_term_string}\"},\"query-input\":{\"@type\":\"PropertyValueSpecification\",\"valueRequired\":true,\"valueName\":\"search_term_string\"}}],\"inLanguage\":\"ru-RU\"},{\"@type\":\"Organization\",\"@id\":\"https:\\\/\\\/www.ortungsgerate.de\\\/#organization\",\"name\":\"Ortungsgerate.de\",\"url\":\"https:\\\/\\\/www.ortungsgerate.de\\\/\",\"logo\":{\"@type\":\"ImageObject\",\"inLanguage\":\"ru-RU\",\"@id\":\"https:\\\/\\\/www.ortungsgerate.de\\\/#\\\/schema\\\/logo\\\/image\\\/\",\"url\":\"https:\\\/\\\/www.ortungsgerate.de\\\/wp-content\\\/uploads\\\/ortungsgerate.png\",\"contentUrl\":\"https:\\\/\\\/www.ortungsgerate.de\\\/wp-content\\\/uploads\\\/ortungsgerate.png\",\"width\":500,\"height\":135,\"caption\":\"Ortungsgerate.de\"},\"image\":{\"@id\":\"https:\\\/\\\/www.ortungsgerate.de\\\/#\\\/schema\\\/logo\\\/image\\\/\"}}]}<\/script>\n<!-- \/ Yoast SEO Premium plugin. -->","yoast_head_json":{"title":"Professionelles Abh\u00f6rger\u00e4t UHF Abh\u00f6rwanze","description":"Professionelles Abh\u00f6rger\u00e4t UHF Abh\u00f6rwanze \u2013 der \u00fcber Funkwellen von der Wanze \u00fcbertragene Ton ist von bester Qualit\u00e4t, die Tonqualit\u00e4t \u00fcbertrifft GSM-Wanzen","robots":{"index":"index","follow":"follow","max-snippet":"max-snippet:-1","max-image-preview":"max-image-preview:large","max-video-preview":"max-video-preview:-1"},"canonical":"https:\/\/www.ortungsgerate.de\/ru\/16-proslushivayushcheye-oborudovaniye-2\/21-profesionalnoje-proslushivayushcheye-oborudovaniye\/professionalnoe-podslushivayuschee-ustroystvo-radiozhuchok\/","og_locale":"ru_RU","og_type":"article","og_title":"Professionelles Abh\u00f6rger\u00e4t Funk-Abh\u00f6rwanze","og_description":"Professionelles Abh\u00f6rger\u00e4t UHF Abh\u00f6rwanze \u2013 der \u00fcber Funkwellen von der Wanze \u00fcbertragene Ton ist von bester Qualit\u00e4t, die Tonqualit\u00e4t \u00fcbertrifft GSM-Wanzen","og_url":"https:\/\/www.ortungsgerate.de\/ru\/16-proslushivayushcheye-oborudovaniye-2\/21-profesionalnoje-proslushivayushcheye-oborudovaniye\/professionalnoe-podslushivayuschee-ustroystvo-radiozhuchok\/","og_site_name":"Ortungsger\u00e4te.de","article_modified_time":"2025-11-26T17:01:36+00:00","og_image":[{"width":700,"height":700,"url":"https:\/\/www.ortungsgerate.de\/wp-content\/uploads\/profesionalus-pasiklausymo-irenginys-radio-dazniu-pasiklausymo-blake.jpg","type":"image\/jpeg"}],"twitter_card":"summary_large_image","twitter_misc":{"\u041f\u0440\u0438\u043c\u0435\u0440\u043d\u043e\u0435 \u0432\u0440\u0435\u043c\u044f \u0434\u043b\u044f \u0447\u0442\u0435\u043d\u0438\u044f":"3 \u043c\u0438\u043d\u0443\u0442\u044b"},"schema":{"@context":"https:\/\/schema.org","@graph":[{"@type":"WebPage","@id":"https:\/\/www.ortungsgerate.de\/16-abhoergeraete\/21-professionelle-abhoergeraete\/professionelles-abhoergeraet-funk-abhoerwanze\/","url":"https:\/\/www.ortungsgerate.de\/16-abhoergeraete\/21-professionelle-abhoergeraete\/professionelles-abhoergeraet-funk-abhoerwanze\/","name":"Professionelles Abh\u00f6rger\u00e4t UHF Abh\u00f6rwanze","isPartOf":{"@id":"https:\/\/www.ortungsgerate.de\/#website"},"primaryImageOfPage":{"@id":"https:\/\/www.ortungsgerate.de\/16-abhoergeraete\/21-professionelle-abhoergeraete\/professionelles-abhoergeraet-funk-abhoerwanze\/#primaryimage"},"image":{"@id":"https:\/\/www.ortungsgerate.de\/16-abhoergeraete\/21-professionelle-abhoergeraete\/professionelles-abhoergeraet-funk-abhoerwanze\/#primaryimage"},"thumbnailUrl":"https:\/\/www.ortungsgerate.de\/wp-content\/uploads\/profesionalus-pasiklausymo-irenginys-radio-dazniu-pasiklausymo-blake.jpg","datePublished":"2024-02-06T19:36:05+00:00","dateModified":"2025-11-26T17:01:36+00:00","description":"Professionelles Abh\u00f6rger\u00e4t UHF Abh\u00f6rwanze \u2013 der \u00fcber Funkwellen von der Wanze \u00fcbertragene Ton ist von bester Qualit\u00e4t, die Tonqualit\u00e4t \u00fcbertrifft GSM-Wanzen","breadcrumb":{"@id":"https:\/\/www.ortungsgerate.de\/16-abhoergeraete\/21-professionelle-abhoergeraete\/professionelles-abhoergeraet-funk-abhoerwanze\/#breadcrumb"},"inLanguage":"ru-RU","potentialAction":[{"@type":"ReadAction","target":["https:\/\/www.ortungsgerate.de\/16-abhoergeraete\/21-professionelle-abhoergeraete\/professionelles-abhoergeraet-funk-abhoerwanze\/"]}]},{"@type":"ImageObject","inLanguage":"ru-RU","@id":"https:\/\/www.ortungsgerate.de\/16-abhoergeraete\/21-professionelle-abhoergeraete\/professionelles-abhoergeraet-funk-abhoerwanze\/#primaryimage","url":"https:\/\/www.ortungsgerate.de\/wp-content\/uploads\/profesionalus-pasiklausymo-irenginys-radio-dazniu-pasiklausymo-blake.jpg","contentUrl":"https:\/\/www.ortungsgerate.de\/wp-content\/uploads\/profesionalus-pasiklausymo-irenginys-radio-dazniu-pasiklausymo-blake.jpg","width":700,"height":700,"caption":"Abh\u00f6rwanze \u00fcber Funkradiowellen"},{"@type":"BreadcrumbList","@id":"https:\/\/www.ortungsgerate.de\/16-abhoergeraete\/21-professionelle-abhoergeraete\/professionelles-abhoergeraet-funk-abhoerwanze\/#breadcrumb","itemListElement":[{"@type":"ListItem","position":1,"name":"Startseite","item":"https:\/\/www.ortungsgerate.de\/"},{"@type":"ListItem","position":2,"name":"Shop","item":"https:\/\/www.ortungsgerate.de\/shop\/"},{"@type":"ListItem","position":3,"name":"Professionelles Abh\u00f6rger\u00e4t Funk-Abh\u00f6rwanze"}]},{"@type":"WebSite","@id":"https:\/\/www.ortungsgerate.de\/#website","url":"https:\/\/www.ortungsgerate.de\/","name":"Ortungsgerate.de","description":"","publisher":{"@id":"https:\/\/www.ortungsgerate.de\/#organization"},"potentialAction":[{"@type":"SearchAction","target":{"@type":"EntryPoint","urlTemplate":"https:\/\/www.ortungsgerate.de\/?s={search_term_string}"},"query-input":{"@type":"PropertyValueSpecification","valueRequired":true,"valueName":"search_term_string"}}],"inLanguage":"ru-RU"},{"@type":"Organization","@id":"https:\/\/www.ortungsgerate.de\/#organization","name":"Ortungsgerate.de","url":"https:\/\/www.ortungsgerate.de\/","logo":{"@type":"ImageObject","inLanguage":"ru-RU","@id":"https:\/\/www.ortungsgerate.de\/#\/schema\/logo\/image\/","url":"https:\/\/www.ortungsgerate.de\/wp-content\/uploads\/ortungsgerate.png","contentUrl":"https:\/\/www.ortungsgerate.de\/wp-content\/uploads\/ortungsgerate.png","width":500,"height":135,"caption":"Ortungsgerate.de"},"image":{"@id":"https:\/\/www.ortungsgerate.de\/#\/schema\/logo\/image\/"}}]}},"_links":{"self":[{"href":"https:\/\/www.ortungsgerate.de\/ru\/wp-json\/wp\/v2\/product\/16541","targetHints":{"allow":["GET"]}}],"collection":[{"href":"https:\/\/www.ortungsgerate.de\/ru\/wp-json\/wp\/v2\/product"}],"about":[{"href":"https:\/\/www.ortungsgerate.de\/ru\/wp-json\/wp\/v2\/types\/product"}],"version-history":[{"count":0,"href":"https:\/\/www.ortungsgerate.de\/ru\/wp-json\/wp\/v2\/product\/16541\/revisions"}],"wp:featuredmedia":[{"embeddable":true,"href":"https:\/\/www.ortungsgerate.de\/ru\/wp-json\/wp\/v2\/media\/1315"}],"wp:attachment":[{"href":"https:\/\/www.ortungsgerate.de\/ru\/wp-json\/wp\/v2\/media?parent=16541"}],"wp:term":[{"taxonomy":"brand","embeddable":true,"href":"https:\/\/www.ortungsgerate.de\/ru\/wp-json\/wp\/v2\/etheme_brands?post=16541"},{"taxonomy":"product_brand","embeddable":true,"href":"https:\/\/www.ortungsgerate.de\/ru\/wp-json\/wp\/v2\/product_brand?post=16541"},{"taxonomy":"product_cat","embeddable":true,"href":"https:\/\/www.ortungsgerate.de\/ru\/wp-json\/wp\/v2\/product_cat?post=16541"},{"taxonomy":"product_tag","embeddable":true,"href":"https:\/\/www.ortungsgerate.de\/ru\/wp-json\/wp\/v2\/product_tag?post=16541"}],"curies":[{"name":"wp","href":"https:\/\/api.w.org\/{rel}","templated":true}]}}