{"id":16542,"date":"2024-02-06T21:36:05","date_gmt":"2024-02-06T19:36:05","guid":{"rendered":"https:\/\/ortungsgerate.de\/be-kategorijos\/usb-laide-paslepta-gsm-blake-imontuota-i-laida\/"},"modified":"2025-12-01T11:26:01","modified_gmt":"2025-12-01T10:26:01","slug":"im-usb%e2%80%91kabel-versteckter-gsm%e2%80%91sender-im-kabel-integriert","status":"publish","type":"product","link":"https:\/\/www.ortungsgerate.de\/ru\/16-proslushivayushcheye-oborudovaniye-2\/22-gsm-podslushivayushcheye-ustroystvo-zhuchki-2\/im-usb%e2%80%91kabel-versteckter-gsm%e2%80%91sender-im-kabel-integriert\/","title":{"rendered":"\u0412 USB-\u043a\u0430\u0431\u0435\u043b\u0435 \u0441\u043a\u0440\u044b\u0442\u044b\u0439 GSM-\u043f\u0435\u0440\u0435\u0434\u0430\u0442\u0447\u0438\u043a \u201e\u0432\u0441\u0442\u0440\u043e\u0435\u043d \u0432 \u043a\u0430\u0431\u0435\u043b\u044c\u201c"},"content":{"rendered":"<h3><strong>\u0422\u0435\u0445\u043d\u0438\u0447\u0435\u0441\u043a\u0438\u0435 \u043f\u0430\u0440\u0430\u043c\u0435\u0442\u0440\u044b:<\/strong><\/h3>\n<ul>\n<li>GSM-Frequenzen: GSM\/ GPRS 850\/ 900\/ 1800\/ 1900Mhz<\/li>\n<li>Mikrofonempfindlichkeit: ab 35 dB (leises Gespr\u00e4ch)<\/li>\n<li>Mikrofonreichweite: 8 m2 bzw. (2-3 m)<\/li>\n<li>Akku: nicht vorhanden<\/li>\n<li>\u0417\u0430\u0440\u044f\u0434\u043a\u0430: USB-\u0440\u0430\u0437\u044a\u0435\u043c<\/li>\n<li>SIM-Karte: microSIM<\/li>\n<li>Gewicht: 40 g<\/li>\n<li>Kabell\u00e4nge: 1 Meter<\/li>\n<li>Lieferumfang: GSM-Abh\u00f6rger\u00e4t + Box<\/li>\n<li><strong>\u0413\u0410\u0420\u0410\u041d\u0422\u0418\u042f 12 \u043c\u0435\u0441\u044f\u0446\u0435\u0432<\/strong><\/li>\n<\/ul>\n<p><span style=\"color: #d0121a;\"><strong>Wenn Sie eine Lieferung am selben Tag ben\u00f6tigen   <\/strong><\/span><\/p>\n<p>\u0418\u0441\u043f\u043e\u043b\u044c\u0437\u043e\u0432\u0430\u043d\u0438\u0435: \u0414\u043b\u044f \u0432\u0430\u0448\u0435\u0439 \u0441\u043e\u0431\u0441\u0442\u0432\u0435\u043d\u043d\u043e\u0439 \u0431\u0435\u0437\u043e\u043f\u0430\u0441\u043d\u043e\u0441\u0442\u0438 \u0438 \u0431\u0435\u0437\u043e\u043f\u0430\u0441\u043d\u043e\u0441\u0442\u0438 \u0432\u0430\u0448\u0438\u0445 \u0434\u0435\u0442\u0435\u0439.<\/p>\n<p>Das GSM-Modul ist in das USB-Kabel integriert. Das USB-Kabel ist voll funktionsf\u00e4hig, damit k\u00f6nnen Sie Ihr Mobiltelefon aufladen. Dies ist wahrscheinlich eines der besten Abh\u00f6rger\u00e4te in einem USB-Kabel. Dieses Abh\u00f6rger\u00e4t funktioniert nur, wenn es an eine Stromquelle (Computer) angeschlossen ist; wenn das Kabel aus dem USB-Port gezogen wird, schaltet sich das Ger\u00e4t aus. Der Ton ist in einer Entfernung von zwei bis drei Metern sehr gut h\u00f6rbar. Es sind alle SIM-Karten geeignet. Nachdem Sie das Kabel in den USB-Anschluss gesteckt haben, schaltet sich das Ger\u00e4t nach etwa 10 Sekunden ein. Diese Abh\u00f6reinrichtung eignet sich ideal f\u00fcr den Einsatz im B\u00fcro, zu Hause oder im Auto.<\/p>\n<div class=\"iframe-container\"><iframe src=\"https:\/\/www.youtube.com\/embed\/8wLoYBPU4rI\" width=\"560\" height=\"315\" frameborder=\"0\"><\/iframe><\/div>\n<div class=\"iframe-container\">\n<p><strong>Im USB-Kabel versteckte GSM-Wanze \u201eim Kabel integriert\u201c<\/strong><\/p>\n<p>Die Nutzung dieses verdeckten Abh\u00f6rger\u00e4ts ist sehr einfach \u2013 Sie m\u00fcssen lediglich eine SIM-Karte in das Ger\u00e4t einsetzen und das Ger\u00e4t in einen USB-Anschluss stecken (das Ger\u00e4t startet nach etwa 10 Sekunden). Die L\u00e4nge dieses Kabels betr\u00e4gt 1 Meter, die Reichweite drei Meter. Vorteilhaft ist, dass dieses verdeckte Abh\u00f6rger\u00e4t den Ton wirklich sehr hochwertig aufzeichnet, sodass Sie sicher sein k\u00f6nnen, dass die Audioaufnahmen klar verst\u00e4ndlich sind. Anders als viele andere Abh\u00f6rger\u00e4te verf\u00fcgt diese getarnte Wanze \u00fcber keinen Akku \u2013 die Stromversorgung erfolgt \u00fcber den Computer, an den die Wanze per USB angeschlossen wird.<\/p>\n<p>Die im USB-Kabel getarnte GSM-Wanze ist ausreichend empfindlich, um auch leise Gespr\u00e4che zu erfassen, sodass Sie keine Sorge haben m\u00fcssen, dass zu leise Gespr\u00e4che unaufgezeichnet bleiben (Empfindlichkeit des Wanzenmikrofons \u2013 ab 35 Dezibel). Beim Abh\u00f6ren der aufgezeichneten Ger\u00e4usche k\u00f6nnen Sie mit Sicherheit die wichtigsten Informationen erhalten, f\u00fcr die Sie sich zum Kauf eines solchen Ger\u00e4ts entschieden haben.<\/p>\n<\/div>","protected":false},"excerpt":{"rendered":"<p>Technische Parameter: GSM-Frequenzen: GSM\/ GPRS 850\/ 900\/ 1800\/ 1900Mhz Mikrofonempfindlichkeit: ab 35 dB (leises Gespr\u00e4ch) Mikrofonreichweite: 8 m2 bzw. (2-3 m) Akku: nicht vorhanden Laden:&#8230;<\/p>","protected":false},"featured_media":1277,"template":"","meta":[],"etheme_brands":[],"product_brand":[],"product_cat":[208,211],"product_tag":[79,795,796],"class_list":{"0":"post-16542","1":"product","2":"type-product","3":"status-publish","4":"has-post-thumbnail","6":"product_cat-16-abhoergeraete","7":"product_cat-22-gsm-abhoergeraete-wanzen","8":"product_tag-gsm-wanze","9":"product_tag-usb-wanze","10":"product_tag-usb-kabel-wanze","11":"pa_typ-abhoerwanze","13":"first","14":"outofstock","15":"taxable","16":"shipping-taxable","17":"purchasable","18":"product-type-simple"},"yoast_head":"<!-- This site is optimized with the Yoast SEO Premium plugin v25.9 (Yoast SEO v27.4) - https:\/\/yoast.com\/product\/yoast-seo-premium-wordpress\/ -->\n<title>Abh\u00f6rwanze in USB-Kabel integriert, hervorragender Klang 2\u20133 m<\/title>\n<meta name=\"description\" content=\"Versteckter Abh\u00f6rsender in einem USB-Ladekabel integriert. Ruft bei Ger\u00e4uschen und L\u00e4rm automatisch zur\u00fcck. Das Kabel unterscheidet sich \u00e4u\u00dferlich nicht von einem normalen Ladekabel. Funktioniert \u00fcber USB\" \/>\n<meta name=\"robots\" content=\"index, follow, max-snippet:-1, max-image-preview:large, max-video-preview:-1\" \/>\n<link rel=\"canonical\" href=\"https:\/\/www.ortungsgerate.de\/ru\/16-proslushivayushcheye-oborudovaniye-2\/22-gsm-podslushivayushcheye-ustroystvo-zhuchki-2\/im-usb\u2011kabel-versteckter-gsm\u2011sender-im-kabel-integriert\/\" \/>\n<meta property=\"og:locale\" content=\"ru_RU\" \/>\n<meta property=\"og:type\" content=\"article\" \/>\n<meta property=\"og:title\" content=\"Im USB\u2011Kabel versteckter GSM\u2011Sender \u201eim Kabel integriert\u201c\" \/>\n<meta property=\"og:description\" content=\"Versteckter Abh\u00f6rsender in einem USB-Ladekabel integriert. Ruft bei Ger\u00e4uschen und L\u00e4rm automatisch zur\u00fcck. Das Kabel unterscheidet sich \u00e4u\u00dferlich nicht von einem normalen Ladekabel. Funktioniert \u00fcber USB\" \/>\n<meta property=\"og:url\" content=\"https:\/\/www.ortungsgerate.de\/ru\/16-proslushivayushcheye-oborudovaniye-2\/22-gsm-podslushivayushcheye-ustroystvo-zhuchki-2\/im-usb\u2011kabel-versteckter-gsm\u2011sender-im-kabel-integriert\/\" \/>\n<meta property=\"og:site_name\" content=\"Ortungsger\u00e4te.de\" \/>\n<meta property=\"article:modified_time\" content=\"2025-12-01T10:26:01+00:00\" \/>\n<meta property=\"og:image\" content=\"https:\/\/www.ortungsgerate.de\/wp-content\/uploads\/usb-gsm-blake-imontuota-i-laida-pasiklausymo-iranga.jpg\" \/>\n\t<meta property=\"og:image:width\" content=\"458\" \/>\n\t<meta property=\"og:image:height\" content=\"416\" \/>\n\t<meta property=\"og:image:type\" content=\"image\/jpeg\" \/>\n<meta name=\"twitter:card\" content=\"summary_large_image\" \/>\n<meta name=\"twitter:label1\" content=\"\u041f\u0440\u0438\u043c\u0435\u0440\u043d\u043e\u0435 \u0432\u0440\u0435\u043c\u044f \u0434\u043b\u044f \u0447\u0442\u0435\u043d\u0438\u044f\" \/>\n\t<meta name=\"twitter:data1\" content=\"2 \u043c\u0438\u043d\u0443\u0442\u044b\" \/>\n<script type=\"application\/ld+json\" class=\"yoast-schema-graph\">{\"@context\":\"https:\\\/\\\/schema.org\",\"@graph\":[{\"@type\":\"WebPage\",\"@id\":\"https:\\\/\\\/www.ortungsgerate.de\\\/16-abhoergeraete\\\/22-gsm-abhoergeraete-wanzen\\\/im-usb%e2%80%91kabel-versteckter-gsm%e2%80%91sender-im-kabel-integriert\\\/\",\"url\":\"https:\\\/\\\/www.ortungsgerate.de\\\/16-abhoergeraete\\\/22-gsm-abhoergeraete-wanzen\\\/im-usb%e2%80%91kabel-versteckter-gsm%e2%80%91sender-im-kabel-integriert\\\/\",\"name\":\"Abh\u00f6rwanze in USB-Kabel integriert, hervorragender Klang 2\u20133 m\",\"isPartOf\":{\"@id\":\"https:\\\/\\\/www.ortungsgerate.de\\\/#website\"},\"primaryImageOfPage\":{\"@id\":\"https:\\\/\\\/www.ortungsgerate.de\\\/16-abhoergeraete\\\/22-gsm-abhoergeraete-wanzen\\\/im-usb%e2%80%91kabel-versteckter-gsm%e2%80%91sender-im-kabel-integriert\\\/#primaryimage\"},\"image\":{\"@id\":\"https:\\\/\\\/www.ortungsgerate.de\\\/16-abhoergeraete\\\/22-gsm-abhoergeraete-wanzen\\\/im-usb%e2%80%91kabel-versteckter-gsm%e2%80%91sender-im-kabel-integriert\\\/#primaryimage\"},\"thumbnailUrl\":\"https:\\\/\\\/www.ortungsgerate.de\\\/wp-content\\\/uploads\\\/usb-gsm-blake-imontuota-i-laida-pasiklausymo-iranga.jpg\",\"datePublished\":\"2024-02-06T19:36:05+00:00\",\"dateModified\":\"2025-12-01T10:26:01+00:00\",\"description\":\"Versteckter Abh\u00f6rsender in einem USB-Ladekabel integriert. Ruft bei Ger\u00e4uschen und L\u00e4rm automatisch zur\u00fcck. Das Kabel unterscheidet sich \u00e4u\u00dferlich nicht von einem normalen Ladekabel. Funktioniert \u00fcber USB\",\"breadcrumb\":{\"@id\":\"https:\\\/\\\/www.ortungsgerate.de\\\/16-abhoergeraete\\\/22-gsm-abhoergeraete-wanzen\\\/im-usb%e2%80%91kabel-versteckter-gsm%e2%80%91sender-im-kabel-integriert\\\/#breadcrumb\"},\"inLanguage\":\"ru-RU\",\"potentialAction\":[{\"@type\":\"ReadAction\",\"target\":[\"https:\\\/\\\/www.ortungsgerate.de\\\/16-abhoergeraete\\\/22-gsm-abhoergeraete-wanzen\\\/im-usb%e2%80%91kabel-versteckter-gsm%e2%80%91sender-im-kabel-integriert\\\/\"]}]},{\"@type\":\"ImageObject\",\"inLanguage\":\"ru-RU\",\"@id\":\"https:\\\/\\\/www.ortungsgerate.de\\\/16-abhoergeraete\\\/22-gsm-abhoergeraete-wanzen\\\/im-usb%e2%80%91kabel-versteckter-gsm%e2%80%91sender-im-kabel-integriert\\\/#primaryimage\",\"url\":\"https:\\\/\\\/www.ortungsgerate.de\\\/wp-content\\\/uploads\\\/usb-gsm-blake-imontuota-i-laida-pasiklausymo-iranga.jpg\",\"contentUrl\":\"https:\\\/\\\/www.ortungsgerate.de\\\/wp-content\\\/uploads\\\/usb-gsm-blake-imontuota-i-laida-pasiklausymo-iranga.jpg\",\"width\":458,\"height\":416,\"caption\":\"Im USB-Kabel eingebaute GSM-Wanze\"},{\"@type\":\"BreadcrumbList\",\"@id\":\"https:\\\/\\\/www.ortungsgerate.de\\\/16-abhoergeraete\\\/22-gsm-abhoergeraete-wanzen\\\/im-usb%e2%80%91kabel-versteckter-gsm%e2%80%91sender-im-kabel-integriert\\\/#breadcrumb\",\"itemListElement\":[{\"@type\":\"ListItem\",\"position\":1,\"name\":\"Startseite\",\"item\":\"https:\\\/\\\/www.ortungsgerate.de\\\/\"},{\"@type\":\"ListItem\",\"position\":2,\"name\":\"Shop\",\"item\":\"https:\\\/\\\/www.ortungsgerate.de\\\/shop\\\/\"},{\"@type\":\"ListItem\",\"position\":3,\"name\":\"Im USB\u2011Kabel versteckter GSM\u2011Sender \u201eim Kabel integriert\u201c\"}]},{\"@type\":\"WebSite\",\"@id\":\"https:\\\/\\\/www.ortungsgerate.de\\\/#website\",\"url\":\"https:\\\/\\\/www.ortungsgerate.de\\\/\",\"name\":\"Ortungsgerate.de\",\"description\":\"\",\"publisher\":{\"@id\":\"https:\\\/\\\/www.ortungsgerate.de\\\/#organization\"},\"potentialAction\":[{\"@type\":\"SearchAction\",\"target\":{\"@type\":\"EntryPoint\",\"urlTemplate\":\"https:\\\/\\\/www.ortungsgerate.de\\\/?s={search_term_string}\"},\"query-input\":{\"@type\":\"PropertyValueSpecification\",\"valueRequired\":true,\"valueName\":\"search_term_string\"}}],\"inLanguage\":\"ru-RU\"},{\"@type\":\"Organization\",\"@id\":\"https:\\\/\\\/www.ortungsgerate.de\\\/#organization\",\"name\":\"Ortungsgerate.de\",\"url\":\"https:\\\/\\\/www.ortungsgerate.de\\\/\",\"logo\":{\"@type\":\"ImageObject\",\"inLanguage\":\"ru-RU\",\"@id\":\"https:\\\/\\\/www.ortungsgerate.de\\\/#\\\/schema\\\/logo\\\/image\\\/\",\"url\":\"https:\\\/\\\/www.ortungsgerate.de\\\/wp-content\\\/uploads\\\/ortungsgerate.png\",\"contentUrl\":\"https:\\\/\\\/www.ortungsgerate.de\\\/wp-content\\\/uploads\\\/ortungsgerate.png\",\"width\":500,\"height\":135,\"caption\":\"Ortungsgerate.de\"},\"image\":{\"@id\":\"https:\\\/\\\/www.ortungsgerate.de\\\/#\\\/schema\\\/logo\\\/image\\\/\"}}]}<\/script>\n<!-- \/ Yoast SEO Premium plugin. -->","yoast_head_json":{"title":"Abh\u00f6rwanze in USB-Kabel integriert, hervorragender Klang 2\u20133 m","description":"Versteckter Abh\u00f6rsender in einem USB-Ladekabel integriert. Ruft bei Ger\u00e4uschen und L\u00e4rm automatisch zur\u00fcck. Das Kabel unterscheidet sich \u00e4u\u00dferlich nicht von einem normalen Ladekabel. Funktioniert \u00fcber USB","robots":{"index":"index","follow":"follow","max-snippet":"max-snippet:-1","max-image-preview":"max-image-preview:large","max-video-preview":"max-video-preview:-1"},"canonical":"https:\/\/www.ortungsgerate.de\/ru\/16-proslushivayushcheye-oborudovaniye-2\/22-gsm-podslushivayushcheye-ustroystvo-zhuchki-2\/im-usb\u2011kabel-versteckter-gsm\u2011sender-im-kabel-integriert\/","og_locale":"ru_RU","og_type":"article","og_title":"Im USB\u2011Kabel versteckter GSM\u2011Sender \u201eim Kabel integriert\u201c","og_description":"Versteckter Abh\u00f6rsender in einem USB-Ladekabel integriert. Ruft bei Ger\u00e4uschen und L\u00e4rm automatisch zur\u00fcck. Das Kabel unterscheidet sich \u00e4u\u00dferlich nicht von einem normalen Ladekabel. Funktioniert \u00fcber USB","og_url":"https:\/\/www.ortungsgerate.de\/ru\/16-proslushivayushcheye-oborudovaniye-2\/22-gsm-podslushivayushcheye-ustroystvo-zhuchki-2\/im-usb\u2011kabel-versteckter-gsm\u2011sender-im-kabel-integriert\/","og_site_name":"Ortungsger\u00e4te.de","article_modified_time":"2025-12-01T10:26:01+00:00","og_image":[{"width":458,"height":416,"url":"https:\/\/www.ortungsgerate.de\/wp-content\/uploads\/usb-gsm-blake-imontuota-i-laida-pasiklausymo-iranga.jpg","type":"image\/jpeg"}],"twitter_card":"summary_large_image","twitter_misc":{"\u041f\u0440\u0438\u043c\u0435\u0440\u043d\u043e\u0435 \u0432\u0440\u0435\u043c\u044f \u0434\u043b\u044f \u0447\u0442\u0435\u043d\u0438\u044f":"2 \u043c\u0438\u043d\u0443\u0442\u044b"},"schema":{"@context":"https:\/\/schema.org","@graph":[{"@type":"WebPage","@id":"https:\/\/www.ortungsgerate.de\/16-abhoergeraete\/22-gsm-abhoergeraete-wanzen\/im-usb%e2%80%91kabel-versteckter-gsm%e2%80%91sender-im-kabel-integriert\/","url":"https:\/\/www.ortungsgerate.de\/16-abhoergeraete\/22-gsm-abhoergeraete-wanzen\/im-usb%e2%80%91kabel-versteckter-gsm%e2%80%91sender-im-kabel-integriert\/","name":"Abh\u00f6rwanze in USB-Kabel integriert, hervorragender Klang 2\u20133 m","isPartOf":{"@id":"https:\/\/www.ortungsgerate.de\/#website"},"primaryImageOfPage":{"@id":"https:\/\/www.ortungsgerate.de\/16-abhoergeraete\/22-gsm-abhoergeraete-wanzen\/im-usb%e2%80%91kabel-versteckter-gsm%e2%80%91sender-im-kabel-integriert\/#primaryimage"},"image":{"@id":"https:\/\/www.ortungsgerate.de\/16-abhoergeraete\/22-gsm-abhoergeraete-wanzen\/im-usb%e2%80%91kabel-versteckter-gsm%e2%80%91sender-im-kabel-integriert\/#primaryimage"},"thumbnailUrl":"https:\/\/www.ortungsgerate.de\/wp-content\/uploads\/usb-gsm-blake-imontuota-i-laida-pasiklausymo-iranga.jpg","datePublished":"2024-02-06T19:36:05+00:00","dateModified":"2025-12-01T10:26:01+00:00","description":"Versteckter Abh\u00f6rsender in einem USB-Ladekabel integriert. Ruft bei Ger\u00e4uschen und L\u00e4rm automatisch zur\u00fcck. Das Kabel unterscheidet sich \u00e4u\u00dferlich nicht von einem normalen Ladekabel. Funktioniert \u00fcber USB","breadcrumb":{"@id":"https:\/\/www.ortungsgerate.de\/16-abhoergeraete\/22-gsm-abhoergeraete-wanzen\/im-usb%e2%80%91kabel-versteckter-gsm%e2%80%91sender-im-kabel-integriert\/#breadcrumb"},"inLanguage":"ru-RU","potentialAction":[{"@type":"ReadAction","target":["https:\/\/www.ortungsgerate.de\/16-abhoergeraete\/22-gsm-abhoergeraete-wanzen\/im-usb%e2%80%91kabel-versteckter-gsm%e2%80%91sender-im-kabel-integriert\/"]}]},{"@type":"ImageObject","inLanguage":"ru-RU","@id":"https:\/\/www.ortungsgerate.de\/16-abhoergeraete\/22-gsm-abhoergeraete-wanzen\/im-usb%e2%80%91kabel-versteckter-gsm%e2%80%91sender-im-kabel-integriert\/#primaryimage","url":"https:\/\/www.ortungsgerate.de\/wp-content\/uploads\/usb-gsm-blake-imontuota-i-laida-pasiklausymo-iranga.jpg","contentUrl":"https:\/\/www.ortungsgerate.de\/wp-content\/uploads\/usb-gsm-blake-imontuota-i-laida-pasiklausymo-iranga.jpg","width":458,"height":416,"caption":"Im USB-Kabel eingebaute GSM-Wanze"},{"@type":"BreadcrumbList","@id":"https:\/\/www.ortungsgerate.de\/16-abhoergeraete\/22-gsm-abhoergeraete-wanzen\/im-usb%e2%80%91kabel-versteckter-gsm%e2%80%91sender-im-kabel-integriert\/#breadcrumb","itemListElement":[{"@type":"ListItem","position":1,"name":"Startseite","item":"https:\/\/www.ortungsgerate.de\/"},{"@type":"ListItem","position":2,"name":"Shop","item":"https:\/\/www.ortungsgerate.de\/shop\/"},{"@type":"ListItem","position":3,"name":"Im USB\u2011Kabel versteckter GSM\u2011Sender \u201eim Kabel integriert\u201c"}]},{"@type":"WebSite","@id":"https:\/\/www.ortungsgerate.de\/#website","url":"https:\/\/www.ortungsgerate.de\/","name":"Ortungsgerate.de","description":"","publisher":{"@id":"https:\/\/www.ortungsgerate.de\/#organization"},"potentialAction":[{"@type":"SearchAction","target":{"@type":"EntryPoint","urlTemplate":"https:\/\/www.ortungsgerate.de\/?s={search_term_string}"},"query-input":{"@type":"PropertyValueSpecification","valueRequired":true,"valueName":"search_term_string"}}],"inLanguage":"ru-RU"},{"@type":"Organization","@id":"https:\/\/www.ortungsgerate.de\/#organization","name":"Ortungsgerate.de","url":"https:\/\/www.ortungsgerate.de\/","logo":{"@type":"ImageObject","inLanguage":"ru-RU","@id":"https:\/\/www.ortungsgerate.de\/#\/schema\/logo\/image\/","url":"https:\/\/www.ortungsgerate.de\/wp-content\/uploads\/ortungsgerate.png","contentUrl":"https:\/\/www.ortungsgerate.de\/wp-content\/uploads\/ortungsgerate.png","width":500,"height":135,"caption":"Ortungsgerate.de"},"image":{"@id":"https:\/\/www.ortungsgerate.de\/#\/schema\/logo\/image\/"}}]}},"_links":{"self":[{"href":"https:\/\/www.ortungsgerate.de\/ru\/wp-json\/wp\/v2\/product\/16542","targetHints":{"allow":["GET"]}}],"collection":[{"href":"https:\/\/www.ortungsgerate.de\/ru\/wp-json\/wp\/v2\/product"}],"about":[{"href":"https:\/\/www.ortungsgerate.de\/ru\/wp-json\/wp\/v2\/types\/product"}],"version-history":[{"count":0,"href":"https:\/\/www.ortungsgerate.de\/ru\/wp-json\/wp\/v2\/product\/16542\/revisions"}],"wp:featuredmedia":[{"embeddable":true,"href":"https:\/\/www.ortungsgerate.de\/ru\/wp-json\/wp\/v2\/media\/1277"}],"wp:attachment":[{"href":"https:\/\/www.ortungsgerate.de\/ru\/wp-json\/wp\/v2\/media?parent=16542"}],"wp:term":[{"taxonomy":"brand","embeddable":true,"href":"https:\/\/www.ortungsgerate.de\/ru\/wp-json\/wp\/v2\/etheme_brands?post=16542"},{"taxonomy":"product_brand","embeddable":true,"href":"https:\/\/www.ortungsgerate.de\/ru\/wp-json\/wp\/v2\/product_brand?post=16542"},{"taxonomy":"product_cat","embeddable":true,"href":"https:\/\/www.ortungsgerate.de\/ru\/wp-json\/wp\/v2\/product_cat?post=16542"},{"taxonomy":"product_tag","embeddable":true,"href":"https:\/\/www.ortungsgerate.de\/ru\/wp-json\/wp\/v2\/product_tag?post=16542"}],"curies":[{"name":"wp","href":"https:\/\/api.w.org\/{rel}","templated":true}]}}