{"id":16543,"date":"2024-02-06T21:36:05","date_gmt":"2024-02-06T19:36:05","guid":{"rendered":"https:\/\/ortungsgerate.de\/be-kategorijos\/pasiklausymo-blake-radio-dazniu-veikimo-nuotolis-apie-50m\/"},"modified":"2025-11-26T19:01:36","modified_gmt":"2025-11-26T17:01:36","slug":"podslushivayuschee-ustroystvo-s-radiochastotoy-dalnost-okolo-50-m","status":"publish","type":"product","link":"https:\/\/www.ortungsgerate.de\/ru\/16-proslushivayushcheye-oborudovaniye-2\/20-rd-proslushivayushcheye-oborudovaniye\/podslushivayuschee-ustroystvo-s-radiochastotoy-dalnost-okolo-50-m\/","title":{"rendered":"\u041f\u043e\u0434\u0441\u043b\u0443\u0448\u0438\u0432\u0430\u044e\u0449\u0435\u0435 \u0443\u0441\u0442\u0440\u043e\u0439\u0441\u0442\u0432\u043e \u0441 \u0440\u0430\u0434\u0438\u043e\u0447\u0430\u0441\u0442\u043e\u0442\u043e\u0439, \u0434\u0430\u043b\u044c\u043d\u043e\u0441\u0442\u044c \u043e\u043a\u043e\u043b\u043e 50 \u043c"},"content":{"rendered":"<h3><strong>\u0422\u0435\u0445\u043d\u0438\u0447\u0435\u0441\u043a\u0438\u0435 \u043f\u0430\u0440\u0430\u043c\u0435\u0442\u0440\u044b:<\/strong><\/h3>\n<ul>\n<li>Frequenzbereich: 88-108 MHz (Standard 94,7 MHz)<\/li>\n<li>Entfernung zum Ger\u00e4t: bis zu 50 m im offenen Bereich<\/li>\n<li>Stromverbrauch: 1,8 mA<\/li>\n<li>Stromversorgung: 2 x AA Batterie<\/li>\n<li>Dauerbetrieb: ca. 30 Tage<\/li>\n<li>Sendeleistung: ungef\u00e4hr 2 mW<\/li>\n<li>Abmessungen: 50 mm x 20 mm x 10 mm<\/li>\n<li>Lieferumfang: Abh\u00f6rger\u00e4t, Anleitung<\/li>\n<li><strong>\u0413\u0410\u0420\u0410\u041d\u0422\u0418\u042f 12 \u043c\u0435\u0441\u044f\u0446\u0435\u0432<\/strong><\/li>\n<\/ul>\n<p><span style=\"color: #d0121a;\"><strong>Ben\u00f6tigen Sie eine eilige Zustellung noch am selben Tag?   <\/strong><\/span><\/p>\n<p>\u0418\u0441\u043f\u043e\u043b\u044c\u0437\u043e\u0432\u0430\u043d\u0438\u0435: \u0414\u043b\u044f \u0432\u0430\u0448\u0435\u0439 \u0441\u043e\u0431\u0441\u0442\u0432\u0435\u043d\u043d\u043e\u0439 \u0431\u0435\u0437\u043e\u043f\u0430\u0441\u043d\u043e\u0441\u0442\u0438 \u0438 \u0431\u0435\u0437\u043e\u043f\u0430\u0441\u043d\u043e\u0441\u0442\u0438 \u0432\u0430\u0448\u0438\u0445 \u0434\u0435\u0442\u0435\u0439.<\/p>\n<p>&nbsp;<\/p>\n<p>Das unauff\u00e4llige und durch eine sehr hohe Tonqualit\u00e4t gekennzeichnete Abh\u00f6rmodul NX-380 garantiert Vertraulichkeit in jeder Situation. Aufgrund der geringen Gr\u00f6\u00dfe l\u00e4sst sich dieses Ger\u00e4t leicht tarnen, und die fortschrittliche Technologie stellt sicher, dass der hochwertige Ton auch in einer Entfernung von bis zu 50 Metern von der Wanze klar h\u00f6rbar ist. Die mit diesem Modell \u00fcbertragene Audio\u00fcberwachung kann mit jedem Radioempf\u00e4nger abgeh\u00f6rt werden (erforderlich ist ein UKW-Radiofrequenzbereich).<\/p>\n<p><strong>GER\u00c4TEVERWENDUNG<\/strong><\/p>\n<p>Die Abh\u00f6rwanze l\u00e4sst sich leicht integrieren und einfach bedienen: Nachdem sie an dem vorgesehenen Ort platziert wurde, muss der Radioempf\u00e4nger eingeschaltet werden, \u00fcber den der Ton abgeh\u00f6rt wird (jedes Ger\u00e4t ist geeignet; es kann sogar das im Mobiltelefon integrierte Radio verwendet werden). Der Empf\u00e4nger muss eingeschaltet und eingestellt sein (die ben\u00f6tigte Frequenz einstellen) und sich in einer Entfernung von h\u00f6chstens drei Metern von der Abh\u00f6reinrichtung befinden (nachdem die Ger\u00e4te gekoppelt wurden, kann die Entfernung auf bis zu 50 Meter erh\u00f6ht werden).<\/p>\n<p><strong>FUNKTIONEN DER ABH\u00d6RANLAGE<\/strong><\/p>\n<p>Das kompakte Geh\u00e4use des Ger\u00e4ts erm\u00f6glicht es, die Abh\u00f6rwanze auch in kleinen R\u00e4umen zu verbergen. Die Abh\u00f6reinrichtung zeichnet sich durch eine lange Betriebsdauer aus \u2013 gekoppelt mit einem Radioempf\u00e4nger kann sie bis zu 30 Tage ununterbrochen arbeiten. Bei der Verwendung dieses Ger\u00e4ts wird maximale Vertraulichkeit gew\u00e4hrleistet \u2013 die Wanze sendet keinerlei Licht- oder Tonsignale aus. Treten St\u00f6rungen bei der \u00dcbertragung auf oder verschlechtert sich die Tonqualit\u00e4t, sollte die Senderfrequenz ge\u00e4ndert werden (die Frequenz wird mit einem speziellen Regler (RF) eingestellt).<\/p>\n<p><strong>ACHTUNG<\/strong><\/p>\n<p><strong>Bitte beachten Sie, dass das Ger\u00e4t seine Funktionen nur im station\u00e4ren Modus erf\u00fcllt (die eingeschaltete Abh\u00f6reinrichtung darf nicht bewegt werden).<\/strong> <strong>Ebenso ist es wichtig, das Ger\u00e4t nicht in der N\u00e4he anderer Elektroger\u00e4te zu befestigen.<\/strong><\/p>\n<p><strong>\u0422\u0415\u0425\u041d\u0418\u0427\u0415\u0421\u041a\u0418\u0415 \u041f\u0410\u0420\u0410\u041c\u0415\u0422\u0420\u042b:<\/strong><\/p>\n<ul>\n<li>\n<ul>\n<li>Frequenzbereich: 88-108 MHz (Standard 94,7 MHz)<\/li>\n<li>Entfernung zum Ger\u00e4t: bis zu 50 m im offenen Bereich<\/li>\n<li>Stromverbrauch: 1,8 mA<\/li>\n<li>Stromversorgung: 2 x AA Batterie<\/li>\n<li>Dauerbetrieb: ca. 30 Tage<\/li>\n<li>Sendeleistung: ungef\u00e4hr 2 mW<\/li>\n<li>Abmessungen: 50 mm x 20 mm x 10 mm<\/li>\n<li>Lieferumfang: Abh\u00f6rger\u00e4t, Anleitung<\/li>\n<\/ul>\n<\/li>\n<\/ul>\n<div class=\"iframe-container\"><iframe src=\"https:\/\/www.youtube.com\/embed\/twkC3_lGxlQ\" width=\"560\" height=\"315\" frameborder=\"0\"><\/iframe><\/div>","protected":false},"excerpt":{"rendered":"<p>Technische Parameter: Frequenzbereich: 88-108 MHz (Standard 94,7 MHz) Entfernung zum Ger\u00e4t: bis zu 50 m im offenen Bereich Stromverbrauch: 1,8 mA Stromversorgung: 2 x AA&#8230;<\/p>","protected":false},"featured_media":1286,"template":"","meta":[],"etheme_brands":[],"product_brand":[],"product_cat":[208,212],"product_tag":[760,89],"class_list":{"0":"post-16543","1":"product","2":"type-product","3":"status-publish","4":"has-post-thumbnail","6":"product_cat-16-abhoergeraete","7":"product_cat-20-rd-abhoergeraete","8":"product_tag-funkfrequenz-blocker","9":"product_tag-rd-die-wanze","10":"pa_typ-abhoerwanze","12":"first","13":"outofstock","14":"taxable","15":"shipping-taxable","16":"purchasable","17":"product-type-simple"},"yoast_head":"<!-- This site is optimized with the Yoast SEO Premium plugin v25.9 (Yoast SEO v27.4) - https:\/\/yoast.com\/product\/yoast-seo-premium-wordpress\/ -->\n<title>Versteckter Abh\u00f6rwanze, die auf Funkfrequenz bis zu 50 Metern arbeitet<\/title>\n<meta name=\"description\" content=\"Versteckter Abh\u00f6rsender mit Funkreichweite bis zu 50 m. Hochwertige Tonqualit\u00e4t, Abh\u00f6ren mit einem Radioempf\u00e4nger. L\u00e4sst sich leicht in einer Wohnung oder in B\u00fcror\u00e4umen verbergen\" \/>\n<meta name=\"robots\" content=\"index, follow, max-snippet:-1, max-image-preview:large, max-video-preview:-1\" \/>\n<link rel=\"canonical\" href=\"https:\/\/www.ortungsgerate.de\/ru\/16-proslushivayushcheye-oborudovaniye-2\/20-rd-proslushivayushcheye-oborudovaniye\/podslushivayuschee-ustroystvo-s-radiochastotoy-dalnost-okolo-50-m\/\" \/>\n<meta property=\"og:locale\" content=\"ru_RU\" \/>\n<meta property=\"og:type\" content=\"article\" \/>\n<meta property=\"og:title\" content=\"Abh\u00f6rwanze mit Funkfrequenz, Reichweite ca. 50 m\" \/>\n<meta property=\"og:description\" content=\"Versteckter Abh\u00f6rsender mit Funkreichweite bis zu 50 m. Hochwertige Tonqualit\u00e4t, Abh\u00f6ren mit einem Radioempf\u00e4nger. L\u00e4sst sich leicht in einer Wohnung oder in B\u00fcror\u00e4umen verbergen\" \/>\n<meta property=\"og:url\" content=\"https:\/\/www.ortungsgerate.de\/ru\/16-proslushivayushcheye-oborudovaniye-2\/20-rd-proslushivayushcheye-oborudovaniye\/podslushivayuschee-ustroystvo-s-radiochastotoy-dalnost-okolo-50-m\/\" \/>\n<meta property=\"og:site_name\" content=\"Ortungsger\u00e4te.de\" \/>\n<meta property=\"article:modified_time\" content=\"2025-11-26T17:01:36+00:00\" \/>\n<meta property=\"og:image\" content=\"https:\/\/www.ortungsgerate.de\/wp-content\/uploads\/pasiklausymo-blake-radio-dazniu-veikimo-nuotolis-apie-50m.jpg\" \/>\n\t<meta property=\"og:image:width\" content=\"682\" \/>\n\t<meta property=\"og:image:height\" content=\"496\" \/>\n\t<meta property=\"og:image:type\" content=\"image\/jpeg\" \/>\n<meta name=\"twitter:card\" content=\"summary_large_image\" \/>\n<meta name=\"twitter:label1\" content=\"\u041f\u0440\u0438\u043c\u0435\u0440\u043d\u043e\u0435 \u0432\u0440\u0435\u043c\u044f \u0434\u043b\u044f \u0447\u0442\u0435\u043d\u0438\u044f\" \/>\n\t<meta name=\"twitter:data1\" content=\"2 \u043c\u0438\u043d\u0443\u0442\u044b\" \/>\n<script type=\"application\/ld+json\" class=\"yoast-schema-graph\">{\"@context\":\"https:\\\/\\\/schema.org\",\"@graph\":[{\"@type\":\"WebPage\",\"@id\":\"https:\\\/\\\/www.ortungsgerate.de\\\/16-abhoergeraete\\\/20-rd-abhoergeraete\\\/abhoerwanze-mit-funkfrequenz-reichweite-ca-50-m\\\/\",\"url\":\"https:\\\/\\\/www.ortungsgerate.de\\\/16-abhoergeraete\\\/20-rd-abhoergeraete\\\/abhoerwanze-mit-funkfrequenz-reichweite-ca-50-m\\\/\",\"name\":\"Versteckter Abh\u00f6rwanze, die auf Funkfrequenz bis zu 50 Metern arbeitet\",\"isPartOf\":{\"@id\":\"https:\\\/\\\/www.ortungsgerate.de\\\/#website\"},\"primaryImageOfPage\":{\"@id\":\"https:\\\/\\\/www.ortungsgerate.de\\\/16-abhoergeraete\\\/20-rd-abhoergeraete\\\/abhoerwanze-mit-funkfrequenz-reichweite-ca-50-m\\\/#primaryimage\"},\"image\":{\"@id\":\"https:\\\/\\\/www.ortungsgerate.de\\\/16-abhoergeraete\\\/20-rd-abhoergeraete\\\/abhoerwanze-mit-funkfrequenz-reichweite-ca-50-m\\\/#primaryimage\"},\"thumbnailUrl\":\"https:\\\/\\\/www.ortungsgerate.de\\\/wp-content\\\/uploads\\\/pasiklausymo-blake-radio-dazniu-veikimo-nuotolis-apie-50m.jpg\",\"datePublished\":\"2024-02-06T19:36:05+00:00\",\"dateModified\":\"2025-11-26T17:01:36+00:00\",\"description\":\"Versteckter Abh\u00f6rsender mit Funkreichweite bis zu 50 m. Hochwertige Tonqualit\u00e4t, Abh\u00f6ren mit einem Radioempf\u00e4nger. L\u00e4sst sich leicht in einer Wohnung oder in B\u00fcror\u00e4umen verbergen\",\"breadcrumb\":{\"@id\":\"https:\\\/\\\/www.ortungsgerate.de\\\/16-abhoergeraete\\\/20-rd-abhoergeraete\\\/abhoerwanze-mit-funkfrequenz-reichweite-ca-50-m\\\/#breadcrumb\"},\"inLanguage\":\"ru-RU\",\"potentialAction\":[{\"@type\":\"ReadAction\",\"target\":[\"https:\\\/\\\/www.ortungsgerate.de\\\/16-abhoergeraete\\\/20-rd-abhoergeraete\\\/abhoerwanze-mit-funkfrequenz-reichweite-ca-50-m\\\/\"]}]},{\"@type\":\"ImageObject\",\"inLanguage\":\"ru-RU\",\"@id\":\"https:\\\/\\\/www.ortungsgerate.de\\\/16-abhoergeraete\\\/20-rd-abhoergeraete\\\/abhoerwanze-mit-funkfrequenz-reichweite-ca-50-m\\\/#primaryimage\",\"url\":\"https:\\\/\\\/www.ortungsgerate.de\\\/wp-content\\\/uploads\\\/pasiklausymo-blake-radio-dazniu-veikimo-nuotolis-apie-50m.jpg\",\"contentUrl\":\"https:\\\/\\\/www.ortungsgerate.de\\\/wp-content\\\/uploads\\\/pasiklausymo-blake-radio-dazniu-veikimo-nuotolis-apie-50m.jpg\",\"width\":682,\"height\":496,\"caption\":\"Abh\u00f6rwanze mit Funkfrequenz\"},{\"@type\":\"BreadcrumbList\",\"@id\":\"https:\\\/\\\/www.ortungsgerate.de\\\/16-abhoergeraete\\\/20-rd-abhoergeraete\\\/abhoerwanze-mit-funkfrequenz-reichweite-ca-50-m\\\/#breadcrumb\",\"itemListElement\":[{\"@type\":\"ListItem\",\"position\":1,\"name\":\"Startseite\",\"item\":\"https:\\\/\\\/www.ortungsgerate.de\\\/\"},{\"@type\":\"ListItem\",\"position\":2,\"name\":\"Shop\",\"item\":\"https:\\\/\\\/www.ortungsgerate.de\\\/shop\\\/\"},{\"@type\":\"ListItem\",\"position\":3,\"name\":\"Abh\u00f6rwanze mit Funkfrequenz, Reichweite ca. 50 m\"}]},{\"@type\":\"WebSite\",\"@id\":\"https:\\\/\\\/www.ortungsgerate.de\\\/#website\",\"url\":\"https:\\\/\\\/www.ortungsgerate.de\\\/\",\"name\":\"Ortungsgerate.de\",\"description\":\"\",\"publisher\":{\"@id\":\"https:\\\/\\\/www.ortungsgerate.de\\\/#organization\"},\"potentialAction\":[{\"@type\":\"SearchAction\",\"target\":{\"@type\":\"EntryPoint\",\"urlTemplate\":\"https:\\\/\\\/www.ortungsgerate.de\\\/?s={search_term_string}\"},\"query-input\":{\"@type\":\"PropertyValueSpecification\",\"valueRequired\":true,\"valueName\":\"search_term_string\"}}],\"inLanguage\":\"ru-RU\"},{\"@type\":\"Organization\",\"@id\":\"https:\\\/\\\/www.ortungsgerate.de\\\/#organization\",\"name\":\"Ortungsgerate.de\",\"url\":\"https:\\\/\\\/www.ortungsgerate.de\\\/\",\"logo\":{\"@type\":\"ImageObject\",\"inLanguage\":\"ru-RU\",\"@id\":\"https:\\\/\\\/www.ortungsgerate.de\\\/#\\\/schema\\\/logo\\\/image\\\/\",\"url\":\"https:\\\/\\\/www.ortungsgerate.de\\\/wp-content\\\/uploads\\\/ortungsgerate.png\",\"contentUrl\":\"https:\\\/\\\/www.ortungsgerate.de\\\/wp-content\\\/uploads\\\/ortungsgerate.png\",\"width\":500,\"height\":135,\"caption\":\"Ortungsgerate.de\"},\"image\":{\"@id\":\"https:\\\/\\\/www.ortungsgerate.de\\\/#\\\/schema\\\/logo\\\/image\\\/\"}}]}<\/script>\n<!-- \/ Yoast SEO Premium plugin. -->","yoast_head_json":{"title":"Versteckter Abh\u00f6rwanze, die auf Funkfrequenz bis zu 50 Metern arbeitet","description":"Versteckter Abh\u00f6rsender mit Funkreichweite bis zu 50 m. Hochwertige Tonqualit\u00e4t, Abh\u00f6ren mit einem Radioempf\u00e4nger. L\u00e4sst sich leicht in einer Wohnung oder in B\u00fcror\u00e4umen verbergen","robots":{"index":"index","follow":"follow","max-snippet":"max-snippet:-1","max-image-preview":"max-image-preview:large","max-video-preview":"max-video-preview:-1"},"canonical":"https:\/\/www.ortungsgerate.de\/ru\/16-proslushivayushcheye-oborudovaniye-2\/20-rd-proslushivayushcheye-oborudovaniye\/podslushivayuschee-ustroystvo-s-radiochastotoy-dalnost-okolo-50-m\/","og_locale":"ru_RU","og_type":"article","og_title":"Abh\u00f6rwanze mit Funkfrequenz, Reichweite ca. 50 m","og_description":"Versteckter Abh\u00f6rsender mit Funkreichweite bis zu 50 m. Hochwertige Tonqualit\u00e4t, Abh\u00f6ren mit einem Radioempf\u00e4nger. L\u00e4sst sich leicht in einer Wohnung oder in B\u00fcror\u00e4umen verbergen","og_url":"https:\/\/www.ortungsgerate.de\/ru\/16-proslushivayushcheye-oborudovaniye-2\/20-rd-proslushivayushcheye-oborudovaniye\/podslushivayuschee-ustroystvo-s-radiochastotoy-dalnost-okolo-50-m\/","og_site_name":"Ortungsger\u00e4te.de","article_modified_time":"2025-11-26T17:01:36+00:00","og_image":[{"width":682,"height":496,"url":"https:\/\/www.ortungsgerate.de\/wp-content\/uploads\/pasiklausymo-blake-radio-dazniu-veikimo-nuotolis-apie-50m.jpg","type":"image\/jpeg"}],"twitter_card":"summary_large_image","twitter_misc":{"\u041f\u0440\u0438\u043c\u0435\u0440\u043d\u043e\u0435 \u0432\u0440\u0435\u043c\u044f \u0434\u043b\u044f \u0447\u0442\u0435\u043d\u0438\u044f":"2 \u043c\u0438\u043d\u0443\u0442\u044b"},"schema":{"@context":"https:\/\/schema.org","@graph":[{"@type":"WebPage","@id":"https:\/\/www.ortungsgerate.de\/16-abhoergeraete\/20-rd-abhoergeraete\/abhoerwanze-mit-funkfrequenz-reichweite-ca-50-m\/","url":"https:\/\/www.ortungsgerate.de\/16-abhoergeraete\/20-rd-abhoergeraete\/abhoerwanze-mit-funkfrequenz-reichweite-ca-50-m\/","name":"Versteckter Abh\u00f6rwanze, die auf Funkfrequenz bis zu 50 Metern arbeitet","isPartOf":{"@id":"https:\/\/www.ortungsgerate.de\/#website"},"primaryImageOfPage":{"@id":"https:\/\/www.ortungsgerate.de\/16-abhoergeraete\/20-rd-abhoergeraete\/abhoerwanze-mit-funkfrequenz-reichweite-ca-50-m\/#primaryimage"},"image":{"@id":"https:\/\/www.ortungsgerate.de\/16-abhoergeraete\/20-rd-abhoergeraete\/abhoerwanze-mit-funkfrequenz-reichweite-ca-50-m\/#primaryimage"},"thumbnailUrl":"https:\/\/www.ortungsgerate.de\/wp-content\/uploads\/pasiklausymo-blake-radio-dazniu-veikimo-nuotolis-apie-50m.jpg","datePublished":"2024-02-06T19:36:05+00:00","dateModified":"2025-11-26T17:01:36+00:00","description":"Versteckter Abh\u00f6rsender mit Funkreichweite bis zu 50 m. Hochwertige Tonqualit\u00e4t, Abh\u00f6ren mit einem Radioempf\u00e4nger. L\u00e4sst sich leicht in einer Wohnung oder in B\u00fcror\u00e4umen verbergen","breadcrumb":{"@id":"https:\/\/www.ortungsgerate.de\/16-abhoergeraete\/20-rd-abhoergeraete\/abhoerwanze-mit-funkfrequenz-reichweite-ca-50-m\/#breadcrumb"},"inLanguage":"ru-RU","potentialAction":[{"@type":"ReadAction","target":["https:\/\/www.ortungsgerate.de\/16-abhoergeraete\/20-rd-abhoergeraete\/abhoerwanze-mit-funkfrequenz-reichweite-ca-50-m\/"]}]},{"@type":"ImageObject","inLanguage":"ru-RU","@id":"https:\/\/www.ortungsgerate.de\/16-abhoergeraete\/20-rd-abhoergeraete\/abhoerwanze-mit-funkfrequenz-reichweite-ca-50-m\/#primaryimage","url":"https:\/\/www.ortungsgerate.de\/wp-content\/uploads\/pasiklausymo-blake-radio-dazniu-veikimo-nuotolis-apie-50m.jpg","contentUrl":"https:\/\/www.ortungsgerate.de\/wp-content\/uploads\/pasiklausymo-blake-radio-dazniu-veikimo-nuotolis-apie-50m.jpg","width":682,"height":496,"caption":"Abh\u00f6rwanze mit Funkfrequenz"},{"@type":"BreadcrumbList","@id":"https:\/\/www.ortungsgerate.de\/16-abhoergeraete\/20-rd-abhoergeraete\/abhoerwanze-mit-funkfrequenz-reichweite-ca-50-m\/#breadcrumb","itemListElement":[{"@type":"ListItem","position":1,"name":"Startseite","item":"https:\/\/www.ortungsgerate.de\/"},{"@type":"ListItem","position":2,"name":"Shop","item":"https:\/\/www.ortungsgerate.de\/shop\/"},{"@type":"ListItem","position":3,"name":"Abh\u00f6rwanze mit Funkfrequenz, Reichweite ca. 50 m"}]},{"@type":"WebSite","@id":"https:\/\/www.ortungsgerate.de\/#website","url":"https:\/\/www.ortungsgerate.de\/","name":"Ortungsgerate.de","description":"","publisher":{"@id":"https:\/\/www.ortungsgerate.de\/#organization"},"potentialAction":[{"@type":"SearchAction","target":{"@type":"EntryPoint","urlTemplate":"https:\/\/www.ortungsgerate.de\/?s={search_term_string}"},"query-input":{"@type":"PropertyValueSpecification","valueRequired":true,"valueName":"search_term_string"}}],"inLanguage":"ru-RU"},{"@type":"Organization","@id":"https:\/\/www.ortungsgerate.de\/#organization","name":"Ortungsgerate.de","url":"https:\/\/www.ortungsgerate.de\/","logo":{"@type":"ImageObject","inLanguage":"ru-RU","@id":"https:\/\/www.ortungsgerate.de\/#\/schema\/logo\/image\/","url":"https:\/\/www.ortungsgerate.de\/wp-content\/uploads\/ortungsgerate.png","contentUrl":"https:\/\/www.ortungsgerate.de\/wp-content\/uploads\/ortungsgerate.png","width":500,"height":135,"caption":"Ortungsgerate.de"},"image":{"@id":"https:\/\/www.ortungsgerate.de\/#\/schema\/logo\/image\/"}}]}},"_links":{"self":[{"href":"https:\/\/www.ortungsgerate.de\/ru\/wp-json\/wp\/v2\/product\/16543","targetHints":{"allow":["GET"]}}],"collection":[{"href":"https:\/\/www.ortungsgerate.de\/ru\/wp-json\/wp\/v2\/product"}],"about":[{"href":"https:\/\/www.ortungsgerate.de\/ru\/wp-json\/wp\/v2\/types\/product"}],"version-history":[{"count":0,"href":"https:\/\/www.ortungsgerate.de\/ru\/wp-json\/wp\/v2\/product\/16543\/revisions"}],"wp:featuredmedia":[{"embeddable":true,"href":"https:\/\/www.ortungsgerate.de\/ru\/wp-json\/wp\/v2\/media\/1286"}],"wp:attachment":[{"href":"https:\/\/www.ortungsgerate.de\/ru\/wp-json\/wp\/v2\/media?parent=16543"}],"wp:term":[{"taxonomy":"brand","embeddable":true,"href":"https:\/\/www.ortungsgerate.de\/ru\/wp-json\/wp\/v2\/etheme_brands?post=16543"},{"taxonomy":"product_brand","embeddable":true,"href":"https:\/\/www.ortungsgerate.de\/ru\/wp-json\/wp\/v2\/product_brand?post=16543"},{"taxonomy":"product_cat","embeddable":true,"href":"https:\/\/www.ortungsgerate.de\/ru\/wp-json\/wp\/v2\/product_cat?post=16543"},{"taxonomy":"product_tag","embeddable":true,"href":"https:\/\/www.ortungsgerate.de\/ru\/wp-json\/wp\/v2\/product_tag?post=16543"}],"curies":[{"name":"wp","href":"https:\/\/api.w.org\/{rel}","templated":true}]}}