{"id":16544,"date":"2024-02-06T21:36:22","date_gmt":"2024-02-06T19:36:22","guid":{"rendered":"https:\/\/ortungsgerate.de\/be-kategorijos\/blakiu-kameru-detektorius-aptinka-gsm-gps-radio-wifi-signalus-1mhz-65ghz\/"},"modified":"2025-11-26T19:07:36","modified_gmt":"2025-11-26T17:07:36","slug":"zhuchkovyy-i-kamernyy-detektor-obnaruzhivaet-gsm-gps-radio-wifi-signaly-1mhz-65ghz","status":"publish","type":"product","link":"https:\/\/www.ortungsgerate.de\/ru\/26-detektory-2\/zhuchkovyy-i-kamernyy-detektor-obnaruzhivaet-gsm-gps-radio-wifi-signaly-1mhz-65ghz\/","title":{"rendered":"\u0416\u0443\u0447\u043a\u043e\u0432\u044b\u0439 \u0438 \u043a\u0430\u043c\u0435\u0440\u043d\u044b\u0439 \u0434\u0435\u0442\u0435\u043a\u0442\u043e\u0440 \u043e\u0431\u043d\u0430\u0440\u0443\u0436\u0438\u0432\u0430\u0435\u0442 GSM GPS RADIO WiFi \u0441\u0438\u0433\u043d\u0430\u043b\u044b 1Mhz 6,5GHz"},"content":{"rendered":"<h3><strong>\u0422\u0435\u0445\u043d\u0438\u0447\u0435\u0441\u043a\u0438\u0435 \u043f\u0430\u0440\u0430\u043c\u0435\u0442\u0440\u044b:<\/strong><\/h3>\n<ul>\n<li>Erfassbarer Frequenzbereich 1MHz \u2013 6,5 GHz<\/li>\n<li>Erfassbare Signale: GSM (2G 3G 4G), GPS, Funk, drahtlose Netzwerke (Wi-Fi)<\/li>\n<li>Erkennung versteckter Kameras: JA, Laserstrahl und IR-Objektiv<\/li>\n<li>Alarmmodi: Vibration, akustisches Signal<\/li>\n<li>Antenne: ausziehbare Teleskopantenne<\/li>\n<li>Erfassungsbereich (Entfernung): bis zu 10 m<\/li>\n<li>Empfindlichkeitseinstellung: JA<\/li>\n<li>Stromversorgung: 450mAh Akku, wiederaufladbar<\/li>\n<li>Akkuladestandsanzeige: JA<\/li>\n<li>LED-Display: blaue Hintergrundbeleuchtung<\/li>\n<li>Abmessungen: 80 mm x 50 mm x 20 mm<\/li>\n<li>Gewicht: 60 g<\/li>\n<li>\u0426\u0432\u0435\u0442: \u0447\u0435\u0440\u043d\u044b\u0439<\/li>\n<li>Lieferumfang: Detektor, Netzladeger\u00e4t, Bedienungsanleitung, Originalverpackung<\/li>\n<li><strong>GARANTIE<\/strong><\/li>\n<\/ul>\n<p><span style=\"color: #d0121a;\"><strong>Ben\u00f6tigen Sie eine Expresslieferung am selben Tag? (auch an Wochenenden)  <\/strong><\/span><\/p>\n<p>Sie sch\u00fctzen sich m\u00fchelos vor dem Abh\u00f6ren Ihrer Gespr\u00e4che, verdeckten Videoaufnahmen oder Verfolgung mittels GPS-Tracker. Erkennt alle Hochfrequenz-Funksignale. Mit Hilfe dieses Detektors finden Sie problemlos Abh\u00f6rwanzen und Funkempf\u00e4nger. GPS-Tracker und versteckte Kameras, die in R\u00e4umen oder im Fahrzeug verborgen sein k\u00f6nnen. Kleiner und handlicher <a href=\"https:\/\/www.ortungsgerate.de\/ru\/26-detektory-2\/\">WANZENDETEKTOR<\/a> \u2013 sofort einsatzbereit (zum Auffinden von \u00dcberwachungstechnik). Der \u00dcberwachungstechnik-Detektor arbeitet im Frequenzbereich von 1Mhz bis 6,5GHz. Dieser Detektor verf\u00fcgt \u00fcber ein LCD-Display und einen wiederaufladbaren Akku. Wenn mit Hilfe des \u00dcberwachungstechnik-Detektors eine Kamera entdeckt wird, sehen Sie dank IR-Strahl im Objektiv einen roten Punkt (das ist das Objektiv der versteckten Kamera). Es besteht die M\u00f6glichkeit, die Empfindlichkeit des Ger\u00e4tes einzustellen, um so (unn\u00f6tige oder von anderen Ger\u00e4ten ausgesendete Funkfrequenzen) zu umgehen. Sobald das Ger\u00e4t eine bestimmte Frequenz erkennt, kann es ein akustisches Signal aussenden oder vibrieren. Dank der einfachen Bedienung dieses <a href=\"https:\/\/www.ortungsgerate.de\/ru\/26-detektory-2\/\">Wanzensuchers<\/a> k\u00f6nnen Sie auch als Nicht-Profi leicht \u00dcberwachungstechnik aufsp\u00fcren.<\/p>\n<p><strong>ACHTUNG: Der Detektor erkennt nur aktive Ger\u00e4te (GSM, GPS, WANZEN, Wi-Fi)<\/strong><\/p>\n<div class=\"iframe-container\"><iframe src=\"https:\/\/www.youtube.com\/embed\/LHPM_j-eHt0\" width=\"560\" height=\"315\" frameborder=\"0\"><\/iframe><\/div>","protected":false},"excerpt":{"rendered":"<p>Technische Parameter: Erfassbarer Frequenzbereich 1MHz &#8211; 6,5 GHz Erfassbare Signale: GSM (2G 3G 4G), GPS, Funk, drahtlose Netzwerke (Wi-Fi) Erkennung versteckter Kameras: JA, Laserstrahl und&#8230;<\/p>","protected":false},"featured_media":1368,"template":"","meta":[],"etheme_brands":[],"product_brand":[],"product_cat":[215],"product_tag":[],"class_list":{"0":"post-16544","1":"product","2":"type-product","3":"status-publish","4":"has-post-thumbnail","6":"product_cat-26-detektoren","8":"first","9":"instock","10":"sale","11":"taxable","12":"shipping-taxable","13":"purchasable","14":"product-type-simple"},"yoast_head":"<!-- This site is optimized with the Yoast SEO Premium plugin v25.9 (Yoast SEO v27.4) - https:\/\/yoast.com\/product\/yoast-seo-premium-wordpress\/ -->\n<title>Wanzenkameras Detektor GSM GPS RADIO WiFi von 1 bis 6,5GHz<\/title>\n<meta name=\"description\" content=\"Sie erkennen m\u00fchelos versteckte Kameras, Abh\u00f6rwanzen oder einen versteckten GPS-Tracker. Der Detektor sp\u00fcrt Signale von Mobiltelefonen, WLAN\u2011Netzwerken, Funk...\" \/>\n<meta name=\"robots\" content=\"index, follow, max-snippet:-1, max-image-preview:large, max-video-preview:-1\" \/>\n<link rel=\"canonical\" href=\"https:\/\/www.ortungsgerate.de\/ru\/26-detektory-2\/zhuchkovyy-i-kamernyy-detektor-obnaruzhivaet-gsm-gps-radio-wifi-signaly-1mhz-65ghz\/\" \/>\n<meta property=\"og:locale\" content=\"ru_RU\" \/>\n<meta property=\"og:type\" content=\"article\" \/>\n<meta property=\"og:title\" content=\"Wanzen- und Kameradetektor erkennt GSM GPS RADIO WiFi Signale 1Mhz 6,5GHz\" \/>\n<meta property=\"og:description\" content=\"Sie erkennen m\u00fchelos versteckte Kameras, Abh\u00f6rwanzen oder einen versteckten GPS-Tracker. Der Detektor sp\u00fcrt Signale von Mobiltelefonen, WLAN\u2011Netzwerken, Funk...\" \/>\n<meta property=\"og:url\" content=\"https:\/\/www.ortungsgerate.de\/ru\/26-detektory-2\/zhuchkovyy-i-kamernyy-detektor-obnaruzhivaet-gsm-gps-radio-wifi-signaly-1mhz-65ghz\/\" \/>\n<meta property=\"og:site_name\" content=\"Ortungsger\u00e4te.de\" \/>\n<meta property=\"article:modified_time\" content=\"2025-11-26T17:07:36+00:00\" \/>\n<meta property=\"og:image\" content=\"https:\/\/www.ortungsgerate.de\/wp-content\/uploads\/blakiu-detektorius-lengvai-aptinka-signalus-gsm-gps-wi-fi.jpg\" \/>\n\t<meta property=\"og:image:width\" content=\"640\" \/>\n\t<meta property=\"og:image:height\" content=\"454\" \/>\n\t<meta property=\"og:image:type\" content=\"image\/jpeg\" \/>\n<meta name=\"twitter:card\" content=\"summary_large_image\" \/>\n<meta name=\"twitter:label1\" content=\"\u041f\u0440\u0438\u043c\u0435\u0440\u043d\u043e\u0435 \u0432\u0440\u0435\u043c\u044f \u0434\u043b\u044f \u0447\u0442\u0435\u043d\u0438\u044f\" \/>\n\t<meta name=\"twitter:data1\" content=\"2 \u043c\u0438\u043d\u0443\u0442\u044b\" \/>\n<script type=\"application\/ld+json\" class=\"yoast-schema-graph\">{\"@context\":\"https:\\\/\\\/schema.org\",\"@graph\":[{\"@type\":\"WebPage\",\"@id\":\"https:\\\/\\\/www.ortungsgerate.de\\\/26-detektoren\\\/wanzen-und-kameradetektor-erkennt-gsm-gps-radio-wifi-signale-1mhz-65ghz\\\/\",\"url\":\"https:\\\/\\\/www.ortungsgerate.de\\\/26-detektoren\\\/wanzen-und-kameradetektor-erkennt-gsm-gps-radio-wifi-signale-1mhz-65ghz\\\/\",\"name\":\"Wanzenkameras Detektor GSM GPS RADIO WiFi von 1 bis 6,5GHz\",\"isPartOf\":{\"@id\":\"https:\\\/\\\/www.ortungsgerate.de\\\/#website\"},\"primaryImageOfPage\":{\"@id\":\"https:\\\/\\\/www.ortungsgerate.de\\\/26-detektoren\\\/wanzen-und-kameradetektor-erkennt-gsm-gps-radio-wifi-signale-1mhz-65ghz\\\/#primaryimage\"},\"image\":{\"@id\":\"https:\\\/\\\/www.ortungsgerate.de\\\/26-detektoren\\\/wanzen-und-kameradetektor-erkennt-gsm-gps-radio-wifi-signale-1mhz-65ghz\\\/#primaryimage\"},\"thumbnailUrl\":\"https:\\\/\\\/www.ortungsgerate.de\\\/wp-content\\\/uploads\\\/blakiu-detektorius-lengvai-aptinka-signalus-gsm-gps-wi-fi.jpg\",\"datePublished\":\"2024-02-06T19:36:22+00:00\",\"dateModified\":\"2025-11-26T17:07:36+00:00\",\"description\":\"Sie erkennen m\u00fchelos versteckte Kameras, Abh\u00f6rwanzen oder einen versteckten GPS-Tracker. Der Detektor sp\u00fcrt Signale von Mobiltelefonen, WLAN\u2011Netzwerken, Funk...\",\"breadcrumb\":{\"@id\":\"https:\\\/\\\/www.ortungsgerate.de\\\/26-detektoren\\\/wanzen-und-kameradetektor-erkennt-gsm-gps-radio-wifi-signale-1mhz-65ghz\\\/#breadcrumb\"},\"inLanguage\":\"ru-RU\",\"potentialAction\":[{\"@type\":\"ReadAction\",\"target\":[\"https:\\\/\\\/www.ortungsgerate.de\\\/26-detektoren\\\/wanzen-und-kameradetektor-erkennt-gsm-gps-radio-wifi-signale-1mhz-65ghz\\\/\"]}]},{\"@type\":\"ImageObject\",\"inLanguage\":\"ru-RU\",\"@id\":\"https:\\\/\\\/www.ortungsgerate.de\\\/26-detektoren\\\/wanzen-und-kameradetektor-erkennt-gsm-gps-radio-wifi-signale-1mhz-65ghz\\\/#primaryimage\",\"url\":\"https:\\\/\\\/www.ortungsgerate.de\\\/wp-content\\\/uploads\\\/blakiu-detektorius-lengvai-aptinka-signalus-gsm-gps-wi-fi.jpg\",\"contentUrl\":\"https:\\\/\\\/www.ortungsgerate.de\\\/wp-content\\\/uploads\\\/blakiu-detektorius-lengvai-aptinka-signalus-gsm-gps-wi-fi.jpg\",\"width\":640,\"height\":454,\"caption\":\"Balkendetektor\"},{\"@type\":\"BreadcrumbList\",\"@id\":\"https:\\\/\\\/www.ortungsgerate.de\\\/26-detektoren\\\/wanzen-und-kameradetektor-erkennt-gsm-gps-radio-wifi-signale-1mhz-65ghz\\\/#breadcrumb\",\"itemListElement\":[{\"@type\":\"ListItem\",\"position\":1,\"name\":\"Startseite\",\"item\":\"https:\\\/\\\/www.ortungsgerate.de\\\/\"},{\"@type\":\"ListItem\",\"position\":2,\"name\":\"Shop\",\"item\":\"https:\\\/\\\/www.ortungsgerate.de\\\/shop\\\/\"},{\"@type\":\"ListItem\",\"position\":3,\"name\":\"Wanzen- und Kameradetektor erkennt GSM GPS RADIO WiFi Signale 1Mhz 6,5GHz\"}]},{\"@type\":\"WebSite\",\"@id\":\"https:\\\/\\\/www.ortungsgerate.de\\\/#website\",\"url\":\"https:\\\/\\\/www.ortungsgerate.de\\\/\",\"name\":\"Ortungsgerate.de\",\"description\":\"\",\"publisher\":{\"@id\":\"https:\\\/\\\/www.ortungsgerate.de\\\/#organization\"},\"potentialAction\":[{\"@type\":\"SearchAction\",\"target\":{\"@type\":\"EntryPoint\",\"urlTemplate\":\"https:\\\/\\\/www.ortungsgerate.de\\\/?s={search_term_string}\"},\"query-input\":{\"@type\":\"PropertyValueSpecification\",\"valueRequired\":true,\"valueName\":\"search_term_string\"}}],\"inLanguage\":\"ru-RU\"},{\"@type\":\"Organization\",\"@id\":\"https:\\\/\\\/www.ortungsgerate.de\\\/#organization\",\"name\":\"Ortungsgerate.de\",\"url\":\"https:\\\/\\\/www.ortungsgerate.de\\\/\",\"logo\":{\"@type\":\"ImageObject\",\"inLanguage\":\"ru-RU\",\"@id\":\"https:\\\/\\\/www.ortungsgerate.de\\\/#\\\/schema\\\/logo\\\/image\\\/\",\"url\":\"https:\\\/\\\/www.ortungsgerate.de\\\/wp-content\\\/uploads\\\/ortungsgerate.png\",\"contentUrl\":\"https:\\\/\\\/www.ortungsgerate.de\\\/wp-content\\\/uploads\\\/ortungsgerate.png\",\"width\":500,\"height\":135,\"caption\":\"Ortungsgerate.de\"},\"image\":{\"@id\":\"https:\\\/\\\/www.ortungsgerate.de\\\/#\\\/schema\\\/logo\\\/image\\\/\"}}]}<\/script>\n<!-- \/ Yoast SEO Premium plugin. -->","yoast_head_json":{"title":"Wanzenkameras Detektor GSM GPS RADIO WiFi von 1 bis 6,5GHz","description":"Sie erkennen m\u00fchelos versteckte Kameras, Abh\u00f6rwanzen oder einen versteckten GPS-Tracker. Der Detektor sp\u00fcrt Signale von Mobiltelefonen, WLAN\u2011Netzwerken, Funk...","robots":{"index":"index","follow":"follow","max-snippet":"max-snippet:-1","max-image-preview":"max-image-preview:large","max-video-preview":"max-video-preview:-1"},"canonical":"https:\/\/www.ortungsgerate.de\/ru\/26-detektory-2\/zhuchkovyy-i-kamernyy-detektor-obnaruzhivaet-gsm-gps-radio-wifi-signaly-1mhz-65ghz\/","og_locale":"ru_RU","og_type":"article","og_title":"Wanzen- und Kameradetektor erkennt GSM GPS RADIO WiFi Signale 1Mhz 6,5GHz","og_description":"Sie erkennen m\u00fchelos versteckte Kameras, Abh\u00f6rwanzen oder einen versteckten GPS-Tracker. Der Detektor sp\u00fcrt Signale von Mobiltelefonen, WLAN\u2011Netzwerken, Funk...","og_url":"https:\/\/www.ortungsgerate.de\/ru\/26-detektory-2\/zhuchkovyy-i-kamernyy-detektor-obnaruzhivaet-gsm-gps-radio-wifi-signaly-1mhz-65ghz\/","og_site_name":"Ortungsger\u00e4te.de","article_modified_time":"2025-11-26T17:07:36+00:00","og_image":[{"width":640,"height":454,"url":"https:\/\/www.ortungsgerate.de\/wp-content\/uploads\/blakiu-detektorius-lengvai-aptinka-signalus-gsm-gps-wi-fi.jpg","type":"image\/jpeg"}],"twitter_card":"summary_large_image","twitter_misc":{"\u041f\u0440\u0438\u043c\u0435\u0440\u043d\u043e\u0435 \u0432\u0440\u0435\u043c\u044f \u0434\u043b\u044f \u0447\u0442\u0435\u043d\u0438\u044f":"2 \u043c\u0438\u043d\u0443\u0442\u044b"},"schema":{"@context":"https:\/\/schema.org","@graph":[{"@type":"WebPage","@id":"https:\/\/www.ortungsgerate.de\/26-detektoren\/wanzen-und-kameradetektor-erkennt-gsm-gps-radio-wifi-signale-1mhz-65ghz\/","url":"https:\/\/www.ortungsgerate.de\/26-detektoren\/wanzen-und-kameradetektor-erkennt-gsm-gps-radio-wifi-signale-1mhz-65ghz\/","name":"Wanzenkameras Detektor GSM GPS RADIO WiFi von 1 bis 6,5GHz","isPartOf":{"@id":"https:\/\/www.ortungsgerate.de\/#website"},"primaryImageOfPage":{"@id":"https:\/\/www.ortungsgerate.de\/26-detektoren\/wanzen-und-kameradetektor-erkennt-gsm-gps-radio-wifi-signale-1mhz-65ghz\/#primaryimage"},"image":{"@id":"https:\/\/www.ortungsgerate.de\/26-detektoren\/wanzen-und-kameradetektor-erkennt-gsm-gps-radio-wifi-signale-1mhz-65ghz\/#primaryimage"},"thumbnailUrl":"https:\/\/www.ortungsgerate.de\/wp-content\/uploads\/blakiu-detektorius-lengvai-aptinka-signalus-gsm-gps-wi-fi.jpg","datePublished":"2024-02-06T19:36:22+00:00","dateModified":"2025-11-26T17:07:36+00:00","description":"Sie erkennen m\u00fchelos versteckte Kameras, Abh\u00f6rwanzen oder einen versteckten GPS-Tracker. Der Detektor sp\u00fcrt Signale von Mobiltelefonen, WLAN\u2011Netzwerken, Funk...","breadcrumb":{"@id":"https:\/\/www.ortungsgerate.de\/26-detektoren\/wanzen-und-kameradetektor-erkennt-gsm-gps-radio-wifi-signale-1mhz-65ghz\/#breadcrumb"},"inLanguage":"ru-RU","potentialAction":[{"@type":"ReadAction","target":["https:\/\/www.ortungsgerate.de\/26-detektoren\/wanzen-und-kameradetektor-erkennt-gsm-gps-radio-wifi-signale-1mhz-65ghz\/"]}]},{"@type":"ImageObject","inLanguage":"ru-RU","@id":"https:\/\/www.ortungsgerate.de\/26-detektoren\/wanzen-und-kameradetektor-erkennt-gsm-gps-radio-wifi-signale-1mhz-65ghz\/#primaryimage","url":"https:\/\/www.ortungsgerate.de\/wp-content\/uploads\/blakiu-detektorius-lengvai-aptinka-signalus-gsm-gps-wi-fi.jpg","contentUrl":"https:\/\/www.ortungsgerate.de\/wp-content\/uploads\/blakiu-detektorius-lengvai-aptinka-signalus-gsm-gps-wi-fi.jpg","width":640,"height":454,"caption":"Balkendetektor"},{"@type":"BreadcrumbList","@id":"https:\/\/www.ortungsgerate.de\/26-detektoren\/wanzen-und-kameradetektor-erkennt-gsm-gps-radio-wifi-signale-1mhz-65ghz\/#breadcrumb","itemListElement":[{"@type":"ListItem","position":1,"name":"Startseite","item":"https:\/\/www.ortungsgerate.de\/"},{"@type":"ListItem","position":2,"name":"Shop","item":"https:\/\/www.ortungsgerate.de\/shop\/"},{"@type":"ListItem","position":3,"name":"Wanzen- und Kameradetektor erkennt GSM GPS RADIO WiFi Signale 1Mhz 6,5GHz"}]},{"@type":"WebSite","@id":"https:\/\/www.ortungsgerate.de\/#website","url":"https:\/\/www.ortungsgerate.de\/","name":"Ortungsgerate.de","description":"","publisher":{"@id":"https:\/\/www.ortungsgerate.de\/#organization"},"potentialAction":[{"@type":"SearchAction","target":{"@type":"EntryPoint","urlTemplate":"https:\/\/www.ortungsgerate.de\/?s={search_term_string}"},"query-input":{"@type":"PropertyValueSpecification","valueRequired":true,"valueName":"search_term_string"}}],"inLanguage":"ru-RU"},{"@type":"Organization","@id":"https:\/\/www.ortungsgerate.de\/#organization","name":"Ortungsgerate.de","url":"https:\/\/www.ortungsgerate.de\/","logo":{"@type":"ImageObject","inLanguage":"ru-RU","@id":"https:\/\/www.ortungsgerate.de\/#\/schema\/logo\/image\/","url":"https:\/\/www.ortungsgerate.de\/wp-content\/uploads\/ortungsgerate.png","contentUrl":"https:\/\/www.ortungsgerate.de\/wp-content\/uploads\/ortungsgerate.png","width":500,"height":135,"caption":"Ortungsgerate.de"},"image":{"@id":"https:\/\/www.ortungsgerate.de\/#\/schema\/logo\/image\/"}}]}},"_links":{"self":[{"href":"https:\/\/www.ortungsgerate.de\/ru\/wp-json\/wp\/v2\/product\/16544","targetHints":{"allow":["GET"]}}],"collection":[{"href":"https:\/\/www.ortungsgerate.de\/ru\/wp-json\/wp\/v2\/product"}],"about":[{"href":"https:\/\/www.ortungsgerate.de\/ru\/wp-json\/wp\/v2\/types\/product"}],"version-history":[{"count":0,"href":"https:\/\/www.ortungsgerate.de\/ru\/wp-json\/wp\/v2\/product\/16544\/revisions"}],"wp:featuredmedia":[{"embeddable":true,"href":"https:\/\/www.ortungsgerate.de\/ru\/wp-json\/wp\/v2\/media\/1368"}],"wp:attachment":[{"href":"https:\/\/www.ortungsgerate.de\/ru\/wp-json\/wp\/v2\/media?parent=16544"}],"wp:term":[{"taxonomy":"brand","embeddable":true,"href":"https:\/\/www.ortungsgerate.de\/ru\/wp-json\/wp\/v2\/etheme_brands?post=16544"},{"taxonomy":"product_brand","embeddable":true,"href":"https:\/\/www.ortungsgerate.de\/ru\/wp-json\/wp\/v2\/product_brand?post=16544"},{"taxonomy":"product_cat","embeddable":true,"href":"https:\/\/www.ortungsgerate.de\/ru\/wp-json\/wp\/v2\/product_cat?post=16544"},{"taxonomy":"product_tag","embeddable":true,"href":"https:\/\/www.ortungsgerate.de\/ru\/wp-json\/wp\/v2\/product_tag?post=16544"}],"curies":[{"name":"wp","href":"https:\/\/api.w.org\/{rel}","templated":true}]}}