{"id":16546,"date":"2024-02-06T21:36:37","date_gmt":"2024-02-06T19:36:37","guid":{"rendered":"https:\/\/ortungsgerate.de\/be-kategorijos\/tusinukas-kamera-diktofonas-aukstos-kokybes-vaizdas\/"},"modified":"2025-11-26T19:01:36","modified_gmt":"2025-11-26T17:01:36","slug":"ruchka-kamera-diktofon-vysokoe-kachestvo-izobrazheniya","status":"publish","type":"product","link":"https:\/\/www.ortungsgerate.de\/ru\/12-skrytyje-kamery\/17-zamaskirovanyje-kamery\/ruchka-kamera-diktofon-vysokoe-kachestvo-izobrazheniya\/","title":{"rendered":"\u0420\u0443\u0447\u043a\u0430-\u043a\u0430\u043c\u0435\u0440\u0430 \/ \u0434\u0438\u043a\u0442\u043e\u0444\u043e\u043d, \u0432\u044b\u0441\u043e\u043a\u043e\u0435 \u043a\u0430\u0447\u0435\u0441\u0442\u0432\u043e \u0438\u0437\u043e\u0431\u0440\u0430\u0436\u0435\u043d\u0438\u044f"},"content":{"rendered":"<h3><strong>\u0422\u0415\u0425\u041d\u0418\u0427\u0415\u0421\u041a\u0418\u0415 \u041f\u0410\u0420\u0410\u041c\u0415\u0422\u0420\u042b:<\/strong><\/h3>\n<\/p>\n<ul>\n<li>Unterst\u00fctzung f\u00fcr Speicherkarten: micro SD \/ SDHC bis zu 32 GB (nicht im Lieferumfang enthalten)<\/li>\n<li>Videoaufnahme mit Ton<\/li>\n<li>Videoaufl\u00f6sung: HD 1600\u00a0x\u00a01200px<\/li>\n<li>\u0424\u043e\u0440\u043c\u0430\u0442 \u0432\u0438\u0434\u0435\u043e: AVI | 30fps<\/li>\n<li>Aufnahmewinkel:\u00a090 \u00b0<\/li>\n<li>Audio: Mikrofon mit Rauschunterdr\u00fcckungsfunktion\u00a0\u00a024KHz<strong><br \/><\/strong><\/li>\n<li>Anschlussschnittstelle: USB 1.1 und 2.0<\/li>\n<li>Wiederaufladbarer Akku: 3.7V\u00a0300mAh<\/li>\n<li>Kompatibilit\u00e4t: \u201eWindows, Mac OS\u201c<\/li>\n<li>\u0420\u0430\u0431\u043e\u0447\u0430\u044f \u0442\u0435\u043c\u043f\u0435\u0440\u0430\u0442\u0443\u0440\u0430: -10 \u00b0C ~ 60 \u00b0C<\/li>\n<li>Farbe: SCHWARZ (juoda) Gold<\/li>\n<li>Lieferumfang:\u00a0Kugelschreiber, Anleitung<\/li>\n<li><strong>\u0413\u0410\u0420\u0410\u041d\u0422\u0418\u042f 12 \u043c\u0435\u0441\u044f\u0446\u0435\u0432<\/strong><\/li>\n<\/ul>\n<p><span style=\"color:#d0121a;\"><strong> (auch an Wochenenden)  <\/strong><\/span><\/p>\n<p>Einsatzgebiet: F\u00fcr Ihre eigene Sicherheit und die Ihrer Kinder.<\/p>\n<\/p>\n<p>Kugelschreiber mit versteckter Kamera. Mit Hilfe dieses Ger\u00e4ts filmen Sie selbst die geheimsten Treffen, Gesch\u00e4ftsgespr\u00e4che oder sammeln die f\u00fcr Sie ben\u00f6tigten Beweise. Diese Kamera kann als Diktierger\u00e4t, Videokamera oder Fotoapparat verwendet werden.\u00a0\u00a0Das Bild wird im AVI-Format mit 30 Bildern pro Sekunde und einem Aufnahmewinkel von 90 Grad aufgezeichnet.\u00a0\u00a0In der versteckten Kamera ist ein interner 300mAh-Akku eingebaut. Dieser Kugelschreiber unterscheidet sich in nichts von einem gew\u00f6hnlichen Kugelschreiber f\u00fcr den t\u00e4glichen Gebrauch.\u00a0\u00a0Die Kamera verf\u00fcgt \u00fcber ein besonders kleines Objektiv mit nur 1 mm Durchmesser.\u00a0\u00a0Oben auf der Uhr befindet sich die Ein-\/Aus-Taste<\/p>\n<\/p>\n<p><strong>Kugelschreiber Kamera \/ Diktierger\u00e4t \u2013 hochwertige Bildqualit\u00e4t<\/strong><\/p>\n<p>Die Auswahl an versteckten Kameras ist derzeit recht gro\u00df, jedoch lassen sich nicht alle ausreichend gut tarnen. Das kann durchaus ein hohes Ma\u00df an Fachkenntnis und nat\u00fcrlich auch Erfahrung erfordern. Wenn Sie also Zweifel haben, ob eine bestimmte versteckte Kamera unentdeckt bleibt, w\u00e4hlen Sie Kameras, die in bestimmten Alltagsgegenst\u00e4nden verborgen sind. Eine der vorteilhaftesten Optionen ist ein Kugelschreiber mit versteckter Kamera: Einen solchen Gegenstand k\u00f6nnen Sie bedenkenlos auf dem Tisch oder an einem anderen gut sichtbaren Ort liegen lassen, ohne bef\u00fcrchten zu m\u00fcssen, dass sich anwesende Personen verd\u00e4chtigen, gefilmt zu werden.<\/p>\n<p>Getarnte Kameras k\u00f6nnen sich in sehr unterschiedlichen Alltagssituationen bew\u00e4hren: wenn Sie nachweisen m\u00f6chten, dass sich bestimmte Personen unehrlich verhalten, oder einfach dann, wenn Sie sicherstellen wollen, dass Mitarbeiter oder andere Personen keiner unerlaubten T\u00e4tigkeit nachgehen. Ein im Raum zur\u00fcckgelassener Kugelschreiber mit versteckter Kamera wird keinerlei Verdacht erregen, sodass die beobachteten Personen sich mit hoher Wahrscheinlichkeit so verhalten, wie sie es gewohnt sind. Genau das kann helfen, die Informationen zu sammeln, die Sie ben\u00f6tigen, und anschlie\u00dfend k\u00f6nnen Sie entsprechende Ma\u00dfnahmen ergreifen.<\/p>\n<p>Obwohl der Kugelschreiber mit versteckter Kamera ein kleines Ger\u00e4t ist, k\u00f6nnen Sie sicher sein, dass das aufgezeichnete Bild von hoher Qualit\u00e4t ist. Die Aufl\u00f6sung der Videoaufnahmen der versteckten Kamera betr\u00e4gt 1600&#215;1200 px, sodass die Bildqualit\u00e4t auf jeden Fall ausreicht, um die ben\u00f6tigten Informationen zu sammeln. Diese Kamera kann in einem Winkel von 90 Grad filmen, daher m\u00fcssen Sie lediglich \u00fcberlegen, wo Sie die getarnte Kamera am besten platzieren. Ebenfalls vorteilhaft ist, dass das integrierte Diktierger\u00e4t \u00fcber eine Rauschunterdr\u00fcckungsfunktion verf\u00fcgt, sodass Sie sicher sein k\u00f6nnen, dass nicht nur die Bild-, sondern auch die Tonaufnahmen eine gute Qualit\u00e4t aufweisen.<\/p>\n<p>Das Objektiv der versteckten Kamera ist sehr klein (nur 1 mm Durchmesser), aber das bedeutet keinesfalls, dass es nicht m\u00f6glich w\u00e4re, hochwertige Bilder aufzunehmen. Das Wichtigste ist, dass die Kamera w\u00e4hrend der Aufnahme nicht blinkt, sodass Sie sicher sein k\u00f6nnen, dass dieser Gegenstand keinerlei Verdacht erregt. Sie k\u00f6nnen diese Kamera zur Video- oder Audioaufnahme verwenden und bei Bedarf auch die Fotofunktion einschalten. Die Nutzung dieses Ger\u00e4ts ist sehr einfach, der Preis der Kamera ist \u00e4u\u00dferst attraktiv, und die erhaltenen vertraulichen Informationen k\u00f6nnen in bestimmten Situationen einfach unbezahlbar sein. Wenn Sie also von Zweifeln geplagt werden, k\u00f6nnen Sie diese ausr\u00e4umen, indem Sie dieses Ger\u00e4t erwerben.<\/p>","protected":false},"excerpt":{"rendered":"<p>TECHNISCHE PARAMETER: Unterst\u00fctzung f\u00fcr Speicherkarten: micro SD \/ SDHC bis zu 32 GB (nicht im Lieferumfang enthalten) Videoaufnahme mit Ton Videoaufl\u00f6sung: HD 1600\u00a0x\u00a01200px Videoformat: AVI&#8230;<\/p>","protected":false},"featured_media":1475,"template":"","meta":[],"etheme_brands":[],"product_brand":[],"product_cat":[204,203],"product_tag":[42,743,774,705,690],"class_list":{"0":"post-16546","1":"product","2":"type-product","3":"status-publish","4":"has-post-thumbnail","6":"product_cat-17-getarnte-kameras","7":"product_cat-12-versteckte-kameras","8":"product_tag-kamera","9":"product_tag-kugelschreiber-kamera","10":"product_tag-stiftkamera","11":"product_tag-ueberwachungskamera","12":"product_tag-versteckte-kamera","13":"pa_typ-kugelschreiber","15":"first","16":"outofstock","17":"taxable","18":"shipping-taxable","19":"purchasable","20":"product-type-simple"},"yoast_head":"<!-- This site is optimized with the Yoast SEO Premium plugin v25.9 (Yoast SEO v27.4) - https:\/\/yoast.com\/product\/yoast-seo-premium-wordpress\/ -->\n<title>Kugelschreiber Kamera \/ Diktierger\u00e4t hochqualitatives Bild<\/title>\n<meta name=\"description\" content=\"Tu\u0161inukas kamera \u2013 M\u00f6glichkeit, Video mit Audio aufzunehmen oder den Tu\u0161inukas als Diktierger\u00e4t zu verwenden. Unterst\u00fctzt microSD-Karten bis zu 32 GB. Sammeln Sie Beweise unauff\u00e4llig.\" \/>\n<meta name=\"robots\" content=\"index, follow, max-snippet:-1, max-image-preview:large, max-video-preview:-1\" \/>\n<link rel=\"canonical\" href=\"https:\/\/www.ortungsgerate.de\/ru\/12-skrytyje-kamery\/17-zamaskirovanyje-kamery\/ruchka-kamera-diktofon-vysokoe-kachestvo-izobrazheniya\/\" \/>\n<meta property=\"og:locale\" content=\"ru_RU\" \/>\n<meta property=\"og:type\" content=\"article\" \/>\n<meta property=\"og:title\" content=\"Kugelschreiber Kamera \/ Diktierger\u00e4t hochqualitatives Bild\" \/>\n<meta property=\"og:description\" content=\"Tu\u0161inukas kamera \u2013 M\u00f6glichkeit, Video mit Audio aufzunehmen oder den Tu\u0161inukas als Diktierger\u00e4t zu verwenden. Unterst\u00fctzt microSD-Karten bis zu 32 GB. Sammeln Sie Beweise unauff\u00e4llig.\" \/>\n<meta property=\"og:url\" content=\"https:\/\/www.ortungsgerate.de\/ru\/12-skrytyje-kamery\/17-zamaskirovanyje-kamery\/ruchka-kamera-diktofon-vysokoe-kachestvo-izobrazheniya\/\" \/>\n<meta property=\"og:site_name\" content=\"Ortungsger\u00e4te.de\" \/>\n<meta property=\"article:modified_time\" content=\"2025-11-26T17:01:36+00:00\" \/>\n<meta property=\"og:image\" content=\"https:\/\/www.ortungsgerate.de\/wp-content\/uploads\/tusinukas-kamera-diktofonas-aukstos-kokybes-vaizdas.jpg\" \/>\n\t<meta property=\"og:image:width\" content=\"500\" \/>\n\t<meta property=\"og:image:height\" content=\"500\" \/>\n\t<meta property=\"og:image:type\" content=\"image\/jpeg\" \/>\n<meta name=\"twitter:card\" content=\"summary_large_image\" \/>\n<meta name=\"twitter:label1\" content=\"\u041f\u0440\u0438\u043c\u0435\u0440\u043d\u043e\u0435 \u0432\u0440\u0435\u043c\u044f \u0434\u043b\u044f \u0447\u0442\u0435\u043d\u0438\u044f\" \/>\n\t<meta name=\"twitter:data1\" content=\"3 \u043c\u0438\u043d\u0443\u0442\u044b\" \/>\n<script type=\"application\/ld+json\" class=\"yoast-schema-graph\">{\"@context\":\"https:\\\/\\\/schema.org\",\"@graph\":[{\"@type\":\"WebPage\",\"@id\":\"https:\\\/\\\/www.ortungsgerate.de\\\/12-versteckte-kameras\\\/17-getarnte-kameras\\\/kugelschreiber-kamera-diktiergeraet-hochqualitatives-bild\\\/\",\"url\":\"https:\\\/\\\/www.ortungsgerate.de\\\/12-versteckte-kameras\\\/17-getarnte-kameras\\\/kugelschreiber-kamera-diktiergeraet-hochqualitatives-bild\\\/\",\"name\":\"Kugelschreiber Kamera \\\/ Diktierger\u00e4t hochqualitatives Bild\",\"isPartOf\":{\"@id\":\"https:\\\/\\\/www.ortungsgerate.de\\\/#website\"},\"primaryImageOfPage\":{\"@id\":\"https:\\\/\\\/www.ortungsgerate.de\\\/12-versteckte-kameras\\\/17-getarnte-kameras\\\/kugelschreiber-kamera-diktiergeraet-hochqualitatives-bild\\\/#primaryimage\"},\"image\":{\"@id\":\"https:\\\/\\\/www.ortungsgerate.de\\\/12-versteckte-kameras\\\/17-getarnte-kameras\\\/kugelschreiber-kamera-diktiergeraet-hochqualitatives-bild\\\/#primaryimage\"},\"thumbnailUrl\":\"https:\\\/\\\/www.ortungsgerate.de\\\/wp-content\\\/uploads\\\/tusinukas-kamera-diktofonas-aukstos-kokybes-vaizdas.jpg\",\"datePublished\":\"2024-02-06T19:36:37+00:00\",\"dateModified\":\"2025-11-26T17:01:36+00:00\",\"description\":\"Tu\u0161inukas kamera \u2013 M\u00f6glichkeit, Video mit Audio aufzunehmen oder den Tu\u0161inukas als Diktierger\u00e4t zu verwenden. Unterst\u00fctzt microSD-Karten bis zu 32 GB. Sammeln Sie Beweise unauff\u00e4llig.\",\"breadcrumb\":{\"@id\":\"https:\\\/\\\/www.ortungsgerate.de\\\/12-versteckte-kameras\\\/17-getarnte-kameras\\\/kugelschreiber-kamera-diktiergeraet-hochqualitatives-bild\\\/#breadcrumb\"},\"inLanguage\":\"ru-RU\",\"potentialAction\":[{\"@type\":\"ReadAction\",\"target\":[\"https:\\\/\\\/www.ortungsgerate.de\\\/12-versteckte-kameras\\\/17-getarnte-kameras\\\/kugelschreiber-kamera-diktiergeraet-hochqualitatives-bild\\\/\"]}]},{\"@type\":\"ImageObject\",\"inLanguage\":\"ru-RU\",\"@id\":\"https:\\\/\\\/www.ortungsgerate.de\\\/12-versteckte-kameras\\\/17-getarnte-kameras\\\/kugelschreiber-kamera-diktiergeraet-hochqualitatives-bild\\\/#primaryimage\",\"url\":\"https:\\\/\\\/www.ortungsgerate.de\\\/wp-content\\\/uploads\\\/tusinukas-kamera-diktofonas-aukstos-kokybes-vaizdas.jpg\",\"contentUrl\":\"https:\\\/\\\/www.ortungsgerate.de\\\/wp-content\\\/uploads\\\/tusinukas-kamera-diktofonas-aukstos-kokybes-vaizdas.jpg\",\"width\":500,\"height\":500,\"caption\":\"Versteckte Kamera im Kugelschreiber Parker\"},{\"@type\":\"BreadcrumbList\",\"@id\":\"https:\\\/\\\/www.ortungsgerate.de\\\/12-versteckte-kameras\\\/17-getarnte-kameras\\\/kugelschreiber-kamera-diktiergeraet-hochqualitatives-bild\\\/#breadcrumb\",\"itemListElement\":[{\"@type\":\"ListItem\",\"position\":1,\"name\":\"Startseite\",\"item\":\"https:\\\/\\\/www.ortungsgerate.de\\\/\"},{\"@type\":\"ListItem\",\"position\":2,\"name\":\"Shop\",\"item\":\"https:\\\/\\\/www.ortungsgerate.de\\\/shop\\\/\"},{\"@type\":\"ListItem\",\"position\":3,\"name\":\"Kugelschreiber Kamera \\\/ Diktierger\u00e4t hochqualitatives Bild\"}]},{\"@type\":\"WebSite\",\"@id\":\"https:\\\/\\\/www.ortungsgerate.de\\\/#website\",\"url\":\"https:\\\/\\\/www.ortungsgerate.de\\\/\",\"name\":\"Ortungsgerate.de\",\"description\":\"\",\"publisher\":{\"@id\":\"https:\\\/\\\/www.ortungsgerate.de\\\/#organization\"},\"potentialAction\":[{\"@type\":\"SearchAction\",\"target\":{\"@type\":\"EntryPoint\",\"urlTemplate\":\"https:\\\/\\\/www.ortungsgerate.de\\\/?s={search_term_string}\"},\"query-input\":{\"@type\":\"PropertyValueSpecification\",\"valueRequired\":true,\"valueName\":\"search_term_string\"}}],\"inLanguage\":\"ru-RU\"},{\"@type\":\"Organization\",\"@id\":\"https:\\\/\\\/www.ortungsgerate.de\\\/#organization\",\"name\":\"Ortungsgerate.de\",\"url\":\"https:\\\/\\\/www.ortungsgerate.de\\\/\",\"logo\":{\"@type\":\"ImageObject\",\"inLanguage\":\"ru-RU\",\"@id\":\"https:\\\/\\\/www.ortungsgerate.de\\\/#\\\/schema\\\/logo\\\/image\\\/\",\"url\":\"https:\\\/\\\/www.ortungsgerate.de\\\/wp-content\\\/uploads\\\/ortungsgerate.png\",\"contentUrl\":\"https:\\\/\\\/www.ortungsgerate.de\\\/wp-content\\\/uploads\\\/ortungsgerate.png\",\"width\":500,\"height\":135,\"caption\":\"Ortungsgerate.de\"},\"image\":{\"@id\":\"https:\\\/\\\/www.ortungsgerate.de\\\/#\\\/schema\\\/logo\\\/image\\\/\"}}]}<\/script>\n<!-- \/ Yoast SEO Premium plugin. -->","yoast_head_json":{"title":"\u0420\u0443\u0447\u043a\u0430-\u043a\u0430\u043c\u0435\u0440\u0430 \/ \u0434\u0438\u043a\u0442\u043e\u0444\u043e\u043d, \u0432\u044b\u0441\u043e\u043a\u043e\u0435 \u043a\u0430\u0447\u0435\u0441\u0442\u0432\u043e \u0438\u0437\u043e\u0431\u0440\u0430\u0436\u0435\u043d\u0438\u044f","description":"Tu\u0161inukas kamera \u2013 M\u00f6glichkeit, Video mit Audio aufzunehmen oder den Tu\u0161inukas als Diktierger\u00e4t zu verwenden. Unterst\u00fctzt microSD-Karten bis zu 32 GB. Sammeln Sie Beweise unauff\u00e4llig.","robots":{"index":"index","follow":"follow","max-snippet":"max-snippet:-1","max-image-preview":"max-image-preview:large","max-video-preview":"max-video-preview:-1"},"canonical":"https:\/\/www.ortungsgerate.de\/ru\/12-skrytyje-kamery\/17-zamaskirovanyje-kamery\/ruchka-kamera-diktofon-vysokoe-kachestvo-izobrazheniya\/","og_locale":"ru_RU","og_type":"article","og_title":"Kugelschreiber Kamera \/ Diktierger\u00e4t hochqualitatives Bild","og_description":"Tu\u0161inukas kamera \u2013 M\u00f6glichkeit, Video mit Audio aufzunehmen oder den Tu\u0161inukas als Diktierger\u00e4t zu verwenden. Unterst\u00fctzt microSD-Karten bis zu 32 GB. Sammeln Sie Beweise unauff\u00e4llig.","og_url":"https:\/\/www.ortungsgerate.de\/ru\/12-skrytyje-kamery\/17-zamaskirovanyje-kamery\/ruchka-kamera-diktofon-vysokoe-kachestvo-izobrazheniya\/","og_site_name":"Ortungsger\u00e4te.de","article_modified_time":"2025-11-26T17:01:36+00:00","og_image":[{"width":500,"height":500,"url":"https:\/\/www.ortungsgerate.de\/wp-content\/uploads\/tusinukas-kamera-diktofonas-aukstos-kokybes-vaizdas.jpg","type":"image\/jpeg"}],"twitter_card":"summary_large_image","twitter_misc":{"\u041f\u0440\u0438\u043c\u0435\u0440\u043d\u043e\u0435 \u0432\u0440\u0435\u043c\u044f \u0434\u043b\u044f \u0447\u0442\u0435\u043d\u0438\u044f":"3 \u043c\u0438\u043d\u0443\u0442\u044b"},"schema":{"@context":"https:\/\/schema.org","@graph":[{"@type":"WebPage","@id":"https:\/\/www.ortungsgerate.de\/12-versteckte-kameras\/17-getarnte-kameras\/kugelschreiber-kamera-diktiergeraet-hochqualitatives-bild\/","url":"https:\/\/www.ortungsgerate.de\/12-versteckte-kameras\/17-getarnte-kameras\/kugelschreiber-kamera-diktiergeraet-hochqualitatives-bild\/","name":"\u0420\u0443\u0447\u043a\u0430-\u043a\u0430\u043c\u0435\u0440\u0430 \/ \u0434\u0438\u043a\u0442\u043e\u0444\u043e\u043d, \u0432\u044b\u0441\u043e\u043a\u043e\u0435 \u043a\u0430\u0447\u0435\u0441\u0442\u0432\u043e \u0438\u0437\u043e\u0431\u0440\u0430\u0436\u0435\u043d\u0438\u044f","isPartOf":{"@id":"https:\/\/www.ortungsgerate.de\/#website"},"primaryImageOfPage":{"@id":"https:\/\/www.ortungsgerate.de\/12-versteckte-kameras\/17-getarnte-kameras\/kugelschreiber-kamera-diktiergeraet-hochqualitatives-bild\/#primaryimage"},"image":{"@id":"https:\/\/www.ortungsgerate.de\/12-versteckte-kameras\/17-getarnte-kameras\/kugelschreiber-kamera-diktiergeraet-hochqualitatives-bild\/#primaryimage"},"thumbnailUrl":"https:\/\/www.ortungsgerate.de\/wp-content\/uploads\/tusinukas-kamera-diktofonas-aukstos-kokybes-vaizdas.jpg","datePublished":"2024-02-06T19:36:37+00:00","dateModified":"2025-11-26T17:01:36+00:00","description":"Tu\u0161inukas kamera \u2013 M\u00f6glichkeit, Video mit Audio aufzunehmen oder den Tu\u0161inukas als Diktierger\u00e4t zu verwenden. Unterst\u00fctzt microSD-Karten bis zu 32 GB. Sammeln Sie Beweise unauff\u00e4llig.","breadcrumb":{"@id":"https:\/\/www.ortungsgerate.de\/12-versteckte-kameras\/17-getarnte-kameras\/kugelschreiber-kamera-diktiergeraet-hochqualitatives-bild\/#breadcrumb"},"inLanguage":"ru-RU","potentialAction":[{"@type":"ReadAction","target":["https:\/\/www.ortungsgerate.de\/12-versteckte-kameras\/17-getarnte-kameras\/kugelschreiber-kamera-diktiergeraet-hochqualitatives-bild\/"]}]},{"@type":"ImageObject","inLanguage":"ru-RU","@id":"https:\/\/www.ortungsgerate.de\/12-versteckte-kameras\/17-getarnte-kameras\/kugelschreiber-kamera-diktiergeraet-hochqualitatives-bild\/#primaryimage","url":"https:\/\/www.ortungsgerate.de\/wp-content\/uploads\/tusinukas-kamera-diktofonas-aukstos-kokybes-vaizdas.jpg","contentUrl":"https:\/\/www.ortungsgerate.de\/wp-content\/uploads\/tusinukas-kamera-diktofonas-aukstos-kokybes-vaizdas.jpg","width":500,"height":500,"caption":"Versteckte Kamera im Kugelschreiber Parker"},{"@type":"BreadcrumbList","@id":"https:\/\/www.ortungsgerate.de\/12-versteckte-kameras\/17-getarnte-kameras\/kugelschreiber-kamera-diktiergeraet-hochqualitatives-bild\/#breadcrumb","itemListElement":[{"@type":"ListItem","position":1,"name":"Startseite","item":"https:\/\/www.ortungsgerate.de\/"},{"@type":"ListItem","position":2,"name":"Shop","item":"https:\/\/www.ortungsgerate.de\/shop\/"},{"@type":"ListItem","position":3,"name":"Kugelschreiber Kamera \/ Diktierger\u00e4t hochqualitatives Bild"}]},{"@type":"WebSite","@id":"https:\/\/www.ortungsgerate.de\/#website","url":"https:\/\/www.ortungsgerate.de\/","name":"Ortungsgerate.de","description":"","publisher":{"@id":"https:\/\/www.ortungsgerate.de\/#organization"},"potentialAction":[{"@type":"SearchAction","target":{"@type":"EntryPoint","urlTemplate":"https:\/\/www.ortungsgerate.de\/?s={search_term_string}"},"query-input":{"@type":"PropertyValueSpecification","valueRequired":true,"valueName":"search_term_string"}}],"inLanguage":"ru-RU"},{"@type":"Organization","@id":"https:\/\/www.ortungsgerate.de\/#organization","name":"Ortungsgerate.de","url":"https:\/\/www.ortungsgerate.de\/","logo":{"@type":"ImageObject","inLanguage":"ru-RU","@id":"https:\/\/www.ortungsgerate.de\/#\/schema\/logo\/image\/","url":"https:\/\/www.ortungsgerate.de\/wp-content\/uploads\/ortungsgerate.png","contentUrl":"https:\/\/www.ortungsgerate.de\/wp-content\/uploads\/ortungsgerate.png","width":500,"height":135,"caption":"Ortungsgerate.de"},"image":{"@id":"https:\/\/www.ortungsgerate.de\/#\/schema\/logo\/image\/"}}]}},"_links":{"self":[{"href":"https:\/\/www.ortungsgerate.de\/ru\/wp-json\/wp\/v2\/product\/16546","targetHints":{"allow":["GET"]}}],"collection":[{"href":"https:\/\/www.ortungsgerate.de\/ru\/wp-json\/wp\/v2\/product"}],"about":[{"href":"https:\/\/www.ortungsgerate.de\/ru\/wp-json\/wp\/v2\/types\/product"}],"version-history":[{"count":0,"href":"https:\/\/www.ortungsgerate.de\/ru\/wp-json\/wp\/v2\/product\/16546\/revisions"}],"wp:featuredmedia":[{"embeddable":true,"href":"https:\/\/www.ortungsgerate.de\/ru\/wp-json\/wp\/v2\/media\/1475"}],"wp:attachment":[{"href":"https:\/\/www.ortungsgerate.de\/ru\/wp-json\/wp\/v2\/media?parent=16546"}],"wp:term":[{"taxonomy":"brand","embeddable":true,"href":"https:\/\/www.ortungsgerate.de\/ru\/wp-json\/wp\/v2\/etheme_brands?post=16546"},{"taxonomy":"product_brand","embeddable":true,"href":"https:\/\/www.ortungsgerate.de\/ru\/wp-json\/wp\/v2\/product_brand?post=16546"},{"taxonomy":"product_cat","embeddable":true,"href":"https:\/\/www.ortungsgerate.de\/ru\/wp-json\/wp\/v2\/product_cat?post=16546"},{"taxonomy":"product_tag","embeddable":true,"href":"https:\/\/www.ortungsgerate.de\/ru\/wp-json\/wp\/v2\/product_tag?post=16546"}],"curies":[{"name":"wp","href":"https:\/\/api.w.org\/{rel}","templated":true}]}}