{"id":16547,"date":"2024-02-06T21:36:37","date_gmt":"2024-02-06T19:36:37","guid":{"rendered":"https:\/\/ortungsgerate.de\/be-kategorijos\/slapta-kamera-radijas-su-oru-stotele-wi-fi-oru-prognoze-naktinis-matymas\/"},"modified":"2025-12-01T11:26:01","modified_gmt":"2025-12-01T10:26:01","slug":"skrytaya-kamera-radio-s-meteostantsiey-wi-fi-prognoz-pogody-nochnoe-videnie-2","status":"publish","type":"product","link":"https:\/\/www.ortungsgerate.de\/ru\/12-skrytyje-kamery\/17-zamaskirovanyje-kamery\/skrytaya-kamera-radio-s-meteostantsiey-wi-fi-prognoz-pogody-nochnoe-videnie-2\/","title":{"rendered":"\u0421\u043a\u0440\u044b\u0442\u0430\u044f \u043a\u0430\u043c\u0435\u0440\u0430 \u0440\u0430\u0434\u0438\u043e \u0441 \u043c\u0435\u0442\u0435\u043e\u0441\u0442\u0430\u043d\u0446\u0438\u0435\u0439 | Wi-Fi | \u041f\u0440\u043e\u0433\u043d\u043e\u0437 \u043f\u043e\u0433\u043e\u0434\u044b | \u041d\u043e\u0447\u043d\u043e\u0435 \u0432\u0438\u0434\u0435\u043d\u0438\u0435 |"},"content":{"rendered":"<h3><strong>\u0422\u0435\u0445\u043d\u0438\u0447\u0435\u0441\u043a\u0438\u0435 \u043f\u0430\u0440\u0430\u043c\u0435\u0442\u0440\u044b:<\/strong><\/h3>\n<ul>\n<li>\u0423\u0434\u0430\u043b\u0435\u043d\u043d\u044b\u0439 \u0434\u043e\u0441\u0442\u0443\u043f \u043a \u0432\u0438\u0434\u0435\u043e \u0432 \u0440\u0435\u0430\u043b\u044c\u043d\u043e\u043c \u0432\u0440\u0435\u043c\u0435\u043d\u0438: \u0414\u0410<\/li>\n<li>\u0412\u0438\u0434\u0435\u043e\u0437\u0430\u043f\u0438\u0441\u044c \u0441\u043e \u0437\u0432\u0443\u043a\u043e\u043c<\/li>\n<li>UKW-Radio \u2013 funktioniert, wenn die Videoaufzeichnung ausgeschaltet ist<\/li>\n<li>Videoqualit\u00e4t: Live-Ansicht: HD 1920*1080<\/li>\n<li>Fotoaufl\u00f6sung: 4032*3024<\/li>\n<li>\u0423\u0432\u0435\u0434\u043e\u043c\u043b\u0435\u043d\u0438\u044f \u043f\u0440\u0438 \u043e\u0431\u043d\u0430\u0440\u0443\u0436\u0435\u043d\u0438\u0438 \u0434\u0432\u0438\u0436\u0435\u043d\u0438\u044f (Push-\u0443\u0432\u0435\u0434\u043e\u043c\u043b\u0435\u043d\u0438\u0435)<\/li>\n<li>Objektiv: dreht sich 330 Grad (\u00fcber die App)<\/li>\n<li>Speicherkartenunterst\u00fctzung: 128 GB (Speicherkarte nicht im Lieferumfang)<\/li>\n<li>Video\u00fcberwachung: per Telefon oder Computer (Live \u00fcber das Internet)<\/li>\n<li>Betriebszeit mit Akku: ca. 3 Stunden \u2013 \u00fcber Netzteil 24\/7<\/li>\n<li>Akkukapazit\u00e4t: 3000 mAh<\/li>\n<li>220V-Adapter (f\u00fcr den dauerhaften Anschluss an das Stromnetz)<\/li>\n<li>Innenraum-Temperatursensor, Feuchtigkeitssensor, Mondphasenanzeige<\/li>\n<li>Nachtaufzeichnung: JA, 3-6 Meter<\/li>\n<li>Aufzeichnung zu frei w\u00e4hlbaren Zeiten: JA<\/li>\n<li>\u041e\u0431\u043d\u0430\u0440\u0443\u0436\u0435\u043d\u0438\u0435 \u0434\u0432\u0438\u0436\u0435\u043d\u0438\u044f: \u0414\u0410, \u0446\u0438\u0444\u0440\u043e\u0432\u043e\u0435<\/li>\n<li>Sichtwinkel: 90\u00b0<\/li>\n<li>\u0424\u043e\u0440\u043c\u0430\u0442 \u0441\u0436\u0430\u0442\u0438\u044f: AVI H.264<\/li>\n<li>Videoformat: AVI<\/li>\n<li>Systeme: \u201eiOS\u201d, \u201eAndroid\u201d, \u201eWindows\u201d, \u201eWindows 7 \/ 8 \/ 10\u201d<\/li>\n<li>App: \u201eCAM VIP\u201c<\/li>\n<li>Stromversorgung: interner oder externer Akku; 5V-Stromanschluss<\/li>\n<li>Wi-Fi: Vorhanden<\/li>\n<li><strong>\u0413\u0410\u0420\u0410\u041d\u0422\u0418\u042f 12 \u043c\u0435\u0441\u044f\u0446\u0435\u0432<\/strong><\/li>\n<\/ul>\n<p><span style=\"color: #d0121a;\"><\/span><\/p>\n<p><span style=\"color: #000000;\"><strong>Einsatzbereiche:<\/strong> F\u00fcr Ihre eigene Sicherheit und die Sicherheit Ihrer Kinder.<\/span><\/p>\n<p><span lang=\"lt\">Die versteckte Kamera ist auf dem Markt sicherlich keine Neuheit, daher k\u00f6nnen wir uns heute freuen, dass solche Ger\u00e4te immer moderner werden und ihre Nutzung keinen besonderen Aufwand erfordert. Die Kamera-Radio-Kombination mit Wetterstation ist zweifellos eine der besten Optionen, wenn eine einfache und reibungslose Aufzeichnung versteckter Videoaufnahmen angestrebt wird.<\/span><\/p>\n<p><strong><span lang=\"lt\">Funktionales Ger\u00e4t<\/span><\/strong><\/p>\n<p><span lang=\"lt\">Die versteckte Kamera-Radio-Kombination mit Wetterstation ist nicht nur dann n\u00fctzlich, wenn Sie Bilder aufzeichnen m\u00f6chten, sondern auch im Alltag. Diese Kamera funktioniert wie ein normales Radio und bietet zudem weitere n\u00fctzliche Funktionen: Das Ger\u00e4t misst die Raumtemperatur und die relative Luftfeuchtigkeit, und wenn Sie Uhrzeit und Datum einstellen, k\u00f6nnen Sie sehen, in welcher Mondphase sich der Mond aktuell befindet. Ein solches Ger\u00e4t, im Raum platziert, erregt keinerlei Verdacht, sodass Sie unauff\u00e4llig Videoaufnahmen aufzeichnen k\u00f6nnen. Wichtig zu wissen ist nur, dass die UKW-Radiofunktion nur dann arbeitet, wenn die Videoaufzeichnung ausgeschaltet ist.<\/span><\/p>\n<p><strong><span lang=\"lt\">Hochwertige Videoaufnahmen<\/span><\/strong><\/p>\n<p><span lang=\"lt\">Das UKW-Radio mit versteckter Kamera gew\u00e4hrleistet eine hochwertige Videoaufzeichnung: Die Videoqualit\u00e4t betr\u00e4gt HD 1920&#215;1080 px, die Fotoaufl\u00f6sung 4032&#215;3024 px. Das Objektiv dreht sich um 330 Grad, sodass Sie sicher sein k\u00f6nnen, dass Videoaufnahmen aus unterschiedlichen Blickwinkeln aufgezeichnet werden k\u00f6nnen.<\/span><\/p>\n<p><strong><span lang=\"lt\">Fernansicht der Videoaufnahmen<\/span><\/strong><\/p>\n<p><span lang=\"lt\">Sie haben nicht nur die M\u00f6glichkeit, die Videoaufnahmen auf einen Computer zu \u00fcbertragen (im Ger\u00e4t wird eine 128 GB Speicherkarte eingesetzt), sondern diese auch aus der Ferne anzusehen. Sie erhalten Benachrichtigungen \u00fcber erkannte Bewegungen, sodass Sie nicht st\u00e4ndig \u00fcberpr\u00fcfen m\u00fcssen, ob im Raum etwas geschieht. Die versteckte Kamera verf\u00fcgt \u00fcber eine spezielle App, die mit den Systemen \u201eiOS\u201d, \u201eAndroid\u201d, \u201eWindows\u201d und \u201eWindows 7 \/ 8 \/ 10\u201d kompatibel ist, sodass die Video\u00fcberwachung keinerlei Schwierigkeiten bereitet.<\/span><\/p>\n<p><strong><span lang=\"lt\">Akku der versteckten Kamera<\/span><\/strong><\/p>\n<p><span lang=\"lt\">Das Radio mit versteckter Kamera verwendet einen 3000 mAh Akku, mit dem Sie nach dem Aufladen etwa drei Stunden lang Bilder aufzeichnen k\u00f6nnen. Wenn Sie bef\u00fcrchten, dass der Akku des Ger\u00e4ts im unpassendsten Moment leer werden k\u00f6nnte, k\u00f6nnen Sie die versteckte Kamera \u00fcber eine Steckdose mit Strom versorgen.<\/span><\/p>\n<p><span lang=\"lt\">Das Radio mit versteckter Kamera bietet au\u00dferdem die M\u00f6glichkeit, die Bildaufzeichnung zu einem von Ihnen gew\u00e4hlten Zeitpunkt zu starten, was die Nutzung dieses Ger\u00e4ts noch einfacher macht. Sie k\u00f6nnen ausw\u00e4hlen<\/span><\/p>","protected":false},"excerpt":{"rendered":"<p>Technische Parameter: Fernzugriff auf Live-Video: JA Videoaufzeichnung mit Ton UKW-Radio \u2013 funktioniert, wenn die Videoaufzeichnung ausgeschaltet ist Videoqualit\u00e4t: Live-Ansicht: HD 1920*1080 Fotoaufl\u00f6sung: 4032*3024 Benachrichtigungen bei&#8230;<\/p>","protected":false},"featured_media":26414,"template":"","meta":[],"etheme_brands":[],"product_brand":[],"product_cat":[204,203,205],"product_tag":[753,42,707,775,705,690,693],"class_list":{"0":"post-16547","1":"product","2":"type-product","3":"status-publish","4":"has-post-thumbnail","6":"product_cat-17-getarnte-kameras","7":"product_cat-12-versteckte-kameras","8":"product_cat-27-wlan-minikameras","9":"product_tag-getarnte-kamera","10":"product_tag-kamera","11":"product_tag-kamera-uhr","12":"product_tag-radio-kamera","13":"product_tag-ueberwachungskamera","14":"product_tag-versteckte-kamera","15":"product_tag-wlan-kamera","16":"pa_typ-lautsprecher","17":"pa_typ-tischuhren","18":"pa_typ-wetterstationen","20":"first","21":"outofstock","22":"taxable","23":"shipping-taxable","24":"purchasable","25":"product-type-simple"},"yoast_head":"<!-- This site is optimized with the Yoast SEO Premium plugin v25.9 (Yoast SEO v27.4) - https:\/\/yoast.com\/product\/yoast-seo-premium-wordpress\/ -->\n<title>Radio mit versteckter Kamera | Nachtsicht | Live-\u00dcberwachung |<\/title>\n<meta name=\"description\" content=\"Radio mit integrierter versteckter \u00dcberwachungskamera. M\u00f6glichkeit, das Bild live \u00fcber das Internet zu verfolgen, mit Nachtsichtfunktion. Bildqualit\u00e4t in h\u00f6chster G\u00fcte. 24\/7\" \/>\n<meta name=\"robots\" content=\"index, follow, max-snippet:-1, max-image-preview:large, max-video-preview:-1\" \/>\n<link rel=\"canonical\" href=\"https:\/\/www.ortungsgerate.de\/ru\/12-skrytyje-kamery\/27-wlan-mini-kamery\/skrytaya-kamera-radio-s-meteostantsiey-wi-fi-prognoz-pogody-nochnoe-videnie-2\/\" \/>\n<meta property=\"og:locale\" content=\"ru_RU\" \/>\n<meta property=\"og:type\" content=\"article\" \/>\n<meta property=\"og:title\" content=\"Versteckte Kamera Radio mit Wetterstation | Wi-Fi | Wettervorhersage | Nachtsicht |\" \/>\n<meta property=\"og:description\" content=\"Radio mit integrierter versteckter \u00dcberwachungskamera. M\u00f6glichkeit, das Bild live \u00fcber das Internet zu verfolgen, mit Nachtsichtfunktion. Bildqualit\u00e4t in h\u00f6chster G\u00fcte. 24\/7\" \/>\n<meta property=\"og:url\" content=\"https:\/\/www.ortungsgerate.de\/ru\/12-skrytyje-kamery\/27-wlan-mini-kamery\/skrytaya-kamera-radio-s-meteostantsiey-wi-fi-prognoz-pogody-nochnoe-videnie-2\/\" \/>\n<meta property=\"og:site_name\" content=\"Ortungsger\u00e4te.de\" \/>\n<meta property=\"article:modified_time\" content=\"2025-12-01T10:26:01+00:00\" \/>\n<meta property=\"og:image\" content=\"https:\/\/www.ortungsgerate.de\/wp-content\/uploads\/radijas-slapta-kamera.jpg\" \/>\n\t<meta property=\"og:image:width\" content=\"458\" \/>\n\t<meta property=\"og:image:height\" content=\"458\" \/>\n\t<meta property=\"og:image:type\" content=\"image\/jpeg\" \/>\n<meta name=\"twitter:card\" content=\"summary_large_image\" \/>\n<meta name=\"twitter:label1\" content=\"\u041f\u0440\u0438\u043c\u0435\u0440\u043d\u043e\u0435 \u0432\u0440\u0435\u043c\u044f \u0434\u043b\u044f \u0447\u0442\u0435\u043d\u0438\u044f\" \/>\n\t<meta name=\"twitter:data1\" content=\"3 \u043c\u0438\u043d\u0443\u0442\u044b\" \/>\n<script type=\"application\/ld+json\" class=\"yoast-schema-graph\">{\"@context\":\"https:\\\/\\\/schema.org\",\"@graph\":[{\"@type\":\"WebPage\",\"@id\":\"https:\\\/\\\/www.ortungsgerate.de\\\/12-versteckte-kameras\\\/27-wlan-minikameras\\\/versteckte-kamera-radio-mit-wetterstation-wi-fi-wettervorhersage-nachtsicht\\\/\",\"url\":\"https:\\\/\\\/www.ortungsgerate.de\\\/12-versteckte-kameras\\\/27-wlan-minikameras\\\/versteckte-kamera-radio-mit-wetterstation-wi-fi-wettervorhersage-nachtsicht\\\/\",\"name\":\"Radio mit versteckter Kamera | Nachtsicht | Live-\u00dcberwachung |\",\"isPartOf\":{\"@id\":\"https:\\\/\\\/www.ortungsgerate.de\\\/#website\"},\"primaryImageOfPage\":{\"@id\":\"https:\\\/\\\/www.ortungsgerate.de\\\/12-versteckte-kameras\\\/27-wlan-minikameras\\\/versteckte-kamera-radio-mit-wetterstation-wi-fi-wettervorhersage-nachtsicht\\\/#primaryimage\"},\"image\":{\"@id\":\"https:\\\/\\\/www.ortungsgerate.de\\\/12-versteckte-kameras\\\/27-wlan-minikameras\\\/versteckte-kamera-radio-mit-wetterstation-wi-fi-wettervorhersage-nachtsicht\\\/#primaryimage\"},\"thumbnailUrl\":\"https:\\\/\\\/www.ortungsgerate.de\\\/wp-content\\\/uploads\\\/radijas-slapta-kamera.jpg\",\"datePublished\":\"2024-02-06T19:36:37+00:00\",\"dateModified\":\"2025-12-01T10:26:01+00:00\",\"description\":\"Radio mit integrierter versteckter \u00dcberwachungskamera. M\u00f6glichkeit, das Bild live \u00fcber das Internet zu verfolgen, mit Nachtsichtfunktion. Bildqualit\u00e4t in h\u00f6chster G\u00fcte. 24\\\/7\",\"breadcrumb\":{\"@id\":\"https:\\\/\\\/www.ortungsgerate.de\\\/12-versteckte-kameras\\\/27-wlan-minikameras\\\/versteckte-kamera-radio-mit-wetterstation-wi-fi-wettervorhersage-nachtsicht\\\/#breadcrumb\"},\"inLanguage\":\"ru-RU\",\"potentialAction\":[{\"@type\":\"ReadAction\",\"target\":[\"https:\\\/\\\/www.ortungsgerate.de\\\/12-versteckte-kameras\\\/27-wlan-minikameras\\\/versteckte-kamera-radio-mit-wetterstation-wi-fi-wettervorhersage-nachtsicht\\\/\"]}]},{\"@type\":\"ImageObject\",\"inLanguage\":\"ru-RU\",\"@id\":\"https:\\\/\\\/www.ortungsgerate.de\\\/12-versteckte-kameras\\\/27-wlan-minikameras\\\/versteckte-kamera-radio-mit-wetterstation-wi-fi-wettervorhersage-nachtsicht\\\/#primaryimage\",\"url\":\"https:\\\/\\\/www.ortungsgerate.de\\\/wp-content\\\/uploads\\\/radijas-slapta-kamera.jpg\",\"contentUrl\":\"https:\\\/\\\/www.ortungsgerate.de\\\/wp-content\\\/uploads\\\/radijas-slapta-kamera.jpg\",\"width\":458,\"height\":458,\"caption\":\"Radio getarnte Kamera\"},{\"@type\":\"BreadcrumbList\",\"@id\":\"https:\\\/\\\/www.ortungsgerate.de\\\/12-versteckte-kameras\\\/27-wlan-minikameras\\\/versteckte-kamera-radio-mit-wetterstation-wi-fi-wettervorhersage-nachtsicht\\\/#breadcrumb\",\"itemListElement\":[{\"@type\":\"ListItem\",\"position\":1,\"name\":\"Startseite\",\"item\":\"https:\\\/\\\/www.ortungsgerate.de\\\/\"},{\"@type\":\"ListItem\",\"position\":2,\"name\":\"Shop\",\"item\":\"https:\\\/\\\/www.ortungsgerate.de\\\/shop\\\/\"},{\"@type\":\"ListItem\",\"position\":3,\"name\":\"Versteckte Kamera Radio mit Wetterstation | Wi-Fi | Wettervorhersage | Nachtsicht |\"}]},{\"@type\":\"WebSite\",\"@id\":\"https:\\\/\\\/www.ortungsgerate.de\\\/#website\",\"url\":\"https:\\\/\\\/www.ortungsgerate.de\\\/\",\"name\":\"Ortungsgerate.de\",\"description\":\"\",\"publisher\":{\"@id\":\"https:\\\/\\\/www.ortungsgerate.de\\\/#organization\"},\"potentialAction\":[{\"@type\":\"SearchAction\",\"target\":{\"@type\":\"EntryPoint\",\"urlTemplate\":\"https:\\\/\\\/www.ortungsgerate.de\\\/?s={search_term_string}\"},\"query-input\":{\"@type\":\"PropertyValueSpecification\",\"valueRequired\":true,\"valueName\":\"search_term_string\"}}],\"inLanguage\":\"ru-RU\"},{\"@type\":\"Organization\",\"@id\":\"https:\\\/\\\/www.ortungsgerate.de\\\/#organization\",\"name\":\"Ortungsgerate.de\",\"url\":\"https:\\\/\\\/www.ortungsgerate.de\\\/\",\"logo\":{\"@type\":\"ImageObject\",\"inLanguage\":\"ru-RU\",\"@id\":\"https:\\\/\\\/www.ortungsgerate.de\\\/#\\\/schema\\\/logo\\\/image\\\/\",\"url\":\"https:\\\/\\\/www.ortungsgerate.de\\\/wp-content\\\/uploads\\\/ortungsgerate.png\",\"contentUrl\":\"https:\\\/\\\/www.ortungsgerate.de\\\/wp-content\\\/uploads\\\/ortungsgerate.png\",\"width\":500,\"height\":135,\"caption\":\"Ortungsgerate.de\"},\"image\":{\"@id\":\"https:\\\/\\\/www.ortungsgerate.de\\\/#\\\/schema\\\/logo\\\/image\\\/\"}}]}<\/script>\n<!-- \/ Yoast SEO Premium plugin. -->","yoast_head_json":{"title":"Radio mit versteckter Kamera | Nachtsicht | Live-\u00dcberwachung |","description":"Radio mit integrierter versteckter \u00dcberwachungskamera. M\u00f6glichkeit, das Bild live \u00fcber das Internet zu verfolgen, mit Nachtsichtfunktion. Bildqualit\u00e4t in h\u00f6chster G\u00fcte. 24\/7","robots":{"index":"index","follow":"follow","max-snippet":"max-snippet:-1","max-image-preview":"max-image-preview:large","max-video-preview":"max-video-preview:-1"},"canonical":"https:\/\/www.ortungsgerate.de\/ru\/12-skrytyje-kamery\/27-wlan-mini-kamery\/skrytaya-kamera-radio-s-meteostantsiey-wi-fi-prognoz-pogody-nochnoe-videnie-2\/","og_locale":"ru_RU","og_type":"article","og_title":"Versteckte Kamera Radio mit Wetterstation | Wi-Fi | Wettervorhersage | Nachtsicht |","og_description":"Radio mit integrierter versteckter \u00dcberwachungskamera. M\u00f6glichkeit, das Bild live \u00fcber das Internet zu verfolgen, mit Nachtsichtfunktion. Bildqualit\u00e4t in h\u00f6chster G\u00fcte. 24\/7","og_url":"https:\/\/www.ortungsgerate.de\/ru\/12-skrytyje-kamery\/27-wlan-mini-kamery\/skrytaya-kamera-radio-s-meteostantsiey-wi-fi-prognoz-pogody-nochnoe-videnie-2\/","og_site_name":"Ortungsger\u00e4te.de","article_modified_time":"2025-12-01T10:26:01+00:00","og_image":[{"width":458,"height":458,"url":"https:\/\/www.ortungsgerate.de\/wp-content\/uploads\/radijas-slapta-kamera.jpg","type":"image\/jpeg"}],"twitter_card":"summary_large_image","twitter_misc":{"\u041f\u0440\u0438\u043c\u0435\u0440\u043d\u043e\u0435 \u0432\u0440\u0435\u043c\u044f \u0434\u043b\u044f \u0447\u0442\u0435\u043d\u0438\u044f":"3 \u043c\u0438\u043d\u0443\u0442\u044b"},"schema":{"@context":"https:\/\/schema.org","@graph":[{"@type":"WebPage","@id":"https:\/\/www.ortungsgerate.de\/12-versteckte-kameras\/27-wlan-minikameras\/versteckte-kamera-radio-mit-wetterstation-wi-fi-wettervorhersage-nachtsicht\/","url":"https:\/\/www.ortungsgerate.de\/12-versteckte-kameras\/27-wlan-minikameras\/versteckte-kamera-radio-mit-wetterstation-wi-fi-wettervorhersage-nachtsicht\/","name":"Radio mit versteckter Kamera | Nachtsicht | Live-\u00dcberwachung |","isPartOf":{"@id":"https:\/\/www.ortungsgerate.de\/#website"},"primaryImageOfPage":{"@id":"https:\/\/www.ortungsgerate.de\/12-versteckte-kameras\/27-wlan-minikameras\/versteckte-kamera-radio-mit-wetterstation-wi-fi-wettervorhersage-nachtsicht\/#primaryimage"},"image":{"@id":"https:\/\/www.ortungsgerate.de\/12-versteckte-kameras\/27-wlan-minikameras\/versteckte-kamera-radio-mit-wetterstation-wi-fi-wettervorhersage-nachtsicht\/#primaryimage"},"thumbnailUrl":"https:\/\/www.ortungsgerate.de\/wp-content\/uploads\/radijas-slapta-kamera.jpg","datePublished":"2024-02-06T19:36:37+00:00","dateModified":"2025-12-01T10:26:01+00:00","description":"Radio mit integrierter versteckter \u00dcberwachungskamera. M\u00f6glichkeit, das Bild live \u00fcber das Internet zu verfolgen, mit Nachtsichtfunktion. Bildqualit\u00e4t in h\u00f6chster G\u00fcte. 24\/7","breadcrumb":{"@id":"https:\/\/www.ortungsgerate.de\/12-versteckte-kameras\/27-wlan-minikameras\/versteckte-kamera-radio-mit-wetterstation-wi-fi-wettervorhersage-nachtsicht\/#breadcrumb"},"inLanguage":"ru-RU","potentialAction":[{"@type":"ReadAction","target":["https:\/\/www.ortungsgerate.de\/12-versteckte-kameras\/27-wlan-minikameras\/versteckte-kamera-radio-mit-wetterstation-wi-fi-wettervorhersage-nachtsicht\/"]}]},{"@type":"ImageObject","inLanguage":"ru-RU","@id":"https:\/\/www.ortungsgerate.de\/12-versteckte-kameras\/27-wlan-minikameras\/versteckte-kamera-radio-mit-wetterstation-wi-fi-wettervorhersage-nachtsicht\/#primaryimage","url":"https:\/\/www.ortungsgerate.de\/wp-content\/uploads\/radijas-slapta-kamera.jpg","contentUrl":"https:\/\/www.ortungsgerate.de\/wp-content\/uploads\/radijas-slapta-kamera.jpg","width":458,"height":458,"caption":"Radio getarnte Kamera"},{"@type":"BreadcrumbList","@id":"https:\/\/www.ortungsgerate.de\/12-versteckte-kameras\/27-wlan-minikameras\/versteckte-kamera-radio-mit-wetterstation-wi-fi-wettervorhersage-nachtsicht\/#breadcrumb","itemListElement":[{"@type":"ListItem","position":1,"name":"Startseite","item":"https:\/\/www.ortungsgerate.de\/"},{"@type":"ListItem","position":2,"name":"Shop","item":"https:\/\/www.ortungsgerate.de\/shop\/"},{"@type":"ListItem","position":3,"name":"Versteckte Kamera Radio mit Wetterstation | Wi-Fi | Wettervorhersage | Nachtsicht |"}]},{"@type":"WebSite","@id":"https:\/\/www.ortungsgerate.de\/#website","url":"https:\/\/www.ortungsgerate.de\/","name":"Ortungsgerate.de","description":"","publisher":{"@id":"https:\/\/www.ortungsgerate.de\/#organization"},"potentialAction":[{"@type":"SearchAction","target":{"@type":"EntryPoint","urlTemplate":"https:\/\/www.ortungsgerate.de\/?s={search_term_string}"},"query-input":{"@type":"PropertyValueSpecification","valueRequired":true,"valueName":"search_term_string"}}],"inLanguage":"ru-RU"},{"@type":"Organization","@id":"https:\/\/www.ortungsgerate.de\/#organization","name":"Ortungsgerate.de","url":"https:\/\/www.ortungsgerate.de\/","logo":{"@type":"ImageObject","inLanguage":"ru-RU","@id":"https:\/\/www.ortungsgerate.de\/#\/schema\/logo\/image\/","url":"https:\/\/www.ortungsgerate.de\/wp-content\/uploads\/ortungsgerate.png","contentUrl":"https:\/\/www.ortungsgerate.de\/wp-content\/uploads\/ortungsgerate.png","width":500,"height":135,"caption":"Ortungsgerate.de"},"image":{"@id":"https:\/\/www.ortungsgerate.de\/#\/schema\/logo\/image\/"}}]}},"_links":{"self":[{"href":"https:\/\/www.ortungsgerate.de\/ru\/wp-json\/wp\/v2\/product\/16547","targetHints":{"allow":["GET"]}}],"collection":[{"href":"https:\/\/www.ortungsgerate.de\/ru\/wp-json\/wp\/v2\/product"}],"about":[{"href":"https:\/\/www.ortungsgerate.de\/ru\/wp-json\/wp\/v2\/types\/product"}],"version-history":[{"count":0,"href":"https:\/\/www.ortungsgerate.de\/ru\/wp-json\/wp\/v2\/product\/16547\/revisions"}],"wp:featuredmedia":[{"embeddable":true,"href":"https:\/\/www.ortungsgerate.de\/ru\/wp-json\/wp\/v2\/media\/26414"}],"wp:attachment":[{"href":"https:\/\/www.ortungsgerate.de\/ru\/wp-json\/wp\/v2\/media?parent=16547"}],"wp:term":[{"taxonomy":"brand","embeddable":true,"href":"https:\/\/www.ortungsgerate.de\/ru\/wp-json\/wp\/v2\/etheme_brands?post=16547"},{"taxonomy":"product_brand","embeddable":true,"href":"https:\/\/www.ortungsgerate.de\/ru\/wp-json\/wp\/v2\/product_brand?post=16547"},{"taxonomy":"product_cat","embeddable":true,"href":"https:\/\/www.ortungsgerate.de\/ru\/wp-json\/wp\/v2\/product_cat?post=16547"},{"taxonomy":"product_tag","embeddable":true,"href":"https:\/\/www.ortungsgerate.de\/ru\/wp-json\/wp\/v2\/product_tag?post=16547"}],"curies":[{"name":"wp","href":"https:\/\/api.w.org\/{rel}","templated":true}]}}