{"id":16548,"date":"2024-02-06T21:36:22","date_gmt":"2024-02-06T19:36:22","guid":{"rendered":"https:\/\/ortungsgerate.de\/be-kategorijos\/nemokamas-gps-seklio-sukonfguravimas-online-stebejimui-serveris\/"},"modified":"2025-11-26T19:01:36","modified_gmt":"2025-11-26T17:01:36","slug":"%d0%b1%d0%b5%d1%81%d0%bf%d0%bb%d0%b0%d1%82%d0%bd%d0%b0%d1%8f-%d0%ba%d0%be%d0%bd%d1%84%d0%b8%d0%b3%d1%83%d1%80%d0%b0%d1%86%d0%b8%d1%8f-gps-%d1%82%d1%80%d0%b5%d0%ba%d0%b5%d1%80%d0%b0-%d0%be","status":"publish","type":"product","link":"https:\/\/www.ortungsgerate.de\/ru\/15-gps-treker\/%d0%b1%d0%b5%d1%81%d0%bf%d0%bb%d0%b0%d1%82%d0%bd%d0%b0%d1%8f-%d0%ba%d0%be%d0%bd%d1%84%d0%b8%d0%b3%d1%83%d1%80%d0%b0%d1%86%d0%b8%d1%8f-gps-%d1%82%d1%80%d0%b5%d0%ba%d0%b5%d1%80%d0%b0-%d0%be\/","title":{"rendered":"\u0411\u0435\u0441\u043f\u043b\u0430\u0442\u043d\u0430\u044f \u043d\u0430\u0441\u0442\u0440\u043e\u0439\u043a\u0430 GPS-\u0442\u0440\u0435\u043a\u0435\u0440\u0430 + \u043e\u043d\u043b\u0430\u0439\u043d-\u0441\u0435\u0440\u0432\u0435\u0440 \u043c\u043e\u043d\u0438\u0442\u043e\u0440\u0438\u043d\u0433\u0430"},"content":{"rendered":"<p><strong>\u041c\u042b \u041d\u0410\u0421\u0422\u0420\u0410\u0418\u0412\u0410\u0415\u041c \u0418 \u041f\u041e\u0414\u0413\u041e\u0422\u0410\u0412\u041b\u0418\u0412\u0410\u0415\u041c GPS-\u0422\u0420\u0415\u041a\u0415\u0420 \u0411\u0415\u0421\u041f\u041b\u0410\u0422\u041d\u041e \u0414\u041b\u042f \u0420\u0410\u0411\u041e\u0422\u042b \u2013 \u0442\u043e\u043b\u044c\u043a\u043e \u0434\u043b\u044f \u043a\u043b\u0438\u0435\u043d\u0442\u043e\u0432, \u043a\u043e\u0442\u043e\u0440\u044b\u0435 \u043f\u043e\u043a\u0443\u043f\u0430\u044e\u0442 GPS-\u0442\u0440\u0435\u043a\u0435\u0440 \u0443 \u043d\u0430\u0441:<\/strong><\/p>\n<p>\u0415\u0441\u043b\u0438 \u0432\u044b \u043f\u043e\u043a\u0443\u043f\u0430\u0435\u0442\u0435 GPS-\u0442\u0440\u0435\u043a\u0435\u0440 \u0443 \u043d\u0430\u0441, \u043c\u044b \u0411\u0415\u0421\u041f\u041b\u0410\u0422\u041d\u041e \u043d\u0430\u0441\u0442\u0440\u0430\u0438\u0432\u0430\u0435\u043c GPS-\u0442\u0440\u0435\u043a\u0435\u0440 \u0434\u043b\u044f \u0432\u0430\u0441. \u0412\u044b \u043f\u043e\u043b\u0443\u0447\u0430\u0435\u0442\u0435 \u0431\u0435\u0441\u043f\u043b\u0430\u0442\u043d\u043e\u0435 \u043e\u043d\u043b\u0430\u0439\u043d-\u043c\u043e\u043d\u0438\u0442\u043e\u0440\u0438\u043d\u0433 \u0447\u0435\u0440\u0435\u0437 \u0418\u043d\u0442\u0435\u0440\u043d\u0435\u0442; \u043f\u043e\u0441\u043b\u0435 \u0432\u0445\u043e\u0434\u0430 \u043d\u0430 \u0432\u0435\u0431-\u0441\u0430\u0439\u0442 \u0432\u044b \u0432\u0438\u0434\u0438\u0442\u0435 \u0432 \u0440\u0435\u0430\u043b\u044c\u043d\u043e\u043c \u0432\u0440\u0435\u043c\u0435\u043d\u0438, \u0433\u0434\u0435 \u043d\u0430\u0445\u043e\u0434\u0438\u0442\u0441\u044f \u043e\u0431\u044a\u0435\u043a\u0442, \u0438 \u044d\u0442\u043e \u043d\u0435 \u0441\u0442\u043e\u0438\u0442 \u0432\u0430\u043c \u043d\u0438\u0447\u0435\u0433\u043e \u0434\u043e\u043f\u043e\u043b\u043d\u0438\u0442\u0435\u043b\u044c\u043d\u043e, \u0442\u0430\u043a \u043a\u0430\u043a \u0432\u0441\u0435 \u043f\u0440\u043e\u0434\u0430\u043d\u043d\u044b\u0435 \u0443\u0441\u0442\u0440\u043e\u0439\u0441\u0442\u0432\u0430 \u043e\u0440\u0438\u0433\u0438\u043d\u0430\u043b\u044c\u043d\u044b\u0435. \u0412 \u0434\u0440\u0443\u0433\u0438\u0445 \u043c\u0435\u0441\u0442\u0430\u0445 \u043e\u0434\u043d\u0430 \u0442\u043e\u043b\u044c\u043a\u043e \u0441\u0435\u0440\u0432\u0435\u0440\u043d\u0430\u044f \u0443\u0441\u043b\u0443\u0433\u0430 \u0441\u0442\u043e\u0438\u0442 20 \u20ac \u0432 \u043c\u0435\u0441\u044f\u0446 \u2013 \u0443 \u043d\u0430\u0441 \u0411\u0415\u0421\u041f\u041b\u0410\u0422\u041d\u041e.<\/p>\n<p><strong>\u0412\u041d\u0418\u041c\u0410\u041d\u0418\u0415 \u2013 \u0434\u043b\u044f \u043e\u043d\u043b\u0430\u0439\u043d-\u043c\u043e\u043d\u0438\u0442\u043e\u0440\u0438\u043d\u0433\u0430 (Live) \u0442\u0440\u0435\u0431\u0443\u0435\u0442\u0441\u044f \u0418\u041d\u0422\u0415\u0420\u041d\u0415\u0422<\/strong><\/p>","protected":false},"excerpt":{"rendered":"<p>WIR KONFIGURIEREN UND BEREITEN DEN GPS-TRACKER KOSTENLOS F\u00dcR DEN BETRIEB VOR \u2013 nur f\u00fcr Kunden, die den GPS-Tracker bei uns kaufen: Wenn Sie den GPS-Tracker&#8230;<\/p>","protected":false},"featured_media":1401,"template":"","meta":[],"etheme_brands":[],"product_brand":[],"product_cat":[213],"product_tag":[778,779,780],"class_list":{"0":"post-16548","1":"product","2":"type-product","3":"status-publish","4":"has-post-thumbnail","6":"product_cat-15-gps-ueberwachungsgeraete","7":"product_tag-gps-server","8":"product_tag-gps-tracker","9":"product_tag-verdeckte-ueberwachungsausruestung","11":"first","12":"outofstock","13":"taxable","14":"shipping-taxable","15":"purchasable","16":"product-type-simple"},"yoast_head":"<!-- This site is optimized with the Yoast SEO Premium plugin v25.9 (Yoast SEO v27.4) - https:\/\/yoast.com\/product\/yoast-seo-premium-wordpress\/ -->\n<title>Kostenlose Konfiguration des GPS-Trackers + Online-\u00dcberwachungsserver<\/title>\n<meta name=\"description\" content=\"Beim Kauf von Ausr\u00fcstung bei uns k\u00f6nnen Sie Ihr GPS Objekt kostenlos online \u00fcberwachen. Originale Produkte, schnelle Lieferung. Wir versenden in alle St\u00e4dte KOSTENLOS.\" \/>\n<meta name=\"robots\" content=\"index, follow, max-snippet:-1, max-image-preview:large, max-video-preview:-1\" \/>\n<link rel=\"canonical\" href=\"https:\/\/www.ortungsgerate.de\/ru\/15-gps-treker\/\u0431\u0435\u0441\u043f\u043b\u0430\u0442\u043d\u0430\u044f-\u043a\u043e\u043d\u0444\u0438\u0433\u0443\u0440\u0430\u0446\u0438\u044f-gps-\u0442\u0440\u0435\u043a\u0435\u0440\u0430-\u043e\/\" \/>\n<meta property=\"og:locale\" content=\"ru_RU\" \/>\n<meta property=\"og:type\" content=\"article\" \/>\n<meta property=\"og:title\" content=\"Kostenlose Konfiguration des GPS\u2011Trackers + Online-\u00dcberwachungsserver\" \/>\n<meta property=\"og:description\" content=\"Beim Kauf von Ausr\u00fcstung bei uns k\u00f6nnen Sie Ihr GPS Objekt kostenlos online \u00fcberwachen. Originale Produkte, schnelle Lieferung. Wir versenden in alle St\u00e4dte KOSTENLOS.\" \/>\n<meta property=\"og:url\" content=\"https:\/\/www.ortungsgerate.de\/ru\/15-gps-treker\/\u0431\u0435\u0441\u043f\u043b\u0430\u0442\u043d\u0430\u044f-\u043a\u043e\u043d\u0444\u0438\u0433\u0443\u0440\u0430\u0446\u0438\u044f-gps-\u0442\u0440\u0435\u043a\u0435\u0440\u0430-\u043e\/\" \/>\n<meta property=\"og:site_name\" content=\"Ortungsger\u00e4te.de\" \/>\n<meta property=\"article:modified_time\" content=\"2025-11-26T17:01:36+00:00\" \/>\n<meta property=\"og:image\" content=\"https:\/\/www.ortungsgerate.de\/wp-content\/uploads\/nemokamas-gps-seklio-sukonfguravimas-online-stebejimui-serveris.jpg\" \/>\n\t<meta property=\"og:image:width\" content=\"1365\" \/>\n\t<meta property=\"og:image:height\" content=\"696\" \/>\n\t<meta property=\"og:image:type\" content=\"image\/jpeg\" \/>\n<meta name=\"twitter:card\" content=\"summary_large_image\" \/>\n<script type=\"application\/ld+json\" class=\"yoast-schema-graph\">{\"@context\":\"https:\\\/\\\/schema.org\",\"@graph\":[{\"@type\":\"WebPage\",\"@id\":\"https:\\\/\\\/www.ortungsgerate.de\\\/15-gps-ueberwachungsgeraete\\\/kostenlose-konfiguration-des-gps%e2%80%91trackers-online-ueberwachungsserver\\\/\",\"url\":\"https:\\\/\\\/www.ortungsgerate.de\\\/15-gps-ueberwachungsgeraete\\\/kostenlose-konfiguration-des-gps%e2%80%91trackers-online-ueberwachungsserver\\\/\",\"name\":\"Kostenlose Konfiguration des GPS-Trackers + Online-\u00dcberwachungsserver\",\"isPartOf\":{\"@id\":\"https:\\\/\\\/www.ortungsgerate.de\\\/#website\"},\"primaryImageOfPage\":{\"@id\":\"https:\\\/\\\/www.ortungsgerate.de\\\/15-gps-ueberwachungsgeraete\\\/kostenlose-konfiguration-des-gps%e2%80%91trackers-online-ueberwachungsserver\\\/#primaryimage\"},\"image\":{\"@id\":\"https:\\\/\\\/www.ortungsgerate.de\\\/15-gps-ueberwachungsgeraete\\\/kostenlose-konfiguration-des-gps%e2%80%91trackers-online-ueberwachungsserver\\\/#primaryimage\"},\"thumbnailUrl\":\"https:\\\/\\\/www.ortungsgerate.de\\\/wp-content\\\/uploads\\\/nemokamas-gps-seklio-sukonfguravimas-online-stebejimui-serveris.jpg\",\"datePublished\":\"2024-02-06T19:36:22+00:00\",\"dateModified\":\"2025-11-26T17:01:36+00:00\",\"description\":\"Beim Kauf von Ausr\u00fcstung bei uns k\u00f6nnen Sie Ihr GPS Objekt kostenlos online \u00fcberwachen. Originale Produkte, schnelle Lieferung. Wir versenden in alle St\u00e4dte KOSTENLOS.\",\"breadcrumb\":{\"@id\":\"https:\\\/\\\/www.ortungsgerate.de\\\/15-gps-ueberwachungsgeraete\\\/kostenlose-konfiguration-des-gps%e2%80%91trackers-online-ueberwachungsserver\\\/#breadcrumb\"},\"inLanguage\":\"ru-RU\",\"potentialAction\":[{\"@type\":\"ReadAction\",\"target\":[\"https:\\\/\\\/www.ortungsgerate.de\\\/15-gps-ueberwachungsgeraete\\\/kostenlose-konfiguration-des-gps%e2%80%91trackers-online-ueberwachungsserver\\\/\"]}]},{\"@type\":\"ImageObject\",\"inLanguage\":\"ru-RU\",\"@id\":\"https:\\\/\\\/www.ortungsgerate.de\\\/15-gps-ueberwachungsgeraete\\\/kostenlose-konfiguration-des-gps%e2%80%91trackers-online-ueberwachungsserver\\\/#primaryimage\",\"url\":\"https:\\\/\\\/www.ortungsgerate.de\\\/wp-content\\\/uploads\\\/nemokamas-gps-seklio-sukonfguravimas-online-stebejimui-serveris.jpg\",\"contentUrl\":\"https:\\\/\\\/www.ortungsgerate.de\\\/wp-content\\\/uploads\\\/nemokamas-gps-seklio-sukonfguravimas-online-stebejimui-serveris.jpg\",\"width\":1365,\"height\":696,\"caption\":\"Kostenlose Konfiguration des GPS-Trackers + Online-\u00dcberwachungsserver\"},{\"@type\":\"BreadcrumbList\",\"@id\":\"https:\\\/\\\/www.ortungsgerate.de\\\/15-gps-ueberwachungsgeraete\\\/kostenlose-konfiguration-des-gps%e2%80%91trackers-online-ueberwachungsserver\\\/#breadcrumb\",\"itemListElement\":[{\"@type\":\"ListItem\",\"position\":1,\"name\":\"Startseite\",\"item\":\"https:\\\/\\\/www.ortungsgerate.de\\\/\"},{\"@type\":\"ListItem\",\"position\":2,\"name\":\"Shop\",\"item\":\"https:\\\/\\\/www.ortungsgerate.de\\\/shop\\\/\"},{\"@type\":\"ListItem\",\"position\":3,\"name\":\"Kostenlose Konfiguration des GPS\u2011Trackers + Online-\u00dcberwachungsserver\"}]},{\"@type\":\"WebSite\",\"@id\":\"https:\\\/\\\/www.ortungsgerate.de\\\/#website\",\"url\":\"https:\\\/\\\/www.ortungsgerate.de\\\/\",\"name\":\"Ortungsgerate.de\",\"description\":\"\",\"publisher\":{\"@id\":\"https:\\\/\\\/www.ortungsgerate.de\\\/#organization\"},\"potentialAction\":[{\"@type\":\"SearchAction\",\"target\":{\"@type\":\"EntryPoint\",\"urlTemplate\":\"https:\\\/\\\/www.ortungsgerate.de\\\/?s={search_term_string}\"},\"query-input\":{\"@type\":\"PropertyValueSpecification\",\"valueRequired\":true,\"valueName\":\"search_term_string\"}}],\"inLanguage\":\"ru-RU\"},{\"@type\":\"Organization\",\"@id\":\"https:\\\/\\\/www.ortungsgerate.de\\\/#organization\",\"name\":\"Ortungsgerate.de\",\"url\":\"https:\\\/\\\/www.ortungsgerate.de\\\/\",\"logo\":{\"@type\":\"ImageObject\",\"inLanguage\":\"ru-RU\",\"@id\":\"https:\\\/\\\/www.ortungsgerate.de\\\/#\\\/schema\\\/logo\\\/image\\\/\",\"url\":\"https:\\\/\\\/www.ortungsgerate.de\\\/wp-content\\\/uploads\\\/ortungsgerate.png\",\"contentUrl\":\"https:\\\/\\\/www.ortungsgerate.de\\\/wp-content\\\/uploads\\\/ortungsgerate.png\",\"width\":500,\"height\":135,\"caption\":\"Ortungsgerate.de\"},\"image\":{\"@id\":\"https:\\\/\\\/www.ortungsgerate.de\\\/#\\\/schema\\\/logo\\\/image\\\/\"}}]}<\/script>\n<!-- \/ Yoast SEO Premium plugin. -->","yoast_head_json":{"title":"\u0411\u0435\u0441\u043f\u043b\u0430\u0442\u043d\u0430\u044f \u043d\u0430\u0441\u0442\u0440\u043e\u0439\u043a\u0430 GPS-\u0442\u0440\u0435\u043a\u0435\u0440\u0430 + \u043e\u043d\u043b\u0430\u0439\u043d-\u0441\u0435\u0440\u0432\u0435\u0440 \u043c\u043e\u043d\u0438\u0442\u043e\u0440\u0438\u043d\u0433\u0430","description":"\u041f\u0440\u0438 \u043f\u043e\u043a\u0443\u043f\u043a\u0435 \u043e\u0431\u043e\u0440\u0443\u0434\u043e\u0432\u0430\u043d\u0438\u044f \u0443 \u043d\u0430\u0441 \u0432\u044b \u043c\u043e\u0436\u0435\u0442\u0435 \u0431\u0435\u0441\u043f\u043b\u0430\u0442\u043d\u043e \u043e\u0442\u0441\u043b\u0435\u0436\u0438\u0432\u0430\u0442\u044c \u0432\u0430\u0448 GPS-\u043e\u0431\u044a\u0435\u043a\u0442 \u043e\u043d\u043b\u0430\u0439\u043d. \u041e\u0440\u0438\u0433\u0438\u043d\u0430\u043b\u044c\u043d\u044b\u0435 \u043f\u0440\u043e\u0434\u0443\u043a\u0442\u044b, \u0431\u044b\u0441\u0442\u0440\u0430\u044f \u0434\u043e\u0441\u0442\u0430\u0432\u043a\u0430. \u041c\u044b \u043e\u0442\u043f\u0440\u0430\u0432\u043b\u044f\u0435\u043c \u0432\u043e \u0432\u0441\u0435 \u0433\u043e\u0440\u043e\u0434\u0430 \u0411\u0415\u0421\u041f\u041b\u0410\u0422\u041d\u041e.","robots":{"index":"index","follow":"follow","max-snippet":"max-snippet:-1","max-image-preview":"max-image-preview:large","max-video-preview":"max-video-preview:-1"},"canonical":"https:\/\/www.ortungsgerate.de\/ru\/15-gps-treker\/\u0431\u0435\u0441\u043f\u043b\u0430\u0442\u043d\u0430\u044f-\u043a\u043e\u043d\u0444\u0438\u0433\u0443\u0440\u0430\u0446\u0438\u044f-gps-\u0442\u0440\u0435\u043a\u0435\u0440\u0430-\u043e\/","og_locale":"ru_RU","og_type":"article","og_title":"Kostenlose Konfiguration des GPS\u2011Trackers + Online-\u00dcberwachungsserver","og_description":"Beim Kauf von Ausr\u00fcstung bei uns k\u00f6nnen Sie Ihr GPS Objekt kostenlos online \u00fcberwachen. Originale Produkte, schnelle Lieferung. Wir versenden in alle St\u00e4dte KOSTENLOS.","og_url":"https:\/\/www.ortungsgerate.de\/ru\/15-gps-treker\/\u0431\u0435\u0441\u043f\u043b\u0430\u0442\u043d\u0430\u044f-\u043a\u043e\u043d\u0444\u0438\u0433\u0443\u0440\u0430\u0446\u0438\u044f-gps-\u0442\u0440\u0435\u043a\u0435\u0440\u0430-\u043e\/","og_site_name":"Ortungsger\u00e4te.de","article_modified_time":"2025-11-26T17:01:36+00:00","og_image":[{"width":1365,"height":696,"url":"https:\/\/www.ortungsgerate.de\/wp-content\/uploads\/nemokamas-gps-seklio-sukonfguravimas-online-stebejimui-serveris.jpg","type":"image\/jpeg"}],"twitter_card":"summary_large_image","schema":{"@context":"https:\/\/schema.org","@graph":[{"@type":"WebPage","@id":"https:\/\/www.ortungsgerate.de\/15-gps-ueberwachungsgeraete\/kostenlose-konfiguration-des-gps%e2%80%91trackers-online-ueberwachungsserver\/","url":"https:\/\/www.ortungsgerate.de\/15-gps-ueberwachungsgeraete\/kostenlose-konfiguration-des-gps%e2%80%91trackers-online-ueberwachungsserver\/","name":"\u0411\u0435\u0441\u043f\u043b\u0430\u0442\u043d\u0430\u044f \u043d\u0430\u0441\u0442\u0440\u043e\u0439\u043a\u0430 GPS-\u0442\u0440\u0435\u043a\u0435\u0440\u0430 + \u043e\u043d\u043b\u0430\u0439\u043d-\u0441\u0435\u0440\u0432\u0435\u0440 \u043c\u043e\u043d\u0438\u0442\u043e\u0440\u0438\u043d\u0433\u0430","isPartOf":{"@id":"https:\/\/www.ortungsgerate.de\/#website"},"primaryImageOfPage":{"@id":"https:\/\/www.ortungsgerate.de\/15-gps-ueberwachungsgeraete\/kostenlose-konfiguration-des-gps%e2%80%91trackers-online-ueberwachungsserver\/#primaryimage"},"image":{"@id":"https:\/\/www.ortungsgerate.de\/15-gps-ueberwachungsgeraete\/kostenlose-konfiguration-des-gps%e2%80%91trackers-online-ueberwachungsserver\/#primaryimage"},"thumbnailUrl":"https:\/\/www.ortungsgerate.de\/wp-content\/uploads\/nemokamas-gps-seklio-sukonfguravimas-online-stebejimui-serveris.jpg","datePublished":"2024-02-06T19:36:22+00:00","dateModified":"2025-11-26T17:01:36+00:00","description":"\u041f\u0440\u0438 \u043f\u043e\u043a\u0443\u043f\u043a\u0435 \u043e\u0431\u043e\u0440\u0443\u0434\u043e\u0432\u0430\u043d\u0438\u044f \u0443 \u043d\u0430\u0441 \u0432\u044b \u043c\u043e\u0436\u0435\u0442\u0435 \u0431\u0435\u0441\u043f\u043b\u0430\u0442\u043d\u043e \u043e\u0442\u0441\u043b\u0435\u0436\u0438\u0432\u0430\u0442\u044c \u0432\u0430\u0448 GPS-\u043e\u0431\u044a\u0435\u043a\u0442 \u043e\u043d\u043b\u0430\u0439\u043d. \u041e\u0440\u0438\u0433\u0438\u043d\u0430\u043b\u044c\u043d\u044b\u0435 \u043f\u0440\u043e\u0434\u0443\u043a\u0442\u044b, \u0431\u044b\u0441\u0442\u0440\u0430\u044f \u0434\u043e\u0441\u0442\u0430\u0432\u043a\u0430. \u041c\u044b \u043e\u0442\u043f\u0440\u0430\u0432\u043b\u044f\u0435\u043c \u0432\u043e \u0432\u0441\u0435 \u0433\u043e\u0440\u043e\u0434\u0430 \u0411\u0415\u0421\u041f\u041b\u0410\u0422\u041d\u041e.","breadcrumb":{"@id":"https:\/\/www.ortungsgerate.de\/15-gps-ueberwachungsgeraete\/kostenlose-konfiguration-des-gps%e2%80%91trackers-online-ueberwachungsserver\/#breadcrumb"},"inLanguage":"ru-RU","potentialAction":[{"@type":"ReadAction","target":["https:\/\/www.ortungsgerate.de\/15-gps-ueberwachungsgeraete\/kostenlose-konfiguration-des-gps%e2%80%91trackers-online-ueberwachungsserver\/"]}]},{"@type":"ImageObject","inLanguage":"ru-RU","@id":"https:\/\/www.ortungsgerate.de\/15-gps-ueberwachungsgeraete\/kostenlose-konfiguration-des-gps%e2%80%91trackers-online-ueberwachungsserver\/#primaryimage","url":"https:\/\/www.ortungsgerate.de\/wp-content\/uploads\/nemokamas-gps-seklio-sukonfguravimas-online-stebejimui-serveris.jpg","contentUrl":"https:\/\/www.ortungsgerate.de\/wp-content\/uploads\/nemokamas-gps-seklio-sukonfguravimas-online-stebejimui-serveris.jpg","width":1365,"height":696,"caption":"Kostenlose Konfiguration des GPS-Trackers + Online-\u00dcberwachungsserver"},{"@type":"BreadcrumbList","@id":"https:\/\/www.ortungsgerate.de\/15-gps-ueberwachungsgeraete\/kostenlose-konfiguration-des-gps%e2%80%91trackers-online-ueberwachungsserver\/#breadcrumb","itemListElement":[{"@type":"ListItem","position":1,"name":"Startseite","item":"https:\/\/www.ortungsgerate.de\/"},{"@type":"ListItem","position":2,"name":"Shop","item":"https:\/\/www.ortungsgerate.de\/shop\/"},{"@type":"ListItem","position":3,"name":"Kostenlose Konfiguration des GPS\u2011Trackers + Online-\u00dcberwachungsserver"}]},{"@type":"WebSite","@id":"https:\/\/www.ortungsgerate.de\/#website","url":"https:\/\/www.ortungsgerate.de\/","name":"Ortungsgerate.de","description":"","publisher":{"@id":"https:\/\/www.ortungsgerate.de\/#organization"},"potentialAction":[{"@type":"SearchAction","target":{"@type":"EntryPoint","urlTemplate":"https:\/\/www.ortungsgerate.de\/?s={search_term_string}"},"query-input":{"@type":"PropertyValueSpecification","valueRequired":true,"valueName":"search_term_string"}}],"inLanguage":"ru-RU"},{"@type":"Organization","@id":"https:\/\/www.ortungsgerate.de\/#organization","name":"Ortungsgerate.de","url":"https:\/\/www.ortungsgerate.de\/","logo":{"@type":"ImageObject","inLanguage":"ru-RU","@id":"https:\/\/www.ortungsgerate.de\/#\/schema\/logo\/image\/","url":"https:\/\/www.ortungsgerate.de\/wp-content\/uploads\/ortungsgerate.png","contentUrl":"https:\/\/www.ortungsgerate.de\/wp-content\/uploads\/ortungsgerate.png","width":500,"height":135,"caption":"Ortungsgerate.de"},"image":{"@id":"https:\/\/www.ortungsgerate.de\/#\/schema\/logo\/image\/"}}]}},"_links":{"self":[{"href":"https:\/\/www.ortungsgerate.de\/ru\/wp-json\/wp\/v2\/product\/16548","targetHints":{"allow":["GET"]}}],"collection":[{"href":"https:\/\/www.ortungsgerate.de\/ru\/wp-json\/wp\/v2\/product"}],"about":[{"href":"https:\/\/www.ortungsgerate.de\/ru\/wp-json\/wp\/v2\/types\/product"}],"version-history":[{"count":0,"href":"https:\/\/www.ortungsgerate.de\/ru\/wp-json\/wp\/v2\/product\/16548\/revisions"}],"wp:featuredmedia":[{"embeddable":true,"href":"https:\/\/www.ortungsgerate.de\/ru\/wp-json\/wp\/v2\/media\/1401"}],"wp:attachment":[{"href":"https:\/\/www.ortungsgerate.de\/ru\/wp-json\/wp\/v2\/media?parent=16548"}],"wp:term":[{"taxonomy":"brand","embeddable":true,"href":"https:\/\/www.ortungsgerate.de\/ru\/wp-json\/wp\/v2\/etheme_brands?post=16548"},{"taxonomy":"product_brand","embeddable":true,"href":"https:\/\/www.ortungsgerate.de\/ru\/wp-json\/wp\/v2\/product_brand?post=16548"},{"taxonomy":"product_cat","embeddable":true,"href":"https:\/\/www.ortungsgerate.de\/ru\/wp-json\/wp\/v2\/product_cat?post=16548"},{"taxonomy":"product_tag","embeddable":true,"href":"https:\/\/www.ortungsgerate.de\/ru\/wp-json\/wp\/v2\/product_tag?post=16548"}],"curies":[{"name":"wp","href":"https:\/\/api.w.org\/{rel}","templated":true}]}}