{"id":16680,"date":"2024-02-06T21:36:22","date_gmt":"2024-02-06T19:36:22","guid":{"rendered":"https:\/\/ortungsgerate.de\/be-kategorijos\/profesionalus-snipinejimo-irangos-detektorius-gps-gsm-radio-ir-gps-signalu\/"},"modified":"2025-11-26T19:07:36","modified_gmt":"2025-11-26T17:07:36","slug":"professionalnyy-detektor-shpionskogo-oborudovaniya-dlya-gps-gsm-radiosignalov-i-gps-signalov","status":"publish","type":"product","link":"https:\/\/www.ortungsgerate.de\/ru\/26-detektory-2\/professionalnyy-detektor-shpionskogo-oborudovaniya-dlya-gps-gsm-radiosignalov-i-gps-signalov\/","title":{"rendered":"\u041f\u0440\u043e\u0444\u0435\u0441\u0441\u0438\u043e\u043d\u0430\u043b\u044c\u043d\u044b\u0439 \u0434\u0435\u0442\u0435\u043a\u0442\u043e\u0440 \u0448\u043f\u0438\u043e\u043d\u0441\u043a\u043e\u0433\u043e \u043e\u0431\u043e\u0440\u0443\u0434\u043e\u0432\u0430\u043d\u0438\u044f \u0434\u043b\u044f GPS-, GSM-, \u0440\u0430\u0434\u0438\u043e\u0441\u0438\u0433\u043d\u0430\u043b\u043e\u0432 \u0438 GPS-\u0441\u0438\u0433\u043d\u0430\u043b\u043e\u0432"},"content":{"rendered":"<h3><strong>\u0422\u0435\u0445\u043d\u0438\u0447\u0435\u0441\u043a\u0438\u0435 \u043f\u0430\u0440\u0430\u043c\u0435\u0442\u0440\u044b:<\/strong><\/h3>\n<ul>\n<li>Erfassbarer Frequenzbereich: 1 MHz \u2013 7 GHz (erkennt GSM-, GSM-, Radio- und GPS-Signale)<\/li>\n<li>Signalst\u00e4rkeanzeige: 6 Dioden<\/li>\n<li>Akustisches Signal: JA<\/li>\n<li>Stromversorgung: 1 x 9V Batterie (6F22) \u2013 (Krona) NICHT im Lieferumfang<\/li>\n<li>Zus\u00e4tzliche Eigenschaften: ausziehbare Teleskopantenne<\/li>\n<li>Gewicht und Abmessungen: 42 g, 80 mm x 60 mm x 28 mm<\/li>\n<li>Farbe: Schwarz<\/li>\n<li>Set: Detektor, Anleitung<\/li>\n<li><strong>\u0413\u0410\u0420\u0410\u041d\u0422\u0418\u042f 12 \u043c\u0435\u0441\u044f\u0446\u0435\u0432<\/strong><\/li>\n<\/ul>\n<p><span style=\"color: #d0121a\"><\/span><\/p>\n<p><span style=\"color: #d0121a\"><span style=\"color: #000000\">PROFESSIONELLER <a href=\"https:\/\/www.ortungsgerate.de\/ru\/26-detektory-2\/\">Wanzendetektor<\/a> f\u00fcr Spionageausr\u00fcstung. Eine einfache M\u00f6glichkeit, ein Mobiltelefon, eine Abh\u00f6rwanze oder einen GPS-Tracker zu erkennen. \u00dcber das erkannte Signal kann das Ger\u00e4t per \u201eVibration\u201c oder mithilfe von Leuchtdioden informieren. Es besteht die M\u00f6glichkeit, die Empfindlichkeit des Ger\u00e4ts einzustellen, was es f\u00fcr den Einsatz zu Hause, im B\u00fcro oder im Auto geeignet macht. Mit dem <a href=\"https:\/\/www.ortungsgerate.de\/ru\/26-detektory-2\/\">Wanzensucher<\/a> erkennen Sie Ger\u00e4te in einer Entfernung von bis zu 1 Meter. Die Ortung von \u00dcberwachungsger\u00e4ten erfolgt sehr einfach. Ziehen Sie die Antenne heraus, schalten Sie das Ger\u00e4t ein und das Ger\u00e4t beginnt beim Scannen der Funkwellen anzuzeigen, ob sich in Ihrer N\u00e4he ein GPS-Tracker, eine GSM-Abh\u00f6rwanze oder eine im Funkfrequenzbereich arbeitende Wanze befindet<\/span>.<\/span><\/p>\n<p><strong>Im Set ist eine TEST-Funkfrequenz-Wanze enthalten, damit Sie den Umgang mit dem Detektor erlernen k\u00f6nnen.<\/strong><\/p>\n<p><strong>ACHTUNG: Der Detektor erkennt nur aktive Ger\u00e4te (GSM, GPS, WANZEN, Wi-Fi)<\/strong><\/p>\n<div class=\"iframe-container\"><\/div>","protected":false},"excerpt":{"rendered":"<p>Technische Parameter: Erfassbarer Frequenzbereich: 1 MHz &#8211; 7 GHz (erkennt GSM-, GSM-, Radio- und GPS-Signale) Signalst\u00e4rkeanzeige: 6 Dioden Akustisches Signal: JA Stromversorgung: 1 x 9V&#8230;<\/p>","protected":false},"featured_media":1379,"template":"","meta":[],"etheme_brands":[],"product_brand":[],"product_cat":[215],"product_tag":[],"class_list":{"0":"post-16680","1":"product","2":"type-product","3":"status-publish","4":"has-post-thumbnail","6":"product_cat-26-detektoren","8":"first","9":"outofstock","10":"taxable","11":"shipping-taxable","12":"purchasable","13":"product-type-simple"},"yoast_head":"<!-- This site is optimized with the Yoast SEO Premium plugin v25.9 (Yoast SEO v27.4) - https:\/\/yoast.com\/product\/yoast-seo-premium-wordpress\/ -->\n<title>Professioneller Spionageausr\u00fcstungs-Detektor GSM GPS RD Wi-Fi<\/title>\n<meta name=\"description\" content=\"Der Spionageausr\u00fcstungs-Detektor erkennt GSM-, GPS- und FUNK-Signale. Finden Sie heraus, ob Sie \u00fcberwacht werden oder ob jemand Ihre Gespr\u00e4che im B\u00fcro oder im Auto abh\u00f6rt. Niedriger Preis\" \/>\n<meta name=\"robots\" content=\"index, follow, max-snippet:-1, max-image-preview:large, max-video-preview:-1\" \/>\n<link rel=\"canonical\" href=\"https:\/\/www.ortungsgerate.de\/ru\/26-detektory-2\/professionalnyy-detektor-shpionskogo-oborudovaniya-dlya-gps-gsm-radiosignalov-i-gps-signalov\/\" \/>\n<meta property=\"og:locale\" content=\"ru_RU\" \/>\n<meta property=\"og:type\" content=\"article\" \/>\n<meta property=\"og:title\" content=\"Professioneller Spionageausr\u00fcstungs-Detektor f\u00fcr GPS-, GSM-, Funk- und GPS-Signale\" \/>\n<meta property=\"og:description\" content=\"Der Spionageausr\u00fcstungs-Detektor erkennt GSM-, GPS- und FUNK-Signale. Finden Sie heraus, ob Sie \u00fcberwacht werden oder ob jemand Ihre Gespr\u00e4che im B\u00fcro oder im Auto abh\u00f6rt. Niedriger Preis\" \/>\n<meta property=\"og:url\" content=\"https:\/\/www.ortungsgerate.de\/ru\/26-detektory-2\/professionalnyy-detektor-shpionskogo-oborudovaniya-dlya-gps-gsm-radiosignalov-i-gps-signalov\/\" \/>\n<meta property=\"og:site_name\" content=\"Ortungsger\u00e4te.de\" \/>\n<meta property=\"article:modified_time\" content=\"2025-11-26T17:07:36+00:00\" \/>\n<meta property=\"og:image\" content=\"https:\/\/www.ortungsgerate.de\/wp-content\/uploads\/snipinejimo-irangos-detektorius-gps-gsm-radio-ir-gps-signalu.jpg\" \/>\n\t<meta property=\"og:image:width\" content=\"725\" \/>\n\t<meta property=\"og:image:height\" content=\"617\" \/>\n\t<meta property=\"og:image:type\" content=\"image\/jpeg\" \/>\n<meta name=\"twitter:card\" content=\"summary_large_image\" \/>\n<meta name=\"twitter:label1\" content=\"\u041f\u0440\u0438\u043c\u0435\u0440\u043d\u043e\u0435 \u0432\u0440\u0435\u043c\u044f \u0434\u043b\u044f \u0447\u0442\u0435\u043d\u0438\u044f\" \/>\n\t<meta name=\"twitter:data1\" content=\"2 \u043c\u0438\u043d\u0443\u0442\u044b\" \/>\n<script type=\"application\/ld+json\" class=\"yoast-schema-graph\">{\"@context\":\"https:\\\/\\\/schema.org\",\"@graph\":[{\"@type\":\"WebPage\",\"@id\":\"https:\\\/\\\/www.ortungsgerate.de\\\/26-detektoren\\\/professioneller-spionageausruestungs-detektor-fuer-gps-gsm-funk-und-gps-signale\\\/\",\"url\":\"https:\\\/\\\/www.ortungsgerate.de\\\/26-detektoren\\\/professioneller-spionageausruestungs-detektor-fuer-gps-gsm-funk-und-gps-signale\\\/\",\"name\":\"Professioneller Spionageausr\u00fcstungs-Detektor GSM GPS RD Wi-Fi\",\"isPartOf\":{\"@id\":\"https:\\\/\\\/www.ortungsgerate.de\\\/#website\"},\"primaryImageOfPage\":{\"@id\":\"https:\\\/\\\/www.ortungsgerate.de\\\/26-detektoren\\\/professioneller-spionageausruestungs-detektor-fuer-gps-gsm-funk-und-gps-signale\\\/#primaryimage\"},\"image\":{\"@id\":\"https:\\\/\\\/www.ortungsgerate.de\\\/26-detektoren\\\/professioneller-spionageausruestungs-detektor-fuer-gps-gsm-funk-und-gps-signale\\\/#primaryimage\"},\"thumbnailUrl\":\"https:\\\/\\\/www.ortungsgerate.de\\\/wp-content\\\/uploads\\\/snipinejimo-irangos-detektorius-gps-gsm-radio-ir-gps-signalu.jpg\",\"datePublished\":\"2024-02-06T19:36:22+00:00\",\"dateModified\":\"2025-11-26T17:07:36+00:00\",\"description\":\"Der Spionageausr\u00fcstungs-Detektor erkennt GSM-, GPS- und FUNK-Signale. Finden Sie heraus, ob Sie \u00fcberwacht werden oder ob jemand Ihre Gespr\u00e4che im B\u00fcro oder im Auto abh\u00f6rt. Niedriger Preis\",\"breadcrumb\":{\"@id\":\"https:\\\/\\\/www.ortungsgerate.de\\\/26-detektoren\\\/professioneller-spionageausruestungs-detektor-fuer-gps-gsm-funk-und-gps-signale\\\/#breadcrumb\"},\"inLanguage\":\"ru-RU\",\"potentialAction\":[{\"@type\":\"ReadAction\",\"target\":[\"https:\\\/\\\/www.ortungsgerate.de\\\/26-detektoren\\\/professioneller-spionageausruestungs-detektor-fuer-gps-gsm-funk-und-gps-signale\\\/\"]}]},{\"@type\":\"ImageObject\",\"inLanguage\":\"ru-RU\",\"@id\":\"https:\\\/\\\/www.ortungsgerate.de\\\/26-detektoren\\\/professioneller-spionageausruestungs-detektor-fuer-gps-gsm-funk-und-gps-signale\\\/#primaryimage\",\"url\":\"https:\\\/\\\/www.ortungsgerate.de\\\/wp-content\\\/uploads\\\/snipinejimo-irangos-detektorius-gps-gsm-radio-ir-gps-signalu.jpg\",\"contentUrl\":\"https:\\\/\\\/www.ortungsgerate.de\\\/wp-content\\\/uploads\\\/snipinejimo-irangos-detektorius-gps-gsm-radio-ir-gps-signalu.jpg\",\"width\":725,\"height\":617,\"caption\":\"GPS-Ortungsger\u00e4te-Detektor\"},{\"@type\":\"BreadcrumbList\",\"@id\":\"https:\\\/\\\/www.ortungsgerate.de\\\/26-detektoren\\\/professioneller-spionageausruestungs-detektor-fuer-gps-gsm-funk-und-gps-signale\\\/#breadcrumb\",\"itemListElement\":[{\"@type\":\"ListItem\",\"position\":1,\"name\":\"Startseite\",\"item\":\"https:\\\/\\\/www.ortungsgerate.de\\\/\"},{\"@type\":\"ListItem\",\"position\":2,\"name\":\"Shop\",\"item\":\"https:\\\/\\\/www.ortungsgerate.de\\\/shop\\\/\"},{\"@type\":\"ListItem\",\"position\":3,\"name\":\"Professioneller Spionageausr\u00fcstungs-Detektor f\u00fcr GPS-, GSM-, Funk- und GPS-Signale\"}]},{\"@type\":\"WebSite\",\"@id\":\"https:\\\/\\\/www.ortungsgerate.de\\\/#website\",\"url\":\"https:\\\/\\\/www.ortungsgerate.de\\\/\",\"name\":\"Ortungsgerate.de\",\"description\":\"\",\"publisher\":{\"@id\":\"https:\\\/\\\/www.ortungsgerate.de\\\/#organization\"},\"potentialAction\":[{\"@type\":\"SearchAction\",\"target\":{\"@type\":\"EntryPoint\",\"urlTemplate\":\"https:\\\/\\\/www.ortungsgerate.de\\\/?s={search_term_string}\"},\"query-input\":{\"@type\":\"PropertyValueSpecification\",\"valueRequired\":true,\"valueName\":\"search_term_string\"}}],\"inLanguage\":\"ru-RU\"},{\"@type\":\"Organization\",\"@id\":\"https:\\\/\\\/www.ortungsgerate.de\\\/#organization\",\"name\":\"Ortungsgerate.de\",\"url\":\"https:\\\/\\\/www.ortungsgerate.de\\\/\",\"logo\":{\"@type\":\"ImageObject\",\"inLanguage\":\"ru-RU\",\"@id\":\"https:\\\/\\\/www.ortungsgerate.de\\\/#\\\/schema\\\/logo\\\/image\\\/\",\"url\":\"https:\\\/\\\/www.ortungsgerate.de\\\/wp-content\\\/uploads\\\/ortungsgerate.png\",\"contentUrl\":\"https:\\\/\\\/www.ortungsgerate.de\\\/wp-content\\\/uploads\\\/ortungsgerate.png\",\"width\":500,\"height\":135,\"caption\":\"Ortungsgerate.de\"},\"image\":{\"@id\":\"https:\\\/\\\/www.ortungsgerate.de\\\/#\\\/schema\\\/logo\\\/image\\\/\"}}]}<\/script>\n<!-- \/ Yoast SEO Premium plugin. -->","yoast_head_json":{"title":"Professioneller Spionageausr\u00fcstungs-Detektor GSM GPS RD Wi-Fi","description":"Der Spionageausr\u00fcstungs-Detektor erkennt GSM-, GPS- und FUNK-Signale. Finden Sie heraus, ob Sie \u00fcberwacht werden oder ob jemand Ihre Gespr\u00e4che im B\u00fcro oder im Auto abh\u00f6rt. Niedriger Preis","robots":{"index":"index","follow":"follow","max-snippet":"max-snippet:-1","max-image-preview":"max-image-preview:large","max-video-preview":"max-video-preview:-1"},"canonical":"https:\/\/www.ortungsgerate.de\/ru\/26-detektory-2\/professionalnyy-detektor-shpionskogo-oborudovaniya-dlya-gps-gsm-radiosignalov-i-gps-signalov\/","og_locale":"ru_RU","og_type":"article","og_title":"Professioneller Spionageausr\u00fcstungs-Detektor f\u00fcr GPS-, GSM-, Funk- und GPS-Signale","og_description":"Der Spionageausr\u00fcstungs-Detektor erkennt GSM-, GPS- und FUNK-Signale. Finden Sie heraus, ob Sie \u00fcberwacht werden oder ob jemand Ihre Gespr\u00e4che im B\u00fcro oder im Auto abh\u00f6rt. Niedriger Preis","og_url":"https:\/\/www.ortungsgerate.de\/ru\/26-detektory-2\/professionalnyy-detektor-shpionskogo-oborudovaniya-dlya-gps-gsm-radiosignalov-i-gps-signalov\/","og_site_name":"Ortungsger\u00e4te.de","article_modified_time":"2025-11-26T17:07:36+00:00","og_image":[{"width":725,"height":617,"url":"https:\/\/www.ortungsgerate.de\/wp-content\/uploads\/snipinejimo-irangos-detektorius-gps-gsm-radio-ir-gps-signalu.jpg","type":"image\/jpeg"}],"twitter_card":"summary_large_image","twitter_misc":{"\u041f\u0440\u0438\u043c\u0435\u0440\u043d\u043e\u0435 \u0432\u0440\u0435\u043c\u044f \u0434\u043b\u044f \u0447\u0442\u0435\u043d\u0438\u044f":"2 \u043c\u0438\u043d\u0443\u0442\u044b"},"schema":{"@context":"https:\/\/schema.org","@graph":[{"@type":"WebPage","@id":"https:\/\/www.ortungsgerate.de\/26-detektoren\/professioneller-spionageausruestungs-detektor-fuer-gps-gsm-funk-und-gps-signale\/","url":"https:\/\/www.ortungsgerate.de\/26-detektoren\/professioneller-spionageausruestungs-detektor-fuer-gps-gsm-funk-und-gps-signale\/","name":"Professioneller Spionageausr\u00fcstungs-Detektor GSM GPS RD Wi-Fi","isPartOf":{"@id":"https:\/\/www.ortungsgerate.de\/#website"},"primaryImageOfPage":{"@id":"https:\/\/www.ortungsgerate.de\/26-detektoren\/professioneller-spionageausruestungs-detektor-fuer-gps-gsm-funk-und-gps-signale\/#primaryimage"},"image":{"@id":"https:\/\/www.ortungsgerate.de\/26-detektoren\/professioneller-spionageausruestungs-detektor-fuer-gps-gsm-funk-und-gps-signale\/#primaryimage"},"thumbnailUrl":"https:\/\/www.ortungsgerate.de\/wp-content\/uploads\/snipinejimo-irangos-detektorius-gps-gsm-radio-ir-gps-signalu.jpg","datePublished":"2024-02-06T19:36:22+00:00","dateModified":"2025-11-26T17:07:36+00:00","description":"Der Spionageausr\u00fcstungs-Detektor erkennt GSM-, GPS- und FUNK-Signale. Finden Sie heraus, ob Sie \u00fcberwacht werden oder ob jemand Ihre Gespr\u00e4che im B\u00fcro oder im Auto abh\u00f6rt. Niedriger Preis","breadcrumb":{"@id":"https:\/\/www.ortungsgerate.de\/26-detektoren\/professioneller-spionageausruestungs-detektor-fuer-gps-gsm-funk-und-gps-signale\/#breadcrumb"},"inLanguage":"ru-RU","potentialAction":[{"@type":"ReadAction","target":["https:\/\/www.ortungsgerate.de\/26-detektoren\/professioneller-spionageausruestungs-detektor-fuer-gps-gsm-funk-und-gps-signale\/"]}]},{"@type":"ImageObject","inLanguage":"ru-RU","@id":"https:\/\/www.ortungsgerate.de\/26-detektoren\/professioneller-spionageausruestungs-detektor-fuer-gps-gsm-funk-und-gps-signale\/#primaryimage","url":"https:\/\/www.ortungsgerate.de\/wp-content\/uploads\/snipinejimo-irangos-detektorius-gps-gsm-radio-ir-gps-signalu.jpg","contentUrl":"https:\/\/www.ortungsgerate.de\/wp-content\/uploads\/snipinejimo-irangos-detektorius-gps-gsm-radio-ir-gps-signalu.jpg","width":725,"height":617,"caption":"GPS-Ortungsger\u00e4te-Detektor"},{"@type":"BreadcrumbList","@id":"https:\/\/www.ortungsgerate.de\/26-detektoren\/professioneller-spionageausruestungs-detektor-fuer-gps-gsm-funk-und-gps-signale\/#breadcrumb","itemListElement":[{"@type":"ListItem","position":1,"name":"Startseite","item":"https:\/\/www.ortungsgerate.de\/"},{"@type":"ListItem","position":2,"name":"Shop","item":"https:\/\/www.ortungsgerate.de\/shop\/"},{"@type":"ListItem","position":3,"name":"Professioneller Spionageausr\u00fcstungs-Detektor f\u00fcr GPS-, GSM-, Funk- und GPS-Signale"}]},{"@type":"WebSite","@id":"https:\/\/www.ortungsgerate.de\/#website","url":"https:\/\/www.ortungsgerate.de\/","name":"Ortungsgerate.de","description":"","publisher":{"@id":"https:\/\/www.ortungsgerate.de\/#organization"},"potentialAction":[{"@type":"SearchAction","target":{"@type":"EntryPoint","urlTemplate":"https:\/\/www.ortungsgerate.de\/?s={search_term_string}"},"query-input":{"@type":"PropertyValueSpecification","valueRequired":true,"valueName":"search_term_string"}}],"inLanguage":"ru-RU"},{"@type":"Organization","@id":"https:\/\/www.ortungsgerate.de\/#organization","name":"Ortungsgerate.de","url":"https:\/\/www.ortungsgerate.de\/","logo":{"@type":"ImageObject","inLanguage":"ru-RU","@id":"https:\/\/www.ortungsgerate.de\/#\/schema\/logo\/image\/","url":"https:\/\/www.ortungsgerate.de\/wp-content\/uploads\/ortungsgerate.png","contentUrl":"https:\/\/www.ortungsgerate.de\/wp-content\/uploads\/ortungsgerate.png","width":500,"height":135,"caption":"Ortungsgerate.de"},"image":{"@id":"https:\/\/www.ortungsgerate.de\/#\/schema\/logo\/image\/"}}]}},"_links":{"self":[{"href":"https:\/\/www.ortungsgerate.de\/ru\/wp-json\/wp\/v2\/product\/16680","targetHints":{"allow":["GET"]}}],"collection":[{"href":"https:\/\/www.ortungsgerate.de\/ru\/wp-json\/wp\/v2\/product"}],"about":[{"href":"https:\/\/www.ortungsgerate.de\/ru\/wp-json\/wp\/v2\/types\/product"}],"version-history":[{"count":0,"href":"https:\/\/www.ortungsgerate.de\/ru\/wp-json\/wp\/v2\/product\/16680\/revisions"}],"wp:featuredmedia":[{"embeddable":true,"href":"https:\/\/www.ortungsgerate.de\/ru\/wp-json\/wp\/v2\/media\/1379"}],"wp:attachment":[{"href":"https:\/\/www.ortungsgerate.de\/ru\/wp-json\/wp\/v2\/media?parent=16680"}],"wp:term":[{"taxonomy":"brand","embeddable":true,"href":"https:\/\/www.ortungsgerate.de\/ru\/wp-json\/wp\/v2\/etheme_brands?post=16680"},{"taxonomy":"product_brand","embeddable":true,"href":"https:\/\/www.ortungsgerate.de\/ru\/wp-json\/wp\/v2\/product_brand?post=16680"},{"taxonomy":"product_cat","embeddable":true,"href":"https:\/\/www.ortungsgerate.de\/ru\/wp-json\/wp\/v2\/product_cat?post=16680"},{"taxonomy":"product_tag","embeddable":true,"href":"https:\/\/www.ortungsgerate.de\/ru\/wp-json\/wp\/v2\/product_tag?post=16680"}],"curies":[{"name":"wp","href":"https:\/\/api.w.org\/{rel}","templated":true}]}}