{"id":16681,"date":"2024-02-06T21:36:05","date_gmt":"2024-02-06T19:36:05","guid":{"rendered":"https:\/\/ortungsgerate.de\/be-kategorijos\/diktofonas-kamera-su-judesio-aptikimu-full-hd\/"},"modified":"2025-11-26T19:01:36","modified_gmt":"2025-11-26T17:01:36","slug":"diktofon-kamera-s-detektsiey-dvizheniya-full-hd","status":"publish","type":"product","link":"https:\/\/www.ortungsgerate.de\/ru\/12-skrytyje-kamery\/17-zamaskirovanyje-kamery\/diktofon-kamera-s-detektsiey-dvizheniya-full-hd\/","title":{"rendered":"\u0414\u0438\u043a\u0442\u043e\u0444\u043e\u043d \u043a\u0430\u043c\u0435\u0440\u0430 \u0441 \u0434\u0435\u0442\u0435\u043a\u0446\u0438\u0435\u0439 \u0434\u0432\u0438\u0436\u0435\u043d\u0438\u044f Full HD"},"content":{"rendered":"<h3>\u0422\u0435\u0445\u043d\u0438\u0447\u0435\u0441\u043a\u0438\u0435<strong> \u043f\u0430\u0440\u0430\u043c\u0435\u0442\u0440\u044b:<\/strong><\/h3>\n<ul>\n<li>Kartensupport: unterst\u00fctzte Speicherkarte \u2013 \u201eMicroSD\u201c (bis 32 GB \/ nicht im Lieferumfang enthalten)<\/li>\n<li>Videoaufnahme mit Ton<\/li>\n<li>Bewegungserkennungsoption: JA<\/li>\n<li>\u0412\u0440\u0435\u043c\u044f \u0440\u0430\u0431\u043e\u0442\u044b \u0430\u043a\u043a\u0443\u043c\u0443\u043b\u044f\u0442\u043e\u0440\u0430 \u0434\u043e 70 \u043c\u0438\u043d.<\/li>\n<li>Videoaufl\u00f6sung: Full-HD 1920 x 1080PX<\/li>\n<li>Nachtmodus: JA (IR-Dioden)<\/li>\n<li>\u0412\u0438\u0434\u0435\u043e \u0444\u043e\u0440\u043c\u0430\u0442: AVI, 30 \u043a\u0430\u0434\u0440\u043e\u0432\/\u0441<\/li>\n<li>Integrierter Akku: 200 mAh (wiederaufladbar)<\/li>\n<li>Videoaufnahmedauer: ca. 90 Minuten<\/li>\n<li>Audioaufnahmedauer: ca. 20 Stunden<\/li>\n<li>Laden: USB-Anschluss oder 5V-Ladeger\u00e4t<\/li>\n<li>\u00dcberwachungswinkel: 75 \u00b0<\/li>\n<li>Fotoaufl\u00f6sung: HD 1280 x 720PX<\/li>\n<li>Gewicht und Abmessungen: 22 g; 60 mm x 20 mm x 14 mm<\/li>\n<li>\u0426\u0432\u0435\u0442: \u0447\u0435\u0440\u043d\u044b\u0439<\/li>\n<li><strong>\u0413\u0410\u0420\u0410\u041d\u0422\u0418\u042f 12 \u043c\u0435\u0441\u044f\u0446\u0435\u0432<\/strong><\/li>\n<\/ul>\n<p><span style=\"color: #d0121a;\"><strong>Wenn Sie eine schnelle Lieferung am selben Tag (auch an Wochenenden) ben\u00f6tigen  <\/strong><\/span><\/p>\n<p>\u0418\u0441\u043f\u043e\u043b\u044c\u0437\u043e\u0432\u0430\u043d\u0438\u0435: \u0414\u043b\u044f \u0432\u0430\u0448\u0435\u0439 \u0441\u043e\u0431\u0441\u0442\u0432\u0435\u043d\u043d\u043e\u0439 \u0431\u0435\u0437\u043e\u043f\u0430\u0441\u043d\u043e\u0441\u0442\u0438 \u0438 \u0431\u0435\u0437\u043e\u043f\u0430\u0441\u043d\u043e\u0441\u0442\u0438 \u0432\u0430\u0448\u0438\u0445 \u0434\u0435\u0442\u0435\u0439.<\/p>\n<p><strong>VERSTECKTE KAMERA \u2013 DIKTIERGER\u00c4T<\/strong><\/p>\n<p>Ein universelles Ger\u00e4t, das sowohl als versteckte Kamera als auch als Diktierger\u00e4t arbeiten kann. Es ist handlich und einfach zu bedienen, daher bereitet die Nutzung keinerlei Schwierigkeiten. Die gew\u00fcnschte Funktion wird \u00e4u\u00dferst komfortabel ausgew\u00e4hlt \u2013 \u00fcber zwei Funktionstasten (schalten Sie das Ger\u00e4t ein und w\u00e4hlen Sie den Video- oder Audioaufnahmemodus). Dank des durchdachten Designs l\u00e4sst sich diese versteckte Kamera mit Diktierger\u00e4t leicht zwischen gew\u00f6hnlichen Gegenst\u00e4nden in Innenr\u00e4umen verbergen und stellt so sicher, dass die Bild- oder Tonaufzeichnung v\u00f6llig unbemerkt erfolgt. Auch unerwartete Ger\u00e4usche oder Lichtsignale verraten den Betrieb nicht \u2013 das Ger\u00e4t gibt w\u00e4hrend der Aufnahme keine Signale ab (eine integrierte und zuverl\u00e4ssig versteckte LED-Lichtanzeige informiert lediglich \u00fcber den ordnungsgem\u00e4\u00dfen Betrieb des Ger\u00e4ts).<\/p>\n<p><strong>VORTEILE DES GER\u00c4TS<\/strong><\/p>\n<p>Das Bild wird verdeckt und in hoher Qualit\u00e4t aufgezeichnet \u2013 1080P FULL HD. Es k\u00f6nnen mehrere Aufnahmemodi gew\u00e4hlt werden: kontinuierliche Aufzeichnung oder ein Modus, bei dem die Videoaufnahme erst startet, wenn im Raum eine Bewegung erkannt wird. Das Ger\u00e4t arbeitet auch im Dunkeln einwandfrei \u2013 im Nachtmodus werden Infrarot-LEDs aktiviert. Die versteckte Kamera mit Diktierger\u00e4t verf\u00fcgt \u00fcber ein kompaktes, unauff\u00e4lliges Design. Das Objektiv der versteckten Kamera ist miniaturisiert, gibt keinerlei Ger\u00e4usche oder Lichtsignale ab. Das Ger\u00e4t ist einfach zu bedienen \u2013 zur Funktionswahl gen\u00fcgen zwei Tasten. Die Aufnahmen werden auf einer Speicherkarte (\u201eMicroSD\u201c, 8 \u2013 32 GB) gespeichert.<\/p>\n<p><strong>BETRIEBSDAUER DER KAMERA<\/strong><\/p>\n<p>Die Kapazit\u00e4t des internen Akkus der versteckten Kamera betr\u00e4gt 200 mAh und erm\u00f6glicht eine Videoaufnahme von ca. 90 Minuten. Um diese Zeit zu verl\u00e4ngern, k\u00f6nnen Sie zus\u00e4tzliche Energiequellen nutzen: die Kamera an eine Steckdose anschlie\u00dfen (Verwendung von 5V-Netzspannung) oder eine externe Powerbank anschlie\u00dfen. Eine Stunde Videoaufnahme belegt auf der \u201eMicroSD\u201c-Speicherkarte etwa sechs Gigabyte.<\/p>\n<p><strong>BETRIEBSDAUER DES DIKTIERGER\u00c4TS<\/strong><\/p>\n<p>Mit der Energie des integrierten Akkus (Akkukapazit\u00e4t \u2013 200 mAh) arbeitet das Diktierger\u00e4t ca. 20 Stunden. Diese Zeit kann ebenfalls verl\u00e4ngert werden, indem das Ger\u00e4t mit Strom (5V; aus der Steckdose) oder mit einer externen Powerbank betrieben wird.<\/p>\n<p><strong>REAKTION AUF BEWEGUNG<\/strong><\/p>\n<p>Es ist m\u00f6glich, den Modus zu w\u00e4hlen, in dem sich das Ger\u00e4t einschaltet und mit der Bildaufzeichnung erst dann beginnt, wenn im Raum eine Bewegung erkannt wird. Dieser Bewegungsreaktionsmodus ist besonders n\u00fctzlich bei Langzeitaufnahmen (es werden Phasen vermieden, in denen im Raum nichts geschieht). Wichtig ist zu beachten, dass sich die Betriebsdauer der versteckten Kamera bei aktivierter Bewegungsreaktionsfunktion nicht verl\u00e4ngert.<\/p>\n<p><strong>\u0412\u042b\u0421\u041e\u041a\u041e\u041a\u0410\u0427\u0415\u0421\u0422\u0412\u0415\u041d\u041d\u041e\u0415 \u0418\u0417\u041e\u0411\u0420\u0410\u0416\u0415\u041d\u0418\u0415<\/strong><\/p>\n<p>Die versteckte Kamera nimmt Bilder in hoher Qualit\u00e4t auf \u2013 FULL HD 1080P. Es k\u00f6nnen Video- oder Fotoaufnahmen gew\u00e4hlt werden. Ebenso ist ein Aufnahmemodus f\u00fcr dunkle Tageszeiten verf\u00fcgbar (dann werden Infrarot-LEDs eingeschaltet). Die h\u00f6chste Videoaufnahmequalit\u00e4t wird bei einer Nutzung des Ger\u00e4ts in einer Entfernung von bis zu f\u00fcnf Metern erreicht, es kann seine Funktionen jedoch auch auf eine Distanz von bis zu 10 Metern erf\u00fcllen (aber nicht dar\u00fcber hinaus).<\/p>\n<div class=\"iframe-container\"><\/div>","protected":false},"excerpt":{"rendered":"<h1><\/h1>","protected":false},"featured_media":1262,"template":"","meta":[],"etheme_brands":[],"product_brand":[],"product_cat":[208,207,204,203],"product_tag":[724,690,712],"class_list":{"0":"post-16681","1":"product","2":"type-product","3":"status-publish","4":"has-post-thumbnail","6":"product_cat-16-abhoergeraete","7":"product_cat-13-diktiergeraete","8":"product_cat-17-getarnte-kameras","9":"product_cat-12-versteckte-kameras","10":"product_tag-spionageausruestung","11":"product_tag-versteckte-kamera","12":"product_tag-versteckter-diktiergeraet","13":"pa_typ-usb-stick","15":"first","16":"outofstock","17":"sale","18":"taxable","19":"shipping-taxable","20":"purchasable","21":"product-type-simple"},"yoast_head":"<!-- This site is optimized with the Yoast SEO Premium plugin v25.9 (Yoast SEO v27.4) - https:\/\/yoast.com\/product\/yoast-seo-premium-wordpress\/ -->\n<title>\u00dcberwachungskamera Diktierger\u00e4t mit Bewegungserkennungsfunktion FullHD<\/title>\n<meta name=\"description\" content=\"Full HD Kamera Diktierger\u00e4t mit Bewegungserkennung Die Kamera filmt im Dunkeln Einfach zwischen B\u00fcchern und verschiedenen Gegenst\u00e4nden zu verbergen Ideal zur \u00dcberwachung von R\u00e4umen\" \/>\n<meta name=\"robots\" content=\"index, follow, max-snippet:-1, max-image-preview:large, max-video-preview:-1\" \/>\n<link rel=\"canonical\" href=\"https:\/\/www.ortungsgerate.de\/ru\/16-proslushivayushcheye-oborudovaniye-2\/diktofon-kamera-s-detektsiey-dvizheniya-full-hd\/\" \/>\n<meta property=\"og:locale\" content=\"ru_RU\" \/>\n<meta property=\"og:type\" content=\"article\" \/>\n<meta property=\"og:title\" content=\"Diktierger\u00e4t Kamera mit Bewegungserkennung Full HD\" \/>\n<meta property=\"og:description\" content=\"Full HD Kamera Diktierger\u00e4t mit Bewegungserkennung Die Kamera filmt im Dunkeln Einfach zwischen B\u00fcchern und verschiedenen Gegenst\u00e4nden zu verbergen Ideal zur \u00dcberwachung von R\u00e4umen\" \/>\n<meta property=\"og:url\" content=\"https:\/\/www.ortungsgerate.de\/ru\/16-proslushivayushcheye-oborudovaniye-2\/diktofon-kamera-s-detektsiey-dvizheniya-full-hd\/\" \/>\n<meta property=\"og:site_name\" content=\"Ortungsger\u00e4te.de\" \/>\n<meta property=\"article:modified_time\" content=\"2025-11-26T17:01:36+00:00\" \/>\n<meta property=\"og:image\" content=\"https:\/\/www.ortungsgerate.de\/wp-content\/uploads\/diktofonas-kamera-su-judesio-aptikimu-full-hd.jpg\" \/>\n\t<meta property=\"og:image:width\" content=\"1390\" \/>\n\t<meta property=\"og:image:height\" content=\"924\" \/>\n\t<meta property=\"og:image:type\" content=\"image\/jpeg\" \/>\n<meta name=\"twitter:card\" content=\"summary_large_image\" \/>\n<meta name=\"twitter:label1\" content=\"\u041f\u0440\u0438\u043c\u0435\u0440\u043d\u043e\u0435 \u0432\u0440\u0435\u043c\u044f \u0434\u043b\u044f \u0447\u0442\u0435\u043d\u0438\u044f\" \/>\n\t<meta name=\"twitter:data1\" content=\"3 \u043c\u0438\u043d\u0443\u0442\u044b\" \/>\n<script type=\"application\/ld+json\" class=\"yoast-schema-graph\">{\"@context\":\"https:\\\/\\\/schema.org\",\"@graph\":[{\"@type\":\"WebPage\",\"@id\":\"https:\\\/\\\/www.ortungsgerate.de\\\/16-abhoergeraete\\\/diktiergeraet-kamera-mit-bewegungserkennung-full-hd\\\/\",\"url\":\"https:\\\/\\\/www.ortungsgerate.de\\\/16-abhoergeraete\\\/diktiergeraet-kamera-mit-bewegungserkennung-full-hd\\\/\",\"name\":\"\u00dcberwachungskamera Diktierger\u00e4t mit Bewegungserkennungsfunktion FullHD\",\"isPartOf\":{\"@id\":\"https:\\\/\\\/www.ortungsgerate.de\\\/#website\"},\"primaryImageOfPage\":{\"@id\":\"https:\\\/\\\/www.ortungsgerate.de\\\/16-abhoergeraete\\\/diktiergeraet-kamera-mit-bewegungserkennung-full-hd\\\/#primaryimage\"},\"image\":{\"@id\":\"https:\\\/\\\/www.ortungsgerate.de\\\/16-abhoergeraete\\\/diktiergeraet-kamera-mit-bewegungserkennung-full-hd\\\/#primaryimage\"},\"thumbnailUrl\":\"https:\\\/\\\/www.ortungsgerate.de\\\/wp-content\\\/uploads\\\/diktofonas-kamera-su-judesio-aptikimu-full-hd.jpg\",\"datePublished\":\"2024-02-06T19:36:05+00:00\",\"dateModified\":\"2025-11-26T17:01:36+00:00\",\"description\":\"Full HD Kamera Diktierger\u00e4t mit Bewegungserkennung Die Kamera filmt im Dunkeln Einfach zwischen B\u00fcchern und verschiedenen Gegenst\u00e4nden zu verbergen Ideal zur \u00dcberwachung von R\u00e4umen\",\"breadcrumb\":{\"@id\":\"https:\\\/\\\/www.ortungsgerate.de\\\/16-abhoergeraete\\\/diktiergeraet-kamera-mit-bewegungserkennung-full-hd\\\/#breadcrumb\"},\"inLanguage\":\"ru-RU\",\"potentialAction\":[{\"@type\":\"ReadAction\",\"target\":[\"https:\\\/\\\/www.ortungsgerate.de\\\/16-abhoergeraete\\\/diktiergeraet-kamera-mit-bewegungserkennung-full-hd\\\/\"]}]},{\"@type\":\"ImageObject\",\"inLanguage\":\"ru-RU\",\"@id\":\"https:\\\/\\\/www.ortungsgerate.de\\\/16-abhoergeraete\\\/diktiergeraet-kamera-mit-bewegungserkennung-full-hd\\\/#primaryimage\",\"url\":\"https:\\\/\\\/www.ortungsgerate.de\\\/wp-content\\\/uploads\\\/diktofonas-kamera-su-judesio-aptikimu-full-hd.jpg\",\"contentUrl\":\"https:\\\/\\\/www.ortungsgerate.de\\\/wp-content\\\/uploads\\\/diktofonas-kamera-su-judesio-aptikimu-full-hd.jpg\",\"width\":1390,\"height\":924,\"caption\":\"Kamera und Diktierger\u00e4t zwei in einem\"},{\"@type\":\"BreadcrumbList\",\"@id\":\"https:\\\/\\\/www.ortungsgerate.de\\\/16-abhoergeraete\\\/diktiergeraet-kamera-mit-bewegungserkennung-full-hd\\\/#breadcrumb\",\"itemListElement\":[{\"@type\":\"ListItem\",\"position\":1,\"name\":\"Startseite\",\"item\":\"https:\\\/\\\/www.ortungsgerate.de\\\/\"},{\"@type\":\"ListItem\",\"position\":2,\"name\":\"Shop\",\"item\":\"https:\\\/\\\/www.ortungsgerate.de\\\/shop\\\/\"},{\"@type\":\"ListItem\",\"position\":3,\"name\":\"Diktierger\u00e4t Kamera mit Bewegungserkennung Full HD\"}]},{\"@type\":\"WebSite\",\"@id\":\"https:\\\/\\\/www.ortungsgerate.de\\\/#website\",\"url\":\"https:\\\/\\\/www.ortungsgerate.de\\\/\",\"name\":\"Ortungsgerate.de\",\"description\":\"\",\"publisher\":{\"@id\":\"https:\\\/\\\/www.ortungsgerate.de\\\/#organization\"},\"potentialAction\":[{\"@type\":\"SearchAction\",\"target\":{\"@type\":\"EntryPoint\",\"urlTemplate\":\"https:\\\/\\\/www.ortungsgerate.de\\\/?s={search_term_string}\"},\"query-input\":{\"@type\":\"PropertyValueSpecification\",\"valueRequired\":true,\"valueName\":\"search_term_string\"}}],\"inLanguage\":\"ru-RU\"},{\"@type\":\"Organization\",\"@id\":\"https:\\\/\\\/www.ortungsgerate.de\\\/#organization\",\"name\":\"Ortungsgerate.de\",\"url\":\"https:\\\/\\\/www.ortungsgerate.de\\\/\",\"logo\":{\"@type\":\"ImageObject\",\"inLanguage\":\"ru-RU\",\"@id\":\"https:\\\/\\\/www.ortungsgerate.de\\\/#\\\/schema\\\/logo\\\/image\\\/\",\"url\":\"https:\\\/\\\/www.ortungsgerate.de\\\/wp-content\\\/uploads\\\/ortungsgerate.png\",\"contentUrl\":\"https:\\\/\\\/www.ortungsgerate.de\\\/wp-content\\\/uploads\\\/ortungsgerate.png\",\"width\":500,\"height\":135,\"caption\":\"Ortungsgerate.de\"},\"image\":{\"@id\":\"https:\\\/\\\/www.ortungsgerate.de\\\/#\\\/schema\\\/logo\\\/image\\\/\"}}]}<\/script>\n<!-- \/ Yoast SEO Premium plugin. -->","yoast_head_json":{"title":"\u00dcberwachungskamera Diktierger\u00e4t mit Bewegungserkennungsfunktion FullHD","description":"Full HD Kamera Diktierger\u00e4t mit Bewegungserkennung Die Kamera filmt im Dunkeln Einfach zwischen B\u00fcchern und verschiedenen Gegenst\u00e4nden zu verbergen Ideal zur \u00dcberwachung von R\u00e4umen","robots":{"index":"index","follow":"follow","max-snippet":"max-snippet:-1","max-image-preview":"max-image-preview:large","max-video-preview":"max-video-preview:-1"},"canonical":"https:\/\/www.ortungsgerate.de\/ru\/16-proslushivayushcheye-oborudovaniye-2\/diktofon-kamera-s-detektsiey-dvizheniya-full-hd\/","og_locale":"ru_RU","og_type":"article","og_title":"Diktierger\u00e4t Kamera mit Bewegungserkennung Full HD","og_description":"Full HD Kamera Diktierger\u00e4t mit Bewegungserkennung Die Kamera filmt im Dunkeln Einfach zwischen B\u00fcchern und verschiedenen Gegenst\u00e4nden zu verbergen Ideal zur \u00dcberwachung von R\u00e4umen","og_url":"https:\/\/www.ortungsgerate.de\/ru\/16-proslushivayushcheye-oborudovaniye-2\/diktofon-kamera-s-detektsiey-dvizheniya-full-hd\/","og_site_name":"Ortungsger\u00e4te.de","article_modified_time":"2025-11-26T17:01:36+00:00","og_image":[{"width":1390,"height":924,"url":"https:\/\/www.ortungsgerate.de\/wp-content\/uploads\/diktofonas-kamera-su-judesio-aptikimu-full-hd.jpg","type":"image\/jpeg"}],"twitter_card":"summary_large_image","twitter_misc":{"\u041f\u0440\u0438\u043c\u0435\u0440\u043d\u043e\u0435 \u0432\u0440\u0435\u043c\u044f \u0434\u043b\u044f \u0447\u0442\u0435\u043d\u0438\u044f":"3 \u043c\u0438\u043d\u0443\u0442\u044b"},"schema":{"@context":"https:\/\/schema.org","@graph":[{"@type":"WebPage","@id":"https:\/\/www.ortungsgerate.de\/16-abhoergeraete\/diktiergeraet-kamera-mit-bewegungserkennung-full-hd\/","url":"https:\/\/www.ortungsgerate.de\/16-abhoergeraete\/diktiergeraet-kamera-mit-bewegungserkennung-full-hd\/","name":"\u00dcberwachungskamera Diktierger\u00e4t mit Bewegungserkennungsfunktion FullHD","isPartOf":{"@id":"https:\/\/www.ortungsgerate.de\/#website"},"primaryImageOfPage":{"@id":"https:\/\/www.ortungsgerate.de\/16-abhoergeraete\/diktiergeraet-kamera-mit-bewegungserkennung-full-hd\/#primaryimage"},"image":{"@id":"https:\/\/www.ortungsgerate.de\/16-abhoergeraete\/diktiergeraet-kamera-mit-bewegungserkennung-full-hd\/#primaryimage"},"thumbnailUrl":"https:\/\/www.ortungsgerate.de\/wp-content\/uploads\/diktofonas-kamera-su-judesio-aptikimu-full-hd.jpg","datePublished":"2024-02-06T19:36:05+00:00","dateModified":"2025-11-26T17:01:36+00:00","description":"Full HD Kamera Diktierger\u00e4t mit Bewegungserkennung Die Kamera filmt im Dunkeln Einfach zwischen B\u00fcchern und verschiedenen Gegenst\u00e4nden zu verbergen Ideal zur \u00dcberwachung von R\u00e4umen","breadcrumb":{"@id":"https:\/\/www.ortungsgerate.de\/16-abhoergeraete\/diktiergeraet-kamera-mit-bewegungserkennung-full-hd\/#breadcrumb"},"inLanguage":"ru-RU","potentialAction":[{"@type":"ReadAction","target":["https:\/\/www.ortungsgerate.de\/16-abhoergeraete\/diktiergeraet-kamera-mit-bewegungserkennung-full-hd\/"]}]},{"@type":"ImageObject","inLanguage":"ru-RU","@id":"https:\/\/www.ortungsgerate.de\/16-abhoergeraete\/diktiergeraet-kamera-mit-bewegungserkennung-full-hd\/#primaryimage","url":"https:\/\/www.ortungsgerate.de\/wp-content\/uploads\/diktofonas-kamera-su-judesio-aptikimu-full-hd.jpg","contentUrl":"https:\/\/www.ortungsgerate.de\/wp-content\/uploads\/diktofonas-kamera-su-judesio-aptikimu-full-hd.jpg","width":1390,"height":924,"caption":"Kamera und Diktierger\u00e4t zwei in einem"},{"@type":"BreadcrumbList","@id":"https:\/\/www.ortungsgerate.de\/16-abhoergeraete\/diktiergeraet-kamera-mit-bewegungserkennung-full-hd\/#breadcrumb","itemListElement":[{"@type":"ListItem","position":1,"name":"Startseite","item":"https:\/\/www.ortungsgerate.de\/"},{"@type":"ListItem","position":2,"name":"Shop","item":"https:\/\/www.ortungsgerate.de\/shop\/"},{"@type":"ListItem","position":3,"name":"Diktierger\u00e4t Kamera mit Bewegungserkennung Full HD"}]},{"@type":"WebSite","@id":"https:\/\/www.ortungsgerate.de\/#website","url":"https:\/\/www.ortungsgerate.de\/","name":"Ortungsgerate.de","description":"","publisher":{"@id":"https:\/\/www.ortungsgerate.de\/#organization"},"potentialAction":[{"@type":"SearchAction","target":{"@type":"EntryPoint","urlTemplate":"https:\/\/www.ortungsgerate.de\/?s={search_term_string}"},"query-input":{"@type":"PropertyValueSpecification","valueRequired":true,"valueName":"search_term_string"}}],"inLanguage":"ru-RU"},{"@type":"Organization","@id":"https:\/\/www.ortungsgerate.de\/#organization","name":"Ortungsgerate.de","url":"https:\/\/www.ortungsgerate.de\/","logo":{"@type":"ImageObject","inLanguage":"ru-RU","@id":"https:\/\/www.ortungsgerate.de\/#\/schema\/logo\/image\/","url":"https:\/\/www.ortungsgerate.de\/wp-content\/uploads\/ortungsgerate.png","contentUrl":"https:\/\/www.ortungsgerate.de\/wp-content\/uploads\/ortungsgerate.png","width":500,"height":135,"caption":"Ortungsgerate.de"},"image":{"@id":"https:\/\/www.ortungsgerate.de\/#\/schema\/logo\/image\/"}}]}},"_links":{"self":[{"href":"https:\/\/www.ortungsgerate.de\/ru\/wp-json\/wp\/v2\/product\/16681","targetHints":{"allow":["GET"]}}],"collection":[{"href":"https:\/\/www.ortungsgerate.de\/ru\/wp-json\/wp\/v2\/product"}],"about":[{"href":"https:\/\/www.ortungsgerate.de\/ru\/wp-json\/wp\/v2\/types\/product"}],"version-history":[{"count":0,"href":"https:\/\/www.ortungsgerate.de\/ru\/wp-json\/wp\/v2\/product\/16681\/revisions"}],"wp:featuredmedia":[{"embeddable":true,"href":"https:\/\/www.ortungsgerate.de\/ru\/wp-json\/wp\/v2\/media\/1262"}],"wp:attachment":[{"href":"https:\/\/www.ortungsgerate.de\/ru\/wp-json\/wp\/v2\/media?parent=16681"}],"wp:term":[{"taxonomy":"brand","embeddable":true,"href":"https:\/\/www.ortungsgerate.de\/ru\/wp-json\/wp\/v2\/etheme_brands?post=16681"},{"taxonomy":"product_brand","embeddable":true,"href":"https:\/\/www.ortungsgerate.de\/ru\/wp-json\/wp\/v2\/product_brand?post=16681"},{"taxonomy":"product_cat","embeddable":true,"href":"https:\/\/www.ortungsgerate.de\/ru\/wp-json\/wp\/v2\/product_cat?post=16681"},{"taxonomy":"product_tag","embeddable":true,"href":"https:\/\/www.ortungsgerate.de\/ru\/wp-json\/wp\/v2\/product_tag?post=16681"}],"curies":[{"name":"wp","href":"https:\/\/api.w.org\/{rel}","templated":true}]}}