{"id":16684,"date":"2024-02-06T21:38:42","date_gmt":"2024-02-06T19:38:42","guid":{"rendered":"https:\/\/ortungsgerate.de\/be-kategorijos\/slapta-kamera-laikrodis-32gb-atminties-odine-apyranke\/"},"modified":"2025-11-26T19:01:36","modified_gmt":"2025-11-26T17:01:36","slug":"skrytaya-kamera-chasy-32-gb-pamyati-kozhanyy-remeshok","status":"publish","type":"product","link":"https:\/\/www.ortungsgerate.de\/ru\/12-skrytyje-kamery\/17-zamaskirovanyje-kamery\/skrytaya-kamera-chasy-32-gb-pamyati-kozhanyy-remeshok\/","title":{"rendered":"\u0421\u043a\u0440\u044b\u0442\u0430\u044f \u043a\u0430\u043c\u0435\u0440\u0430 \u0447\u0430\u0441\u044b 32 \u0413\u0411 \u043f\u0430\u043c\u044f\u0442\u0438 \u043a\u043e\u0436\u0430\u043d\u044b\u0439 \u0440\u0435\u043c\u0435\u0448\u043e\u043a"},"content":{"rendered":"<h3><strong>\u0422\u0435\u0445\u043d\u0438\u0447\u0435\u0441\u043a\u0438\u0435 \u043f\u0430\u0440\u0430\u043c\u0435\u0442\u0440\u044b:<\/strong><\/h3>\n<ul>\n<li>Fotografiert: Ja<\/li>\n<li>\u041a\u043e\u0436\u0430\u043d\u044b\u0439 \u0440\u0435\u043c\u0435\u0448\u043e\u043a<\/li>\n<li>Farbe: Schwarz<\/li>\n<li>Diktierger\u00e4t: Vorhanden<\/li>\n<li>Betrieb ohne Aufladen bis zu 150 Min.<\/li>\n<li>Videoaufnahme mit Ton, integriertes Mikrofon<\/li>\n<li>Metallgeh\u00e4use<\/li>\n<li>Interner Speicher 32 GB, 30 Bilder pro Sekunde<\/li>\n<li>Fotoqualit\u00e4t: JPG 3840x2880px<\/li>\n<li>Sichtwinkel: 90\u00b0<\/li>\n<li>Nachtsicht (schaltet sich automatisch ein)<\/li>\n<li>Anschl\u00fcsse: USB<\/li>\n<li>Laden: \u00fcber USB<\/li>\n<li>Betriebstemperatur: -10 bis +60<\/li>\n<li>Lieferumfang: Uhr mit Kamera, USB-Kabel, Box<\/li>\n<li><strong>\u0413\u0410\u0420\u0410\u041d\u0422\u0418\u042f 12 \u043c\u0435\u0441\u044f\u0446\u0435\u0432<\/strong><\/li>\n<\/ul>\n<p><span style=\"color: #d0121a;\"><\/span><\/p>\n<p>Einsatzgebiet: F\u00fcr Ihre eigene Sicherheit und die Sicherheit Ihrer Kinder.<\/p>\n<p><strong>Uhr \u2013 versteckte Kamera mit Lederarmband, 32 GB interner Speicher<\/strong><\/p>\n<p>Die Uhr mit versteckter Kamerafunktion hilft Ihnen, verdeckte Informationen zu sammeln, die Sie als unwiderlegbare Beweise verwenden k\u00f6nnen. Das Kameraobjektiv ist sehr klein, sodass niemand vermuten wird, dass Sie eine versteckte Kamera verwenden.<\/p>\n<p>Die schwarze Uhr mit Lederarmband ist sehr stilvoll und elegant. Dieses Accessoire l\u00e4sst sich problemlos mit jeder Kleidung kombinieren: Es passt sowohl zu Alltagskleidung als auch zu festlicher Garderobe. Die Uhr mit versteckter Kamerafunktion kann ein ausgezeichnetes Geschenk f\u00fcr Sie selbst oder Ihre Angeh\u00f6rigen sein.<\/p>\n<p>Die Uhr mit versteckter Kamera ist sehr funktional: Sie nimmt nicht nur Videos auf, sondern fotografiert auch (die Aufl\u00f6sung der Fotos betr\u00e4gt 3840&#215;2880 px). In nur einer Sekunde werden bis zu drei\u00dfig Bilder aufgezeichnet. Die Kamera verf\u00fcgt au\u00dferdem \u00fcber ein integriertes Mikrofon, das Videoaufnahmen mit Ton erm\u00f6glicht.<\/p>\n<p>Wenn Sie Videoaufnahmen in der Dunkelheit machen m\u00fcssen, ist die Nachtsichtfunktion, die sich automatisch einschaltet, \u00e4u\u00dferst n\u00fctzlich. Unabh\u00e4ngig davon, zu welcher Tageszeit Sie filmen oder fotografieren, wird so sichergestellt, dass Ihr aufgezeichnetes Bildmaterial stets hochwertig und klar verst\u00e4ndlich ist.<\/p>\n<p>Ohne Aufladen k\u00f6nnen Sie die versteckte Kamerafunktion bis zu 150 Minuten nutzen. Im Lieferumfang des Ger\u00e4ts finden Sie ein USB-Kabel, mit dem Sie das Ger\u00e4t aufladen oder die aufgezeichneten Daten auf einen Computer \u00fcbertragen k\u00f6nnen. Der interne Speicher der versteckten Kamera betr\u00e4gt 32 GB; wenn kein Speicherplatz mehr f\u00fcr neue Informationen verf\u00fcgbar ist, werden die neuesten Videoaufnahmen anstelle der \u00e4ltesten gespeichert.<\/p>\n<p>Die Uhr ist einfach zu bedienen; mit nur wenigen Tastendr\u00fccken aktivieren Sie die gew\u00fcnschten Funktionen.<\/p>","protected":false},"excerpt":{"rendered":"<p>Technische Parameter: Fotografiert: Ja Lederarmband Farbe: Schwarz Diktierger\u00e4t: Vorhanden Betrieb ohne Aufladen bis zu 150 Min. Videoaufnahme mit Ton, integriertes Mikrofon Metallgeh\u00e4use Interner Speicher 32&#8230;<\/p>","protected":false},"featured_media":2052,"template":"","meta":[],"etheme_brands":[],"product_brand":[],"product_cat":[210,204,203],"product_tag":[42,754,731,707,705,728,729,690],"class_list":{"0":"post-16684","1":"product","2":"type-product","3":"status-publish","4":"has-post-thumbnail","6":"product_cat-32-armbanduhren-mit-kamera","7":"product_cat-17-getarnte-kameras","8":"product_cat-12-versteckte-kameras","9":"product_tag-kamera","10":"product_tag-kamera-im-wecker","11":"product_tag-kamera-in-der-uhr","12":"product_tag-kamera-uhr","13":"product_tag-ueberwachungskamera","14":"product_tag-uhr","15":"product_tag-uhr-kamera","16":"product_tag-versteckte-kamera","17":"pa_typ-armbanduhren","19":"first","20":"outofstock","21":"taxable","22":"shipping-taxable","23":"purchasable","24":"product-type-simple"},"yoast_head":"<!-- This site is optimized with the Yoast SEO Premium plugin v25.9 (Yoast SEO v27.4) - https:\/\/yoast.com\/product\/yoast-seo-premium-wordpress\/ -->\n<title>Uhr Kamera hochqualitatives Bild 32GB Full HD<\/title>\n<meta name=\"description\" content=\"Neueste Uhr mit hochwertigem Bild Besonders scharfes Bild, lange Betriebsdauer. Einfache Bedienung: Mit einem Tastendruck wird sie ein- und ausgeschaltet\" \/>\n<meta name=\"robots\" content=\"index, follow, max-snippet:-1, max-image-preview:large, max-video-preview:-1\" \/>\n<link rel=\"canonical\" href=\"https:\/\/www.ortungsgerate.de\/ru\/12-skrytyje-kamery\/32-naruchnije-chasy-s-kameroj\/skrytaya-kamera-chasy-32-gb-pamyati-kozhanyy-remeshok\/\" \/>\n<meta property=\"og:locale\" content=\"ru_RU\" \/>\n<meta property=\"og:type\" content=\"article\" \/>\n<meta property=\"og:title\" content=\"Versteckte Kamera Uhr 32GB Speicher Lederarmband\" \/>\n<meta property=\"og:description\" content=\"Neueste Uhr mit hochwertigem Bild Besonders scharfes Bild, lange Betriebsdauer. Einfache Bedienung: Mit einem Tastendruck wird sie ein- und ausgeschaltet\" \/>\n<meta property=\"og:url\" content=\"https:\/\/www.ortungsgerate.de\/ru\/12-skrytyje-kamery\/32-naruchnije-chasy-s-kameroj\/skrytaya-kamera-chasy-32-gb-pamyati-kozhanyy-remeshok\/\" \/>\n<meta property=\"og:site_name\" content=\"Ortungsger\u00e4te.de\" \/>\n<meta property=\"article:modified_time\" content=\"2025-11-26T17:01:36+00:00\" \/>\n<meta property=\"og:image\" content=\"https:\/\/www.ortungsgerate.de\/wp-content\/uploads\/laikrodis-kamera-aukstos-kokybes-vaizdas-32gb-full-hd-sekimoirangalt.jpg\" \/>\n\t<meta property=\"og:image:width\" content=\"417\" \/>\n\t<meta property=\"og:image:height\" content=\"417\" \/>\n\t<meta property=\"og:image:type\" content=\"image\/jpeg\" \/>\n<meta name=\"twitter:card\" content=\"summary_large_image\" \/>\n<meta name=\"twitter:label1\" content=\"\u041f\u0440\u0438\u043c\u0435\u0440\u043d\u043e\u0435 \u0432\u0440\u0435\u043c\u044f \u0434\u043b\u044f \u0447\u0442\u0435\u043d\u0438\u044f\" \/>\n\t<meta name=\"twitter:data1\" content=\"2 \u043c\u0438\u043d\u0443\u0442\u044b\" \/>\n<script type=\"application\/ld+json\" class=\"yoast-schema-graph\">{\"@context\":\"https:\\\/\\\/schema.org\",\"@graph\":[{\"@type\":\"WebPage\",\"@id\":\"https:\\\/\\\/www.ortungsgerate.de\\\/12-versteckte-kameras\\\/32-armbanduhren-mit-kamera\\\/versteckte-kamera-uhr-32gb-speicher-lederarmband\\\/\",\"url\":\"https:\\\/\\\/www.ortungsgerate.de\\\/12-versteckte-kameras\\\/32-armbanduhren-mit-kamera\\\/versteckte-kamera-uhr-32gb-speicher-lederarmband\\\/\",\"name\":\"Uhr Kamera hochqualitatives Bild 32GB Full HD\",\"isPartOf\":{\"@id\":\"https:\\\/\\\/www.ortungsgerate.de\\\/#website\"},\"primaryImageOfPage\":{\"@id\":\"https:\\\/\\\/www.ortungsgerate.de\\\/12-versteckte-kameras\\\/32-armbanduhren-mit-kamera\\\/versteckte-kamera-uhr-32gb-speicher-lederarmband\\\/#primaryimage\"},\"image\":{\"@id\":\"https:\\\/\\\/www.ortungsgerate.de\\\/12-versteckte-kameras\\\/32-armbanduhren-mit-kamera\\\/versteckte-kamera-uhr-32gb-speicher-lederarmband\\\/#primaryimage\"},\"thumbnailUrl\":\"https:\\\/\\\/www.ortungsgerate.de\\\/wp-content\\\/uploads\\\/laikrodis-kamera-aukstos-kokybes-vaizdas-32gb-full-hd-sekimoirangalt.jpg\",\"datePublished\":\"2024-02-06T19:38:42+00:00\",\"dateModified\":\"2025-11-26T17:01:36+00:00\",\"description\":\"Neueste Uhr mit hochwertigem Bild Besonders scharfes Bild, lange Betriebsdauer. Einfache Bedienung: Mit einem Tastendruck wird sie ein- und ausgeschaltet\",\"breadcrumb\":{\"@id\":\"https:\\\/\\\/www.ortungsgerate.de\\\/12-versteckte-kameras\\\/32-armbanduhren-mit-kamera\\\/versteckte-kamera-uhr-32gb-speicher-lederarmband\\\/#breadcrumb\"},\"inLanguage\":\"ru-RU\",\"potentialAction\":[{\"@type\":\"ReadAction\",\"target\":[\"https:\\\/\\\/www.ortungsgerate.de\\\/12-versteckte-kameras\\\/32-armbanduhren-mit-kamera\\\/versteckte-kamera-uhr-32gb-speicher-lederarmband\\\/\"]}]},{\"@type\":\"ImageObject\",\"inLanguage\":\"ru-RU\",\"@id\":\"https:\\\/\\\/www.ortungsgerate.de\\\/12-versteckte-kameras\\\/32-armbanduhren-mit-kamera\\\/versteckte-kamera-uhr-32gb-speicher-lederarmband\\\/#primaryimage\",\"url\":\"https:\\\/\\\/www.ortungsgerate.de\\\/wp-content\\\/uploads\\\/laikrodis-kamera-aukstos-kokybes-vaizdas-32gb-full-hd-sekimoirangalt.jpg\",\"contentUrl\":\"https:\\\/\\\/www.ortungsgerate.de\\\/wp-content\\\/uploads\\\/laikrodis-kamera-aukstos-kokybes-vaizdas-32gb-full-hd-sekimoirangalt.jpg\",\"width\":417,\"height\":417,\"caption\":\"Spionageuhr mit Kamera\"},{\"@type\":\"BreadcrumbList\",\"@id\":\"https:\\\/\\\/www.ortungsgerate.de\\\/12-versteckte-kameras\\\/32-armbanduhren-mit-kamera\\\/versteckte-kamera-uhr-32gb-speicher-lederarmband\\\/#breadcrumb\",\"itemListElement\":[{\"@type\":\"ListItem\",\"position\":1,\"name\":\"Startseite\",\"item\":\"https:\\\/\\\/www.ortungsgerate.de\\\/\"},{\"@type\":\"ListItem\",\"position\":2,\"name\":\"Shop\",\"item\":\"https:\\\/\\\/www.ortungsgerate.de\\\/shop\\\/\"},{\"@type\":\"ListItem\",\"position\":3,\"name\":\"Versteckte Kamera Uhr 32GB Speicher Lederarmband\"}]},{\"@type\":\"WebSite\",\"@id\":\"https:\\\/\\\/www.ortungsgerate.de\\\/#website\",\"url\":\"https:\\\/\\\/www.ortungsgerate.de\\\/\",\"name\":\"Ortungsgerate.de\",\"description\":\"\",\"publisher\":{\"@id\":\"https:\\\/\\\/www.ortungsgerate.de\\\/#organization\"},\"potentialAction\":[{\"@type\":\"SearchAction\",\"target\":{\"@type\":\"EntryPoint\",\"urlTemplate\":\"https:\\\/\\\/www.ortungsgerate.de\\\/?s={search_term_string}\"},\"query-input\":{\"@type\":\"PropertyValueSpecification\",\"valueRequired\":true,\"valueName\":\"search_term_string\"}}],\"inLanguage\":\"ru-RU\"},{\"@type\":\"Organization\",\"@id\":\"https:\\\/\\\/www.ortungsgerate.de\\\/#organization\",\"name\":\"Ortungsgerate.de\",\"url\":\"https:\\\/\\\/www.ortungsgerate.de\\\/\",\"logo\":{\"@type\":\"ImageObject\",\"inLanguage\":\"ru-RU\",\"@id\":\"https:\\\/\\\/www.ortungsgerate.de\\\/#\\\/schema\\\/logo\\\/image\\\/\",\"url\":\"https:\\\/\\\/www.ortungsgerate.de\\\/wp-content\\\/uploads\\\/ortungsgerate.png\",\"contentUrl\":\"https:\\\/\\\/www.ortungsgerate.de\\\/wp-content\\\/uploads\\\/ortungsgerate.png\",\"width\":500,\"height\":135,\"caption\":\"Ortungsgerate.de\"},\"image\":{\"@id\":\"https:\\\/\\\/www.ortungsgerate.de\\\/#\\\/schema\\\/logo\\\/image\\\/\"}}]}<\/script>\n<!-- \/ Yoast SEO Premium plugin. -->","yoast_head_json":{"title":"Uhr Kamera hochqualitatives Bild 32GB Full HD","description":"Neueste Uhr mit hochwertigem Bild Besonders scharfes Bild, lange Betriebsdauer. Einfache Bedienung: Mit einem Tastendruck wird sie ein- und ausgeschaltet","robots":{"index":"index","follow":"follow","max-snippet":"max-snippet:-1","max-image-preview":"max-image-preview:large","max-video-preview":"max-video-preview:-1"},"canonical":"https:\/\/www.ortungsgerate.de\/ru\/12-skrytyje-kamery\/32-naruchnije-chasy-s-kameroj\/skrytaya-kamera-chasy-32-gb-pamyati-kozhanyy-remeshok\/","og_locale":"ru_RU","og_type":"article","og_title":"Versteckte Kamera Uhr 32GB Speicher Lederarmband","og_description":"Neueste Uhr mit hochwertigem Bild Besonders scharfes Bild, lange Betriebsdauer. Einfache Bedienung: Mit einem Tastendruck wird sie ein- und ausgeschaltet","og_url":"https:\/\/www.ortungsgerate.de\/ru\/12-skrytyje-kamery\/32-naruchnije-chasy-s-kameroj\/skrytaya-kamera-chasy-32-gb-pamyati-kozhanyy-remeshok\/","og_site_name":"Ortungsger\u00e4te.de","article_modified_time":"2025-11-26T17:01:36+00:00","og_image":[{"width":417,"height":417,"url":"https:\/\/www.ortungsgerate.de\/wp-content\/uploads\/laikrodis-kamera-aukstos-kokybes-vaizdas-32gb-full-hd-sekimoirangalt.jpg","type":"image\/jpeg"}],"twitter_card":"summary_large_image","twitter_misc":{"\u041f\u0440\u0438\u043c\u0435\u0440\u043d\u043e\u0435 \u0432\u0440\u0435\u043c\u044f \u0434\u043b\u044f \u0447\u0442\u0435\u043d\u0438\u044f":"2 \u043c\u0438\u043d\u0443\u0442\u044b"},"schema":{"@context":"https:\/\/schema.org","@graph":[{"@type":"WebPage","@id":"https:\/\/www.ortungsgerate.de\/12-versteckte-kameras\/32-armbanduhren-mit-kamera\/versteckte-kamera-uhr-32gb-speicher-lederarmband\/","url":"https:\/\/www.ortungsgerate.de\/12-versteckte-kameras\/32-armbanduhren-mit-kamera\/versteckte-kamera-uhr-32gb-speicher-lederarmband\/","name":"Uhr Kamera hochqualitatives Bild 32GB Full HD","isPartOf":{"@id":"https:\/\/www.ortungsgerate.de\/#website"},"primaryImageOfPage":{"@id":"https:\/\/www.ortungsgerate.de\/12-versteckte-kameras\/32-armbanduhren-mit-kamera\/versteckte-kamera-uhr-32gb-speicher-lederarmband\/#primaryimage"},"image":{"@id":"https:\/\/www.ortungsgerate.de\/12-versteckte-kameras\/32-armbanduhren-mit-kamera\/versteckte-kamera-uhr-32gb-speicher-lederarmband\/#primaryimage"},"thumbnailUrl":"https:\/\/www.ortungsgerate.de\/wp-content\/uploads\/laikrodis-kamera-aukstos-kokybes-vaizdas-32gb-full-hd-sekimoirangalt.jpg","datePublished":"2024-02-06T19:38:42+00:00","dateModified":"2025-11-26T17:01:36+00:00","description":"Neueste Uhr mit hochwertigem Bild Besonders scharfes Bild, lange Betriebsdauer. Einfache Bedienung: Mit einem Tastendruck wird sie ein- und ausgeschaltet","breadcrumb":{"@id":"https:\/\/www.ortungsgerate.de\/12-versteckte-kameras\/32-armbanduhren-mit-kamera\/versteckte-kamera-uhr-32gb-speicher-lederarmband\/#breadcrumb"},"inLanguage":"ru-RU","potentialAction":[{"@type":"ReadAction","target":["https:\/\/www.ortungsgerate.de\/12-versteckte-kameras\/32-armbanduhren-mit-kamera\/versteckte-kamera-uhr-32gb-speicher-lederarmband\/"]}]},{"@type":"ImageObject","inLanguage":"ru-RU","@id":"https:\/\/www.ortungsgerate.de\/12-versteckte-kameras\/32-armbanduhren-mit-kamera\/versteckte-kamera-uhr-32gb-speicher-lederarmband\/#primaryimage","url":"https:\/\/www.ortungsgerate.de\/wp-content\/uploads\/laikrodis-kamera-aukstos-kokybes-vaizdas-32gb-full-hd-sekimoirangalt.jpg","contentUrl":"https:\/\/www.ortungsgerate.de\/wp-content\/uploads\/laikrodis-kamera-aukstos-kokybes-vaizdas-32gb-full-hd-sekimoirangalt.jpg","width":417,"height":417,"caption":"Spionageuhr mit Kamera"},{"@type":"BreadcrumbList","@id":"https:\/\/www.ortungsgerate.de\/12-versteckte-kameras\/32-armbanduhren-mit-kamera\/versteckte-kamera-uhr-32gb-speicher-lederarmband\/#breadcrumb","itemListElement":[{"@type":"ListItem","position":1,"name":"Startseite","item":"https:\/\/www.ortungsgerate.de\/"},{"@type":"ListItem","position":2,"name":"Shop","item":"https:\/\/www.ortungsgerate.de\/shop\/"},{"@type":"ListItem","position":3,"name":"Versteckte Kamera Uhr 32GB Speicher Lederarmband"}]},{"@type":"WebSite","@id":"https:\/\/www.ortungsgerate.de\/#website","url":"https:\/\/www.ortungsgerate.de\/","name":"Ortungsgerate.de","description":"","publisher":{"@id":"https:\/\/www.ortungsgerate.de\/#organization"},"potentialAction":[{"@type":"SearchAction","target":{"@type":"EntryPoint","urlTemplate":"https:\/\/www.ortungsgerate.de\/?s={search_term_string}"},"query-input":{"@type":"PropertyValueSpecification","valueRequired":true,"valueName":"search_term_string"}}],"inLanguage":"ru-RU"},{"@type":"Organization","@id":"https:\/\/www.ortungsgerate.de\/#organization","name":"Ortungsgerate.de","url":"https:\/\/www.ortungsgerate.de\/","logo":{"@type":"ImageObject","inLanguage":"ru-RU","@id":"https:\/\/www.ortungsgerate.de\/#\/schema\/logo\/image\/","url":"https:\/\/www.ortungsgerate.de\/wp-content\/uploads\/ortungsgerate.png","contentUrl":"https:\/\/www.ortungsgerate.de\/wp-content\/uploads\/ortungsgerate.png","width":500,"height":135,"caption":"Ortungsgerate.de"},"image":{"@id":"https:\/\/www.ortungsgerate.de\/#\/schema\/logo\/image\/"}}]}},"_links":{"self":[{"href":"https:\/\/www.ortungsgerate.de\/ru\/wp-json\/wp\/v2\/product\/16684","targetHints":{"allow":["GET"]}}],"collection":[{"href":"https:\/\/www.ortungsgerate.de\/ru\/wp-json\/wp\/v2\/product"}],"about":[{"href":"https:\/\/www.ortungsgerate.de\/ru\/wp-json\/wp\/v2\/types\/product"}],"version-history":[{"count":0,"href":"https:\/\/www.ortungsgerate.de\/ru\/wp-json\/wp\/v2\/product\/16684\/revisions"}],"wp:featuredmedia":[{"embeddable":true,"href":"https:\/\/www.ortungsgerate.de\/ru\/wp-json\/wp\/v2\/media\/2052"}],"wp:attachment":[{"href":"https:\/\/www.ortungsgerate.de\/ru\/wp-json\/wp\/v2\/media?parent=16684"}],"wp:term":[{"taxonomy":"brand","embeddable":true,"href":"https:\/\/www.ortungsgerate.de\/ru\/wp-json\/wp\/v2\/etheme_brands?post=16684"},{"taxonomy":"product_brand","embeddable":true,"href":"https:\/\/www.ortungsgerate.de\/ru\/wp-json\/wp\/v2\/product_brand?post=16684"},{"taxonomy":"product_cat","embeddable":true,"href":"https:\/\/www.ortungsgerate.de\/ru\/wp-json\/wp\/v2\/product_cat?post=16684"},{"taxonomy":"product_tag","embeddable":true,"href":"https:\/\/www.ortungsgerate.de\/ru\/wp-json\/wp\/v2\/product_tag?post=16684"}],"curies":[{"name":"wp","href":"https:\/\/api.w.org\/{rel}","templated":true}]}}