{"id":16685,"date":"2024-02-06T21:37:07","date_gmt":"2024-02-06T19:37:07","guid":{"rendered":"https:\/\/ortungsgerate.de\/be-kategorijos\/naktinis-mini-sviestuvas-su-slapta-wi-fi-kamera-ir-pulteliu\/"},"modified":"2025-12-01T11:26:01","modified_gmt":"2025-12-01T10:26:01","slug":"nochnaya-mini-lampa-s-skrytoy-wi-fi-kameroy-i-pultom-distantsionnogo-upravleniya","status":"publish","type":"product","link":"https:\/\/www.ortungsgerate.de\/ru\/12-skrytyje-kamery\/17-zamaskirovanyje-kamery\/nochnaya-mini-lampa-s-skrytoy-wi-fi-kameroy-i-pultom-distantsionnogo-upravleniya\/","title":{"rendered":"\u041d\u043e\u0447\u043d\u0430\u044f \u043c\u0438\u043d\u0438-\u043b\u0430\u043c\u043f\u0430 \u0441 \u0441\u043a\u0440\u044b\u0442\u043e\u0439 Wi-Fi-\u043a\u0430\u043c\u0435\u0440\u043e\u0439 \u0438 \u043f\u0443\u043b\u044c\u0442\u043e\u043c \u0434\u0438\u0441\u0442\u0430\u043d\u0446\u0438\u043e\u043d\u043d\u043e\u0433\u043e \u0443\u043f\u0440\u0430\u0432\u043b\u0435\u043d\u0438\u044f"},"content":{"rendered":"<h3><strong>\u0422\u0435\u0445\u043d\u0438\u0447\u0435\u0441\u043a\u0438\u0435 \u043f\u0430\u0440\u0430\u043c\u0435\u0442\u0440\u044b:<\/strong><\/h3>\n<ul>\n<li>Unterst\u00fctzung von Speicherkarten: Micro SD \/ SDHC bis zu 128 GB (nicht enthalten)<\/li>\n<li>Videoaufnahme mit Ton<\/li>\n<li>\u0420\u0430\u0437\u0440\u0435\u0448\u0435\u043d\u0438\u0435 \u0437\u0430\u043f\u0438\u0441\u0438: Full HD 1920\u00d71080 px<\/li>\n<li>Videoformat: AVI | 25 fps<\/li>\n<li>Bildaufl\u00f6sung: JPEG 1280 x 720 px<\/li>\n<li>Sichtwinkel: 120\u00b0<\/li>\n<li>Audio: Mikrofon mit Rauschunterdr\u00fcckungsfunktion<\/li>\n<li>Anschlussstandard: USB oder \u00fcber Netzadapter<\/li>\n<li>Nachtsicht: keine<\/li>\n<li>Live-\u00dcberwachung \u00fcber Internet (per mobiler App)<\/li>\n<li>\u0414\u0430\u0442\u0447\u0438\u043a \u0434\u0432\u0438\u0436\u0435\u043d\u0438\u044f<\/li>\n<li>\u041f\u043e\u0441\u0442\u043e\u044f\u043d\u043d\u0430\u044f \u0432\u0438\u0434\u0435\u043e\u0437\u0430\u043f\u0438\u0441\u044c (\u0444\u0443\u043d\u043a\u0446\u0438\u044f \u043f\u0435\u0440\u0435\u0437\u0430\u043f\u0438\u0441\u0438)<\/li>\n<li>\u0412\u0438\u0434\u0435\u043e\u043a\u043e\u0434\u0438\u0440\u043e\u0432\u0430\u043d\u0438\u0435: H264<\/li>\n<li>Lieferumfang: WLAN-Kamera in Beleuchtungslampe, Micro-SD-Kartenleser, USB-Kabel, Netzadapter<\/li>\n<li>Abmessungen: 4,1 x 4,1 x 7 cm<\/li>\n<li><strong>\u0413\u0410\u0420\u0410\u041d\u0422\u0418\u042f 12 \u043c\u0435\u0441\u044f\u0446\u0435\u0432<\/strong><\/li>\n<\/ul>\n<p><span style=\"color: #d0121a;\"><\/span><\/p>\n<p><span style=\"color: #000000;\"><strong>Einsatzbereich:<\/strong> F\u00fcr Ihre eigene Sicherheit und die Ihrer Kinder.<\/span><\/p>\n<p><strong>Nachtlampe mit Bluetooth-Fernbedienung<\/strong><\/p>\n<p>Versteckte Kameras werden immer h\u00e4ufiger im Haushalt eingesetzt, insbesondere dann, wenn sichergestellt werden soll, dass sich minderj\u00e4hrige Kinder zu Hause wirklich ehrlich verhalten und vertrauensw\u00fcrdig sind \u2013 eine versteckte Kamera hilft oft, Zweifel zu zerstreuen. Der Vorteil moderner versteckter Kameras besteht darin, dass sie nicht immer zus\u00e4tzlich getarnt werden m\u00fcssen \u2013 sie sind in verschiedenen Alltagsgegenst\u00e4nden integriert, was bei den beobachteten Personen keinerlei Verdacht erregt, dass sie gefilmt werden. Genau das erm\u00f6glicht es, unehrliche Personen deutlich einfacher zu \u00fcberf\u00fchren und sich von ihnen zu trennen \u2013 schlie\u00dflich erwartet jeder von Personen, die in den eigenen Haushalt kommen, ein korrektes Verhalten. Versteckte Kameras werden h\u00e4ufig gew\u00e4hlt, wenn \u00fcberpr\u00fcft werden soll, ob die Kinderbetreuerin, Haushaltshilfe, der Handwerker oder eine andere Person die Berufsethik einh\u00e4lt und ein zuverl\u00e4ssiger Profi ist. Wenn Sie also Ihre Zweifel ausr\u00e4umen m\u00f6chten, kann die Nachtlampe mit versteckter Kamera eine sehr geeignete Wahl sein.<\/p>\n<p><strong>Aufzeichnung von Videos und Fotos<\/strong><\/p>\n<p>Die Nachtlampe mit versteckter Kamera nimmt Videos in FULL HD 1920&#215;1080 px auf, Fotos werden mit einer Aufl\u00f6sung von 1280&#215;720 px gespeichert. Der Blickwinkel der Kamera betr\u00e4gt ganze 120 Grad, daher k\u00f6nnen Sie sicher sein, dass Sie klare Aufnahmen erhalten, ganz gleich, aus welchem Winkel Sie die Kamera positionieren. Die Nachtlampe mit versteckter Kamera unterst\u00fctzt Micro SD\/SDHC-Karten mit einer Kapazit\u00e4t von bis zu 128 GB (nicht im Lieferumfang enthalten). Die aufgezeichneten Videos k\u00f6nnen Sie \u00fcber den USB-Anschluss auf einen Computer \u00fcbertragen \u2013 dies erfordert keinen gro\u00dfen Aufwand (im Lieferumfang des Ger\u00e4ts ist auch ein Micro-SD-Kartenleser enthalten).<\/p>\n<p>Die versteckte Kamera zeichnet kontinuierlich Videos auf. Sollte der Speicherplatz auf der Speicherkarte nicht ausreichen, werden neue Aufnahmen \u00fcber die \u00e4ltesten \u00fcberschrieben.<\/p>\n<p><strong>M\u00f6glichkeit zur Live-Ansicht<\/strong><\/p>\n<p>Sie haben zudem die M\u00f6glichkeit, die aufgezeichneten Bilder in Echtzeit zu verfolgen \u2013 Sie m\u00fcssen sich lediglich mit der mobilen App verbinden und k\u00f6nnen sehen, was aktuell im \u00fcberwachten Raum geschieht. Manchmal m\u00f6chte man nicht warten, bis die Videoaufnahmen \u00fcbertragen werden k\u00f6nnen, daher ist die Live-Ansicht der Aufnahmen immer eine ausgezeichnete L\u00f6sung. Laden Sie einfach die f\u00fcr die Fern\u00fcberwachung geeignete App auf Ihr Smartger\u00e4t herunter, und nach der Anmeldung k\u00f6nnen Sie direkt sehen, was im Raum passiert.<\/p>\n<p><strong>Rauschunterdr\u00fcckungsfunktion<\/strong><\/p>\n<p>In der Regel ist nicht nur wichtig, dass die Videoaufnahmen eine ausreichende Qualit\u00e4t haben \u2013 auch die Tonaufzeichnung soll gut verst\u00e4ndlich sein. Die Nachtlampe mit versteckter Kamera verf\u00fcgt \u00fcber eine Rauschunterdr\u00fcckungsfunktion, sodass Sie sicher sein k\u00f6nnen, dass die aufgezeichneten Informationen klar und deutlich sind.<\/p>\n<p><strong>Versteckte Kamera mit Bewegungssensoren<\/strong><\/p>\n<p>Wenn eine versteckte Kamera ununterbrochen aufzeichnet, kann es ziemlich aufwendig sein, s\u00e4mtliches Material zu sichten. Daher kann eine Kamera mit Bewegungserkennung eine sehr praktische Wahl sein. Dies verhindert die Speicherung leerer Aufnahmen und spart Speicherplatz auf der Speicherkarte \u2013 eine solche L\u00f6sung geh\u00f6rt zweifellos zu den vorteilhaftesten Optionen.<\/p>\n<p><strong>Weitere wichtige Daten<\/strong><\/p>\n<p>Die Nachtlampe mit Bluetooth-Fernbedienung zur Helligkeitsregelung erf\u00fcllt eine Doppelfunktion: Dieses Ger\u00e4t dient sowohl als gew\u00f6hnliche Nachtlampe als auch als Kamera zur diskreten Videoaufzeichnung. Die Nachtlampe mit versteckter Kamera ist sehr kompakt (4,1 x 4,1 x 7 cm), zeichnet jedoch hochwertige Videos auf. Zum Lieferumfang dieses Ger\u00e4ts geh\u00f6ren die Nachtlampe mit versteckter Kamera, ein Micro-SD-Kartenleser, ein USB-Kabel und ein Netzadapter. Die Nachtlampe mit versteckter Kamera k\u00f6nnen Sie zu einem sehr attraktiven Preis erwerben, und Sie k\u00f6nnen sicher sein, dass dieses Ger\u00e4t lange zuverl\u00e4ssig funktioniert \u2013 f\u00fcr die versteckte Kamera wird ebenfalls eine Garantie gew\u00e4hrt.<\/p>\n<p>Wenn Sie von Zweifeln geplagt werden, ob eine bestimmte Person wirklich vertrauensw\u00fcrdig ist, hilft Ihnen die Nachtlampe mit versteckter Kamera ganz sicher, diese Zweifel zu beseitigen!<\/p>","protected":false},"excerpt":{"rendered":"<p>Technische Parameter: Unterst\u00fctzung von Speicherkarten: Micro SD \/ SDHC bis zu 128 GB (nicht enthalten) Videoaufnahme mit Ton Aufl\u00f6sung der Aufnahme: Full HD 1920&#215;1080 px&#8230;<\/p>","protected":false},"featured_media":26407,"template":"","meta":[],"etheme_brands":[],"product_brand":[],"product_cat":[204,203,205],"product_tag":[42,707,765,705,690,693],"class_list":{"0":"post-16685","1":"product","2":"type-product","3":"status-publish","4":"has-post-thumbnail","6":"product_cat-17-getarnte-kameras","7":"product_cat-12-versteckte-kameras","8":"product_cat-27-wlan-minikameras","9":"product_tag-kamera","10":"product_tag-kamera-uhr","11":"product_tag-lampen-kamera","12":"product_tag-ueberwachungskamera","13":"product_tag-versteckte-kamera","14":"product_tag-wlan-kamera","15":"pa_typ-leuchten","17":"first","18":"outofstock","19":"taxable","20":"shipping-taxable","21":"purchasable","22":"product-type-simple"},"yoast_head":"<!-- This site is optimized with the Yoast SEO Premium plugin v25.9 (Yoast SEO v27.4) - https:\/\/yoast.com\/product\/yoast-seo-premium-wordpress\/ -->\n<title>Nachtlampe mit versteckter Kamera WI FI<\/title>\n<meta name=\"description\" content=\"Nachtlampe mit versteckter Kamera WI FI \u2013 Netzbetrieben, M\u00f6glichkeit zur Live-\u00dcberwachung des Bildes 24\/7. Videoaufzeichnung auf eine micro SD-Karte.\" \/>\n<meta name=\"robots\" content=\"index, follow, max-snippet:-1, max-image-preview:large, max-video-preview:-1\" \/>\n<link rel=\"canonical\" href=\"https:\/\/www.ortungsgerate.de\/ru\/12-skrytyje-kamery\/27-wlan-mini-kamery\/nochnaya-mini-lampa-s-skrytoy-wi-fi-kameroy-i-pultom-distantsionnogo-upravleniya\/\" \/>\n<meta property=\"og:locale\" content=\"ru_RU\" \/>\n<meta property=\"og:type\" content=\"article\" \/>\n<meta property=\"og:title\" content=\"Nacht-Mini-Leuchte mit versteckter Wi-Fi-Kamera und Fernbedienung\" \/>\n<meta property=\"og:description\" content=\"Nachtlampe mit versteckter Kamera WI FI \u2013 Netzbetrieben, M\u00f6glichkeit zur Live-\u00dcberwachung des Bildes 24\/7. Videoaufzeichnung auf eine micro SD-Karte.\" \/>\n<meta property=\"og:url\" content=\"https:\/\/www.ortungsgerate.de\/ru\/12-skrytyje-kamery\/27-wlan-mini-kamery\/nochnaya-mini-lampa-s-skrytoy-wi-fi-kameroy-i-pultom-distantsionnogo-upravleniya\/\" \/>\n<meta property=\"og:site_name\" content=\"Ortungsger\u00e4te.de\" \/>\n<meta property=\"article:modified_time\" content=\"2025-12-01T10:26:01+00:00\" \/>\n<meta property=\"og:image\" content=\"https:\/\/www.ortungsgerate.de\/wp-content\/uploads\/naktine-lempute-slapta-kamera.jpg\" \/>\n\t<meta property=\"og:image:width\" content=\"800\" \/>\n\t<meta property=\"og:image:height\" content=\"800\" \/>\n\t<meta property=\"og:image:type\" content=\"image\/jpeg\" \/>\n<meta name=\"twitter:card\" content=\"summary_large_image\" \/>\n<meta name=\"twitter:label1\" content=\"\u041f\u0440\u0438\u043c\u0435\u0440\u043d\u043e\u0435 \u0432\u0440\u0435\u043c\u044f \u0434\u043b\u044f \u0447\u0442\u0435\u043d\u0438\u044f\" \/>\n\t<meta name=\"twitter:data1\" content=\"4 \u043c\u0438\u043d\u0443\u0442\u044b\" \/>\n<script type=\"application\/ld+json\" class=\"yoast-schema-graph\">{\"@context\":\"https:\\\/\\\/schema.org\",\"@graph\":[{\"@type\":\"WebPage\",\"@id\":\"https:\\\/\\\/www.ortungsgerate.de\\\/12-versteckte-kameras\\\/27-wlan-minikameras\\\/nacht-mini-leuchte-mit-versteckter-wi-fi-kamera-und-fernbedienung\\\/\",\"url\":\"https:\\\/\\\/www.ortungsgerate.de\\\/12-versteckte-kameras\\\/27-wlan-minikameras\\\/nacht-mini-leuchte-mit-versteckter-wi-fi-kamera-und-fernbedienung\\\/\",\"name\":\"Nachtlampe mit versteckter Kamera WI FI\",\"isPartOf\":{\"@id\":\"https:\\\/\\\/www.ortungsgerate.de\\\/#website\"},\"primaryImageOfPage\":{\"@id\":\"https:\\\/\\\/www.ortungsgerate.de\\\/12-versteckte-kameras\\\/27-wlan-minikameras\\\/nacht-mini-leuchte-mit-versteckter-wi-fi-kamera-und-fernbedienung\\\/#primaryimage\"},\"image\":{\"@id\":\"https:\\\/\\\/www.ortungsgerate.de\\\/12-versteckte-kameras\\\/27-wlan-minikameras\\\/nacht-mini-leuchte-mit-versteckter-wi-fi-kamera-und-fernbedienung\\\/#primaryimage\"},\"thumbnailUrl\":\"https:\\\/\\\/www.ortungsgerate.de\\\/wp-content\\\/uploads\\\/naktine-lempute-slapta-kamera.jpg\",\"datePublished\":\"2024-02-06T19:37:07+00:00\",\"dateModified\":\"2025-12-01T10:26:01+00:00\",\"description\":\"Nachtlampe mit versteckter Kamera WI FI \u2013 Netzbetrieben, M\u00f6glichkeit zur Live-\u00dcberwachung des Bildes 24\\\/7. Videoaufzeichnung auf eine micro SD-Karte.\",\"breadcrumb\":{\"@id\":\"https:\\\/\\\/www.ortungsgerate.de\\\/12-versteckte-kameras\\\/27-wlan-minikameras\\\/nacht-mini-leuchte-mit-versteckter-wi-fi-kamera-und-fernbedienung\\\/#breadcrumb\"},\"inLanguage\":\"ru-RU\",\"potentialAction\":[{\"@type\":\"ReadAction\",\"target\":[\"https:\\\/\\\/www.ortungsgerate.de\\\/12-versteckte-kameras\\\/27-wlan-minikameras\\\/nacht-mini-leuchte-mit-versteckter-wi-fi-kamera-und-fernbedienung\\\/\"]}]},{\"@type\":\"ImageObject\",\"inLanguage\":\"ru-RU\",\"@id\":\"https:\\\/\\\/www.ortungsgerate.de\\\/12-versteckte-kameras\\\/27-wlan-minikameras\\\/nacht-mini-leuchte-mit-versteckter-wi-fi-kamera-und-fernbedienung\\\/#primaryimage\",\"url\":\"https:\\\/\\\/www.ortungsgerate.de\\\/wp-content\\\/uploads\\\/naktine-lempute-slapta-kamera.jpg\",\"contentUrl\":\"https:\\\/\\\/www.ortungsgerate.de\\\/wp-content\\\/uploads\\\/naktine-lempute-slapta-kamera.jpg\",\"width\":800,\"height\":800,\"caption\":\"Nachtlampe mit versteckter Kamera\"},{\"@type\":\"BreadcrumbList\",\"@id\":\"https:\\\/\\\/www.ortungsgerate.de\\\/12-versteckte-kameras\\\/27-wlan-minikameras\\\/nacht-mini-leuchte-mit-versteckter-wi-fi-kamera-und-fernbedienung\\\/#breadcrumb\",\"itemListElement\":[{\"@type\":\"ListItem\",\"position\":1,\"name\":\"Startseite\",\"item\":\"https:\\\/\\\/www.ortungsgerate.de\\\/\"},{\"@type\":\"ListItem\",\"position\":2,\"name\":\"Shop\",\"item\":\"https:\\\/\\\/www.ortungsgerate.de\\\/shop\\\/\"},{\"@type\":\"ListItem\",\"position\":3,\"name\":\"Nacht-Mini-Leuchte mit versteckter Wi-Fi-Kamera und Fernbedienung\"}]},{\"@type\":\"WebSite\",\"@id\":\"https:\\\/\\\/www.ortungsgerate.de\\\/#website\",\"url\":\"https:\\\/\\\/www.ortungsgerate.de\\\/\",\"name\":\"Ortungsgerate.de\",\"description\":\"\",\"publisher\":{\"@id\":\"https:\\\/\\\/www.ortungsgerate.de\\\/#organization\"},\"potentialAction\":[{\"@type\":\"SearchAction\",\"target\":{\"@type\":\"EntryPoint\",\"urlTemplate\":\"https:\\\/\\\/www.ortungsgerate.de\\\/?s={search_term_string}\"},\"query-input\":{\"@type\":\"PropertyValueSpecification\",\"valueRequired\":true,\"valueName\":\"search_term_string\"}}],\"inLanguage\":\"ru-RU\"},{\"@type\":\"Organization\",\"@id\":\"https:\\\/\\\/www.ortungsgerate.de\\\/#organization\",\"name\":\"Ortungsgerate.de\",\"url\":\"https:\\\/\\\/www.ortungsgerate.de\\\/\",\"logo\":{\"@type\":\"ImageObject\",\"inLanguage\":\"ru-RU\",\"@id\":\"https:\\\/\\\/www.ortungsgerate.de\\\/#\\\/schema\\\/logo\\\/image\\\/\",\"url\":\"https:\\\/\\\/www.ortungsgerate.de\\\/wp-content\\\/uploads\\\/ortungsgerate.png\",\"contentUrl\":\"https:\\\/\\\/www.ortungsgerate.de\\\/wp-content\\\/uploads\\\/ortungsgerate.png\",\"width\":500,\"height\":135,\"caption\":\"Ortungsgerate.de\"},\"image\":{\"@id\":\"https:\\\/\\\/www.ortungsgerate.de\\\/#\\\/schema\\\/logo\\\/image\\\/\"}}]}<\/script>\n<!-- \/ Yoast SEO Premium plugin. -->","yoast_head_json":{"title":"Nachtlampe mit versteckter Kamera WI FI","description":"Nachtlampe mit versteckter Kamera WI FI \u2013 Netzbetrieben, M\u00f6glichkeit zur Live-\u00dcberwachung des Bildes 24\/7. Videoaufzeichnung auf eine micro SD-Karte.","robots":{"index":"index","follow":"follow","max-snippet":"max-snippet:-1","max-image-preview":"max-image-preview:large","max-video-preview":"max-video-preview:-1"},"canonical":"https:\/\/www.ortungsgerate.de\/ru\/12-skrytyje-kamery\/27-wlan-mini-kamery\/nochnaya-mini-lampa-s-skrytoy-wi-fi-kameroy-i-pultom-distantsionnogo-upravleniya\/","og_locale":"ru_RU","og_type":"article","og_title":"Nacht-Mini-Leuchte mit versteckter Wi-Fi-Kamera und Fernbedienung","og_description":"Nachtlampe mit versteckter Kamera WI FI \u2013 Netzbetrieben, M\u00f6glichkeit zur Live-\u00dcberwachung des Bildes 24\/7. Videoaufzeichnung auf eine micro SD-Karte.","og_url":"https:\/\/www.ortungsgerate.de\/ru\/12-skrytyje-kamery\/27-wlan-mini-kamery\/nochnaya-mini-lampa-s-skrytoy-wi-fi-kameroy-i-pultom-distantsionnogo-upravleniya\/","og_site_name":"Ortungsger\u00e4te.de","article_modified_time":"2025-12-01T10:26:01+00:00","og_image":[{"width":800,"height":800,"url":"https:\/\/www.ortungsgerate.de\/wp-content\/uploads\/naktine-lempute-slapta-kamera.jpg","type":"image\/jpeg"}],"twitter_card":"summary_large_image","twitter_misc":{"\u041f\u0440\u0438\u043c\u0435\u0440\u043d\u043e\u0435 \u0432\u0440\u0435\u043c\u044f \u0434\u043b\u044f \u0447\u0442\u0435\u043d\u0438\u044f":"4 \u043c\u0438\u043d\u0443\u0442\u044b"},"schema":{"@context":"https:\/\/schema.org","@graph":[{"@type":"WebPage","@id":"https:\/\/www.ortungsgerate.de\/12-versteckte-kameras\/27-wlan-minikameras\/nacht-mini-leuchte-mit-versteckter-wi-fi-kamera-und-fernbedienung\/","url":"https:\/\/www.ortungsgerate.de\/12-versteckte-kameras\/27-wlan-minikameras\/nacht-mini-leuchte-mit-versteckter-wi-fi-kamera-und-fernbedienung\/","name":"Nachtlampe mit versteckter Kamera WI FI","isPartOf":{"@id":"https:\/\/www.ortungsgerate.de\/#website"},"primaryImageOfPage":{"@id":"https:\/\/www.ortungsgerate.de\/12-versteckte-kameras\/27-wlan-minikameras\/nacht-mini-leuchte-mit-versteckter-wi-fi-kamera-und-fernbedienung\/#primaryimage"},"image":{"@id":"https:\/\/www.ortungsgerate.de\/12-versteckte-kameras\/27-wlan-minikameras\/nacht-mini-leuchte-mit-versteckter-wi-fi-kamera-und-fernbedienung\/#primaryimage"},"thumbnailUrl":"https:\/\/www.ortungsgerate.de\/wp-content\/uploads\/naktine-lempute-slapta-kamera.jpg","datePublished":"2024-02-06T19:37:07+00:00","dateModified":"2025-12-01T10:26:01+00:00","description":"Nachtlampe mit versteckter Kamera WI FI \u2013 Netzbetrieben, M\u00f6glichkeit zur Live-\u00dcberwachung des Bildes 24\/7. Videoaufzeichnung auf eine micro SD-Karte.","breadcrumb":{"@id":"https:\/\/www.ortungsgerate.de\/12-versteckte-kameras\/27-wlan-minikameras\/nacht-mini-leuchte-mit-versteckter-wi-fi-kamera-und-fernbedienung\/#breadcrumb"},"inLanguage":"ru-RU","potentialAction":[{"@type":"ReadAction","target":["https:\/\/www.ortungsgerate.de\/12-versteckte-kameras\/27-wlan-minikameras\/nacht-mini-leuchte-mit-versteckter-wi-fi-kamera-und-fernbedienung\/"]}]},{"@type":"ImageObject","inLanguage":"ru-RU","@id":"https:\/\/www.ortungsgerate.de\/12-versteckte-kameras\/27-wlan-minikameras\/nacht-mini-leuchte-mit-versteckter-wi-fi-kamera-und-fernbedienung\/#primaryimage","url":"https:\/\/www.ortungsgerate.de\/wp-content\/uploads\/naktine-lempute-slapta-kamera.jpg","contentUrl":"https:\/\/www.ortungsgerate.de\/wp-content\/uploads\/naktine-lempute-slapta-kamera.jpg","width":800,"height":800,"caption":"Nachtlampe mit versteckter Kamera"},{"@type":"BreadcrumbList","@id":"https:\/\/www.ortungsgerate.de\/12-versteckte-kameras\/27-wlan-minikameras\/nacht-mini-leuchte-mit-versteckter-wi-fi-kamera-und-fernbedienung\/#breadcrumb","itemListElement":[{"@type":"ListItem","position":1,"name":"Startseite","item":"https:\/\/www.ortungsgerate.de\/"},{"@type":"ListItem","position":2,"name":"Shop","item":"https:\/\/www.ortungsgerate.de\/shop\/"},{"@type":"ListItem","position":3,"name":"Nacht-Mini-Leuchte mit versteckter Wi-Fi-Kamera und Fernbedienung"}]},{"@type":"WebSite","@id":"https:\/\/www.ortungsgerate.de\/#website","url":"https:\/\/www.ortungsgerate.de\/","name":"Ortungsgerate.de","description":"","publisher":{"@id":"https:\/\/www.ortungsgerate.de\/#organization"},"potentialAction":[{"@type":"SearchAction","target":{"@type":"EntryPoint","urlTemplate":"https:\/\/www.ortungsgerate.de\/?s={search_term_string}"},"query-input":{"@type":"PropertyValueSpecification","valueRequired":true,"valueName":"search_term_string"}}],"inLanguage":"ru-RU"},{"@type":"Organization","@id":"https:\/\/www.ortungsgerate.de\/#organization","name":"Ortungsgerate.de","url":"https:\/\/www.ortungsgerate.de\/","logo":{"@type":"ImageObject","inLanguage":"ru-RU","@id":"https:\/\/www.ortungsgerate.de\/#\/schema\/logo\/image\/","url":"https:\/\/www.ortungsgerate.de\/wp-content\/uploads\/ortungsgerate.png","contentUrl":"https:\/\/www.ortungsgerate.de\/wp-content\/uploads\/ortungsgerate.png","width":500,"height":135,"caption":"Ortungsgerate.de"},"image":{"@id":"https:\/\/www.ortungsgerate.de\/#\/schema\/logo\/image\/"}}]}},"_links":{"self":[{"href":"https:\/\/www.ortungsgerate.de\/ru\/wp-json\/wp\/v2\/product\/16685","targetHints":{"allow":["GET"]}}],"collection":[{"href":"https:\/\/www.ortungsgerate.de\/ru\/wp-json\/wp\/v2\/product"}],"about":[{"href":"https:\/\/www.ortungsgerate.de\/ru\/wp-json\/wp\/v2\/types\/product"}],"version-history":[{"count":0,"href":"https:\/\/www.ortungsgerate.de\/ru\/wp-json\/wp\/v2\/product\/16685\/revisions"}],"wp:featuredmedia":[{"embeddable":true,"href":"https:\/\/www.ortungsgerate.de\/ru\/wp-json\/wp\/v2\/media\/26407"}],"wp:attachment":[{"href":"https:\/\/www.ortungsgerate.de\/ru\/wp-json\/wp\/v2\/media?parent=16685"}],"wp:term":[{"taxonomy":"brand","embeddable":true,"href":"https:\/\/www.ortungsgerate.de\/ru\/wp-json\/wp\/v2\/etheme_brands?post=16685"},{"taxonomy":"product_brand","embeddable":true,"href":"https:\/\/www.ortungsgerate.de\/ru\/wp-json\/wp\/v2\/product_brand?post=16685"},{"taxonomy":"product_cat","embeddable":true,"href":"https:\/\/www.ortungsgerate.de\/ru\/wp-json\/wp\/v2\/product_cat?post=16685"},{"taxonomy":"product_tag","embeddable":true,"href":"https:\/\/www.ortungsgerate.de\/ru\/wp-json\/wp\/v2\/product_tag?post=16685"}],"curies":[{"name":"wp","href":"https:\/\/api.w.org\/{rel}","templated":true}]}}