{"id":16687,"date":"2024-02-06T21:37:51","date_gmt":"2024-02-06T19:37:51","guid":{"rendered":"https:\/\/ortungsgerate.de\/be-kategorijos\/rankinis-laikrodis-su-uzmaskuota-kamera-32gb-naktinis-matymas\/"},"modified":"2025-11-26T19:01:36","modified_gmt":"2025-11-26T17:01:36","slug":"naruchnye-chasy-so-skrytoy-kameroy-32-gb-nochnoe-videnie","status":"publish","type":"product","link":"https:\/\/www.ortungsgerate.de\/ru\/12-skrytyje-kamery\/17-zamaskirovanyje-kamery\/naruchnye-chasy-so-skrytoy-kameroy-32-gb-nochnoe-videnie\/","title":{"rendered":"\u041d\u0430\u0440\u0443\u0447\u043d\u044b\u0435 \u0447\u0430\u0441\u044b \u0441\u043e \u0441\u043a\u0440\u044b\u0442\u043e\u0439 \u043a\u0430\u043c\u0435\u0440\u043e\u0439 32 \u0413\u0411 | \u043d\u043e\u0447\u043d\u043e\u0435 \u0432\u0438\u0434\u0435\u043d\u0438\u0435"},"content":{"rendered":"<h3><strong>\u0422\u0435\u0445\u043d\u0438\u0447\u0435\u0441\u043a\u0438\u0435 \u043f\u0430\u0440\u0430\u043c\u0435\u0442\u0440\u044b:<\/strong><\/h3>\n<ul>\n<li>Fotografiert: Ja<\/li>\n<li>Metallarmband<\/li>\n<li>Diktierger\u00e4t: Vorhanden<\/li>\n<li>Arbeitszeit ohne Aufladen bis zu 150 Min.<\/li>\n<li>Video wird mit Ton aufgezeichnet, integriertes Mikrofon<\/li>\n<li>Metallgeh\u00e4use<\/li>\n<li>Interner Speicher 32 GB, 30 Bilder pro Sekunde<\/li>\n<li>Fotoqualit\u00e4t: JPG 3840x2880px<\/li>\n<li>Sichtwinkel: 90\u00b0<\/li>\n<li>Nachtsicht (schaltet sich automatisch ein)<\/li>\n<li>Anschl\u00fcsse: USB<\/li>\n<li>Laden: \u00fcber USB<\/li>\n<li>Betriebstemperatur: -10 bis +60<\/li>\n<li>Lieferumfang: Uhr mit Kamera, USB-Kabel, Box<\/li>\n<li><strong>\u0413\u0410\u0420\u0410\u041d\u0422\u0418\u042f 12 \u043c\u0435\u0441\u044f\u0446\u0435\u0432<\/strong><\/li>\n<\/ul>\n<p><span style=\"color: #d0121a\"><strong>   <\/strong><\/span><\/p>\n<p>\u0418\u0441\u043f\u043e\u043b\u044c\u0437\u043e\u0432\u0430\u043d\u0438\u0435: \u0414\u043b\u044f \u0432\u0430\u0448\u0435\u0439 \u0441\u043e\u0431\u0441\u0442\u0432\u0435\u043d\u043d\u043e\u0439 \u0431\u0435\u0437\u043e\u043f\u0430\u0441\u043d\u043e\u0441\u0442\u0438 \u0438 \u0431\u0435\u0437\u043e\u043f\u0430\u0441\u043d\u043e\u0441\u0442\u0438 \u0432\u0430\u0448\u0438\u0445 \u0434\u0435\u0442\u0435\u0439.<\/p>\n<p><strong>Armbanduhr mit verdeckter Kamera, 32 GB internem Speicher und Nachtsichtfunktion<\/strong><\/p>\n<p>Die Armbanduhr mit verdeckter Kamera ist ein funktionales Ger\u00e4t, das sehr einfach zu bedienen ist. Mit wenigen Tastendr\u00fccken k\u00f6nnen Sie die gew\u00fcnschten Funktionen aktivieren und vertrauliche Informationen sammeln. Die Armbanduhr mit Metallarmband ist sehr stilvoll und elegant, sodass Sie sie zu jeder Kleidung tragen k\u00f6nnen.<\/p>\n<p>Die Armbanduhr mit versteckter Kamera \u00fcberzeugt durch eine sehr hohe Bildqualit\u00e4t. Mit diesem Ger\u00e4t k\u00f6nnen Sie nicht nur filmen, sondern auch fotografieren. Die Armbanduhr mit verdeckter Kamera nimmt mit 30 Bildern pro Sekunde auf, und die Fotoaufl\u00f6sung betr\u00e4gt 3840\u00d72880 px. Videoaufnahmen werden mit Ton aufgezeichnet, was Ihnen erm\u00f6glicht, noch informativere Videoaufnahmen zu erstellen. Die Nachtsichtfunktion erm\u00f6glicht das Filmen und Fotografieren auch in der dunklen Jahreszeit. Die Nachtsichtfunktion schaltet sich automatisch ein, sodass Sie sich nicht um die Aktivierung einer zus\u00e4tzlichen Funktion k\u00fcmmern m\u00fcssen.<\/p>\n<p>Ohne Aufladen arbeitet die versteckte Kamera bis zu 150 Minuten. Ein entladenes Ger\u00e4t k\u00f6nnen Sie mit einem \u00fcblichen USB\u2011Kabel aufladen, das Sie im Lieferumfang finden. Mit diesem Kabel k\u00f6nnen Sie die Daten auch auf einen Computer \u00fcbertragen.<\/p>\n<p>Die versteckte Kamera \u00fcberzeugt mit einem sehr gro\u00dfen internen Speicher von 32 GB. Wenn der Kamera der freie Speicherplatz ausgeht, \u00fcberschreiben neue Aufnahmen automatisch die \u00e4ltesten.<\/p>\n<p>Die Armbanduhr mit verdeckter Kamera ist ein ausgezeichnetes Geschenk f\u00fcr Sie selbst oder eine nahestehende Person. Dieses Ger\u00e4t kann wie eine normale Armbanduhr verwendet werden, und wenn Sie verdeckt filmen oder fotografieren m\u00fcssen, k\u00f6nnen Sie dies mit nur wenigen Tastendr\u00fccken tun.<\/p>\n<p>Die Uhr ist einfach zu bedienen, mit wenigen Tastendr\u00fccken aktivieren Sie die ben\u00f6tigten Funktionen.<\/p>","protected":false},"excerpt":{"rendered":"<p>Technische Parameter: Fotografiert: Ja Metallarmband Diktierger\u00e4t: Vorhanden Arbeitszeit ohne Aufladen bis zu 150 Min. Video wird mit Ton aufgezeichnet, integriertes Mikrofon Metallgeh\u00e4use Interner Speicher 32&#8230;<\/p>","protected":false},"featured_media":1871,"template":"","meta":[],"etheme_brands":[],"product_brand":[],"product_cat":[210,204,203],"product_tag":[42,754,731,707,705,728,729,690],"class_list":{"0":"post-16687","1":"product","2":"type-product","3":"status-publish","4":"has-post-thumbnail","6":"product_cat-32-armbanduhren-mit-kamera","7":"product_cat-17-getarnte-kameras","8":"product_cat-12-versteckte-kameras","9":"product_tag-kamera","10":"product_tag-kamera-im-wecker","11":"product_tag-kamera-in-der-uhr","12":"product_tag-kamera-uhr","13":"product_tag-ueberwachungskamera","14":"product_tag-uhr","15":"product_tag-uhr-kamera","16":"product_tag-versteckte-kamera","17":"pa_typ-armbanduhren","19":"first","20":"outofstock","21":"taxable","22":"shipping-taxable","23":"purchasable","24":"product-type-simple"},"yoast_head":"<!-- This site is optimized with the Yoast SEO Premium plugin v25.9 (Yoast SEO v27.4) - https:\/\/yoast.com\/product\/yoast-seo-premium-wordpress\/ -->\n<title>Versteckte getarnte Kamera in Armbanduhr 32GB + Nachtsicht<\/title>\n<meta name=\"description\" content=\"Stilvolle Armbanduhr in silberner Farbe mit integrierter versteckter Videokamera. Die Uhr verf\u00fcgt \u00fcber eine Nachtsichtfunktion. Gro\u00dfe Auswahl an \u00dcberwachungsger\u00e4ten\" \/>\n<meta name=\"robots\" content=\"index, follow, max-snippet:-1, max-image-preview:large, max-video-preview:-1\" \/>\n<link rel=\"canonical\" href=\"https:\/\/www.ortungsgerate.de\/ru\/12-skrytyje-kamery\/32-naruchnije-chasy-s-kameroj\/naruchnye-chasy-so-skrytoy-kameroy-32-gb-nochnoe-videnie\/\" \/>\n<meta property=\"og:locale\" content=\"ru_RU\" \/>\n<meta property=\"og:type\" content=\"article\" \/>\n<meta property=\"og:title\" content=\"Armbanduhr mit versteckter Kamera 32GB | Nachtsicht |\" \/>\n<meta property=\"og:description\" content=\"Stilvolle Armbanduhr in silberner Farbe mit integrierter versteckter Videokamera. Die Uhr verf\u00fcgt \u00fcber eine Nachtsichtfunktion. Gro\u00dfe Auswahl an \u00dcberwachungsger\u00e4ten\" \/>\n<meta property=\"og:url\" content=\"https:\/\/www.ortungsgerate.de\/ru\/12-skrytyje-kamery\/32-naruchnije-chasy-s-kameroj\/naruchnye-chasy-so-skrytoy-kameroy-32-gb-nochnoe-videnie\/\" \/>\n<meta property=\"og:site_name\" content=\"Ortungsger\u00e4te.de\" \/>\n<meta property=\"article:modified_time\" content=\"2025-11-26T17:01:36+00:00\" \/>\n<meta property=\"og:image\" content=\"https:\/\/www.ortungsgerate.de\/wp-content\/uploads\/rankinis-laikrodis-su-uzmaskuota-kamera-32gb-naktinis-matymas.jpg\" \/>\n\t<meta property=\"og:image:width\" content=\"310\" \/>\n\t<meta property=\"og:image:height\" content=\"498\" \/>\n\t<meta property=\"og:image:type\" content=\"image\/jpeg\" \/>\n<meta name=\"twitter:card\" content=\"summary_large_image\" \/>\n<meta name=\"twitter:label1\" content=\"\u041f\u0440\u0438\u043c\u0435\u0440\u043d\u043e\u0435 \u0432\u0440\u0435\u043c\u044f \u0434\u043b\u044f \u0447\u0442\u0435\u043d\u0438\u044f\" \/>\n\t<meta name=\"twitter:data1\" content=\"2 \u043c\u0438\u043d\u0443\u0442\u044b\" \/>\n<script type=\"application\/ld+json\" class=\"yoast-schema-graph\">{\"@context\":\"https:\\\/\\\/schema.org\",\"@graph\":[{\"@type\":\"WebPage\",\"@id\":\"https:\\\/\\\/www.ortungsgerate.de\\\/12-versteckte-kameras\\\/32-armbanduhren-mit-kamera\\\/armbanduhr-mit-versteckter-kamera-32gb-nachtsicht\\\/\",\"url\":\"https:\\\/\\\/www.ortungsgerate.de\\\/12-versteckte-kameras\\\/32-armbanduhren-mit-kamera\\\/armbanduhr-mit-versteckter-kamera-32gb-nachtsicht\\\/\",\"name\":\"Versteckte getarnte Kamera in Armbanduhr 32GB + Nachtsicht\",\"isPartOf\":{\"@id\":\"https:\\\/\\\/www.ortungsgerate.de\\\/#website\"},\"primaryImageOfPage\":{\"@id\":\"https:\\\/\\\/www.ortungsgerate.de\\\/12-versteckte-kameras\\\/32-armbanduhren-mit-kamera\\\/armbanduhr-mit-versteckter-kamera-32gb-nachtsicht\\\/#primaryimage\"},\"image\":{\"@id\":\"https:\\\/\\\/www.ortungsgerate.de\\\/12-versteckte-kameras\\\/32-armbanduhren-mit-kamera\\\/armbanduhr-mit-versteckter-kamera-32gb-nachtsicht\\\/#primaryimage\"},\"thumbnailUrl\":\"https:\\\/\\\/www.ortungsgerate.de\\\/wp-content\\\/uploads\\\/rankinis-laikrodis-su-uzmaskuota-kamera-32gb-naktinis-matymas.jpg\",\"datePublished\":\"2024-02-06T19:37:51+00:00\",\"dateModified\":\"2025-11-26T17:01:36+00:00\",\"description\":\"Stilvolle Armbanduhr in silberner Farbe mit integrierter versteckter Videokamera. Die Uhr verf\u00fcgt \u00fcber eine Nachtsichtfunktion. Gro\u00dfe Auswahl an \u00dcberwachungsger\u00e4ten\",\"breadcrumb\":{\"@id\":\"https:\\\/\\\/www.ortungsgerate.de\\\/12-versteckte-kameras\\\/32-armbanduhren-mit-kamera\\\/armbanduhr-mit-versteckter-kamera-32gb-nachtsicht\\\/#breadcrumb\"},\"inLanguage\":\"ru-RU\",\"potentialAction\":[{\"@type\":\"ReadAction\",\"target\":[\"https:\\\/\\\/www.ortungsgerate.de\\\/12-versteckte-kameras\\\/32-armbanduhren-mit-kamera\\\/armbanduhr-mit-versteckter-kamera-32gb-nachtsicht\\\/\"]}]},{\"@type\":\"ImageObject\",\"inLanguage\":\"ru-RU\",\"@id\":\"https:\\\/\\\/www.ortungsgerate.de\\\/12-versteckte-kameras\\\/32-armbanduhren-mit-kamera\\\/armbanduhr-mit-versteckter-kamera-32gb-nachtsicht\\\/#primaryimage\",\"url\":\"https:\\\/\\\/www.ortungsgerate.de\\\/wp-content\\\/uploads\\\/rankinis-laikrodis-su-uzmaskuota-kamera-32gb-naktinis-matymas.jpg\",\"contentUrl\":\"https:\\\/\\\/www.ortungsgerate.de\\\/wp-content\\\/uploads\\\/rankinis-laikrodis-su-uzmaskuota-kamera-32gb-naktinis-matymas.jpg\",\"width\":310,\"height\":498,\"caption\":\"Armbanduhr mit versteckter Videokamera\"},{\"@type\":\"BreadcrumbList\",\"@id\":\"https:\\\/\\\/www.ortungsgerate.de\\\/12-versteckte-kameras\\\/32-armbanduhren-mit-kamera\\\/armbanduhr-mit-versteckter-kamera-32gb-nachtsicht\\\/#breadcrumb\",\"itemListElement\":[{\"@type\":\"ListItem\",\"position\":1,\"name\":\"Startseite\",\"item\":\"https:\\\/\\\/www.ortungsgerate.de\\\/\"},{\"@type\":\"ListItem\",\"position\":2,\"name\":\"Shop\",\"item\":\"https:\\\/\\\/www.ortungsgerate.de\\\/shop\\\/\"},{\"@type\":\"ListItem\",\"position\":3,\"name\":\"Armbanduhr mit versteckter Kamera 32GB | Nachtsicht |\"}]},{\"@type\":\"WebSite\",\"@id\":\"https:\\\/\\\/www.ortungsgerate.de\\\/#website\",\"url\":\"https:\\\/\\\/www.ortungsgerate.de\\\/\",\"name\":\"Ortungsgerate.de\",\"description\":\"\",\"publisher\":{\"@id\":\"https:\\\/\\\/www.ortungsgerate.de\\\/#organization\"},\"potentialAction\":[{\"@type\":\"SearchAction\",\"target\":{\"@type\":\"EntryPoint\",\"urlTemplate\":\"https:\\\/\\\/www.ortungsgerate.de\\\/?s={search_term_string}\"},\"query-input\":{\"@type\":\"PropertyValueSpecification\",\"valueRequired\":true,\"valueName\":\"search_term_string\"}}],\"inLanguage\":\"ru-RU\"},{\"@type\":\"Organization\",\"@id\":\"https:\\\/\\\/www.ortungsgerate.de\\\/#organization\",\"name\":\"Ortungsgerate.de\",\"url\":\"https:\\\/\\\/www.ortungsgerate.de\\\/\",\"logo\":{\"@type\":\"ImageObject\",\"inLanguage\":\"ru-RU\",\"@id\":\"https:\\\/\\\/www.ortungsgerate.de\\\/#\\\/schema\\\/logo\\\/image\\\/\",\"url\":\"https:\\\/\\\/www.ortungsgerate.de\\\/wp-content\\\/uploads\\\/ortungsgerate.png\",\"contentUrl\":\"https:\\\/\\\/www.ortungsgerate.de\\\/wp-content\\\/uploads\\\/ortungsgerate.png\",\"width\":500,\"height\":135,\"caption\":\"Ortungsgerate.de\"},\"image\":{\"@id\":\"https:\\\/\\\/www.ortungsgerate.de\\\/#\\\/schema\\\/logo\\\/image\\\/\"}}]}<\/script>\n<!-- \/ Yoast SEO Premium plugin. -->","yoast_head_json":{"title":"Versteckte getarnte Kamera in Armbanduhr 32GB + Nachtsicht","description":"Stilvolle Armbanduhr in silberner Farbe mit integrierter versteckter Videokamera. Die Uhr verf\u00fcgt \u00fcber eine Nachtsichtfunktion. Gro\u00dfe Auswahl an \u00dcberwachungsger\u00e4ten","robots":{"index":"index","follow":"follow","max-snippet":"max-snippet:-1","max-image-preview":"max-image-preview:large","max-video-preview":"max-video-preview:-1"},"canonical":"https:\/\/www.ortungsgerate.de\/ru\/12-skrytyje-kamery\/32-naruchnije-chasy-s-kameroj\/naruchnye-chasy-so-skrytoy-kameroy-32-gb-nochnoe-videnie\/","og_locale":"ru_RU","og_type":"article","og_title":"Armbanduhr mit versteckter Kamera 32GB | Nachtsicht |","og_description":"Stilvolle Armbanduhr in silberner Farbe mit integrierter versteckter Videokamera. Die Uhr verf\u00fcgt \u00fcber eine Nachtsichtfunktion. Gro\u00dfe Auswahl an \u00dcberwachungsger\u00e4ten","og_url":"https:\/\/www.ortungsgerate.de\/ru\/12-skrytyje-kamery\/32-naruchnije-chasy-s-kameroj\/naruchnye-chasy-so-skrytoy-kameroy-32-gb-nochnoe-videnie\/","og_site_name":"Ortungsger\u00e4te.de","article_modified_time":"2025-11-26T17:01:36+00:00","og_image":[{"width":310,"height":498,"url":"https:\/\/www.ortungsgerate.de\/wp-content\/uploads\/rankinis-laikrodis-su-uzmaskuota-kamera-32gb-naktinis-matymas.jpg","type":"image\/jpeg"}],"twitter_card":"summary_large_image","twitter_misc":{"\u041f\u0440\u0438\u043c\u0435\u0440\u043d\u043e\u0435 \u0432\u0440\u0435\u043c\u044f \u0434\u043b\u044f \u0447\u0442\u0435\u043d\u0438\u044f":"2 \u043c\u0438\u043d\u0443\u0442\u044b"},"schema":{"@context":"https:\/\/schema.org","@graph":[{"@type":"WebPage","@id":"https:\/\/www.ortungsgerate.de\/12-versteckte-kameras\/32-armbanduhren-mit-kamera\/armbanduhr-mit-versteckter-kamera-32gb-nachtsicht\/","url":"https:\/\/www.ortungsgerate.de\/12-versteckte-kameras\/32-armbanduhren-mit-kamera\/armbanduhr-mit-versteckter-kamera-32gb-nachtsicht\/","name":"Versteckte getarnte Kamera in Armbanduhr 32GB + Nachtsicht","isPartOf":{"@id":"https:\/\/www.ortungsgerate.de\/#website"},"primaryImageOfPage":{"@id":"https:\/\/www.ortungsgerate.de\/12-versteckte-kameras\/32-armbanduhren-mit-kamera\/armbanduhr-mit-versteckter-kamera-32gb-nachtsicht\/#primaryimage"},"image":{"@id":"https:\/\/www.ortungsgerate.de\/12-versteckte-kameras\/32-armbanduhren-mit-kamera\/armbanduhr-mit-versteckter-kamera-32gb-nachtsicht\/#primaryimage"},"thumbnailUrl":"https:\/\/www.ortungsgerate.de\/wp-content\/uploads\/rankinis-laikrodis-su-uzmaskuota-kamera-32gb-naktinis-matymas.jpg","datePublished":"2024-02-06T19:37:51+00:00","dateModified":"2025-11-26T17:01:36+00:00","description":"Stilvolle Armbanduhr in silberner Farbe mit integrierter versteckter Videokamera. Die Uhr verf\u00fcgt \u00fcber eine Nachtsichtfunktion. Gro\u00dfe Auswahl an \u00dcberwachungsger\u00e4ten","breadcrumb":{"@id":"https:\/\/www.ortungsgerate.de\/12-versteckte-kameras\/32-armbanduhren-mit-kamera\/armbanduhr-mit-versteckter-kamera-32gb-nachtsicht\/#breadcrumb"},"inLanguage":"ru-RU","potentialAction":[{"@type":"ReadAction","target":["https:\/\/www.ortungsgerate.de\/12-versteckte-kameras\/32-armbanduhren-mit-kamera\/armbanduhr-mit-versteckter-kamera-32gb-nachtsicht\/"]}]},{"@type":"ImageObject","inLanguage":"ru-RU","@id":"https:\/\/www.ortungsgerate.de\/12-versteckte-kameras\/32-armbanduhren-mit-kamera\/armbanduhr-mit-versteckter-kamera-32gb-nachtsicht\/#primaryimage","url":"https:\/\/www.ortungsgerate.de\/wp-content\/uploads\/rankinis-laikrodis-su-uzmaskuota-kamera-32gb-naktinis-matymas.jpg","contentUrl":"https:\/\/www.ortungsgerate.de\/wp-content\/uploads\/rankinis-laikrodis-su-uzmaskuota-kamera-32gb-naktinis-matymas.jpg","width":310,"height":498,"caption":"Armbanduhr mit versteckter Videokamera"},{"@type":"BreadcrumbList","@id":"https:\/\/www.ortungsgerate.de\/12-versteckte-kameras\/32-armbanduhren-mit-kamera\/armbanduhr-mit-versteckter-kamera-32gb-nachtsicht\/#breadcrumb","itemListElement":[{"@type":"ListItem","position":1,"name":"Startseite","item":"https:\/\/www.ortungsgerate.de\/"},{"@type":"ListItem","position":2,"name":"Shop","item":"https:\/\/www.ortungsgerate.de\/shop\/"},{"@type":"ListItem","position":3,"name":"Armbanduhr mit versteckter Kamera 32GB | Nachtsicht |"}]},{"@type":"WebSite","@id":"https:\/\/www.ortungsgerate.de\/#website","url":"https:\/\/www.ortungsgerate.de\/","name":"Ortungsgerate.de","description":"","publisher":{"@id":"https:\/\/www.ortungsgerate.de\/#organization"},"potentialAction":[{"@type":"SearchAction","target":{"@type":"EntryPoint","urlTemplate":"https:\/\/www.ortungsgerate.de\/?s={search_term_string}"},"query-input":{"@type":"PropertyValueSpecification","valueRequired":true,"valueName":"search_term_string"}}],"inLanguage":"ru-RU"},{"@type":"Organization","@id":"https:\/\/www.ortungsgerate.de\/#organization","name":"Ortungsgerate.de","url":"https:\/\/www.ortungsgerate.de\/","logo":{"@type":"ImageObject","inLanguage":"ru-RU","@id":"https:\/\/www.ortungsgerate.de\/#\/schema\/logo\/image\/","url":"https:\/\/www.ortungsgerate.de\/wp-content\/uploads\/ortungsgerate.png","contentUrl":"https:\/\/www.ortungsgerate.de\/wp-content\/uploads\/ortungsgerate.png","width":500,"height":135,"caption":"Ortungsgerate.de"},"image":{"@id":"https:\/\/www.ortungsgerate.de\/#\/schema\/logo\/image\/"}}]}},"_links":{"self":[{"href":"https:\/\/www.ortungsgerate.de\/ru\/wp-json\/wp\/v2\/product\/16687","targetHints":{"allow":["GET"]}}],"collection":[{"href":"https:\/\/www.ortungsgerate.de\/ru\/wp-json\/wp\/v2\/product"}],"about":[{"href":"https:\/\/www.ortungsgerate.de\/ru\/wp-json\/wp\/v2\/types\/product"}],"version-history":[{"count":0,"href":"https:\/\/www.ortungsgerate.de\/ru\/wp-json\/wp\/v2\/product\/16687\/revisions"}],"wp:featuredmedia":[{"embeddable":true,"href":"https:\/\/www.ortungsgerate.de\/ru\/wp-json\/wp\/v2\/media\/1871"}],"wp:attachment":[{"href":"https:\/\/www.ortungsgerate.de\/ru\/wp-json\/wp\/v2\/media?parent=16687"}],"wp:term":[{"taxonomy":"brand","embeddable":true,"href":"https:\/\/www.ortungsgerate.de\/ru\/wp-json\/wp\/v2\/etheme_brands?post=16687"},{"taxonomy":"product_brand","embeddable":true,"href":"https:\/\/www.ortungsgerate.de\/ru\/wp-json\/wp\/v2\/product_brand?post=16687"},{"taxonomy":"product_cat","embeddable":true,"href":"https:\/\/www.ortungsgerate.de\/ru\/wp-json\/wp\/v2\/product_cat?post=16687"},{"taxonomy":"product_tag","embeddable":true,"href":"https:\/\/www.ortungsgerate.de\/ru\/wp-json\/wp\/v2\/product_tag?post=16687"}],"curies":[{"name":"wp","href":"https:\/\/api.w.org\/{rel}","templated":true}]}}