{"id":16688,"date":"2024-02-06T21:38:42","date_gmt":"2024-02-06T19:38:42","guid":{"rendered":"https:\/\/ortungsgerate.de\/be-kategorijos\/laikrodis-su-kamera-juodas-32gb-atminties-full-hd\/"},"modified":"2025-11-26T19:01:36","modified_gmt":"2025-11-26T17:01:36","slug":"chasy-s-kameroy-chernye-32-gb-pamyati-full-hd","status":"publish","type":"product","link":"https:\/\/www.ortungsgerate.de\/ru\/12-skrytyje-kamery\/17-zamaskirovanyje-kamery\/chasy-s-kameroy-chernye-32-gb-pamyati-full-hd\/","title":{"rendered":"\u0427\u0430\u0441\u044b \u0441 \u043a\u0430\u043c\u0435\u0440\u043e\u0439 \u0447\u0435\u0440\u043d\u044b\u0435 32 \u0413\u0411 \u043f\u0430\u043c\u044f\u0442\u0438 Full HD"},"content":{"rendered":"<h3><strong>\u0422\u0435\u0445\u043d\u0438\u0447\u0435\u0441\u043a\u0438\u0435 \u043f\u0430\u0440\u0430\u043c\u0435\u0442\u0440\u044b:<\/strong><\/h3>\n<ul>\n<li>Fotografiert: Ja<\/li>\n<li>Armband aus Leder<\/li>\n<li>Farbe: Schwarz<\/li>\n<li>Diktierger\u00e4t: Vorhanden<\/li>\n<li>Betriebsdauer ohne Aufladen bis zu 150 Min.<\/li>\n<li>Videoaufnahme mit Ton, integriertes Mikrofon<\/li>\n<li>Metallgeh\u00e4use<\/li>\n<li>Interner Speicher 32 GB, 30 Bilder pro Sekunde<\/li>\n<li>Bildqualit\u00e4t: JPG 3840&#215;2880 px<\/li>\n<li>Sichtwinkel: 90\u00b0<\/li>\n<li>Nacht\u00adsicht (schaltet sich automatisch ein)<\/li>\n<li>Anschl\u00fcsse: USB<\/li>\n<li>Laden: \u00fcber USB<\/li>\n<li>Betriebstemperatur: -10 bis +60<\/li>\n<li>Lieferumfang: Uhr mit Kamera, USB\u2011Kabel, Box<\/li>\n<li><strong>\u0413\u0410\u0420\u0410\u041d\u0422\u0418\u042f 12 \u043c\u0435\u0441\u044f\u0446\u0435\u0432<\/strong><\/li>\n<\/ul>\n<p>\u0418\u0441\u043f\u043e\u043b\u044c\u0437\u043e\u0432\u0430\u043d\u0438\u0435: \u0414\u043b\u044f \u0432\u0430\u0448\u0435\u0439 \u0441\u043e\u0431\u0441\u0442\u0432\u0435\u043d\u043d\u043e\u0439 \u0431\u0435\u0437\u043e\u043f\u0430\u0441\u043d\u043e\u0441\u0442\u0438 \u0438 \u0431\u0435\u0437\u043e\u043f\u0430\u0441\u043d\u043e\u0441\u0442\u0438 \u0432\u0430\u0448\u0438\u0445 \u0434\u0435\u0442\u0435\u0439.<\/p>\n<\/p>\n<p><strong>Uhr mit Kamera, Full HD, 32 GB interner Speicher, schwarz<\/strong><\/p>\n<\/p>\n<p>Die Uhr mit versteckter Kamera kann zu einem unverzichtbaren Detail Ihres Stils werden. Die schwarze Uhr mit Lederarmband wirkt sehr elegant und l\u00e4sst sich daher mit nahezu jedem Outfit kombinieren. Die Uhr mit unauff\u00e4lliger Kameralinse hilft Ihnen, vertrauliche Informationen aufzuzeichnen, die zu unumst\u00f6\u00dflichen Beweisen werden k\u00f6nnen. Situationen, in denen es notwendig sein kann, verdeckte Informationen zu sammeln, gibt es nicht gerade wenige, daher kann diese Uhr mit versteckter Kamera zu Ihrem zuverl\u00e4ssigen Partner werden.<\/p>\n<p>Die Uhr mit versteckter Kamera \u00fcberzeugt durch hohe Bildqualit\u00e4t und Funktionalit\u00e4t. Mit diesem Ger\u00e4t k\u00f6nnen Sie nicht nur filmen, sondern auch fotografieren. Die Bildaufl\u00f6sung betr\u00e4gt 3840&#215;2880 px, sodass die gesammelten Informationen klar und deutlich erkennbar sind. Die versteckte Kamera verf\u00fcgt \u00fcber ein integriertes Mikrofon, daher werden Videoaufnahmen mit Ton aufgezeichnet.<\/p>\n<p>Mit dieser Kamera k\u00f6nnen Sie bis zu 150 Minuten ohne Aufladen filmen. Wenn der Akku der Kamera leer ist, k\u00f6nnen Sie sie \u00fcber das USB\u2011Kabel aufladen, das im Lieferumfang des Ger\u00e4ts enthalten ist. \u00dcber das USB\u2011Kabel k\u00f6nnen Sie die Daten auch auf einen Computer \u00fcbertragen.<\/p>\n<p>Beim Aufzeichnen vertraulicher Informationen m\u00f6chte man nichts Wichtiges verpassen, daher ist die Nachtsichtfunktion ein wirklich wichtiger Vorteil dieser Kamera. Die Nachtsicht schaltet sich automatisch ein, wenn die beobachtete Umgebung nicht ausreichend beleuchtet ist.<\/p>\n<p>Der interne Speicher der versteckten Kamera betr\u00e4gt 32 GB, sodass Sie eine betr\u00e4chtliche Menge an n\u00fctzlichen Informationen speichern k\u00f6nnen. Sollte der Kameraspeicher f\u00fcr neue Aufnahmen nicht ausreichen, \u00fcberschreibt das neueste Material automatisch die \u00e4ltesten Aufzeichnungen.<\/p>\n<p>Die Bedienung dieser Uhr mit versteckter Kamera ist sehr einfach: Mit nur wenigen Tastendr\u00fccken k\u00f6nnen Sie alle f\u00fcr Sie relevanten Funktionen aktivieren.<\/p>\n<p>Die Uhr ist leicht zu bedienen, mit wenigen Tastendr\u00fccken schalten Sie die ben\u00f6tigten Funktionen ein.<\/p>","protected":false},"excerpt":{"rendered":"<p>Technische Parameter: Fotografiert: Ja Armband aus Leder Farbe: Schwarz Diktierger\u00e4t: Vorhanden Betriebsdauer ohne Aufladen bis zu 150 Min. Videoaufnahme mit Ton, integriertes Mikrofon Metallgeh\u00e4use Interner&#8230;<\/p>","protected":false},"featured_media":2056,"template":"","meta":[],"etheme_brands":[],"product_brand":[],"product_cat":[210,204,203],"product_tag":[42,754,731,707,705,728,729,690],"class_list":{"0":"post-16688","1":"product","2":"type-product","3":"status-publish","4":"has-post-thumbnail","6":"product_cat-32-armbanduhren-mit-kamera","7":"product_cat-17-getarnte-kameras","8":"product_cat-12-versteckte-kameras","9":"product_tag-kamera","10":"product_tag-kamera-im-wecker","11":"product_tag-kamera-in-der-uhr","12":"product_tag-kamera-uhr","13":"product_tag-ueberwachungskamera","14":"product_tag-uhr","15":"product_tag-uhr-kamera","16":"product_tag-versteckte-kamera","17":"pa_typ-armbanduhren","19":"first","20":"outofstock","21":"taxable","22":"shipping-taxable","23":"purchasable","24":"product-type-simple"},"yoast_head":"<!-- This site is optimized with the Yoast SEO Premium plugin v25.9 (Yoast SEO v27.4) - https:\/\/yoast.com\/product\/yoast-seo-premium-wordpress\/ -->\n<title>Schwarze Armbanduhr mit versteckter Kamera 32GB Ortungsger\u00e4te<\/title>\n<meta name=\"description\" content=\"Uhr Kamera mit 32GB Speicher, einfache Bedienung. Unm\u00f6glich zu erkennen, versteckte Kamera im Uhrgeh\u00e4use. Gro\u00dfe Produktauswahl. Versteckte \u00dcberwachungsger\u00e4te\" \/>\n<meta name=\"robots\" content=\"index, follow, max-snippet:-1, max-image-preview:large, max-video-preview:-1\" \/>\n<link rel=\"canonical\" href=\"https:\/\/www.ortungsgerate.de\/ru\/12-skrytyje-kamery\/32-naruchnije-chasy-s-kameroj\/chasy-s-kameroy-chernye-32-gb-pamyati-full-hd\/\" \/>\n<meta property=\"og:locale\" content=\"ru_RU\" \/>\n<meta property=\"og:type\" content=\"article\" \/>\n<meta property=\"og:title\" content=\"Uhr mit Kamera schwarz 32GB Speicher Full HD\" \/>\n<meta property=\"og:description\" content=\"Uhr Kamera mit 32GB Speicher, einfache Bedienung. Unm\u00f6glich zu erkennen, versteckte Kamera im Uhrgeh\u00e4use. Gro\u00dfe Produktauswahl. Versteckte \u00dcberwachungsger\u00e4te\" \/>\n<meta property=\"og:url\" content=\"https:\/\/www.ortungsgerate.de\/ru\/12-skrytyje-kamery\/32-naruchnije-chasy-s-kameroj\/chasy-s-kameroy-chernye-32-gb-pamyati-full-hd\/\" \/>\n<meta property=\"og:site_name\" content=\"Ortungsger\u00e4te.de\" \/>\n<meta property=\"article:modified_time\" content=\"2025-11-26T17:01:36+00:00\" \/>\n<meta property=\"og:image\" content=\"https:\/\/www.ortungsgerate.de\/wp-content\/uploads\/juodos-spalvos-rankinis-laikrodis-su-slapta-kamera-32gb-sekimo-iranga.jpg\" \/>\n\t<meta property=\"og:image:width\" content=\"800\" \/>\n\t<meta property=\"og:image:height\" content=\"800\" \/>\n\t<meta property=\"og:image:type\" content=\"image\/jpeg\" \/>\n<meta name=\"twitter:card\" content=\"summary_large_image\" \/>\n<meta name=\"twitter:label1\" content=\"\u041f\u0440\u0438\u043c\u0435\u0440\u043d\u043e\u0435 \u0432\u0440\u0435\u043c\u044f \u0434\u043b\u044f \u0447\u0442\u0435\u043d\u0438\u044f\" \/>\n\t<meta name=\"twitter:data1\" content=\"2 \u043c\u0438\u043d\u0443\u0442\u044b\" \/>\n<script type=\"application\/ld+json\" class=\"yoast-schema-graph\">{\"@context\":\"https:\\\/\\\/schema.org\",\"@graph\":[{\"@type\":\"WebPage\",\"@id\":\"https:\\\/\\\/www.ortungsgerate.de\\\/12-versteckte-kameras\\\/32-armbanduhren-mit-kamera\\\/uhr-mit-kamera-schwarz-32gb-speicher-full-hd\\\/\",\"url\":\"https:\\\/\\\/www.ortungsgerate.de\\\/12-versteckte-kameras\\\/32-armbanduhren-mit-kamera\\\/uhr-mit-kamera-schwarz-32gb-speicher-full-hd\\\/\",\"name\":\"Schwarze Armbanduhr mit versteckter Kamera 32GB Ortungsger\u00e4te\",\"isPartOf\":{\"@id\":\"https:\\\/\\\/www.ortungsgerate.de\\\/#website\"},\"primaryImageOfPage\":{\"@id\":\"https:\\\/\\\/www.ortungsgerate.de\\\/12-versteckte-kameras\\\/32-armbanduhren-mit-kamera\\\/uhr-mit-kamera-schwarz-32gb-speicher-full-hd\\\/#primaryimage\"},\"image\":{\"@id\":\"https:\\\/\\\/www.ortungsgerate.de\\\/12-versteckte-kameras\\\/32-armbanduhren-mit-kamera\\\/uhr-mit-kamera-schwarz-32gb-speicher-full-hd\\\/#primaryimage\"},\"thumbnailUrl\":\"https:\\\/\\\/www.ortungsgerate.de\\\/wp-content\\\/uploads\\\/juodos-spalvos-rankinis-laikrodis-su-slapta-kamera-32gb-sekimo-iranga.jpg\",\"datePublished\":\"2024-02-06T19:38:42+00:00\",\"dateModified\":\"2025-11-26T17:01:36+00:00\",\"description\":\"Uhr Kamera mit 32GB Speicher, einfache Bedienung. Unm\u00f6glich zu erkennen, versteckte Kamera im Uhrgeh\u00e4use. Gro\u00dfe Produktauswahl. Versteckte \u00dcberwachungsger\u00e4te\",\"breadcrumb\":{\"@id\":\"https:\\\/\\\/www.ortungsgerate.de\\\/12-versteckte-kameras\\\/32-armbanduhren-mit-kamera\\\/uhr-mit-kamera-schwarz-32gb-speicher-full-hd\\\/#breadcrumb\"},\"inLanguage\":\"ru-RU\",\"potentialAction\":[{\"@type\":\"ReadAction\",\"target\":[\"https:\\\/\\\/www.ortungsgerate.de\\\/12-versteckte-kameras\\\/32-armbanduhren-mit-kamera\\\/uhr-mit-kamera-schwarz-32gb-speicher-full-hd\\\/\"]}]},{\"@type\":\"ImageObject\",\"inLanguage\":\"ru-RU\",\"@id\":\"https:\\\/\\\/www.ortungsgerate.de\\\/12-versteckte-kameras\\\/32-armbanduhren-mit-kamera\\\/uhr-mit-kamera-schwarz-32gb-speicher-full-hd\\\/#primaryimage\",\"url\":\"https:\\\/\\\/www.ortungsgerate.de\\\/wp-content\\\/uploads\\\/juodos-spalvos-rankinis-laikrodis-su-slapta-kamera-32gb-sekimo-iranga.jpg\",\"contentUrl\":\"https:\\\/\\\/www.ortungsgerate.de\\\/wp-content\\\/uploads\\\/juodos-spalvos-rankinis-laikrodis-su-slapta-kamera-32gb-sekimo-iranga.jpg\",\"width\":800,\"height\":800,\"caption\":\"Versteckte Kamera Uhr\"},{\"@type\":\"BreadcrumbList\",\"@id\":\"https:\\\/\\\/www.ortungsgerate.de\\\/12-versteckte-kameras\\\/32-armbanduhren-mit-kamera\\\/uhr-mit-kamera-schwarz-32gb-speicher-full-hd\\\/#breadcrumb\",\"itemListElement\":[{\"@type\":\"ListItem\",\"position\":1,\"name\":\"Startseite\",\"item\":\"https:\\\/\\\/www.ortungsgerate.de\\\/\"},{\"@type\":\"ListItem\",\"position\":2,\"name\":\"Shop\",\"item\":\"https:\\\/\\\/www.ortungsgerate.de\\\/shop\\\/\"},{\"@type\":\"ListItem\",\"position\":3,\"name\":\"Uhr mit Kamera schwarz 32GB Speicher Full HD\"}]},{\"@type\":\"WebSite\",\"@id\":\"https:\\\/\\\/www.ortungsgerate.de\\\/#website\",\"url\":\"https:\\\/\\\/www.ortungsgerate.de\\\/\",\"name\":\"Ortungsgerate.de\",\"description\":\"\",\"publisher\":{\"@id\":\"https:\\\/\\\/www.ortungsgerate.de\\\/#organization\"},\"potentialAction\":[{\"@type\":\"SearchAction\",\"target\":{\"@type\":\"EntryPoint\",\"urlTemplate\":\"https:\\\/\\\/www.ortungsgerate.de\\\/?s={search_term_string}\"},\"query-input\":{\"@type\":\"PropertyValueSpecification\",\"valueRequired\":true,\"valueName\":\"search_term_string\"}}],\"inLanguage\":\"ru-RU\"},{\"@type\":\"Organization\",\"@id\":\"https:\\\/\\\/www.ortungsgerate.de\\\/#organization\",\"name\":\"Ortungsgerate.de\",\"url\":\"https:\\\/\\\/www.ortungsgerate.de\\\/\",\"logo\":{\"@type\":\"ImageObject\",\"inLanguage\":\"ru-RU\",\"@id\":\"https:\\\/\\\/www.ortungsgerate.de\\\/#\\\/schema\\\/logo\\\/image\\\/\",\"url\":\"https:\\\/\\\/www.ortungsgerate.de\\\/wp-content\\\/uploads\\\/ortungsgerate.png\",\"contentUrl\":\"https:\\\/\\\/www.ortungsgerate.de\\\/wp-content\\\/uploads\\\/ortungsgerate.png\",\"width\":500,\"height\":135,\"caption\":\"Ortungsgerate.de\"},\"image\":{\"@id\":\"https:\\\/\\\/www.ortungsgerate.de\\\/#\\\/schema\\\/logo\\\/image\\\/\"}}]}<\/script>\n<!-- \/ Yoast SEO Premium plugin. -->","yoast_head_json":{"title":"Schwarze Armbanduhr mit versteckter Kamera 32GB Ortungsger\u00e4te","description":"Uhr Kamera mit 32GB Speicher, einfache Bedienung. Unm\u00f6glich zu erkennen, versteckte Kamera im Uhrgeh\u00e4use. Gro\u00dfe Produktauswahl. Versteckte \u00dcberwachungsger\u00e4te","robots":{"index":"index","follow":"follow","max-snippet":"max-snippet:-1","max-image-preview":"max-image-preview:large","max-video-preview":"max-video-preview:-1"},"canonical":"https:\/\/www.ortungsgerate.de\/ru\/12-skrytyje-kamery\/32-naruchnije-chasy-s-kameroj\/chasy-s-kameroy-chernye-32-gb-pamyati-full-hd\/","og_locale":"ru_RU","og_type":"article","og_title":"Uhr mit Kamera schwarz 32GB Speicher Full HD","og_description":"Uhr Kamera mit 32GB Speicher, einfache Bedienung. Unm\u00f6glich zu erkennen, versteckte Kamera im Uhrgeh\u00e4use. Gro\u00dfe Produktauswahl. Versteckte \u00dcberwachungsger\u00e4te","og_url":"https:\/\/www.ortungsgerate.de\/ru\/12-skrytyje-kamery\/32-naruchnije-chasy-s-kameroj\/chasy-s-kameroy-chernye-32-gb-pamyati-full-hd\/","og_site_name":"Ortungsger\u00e4te.de","article_modified_time":"2025-11-26T17:01:36+00:00","og_image":[{"width":800,"height":800,"url":"https:\/\/www.ortungsgerate.de\/wp-content\/uploads\/juodos-spalvos-rankinis-laikrodis-su-slapta-kamera-32gb-sekimo-iranga.jpg","type":"image\/jpeg"}],"twitter_card":"summary_large_image","twitter_misc":{"\u041f\u0440\u0438\u043c\u0435\u0440\u043d\u043e\u0435 \u0432\u0440\u0435\u043c\u044f \u0434\u043b\u044f \u0447\u0442\u0435\u043d\u0438\u044f":"2 \u043c\u0438\u043d\u0443\u0442\u044b"},"schema":{"@context":"https:\/\/schema.org","@graph":[{"@type":"WebPage","@id":"https:\/\/www.ortungsgerate.de\/12-versteckte-kameras\/32-armbanduhren-mit-kamera\/uhr-mit-kamera-schwarz-32gb-speicher-full-hd\/","url":"https:\/\/www.ortungsgerate.de\/12-versteckte-kameras\/32-armbanduhren-mit-kamera\/uhr-mit-kamera-schwarz-32gb-speicher-full-hd\/","name":"Schwarze Armbanduhr mit versteckter Kamera 32GB Ortungsger\u00e4te","isPartOf":{"@id":"https:\/\/www.ortungsgerate.de\/#website"},"primaryImageOfPage":{"@id":"https:\/\/www.ortungsgerate.de\/12-versteckte-kameras\/32-armbanduhren-mit-kamera\/uhr-mit-kamera-schwarz-32gb-speicher-full-hd\/#primaryimage"},"image":{"@id":"https:\/\/www.ortungsgerate.de\/12-versteckte-kameras\/32-armbanduhren-mit-kamera\/uhr-mit-kamera-schwarz-32gb-speicher-full-hd\/#primaryimage"},"thumbnailUrl":"https:\/\/www.ortungsgerate.de\/wp-content\/uploads\/juodos-spalvos-rankinis-laikrodis-su-slapta-kamera-32gb-sekimo-iranga.jpg","datePublished":"2024-02-06T19:38:42+00:00","dateModified":"2025-11-26T17:01:36+00:00","description":"Uhr Kamera mit 32GB Speicher, einfache Bedienung. Unm\u00f6glich zu erkennen, versteckte Kamera im Uhrgeh\u00e4use. Gro\u00dfe Produktauswahl. Versteckte \u00dcberwachungsger\u00e4te","breadcrumb":{"@id":"https:\/\/www.ortungsgerate.de\/12-versteckte-kameras\/32-armbanduhren-mit-kamera\/uhr-mit-kamera-schwarz-32gb-speicher-full-hd\/#breadcrumb"},"inLanguage":"ru-RU","potentialAction":[{"@type":"ReadAction","target":["https:\/\/www.ortungsgerate.de\/12-versteckte-kameras\/32-armbanduhren-mit-kamera\/uhr-mit-kamera-schwarz-32gb-speicher-full-hd\/"]}]},{"@type":"ImageObject","inLanguage":"ru-RU","@id":"https:\/\/www.ortungsgerate.de\/12-versteckte-kameras\/32-armbanduhren-mit-kamera\/uhr-mit-kamera-schwarz-32gb-speicher-full-hd\/#primaryimage","url":"https:\/\/www.ortungsgerate.de\/wp-content\/uploads\/juodos-spalvos-rankinis-laikrodis-su-slapta-kamera-32gb-sekimo-iranga.jpg","contentUrl":"https:\/\/www.ortungsgerate.de\/wp-content\/uploads\/juodos-spalvos-rankinis-laikrodis-su-slapta-kamera-32gb-sekimo-iranga.jpg","width":800,"height":800,"caption":"Versteckte Kamera Uhr"},{"@type":"BreadcrumbList","@id":"https:\/\/www.ortungsgerate.de\/12-versteckte-kameras\/32-armbanduhren-mit-kamera\/uhr-mit-kamera-schwarz-32gb-speicher-full-hd\/#breadcrumb","itemListElement":[{"@type":"ListItem","position":1,"name":"Startseite","item":"https:\/\/www.ortungsgerate.de\/"},{"@type":"ListItem","position":2,"name":"Shop","item":"https:\/\/www.ortungsgerate.de\/shop\/"},{"@type":"ListItem","position":3,"name":"Uhr mit Kamera schwarz 32GB Speicher Full HD"}]},{"@type":"WebSite","@id":"https:\/\/www.ortungsgerate.de\/#website","url":"https:\/\/www.ortungsgerate.de\/","name":"Ortungsgerate.de","description":"","publisher":{"@id":"https:\/\/www.ortungsgerate.de\/#organization"},"potentialAction":[{"@type":"SearchAction","target":{"@type":"EntryPoint","urlTemplate":"https:\/\/www.ortungsgerate.de\/?s={search_term_string}"},"query-input":{"@type":"PropertyValueSpecification","valueRequired":true,"valueName":"search_term_string"}}],"inLanguage":"ru-RU"},{"@type":"Organization","@id":"https:\/\/www.ortungsgerate.de\/#organization","name":"Ortungsgerate.de","url":"https:\/\/www.ortungsgerate.de\/","logo":{"@type":"ImageObject","inLanguage":"ru-RU","@id":"https:\/\/www.ortungsgerate.de\/#\/schema\/logo\/image\/","url":"https:\/\/www.ortungsgerate.de\/wp-content\/uploads\/ortungsgerate.png","contentUrl":"https:\/\/www.ortungsgerate.de\/wp-content\/uploads\/ortungsgerate.png","width":500,"height":135,"caption":"Ortungsgerate.de"},"image":{"@id":"https:\/\/www.ortungsgerate.de\/#\/schema\/logo\/image\/"}}]}},"_links":{"self":[{"href":"https:\/\/www.ortungsgerate.de\/ru\/wp-json\/wp\/v2\/product\/16688","targetHints":{"allow":["GET"]}}],"collection":[{"href":"https:\/\/www.ortungsgerate.de\/ru\/wp-json\/wp\/v2\/product"}],"about":[{"href":"https:\/\/www.ortungsgerate.de\/ru\/wp-json\/wp\/v2\/types\/product"}],"version-history":[{"count":0,"href":"https:\/\/www.ortungsgerate.de\/ru\/wp-json\/wp\/v2\/product\/16688\/revisions"}],"wp:featuredmedia":[{"embeddable":true,"href":"https:\/\/www.ortungsgerate.de\/ru\/wp-json\/wp\/v2\/media\/2056"}],"wp:attachment":[{"href":"https:\/\/www.ortungsgerate.de\/ru\/wp-json\/wp\/v2\/media?parent=16688"}],"wp:term":[{"taxonomy":"brand","embeddable":true,"href":"https:\/\/www.ortungsgerate.de\/ru\/wp-json\/wp\/v2\/etheme_brands?post=16688"},{"taxonomy":"product_brand","embeddable":true,"href":"https:\/\/www.ortungsgerate.de\/ru\/wp-json\/wp\/v2\/product_brand?post=16688"},{"taxonomy":"product_cat","embeddable":true,"href":"https:\/\/www.ortungsgerate.de\/ru\/wp-json\/wp\/v2\/product_cat?post=16688"},{"taxonomy":"product_tag","embeddable":true,"href":"https:\/\/www.ortungsgerate.de\/ru\/wp-json\/wp\/v2\/product_tag?post=16688"}],"curies":[{"name":"wp","href":"https:\/\/api.w.org\/{rel}","templated":true}]}}