{"id":16689,"date":"2024-02-06T21:39:07","date_gmt":"2024-02-06T19:39:07","guid":{"rendered":"https:\/\/ortungsgerate.de\/be-kategorijos\/black-box-kamera-su-pir-davikliu-iki-1-metu\/"},"modified":"2025-12-01T11:26:01","modified_gmt":"2025-12-01T10:26:01","slug":"kamera-black-box-s-pir-sensorom-do-1-goda","status":"publish","type":"product","link":"https:\/\/www.ortungsgerate.de\/ru\/12-skrytyje-kamery\/17-zamaskirovanyje-kamery\/kamera-black-box-s-pir-sensorom-do-1-goda\/","title":{"rendered":"\u041a\u0430\u043c\u0435\u0440\u0430 BLACK BOX \u0441 PIR-\u0441\u0435\u043d\u0441\u043e\u0440\u043e\u043c \u0434\u043e 1 \u0433\u043e\u0434\u0430"},"content":{"rendered":"<p><strong>\u0410\u041a\u0426\u0418\u042f: Micro SD 32GB \u0432 \u043f\u043e\u0434\u0430\u0440\u043e\u043a<\/strong><\/p>\n<p><strong>\u0422\u0435\u0445\u043d\u0438\u0447\u0435\u0441\u043a\u0438\u0435 \u043f\u0430\u0440\u0430\u043c\u0435\u0442\u0440\u044b:<\/strong><\/p>\n<ul>\n<li>Fernvideobetrachtung: JA<\/li>\n<li>Videoaufnahme mit Ton<\/li>\n<li>Objektiv: 2 Mpx<\/li>\n<li>Nachtsicht: 5 m Entfernung<\/li>\n<li>Videoqualit\u00e4t: Live-Ansicht: HD 1920*1080<\/li>\n<li>Fotoaufl\u00f6sung: 1920*1080<\/li>\n<li>Objektiv: 90 Grad Blickwinkel<\/li>\n<li>Videoaufnahme: 1 Std. 360 MB<\/li>\n<li>Bildrate: 15 FPS<\/li>\n<li>Benachrichtigungen bei Bewegungserkennung (Push-Nachricht)<\/li>\n<li>Kartensupport: von 16 GB bis 128 GB (im Set Speicherkarte 32 GB)<\/li>\n<li>Video\u00fcberwachung: per Telefon oder Computer (Live \u00fcber Internet)<\/li>\n<li>Betriebszeit: kontinuierliche Videoaufnahme 8-9 Std.<\/li>\n<li>Akkulaufzeit im Standby-Modus bis zu 1 Jahr<\/li>\n<li>Akku: 2500 mAh<\/li>\n<li>Bewegungserkennung: JA<\/li>\n<li>\u0424\u043e\u0440\u043c\u0430\u0442 \u0441\u0436\u0430\u0442\u0438\u044f: AVI H.264<\/li>\n<li>Videoformat: AVI<\/li>\n<li>Systeme: \u201eiOS\u201d, \u201eAndroid\u201d<\/li>\n<li>App: vorhanden<\/li>\n<li>Stromversorgung: interner oder externer Akku; 5V-Stromanschluss<\/li>\n<li>Wi-Fi: vorhanden<\/li>\n<li>Abmessungen 11,8 x 7,2 x 1,8 cm<\/li>\n<li><strong>\u0413\u0410\u0420\u0410\u041d\u0422\u0418\u042f 12 \u043c\u0435\u0441\u044f\u0446\u0435\u0432<\/strong><\/li>\n<\/ul>\n<p><strong>   <\/strong><\/p>\n<p>Einsatzgebiet: Zum Schutz von Ihnen selbst und Ihren Kindern.<\/p>\n<p><strong>BLACK BOX Kamera mit PIR-Sensor: im Bereitschaftsmodus bis zu 1 Jahr Betriebszeit<\/strong><\/p>\n<p>Die Video\u00fcberwachungskamera ist eines jener Ger\u00e4te, die Ihre Sicherheit und die Ihrer Kinder gew\u00e4hrleisten k\u00f6nnen. Dieses Ger\u00e4t kann in Ihrem Zuhause, B\u00fcro oder Gartenhaus verwendet werden: Im Bereitschaftsmodus kann diese Kamera bis zu einem Jahr lang arbeiten. Wenn Sie eine ununterbrochene Videoaufzeichnung w\u00e4hlen, betr\u00e4gt die Aufnahmedauer 8-9 Stunden. Die Stromversorgung der Kamera kann \u00fcber einen internen oder externen Akku sowie \u00fcber eine 5V-Steckdose erfolgen.<\/p>\n<p>Dar\u00fcber, dass im Raum eine Bewegung erkannt wurde, werden Sie per Benachrichtigung informiert und k\u00f6nnen mit der Videoansicht beginnen. Live-Video\u00fcbertragungen in Echtzeit k\u00f6nnen Sie von jedem Ort der Welt aus \u00fcber Telefon oder Computer verfolgen: Die Kamera ist mit den Betriebssystemen \u201eiOS\u201d und \u201eAndroid\u201d kompatibel.<\/p>\n<p>Videoaufnahmen k\u00f6nnen nicht nur bei Tageslicht betrachtet werden: Die Kamera verf\u00fcgt \u00fcber eine Nachtsichtfunktion. Im Dunkeln k\u00f6nnen Objekte in einer Entfernung von bis zu 5 m erfasst werden. Die Videoaufnahmen werden mit Ton aufgezeichnet, was hilft, noch detailliertere Aufnahmen zu erstellen.<\/p>\n<p>Die Kamera wird mit einer Micro-SD-Speicherkarte verwendet, deren Kapazit\u00e4t von 16 bis 128 GB variieren kann (im Set ist eine Speicherkarte mit 32 GB Kapazit\u00e4t enthalten). Eine Stunde Videoaufnahme belegt 360 MB, und wenn der Speicherplatz auf der Karte knapp wird, wird das neue Videomaterial \u00fcber das alte \u00fcberschrieben.<\/p>\n<p>F\u00fcr diese Kamera wird eine Garantie von 12 Monaten gew\u00e4hrt, daher k\u00f6nnen Sie ganz sicher sein, dass dieses Ger\u00e4t lange Zeit zuverl\u00e4ssig arbeiten wird. Vergessen Sie nicht: Vorsicht ist besser als Nachsicht \u2013 jetzt ist der richtige Zeitpunkt, sich um Ihre Sicherheit zu k\u00fcmmern.<\/p>","protected":false},"excerpt":{"rendered":"<p>AKTION: Micro SD 32GB als Geschenk Technische Parameter: Fernvideobetrachtung: JA Videoaufnahme mit Ton Objektiv: 2 Mpx Nachtsicht: 5 m Entfernung Videoqualit\u00e4t: Live-Ansicht: HD 1920*1080 Fotoaufl\u00f6sung:&#8230;<\/p>","protected":false},"featured_media":27655,"template":"","meta":[],"etheme_brands":[],"product_brand":[],"product_cat":[204,203,205],"product_tag":[42,707,705,690,693],"class_list":{"0":"post-16689","1":"product","2":"type-product","3":"status-publish","4":"has-post-thumbnail","6":"product_cat-17-getarnte-kameras","7":"product_cat-12-versteckte-kameras","8":"product_cat-27-wlan-minikameras","9":"product_tag-kamera","10":"product_tag-kamera-uhr","11":"product_tag-ueberwachungskamera","12":"product_tag-versteckte-kamera","13":"product_tag-wlan-kamera","14":"pa_typ-externe-akkus-powerbank","16":"first","17":"outofstock","18":"taxable","19":"shipping-taxable","20":"purchasable","21":"product-type-simple"},"yoast_head":"<!-- This site is optimized with the Yoast SEO Premium plugin v25.9 (Yoast SEO v27.4) - https:\/\/yoast.com\/product\/yoast-seo-premium-wordpress\/ -->\n<title>Black BOX Kamera mit langer Betriebsdauer bis zu 1 Jahr - Sekimoiranga.lt<\/title>\n<meta name=\"description\" content=\"BLACK box versteckte Kamera mit sehr langer Betriebsdauer. M\u00f6glichkeit zur Live-Ansicht des Videos auf dem Telefon, mit Bewegungserkennung. Gro\u00dfe Auswahl an \u00dcberwachungsger\u00e4ten\" \/>\n<meta name=\"robots\" content=\"index, follow, max-snippet:-1, max-image-preview:large, max-video-preview:-1\" \/>\n<link rel=\"canonical\" href=\"https:\/\/www.ortungsgerate.de\/ru\/12-skrytyje-kamery\/27-wlan-mini-kamery\/kamera-black-box-s-pir-sensorom-do-1-goda\/\" \/>\n<meta property=\"og:locale\" content=\"ru_RU\" \/>\n<meta property=\"og:type\" content=\"article\" \/>\n<meta property=\"og:title\" content=\"BLACK BOX Kamera mit PIR-Sensor bis zu 1 Jahr\" \/>\n<meta property=\"og:description\" content=\"BLACK box versteckte Kamera mit sehr langer Betriebsdauer. M\u00f6glichkeit zur Live-Ansicht des Videos auf dem Telefon, mit Bewegungserkennung. Gro\u00dfe Auswahl an \u00dcberwachungsger\u00e4ten\" \/>\n<meta property=\"og:url\" content=\"https:\/\/www.ortungsgerate.de\/ru\/12-skrytyje-kamery\/27-wlan-mini-kamery\/kamera-black-box-s-pir-sensorom-do-1-goda\/\" \/>\n<meta property=\"og:site_name\" content=\"Ortungsger\u00e4te.de\" \/>\n<meta property=\"article:modified_time\" content=\"2025-12-01T10:26:01+00:00\" \/>\n<meta property=\"og:image\" content=\"https:\/\/www.ortungsgerate.de\/wp-content\/uploads\/blac-box-slapta-vaizdo-kamera-1.jpg\" \/>\n\t<meta property=\"og:image:width\" content=\"1000\" \/>\n\t<meta property=\"og:image:height\" content=\"1000\" \/>\n\t<meta property=\"og:image:type\" content=\"image\/jpeg\" \/>\n<meta name=\"twitter:card\" content=\"summary_large_image\" \/>\n<meta name=\"twitter:label1\" content=\"\u041f\u0440\u0438\u043c\u0435\u0440\u043d\u043e\u0435 \u0432\u0440\u0435\u043c\u044f \u0434\u043b\u044f \u0447\u0442\u0435\u043d\u0438\u044f\" \/>\n\t<meta name=\"twitter:data1\" content=\"3 \u043c\u0438\u043d\u0443\u0442\u044b\" \/>\n<script type=\"application\/ld+json\" class=\"yoast-schema-graph\">{\"@context\":\"https:\\\/\\\/schema.org\",\"@graph\":[{\"@type\":\"WebPage\",\"@id\":\"https:\\\/\\\/www.ortungsgerate.de\\\/12-versteckte-kameras\\\/27-wlan-minikameras\\\/black-box-kamera-mit-pir-sensor-bis-zu-1-jahr\\\/\",\"url\":\"https:\\\/\\\/www.ortungsgerate.de\\\/12-versteckte-kameras\\\/27-wlan-minikameras\\\/black-box-kamera-mit-pir-sensor-bis-zu-1-jahr\\\/\",\"name\":\"Black BOX Kamera mit langer Betriebsdauer bis zu 1 Jahr - Sekimoiranga.lt\",\"isPartOf\":{\"@id\":\"https:\\\/\\\/www.ortungsgerate.de\\\/#website\"},\"primaryImageOfPage\":{\"@id\":\"https:\\\/\\\/www.ortungsgerate.de\\\/12-versteckte-kameras\\\/27-wlan-minikameras\\\/black-box-kamera-mit-pir-sensor-bis-zu-1-jahr\\\/#primaryimage\"},\"image\":{\"@id\":\"https:\\\/\\\/www.ortungsgerate.de\\\/12-versteckte-kameras\\\/27-wlan-minikameras\\\/black-box-kamera-mit-pir-sensor-bis-zu-1-jahr\\\/#primaryimage\"},\"thumbnailUrl\":\"https:\\\/\\\/www.ortungsgerate.de\\\/wp-content\\\/uploads\\\/blac-box-slapta-vaizdo-kamera-1.jpg\",\"datePublished\":\"2024-02-06T19:39:07+00:00\",\"dateModified\":\"2025-12-01T10:26:01+00:00\",\"description\":\"BLACK box versteckte Kamera mit sehr langer Betriebsdauer. M\u00f6glichkeit zur Live-Ansicht des Videos auf dem Telefon, mit Bewegungserkennung. Gro\u00dfe Auswahl an \u00dcberwachungsger\u00e4ten\",\"breadcrumb\":{\"@id\":\"https:\\\/\\\/www.ortungsgerate.de\\\/12-versteckte-kameras\\\/27-wlan-minikameras\\\/black-box-kamera-mit-pir-sensor-bis-zu-1-jahr\\\/#breadcrumb\"},\"inLanguage\":\"ru-RU\",\"potentialAction\":[{\"@type\":\"ReadAction\",\"target\":[\"https:\\\/\\\/www.ortungsgerate.de\\\/12-versteckte-kameras\\\/27-wlan-minikameras\\\/black-box-kamera-mit-pir-sensor-bis-zu-1-jahr\\\/\"]}]},{\"@type\":\"ImageObject\",\"inLanguage\":\"ru-RU\",\"@id\":\"https:\\\/\\\/www.ortungsgerate.de\\\/12-versteckte-kameras\\\/27-wlan-minikameras\\\/black-box-kamera-mit-pir-sensor-bis-zu-1-jahr\\\/#primaryimage\",\"url\":\"https:\\\/\\\/www.ortungsgerate.de\\\/wp-content\\\/uploads\\\/blac-box-slapta-vaizdo-kamera-1.jpg\",\"contentUrl\":\"https:\\\/\\\/www.ortungsgerate.de\\\/wp-content\\\/uploads\\\/blac-box-slapta-vaizdo-kamera-1.jpg\",\"width\":1000,\"height\":1000,\"caption\":\"Black Box versteckte Videokamera\"},{\"@type\":\"BreadcrumbList\",\"@id\":\"https:\\\/\\\/www.ortungsgerate.de\\\/12-versteckte-kameras\\\/27-wlan-minikameras\\\/black-box-kamera-mit-pir-sensor-bis-zu-1-jahr\\\/#breadcrumb\",\"itemListElement\":[{\"@type\":\"ListItem\",\"position\":1,\"name\":\"Startseite\",\"item\":\"https:\\\/\\\/www.ortungsgerate.de\\\/\"},{\"@type\":\"ListItem\",\"position\":2,\"name\":\"Shop\",\"item\":\"https:\\\/\\\/www.ortungsgerate.de\\\/shop\\\/\"},{\"@type\":\"ListItem\",\"position\":3,\"name\":\"BLACK BOX Kamera mit PIR-Sensor bis zu 1 Jahr\"}]},{\"@type\":\"WebSite\",\"@id\":\"https:\\\/\\\/www.ortungsgerate.de\\\/#website\",\"url\":\"https:\\\/\\\/www.ortungsgerate.de\\\/\",\"name\":\"Ortungsgerate.de\",\"description\":\"\",\"publisher\":{\"@id\":\"https:\\\/\\\/www.ortungsgerate.de\\\/#organization\"},\"potentialAction\":[{\"@type\":\"SearchAction\",\"target\":{\"@type\":\"EntryPoint\",\"urlTemplate\":\"https:\\\/\\\/www.ortungsgerate.de\\\/?s={search_term_string}\"},\"query-input\":{\"@type\":\"PropertyValueSpecification\",\"valueRequired\":true,\"valueName\":\"search_term_string\"}}],\"inLanguage\":\"ru-RU\"},{\"@type\":\"Organization\",\"@id\":\"https:\\\/\\\/www.ortungsgerate.de\\\/#organization\",\"name\":\"Ortungsgerate.de\",\"url\":\"https:\\\/\\\/www.ortungsgerate.de\\\/\",\"logo\":{\"@type\":\"ImageObject\",\"inLanguage\":\"ru-RU\",\"@id\":\"https:\\\/\\\/www.ortungsgerate.de\\\/#\\\/schema\\\/logo\\\/image\\\/\",\"url\":\"https:\\\/\\\/www.ortungsgerate.de\\\/wp-content\\\/uploads\\\/ortungsgerate.png\",\"contentUrl\":\"https:\\\/\\\/www.ortungsgerate.de\\\/wp-content\\\/uploads\\\/ortungsgerate.png\",\"width\":500,\"height\":135,\"caption\":\"Ortungsgerate.de\"},\"image\":{\"@id\":\"https:\\\/\\\/www.ortungsgerate.de\\\/#\\\/schema\\\/logo\\\/image\\\/\"}}]}<\/script>\n<!-- \/ Yoast SEO Premium plugin. -->","yoast_head_json":{"title":"Black BOX Kamera mit langer Betriebsdauer bis zu 1 Jahr - Sekimoiranga.lt","description":"BLACK box versteckte Kamera mit sehr langer Betriebsdauer. M\u00f6glichkeit zur Live-Ansicht des Videos auf dem Telefon, mit Bewegungserkennung. Gro\u00dfe Auswahl an \u00dcberwachungsger\u00e4ten","robots":{"index":"index","follow":"follow","max-snippet":"max-snippet:-1","max-image-preview":"max-image-preview:large","max-video-preview":"max-video-preview:-1"},"canonical":"https:\/\/www.ortungsgerate.de\/ru\/12-skrytyje-kamery\/27-wlan-mini-kamery\/kamera-black-box-s-pir-sensorom-do-1-goda\/","og_locale":"ru_RU","og_type":"article","og_title":"BLACK BOX Kamera mit PIR-Sensor bis zu 1 Jahr","og_description":"BLACK box versteckte Kamera mit sehr langer Betriebsdauer. M\u00f6glichkeit zur Live-Ansicht des Videos auf dem Telefon, mit Bewegungserkennung. Gro\u00dfe Auswahl an \u00dcberwachungsger\u00e4ten","og_url":"https:\/\/www.ortungsgerate.de\/ru\/12-skrytyje-kamery\/27-wlan-mini-kamery\/kamera-black-box-s-pir-sensorom-do-1-goda\/","og_site_name":"Ortungsger\u00e4te.de","article_modified_time":"2025-12-01T10:26:01+00:00","og_image":[{"width":1000,"height":1000,"url":"https:\/\/www.ortungsgerate.de\/wp-content\/uploads\/blac-box-slapta-vaizdo-kamera-1.jpg","type":"image\/jpeg"}],"twitter_card":"summary_large_image","twitter_misc":{"\u041f\u0440\u0438\u043c\u0435\u0440\u043d\u043e\u0435 \u0432\u0440\u0435\u043c\u044f \u0434\u043b\u044f \u0447\u0442\u0435\u043d\u0438\u044f":"3 \u043c\u0438\u043d\u0443\u0442\u044b"},"schema":{"@context":"https:\/\/schema.org","@graph":[{"@type":"WebPage","@id":"https:\/\/www.ortungsgerate.de\/12-versteckte-kameras\/27-wlan-minikameras\/black-box-kamera-mit-pir-sensor-bis-zu-1-jahr\/","url":"https:\/\/www.ortungsgerate.de\/12-versteckte-kameras\/27-wlan-minikameras\/black-box-kamera-mit-pir-sensor-bis-zu-1-jahr\/","name":"Black BOX Kamera mit langer Betriebsdauer bis zu 1 Jahr - Sekimoiranga.lt","isPartOf":{"@id":"https:\/\/www.ortungsgerate.de\/#website"},"primaryImageOfPage":{"@id":"https:\/\/www.ortungsgerate.de\/12-versteckte-kameras\/27-wlan-minikameras\/black-box-kamera-mit-pir-sensor-bis-zu-1-jahr\/#primaryimage"},"image":{"@id":"https:\/\/www.ortungsgerate.de\/12-versteckte-kameras\/27-wlan-minikameras\/black-box-kamera-mit-pir-sensor-bis-zu-1-jahr\/#primaryimage"},"thumbnailUrl":"https:\/\/www.ortungsgerate.de\/wp-content\/uploads\/blac-box-slapta-vaizdo-kamera-1.jpg","datePublished":"2024-02-06T19:39:07+00:00","dateModified":"2025-12-01T10:26:01+00:00","description":"BLACK box versteckte Kamera mit sehr langer Betriebsdauer. M\u00f6glichkeit zur Live-Ansicht des Videos auf dem Telefon, mit Bewegungserkennung. Gro\u00dfe Auswahl an \u00dcberwachungsger\u00e4ten","breadcrumb":{"@id":"https:\/\/www.ortungsgerate.de\/12-versteckte-kameras\/27-wlan-minikameras\/black-box-kamera-mit-pir-sensor-bis-zu-1-jahr\/#breadcrumb"},"inLanguage":"ru-RU","potentialAction":[{"@type":"ReadAction","target":["https:\/\/www.ortungsgerate.de\/12-versteckte-kameras\/27-wlan-minikameras\/black-box-kamera-mit-pir-sensor-bis-zu-1-jahr\/"]}]},{"@type":"ImageObject","inLanguage":"ru-RU","@id":"https:\/\/www.ortungsgerate.de\/12-versteckte-kameras\/27-wlan-minikameras\/black-box-kamera-mit-pir-sensor-bis-zu-1-jahr\/#primaryimage","url":"https:\/\/www.ortungsgerate.de\/wp-content\/uploads\/blac-box-slapta-vaizdo-kamera-1.jpg","contentUrl":"https:\/\/www.ortungsgerate.de\/wp-content\/uploads\/blac-box-slapta-vaizdo-kamera-1.jpg","width":1000,"height":1000,"caption":"Black Box versteckte Videokamera"},{"@type":"BreadcrumbList","@id":"https:\/\/www.ortungsgerate.de\/12-versteckte-kameras\/27-wlan-minikameras\/black-box-kamera-mit-pir-sensor-bis-zu-1-jahr\/#breadcrumb","itemListElement":[{"@type":"ListItem","position":1,"name":"Startseite","item":"https:\/\/www.ortungsgerate.de\/"},{"@type":"ListItem","position":2,"name":"Shop","item":"https:\/\/www.ortungsgerate.de\/shop\/"},{"@type":"ListItem","position":3,"name":"BLACK BOX Kamera mit PIR-Sensor bis zu 1 Jahr"}]},{"@type":"WebSite","@id":"https:\/\/www.ortungsgerate.de\/#website","url":"https:\/\/www.ortungsgerate.de\/","name":"Ortungsgerate.de","description":"","publisher":{"@id":"https:\/\/www.ortungsgerate.de\/#organization"},"potentialAction":[{"@type":"SearchAction","target":{"@type":"EntryPoint","urlTemplate":"https:\/\/www.ortungsgerate.de\/?s={search_term_string}"},"query-input":{"@type":"PropertyValueSpecification","valueRequired":true,"valueName":"search_term_string"}}],"inLanguage":"ru-RU"},{"@type":"Organization","@id":"https:\/\/www.ortungsgerate.de\/#organization","name":"Ortungsgerate.de","url":"https:\/\/www.ortungsgerate.de\/","logo":{"@type":"ImageObject","inLanguage":"ru-RU","@id":"https:\/\/www.ortungsgerate.de\/#\/schema\/logo\/image\/","url":"https:\/\/www.ortungsgerate.de\/wp-content\/uploads\/ortungsgerate.png","contentUrl":"https:\/\/www.ortungsgerate.de\/wp-content\/uploads\/ortungsgerate.png","width":500,"height":135,"caption":"Ortungsgerate.de"},"image":{"@id":"https:\/\/www.ortungsgerate.de\/#\/schema\/logo\/image\/"}}]}},"_links":{"self":[{"href":"https:\/\/www.ortungsgerate.de\/ru\/wp-json\/wp\/v2\/product\/16689","targetHints":{"allow":["GET"]}}],"collection":[{"href":"https:\/\/www.ortungsgerate.de\/ru\/wp-json\/wp\/v2\/product"}],"about":[{"href":"https:\/\/www.ortungsgerate.de\/ru\/wp-json\/wp\/v2\/types\/product"}],"version-history":[{"count":0,"href":"https:\/\/www.ortungsgerate.de\/ru\/wp-json\/wp\/v2\/product\/16689\/revisions"}],"wp:featuredmedia":[{"embeddable":true,"href":"https:\/\/www.ortungsgerate.de\/ru\/wp-json\/wp\/v2\/media\/27655"}],"wp:attachment":[{"href":"https:\/\/www.ortungsgerate.de\/ru\/wp-json\/wp\/v2\/media?parent=16689"}],"wp:term":[{"taxonomy":"brand","embeddable":true,"href":"https:\/\/www.ortungsgerate.de\/ru\/wp-json\/wp\/v2\/etheme_brands?post=16689"},{"taxonomy":"product_brand","embeddable":true,"href":"https:\/\/www.ortungsgerate.de\/ru\/wp-json\/wp\/v2\/product_brand?post=16689"},{"taxonomy":"product_cat","embeddable":true,"href":"https:\/\/www.ortungsgerate.de\/ru\/wp-json\/wp\/v2\/product_cat?post=16689"},{"taxonomy":"product_tag","embeddable":true,"href":"https:\/\/www.ortungsgerate.de\/ru\/wp-json\/wp\/v2\/product_tag?post=16689"}],"curies":[{"name":"wp","href":"https:\/\/api.w.org\/{rel}","templated":true}]}}