{"id":16690,"date":"2024-02-06T21:36:05","date_gmt":"2024-02-06T19:36:05","guid":{"rendered":"https:\/\/ortungsgerate.de\/be-kategorijos\/laikrodis-kamera-hd-filmavimo-kokybe\/"},"modified":"2025-11-26T19:01:36","modified_gmt":"2025-11-26T17:01:36","slug":"chasy-kamera-hd-kachestvo-zapisi","status":"publish","type":"product","link":"https:\/\/www.ortungsgerate.de\/ru\/12-skrytyje-kamery\/17-zamaskirovanyje-kamery\/chasy-kamera-hd-kachestvo-zapisi\/","title":{"rendered":"\u0427\u0430\u0441\u044b \u043a\u0430\u043c\u0435\u0440\u0430 HD \u043a\u0430\u0447\u0435\u0441\u0442\u0432\u043e \u0437\u0430\u043f\u0438\u0441\u0438"},"content":{"rendered":"<h3><strong>\u0422\u0435\u0445\u043d\u0438\u0447\u0435\u0441\u043a\u0438\u0435 \u043f\u0430\u0440\u0430\u043c\u0435\u0442\u0440\u044b:<\/strong><\/h3>\n<ul>\n<li>Videoaufnahme mit Ton<\/li>\n<li>Interner Speicher 8GB<\/li>\n<li>Videoqualit\u00e4t:\u00a0\u00a0AVI-Format 1280x960px 30 Bilder pro Sekunde<\/li>\n<li>Fotoqualit\u00e4t: JPG 3840x2880px<\/li>\n<li>Sichtwinkel: 72\u00b0<\/li>\n<li>Anschl\u00fcsse: USB<\/li>\n<li>Laden: \u00fcber USB<\/li>\n<li>Betriebstemperatur: -10 bis +60<\/li>\n<li>Lieferumfang: Uhr mit Kamera, USB-Kabel, Box<\/li>\n<li><strong>\u0413\u0410\u0420\u0410\u041d\u0422\u0418\u042f 12 \u043c\u0435\u0441\u044f\u0446\u0435\u0432<\/strong><\/li>\n<\/ul>\n<p><span style=\"color: #d0121a;\"><strong>Wenn Sie eine Lieferung am selben Tag ben\u00f6tigen   <\/strong><\/span><\/p>\n<p>\u0418\u0441\u043f\u043e\u043b\u044c\u0437\u043e\u0432\u0430\u043d\u0438\u0435: \u0414\u043b\u044f \u0432\u0430\u0448\u0435\u0439 \u0441\u043e\u0431\u0441\u0442\u0432\u0435\u043d\u043d\u043e\u0439 \u0431\u0435\u0437\u043e\u043f\u0430\u0441\u043d\u043e\u0441\u0442\u0438 \u0438 \u0431\u0435\u0437\u043e\u043f\u0430\u0441\u043d\u043e\u0441\u0442\u0438 \u0432\u0430\u0448\u0438\u0445 \u0434\u0435\u0442\u0435\u0439.<\/p>\n<p><strong>Uhr mit Kamera, HD-Videoqualit\u00e4t<\/strong><\/p>\n<p>Die Uhr mit versteckter Kamera ist sehr stilvoll und funktional. Wenn bestimmte vertrauliche Informationen gesammelt werden m\u00fcssen, hilft Ihnen dieses Ger\u00e4t dabei v\u00f6llig m\u00fchelos. Das Objektiv der versteckten Kamera ist sehr klein, sodass niemand auch nur ahnen wird, dass Sie filmen. In der Uhr ist eine kleine LED-Leuchte integriert, die anzeigt, ob das Ger\u00e4t in Betrieb ist. W\u00e4hrend der Videoaufzeichnung leuchtet die LED nicht.<\/p>\n<p>Die Uhr besteht aus hochwertigen Materialien, daher k\u00f6nnen Sie sicher sein, dass dieses Ger\u00e4t Ihnen viele Jahre dienen wird. F\u00fcr die Uhr mit versteckter Kamera gilt eine Garantie von 12 Monaten.<\/p>\n<p>Die Uhr mit Kamera wird Sie mit ihrer Funktionalit\u00e4t und der hohen Bildqualit\u00e4t angenehm \u00fcberraschen. Die Videoaufnahmen werden in einer Aufl\u00f6sung von 1290&#215;960 px aufgezeichnet, Fotos \u2013 in 3840&#215;2880 px. Die Videoaufnahmen werden mit Ton aufgezeichnet, was die Sammlung zus\u00e4tzlicher relevanter Informationen erm\u00f6glicht. Der interne Speicher des Ger\u00e4ts betr\u00e4gt 8 GB, sodass Sie eine ganze Menge n\u00fctzlicher Informationen speichern k\u00f6nnen. Wenn der Speicher des Ger\u00e4ts voll ist, werden neue Aufnahmen \u00fcber die \u00e4ltesten Video- oder Fotoaufnahmen geschrieben.<\/p>\n<p>Die Uhr mit versteckter Kamera kann bis zu 70 Minuten ununterbrochen aufzeichnen. Wenn der Akku des Ger\u00e4ts entladen ist, k\u00f6nnen Sie ihn \u00fcber den USB-Anschluss aufladen, der im Lieferumfang enthalten ist.<\/p>\n<p>Die Nutzung dieser Uhr mit versteckter Kamera ist sehr einfach. Mit nur wenigen Tastendr\u00fccken k\u00f6nnen Sie die f\u00fcr Sie relevanten Funktionen aktivieren. Wenn Sie bestimmte vertrauliche Informationen sammeln m\u00fcssen, wird Ihnen dieses Ger\u00e4t \u00e4u\u00dferst n\u00fctzlich sein. Die Uhr mit Kamera ist ein hervorragendes Geschenk f\u00fcr Sie selbst oder einen nahestehenden Menschen.<\/p>\n<p><strong>Armbanduhr mit versteckter Kamera<\/strong><\/p>\n<p>Die Uhr mit versteckter Kamera erm\u00f6glicht die Aufnahme von Videos in 1290x960px Aufl\u00f6sung mit Ton oder das Fotografieren in 3840x2880px. Es ist au\u00dferdem m\u00f6glich, nur Ton aufzuzeichnen und das Ger\u00e4t als Diktierger\u00e4t zu verwenden. Eine vollst\u00e4ndig geladene Batterie reicht f\u00fcr etwa 70 Minuten Aufnahmezeit. Das aufgezeichnete Material wird auf eine microSD-Karte gespeichert: unterst\u00fctzt werden Karten von 4GB bis 32GB. ACHTUNG: Speicherkarte ist nicht im Lieferumfang enthalten. Die Uhr ist aus hochwertigen Materialien gefertigt. Das Objektiv hat nur 1 mm Durchmesser und wird von anderen Personen nicht bemerkt. Im Uhren-Display ist eine kleine LED-Leuchte integriert, die anzeigt, ob das Ger\u00e4t funktioniert.\u00a0W\u00e4hrend der Aufnahme LEUCHTET die LED NICHT.<\/p>\n<div class=\"iframe-container\">\n<p><strong>Uhr mit Kamera, HD-Videoqualit\u00e4t<\/strong><\/p>\n<p>Obwohl es scheinen mag, dass die in die Uhr integrierte Kamera aufgrund ihrer geringen Gr\u00f6\u00dfe keine qualitativ hochwertigen Bilder aufzeichnen kann, werden Sie sich vom Gegenteil \u00fcberzeugen. Die in der Armbanduhr getarnte Kamera kann Videoaufnahmen mit einer Aufl\u00f6sung von 1290&#215;960 px aufzeichnen, und wenn Sie statt der Videoaufnahmefunktion die Fotofunktion w\u00e4hlen, wird die Aufl\u00f6sung noch h\u00f6her sein \u2013 bis zu 3840&#215;2880 px. Die versteckte Kamera kann auch als Diktierger\u00e4t verwendet werden \u2013 wenn Sie nur Ton aufzeichnen m\u00fcssen, k\u00f6nnen Sie diese M\u00f6glichkeit nutzen. Die von diesem Ger\u00e4t aufgezeichneten Tonaufnahmen sind sehr hochwertig, sodass Sie sicher sein k\u00f6nnen, dass alle gesammelten Informationen klar verst\u00e4ndlich sind.<\/p>\n<p>Die versteckte Kamera verwendet eine microSD-Karte mit einer Kapazit\u00e4t von 4 bis 32 Gigabyte (Speicherkarte ist nicht im Lieferumfang enthalten).\u00a0 Der Sichtwinkel dieser Kamera betr\u00e4gt 72 Grad, daher sollten Sie vor Beginn der Videoaufzeichnung zun\u00e4chst sicherstellen, dass die Kamera das Bild im richtigen Winkel erfasst. Sie k\u00f6nnen sicher sein, dass die Kamera bei unterschiedlichen Umgebungstemperaturen eingesetzt werden kann \u2013 der Betriebstemperaturbereich reicht von -10 bis +60 Grad Celsius.<\/p>\n<p><strong>Die Kamera wird \u00fcber den USB-Anschluss aufgeladen, auf dieselbe Weise k\u00f6nnen auch die aufgezeichneten Video- und Tondateien \u00fcbertragen werden. Zum Lieferumfang dieses verdeckten Aufzeichnungsger\u00e4ts geh\u00f6ren eine Armbanduhr mit getarnter Kamera, ein USB-Kabel und eine Box. Die Bedienung dieses Ger\u00e4ts ist sehr einfach, sodass Sie es in den unterschiedlichsten Situationen einsetzen k\u00f6nnen \u2013 Sie m\u00fcssen nur die Einschalttaste dr\u00fccken, und schon beginnt die Aufzeichnung von Video oder Ton, ohne bei Umstehenden irgendeinen Verdacht zu erregen<\/strong><\/p>\n<\/div>","protected":false},"excerpt":{"rendered":"<p>Technische Parameter: Videoaufnahme mit Ton Interner Speicher 8GB Videoqualit\u00e4t:\u00a0\u00a0AVI-Format 1280x960px 30 Bilder pro Sekunde Fotoqualit\u00e4t: JPG 3840x2880px Sichtwinkel: 72\u00b0 Anschl\u00fcsse: USB Laden: \u00fcber USB Betriebstemperatur:&#8230;<\/p>","protected":false},"featured_media":1274,"template":"","meta":[],"etheme_brands":[],"product_brand":[],"product_cat":[210,204,203],"product_tag":[42,754,731,707,705,728,729,690],"class_list":{"0":"post-16690","1":"product","2":"type-product","3":"status-publish","4":"has-post-thumbnail","6":"product_cat-32-armbanduhren-mit-kamera","7":"product_cat-17-getarnte-kameras","8":"product_cat-12-versteckte-kameras","9":"product_tag-kamera","10":"product_tag-kamera-im-wecker","11":"product_tag-kamera-in-der-uhr","12":"product_tag-kamera-uhr","13":"product_tag-ueberwachungskamera","14":"product_tag-uhr","15":"product_tag-uhr-kamera","16":"product_tag-versteckte-kamera","17":"pa_typ-armbanduhren","19":"first","20":"outofstock","21":"taxable","22":"shipping-taxable","23":"purchasable","24":"product-type-simple"},"yoast_head":"<!-- This site is optimized with the Yoast SEO Premium plugin v25.9 (Yoast SEO v27.4) - https:\/\/yoast.com\/product\/yoast-seo-premium-wordpress\/ -->\n<title>Uhr mit versteckter Kamera HD-Aufnahme ca. 70 Min Foto Diktierger\u00e4t<\/title>\n<meta name=\"description\" content=\"Armbanduhr mit versteckter Kamera Mit der Uhr k\u00f6nnen Fotos gemacht oder sie kann als Diktierger\u00e4t verwendet werden Modernes und stilvolles Design Kostenlose Lieferung\" \/>\n<meta name=\"robots\" content=\"index, follow, max-snippet:-1, max-image-preview:large, max-video-preview:-1\" \/>\n<link rel=\"canonical\" href=\"https:\/\/www.ortungsgerate.de\/ru\/12-skrytyje-kamery\/32-naruchnije-chasy-s-kameroj\/chasy-kamera-hd-kachestvo-zapisi\/\" \/>\n<meta property=\"og:locale\" content=\"ru_RU\" \/>\n<meta property=\"og:type\" content=\"article\" \/>\n<meta property=\"og:title\" content=\"Uhr Kamera HD Aufnahmequalit\u00e4t\" \/>\n<meta property=\"og:description\" content=\"Armbanduhr mit versteckter Kamera Mit der Uhr k\u00f6nnen Fotos gemacht oder sie kann als Diktierger\u00e4t verwendet werden Modernes und stilvolles Design Kostenlose Lieferung\" \/>\n<meta property=\"og:url\" content=\"https:\/\/www.ortungsgerate.de\/ru\/12-skrytyje-kamery\/32-naruchnije-chasy-s-kameroj\/chasy-kamera-hd-kachestvo-zapisi\/\" \/>\n<meta property=\"og:site_name\" content=\"Ortungsger\u00e4te.de\" \/>\n<meta property=\"article:modified_time\" content=\"2025-11-26T17:01:36+00:00\" \/>\n<meta property=\"og:image\" content=\"https:\/\/www.ortungsgerate.de\/wp-content\/uploads\/laikrodis-kamera-hd-filmavimo-kokybe-1.jpg\" \/>\n\t<meta property=\"og:image:width\" content=\"498\" \/>\n\t<meta property=\"og:image:height\" content=\"338\" \/>\n\t<meta property=\"og:image:type\" content=\"image\/jpeg\" \/>\n<meta name=\"twitter:card\" content=\"summary_large_image\" \/>\n<meta name=\"twitter:label1\" content=\"\u041f\u0440\u0438\u043c\u0435\u0440\u043d\u043e\u0435 \u0432\u0440\u0435\u043c\u044f \u0434\u043b\u044f \u0447\u0442\u0435\u043d\u0438\u044f\" \/>\n\t<meta name=\"twitter:data1\" content=\"4 \u043c\u0438\u043d\u0443\u0442\u044b\" \/>\n<script type=\"application\/ld+json\" class=\"yoast-schema-graph\">{\"@context\":\"https:\\\/\\\/schema.org\",\"@graph\":[{\"@type\":\"WebPage\",\"@id\":\"https:\\\/\\\/www.ortungsgerate.de\\\/12-versteckte-kameras\\\/32-armbanduhren-mit-kamera\\\/uhr-kamera-hd-aufnahmequalitaet\\\/\",\"url\":\"https:\\\/\\\/www.ortungsgerate.de\\\/12-versteckte-kameras\\\/32-armbanduhren-mit-kamera\\\/uhr-kamera-hd-aufnahmequalitaet\\\/\",\"name\":\"Uhr mit versteckter Kamera HD-Aufnahme ca. 70 Min Foto Diktierger\u00e4t\",\"isPartOf\":{\"@id\":\"https:\\\/\\\/www.ortungsgerate.de\\\/#website\"},\"primaryImageOfPage\":{\"@id\":\"https:\\\/\\\/www.ortungsgerate.de\\\/12-versteckte-kameras\\\/32-armbanduhren-mit-kamera\\\/uhr-kamera-hd-aufnahmequalitaet\\\/#primaryimage\"},\"image\":{\"@id\":\"https:\\\/\\\/www.ortungsgerate.de\\\/12-versteckte-kameras\\\/32-armbanduhren-mit-kamera\\\/uhr-kamera-hd-aufnahmequalitaet\\\/#primaryimage\"},\"thumbnailUrl\":\"https:\\\/\\\/www.ortungsgerate.de\\\/wp-content\\\/uploads\\\/laikrodis-kamera-hd-filmavimo-kokybe-1.jpg\",\"datePublished\":\"2024-02-06T19:36:05+00:00\",\"dateModified\":\"2025-11-26T17:01:36+00:00\",\"description\":\"Armbanduhr mit versteckter Kamera Mit der Uhr k\u00f6nnen Fotos gemacht oder sie kann als Diktierger\u00e4t verwendet werden Modernes und stilvolles Design Kostenlose Lieferung\",\"breadcrumb\":{\"@id\":\"https:\\\/\\\/www.ortungsgerate.de\\\/12-versteckte-kameras\\\/32-armbanduhren-mit-kamera\\\/uhr-kamera-hd-aufnahmequalitaet\\\/#breadcrumb\"},\"inLanguage\":\"ru-RU\",\"potentialAction\":[{\"@type\":\"ReadAction\",\"target\":[\"https:\\\/\\\/www.ortungsgerate.de\\\/12-versteckte-kameras\\\/32-armbanduhren-mit-kamera\\\/uhr-kamera-hd-aufnahmequalitaet\\\/\"]}]},{\"@type\":\"ImageObject\",\"inLanguage\":\"ru-RU\",\"@id\":\"https:\\\/\\\/www.ortungsgerate.de\\\/12-versteckte-kameras\\\/32-armbanduhren-mit-kamera\\\/uhr-kamera-hd-aufnahmequalitaet\\\/#primaryimage\",\"url\":\"https:\\\/\\\/www.ortungsgerate.de\\\/wp-content\\\/uploads\\\/laikrodis-kamera-hd-filmavimo-kokybe-1.jpg\",\"contentUrl\":\"https:\\\/\\\/www.ortungsgerate.de\\\/wp-content\\\/uploads\\\/laikrodis-kamera-hd-filmavimo-kokybe-1.jpg\",\"width\":498,\"height\":338,\"caption\":\"Kamera im Uhr verborgen\"},{\"@type\":\"BreadcrumbList\",\"@id\":\"https:\\\/\\\/www.ortungsgerate.de\\\/12-versteckte-kameras\\\/32-armbanduhren-mit-kamera\\\/uhr-kamera-hd-aufnahmequalitaet\\\/#breadcrumb\",\"itemListElement\":[{\"@type\":\"ListItem\",\"position\":1,\"name\":\"Startseite\",\"item\":\"https:\\\/\\\/www.ortungsgerate.de\\\/\"},{\"@type\":\"ListItem\",\"position\":2,\"name\":\"Shop\",\"item\":\"https:\\\/\\\/www.ortungsgerate.de\\\/shop\\\/\"},{\"@type\":\"ListItem\",\"position\":3,\"name\":\"Uhr Kamera HD Aufnahmequalit\u00e4t\"}]},{\"@type\":\"WebSite\",\"@id\":\"https:\\\/\\\/www.ortungsgerate.de\\\/#website\",\"url\":\"https:\\\/\\\/www.ortungsgerate.de\\\/\",\"name\":\"Ortungsgerate.de\",\"description\":\"\",\"publisher\":{\"@id\":\"https:\\\/\\\/www.ortungsgerate.de\\\/#organization\"},\"potentialAction\":[{\"@type\":\"SearchAction\",\"target\":{\"@type\":\"EntryPoint\",\"urlTemplate\":\"https:\\\/\\\/www.ortungsgerate.de\\\/?s={search_term_string}\"},\"query-input\":{\"@type\":\"PropertyValueSpecification\",\"valueRequired\":true,\"valueName\":\"search_term_string\"}}],\"inLanguage\":\"ru-RU\"},{\"@type\":\"Organization\",\"@id\":\"https:\\\/\\\/www.ortungsgerate.de\\\/#organization\",\"name\":\"Ortungsgerate.de\",\"url\":\"https:\\\/\\\/www.ortungsgerate.de\\\/\",\"logo\":{\"@type\":\"ImageObject\",\"inLanguage\":\"ru-RU\",\"@id\":\"https:\\\/\\\/www.ortungsgerate.de\\\/#\\\/schema\\\/logo\\\/image\\\/\",\"url\":\"https:\\\/\\\/www.ortungsgerate.de\\\/wp-content\\\/uploads\\\/ortungsgerate.png\",\"contentUrl\":\"https:\\\/\\\/www.ortungsgerate.de\\\/wp-content\\\/uploads\\\/ortungsgerate.png\",\"width\":500,\"height\":135,\"caption\":\"Ortungsgerate.de\"},\"image\":{\"@id\":\"https:\\\/\\\/www.ortungsgerate.de\\\/#\\\/schema\\\/logo\\\/image\\\/\"}}]}<\/script>\n<!-- \/ Yoast SEO Premium plugin. -->","yoast_head_json":{"title":"Uhr mit versteckter Kamera HD-Aufnahme ca. 70 Min Foto Diktierger\u00e4t","description":"Armbanduhr mit versteckter Kamera Mit der Uhr k\u00f6nnen Fotos gemacht oder sie kann als Diktierger\u00e4t verwendet werden Modernes und stilvolles Design Kostenlose Lieferung","robots":{"index":"index","follow":"follow","max-snippet":"max-snippet:-1","max-image-preview":"max-image-preview:large","max-video-preview":"max-video-preview:-1"},"canonical":"https:\/\/www.ortungsgerate.de\/ru\/12-skrytyje-kamery\/32-naruchnije-chasy-s-kameroj\/chasy-kamera-hd-kachestvo-zapisi\/","og_locale":"ru_RU","og_type":"article","og_title":"Uhr Kamera HD Aufnahmequalit\u00e4t","og_description":"Armbanduhr mit versteckter Kamera Mit der Uhr k\u00f6nnen Fotos gemacht oder sie kann als Diktierger\u00e4t verwendet werden Modernes und stilvolles Design Kostenlose Lieferung","og_url":"https:\/\/www.ortungsgerate.de\/ru\/12-skrytyje-kamery\/32-naruchnije-chasy-s-kameroj\/chasy-kamera-hd-kachestvo-zapisi\/","og_site_name":"Ortungsger\u00e4te.de","article_modified_time":"2025-11-26T17:01:36+00:00","og_image":[{"width":498,"height":338,"url":"https:\/\/www.ortungsgerate.de\/wp-content\/uploads\/laikrodis-kamera-hd-filmavimo-kokybe-1.jpg","type":"image\/jpeg"}],"twitter_card":"summary_large_image","twitter_misc":{"\u041f\u0440\u0438\u043c\u0435\u0440\u043d\u043e\u0435 \u0432\u0440\u0435\u043c\u044f \u0434\u043b\u044f \u0447\u0442\u0435\u043d\u0438\u044f":"4 \u043c\u0438\u043d\u0443\u0442\u044b"},"schema":{"@context":"https:\/\/schema.org","@graph":[{"@type":"WebPage","@id":"https:\/\/www.ortungsgerate.de\/12-versteckte-kameras\/32-armbanduhren-mit-kamera\/uhr-kamera-hd-aufnahmequalitaet\/","url":"https:\/\/www.ortungsgerate.de\/12-versteckte-kameras\/32-armbanduhren-mit-kamera\/uhr-kamera-hd-aufnahmequalitaet\/","name":"Uhr mit versteckter Kamera HD-Aufnahme ca. 70 Min Foto Diktierger\u00e4t","isPartOf":{"@id":"https:\/\/www.ortungsgerate.de\/#website"},"primaryImageOfPage":{"@id":"https:\/\/www.ortungsgerate.de\/12-versteckte-kameras\/32-armbanduhren-mit-kamera\/uhr-kamera-hd-aufnahmequalitaet\/#primaryimage"},"image":{"@id":"https:\/\/www.ortungsgerate.de\/12-versteckte-kameras\/32-armbanduhren-mit-kamera\/uhr-kamera-hd-aufnahmequalitaet\/#primaryimage"},"thumbnailUrl":"https:\/\/www.ortungsgerate.de\/wp-content\/uploads\/laikrodis-kamera-hd-filmavimo-kokybe-1.jpg","datePublished":"2024-02-06T19:36:05+00:00","dateModified":"2025-11-26T17:01:36+00:00","description":"Armbanduhr mit versteckter Kamera Mit der Uhr k\u00f6nnen Fotos gemacht oder sie kann als Diktierger\u00e4t verwendet werden Modernes und stilvolles Design Kostenlose Lieferung","breadcrumb":{"@id":"https:\/\/www.ortungsgerate.de\/12-versteckte-kameras\/32-armbanduhren-mit-kamera\/uhr-kamera-hd-aufnahmequalitaet\/#breadcrumb"},"inLanguage":"ru-RU","potentialAction":[{"@type":"ReadAction","target":["https:\/\/www.ortungsgerate.de\/12-versteckte-kameras\/32-armbanduhren-mit-kamera\/uhr-kamera-hd-aufnahmequalitaet\/"]}]},{"@type":"ImageObject","inLanguage":"ru-RU","@id":"https:\/\/www.ortungsgerate.de\/12-versteckte-kameras\/32-armbanduhren-mit-kamera\/uhr-kamera-hd-aufnahmequalitaet\/#primaryimage","url":"https:\/\/www.ortungsgerate.de\/wp-content\/uploads\/laikrodis-kamera-hd-filmavimo-kokybe-1.jpg","contentUrl":"https:\/\/www.ortungsgerate.de\/wp-content\/uploads\/laikrodis-kamera-hd-filmavimo-kokybe-1.jpg","width":498,"height":338,"caption":"Kamera im Uhr verborgen"},{"@type":"BreadcrumbList","@id":"https:\/\/www.ortungsgerate.de\/12-versteckte-kameras\/32-armbanduhren-mit-kamera\/uhr-kamera-hd-aufnahmequalitaet\/#breadcrumb","itemListElement":[{"@type":"ListItem","position":1,"name":"Startseite","item":"https:\/\/www.ortungsgerate.de\/"},{"@type":"ListItem","position":2,"name":"Shop","item":"https:\/\/www.ortungsgerate.de\/shop\/"},{"@type":"ListItem","position":3,"name":"Uhr Kamera HD Aufnahmequalit\u00e4t"}]},{"@type":"WebSite","@id":"https:\/\/www.ortungsgerate.de\/#website","url":"https:\/\/www.ortungsgerate.de\/","name":"Ortungsgerate.de","description":"","publisher":{"@id":"https:\/\/www.ortungsgerate.de\/#organization"},"potentialAction":[{"@type":"SearchAction","target":{"@type":"EntryPoint","urlTemplate":"https:\/\/www.ortungsgerate.de\/?s={search_term_string}"},"query-input":{"@type":"PropertyValueSpecification","valueRequired":true,"valueName":"search_term_string"}}],"inLanguage":"ru-RU"},{"@type":"Organization","@id":"https:\/\/www.ortungsgerate.de\/#organization","name":"Ortungsgerate.de","url":"https:\/\/www.ortungsgerate.de\/","logo":{"@type":"ImageObject","inLanguage":"ru-RU","@id":"https:\/\/www.ortungsgerate.de\/#\/schema\/logo\/image\/","url":"https:\/\/www.ortungsgerate.de\/wp-content\/uploads\/ortungsgerate.png","contentUrl":"https:\/\/www.ortungsgerate.de\/wp-content\/uploads\/ortungsgerate.png","width":500,"height":135,"caption":"Ortungsgerate.de"},"image":{"@id":"https:\/\/www.ortungsgerate.de\/#\/schema\/logo\/image\/"}}]}},"_links":{"self":[{"href":"https:\/\/www.ortungsgerate.de\/ru\/wp-json\/wp\/v2\/product\/16690","targetHints":{"allow":["GET"]}}],"collection":[{"href":"https:\/\/www.ortungsgerate.de\/ru\/wp-json\/wp\/v2\/product"}],"about":[{"href":"https:\/\/www.ortungsgerate.de\/ru\/wp-json\/wp\/v2\/types\/product"}],"version-history":[{"count":0,"href":"https:\/\/www.ortungsgerate.de\/ru\/wp-json\/wp\/v2\/product\/16690\/revisions"}],"wp:featuredmedia":[{"embeddable":true,"href":"https:\/\/www.ortungsgerate.de\/ru\/wp-json\/wp\/v2\/media\/1274"}],"wp:attachment":[{"href":"https:\/\/www.ortungsgerate.de\/ru\/wp-json\/wp\/v2\/media?parent=16690"}],"wp:term":[{"taxonomy":"brand","embeddable":true,"href":"https:\/\/www.ortungsgerate.de\/ru\/wp-json\/wp\/v2\/etheme_brands?post=16690"},{"taxonomy":"product_brand","embeddable":true,"href":"https:\/\/www.ortungsgerate.de\/ru\/wp-json\/wp\/v2\/product_brand?post=16690"},{"taxonomy":"product_cat","embeddable":true,"href":"https:\/\/www.ortungsgerate.de\/ru\/wp-json\/wp\/v2\/product_cat?post=16690"},{"taxonomy":"product_tag","embeddable":true,"href":"https:\/\/www.ortungsgerate.de\/ru\/wp-json\/wp\/v2\/product_tag?post=16690"}],"curies":[{"name":"wp","href":"https:\/\/api.w.org\/{rel}","templated":true}]}}