{"id":16691,"date":"2024-02-06T21:38:42","date_gmt":"2024-02-06T19:38:42","guid":{"rendered":"https:\/\/ortungsgerate.de\/be-kategorijos\/laikrodis-kamera-su-metaline-apyranke-32gb\/"},"modified":"2025-11-26T19:01:36","modified_gmt":"2025-11-26T17:01:36","slug":"chasy-kamera-s-metallicheskim-brasletom-32gb","status":"publish","type":"product","link":"https:\/\/www.ortungsgerate.de\/ru\/12-skrytyje-kamery\/17-zamaskirovanyje-kamery\/chasy-kamera-s-metallicheskim-brasletom-32gb\/","title":{"rendered":"\u0427\u0430\u0441\u044b \u043a\u0430\u043c\u0435\u0440\u0430 \u0441 \u043c\u0435\u0442\u0430\u043b\u043b\u0438\u0447\u0435\u0441\u043a\u0438\u043c \u0431\u0440\u0430\u0441\u043b\u0435\u0442\u043e\u043c 32GB"},"content":{"rendered":"<h3><strong>\u0422\u0435\u0445\u043d\u0438\u0447\u0435\u0441\u043a\u0438\u0435 \u043f\u0430\u0440\u0430\u043c\u0435\u0442\u0440\u044b:<\/strong><\/h3>\n<ul>\n<li>Fotografiert: Ja<\/li>\n<li>Metallarmband<\/li>\n<li>Farbe: Silber<\/li>\n<li>Diktierger\u00e4t: Vorhanden<\/li>\n<li>Arbeitszeit ohne Aufladen bis zu 150 Min.<\/li>\n<li>Video wird mit Ton aufgezeichnet, integriertes Mikrofon<\/li>\n<li>Metallgeh\u00e4use<\/li>\n<li>Interner Speicher 32 GB, 30 Bilder pro Sekunde<\/li>\n<li>Bildqualit\u00e4t: JPG 3840x2880px<\/li>\n<li>Sichtwinkel: 90\u00b0<\/li>\n<li>Nachtsicht (schaltet sich automatisch ein)<\/li>\n<li>Anschl\u00fcsse: USB<\/li>\n<li>Laden: \u00fcber USB<\/li>\n<li>Betriebstemperatur: -10 bis +60<\/li>\n<li>Lieferumfang: Uhr mit Kamera, USB-Kabel, Box<\/li>\n<li><strong>\u0413\u0410\u0420\u0410\u041d\u0422\u0418\u042f 12 \u043c\u0435\u0441\u044f\u0446\u0435\u0432<\/strong><\/li>\n<\/ul>\n<p><span style=\"color: #d0121a\"><\/span><\/p>\n<p>Einsatzbereich: F\u00fcr Ihre eigene Sicherheit und die Sicherheit Ihrer Kinder.<\/p>\n<p><strong>Uhr-Kamera mit Metallarmband, 32 GB interner Speicher<\/strong><\/p>\n<p>Die Uhr-Kamera mit Metallarmband ist ein stilvolles und funktionales Accessoire, das nicht nur die \u00fcblichen Funktionen einer Uhr erf\u00fcllt, sondern auch das diskrete Aufzeichnen von Informationen erm\u00f6glicht. Dieses Ger\u00e4t kann t\u00e4glich verwendet werden und ist besonders n\u00fctzlich, wenn bestimmte Beweise oder andere relevante Informationen gesammelt werden sollen.<\/p>\n<p>Die Uhr mit versteckter Kamera kann nicht nur filmen, sondern auch fotografieren. Obwohl das Objektiv dieser Spycam sehr klein ist, sind die Fotos von hoher Qualit\u00e4t: Sie haben eine Aufl\u00f6sung von 3840&#215;2880 px. In die versteckte Kamera ist ein Mikrofon integriert, daher werden die Videoaufnahmen mit Ton aufgezeichnet. Sie k\u00f6nnen sicher sein, dass dieses Ger\u00e4t Ihnen hilft, alle f\u00fcr Sie relevanten Informationen zu sammeln, und die Qualit\u00e4t der Aufnahmen wird einwandfrei sein.<\/p>\n<p>Die Videokamera kann ununterbrochen bis zu 150 Minuten lang aufzeichnen. Die Tasten der Uhr sind sehr einfach zu bedienen, sodass Sie schnell und m\u00fchelos verschiedene Funktionen aktivieren oder deaktivieren k\u00f6nnen.<\/p>\n<p>Der interne Speicher der versteckten Kamera betr\u00e4gt 32 GB. Sollte der Speicher der Kamera knapp werden, werden neue Videoaufnahmen anstelle der \u00e4ltesten gespeichert. \u00dcber den im Lieferumfang enthaltenen USB-Anschluss k\u00f6nnen Sie das Ger\u00e4t aufladen oder die gespeicherten Daten auf einen Computer \u00fcbertragen.<\/p>\n<p>Die Uhr mit versteckter Kamera verf\u00fcgt \u00fcber eine Nachtsichtfunktion. Sie k\u00f6nnen Videoaufnahmen nicht nur bei Tageslicht, sondern auch nachts machen. Sie m\u00fcssen sich keine Sorgen machen, ob gen\u00fcgend Licht f\u00fcr die Aufzeichnung vorhanden ist, da sich die Nachtsichtfunktion automatisch einschaltet.<\/p>\n<p>Die Uhr ist einfach zu bedienen, mit wenigen Tastendr\u00fccken aktivieren Sie die ben\u00f6tigten Funktionen.<\/p>","protected":false},"excerpt":{"rendered":"<p>Technische Parameter: Fotografiert: Ja Metallarmband Farbe: Silber Diktierger\u00e4t: Vorhanden Arbeitszeit ohne Aufladen bis zu 150 Min. Video wird mit Ton aufgezeichnet, integriertes Mikrofon Metallgeh\u00e4use Interner&#8230;<\/p>","protected":false},"featured_media":2063,"template":"","meta":[],"etheme_brands":[],"product_brand":[],"product_cat":[210,204,203],"product_tag":[42,754,731,707,705,728,729,690],"class_list":{"0":"post-16691","1":"product","2":"type-product","3":"status-publish","4":"has-post-thumbnail","6":"product_cat-32-armbanduhren-mit-kamera","7":"product_cat-17-getarnte-kameras","8":"product_cat-12-versteckte-kameras","9":"product_tag-kamera","10":"product_tag-kamera-im-wecker","11":"product_tag-kamera-in-der-uhr","12":"product_tag-kamera-uhr","13":"product_tag-ueberwachungskamera","14":"product_tag-uhr","15":"product_tag-uhr-kamera","16":"product_tag-versteckte-kamera","17":"pa_typ-armbanduhren","19":"first","20":"outofstock","21":"taxable","22":"shipping-taxable","23":"purchasable","24":"product-type-simple"},"yoast_head":"<!-- This site is optimized with the Yoast SEO Premium plugin v25.9 (Yoast SEO v27.4) - https:\/\/yoast.com\/product\/yoast-seo-premium-wordpress\/ -->\n<title>Uhr Kamera mit Metallarmband 32gb Sekimoiranga.lt<\/title>\n<meta name=\"description\" content=\"Uhr Kamera der neuen Generation mit Metallarmband. Ganze 32 GB interner Speicher. Hochwertige Bildqualit\u00e4t. Kostenloser Versand, schnelle Lieferung in Litauen\" \/>\n<meta name=\"robots\" content=\"index, follow, max-snippet:-1, max-image-preview:large, max-video-preview:-1\" \/>\n<link rel=\"canonical\" href=\"https:\/\/www.ortungsgerate.de\/ru\/12-skrytyje-kamery\/32-naruchnije-chasy-s-kameroj\/chasy-kamera-s-metallicheskim-brasletom-32gb\/\" \/>\n<meta property=\"og:locale\" content=\"ru_RU\" \/>\n<meta property=\"og:type\" content=\"article\" \/>\n<meta property=\"og:title\" content=\"Uhr Kamera mit Metallarmband 32GB\" \/>\n<meta property=\"og:description\" content=\"Uhr Kamera der neuen Generation mit Metallarmband. Ganze 32 GB interner Speicher. Hochwertige Bildqualit\u00e4t. Kostenloser Versand, schnelle Lieferung in Litauen\" \/>\n<meta property=\"og:url\" content=\"https:\/\/www.ortungsgerate.de\/ru\/12-skrytyje-kamery\/32-naruchnije-chasy-s-kameroj\/chasy-kamera-s-metallicheskim-brasletom-32gb\/\" \/>\n<meta property=\"og:site_name\" content=\"Ortungsger\u00e4te.de\" \/>\n<meta property=\"article:modified_time\" content=\"2025-11-26T17:01:36+00:00\" \/>\n<meta property=\"og:image\" content=\"https:\/\/www.ortungsgerate.de\/wp-content\/uploads\/laikrodis-kamera-su-metaline-apyranke-32gb-sekimoirangalt.jpg\" \/>\n\t<meta property=\"og:image:width\" content=\"800\" \/>\n\t<meta property=\"og:image:height\" content=\"800\" \/>\n\t<meta property=\"og:image:type\" content=\"image\/jpeg\" \/>\n<meta name=\"twitter:card\" content=\"summary_large_image\" \/>\n<meta name=\"twitter:label1\" content=\"\u041f\u0440\u0438\u043c\u0435\u0440\u043d\u043e\u0435 \u0432\u0440\u0435\u043c\u044f \u0434\u043b\u044f \u0447\u0442\u0435\u043d\u0438\u044f\" \/>\n\t<meta name=\"twitter:data1\" content=\"2 \u043c\u0438\u043d\u0443\u0442\u044b\" \/>\n<script type=\"application\/ld+json\" class=\"yoast-schema-graph\">{\"@context\":\"https:\\\/\\\/schema.org\",\"@graph\":[{\"@type\":\"WebPage\",\"@id\":\"https:\\\/\\\/www.ortungsgerate.de\\\/12-versteckte-kameras\\\/32-armbanduhren-mit-kamera\\\/uhr-kamera-mit-metallarmband-32gb\\\/\",\"url\":\"https:\\\/\\\/www.ortungsgerate.de\\\/12-versteckte-kameras\\\/32-armbanduhren-mit-kamera\\\/uhr-kamera-mit-metallarmband-32gb\\\/\",\"name\":\"Uhr Kamera mit Metallarmband 32gb Sekimoiranga.lt\",\"isPartOf\":{\"@id\":\"https:\\\/\\\/www.ortungsgerate.de\\\/#website\"},\"primaryImageOfPage\":{\"@id\":\"https:\\\/\\\/www.ortungsgerate.de\\\/12-versteckte-kameras\\\/32-armbanduhren-mit-kamera\\\/uhr-kamera-mit-metallarmband-32gb\\\/#primaryimage\"},\"image\":{\"@id\":\"https:\\\/\\\/www.ortungsgerate.de\\\/12-versteckte-kameras\\\/32-armbanduhren-mit-kamera\\\/uhr-kamera-mit-metallarmband-32gb\\\/#primaryimage\"},\"thumbnailUrl\":\"https:\\\/\\\/www.ortungsgerate.de\\\/wp-content\\\/uploads\\\/laikrodis-kamera-su-metaline-apyranke-32gb-sekimoirangalt.jpg\",\"datePublished\":\"2024-02-06T19:38:42+00:00\",\"dateModified\":\"2025-11-26T17:01:36+00:00\",\"description\":\"Uhr Kamera der neuen Generation mit Metallarmband. Ganze 32 GB interner Speicher. Hochwertige Bildqualit\u00e4t. Kostenloser Versand, schnelle Lieferung in Litauen\",\"breadcrumb\":{\"@id\":\"https:\\\/\\\/www.ortungsgerate.de\\\/12-versteckte-kameras\\\/32-armbanduhren-mit-kamera\\\/uhr-kamera-mit-metallarmband-32gb\\\/#breadcrumb\"},\"inLanguage\":\"ru-RU\",\"potentialAction\":[{\"@type\":\"ReadAction\",\"target\":[\"https:\\\/\\\/www.ortungsgerate.de\\\/12-versteckte-kameras\\\/32-armbanduhren-mit-kamera\\\/uhr-kamera-mit-metallarmband-32gb\\\/\"]}]},{\"@type\":\"ImageObject\",\"inLanguage\":\"ru-RU\",\"@id\":\"https:\\\/\\\/www.ortungsgerate.de\\\/12-versteckte-kameras\\\/32-armbanduhren-mit-kamera\\\/uhr-kamera-mit-metallarmband-32gb\\\/#primaryimage\",\"url\":\"https:\\\/\\\/www.ortungsgerate.de\\\/wp-content\\\/uploads\\\/laikrodis-kamera-su-metaline-apyranke-32gb-sekimoirangalt.jpg\",\"contentUrl\":\"https:\\\/\\\/www.ortungsgerate.de\\\/wp-content\\\/uploads\\\/laikrodis-kamera-su-metaline-apyranke-32gb-sekimoirangalt.jpg\",\"width\":800,\"height\":800,\"caption\":\"Versteckte Kamera Uhr\"},{\"@type\":\"BreadcrumbList\",\"@id\":\"https:\\\/\\\/www.ortungsgerate.de\\\/12-versteckte-kameras\\\/32-armbanduhren-mit-kamera\\\/uhr-kamera-mit-metallarmband-32gb\\\/#breadcrumb\",\"itemListElement\":[{\"@type\":\"ListItem\",\"position\":1,\"name\":\"Startseite\",\"item\":\"https:\\\/\\\/www.ortungsgerate.de\\\/\"},{\"@type\":\"ListItem\",\"position\":2,\"name\":\"Shop\",\"item\":\"https:\\\/\\\/www.ortungsgerate.de\\\/shop\\\/\"},{\"@type\":\"ListItem\",\"position\":3,\"name\":\"Uhr Kamera mit Metallarmband 32GB\"}]},{\"@type\":\"WebSite\",\"@id\":\"https:\\\/\\\/www.ortungsgerate.de\\\/#website\",\"url\":\"https:\\\/\\\/www.ortungsgerate.de\\\/\",\"name\":\"Ortungsgerate.de\",\"description\":\"\",\"publisher\":{\"@id\":\"https:\\\/\\\/www.ortungsgerate.de\\\/#organization\"},\"potentialAction\":[{\"@type\":\"SearchAction\",\"target\":{\"@type\":\"EntryPoint\",\"urlTemplate\":\"https:\\\/\\\/www.ortungsgerate.de\\\/?s={search_term_string}\"},\"query-input\":{\"@type\":\"PropertyValueSpecification\",\"valueRequired\":true,\"valueName\":\"search_term_string\"}}],\"inLanguage\":\"ru-RU\"},{\"@type\":\"Organization\",\"@id\":\"https:\\\/\\\/www.ortungsgerate.de\\\/#organization\",\"name\":\"Ortungsgerate.de\",\"url\":\"https:\\\/\\\/www.ortungsgerate.de\\\/\",\"logo\":{\"@type\":\"ImageObject\",\"inLanguage\":\"ru-RU\",\"@id\":\"https:\\\/\\\/www.ortungsgerate.de\\\/#\\\/schema\\\/logo\\\/image\\\/\",\"url\":\"https:\\\/\\\/www.ortungsgerate.de\\\/wp-content\\\/uploads\\\/ortungsgerate.png\",\"contentUrl\":\"https:\\\/\\\/www.ortungsgerate.de\\\/wp-content\\\/uploads\\\/ortungsgerate.png\",\"width\":500,\"height\":135,\"caption\":\"Ortungsgerate.de\"},\"image\":{\"@id\":\"https:\\\/\\\/www.ortungsgerate.de\\\/#\\\/schema\\\/logo\\\/image\\\/\"}}]}<\/script>\n<!-- \/ Yoast SEO Premium plugin. -->","yoast_head_json":{"title":"Uhr Kamera mit Metallarmband 32gb Sekimoiranga.lt","description":"Uhr Kamera der neuen Generation mit Metallarmband. Ganze 32 GB interner Speicher. Hochwertige Bildqualit\u00e4t. Kostenloser Versand, schnelle Lieferung in Litauen","robots":{"index":"index","follow":"follow","max-snippet":"max-snippet:-1","max-image-preview":"max-image-preview:large","max-video-preview":"max-video-preview:-1"},"canonical":"https:\/\/www.ortungsgerate.de\/ru\/12-skrytyje-kamery\/32-naruchnije-chasy-s-kameroj\/chasy-kamera-s-metallicheskim-brasletom-32gb\/","og_locale":"ru_RU","og_type":"article","og_title":"Uhr Kamera mit Metallarmband 32GB","og_description":"Uhr Kamera der neuen Generation mit Metallarmband. Ganze 32 GB interner Speicher. Hochwertige Bildqualit\u00e4t. Kostenloser Versand, schnelle Lieferung in Litauen","og_url":"https:\/\/www.ortungsgerate.de\/ru\/12-skrytyje-kamery\/32-naruchnije-chasy-s-kameroj\/chasy-kamera-s-metallicheskim-brasletom-32gb\/","og_site_name":"Ortungsger\u00e4te.de","article_modified_time":"2025-11-26T17:01:36+00:00","og_image":[{"width":800,"height":800,"url":"https:\/\/www.ortungsgerate.de\/wp-content\/uploads\/laikrodis-kamera-su-metaline-apyranke-32gb-sekimoirangalt.jpg","type":"image\/jpeg"}],"twitter_card":"summary_large_image","twitter_misc":{"\u041f\u0440\u0438\u043c\u0435\u0440\u043d\u043e\u0435 \u0432\u0440\u0435\u043c\u044f \u0434\u043b\u044f \u0447\u0442\u0435\u043d\u0438\u044f":"2 \u043c\u0438\u043d\u0443\u0442\u044b"},"schema":{"@context":"https:\/\/schema.org","@graph":[{"@type":"WebPage","@id":"https:\/\/www.ortungsgerate.de\/12-versteckte-kameras\/32-armbanduhren-mit-kamera\/uhr-kamera-mit-metallarmband-32gb\/","url":"https:\/\/www.ortungsgerate.de\/12-versteckte-kameras\/32-armbanduhren-mit-kamera\/uhr-kamera-mit-metallarmband-32gb\/","name":"Uhr Kamera mit Metallarmband 32gb Sekimoiranga.lt","isPartOf":{"@id":"https:\/\/www.ortungsgerate.de\/#website"},"primaryImageOfPage":{"@id":"https:\/\/www.ortungsgerate.de\/12-versteckte-kameras\/32-armbanduhren-mit-kamera\/uhr-kamera-mit-metallarmband-32gb\/#primaryimage"},"image":{"@id":"https:\/\/www.ortungsgerate.de\/12-versteckte-kameras\/32-armbanduhren-mit-kamera\/uhr-kamera-mit-metallarmband-32gb\/#primaryimage"},"thumbnailUrl":"https:\/\/www.ortungsgerate.de\/wp-content\/uploads\/laikrodis-kamera-su-metaline-apyranke-32gb-sekimoirangalt.jpg","datePublished":"2024-02-06T19:38:42+00:00","dateModified":"2025-11-26T17:01:36+00:00","description":"Uhr Kamera der neuen Generation mit Metallarmband. Ganze 32 GB interner Speicher. Hochwertige Bildqualit\u00e4t. Kostenloser Versand, schnelle Lieferung in Litauen","breadcrumb":{"@id":"https:\/\/www.ortungsgerate.de\/12-versteckte-kameras\/32-armbanduhren-mit-kamera\/uhr-kamera-mit-metallarmband-32gb\/#breadcrumb"},"inLanguage":"ru-RU","potentialAction":[{"@type":"ReadAction","target":["https:\/\/www.ortungsgerate.de\/12-versteckte-kameras\/32-armbanduhren-mit-kamera\/uhr-kamera-mit-metallarmband-32gb\/"]}]},{"@type":"ImageObject","inLanguage":"ru-RU","@id":"https:\/\/www.ortungsgerate.de\/12-versteckte-kameras\/32-armbanduhren-mit-kamera\/uhr-kamera-mit-metallarmband-32gb\/#primaryimage","url":"https:\/\/www.ortungsgerate.de\/wp-content\/uploads\/laikrodis-kamera-su-metaline-apyranke-32gb-sekimoirangalt.jpg","contentUrl":"https:\/\/www.ortungsgerate.de\/wp-content\/uploads\/laikrodis-kamera-su-metaline-apyranke-32gb-sekimoirangalt.jpg","width":800,"height":800,"caption":"Versteckte Kamera Uhr"},{"@type":"BreadcrumbList","@id":"https:\/\/www.ortungsgerate.de\/12-versteckte-kameras\/32-armbanduhren-mit-kamera\/uhr-kamera-mit-metallarmband-32gb\/#breadcrumb","itemListElement":[{"@type":"ListItem","position":1,"name":"Startseite","item":"https:\/\/www.ortungsgerate.de\/"},{"@type":"ListItem","position":2,"name":"Shop","item":"https:\/\/www.ortungsgerate.de\/shop\/"},{"@type":"ListItem","position":3,"name":"Uhr Kamera mit Metallarmband 32GB"}]},{"@type":"WebSite","@id":"https:\/\/www.ortungsgerate.de\/#website","url":"https:\/\/www.ortungsgerate.de\/","name":"Ortungsgerate.de","description":"","publisher":{"@id":"https:\/\/www.ortungsgerate.de\/#organization"},"potentialAction":[{"@type":"SearchAction","target":{"@type":"EntryPoint","urlTemplate":"https:\/\/www.ortungsgerate.de\/?s={search_term_string}"},"query-input":{"@type":"PropertyValueSpecification","valueRequired":true,"valueName":"search_term_string"}}],"inLanguage":"ru-RU"},{"@type":"Organization","@id":"https:\/\/www.ortungsgerate.de\/#organization","name":"Ortungsgerate.de","url":"https:\/\/www.ortungsgerate.de\/","logo":{"@type":"ImageObject","inLanguage":"ru-RU","@id":"https:\/\/www.ortungsgerate.de\/#\/schema\/logo\/image\/","url":"https:\/\/www.ortungsgerate.de\/wp-content\/uploads\/ortungsgerate.png","contentUrl":"https:\/\/www.ortungsgerate.de\/wp-content\/uploads\/ortungsgerate.png","width":500,"height":135,"caption":"Ortungsgerate.de"},"image":{"@id":"https:\/\/www.ortungsgerate.de\/#\/schema\/logo\/image\/"}}]}},"_links":{"self":[{"href":"https:\/\/www.ortungsgerate.de\/ru\/wp-json\/wp\/v2\/product\/16691","targetHints":{"allow":["GET"]}}],"collection":[{"href":"https:\/\/www.ortungsgerate.de\/ru\/wp-json\/wp\/v2\/product"}],"about":[{"href":"https:\/\/www.ortungsgerate.de\/ru\/wp-json\/wp\/v2\/types\/product"}],"version-history":[{"count":0,"href":"https:\/\/www.ortungsgerate.de\/ru\/wp-json\/wp\/v2\/product\/16691\/revisions"}],"wp:featuredmedia":[{"embeddable":true,"href":"https:\/\/www.ortungsgerate.de\/ru\/wp-json\/wp\/v2\/media\/2063"}],"wp:attachment":[{"href":"https:\/\/www.ortungsgerate.de\/ru\/wp-json\/wp\/v2\/media?parent=16691"}],"wp:term":[{"taxonomy":"brand","embeddable":true,"href":"https:\/\/www.ortungsgerate.de\/ru\/wp-json\/wp\/v2\/etheme_brands?post=16691"},{"taxonomy":"product_brand","embeddable":true,"href":"https:\/\/www.ortungsgerate.de\/ru\/wp-json\/wp\/v2\/product_brand?post=16691"},{"taxonomy":"product_cat","embeddable":true,"href":"https:\/\/www.ortungsgerate.de\/ru\/wp-json\/wp\/v2\/product_cat?post=16691"},{"taxonomy":"product_tag","embeddable":true,"href":"https:\/\/www.ortungsgerate.de\/ru\/wp-json\/wp\/v2\/product_tag?post=16691"}],"curies":[{"name":"wp","href":"https:\/\/api.w.org\/{rel}","templated":true}]}}