{"id":16692,"date":"2024-02-06T21:36:37","date_gmt":"2024-02-06T19:36:37","guid":{"rendered":"https:\/\/ortungsgerate.de\/be-kategorijos\/slapta-kamera-garso-kolonele-naktinis-matymas-wi-fi-judesio-aptikimas\/"},"modified":"2025-12-01T11:26:01","modified_gmt":"2025-12-01T10:26:01","slug":"skrytaya-kamera-dinamik-nochnoe-videnie-wlan-obnaruzhenie-dvizheniya","status":"publish","type":"product","link":"https:\/\/www.ortungsgerate.de\/ru\/12-skrytyje-kamery\/17-zamaskirovanyje-kamery\/skrytaya-kamera-dinamik-nochnoe-videnie-wlan-obnaruzhenie-dvizheniya\/","title":{"rendered":"\u0421\u043a\u0440\u044b\u0442\u0430\u044f \u043a\u0430\u043c\u0435\u0440\u0430 \u0434\u0438\u043d\u0430\u043c\u0438\u043a | \u041d\u043e\u0447\u043d\u043e\u0435 \u0432\u0438\u0434\u0435\u043d\u0438\u0435 | WLAN | \u041e\u0431\u043d\u0430\u0440\u0443\u0436\u0435\u043d\u0438\u0435 \u0434\u0432\u0438\u0436\u0435\u043d\u0438\u044f |"},"content":{"rendered":"<h3><strong>\u0422\u0435\u0445\u043d\u0438\u0447\u0435\u0441\u043a\u0438\u0435 \u043f\u0430\u0440\u0430\u043c\u0435\u0442\u0440\u044b:<\/strong><\/h3>\n<ul>\n<li>Fernansicht des Videos: JA<\/li>\n<li>\u0418\u0437\u043e\u0431\u0440\u0430\u0436\u0435\u043d\u0438\u0435 \u0437\u0430\u043f\u0438\u0441\u044b\u0432\u0430\u0435\u0442\u0441\u044f \u0441\u043e \u0437\u0432\u0443\u043a\u043e\u043c<\/li>\n<li>Objektiv: 2px CMOS<\/li>\n<li>Musik: Verbindung \u00fcber BLUETOOTH<\/li>\n<li>Videoqualit\u00e4t: Ansicht: HD 1920*1080<\/li>\n<li>Fotoaufl\u00f6sung: 4032*3024<\/li>\n<li>Objektiv: 90 Grad Blickwinkel, dreht sich 330 Grad (Drehung aus der Ferne \u00fcber App)<\/li>\n<li>Videoaufnahme: 1 Std. 360 MB<\/li>\n<li>\u0427\u0430\u0441\u0442\u043e\u0442\u0430 \u043a\u0430\u0434\u0440\u043e\u0432: 25FPS<\/li>\n<li>\u0423\u0432\u0435\u0434\u043e\u043c\u043b\u0435\u043d\u0438\u044f \u043f\u0440\u0438 \u043e\u0431\u043d\u0430\u0440\u0443\u0436\u0435\u043d\u0438\u0438 \u0434\u0432\u0438\u0436\u0435\u043d\u0438\u044f (Push-\u0443\u0432\u0435\u0434\u043e\u043c\u043b\u0435\u043d\u0438\u0435)<\/li>\n<li>Kartensupport: von 4GB bis 128 GB (Speicherkarte nicht im Set enthalten)<\/li>\n<li>Video\u00fcberwachung: Per Telefon oder Computer (live \u00fcber das Internet)<\/li>\n<li>Betriebszeit \u00fcber Akku: ca. 10 Stunden \u2013 \u00fcber Stromversorgung 24\/7<\/li>\n<li>Akkukapazit\u00e4t: 5000 mAh<\/li>\n<li>Adapter 220V (f\u00fcr den dauerhaften Anschluss an das Stromnetz)<\/li>\n<li>\u041e\u0431\u043d\u0430\u0440\u0443\u0436\u0435\u043d\u0438\u0435 \u0434\u0432\u0438\u0436\u0435\u043d\u0438\u044f: \u0414\u0410, \u0446\u0438\u0444\u0440\u043e\u0432\u043e\u0435<\/li>\n<li>\u0424\u043e\u0440\u043c\u0430\u0442 \u0441\u0436\u0430\u0442\u0438\u044f: AVI H.264<\/li>\n<li>\u0412\u0438\u0434\u0435\u043e \u0444\u043e\u0440\u043c\u0430\u0442: Avi<\/li>\n<li>Systeme: \u201eiOS\u201d, \u201eAndroid\u201d, \u201eWindows\u201d, \u201eWindows 7 \/ 8 \/ 10\u201d<\/li>\n<li>App: \u201eCAM VIP\u201c<\/li>\n<li>Stromversorgung: interner oder externer Akku; 5V-Stromanschluss<\/li>\n<li>Wi-Fi: \u0414\u0430<\/li>\n<li><strong>\u0413\u0410\u0420\u0410\u041d\u0422\u0418\u042f 12 \u043c\u0435\u0441\u044f\u0446\u0435\u0432<\/strong><\/li>\n<\/ul>\n<p><strong>Verwendung:<\/strong> F\u00fcr Ihre eigene Sicherheit und die Ihrer Kinder.<\/p>\n<p>Die Einsatzm\u00f6glichkeiten von versteckten Kameras sind im Zusammenhang mit der \u00dcberwachung minderj\u00e4hriger Kinder wirklich vielf\u00e4ltig, daher ist es nicht verwunderlich, dass solche Produkte immer h\u00e4ufiger gew\u00e4hlt werden. Eine verdeckte Videoaufzeichnung kann dann erforderlich sein, wenn Sie herausfinden m\u00f6chten, ob Ihre Kinder zu Hause sicher sind und keine unerlaubten Aktivit\u00e4ten stattfinden. Wenn Sie also Zweifel ausr\u00e4umen m\u00f6chten, kann der Kauf einer versteckten Kamera eine sehr vorteilhafte Wahl sein. Die versteckte Kamera\u2013Lautsprecherbox ist ein Ger\u00e4t, das keinerlei Verdacht erregt, sodass Sie sicher sein k\u00f6nnen, dass sich die in Ihrem Haus arbeitenden Personen so verhalten, wie sie es gewohnt sind, und es daher nicht besonders schwierig sein wird, das gew\u00fcnschte Material zu sammeln.<\/p>\n<p><strong>\u041a\u0430\u0447\u0435\u0441\u0442\u0432\u043e \u0438\u0437\u043e\u0431\u0440\u0430\u0436\u0435\u043d\u0438\u044f<\/strong><\/p>\n<p>Die versteckte Kamera\u2013Lautsprecherbox nimmt Bilder in HD 1920\u00d71080 px Aufl\u00f6sung auf, sodass Sie sicher sein k\u00f6nnen, dass die Videoaufnahmen ausreichend hochwertig sind und darauf Gesichter und andere Details der gefilmten Personen erkennbar sind. Dieses Ger\u00e4t verf\u00fcgt nicht nur \u00fcber eine Video-, sondern auch \u00fcber eine Fotofunktion \u2013 die Fotoaufl\u00f6sung betr\u00e4gt sogar 4032\u00d73024 px. Der Blickwinkel der Kamera betr\u00e4gt 90 Grad, sie kann jedoch aus der Ferne um 330 Grad gedreht werden (das k\u00f6nnen Sie \u00fcber die App durchf\u00fchren).<\/p>\n<p><strong>Betriebszeit und Kameraspeicher<\/strong><\/p>\n<p>Die Akkukapazit\u00e4t der versteckten Kamera\u2013Lautsprecherbox betr\u00e4gt sogar 3000 mAh, sodass Sie sicher sein k\u00f6nnen, dass die Standby-Zeit des Akkus ausreichend lang ist (in der Regel h\u00e4lt der Akku etwa 10 Stunden). Es besteht au\u00dferdem die M\u00f6glichkeit, die Stromversorgung des Ger\u00e4ts \u00fcber eine Steckdose zu w\u00e4hlen \u2013 in diesem Fall ist der verbleibende Akkustand nicht relevant. Die Kamera verwendet 4\u2013128 GB Speicher karten (nicht im Lieferumfang enthalten), sodass Sie den f\u00fcr Ihre Bed\u00fcrfnisse am besten geeigneten Datentr\u00e4ger w\u00e4hlen k\u00f6nnen (ber\u00fccksichtigen Sie, dass eine einst\u00fcndige Videoaufnahme auf der Speicherkarte etwa 360 MB einnimmt). Vorteilhaft ist, dass die versteckte Kamera \u00fcber eine Bewegungserkennungsfunktion verf\u00fcgt, wodurch Aufnahmen vermieden werden, auf denen nichts passiert.<\/p>\n<p><strong>\u00dcberwachung der Videoaufnahmen<\/strong><\/p>\n<p>Die aufgezeichneten Videoaufnahmen k\u00f6nnen Sie ansehen, indem Sie sie auf einen Computer \u00fcbertragen, oder Sie k\u00f6nnen sie in Echtzeit online verfolgen. Wenn Sie sich entscheiden, die Videos live zu beobachten, k\u00f6nnen Sie dies \u00fcber einen Computer oder ein Smartphone tun (die versteckte Kamera ist kompatibel mit den Systemen \u201eiOS\u201d, \u201eAndroid\u201d, \u201eWindows\u201d und \u201eWindows 7 \/ 8 \/ 10\u201d).<\/p>","protected":false},"excerpt":{"rendered":"<p>Technische Parameter: Fernansicht des Videos: JA Bild wird mit Ton aufgezeichnet Objektiv: 2px CMOS Musik: Verbindung \u00fcber BLUETOOTH Videoqualit\u00e4t: Ansicht: HD 1920*1080 Fotoaufl\u00f6sung: 4032*3024 Objektiv:&#8230;<\/p>","protected":false},"featured_media":26411,"template":"","meta":[],"etheme_brands":[],"product_brand":[],"product_cat":[204,203,205],"product_tag":[42,707,735,705,690,693],"class_list":{"0":"post-16692","1":"product","2":"type-product","3":"status-publish","4":"has-post-thumbnail","6":"product_cat-17-getarnte-kameras","7":"product_cat-12-versteckte-kameras","8":"product_cat-27-wlan-minikameras","9":"product_tag-kamera","10":"product_tag-kamera-uhr","11":"product_tag-lautsprecher-kamera","12":"product_tag-ueberwachungskamera","13":"product_tag-versteckte-kamera","14":"product_tag-wlan-kamera","15":"pa_typ-lautsprecher","17":"first","18":"outofstock","19":"taxable","20":"shipping-taxable","21":"purchasable","22":"product-type-simple"},"yoast_head":"<!-- This site is optimized with the Yoast SEO Premium plugin v25.9 (Yoast SEO v27.4) - https:\/\/yoast.com\/product\/yoast-seo-premium-wordpress\/ -->\n<title>Versteckte Kamera in Lautsprecher mit Nachtsicht<\/title>\n<meta name=\"description\" content=\"Versteckte Kamera getarnt als Bluetooth Lautsprecher. Die Kamera kann aus der Ferne um 330 Grad geschwenkt werden. M\u00f6glichkeit zur Live-\u00dcberwachung \u00fcber das Internet per Wi\u2011Fi\" \/>\n<meta name=\"robots\" content=\"index, follow, max-snippet:-1, max-image-preview:large, max-video-preview:-1\" \/>\n<link rel=\"canonical\" href=\"https:\/\/www.ortungsgerate.de\/ru\/12-skrytyje-kamery\/27-wlan-mini-kamery\/skrytaya-kamera-dinamik-nochnoe-videnie-wlan-obnaruzhenie-dvizheniya\/\" \/>\n<meta property=\"og:locale\" content=\"ru_RU\" \/>\n<meta property=\"og:type\" content=\"article\" \/>\n<meta property=\"og:title\" content=\"Versteckte Kamera Lautsprecher | Nachtsicht | WLAN | Bewegungserkennung |\" \/>\n<meta property=\"og:description\" content=\"Versteckte Kamera getarnt als Bluetooth Lautsprecher. Die Kamera kann aus der Ferne um 330 Grad geschwenkt werden. M\u00f6glichkeit zur Live-\u00dcberwachung \u00fcber das Internet per Wi\u2011Fi\" \/>\n<meta property=\"og:url\" content=\"https:\/\/www.ortungsgerate.de\/ru\/12-skrytyje-kamery\/27-wlan-mini-kamery\/skrytaya-kamera-dinamik-nochnoe-videnie-wlan-obnaruzhenie-dvizheniya\/\" \/>\n<meta property=\"og:site_name\" content=\"Ortungsger\u00e4te.de\" \/>\n<meta property=\"article:modified_time\" content=\"2025-12-01T10:26:01+00:00\" \/>\n<meta property=\"og:image\" content=\"https:\/\/www.ortungsgerate.de\/wp-content\/uploads\/slapta-kamera-garso-kolonele-naktinis-matymas-wi-fi-judesio-aptikimas-8.jpg\" \/>\n\t<meta property=\"og:image:width\" content=\"458\" \/>\n\t<meta property=\"og:image:height\" content=\"458\" \/>\n\t<meta property=\"og:image:type\" content=\"image\/jpeg\" \/>\n<meta name=\"twitter:card\" content=\"summary_large_image\" \/>\n<meta name=\"twitter:label1\" content=\"\u041f\u0440\u0438\u043c\u0435\u0440\u043d\u043e\u0435 \u0432\u0440\u0435\u043c\u044f \u0434\u043b\u044f \u0447\u0442\u0435\u043d\u0438\u044f\" \/>\n\t<meta name=\"twitter:data1\" content=\"3 \u043c\u0438\u043d\u0443\u0442\u044b\" \/>\n<script type=\"application\/ld+json\" class=\"yoast-schema-graph\">{\"@context\":\"https:\\\/\\\/schema.org\",\"@graph\":[{\"@type\":\"WebPage\",\"@id\":\"https:\\\/\\\/www.ortungsgerate.de\\\/12-versteckte-kameras\\\/27-wlan-minikameras\\\/versteckte-kamera-lautsprecher-nachtsicht-wlan-bewegungserkennung\\\/\",\"url\":\"https:\\\/\\\/www.ortungsgerate.de\\\/12-versteckte-kameras\\\/27-wlan-minikameras\\\/versteckte-kamera-lautsprecher-nachtsicht-wlan-bewegungserkennung\\\/\",\"name\":\"Versteckte Kamera in Lautsprecher mit Nachtsicht\",\"isPartOf\":{\"@id\":\"https:\\\/\\\/www.ortungsgerate.de\\\/#website\"},\"primaryImageOfPage\":{\"@id\":\"https:\\\/\\\/www.ortungsgerate.de\\\/12-versteckte-kameras\\\/27-wlan-minikameras\\\/versteckte-kamera-lautsprecher-nachtsicht-wlan-bewegungserkennung\\\/#primaryimage\"},\"image\":{\"@id\":\"https:\\\/\\\/www.ortungsgerate.de\\\/12-versteckte-kameras\\\/27-wlan-minikameras\\\/versteckte-kamera-lautsprecher-nachtsicht-wlan-bewegungserkennung\\\/#primaryimage\"},\"thumbnailUrl\":\"https:\\\/\\\/www.ortungsgerate.de\\\/wp-content\\\/uploads\\\/slapta-kamera-garso-kolonele-naktinis-matymas-wi-fi-judesio-aptikimas-8.jpg\",\"datePublished\":\"2024-02-06T19:36:37+00:00\",\"dateModified\":\"2025-12-01T10:26:01+00:00\",\"description\":\"Versteckte Kamera getarnt als Bluetooth Lautsprecher. Die Kamera kann aus der Ferne um 330 Grad geschwenkt werden. M\u00f6glichkeit zur Live-\u00dcberwachung \u00fcber das Internet per Wi\u2011Fi\",\"breadcrumb\":{\"@id\":\"https:\\\/\\\/www.ortungsgerate.de\\\/12-versteckte-kameras\\\/27-wlan-minikameras\\\/versteckte-kamera-lautsprecher-nachtsicht-wlan-bewegungserkennung\\\/#breadcrumb\"},\"inLanguage\":\"ru-RU\",\"potentialAction\":[{\"@type\":\"ReadAction\",\"target\":[\"https:\\\/\\\/www.ortungsgerate.de\\\/12-versteckte-kameras\\\/27-wlan-minikameras\\\/versteckte-kamera-lautsprecher-nachtsicht-wlan-bewegungserkennung\\\/\"]}]},{\"@type\":\"ImageObject\",\"inLanguage\":\"ru-RU\",\"@id\":\"https:\\\/\\\/www.ortungsgerate.de\\\/12-versteckte-kameras\\\/27-wlan-minikameras\\\/versteckte-kamera-lautsprecher-nachtsicht-wlan-bewegungserkennung\\\/#primaryimage\",\"url\":\"https:\\\/\\\/www.ortungsgerate.de\\\/wp-content\\\/uploads\\\/slapta-kamera-garso-kolonele-naktinis-matymas-wi-fi-judesio-aptikimas-8.jpg\",\"contentUrl\":\"https:\\\/\\\/www.ortungsgerate.de\\\/wp-content\\\/uploads\\\/slapta-kamera-garso-kolonele-naktinis-matymas-wi-fi-judesio-aptikimas-8.jpg\",\"width\":458,\"height\":458,\"caption\":\"versteckte-kamera-lautsprecher-nachtsicht-wi-fi-bewegungserkennung\"},{\"@type\":\"BreadcrumbList\",\"@id\":\"https:\\\/\\\/www.ortungsgerate.de\\\/12-versteckte-kameras\\\/27-wlan-minikameras\\\/versteckte-kamera-lautsprecher-nachtsicht-wlan-bewegungserkennung\\\/#breadcrumb\",\"itemListElement\":[{\"@type\":\"ListItem\",\"position\":1,\"name\":\"Startseite\",\"item\":\"https:\\\/\\\/www.ortungsgerate.de\\\/\"},{\"@type\":\"ListItem\",\"position\":2,\"name\":\"Shop\",\"item\":\"https:\\\/\\\/www.ortungsgerate.de\\\/shop\\\/\"},{\"@type\":\"ListItem\",\"position\":3,\"name\":\"Versteckte Kamera Lautsprecher | Nachtsicht | WLAN | Bewegungserkennung |\"}]},{\"@type\":\"WebSite\",\"@id\":\"https:\\\/\\\/www.ortungsgerate.de\\\/#website\",\"url\":\"https:\\\/\\\/www.ortungsgerate.de\\\/\",\"name\":\"Ortungsgerate.de\",\"description\":\"\",\"publisher\":{\"@id\":\"https:\\\/\\\/www.ortungsgerate.de\\\/#organization\"},\"potentialAction\":[{\"@type\":\"SearchAction\",\"target\":{\"@type\":\"EntryPoint\",\"urlTemplate\":\"https:\\\/\\\/www.ortungsgerate.de\\\/?s={search_term_string}\"},\"query-input\":{\"@type\":\"PropertyValueSpecification\",\"valueRequired\":true,\"valueName\":\"search_term_string\"}}],\"inLanguage\":\"ru-RU\"},{\"@type\":\"Organization\",\"@id\":\"https:\\\/\\\/www.ortungsgerate.de\\\/#organization\",\"name\":\"Ortungsgerate.de\",\"url\":\"https:\\\/\\\/www.ortungsgerate.de\\\/\",\"logo\":{\"@type\":\"ImageObject\",\"inLanguage\":\"ru-RU\",\"@id\":\"https:\\\/\\\/www.ortungsgerate.de\\\/#\\\/schema\\\/logo\\\/image\\\/\",\"url\":\"https:\\\/\\\/www.ortungsgerate.de\\\/wp-content\\\/uploads\\\/ortungsgerate.png\",\"contentUrl\":\"https:\\\/\\\/www.ortungsgerate.de\\\/wp-content\\\/uploads\\\/ortungsgerate.png\",\"width\":500,\"height\":135,\"caption\":\"Ortungsgerate.de\"},\"image\":{\"@id\":\"https:\\\/\\\/www.ortungsgerate.de\\\/#\\\/schema\\\/logo\\\/image\\\/\"}}]}<\/script>\n<!-- \/ Yoast SEO Premium plugin. -->","yoast_head_json":{"title":"Versteckte Kamera in Lautsprecher mit Nachtsicht","description":"Versteckte Kamera getarnt als Bluetooth Lautsprecher. Die Kamera kann aus der Ferne um 330 Grad geschwenkt werden. M\u00f6glichkeit zur Live-\u00dcberwachung \u00fcber das Internet per Wi\u2011Fi","robots":{"index":"index","follow":"follow","max-snippet":"max-snippet:-1","max-image-preview":"max-image-preview:large","max-video-preview":"max-video-preview:-1"},"canonical":"https:\/\/www.ortungsgerate.de\/ru\/12-skrytyje-kamery\/27-wlan-mini-kamery\/skrytaya-kamera-dinamik-nochnoe-videnie-wlan-obnaruzhenie-dvizheniya\/","og_locale":"ru_RU","og_type":"article","og_title":"Versteckte Kamera Lautsprecher | Nachtsicht | WLAN | Bewegungserkennung |","og_description":"Versteckte Kamera getarnt als Bluetooth Lautsprecher. Die Kamera kann aus der Ferne um 330 Grad geschwenkt werden. M\u00f6glichkeit zur Live-\u00dcberwachung \u00fcber das Internet per Wi\u2011Fi","og_url":"https:\/\/www.ortungsgerate.de\/ru\/12-skrytyje-kamery\/27-wlan-mini-kamery\/skrytaya-kamera-dinamik-nochnoe-videnie-wlan-obnaruzhenie-dvizheniya\/","og_site_name":"Ortungsger\u00e4te.de","article_modified_time":"2025-12-01T10:26:01+00:00","og_image":[{"width":458,"height":458,"url":"https:\/\/www.ortungsgerate.de\/wp-content\/uploads\/slapta-kamera-garso-kolonele-naktinis-matymas-wi-fi-judesio-aptikimas-8.jpg","type":"image\/jpeg"}],"twitter_card":"summary_large_image","twitter_misc":{"\u041f\u0440\u0438\u043c\u0435\u0440\u043d\u043e\u0435 \u0432\u0440\u0435\u043c\u044f \u0434\u043b\u044f \u0447\u0442\u0435\u043d\u0438\u044f":"3 \u043c\u0438\u043d\u0443\u0442\u044b"},"schema":{"@context":"https:\/\/schema.org","@graph":[{"@type":"WebPage","@id":"https:\/\/www.ortungsgerate.de\/12-versteckte-kameras\/27-wlan-minikameras\/versteckte-kamera-lautsprecher-nachtsicht-wlan-bewegungserkennung\/","url":"https:\/\/www.ortungsgerate.de\/12-versteckte-kameras\/27-wlan-minikameras\/versteckte-kamera-lautsprecher-nachtsicht-wlan-bewegungserkennung\/","name":"Versteckte Kamera in Lautsprecher mit Nachtsicht","isPartOf":{"@id":"https:\/\/www.ortungsgerate.de\/#website"},"primaryImageOfPage":{"@id":"https:\/\/www.ortungsgerate.de\/12-versteckte-kameras\/27-wlan-minikameras\/versteckte-kamera-lautsprecher-nachtsicht-wlan-bewegungserkennung\/#primaryimage"},"image":{"@id":"https:\/\/www.ortungsgerate.de\/12-versteckte-kameras\/27-wlan-minikameras\/versteckte-kamera-lautsprecher-nachtsicht-wlan-bewegungserkennung\/#primaryimage"},"thumbnailUrl":"https:\/\/www.ortungsgerate.de\/wp-content\/uploads\/slapta-kamera-garso-kolonele-naktinis-matymas-wi-fi-judesio-aptikimas-8.jpg","datePublished":"2024-02-06T19:36:37+00:00","dateModified":"2025-12-01T10:26:01+00:00","description":"Versteckte Kamera getarnt als Bluetooth Lautsprecher. Die Kamera kann aus der Ferne um 330 Grad geschwenkt werden. M\u00f6glichkeit zur Live-\u00dcberwachung \u00fcber das Internet per Wi\u2011Fi","breadcrumb":{"@id":"https:\/\/www.ortungsgerate.de\/12-versteckte-kameras\/27-wlan-minikameras\/versteckte-kamera-lautsprecher-nachtsicht-wlan-bewegungserkennung\/#breadcrumb"},"inLanguage":"ru-RU","potentialAction":[{"@type":"ReadAction","target":["https:\/\/www.ortungsgerate.de\/12-versteckte-kameras\/27-wlan-minikameras\/versteckte-kamera-lautsprecher-nachtsicht-wlan-bewegungserkennung\/"]}]},{"@type":"ImageObject","inLanguage":"ru-RU","@id":"https:\/\/www.ortungsgerate.de\/12-versteckte-kameras\/27-wlan-minikameras\/versteckte-kamera-lautsprecher-nachtsicht-wlan-bewegungserkennung\/#primaryimage","url":"https:\/\/www.ortungsgerate.de\/wp-content\/uploads\/slapta-kamera-garso-kolonele-naktinis-matymas-wi-fi-judesio-aptikimas-8.jpg","contentUrl":"https:\/\/www.ortungsgerate.de\/wp-content\/uploads\/slapta-kamera-garso-kolonele-naktinis-matymas-wi-fi-judesio-aptikimas-8.jpg","width":458,"height":458,"caption":"versteckte-kamera-lautsprecher-nachtsicht-wi-fi-bewegungserkennung"},{"@type":"BreadcrumbList","@id":"https:\/\/www.ortungsgerate.de\/12-versteckte-kameras\/27-wlan-minikameras\/versteckte-kamera-lautsprecher-nachtsicht-wlan-bewegungserkennung\/#breadcrumb","itemListElement":[{"@type":"ListItem","position":1,"name":"Startseite","item":"https:\/\/www.ortungsgerate.de\/"},{"@type":"ListItem","position":2,"name":"Shop","item":"https:\/\/www.ortungsgerate.de\/shop\/"},{"@type":"ListItem","position":3,"name":"Versteckte Kamera Lautsprecher | Nachtsicht | WLAN | Bewegungserkennung |"}]},{"@type":"WebSite","@id":"https:\/\/www.ortungsgerate.de\/#website","url":"https:\/\/www.ortungsgerate.de\/","name":"Ortungsgerate.de","description":"","publisher":{"@id":"https:\/\/www.ortungsgerate.de\/#organization"},"potentialAction":[{"@type":"SearchAction","target":{"@type":"EntryPoint","urlTemplate":"https:\/\/www.ortungsgerate.de\/?s={search_term_string}"},"query-input":{"@type":"PropertyValueSpecification","valueRequired":true,"valueName":"search_term_string"}}],"inLanguage":"ru-RU"},{"@type":"Organization","@id":"https:\/\/www.ortungsgerate.de\/#organization","name":"Ortungsgerate.de","url":"https:\/\/www.ortungsgerate.de\/","logo":{"@type":"ImageObject","inLanguage":"ru-RU","@id":"https:\/\/www.ortungsgerate.de\/#\/schema\/logo\/image\/","url":"https:\/\/www.ortungsgerate.de\/wp-content\/uploads\/ortungsgerate.png","contentUrl":"https:\/\/www.ortungsgerate.de\/wp-content\/uploads\/ortungsgerate.png","width":500,"height":135,"caption":"Ortungsgerate.de"},"image":{"@id":"https:\/\/www.ortungsgerate.de\/#\/schema\/logo\/image\/"}}]}},"_links":{"self":[{"href":"https:\/\/www.ortungsgerate.de\/ru\/wp-json\/wp\/v2\/product\/16692","targetHints":{"allow":["GET"]}}],"collection":[{"href":"https:\/\/www.ortungsgerate.de\/ru\/wp-json\/wp\/v2\/product"}],"about":[{"href":"https:\/\/www.ortungsgerate.de\/ru\/wp-json\/wp\/v2\/types\/product"}],"version-history":[{"count":0,"href":"https:\/\/www.ortungsgerate.de\/ru\/wp-json\/wp\/v2\/product\/16692\/revisions"}],"wp:featuredmedia":[{"embeddable":true,"href":"https:\/\/www.ortungsgerate.de\/ru\/wp-json\/wp\/v2\/media\/26411"}],"wp:attachment":[{"href":"https:\/\/www.ortungsgerate.de\/ru\/wp-json\/wp\/v2\/media?parent=16692"}],"wp:term":[{"taxonomy":"brand","embeddable":true,"href":"https:\/\/www.ortungsgerate.de\/ru\/wp-json\/wp\/v2\/etheme_brands?post=16692"},{"taxonomy":"product_brand","embeddable":true,"href":"https:\/\/www.ortungsgerate.de\/ru\/wp-json\/wp\/v2\/product_brand?post=16692"},{"taxonomy":"product_cat","embeddable":true,"href":"https:\/\/www.ortungsgerate.de\/ru\/wp-json\/wp\/v2\/product_cat?post=16692"},{"taxonomy":"product_tag","embeddable":true,"href":"https:\/\/www.ortungsgerate.de\/ru\/wp-json\/wp\/v2\/product_tag?post=16692"}],"curies":[{"name":"wp","href":"https:\/\/api.w.org\/{rel}","templated":true}]}}