{"id":16693,"date":"2024-02-06T21:37:07","date_gmt":"2024-02-06T19:37:07","guid":{"rendered":"https:\/\/ortungsgerate.de\/be-kategorijos\/skaitmenine-oru-stotele-su-slapta-wi-fi-kamera\/"},"modified":"2025-12-01T11:26:01","modified_gmt":"2025-12-01T10:26:01","slug":"tsifrovaya-meteostantsiya-so-skrytoy-wi-fi-kameroy-2","status":"publish","type":"product","link":"https:\/\/www.ortungsgerate.de\/ru\/12-skrytyje-kamery\/17-zamaskirovanyje-kamery\/tsifrovaya-meteostantsiya-so-skrytoy-wi-fi-kameroy-2\/","title":{"rendered":"\u0426\u0438\u0444\u0440\u043e\u0432\u0430\u044f \u043c\u0435\u0442\u0435\u043e\u0441\u0442\u0430\u043d\u0446\u0438\u044f \u0441\u043e \u0441\u043a\u0440\u044b\u0442\u043e\u0439 WI-FI-\u043a\u0430\u043c\u0435\u0440\u043e\u0439"},"content":{"rendered":"<p><strong>\u0410\u041a\u0426\u0418\u042f: Micro SD 32GB \u0432 \u043f\u043e\u0434\u0430\u0440\u043e\u043a<\/strong><\/p>\n<p><strong>\u0422\u0435\u0445\u043d\u0438\u0447\u0435\u0441\u043a\u0438\u0435 \u043f\u0430\u0440\u0430\u043c\u0435\u0442\u0440\u044b:<\/strong><\/p>\n<ul>\n<li>Unterst\u00fctzung f\u00fcr Speicherkarten: Micro SD \/ SDHC bis 128 GB (nicht enthalten)<\/li>\n<li>Aufnahmeaufl\u00f6sung: Full HD 1920&#215;1080 px<\/li>\n<li>Interner Akku: 1800 mAh (ca. 4 Std. Betrieb)<\/li>\n<li>Akkuladezeit: ca. 5 Std.<\/li>\n<li>zeigt die Au\u00dfentemperatur an<\/li>\n<li>M\u00f6glichkeit des Anschlusses an eine permanente Stromversorgung<\/li>\n<li>Videoformat: AVI | 25 fps<\/li>\n<li>Bildaufl\u00f6sung: JPEG 1920&#215;1080 px<\/li>\n<li>Sichtwinkel: 120\u00b0<\/li>\n<li>Audio: Mikrofon mit Ger\u00e4uschunterdr\u00fcckungsfunktion<\/li>\n<li>Anschlussstandard: USB oder \u00fcber Netzadapter<\/li>\n<li>Nachtsicht: nicht vorhanden<\/li>\n<li>Live-\u00dcberwachung \u00fcber Internet (per mobiler App)<\/li>\n<li>\u0414\u0430\u0442\u0447\u0438\u043a \u0434\u0432\u0438\u0436\u0435\u043d\u0438\u044f<\/li>\n<li>\u041f\u043e\u0441\u0442\u043e\u044f\u043d\u043d\u0430\u044f \u0432\u0438\u0434\u0435\u043e\u0437\u0430\u043f\u0438\u0441\u044c (\u0444\u0443\u043d\u043a\u0446\u0438\u044f \u043f\u0435\u0440\u0435\u0437\u0430\u043f\u0438\u0441\u0438)<\/li>\n<li>\u0412\u0438\u0434\u0435\u043e\u043a\u043e\u0434\u0438\u0440\u043e\u0432\u0430\u043d\u0438\u0435: H.264<\/li>\n<li>Lieferumfang: WLAN-Kamera Wetterstation, Micro-SD-Kartenleser, USB-Kabel, Netzadapter<\/li>\n<li>Abmessungen: 14,5 x 8,7 x 1,5 cm<\/li>\n<li><strong>\u0413\u0410\u0420\u0410\u041d\u0422\u0418\u042f 12 \u043c\u0435\u0441\u044f\u0446\u0435\u0432<\/strong><\/li>\n<\/ul>\n<p><span style=\"color: #d0121a\"><strong>Einsatzbereich:<\/strong> F\u00fcr Ihre eigene Sicherheit und die Ihrer Kinder.<\/span><\/p>\n<p><strong>Wetterstation mit versteckter Spionagekamera<\/strong><\/p>\n<p>In verschiedenen Haushaltsgegenst\u00e4nden versteckte Spionagekameras sind heute keineswegs eine Neuheit, und ihr Einsatz zu Hause kann sehr vielf\u00e4ltig sein. Zum Beispiel kann eine in einer Wetterstation versteckte Spionagekamera sich hervorragend eignen, wenn Sie herausfinden m\u00f6chten, ob sich die Kinder zu Hause ordentlich benehmen, um minderj\u00e4hrige Kinder vor Unf\u00e4llen zu sch\u00fctzen, wenn Sie sicherstellen m\u00f6chten, dass Ihr Zuhause sicher ist, keine Einbrecher im Haus sind usw. Ohne gro\u00dfe Ausgaben k\u00f6nnen Sie sehr schnell herausfinden, ob bestimmte f\u00fcr Sie arbeitende Personen Ihres Vertrauens wirklich w\u00fcrdig sind, und dies erm\u00f6glicht Ihnen, entsprechende Ma\u00dfnahmen zu ergreifen. Eine Wetterstation geh\u00f6rt zu den Gegenst\u00e4nden, die man in nahezu jedem Haushalt findet, daher k\u00f6nnen Sie sicher sein, dass die von Ihnen beobachteten Personen nicht einmal ahnen werden, dass sie gefilmt werden. Die Situationen, in denen dieses Ger\u00e4t n\u00fctzlich sein kann, sind sehr zahlreich und vielf\u00e4ltig. Wenn Sie also von Zweifeln geplagt werden, k\u00f6nnen Sie diese mithilfe einer versteckten Kamera ausr\u00e4umen.<\/p>\n<p><strong>Hochwertige Videoaufzeichnung<\/strong><\/p>\n<p>Mitunter wird angenommen, dass Spionagekameras nur sehr unscharfe Bilder aufzeichnen, die nur schwer zu erkennen sind, aber Sie werden sich davon \u00fcberzeugen, dass dies nicht stimmt. Die Wetterstation mit versteckter Spionagekamera zeichnet Videos in FULL HD 1920&#215;1080 px auf, und bei Bedarf k\u00f6nnen auch Fotos aufgenommen werden (im JPEG-Format, mit einer Aufl\u00f6sung von 1280&#215;720 px). Der Blickwinkel der Kamera betr\u00e4gt ganze 120 Grad, sodass Sie sicher sein k\u00f6nnen, dass die aufgezeichneten Informationen ausreichend klar sind.<\/p>\n<p><strong>Ger\u00e4uschunterdr\u00fcckungsfunktion<\/strong><\/p>\n<p>Die Wetterstation-Spionagekamera \u00fcberzeugt nicht nur durch hochwertige Videoaufnahmen, sondern auch durch klare Tonaufnahmen. Diese Spionagekamera verf\u00fcgt au\u00dferdem \u00fcber eine Ger\u00e4uschunterdr\u00fcckungsfunktion, die die Toninformationen deutlich verst\u00e4ndlicher macht: Falls in der Wohnung L\u00e4rm von Nachbarn, Hintergrundmusik usw. zu h\u00f6ren ist, wird es dennoch nicht schwierig sein, die im Raum gef\u00fchrten Gespr\u00e4che zu verstehen.<\/p>\n<p><strong>\u0410\u043a\u043a\u0443\u043c\u0443\u043b\u044f\u0442\u043e\u0440 \u043a\u0430\u043c\u0435\u0440\u044b<\/strong><\/p>\n<p>Die Wetterstation-Spionagekamera verf\u00fcgt \u00fcber einen 1800-mAh-Akku, dessen Betriebsdauer etwa 4 Stunden betr\u00e4gt (die Ladezeit des Akkus liegt bei etwa 5 Stunden). Wenn geplant ist, die Videoaufnahmen zu einem im Voraus festgelegten Zeitpunkt zu starten, kann die Akkustandbyzeit daf\u00fcr v\u00f6llig ausreichend sein. Und wenn eine kontinuierliche Videoaufzeichnung erforderlich ist, k\u00f6nnen Sie das Ger\u00e4t an eine dauerhafte Stromversorgung anschlie\u00dfen.<\/p>\n<p><strong>Speicherkarte<\/strong><\/p>\n<p>Die Wetterstation-Spionagekamera wird mit einer Micro SD\/SDHC-Speicherkarte verwendet, deren Kapazit\u00e4t bis zu 128 GB betragen kann (nicht im Lieferumfang enthalten). Die aufgezeichneten Daten k\u00f6nnen \u00fcber den USB-Anschluss oder mithilfe des Micro-SD-Kartenlesers \u00fcbertragen werden, den Sie im Lieferumfang des Ger\u00e4ts finden. Wenn der Speicherplatz der Speicherkarte knapp wird, werden neue Aufnahmen \u00fcber die \u00e4ltesten \u00fcberschrieben \u2013 genau das gew\u00e4hrleistet eine ununterbrochene Aufzeichnung.<\/p>\n<p><strong>Online-Video\u00fcberwachung<\/strong><\/p>\n<p>Wenn Sie sich f\u00fcr diese Wetterstation mit Spionagekamera entscheiden, haben Sie au\u00dferdem die M\u00f6glichkeit, die aufgezeichneten Bilder online zu verfolgen. Wenn Sie wissen m\u00f6chten, was im \u00fcberwachten Raum in Echtzeit geschieht, k\u00f6nnen Sie sich einfach mit der mobilen App verbinden und sicherstellen, dass sich die beobachteten Personen wirklich korrekt verhalten.<\/p>\n<p><strong>Kamera mit Bewegungssensor<\/strong><\/p>\n<p>Eine weitere wichtige Funktion der Spionagekamera ist der Bewegungssensor, der hilft, unn\u00f6tige Aufnahmen zu vermeiden und Speicherplatz auf der Speicherkarte zu sparen. Videoaufnahmen werden erst dann gestartet, wenn sich im Raum etwas bewegt, bis dahin arbeitet die Kamera im Standby-Modus (dies hilft ebenfalls, die Akkuladung zu schonen).<\/p>\n<p><strong>Weitere wichtige Informationen<\/strong><\/p>\n<p>Das Ger\u00e4t mit Spionagekamera ist relativ klein \u2013 14,5 x 8,7 x 1,5 cm \u2013 und im Lieferumfang enthalten sind die Kamera-Wetterstation, ein Micro-SD-Kartenleser, ein USB-Kabel sowie ein Netzadapter. F\u00fcr diese Kamera gew\u00e4hrt der Hersteller eine Garantie, sodass Sie sicher sein k\u00f6nnen, dass das Ger\u00e4t wirklich lange zuverl\u00e4ssig arbeiten wird.<\/p>","protected":false},"excerpt":{"rendered":"<p>AKTION: Micro SD 32GB als Geschenk Technische Parameter: Unterst\u00fctzung f\u00fcr Speicherkarten: Micro SD \/ SDHC bis 128 GB (nicht enthalten) Aufnahmeaufl\u00f6sung: Full HD 1920&#215;1080 px&#8230;<\/p>","protected":false},"featured_media":26428,"template":"","meta":[],"etheme_brands":[],"product_brand":[],"product_cat":[204,203,205],"product_tag":[42,707,705,690,693],"class_list":{"0":"post-16693","1":"product","2":"type-product","3":"status-publish","4":"has-post-thumbnail","6":"product_cat-17-getarnte-kameras","7":"product_cat-12-versteckte-kameras","8":"product_cat-27-wlan-minikameras","9":"product_tag-kamera","10":"product_tag-kamera-uhr","11":"product_tag-ueberwachungskamera","12":"product_tag-versteckte-kamera","13":"product_tag-wlan-kamera","14":"pa_typ-tischuhren","15":"pa_typ-wetterstationen","17":"first","18":"outofstock","19":"sale","20":"taxable","21":"shipping-taxable","22":"purchasable","23":"product-type-simple"},"yoast_head":"<!-- This site is optimized with the Yoast SEO Premium plugin v25.9 (Yoast SEO v27.4) - https:\/\/yoast.com\/product\/yoast-seo-premium-wordpress\/ -->\n<title>Wetterstation mit versteckter Kamera und WI Fi Modul | Sekimoiranga.lt<\/title>\n<meta name=\"description\" content=\"Wetterstation mit integrierter Mikrokamera. Das Bild k\u00f6nnen Sie live \u00fcber das Internet verfolgen (auf dem Telefon, Tablet). Videoaufzeichnung 24\/7 ohne Unterbrechung. Guter Preis AKTION\" \/>\n<meta name=\"robots\" content=\"index, follow, max-snippet:-1, max-image-preview:large, max-video-preview:-1\" \/>\n<link rel=\"canonical\" href=\"https:\/\/www.ortungsgerate.de\/ru\/12-skrytyje-kamery\/27-wlan-mini-kamery\/tsifrovaya-meteostantsiya-so-skrytoy-wi-fi-kameroy-2\/\" \/>\n<meta property=\"og:locale\" content=\"ru_RU\" \/>\n<meta property=\"og:type\" content=\"article\" \/>\n<meta property=\"og:title\" content=\"Digitale Wetterstation mit versteckter WI-FI-Kamera\" \/>\n<meta property=\"og:description\" content=\"Wetterstation mit integrierter Mikrokamera. Das Bild k\u00f6nnen Sie live \u00fcber das Internet verfolgen (auf dem Telefon, Tablet). Videoaufzeichnung 24\/7 ohne Unterbrechung. Guter Preis AKTION\" \/>\n<meta property=\"og:url\" content=\"https:\/\/www.ortungsgerate.de\/ru\/12-skrytyje-kamery\/27-wlan-mini-kamery\/tsifrovaya-meteostantsiya-so-skrytoy-wi-fi-kameroy-2\/\" \/>\n<meta property=\"og:site_name\" content=\"Ortungsger\u00e4te.de\" \/>\n<meta property=\"article:modified_time\" content=\"2025-12-01T10:26:01+00:00\" \/>\n<meta property=\"og:image\" content=\"https:\/\/www.ortungsgerate.de\/wp-content\/uploads\/oru-stotele-vaizdo-kamera-su-wifi.jpg\" \/>\n\t<meta property=\"og:image:width\" content=\"800\" \/>\n\t<meta property=\"og:image:height\" content=\"800\" \/>\n\t<meta property=\"og:image:type\" content=\"image\/jpeg\" \/>\n<meta name=\"twitter:card\" content=\"summary_large_image\" \/>\n<meta name=\"twitter:label1\" content=\"\u041f\u0440\u0438\u043c\u0435\u0440\u043d\u043e\u0435 \u0432\u0440\u0435\u043c\u044f \u0434\u043b\u044f \u0447\u0442\u0435\u043d\u0438\u044f\" \/>\n\t<meta name=\"twitter:data1\" content=\"4 \u043c\u0438\u043d\u0443\u0442\u044b\" \/>\n<script type=\"application\/ld+json\" class=\"yoast-schema-graph\">{\"@context\":\"https:\\\/\\\/schema.org\",\"@graph\":[{\"@type\":\"WebPage\",\"@id\":\"https:\\\/\\\/www.ortungsgerate.de\\\/12-versteckte-kameras\\\/27-wlan-minikameras\\\/digitale-wetterstation-mit-versteckter-wi-fi-kamera\\\/\",\"url\":\"https:\\\/\\\/www.ortungsgerate.de\\\/12-versteckte-kameras\\\/27-wlan-minikameras\\\/digitale-wetterstation-mit-versteckter-wi-fi-kamera\\\/\",\"name\":\"Wetterstation mit versteckter Kamera und WI Fi Modul | Sekimoiranga.lt\",\"isPartOf\":{\"@id\":\"https:\\\/\\\/www.ortungsgerate.de\\\/#website\"},\"primaryImageOfPage\":{\"@id\":\"https:\\\/\\\/www.ortungsgerate.de\\\/12-versteckte-kameras\\\/27-wlan-minikameras\\\/digitale-wetterstation-mit-versteckter-wi-fi-kamera\\\/#primaryimage\"},\"image\":{\"@id\":\"https:\\\/\\\/www.ortungsgerate.de\\\/12-versteckte-kameras\\\/27-wlan-minikameras\\\/digitale-wetterstation-mit-versteckter-wi-fi-kamera\\\/#primaryimage\"},\"thumbnailUrl\":\"https:\\\/\\\/www.ortungsgerate.de\\\/wp-content\\\/uploads\\\/oru-stotele-vaizdo-kamera-su-wifi.jpg\",\"datePublished\":\"2024-02-06T19:37:07+00:00\",\"dateModified\":\"2025-12-01T10:26:01+00:00\",\"description\":\"Wetterstation mit integrierter Mikrokamera. Das Bild k\u00f6nnen Sie live \u00fcber das Internet verfolgen (auf dem Telefon, Tablet). Videoaufzeichnung 24\\\/7 ohne Unterbrechung. Guter Preis AKTION\",\"breadcrumb\":{\"@id\":\"https:\\\/\\\/www.ortungsgerate.de\\\/12-versteckte-kameras\\\/27-wlan-minikameras\\\/digitale-wetterstation-mit-versteckter-wi-fi-kamera\\\/#breadcrumb\"},\"inLanguage\":\"ru-RU\",\"potentialAction\":[{\"@type\":\"ReadAction\",\"target\":[\"https:\\\/\\\/www.ortungsgerate.de\\\/12-versteckte-kameras\\\/27-wlan-minikameras\\\/digitale-wetterstation-mit-versteckter-wi-fi-kamera\\\/\"]}]},{\"@type\":\"ImageObject\",\"inLanguage\":\"ru-RU\",\"@id\":\"https:\\\/\\\/www.ortungsgerate.de\\\/12-versteckte-kameras\\\/27-wlan-minikameras\\\/digitale-wetterstation-mit-versteckter-wi-fi-kamera\\\/#primaryimage\",\"url\":\"https:\\\/\\\/www.ortungsgerate.de\\\/wp-content\\\/uploads\\\/oru-stotele-vaizdo-kamera-su-wifi.jpg\",\"contentUrl\":\"https:\\\/\\\/www.ortungsgerate.de\\\/wp-content\\\/uploads\\\/oru-stotele-vaizdo-kamera-su-wifi.jpg\",\"width\":800,\"height\":800,\"caption\":\"Oru stotele Videokamera mit WiFi\"},{\"@type\":\"BreadcrumbList\",\"@id\":\"https:\\\/\\\/www.ortungsgerate.de\\\/12-versteckte-kameras\\\/27-wlan-minikameras\\\/digitale-wetterstation-mit-versteckter-wi-fi-kamera\\\/#breadcrumb\",\"itemListElement\":[{\"@type\":\"ListItem\",\"position\":1,\"name\":\"Startseite\",\"item\":\"https:\\\/\\\/www.ortungsgerate.de\\\/\"},{\"@type\":\"ListItem\",\"position\":2,\"name\":\"Shop\",\"item\":\"https:\\\/\\\/www.ortungsgerate.de\\\/shop\\\/\"},{\"@type\":\"ListItem\",\"position\":3,\"name\":\"Digitale Wetterstation mit versteckter WI-FI-Kamera\"}]},{\"@type\":\"WebSite\",\"@id\":\"https:\\\/\\\/www.ortungsgerate.de\\\/#website\",\"url\":\"https:\\\/\\\/www.ortungsgerate.de\\\/\",\"name\":\"Ortungsgerate.de\",\"description\":\"\",\"publisher\":{\"@id\":\"https:\\\/\\\/www.ortungsgerate.de\\\/#organization\"},\"potentialAction\":[{\"@type\":\"SearchAction\",\"target\":{\"@type\":\"EntryPoint\",\"urlTemplate\":\"https:\\\/\\\/www.ortungsgerate.de\\\/?s={search_term_string}\"},\"query-input\":{\"@type\":\"PropertyValueSpecification\",\"valueRequired\":true,\"valueName\":\"search_term_string\"}}],\"inLanguage\":\"ru-RU\"},{\"@type\":\"Organization\",\"@id\":\"https:\\\/\\\/www.ortungsgerate.de\\\/#organization\",\"name\":\"Ortungsgerate.de\",\"url\":\"https:\\\/\\\/www.ortungsgerate.de\\\/\",\"logo\":{\"@type\":\"ImageObject\",\"inLanguage\":\"ru-RU\",\"@id\":\"https:\\\/\\\/www.ortungsgerate.de\\\/#\\\/schema\\\/logo\\\/image\\\/\",\"url\":\"https:\\\/\\\/www.ortungsgerate.de\\\/wp-content\\\/uploads\\\/ortungsgerate.png\",\"contentUrl\":\"https:\\\/\\\/www.ortungsgerate.de\\\/wp-content\\\/uploads\\\/ortungsgerate.png\",\"width\":500,\"height\":135,\"caption\":\"Ortungsgerate.de\"},\"image\":{\"@id\":\"https:\\\/\\\/www.ortungsgerate.de\\\/#\\\/schema\\\/logo\\\/image\\\/\"}}]}<\/script>\n<!-- \/ Yoast SEO Premium plugin. -->","yoast_head_json":{"title":"Wetterstation mit versteckter Kamera und WI Fi Modul | Sekimoiranga.lt","description":"Wetterstation mit integrierter Mikrokamera. Das Bild k\u00f6nnen Sie live \u00fcber das Internet verfolgen (auf dem Telefon, Tablet). Videoaufzeichnung 24\/7 ohne Unterbrechung. Guter Preis AKTION","robots":{"index":"index","follow":"follow","max-snippet":"max-snippet:-1","max-image-preview":"max-image-preview:large","max-video-preview":"max-video-preview:-1"},"canonical":"https:\/\/www.ortungsgerate.de\/ru\/12-skrytyje-kamery\/27-wlan-mini-kamery\/tsifrovaya-meteostantsiya-so-skrytoy-wi-fi-kameroy-2\/","og_locale":"ru_RU","og_type":"article","og_title":"Digitale Wetterstation mit versteckter WI-FI-Kamera","og_description":"Wetterstation mit integrierter Mikrokamera. Das Bild k\u00f6nnen Sie live \u00fcber das Internet verfolgen (auf dem Telefon, Tablet). Videoaufzeichnung 24\/7 ohne Unterbrechung. Guter Preis AKTION","og_url":"https:\/\/www.ortungsgerate.de\/ru\/12-skrytyje-kamery\/27-wlan-mini-kamery\/tsifrovaya-meteostantsiya-so-skrytoy-wi-fi-kameroy-2\/","og_site_name":"Ortungsger\u00e4te.de","article_modified_time":"2025-12-01T10:26:01+00:00","og_image":[{"width":800,"height":800,"url":"https:\/\/www.ortungsgerate.de\/wp-content\/uploads\/oru-stotele-vaizdo-kamera-su-wifi.jpg","type":"image\/jpeg"}],"twitter_card":"summary_large_image","twitter_misc":{"\u041f\u0440\u0438\u043c\u0435\u0440\u043d\u043e\u0435 \u0432\u0440\u0435\u043c\u044f \u0434\u043b\u044f \u0447\u0442\u0435\u043d\u0438\u044f":"4 \u043c\u0438\u043d\u0443\u0442\u044b"},"schema":{"@context":"https:\/\/schema.org","@graph":[{"@type":"WebPage","@id":"https:\/\/www.ortungsgerate.de\/12-versteckte-kameras\/27-wlan-minikameras\/digitale-wetterstation-mit-versteckter-wi-fi-kamera\/","url":"https:\/\/www.ortungsgerate.de\/12-versteckte-kameras\/27-wlan-minikameras\/digitale-wetterstation-mit-versteckter-wi-fi-kamera\/","name":"Wetterstation mit versteckter Kamera und WI Fi Modul | Sekimoiranga.lt","isPartOf":{"@id":"https:\/\/www.ortungsgerate.de\/#website"},"primaryImageOfPage":{"@id":"https:\/\/www.ortungsgerate.de\/12-versteckte-kameras\/27-wlan-minikameras\/digitale-wetterstation-mit-versteckter-wi-fi-kamera\/#primaryimage"},"image":{"@id":"https:\/\/www.ortungsgerate.de\/12-versteckte-kameras\/27-wlan-minikameras\/digitale-wetterstation-mit-versteckter-wi-fi-kamera\/#primaryimage"},"thumbnailUrl":"https:\/\/www.ortungsgerate.de\/wp-content\/uploads\/oru-stotele-vaizdo-kamera-su-wifi.jpg","datePublished":"2024-02-06T19:37:07+00:00","dateModified":"2025-12-01T10:26:01+00:00","description":"Wetterstation mit integrierter Mikrokamera. Das Bild k\u00f6nnen Sie live \u00fcber das Internet verfolgen (auf dem Telefon, Tablet). Videoaufzeichnung 24\/7 ohne Unterbrechung. Guter Preis AKTION","breadcrumb":{"@id":"https:\/\/www.ortungsgerate.de\/12-versteckte-kameras\/27-wlan-minikameras\/digitale-wetterstation-mit-versteckter-wi-fi-kamera\/#breadcrumb"},"inLanguage":"ru-RU","potentialAction":[{"@type":"ReadAction","target":["https:\/\/www.ortungsgerate.de\/12-versteckte-kameras\/27-wlan-minikameras\/digitale-wetterstation-mit-versteckter-wi-fi-kamera\/"]}]},{"@type":"ImageObject","inLanguage":"ru-RU","@id":"https:\/\/www.ortungsgerate.de\/12-versteckte-kameras\/27-wlan-minikameras\/digitale-wetterstation-mit-versteckter-wi-fi-kamera\/#primaryimage","url":"https:\/\/www.ortungsgerate.de\/wp-content\/uploads\/oru-stotele-vaizdo-kamera-su-wifi.jpg","contentUrl":"https:\/\/www.ortungsgerate.de\/wp-content\/uploads\/oru-stotele-vaizdo-kamera-su-wifi.jpg","width":800,"height":800,"caption":"Oru stotele Videokamera mit WiFi"},{"@type":"BreadcrumbList","@id":"https:\/\/www.ortungsgerate.de\/12-versteckte-kameras\/27-wlan-minikameras\/digitale-wetterstation-mit-versteckter-wi-fi-kamera\/#breadcrumb","itemListElement":[{"@type":"ListItem","position":1,"name":"Startseite","item":"https:\/\/www.ortungsgerate.de\/"},{"@type":"ListItem","position":2,"name":"Shop","item":"https:\/\/www.ortungsgerate.de\/shop\/"},{"@type":"ListItem","position":3,"name":"Digitale Wetterstation mit versteckter WI-FI-Kamera"}]},{"@type":"WebSite","@id":"https:\/\/www.ortungsgerate.de\/#website","url":"https:\/\/www.ortungsgerate.de\/","name":"Ortungsgerate.de","description":"","publisher":{"@id":"https:\/\/www.ortungsgerate.de\/#organization"},"potentialAction":[{"@type":"SearchAction","target":{"@type":"EntryPoint","urlTemplate":"https:\/\/www.ortungsgerate.de\/?s={search_term_string}"},"query-input":{"@type":"PropertyValueSpecification","valueRequired":true,"valueName":"search_term_string"}}],"inLanguage":"ru-RU"},{"@type":"Organization","@id":"https:\/\/www.ortungsgerate.de\/#organization","name":"Ortungsgerate.de","url":"https:\/\/www.ortungsgerate.de\/","logo":{"@type":"ImageObject","inLanguage":"ru-RU","@id":"https:\/\/www.ortungsgerate.de\/#\/schema\/logo\/image\/","url":"https:\/\/www.ortungsgerate.de\/wp-content\/uploads\/ortungsgerate.png","contentUrl":"https:\/\/www.ortungsgerate.de\/wp-content\/uploads\/ortungsgerate.png","width":500,"height":135,"caption":"Ortungsgerate.de"},"image":{"@id":"https:\/\/www.ortungsgerate.de\/#\/schema\/logo\/image\/"}}]}},"_links":{"self":[{"href":"https:\/\/www.ortungsgerate.de\/ru\/wp-json\/wp\/v2\/product\/16693","targetHints":{"allow":["GET"]}}],"collection":[{"href":"https:\/\/www.ortungsgerate.de\/ru\/wp-json\/wp\/v2\/product"}],"about":[{"href":"https:\/\/www.ortungsgerate.de\/ru\/wp-json\/wp\/v2\/types\/product"}],"version-history":[{"count":0,"href":"https:\/\/www.ortungsgerate.de\/ru\/wp-json\/wp\/v2\/product\/16693\/revisions"}],"wp:featuredmedia":[{"embeddable":true,"href":"https:\/\/www.ortungsgerate.de\/ru\/wp-json\/wp\/v2\/media\/26428"}],"wp:attachment":[{"href":"https:\/\/www.ortungsgerate.de\/ru\/wp-json\/wp\/v2\/media?parent=16693"}],"wp:term":[{"taxonomy":"brand","embeddable":true,"href":"https:\/\/www.ortungsgerate.de\/ru\/wp-json\/wp\/v2\/etheme_brands?post=16693"},{"taxonomy":"product_brand","embeddable":true,"href":"https:\/\/www.ortungsgerate.de\/ru\/wp-json\/wp\/v2\/product_brand?post=16693"},{"taxonomy":"product_cat","embeddable":true,"href":"https:\/\/www.ortungsgerate.de\/ru\/wp-json\/wp\/v2\/product_cat?post=16693"},{"taxonomy":"product_tag","embeddable":true,"href":"https:\/\/www.ortungsgerate.de\/ru\/wp-json\/wp\/v2\/product_tag?post=16693"}],"curies":[{"name":"wp","href":"https:\/\/api.w.org\/{rel}","templated":true}]}}