{"id":16694,"date":"2024-02-06T21:36:37","date_gmt":"2024-02-06T19:36:37","guid":{"rendered":"https:\/\/ortungsgerate.de\/be-kategorijos\/wi-fi-kamera-uzmaskuota-led-naktiniame-sviestuve\/"},"modified":"2025-12-01T11:26:01","modified_gmt":"2025-12-01T10:26:01","slug":"wlan-kamera-zamaskirovana-v-led-nastolnoy-lampe","status":"publish","type":"product","link":"https:\/\/www.ortungsgerate.de\/ru\/12-skrytyje-kamery\/17-zamaskirovanyje-kamery\/wlan-kamera-zamaskirovana-v-led-nastolnoy-lampe\/","title":{"rendered":"WLAN-\u043a\u0430\u043c\u0435\u0440\u0430 \u0437\u0430\u043c\u0430\u0441\u043a\u0438\u0440\u043e\u0432\u0430\u043d\u0430 \u0432 LED-\u043d\u0430\u0441\u0442\u043e\u043b\u044c\u043d\u043e\u0439 \u043b\u0430\u043c\u043f\u0435"},"content":{"rendered":"<p>\u0410\u041a\u0426\u0418\u042f: Micro SD 32GB \u0432 \u043f\u043e\u0434\u0430\u0440\u043e\u043a<\/p>\n<h3><strong>\u0422\u0435\u0445\u043d\u0438\u0447\u0435\u0441\u043a\u0438\u0435 \u043f\u0430\u0440\u0430\u043c\u0435\u0442\u0440\u044b:<\/strong><\/h3>\n<ul>\n<li>Videoformat: AVI 1 Std. Aufnahme 310 MB<\/li>\n<li>Video wird mit Ton aufgezeichnet<\/li>\n<li>Videoaufl\u00f6sung: 1920x1080px FULL-HD<\/li>\n<li>Unterst\u00fctzung f\u00fcr Speicherkarte: Ja, \u201eMicroSD\u201c von 8 bis 128 GB<\/li>\n<li>Betriebszeit: Funktioniert ununterbrochen \u00fcber das Stromnetz<\/li>\n<li>Aufnahmewinkel: 90 Grad<\/li>\n<li>Tonaufnahme: bis zu 10 m verst\u00e4ndliches Gespr\u00e4ch<\/li>\n<li>Live-\u00dcberwachung \u00fcber Internet: Ja<\/li>\n<li>Bewegungserkennung: Ja<\/li>\n<li>Videoaufzeichnung: Auf Speicherkarte oder Telefonspeicher<\/li>\n<li>WIFI-Unterst\u00fctzung: Ja<\/li>\n<li>\u041a\u043e\u043c\u043f\u043b\u0435\u043a\u0442\u0430\u0446\u0438\u044f<\/li>\n<li>1 x \u201eWiFi\u201c Leuchte mit versteckter Kamera<\/li>\n<li>1 x Anleitung<\/li>\n<li>1 x \u201eMicro SD\u201c Kartenleser<\/li>\n<li><strong>\u0413\u0410\u0420\u0410\u041d\u0422\u0418\u042f 12 \u043c\u0435\u0441\u044f\u0446\u0435\u0432<\/strong><\/li>\n<\/ul>\n<p><span style=\"color: #d0121a;\"><\/span><\/p>\n<p>Verwendung: Zum Schutz f\u00fcr Sie selbst und Ihre Kinder.<\/p>\n<p><strong>WLAN-Kamera getarnt in LED-Nachtleuchte<\/strong><\/p>\n<p>F\u00fcr die meisten modernen Eltern ist die Sicherheit der Kinder ohne Zweifel immer das Wichtigste. Wenn Sie Ihre Zweifel ausr\u00e4umen und sich vergewissern m\u00f6chten, dass das minderj\u00e4hrige Kind zu Hause sicher ist, kann eine versteckte Kamera eine wirklich vorteilhafte Wahl sein. Im Gegensatz zu vielen anderen Spionagekameras bezieht die in der LED-Nachtleuchte getarnte Kamera ihre Energie aus dem Stromnetz, sodass Sie sich keine Sorgen machen m\u00fcssen, dass das Ger\u00e4t entladen sein k\u00f6nnte.<\/p>\n<p>Die Verwendung der in der LED-Leuchte getarnten Kamera ist sehr einfach \u2013 Sie m\u00fcssen sie nur in die Steckdose einstecken und die Videoaufzeichnung aktivieren. Vorteilhaft ist, dass die Kamera WLAN unterst\u00fctzt, sodass Sie jederzeit nachsehen k\u00f6nnen, was in dem Raum geschieht, in dem sich die versteckte Kamera befindet. Sie haben die M\u00f6glichkeit, nicht nur das Bild zu beobachten, sondern auch Gespr\u00e4che mitzuh\u00f6ren (der Ton ist selbst aus einer Entfernung von 4\u20135 Metern ausreichend klar). Diese Kamera k\u00f6nnen Sie nicht nur als verdecktes Aufnahmeger\u00e4t verwenden \u2013 sie kann Ihnen auch helfen festzustellen, ob das Kind ruhig schl\u00e4ft. Das aufgezeichnete Bild k\u00f6nnen Sie live \u00fcber das Internet verfolgen, sodass Sie in Echtzeit wissen, was passiert.<\/p>\n<p>Obwohl die integrierte versteckte Kamera sehr klein ist, erm\u00f6glicht sie die Aufnahme von qualitativ hochwertigen Bildern. Sie haben die M\u00f6glichkeit, zwischen Full-HD (1920&#215;1080 px), HD (1280&#215;720 px) oder einer niedrigeren Aufl\u00f6sung zu w\u00e4hlen, und davon h\u00e4ngt ab, wie lange die aufgezeichneten Videos sein k\u00f6nnen. Die Spionagekamera unterst\u00fctzt \u201eMicroSD\u201c-Karten mit einer Speicherkapazit\u00e4t von 8 bis 128 Gigabyte. Eine Stunde hochwertiger Videoaufnahmen belegt etwa 2 GB des Kartenspeichers, sodass Sie die aufgezeichneten Bilder auf den Computer \u00fcbertragen und die verdeckte Aufnahme fortsetzen k\u00f6nnen, ohne etwas zu verpassen. Vorteilhaft ist, dass diese versteckte Kamera helfen kann, Speicherplatz auf der Speicherkarte zu sparen: Die Kamera verf\u00fcgt \u00fcber Bewegungssensoren, sodass die Aufnahme nur dann gestartet werden kann, wenn eine Bewegung erkannt wird.<\/p>\n<p>Beim Kauf dieser versteckten Kamera erhalten Sie au\u00dferdem eine Bedienungsanleitung in litauischer Sprache, sodass Sie sicher sein k\u00f6nnen, dass die Nutzung dieser Kamera keinen besonderen Aufwand erfordert.<\/p>","protected":false},"excerpt":{"rendered":"<p>AKTION: Micro SD 32GB als Geschenk Technische Parameter: Videoformat: AVI 1 Std. Aufnahme 310 MB Video wird mit Ton aufgezeichnet Videoaufl\u00f6sung: 1920x1080px FULL-HD Unterst\u00fctzung f\u00fcr&#8230;<\/p>","protected":false},"featured_media":26415,"template":"","meta":[],"etheme_brands":[],"product_brand":[],"product_cat":[204,203,205],"product_tag":[42,765,771,705,690,693],"class_list":{"0":"post-16694","1":"product","2":"type-product","3":"status-publish","4":"has-post-thumbnail","6":"product_cat-17-getarnte-kameras","7":"product_cat-12-versteckte-kameras","8":"product_cat-27-wlan-minikameras","9":"product_tag-kamera","10":"product_tag-lampen-kamera","11":"product_tag-lampenkamera","12":"product_tag-ueberwachungskamera","13":"product_tag-versteckte-kamera","14":"product_tag-wlan-kamera","15":"pa_typ-leuchten","17":"first","18":"outofstock","19":"taxable","20":"shipping-taxable","21":"purchasable","22":"product-type-simple"},"yoast_head":"<!-- This site is optimized with the Yoast SEO Premium plugin v25.9 (Yoast SEO v27.4) - https:\/\/yoast.com\/product\/yoast-seo-premium-wordpress\/ -->\n<title>WLAN-Kamera getarnt in LED-Nachttischlampe<\/title>\n<meta name=\"description\" content=\"Die Nachtlampe wird in die Steckdose eingesteckt, sodass Sie den Raum 24\/7 unterbrechungsfrei von jedem Ort der Welt aus \u00fcberwachen k\u00f6nnen. Videoaufzeichnung auf MicroSD oder auf das Telefon\" \/>\n<meta name=\"robots\" content=\"index, follow, max-snippet:-1, max-image-preview:large, max-video-preview:-1\" \/>\n<link rel=\"canonical\" href=\"https:\/\/www.ortungsgerate.de\/ru\/12-skrytyje-kamery\/27-wlan-mini-kamery\/wlan-kamera-zamaskirovana-v-led-nastolnoy-lampe\/\" \/>\n<meta property=\"og:locale\" content=\"ru_RU\" \/>\n<meta property=\"og:type\" content=\"article\" \/>\n<meta property=\"og:title\" content=\"WLAN-Kamera getarnt in LED-Nachttischlampe\" \/>\n<meta property=\"og:description\" content=\"Die Nachtlampe wird in die Steckdose eingesteckt, sodass Sie den Raum 24\/7 unterbrechungsfrei von jedem Ort der Welt aus \u00fcberwachen k\u00f6nnen. Videoaufzeichnung auf MicroSD oder auf das Telefon\" \/>\n<meta property=\"og:url\" content=\"https:\/\/www.ortungsgerate.de\/ru\/12-skrytyje-kamery\/27-wlan-mini-kamery\/wlan-kamera-zamaskirovana-v-led-nastolnoy-lampe\/\" \/>\n<meta property=\"og:site_name\" content=\"Ortungsger\u00e4te.de\" \/>\n<meta property=\"article:modified_time\" content=\"2025-12-01T10:26:01+00:00\" \/>\n<meta property=\"og:image\" content=\"https:\/\/www.ortungsgerate.de\/wp-content\/uploads\/naktine-led-lempute-slapta-vaizdo-kamera.jpg\" \/>\n\t<meta property=\"og:image:width\" content=\"430\" \/>\n\t<meta property=\"og:image:height\" content=\"430\" \/>\n\t<meta property=\"og:image:type\" content=\"image\/jpeg\" \/>\n<meta name=\"twitter:card\" content=\"summary_large_image\" \/>\n<meta name=\"twitter:label1\" content=\"\u041f\u0440\u0438\u043c\u0435\u0440\u043d\u043e\u0435 \u0432\u0440\u0435\u043c\u044f \u0434\u043b\u044f \u0447\u0442\u0435\u043d\u0438\u044f\" \/>\n\t<meta name=\"twitter:data1\" content=\"3 \u043c\u0438\u043d\u0443\u0442\u044b\" \/>\n<script type=\"application\/ld+json\" class=\"yoast-schema-graph\">{\"@context\":\"https:\\\/\\\/schema.org\",\"@graph\":[{\"@type\":\"WebPage\",\"@id\":\"https:\\\/\\\/www.ortungsgerate.de\\\/12-versteckte-kameras\\\/27-wlan-minikameras\\\/wlan-kamera-getarnt-in-led-nachttischlampe\\\/\",\"url\":\"https:\\\/\\\/www.ortungsgerate.de\\\/12-versteckte-kameras\\\/27-wlan-minikameras\\\/wlan-kamera-getarnt-in-led-nachttischlampe\\\/\",\"name\":\"WLAN-Kamera getarnt in LED-Nachttischlampe\",\"isPartOf\":{\"@id\":\"https:\\\/\\\/www.ortungsgerate.de\\\/#website\"},\"primaryImageOfPage\":{\"@id\":\"https:\\\/\\\/www.ortungsgerate.de\\\/12-versteckte-kameras\\\/27-wlan-minikameras\\\/wlan-kamera-getarnt-in-led-nachttischlampe\\\/#primaryimage\"},\"image\":{\"@id\":\"https:\\\/\\\/www.ortungsgerate.de\\\/12-versteckte-kameras\\\/27-wlan-minikameras\\\/wlan-kamera-getarnt-in-led-nachttischlampe\\\/#primaryimage\"},\"thumbnailUrl\":\"https:\\\/\\\/www.ortungsgerate.de\\\/wp-content\\\/uploads\\\/naktine-led-lempute-slapta-vaizdo-kamera.jpg\",\"datePublished\":\"2024-02-06T19:36:37+00:00\",\"dateModified\":\"2025-12-01T10:26:01+00:00\",\"description\":\"Die Nachtlampe wird in die Steckdose eingesteckt, sodass Sie den Raum 24\\\/7 unterbrechungsfrei von jedem Ort der Welt aus \u00fcberwachen k\u00f6nnen. Videoaufzeichnung auf MicroSD oder auf das Telefon\",\"breadcrumb\":{\"@id\":\"https:\\\/\\\/www.ortungsgerate.de\\\/12-versteckte-kameras\\\/27-wlan-minikameras\\\/wlan-kamera-getarnt-in-led-nachttischlampe\\\/#breadcrumb\"},\"inLanguage\":\"ru-RU\",\"potentialAction\":[{\"@type\":\"ReadAction\",\"target\":[\"https:\\\/\\\/www.ortungsgerate.de\\\/12-versteckte-kameras\\\/27-wlan-minikameras\\\/wlan-kamera-getarnt-in-led-nachttischlampe\\\/\"]}]},{\"@type\":\"ImageObject\",\"inLanguage\":\"ru-RU\",\"@id\":\"https:\\\/\\\/www.ortungsgerate.de\\\/12-versteckte-kameras\\\/27-wlan-minikameras\\\/wlan-kamera-getarnt-in-led-nachttischlampe\\\/#primaryimage\",\"url\":\"https:\\\/\\\/www.ortungsgerate.de\\\/wp-content\\\/uploads\\\/naktine-led-lempute-slapta-vaizdo-kamera.jpg\",\"contentUrl\":\"https:\\\/\\\/www.ortungsgerate.de\\\/wp-content\\\/uploads\\\/naktine-led-lempute-slapta-vaizdo-kamera.jpg\",\"width\":430,\"height\":430,\"caption\":\"Nacht-LED-Lampe mit versteckter Videokamera\"},{\"@type\":\"BreadcrumbList\",\"@id\":\"https:\\\/\\\/www.ortungsgerate.de\\\/12-versteckte-kameras\\\/27-wlan-minikameras\\\/wlan-kamera-getarnt-in-led-nachttischlampe\\\/#breadcrumb\",\"itemListElement\":[{\"@type\":\"ListItem\",\"position\":1,\"name\":\"Startseite\",\"item\":\"https:\\\/\\\/www.ortungsgerate.de\\\/\"},{\"@type\":\"ListItem\",\"position\":2,\"name\":\"Shop\",\"item\":\"https:\\\/\\\/www.ortungsgerate.de\\\/shop\\\/\"},{\"@type\":\"ListItem\",\"position\":3,\"name\":\"WLAN-Kamera getarnt in LED-Nachttischlampe\"}]},{\"@type\":\"WebSite\",\"@id\":\"https:\\\/\\\/www.ortungsgerate.de\\\/#website\",\"url\":\"https:\\\/\\\/www.ortungsgerate.de\\\/\",\"name\":\"Ortungsgerate.de\",\"description\":\"\",\"publisher\":{\"@id\":\"https:\\\/\\\/www.ortungsgerate.de\\\/#organization\"},\"potentialAction\":[{\"@type\":\"SearchAction\",\"target\":{\"@type\":\"EntryPoint\",\"urlTemplate\":\"https:\\\/\\\/www.ortungsgerate.de\\\/?s={search_term_string}\"},\"query-input\":{\"@type\":\"PropertyValueSpecification\",\"valueRequired\":true,\"valueName\":\"search_term_string\"}}],\"inLanguage\":\"ru-RU\"},{\"@type\":\"Organization\",\"@id\":\"https:\\\/\\\/www.ortungsgerate.de\\\/#organization\",\"name\":\"Ortungsgerate.de\",\"url\":\"https:\\\/\\\/www.ortungsgerate.de\\\/\",\"logo\":{\"@type\":\"ImageObject\",\"inLanguage\":\"ru-RU\",\"@id\":\"https:\\\/\\\/www.ortungsgerate.de\\\/#\\\/schema\\\/logo\\\/image\\\/\",\"url\":\"https:\\\/\\\/www.ortungsgerate.de\\\/wp-content\\\/uploads\\\/ortungsgerate.png\",\"contentUrl\":\"https:\\\/\\\/www.ortungsgerate.de\\\/wp-content\\\/uploads\\\/ortungsgerate.png\",\"width\":500,\"height\":135,\"caption\":\"Ortungsgerate.de\"},\"image\":{\"@id\":\"https:\\\/\\\/www.ortungsgerate.de\\\/#\\\/schema\\\/logo\\\/image\\\/\"}}]}<\/script>\n<!-- \/ Yoast SEO Premium plugin. -->","yoast_head_json":{"title":"WLAN-\u043a\u0430\u043c\u0435\u0440\u0430 \u0437\u0430\u043c\u0430\u0441\u043a\u0438\u0440\u043e\u0432\u0430\u043d\u0430 \u0432 LED-\u043d\u0430\u0441\u0442\u043e\u043b\u044c\u043d\u043e\u0439 \u043b\u0430\u043c\u043f\u0435","description":"Die Nachtlampe wird in die Steckdose eingesteckt, sodass Sie den Raum 24\/7 unterbrechungsfrei von jedem Ort der Welt aus \u00fcberwachen k\u00f6nnen. Videoaufzeichnung auf MicroSD oder auf das Telefon","robots":{"index":"index","follow":"follow","max-snippet":"max-snippet:-1","max-image-preview":"max-image-preview:large","max-video-preview":"max-video-preview:-1"},"canonical":"https:\/\/www.ortungsgerate.de\/ru\/12-skrytyje-kamery\/27-wlan-mini-kamery\/wlan-kamera-zamaskirovana-v-led-nastolnoy-lampe\/","og_locale":"ru_RU","og_type":"article","og_title":"WLAN-Kamera getarnt in LED-Nachttischlampe","og_description":"Die Nachtlampe wird in die Steckdose eingesteckt, sodass Sie den Raum 24\/7 unterbrechungsfrei von jedem Ort der Welt aus \u00fcberwachen k\u00f6nnen. Videoaufzeichnung auf MicroSD oder auf das Telefon","og_url":"https:\/\/www.ortungsgerate.de\/ru\/12-skrytyje-kamery\/27-wlan-mini-kamery\/wlan-kamera-zamaskirovana-v-led-nastolnoy-lampe\/","og_site_name":"Ortungsger\u00e4te.de","article_modified_time":"2025-12-01T10:26:01+00:00","og_image":[{"width":430,"height":430,"url":"https:\/\/www.ortungsgerate.de\/wp-content\/uploads\/naktine-led-lempute-slapta-vaizdo-kamera.jpg","type":"image\/jpeg"}],"twitter_card":"summary_large_image","twitter_misc":{"\u041f\u0440\u0438\u043c\u0435\u0440\u043d\u043e\u0435 \u0432\u0440\u0435\u043c\u044f \u0434\u043b\u044f \u0447\u0442\u0435\u043d\u0438\u044f":"3 \u043c\u0438\u043d\u0443\u0442\u044b"},"schema":{"@context":"https:\/\/schema.org","@graph":[{"@type":"WebPage","@id":"https:\/\/www.ortungsgerate.de\/12-versteckte-kameras\/27-wlan-minikameras\/wlan-kamera-getarnt-in-led-nachttischlampe\/","url":"https:\/\/www.ortungsgerate.de\/12-versteckte-kameras\/27-wlan-minikameras\/wlan-kamera-getarnt-in-led-nachttischlampe\/","name":"WLAN-\u043a\u0430\u043c\u0435\u0440\u0430 \u0437\u0430\u043c\u0430\u0441\u043a\u0438\u0440\u043e\u0432\u0430\u043d\u0430 \u0432 LED-\u043d\u0430\u0441\u0442\u043e\u043b\u044c\u043d\u043e\u0439 \u043b\u0430\u043c\u043f\u0435","isPartOf":{"@id":"https:\/\/www.ortungsgerate.de\/#website"},"primaryImageOfPage":{"@id":"https:\/\/www.ortungsgerate.de\/12-versteckte-kameras\/27-wlan-minikameras\/wlan-kamera-getarnt-in-led-nachttischlampe\/#primaryimage"},"image":{"@id":"https:\/\/www.ortungsgerate.de\/12-versteckte-kameras\/27-wlan-minikameras\/wlan-kamera-getarnt-in-led-nachttischlampe\/#primaryimage"},"thumbnailUrl":"https:\/\/www.ortungsgerate.de\/wp-content\/uploads\/naktine-led-lempute-slapta-vaizdo-kamera.jpg","datePublished":"2024-02-06T19:36:37+00:00","dateModified":"2025-12-01T10:26:01+00:00","description":"Die Nachtlampe wird in die Steckdose eingesteckt, sodass Sie den Raum 24\/7 unterbrechungsfrei von jedem Ort der Welt aus \u00fcberwachen k\u00f6nnen. Videoaufzeichnung auf MicroSD oder auf das Telefon","breadcrumb":{"@id":"https:\/\/www.ortungsgerate.de\/12-versteckte-kameras\/27-wlan-minikameras\/wlan-kamera-getarnt-in-led-nachttischlampe\/#breadcrumb"},"inLanguage":"ru-RU","potentialAction":[{"@type":"ReadAction","target":["https:\/\/www.ortungsgerate.de\/12-versteckte-kameras\/27-wlan-minikameras\/wlan-kamera-getarnt-in-led-nachttischlampe\/"]}]},{"@type":"ImageObject","inLanguage":"ru-RU","@id":"https:\/\/www.ortungsgerate.de\/12-versteckte-kameras\/27-wlan-minikameras\/wlan-kamera-getarnt-in-led-nachttischlampe\/#primaryimage","url":"https:\/\/www.ortungsgerate.de\/wp-content\/uploads\/naktine-led-lempute-slapta-vaizdo-kamera.jpg","contentUrl":"https:\/\/www.ortungsgerate.de\/wp-content\/uploads\/naktine-led-lempute-slapta-vaizdo-kamera.jpg","width":430,"height":430,"caption":"Nacht-LED-Lampe mit versteckter Videokamera"},{"@type":"BreadcrumbList","@id":"https:\/\/www.ortungsgerate.de\/12-versteckte-kameras\/27-wlan-minikameras\/wlan-kamera-getarnt-in-led-nachttischlampe\/#breadcrumb","itemListElement":[{"@type":"ListItem","position":1,"name":"Startseite","item":"https:\/\/www.ortungsgerate.de\/"},{"@type":"ListItem","position":2,"name":"Shop","item":"https:\/\/www.ortungsgerate.de\/shop\/"},{"@type":"ListItem","position":3,"name":"WLAN-Kamera getarnt in LED-Nachttischlampe"}]},{"@type":"WebSite","@id":"https:\/\/www.ortungsgerate.de\/#website","url":"https:\/\/www.ortungsgerate.de\/","name":"Ortungsgerate.de","description":"","publisher":{"@id":"https:\/\/www.ortungsgerate.de\/#organization"},"potentialAction":[{"@type":"SearchAction","target":{"@type":"EntryPoint","urlTemplate":"https:\/\/www.ortungsgerate.de\/?s={search_term_string}"},"query-input":{"@type":"PropertyValueSpecification","valueRequired":true,"valueName":"search_term_string"}}],"inLanguage":"ru-RU"},{"@type":"Organization","@id":"https:\/\/www.ortungsgerate.de\/#organization","name":"Ortungsgerate.de","url":"https:\/\/www.ortungsgerate.de\/","logo":{"@type":"ImageObject","inLanguage":"ru-RU","@id":"https:\/\/www.ortungsgerate.de\/#\/schema\/logo\/image\/","url":"https:\/\/www.ortungsgerate.de\/wp-content\/uploads\/ortungsgerate.png","contentUrl":"https:\/\/www.ortungsgerate.de\/wp-content\/uploads\/ortungsgerate.png","width":500,"height":135,"caption":"Ortungsgerate.de"},"image":{"@id":"https:\/\/www.ortungsgerate.de\/#\/schema\/logo\/image\/"}}]}},"_links":{"self":[{"href":"https:\/\/www.ortungsgerate.de\/ru\/wp-json\/wp\/v2\/product\/16694","targetHints":{"allow":["GET"]}}],"collection":[{"href":"https:\/\/www.ortungsgerate.de\/ru\/wp-json\/wp\/v2\/product"}],"about":[{"href":"https:\/\/www.ortungsgerate.de\/ru\/wp-json\/wp\/v2\/types\/product"}],"version-history":[{"count":0,"href":"https:\/\/www.ortungsgerate.de\/ru\/wp-json\/wp\/v2\/product\/16694\/revisions"}],"wp:featuredmedia":[{"embeddable":true,"href":"https:\/\/www.ortungsgerate.de\/ru\/wp-json\/wp\/v2\/media\/26415"}],"wp:attachment":[{"href":"https:\/\/www.ortungsgerate.de\/ru\/wp-json\/wp\/v2\/media?parent=16694"}],"wp:term":[{"taxonomy":"brand","embeddable":true,"href":"https:\/\/www.ortungsgerate.de\/ru\/wp-json\/wp\/v2\/etheme_brands?post=16694"},{"taxonomy":"product_brand","embeddable":true,"href":"https:\/\/www.ortungsgerate.de\/ru\/wp-json\/wp\/v2\/product_brand?post=16694"},{"taxonomy":"product_cat","embeddable":true,"href":"https:\/\/www.ortungsgerate.de\/ru\/wp-json\/wp\/v2\/product_cat?post=16694"},{"taxonomy":"product_tag","embeddable":true,"href":"https:\/\/www.ortungsgerate.de\/ru\/wp-json\/wp\/v2\/product_tag?post=16694"}],"curies":[{"name":"wp","href":"https:\/\/api.w.org\/{rel}","templated":true}]}}