{"id":16695,"date":"2024-02-06T21:37:30","date_gmt":"2024-02-06T19:37:30","guid":{"rendered":"https:\/\/ortungsgerate.de\/be-kategorijos\/black-box-slapta-kamera-su-pir-davikliu\/"},"modified":"2025-12-01T11:26:01","modified_gmt":"2025-12-01T10:26:01","slug":"black-box-shpionskaya-kamera-s-pir-sensorom","status":"publish","type":"product","link":"https:\/\/www.ortungsgerate.de\/ru\/12-skrytyje-kamery\/17-zamaskirovanyje-kamery\/black-box-shpionskaya-kamera-s-pir-sensorom\/","title":{"rendered":"Black BOX \u0448\u043f\u0438\u043e\u043d\u0441\u043a\u0430\u044f \u043a\u0430\u043c\u0435\u0440\u0430 \u0441 PIR-\u0441\u0435\u043d\u0441\u043e\u0440\u043e\u043c"},"content":{"rendered":"<p><strong>\u0410\u041a\u0426\u0418\u042f: Micro SD 32GB \u0432 \u043f\u043e\u0434\u0430\u0440\u043e\u043a<\/strong><\/p>\n<p><strong>\u0422\u0435\u0445\u043d\u0438\u0447\u0435\u0441\u043a\u0438\u0435 \u043f\u0430\u0440\u0430\u043c\u0435\u0442\u0440\u044b:<\/strong><\/p>\n<ul>\n<li>Fernansicht des Videos: JA<\/li>\n<li>\u0412\u0438\u0434\u0435\u043e\u0437\u0430\u043f\u0438\u0441\u044c \u0441\u043e \u0437\u0432\u0443\u043a\u043e\u043c<\/li>\n<li>Objektiv: OV9712 2 MP<\/li>\n<li>Nachtsehen: 5 m Entfernung<\/li>\n<li>Videoqualit\u00e4t: Live-Ansicht: HD 1920*1080<\/li>\n<li>Fotoaufl\u00f6sung: 1920*1080<\/li>\n<li>Objektiv: 90 Grad Blickwinkel<\/li>\n<li>Videoaufzeichnung: 1 Std. 1 GB<\/li>\n<li>Bildrate: 25 FPS<\/li>\n<li>\u0423\u0432\u0435\u0434\u043e\u043c\u043b\u0435\u043d\u0438\u044f \u043f\u0440\u0438 \u043e\u0431\u043d\u0430\u0440\u0443\u0436\u0435\u043d\u0438\u0438 \u0434\u0432\u0438\u0436\u0435\u043d\u0438\u044f (Push-\u0443\u0432\u0435\u0434\u043e\u043c\u043b\u0435\u043d\u0438\u0435)<\/li>\n<li>Speicherkartenunterst\u00fctzung: von 4 GB bis 128 GB (Speicherkarte nicht im Lieferumfang)<\/li>\n<li>Video\u00fcberwachung: per Telefon oder Computer (Live \u00fcber das Internet)<\/li>\n<li>Betriebszeit: \u00fcber Stromversorgung 24\/7<\/li>\n<li>Batterie: 5000 mAh (ohne Stromversorgung bis zu 10 Stunden Betriebszeit)<\/li>\n<li>Bewegungserkennung: JA<\/li>\n<li>\u0424\u043e\u0440\u043c\u0430\u0442 \u0441\u0436\u0430\u0442\u0438\u044f: AVI H.264<\/li>\n<li>Videoformat: AVI<\/li>\n<li>Systeme: \u201eiOS\u201d, \u201eAndroid\u201d, \u201eWindows\u201d<\/li>\n<li>App: vorhanden<\/li>\n<li>Stromversorgung: interne oder externe Batterie; 5V-Stromanschluss<\/li>\n<li>Wi-Fi: Vorhanden<\/li>\n<li><strong>\u0413\u0410\u0420\u0410\u041d\u0422\u0418\u042f 12 \u043c\u0435\u0441\u044f\u0446\u0435\u0432<\/strong><\/li>\n<\/ul>\n<p><span style=\"color: #d0121a;\"><\/span><\/p>\n<p>Einsatzbereich: Zum Schutz Ihrer selbst und Ihrer Kinder.<\/p>\n<p><strong>Versteckte getarnte Kamera, die \u00fcber ein Wi-Fi-Netzwerk arbeitet<\/strong><\/p>\n<p>Die Verwendung versteckter Kameras ist heutzutage keineswegs eine Neuigkeit, und ihre Einsatzm\u00f6glichkeiten sind nahezu unbegrenzt: H\u00e4ufig haben wir pflegebed\u00fcrftige Eltern, mit denen wir nicht zusammenleben, und Kameras erm\u00f6glichen es, sie aus der Ferne zu \u00fcberwachen. Zu Hause allein gelassene minderj\u00e4hrige Kinder stellen oft etwas an, Kameras helfen, die Kinder zu sch\u00fctzen. Wenn sichtbare Kameras gew\u00e4hlt werden, ist es nicht immer m\u00f6glich herauszufinden, wie sich bestimmte Personen verhalten, wenn sie sich unbeobachtet f\u00fchlen usw. Genau deshalb kann der Einsatz einer versteckten Kamera in vielen F\u00e4llen die beste L\u00f6sung sein: Ein solches Ger\u00e4t hilft stets, die gew\u00fcnschte Information zu erhalten oder die Sicherheit der sich in den R\u00e4umen befindenden Gegenst\u00e4nde zu gew\u00e4hrleisten. Eine versteckte getarnte Kamera, die \u00fcber ein Wi-Fi-Netzwerk arbeitet, kann immer die beste Wahl sein: Dieses Ger\u00e4t ist sehr einfach zu bedienen und kann nicht nur in Wohnr\u00e4umen, sondern auch in B\u00fcros usw. eingesetzt werden.<\/p>\n<p><strong>\u00dcberwachung der aufgenommenen Bilder in Echtzeit<\/strong><\/p>\n<p>Die versteckte getarnte Kamera erm\u00f6glicht es, die aufgezeichneten Bilder in Echtzeit zu \u00fcberwachen: Ganz gleich, wo Sie sich befinden, Sie k\u00f6nnen sich jederzeit mit der App verbinden und nachsehen, was aktuell in der von Ihnen \u00fcberwachten Umgebung passiert. Sobald der Verdacht aufkommt, dass in dem \u00fcberwachten Raum etwas Wichtiges vor sich gehen k\u00f6nnte, k\u00f6nnen Sie sich mit der Applikation verbinden. Nat\u00fcrlich kann nicht jeder von uns sich auf einen ausreichend starken Instinkt verlassen, daher \u00fcberzeugt die versteckte Kamera mit einer weiteren sehr wichtigen Funktion \u2013 PIR-Bewegungssensoren, die Bewegungen erfassen und Sie dar\u00fcber per Benachrichtigung informieren. Sie m\u00fcssen nicht st\u00e4ndig \u00fcberpr\u00fcfen, ob in den R\u00e4umen etwas geschieht, denn Sie erhalten nur dann Meldungen, wenn in der \u00fcberwachten Umgebung tats\u00e4chlich etwas passiert.<\/p>\n<p><strong>Unterbrechungsfreie Videoaufzeichnung<\/strong><\/p>\n<p>Obwohl die versteckte Kamera \u00fcber ein Wi-Fi-Netzwerk arbeitet und Sie nach Verbindung mit der App jederzeit sehen k\u00f6nnen, was in den R\u00e4umen geschieht, kommt es manchmal vor, dass die Internetverbindung unerwartet unterbrochen wird. In diesem Fall k\u00f6nnen Sie die Bilder nicht in Echtzeit verfolgen, das bedeutet jedoch keineswegs, dass die aufgezeichneten Bilder Sie nicht erreichen: Die Videoaufzeichnung erfolgt kontinuierlich, sodass Sie die Daten jederzeit auf den Computer \u00fcbertragen und nachverfolgen k\u00f6nnen, was in der \u00fcberwachs\u00adten Umgebung geschehen ist. Die versteckte Kamera unterst\u00fctzt microSD-Karten mit einer Kapazit\u00e4t von bis zu 128 GB, sodass Sie die M\u00f6glichkeit haben, eine wirklich gro\u00dfe Menge an Informationen zu speichern.<\/p>\n<p><strong>Leistungsstarker Kamerakku<\/strong><\/p>\n<p>Die versteckte getarnte Kamera zeichnet sich durch einen besonders leistungsstarken Akku (ganze 5000 mAh) aus, was eine Videoaufzeichnung ohne Aufladen von bis zu 10 Stunden erm\u00f6glicht. Wenn Sie bef\u00fcrchten, aufgrund eines entladenen Akkus etwas Wichtiges nicht aufzeichnen zu k\u00f6nnen, k\u00f6nnen Sie die Kamera an das Stromnetz anschlie\u00dfen, und in diesem Fall erfolgt die Videoaufzeichnung 24 Stunden am Tag, 7 Tage die Woche.<\/p>\n<p><strong>Nachtsehfunktion<\/strong><\/p>\n<p>Die Aufzeichnung von Videos kann nicht nur bei Tageslicht, sondern auch nachts relevant sein, daher kann diese versteckte Kamera eine sehr vorteilhafte Wahl sein: Im Dunkeln kann die Kamera Videoaufnahmen in einem Radius von 5 Metern machen, sodass Sie auch bei unzureichender Beleuchtung nichts Wichtiges verpassen. Die Qualit\u00e4t der bei Dunkelheit aufgenommenen Bilder wird ebenfalls ausreichend gut sein, daher ist es nicht notwendig, daf\u00fcr zu sorgen, dass die R\u00e4ume stets hell beleuchtet sind.<\/p>\n<p><strong>Hohe Videoaufzeichnungsqualit\u00e4t<\/strong><\/p>\n<p>Bei der Wahl einer Kamera ist die Qualit\u00e4t der Videoaufnahmen h\u00e4ufig eines der wichtigsten Kriterien, daher kann diese versteckte Kamera eine der vorteilhaftesten Optionen sein. Dennoch m\u00fcssen Sie sich keine Sorgen machen, dass die Videoaufnahmen auf der Speicherkarte zu viel Platz einnehmen: Die H.264-Video-Codierung erm\u00f6glicht eine speichersparende Aufzeichnung der Informationen (eine Stunde Video belegt etwa 1 GB Speicherplatz).<\/p>\n<p><strong>Vielf\u00e4ltige Einsatzm\u00f6glichkeiten<\/strong><\/p>\n<p>Die versteckte getarnte Kamera kann in Innenr\u00e4umen f\u00fcr sehr unterschiedliche Zwecke eingesetzt werden: wenn Sie herausfinden m\u00f6chten, ob sich Mitarbeiter korrekt verhalten und w\u00e4hrend der Arbeitszeit keiner Nebent\u00e4tigkeit nachgehen, wenn Zweifel bestehen, ob die ins Haus kommende Nanny nicht stiehlt und Ihre Kinder angemessen behandelt usw. Versteckte Kameras bew\u00e4hren sich auch dann hervorragend, wenn Sie wissen m\u00f6chten, was die Kinder zu Hause machen, oder sich vergewissern wollen, dass Ihr Partner bzw. Ihre Partnerin treu ist. In jedem konkreten Fall kann die versteckte Kamera f\u00fcr pers\u00f6nliche Bed\u00fcrfnisse angepasst werden, daher lohnt es sich auf jeden Fall, \u00fcber eine solche M\u00f6glichkeit nachzudenken.<\/p>\n<p><strong>Kaufen Sie jetzt eine versteckte Kamera<\/strong><\/p>\n<p>Es ist besser, vorsichtig zu sein, als von Zweifeln geplagt zu werden, daher kann der Kauf einer versteckten Kamera in sehr unterschiedlichen Situationen von Nutzen sein. Heutzutage k\u00f6nnen verdeckte Aufnahmeger\u00e4te zu wirklich attraktiven Preisen erworben werden, daher sollten Sie sich nicht von Zweifeln beherrschen lassen \u2013 eine versteckte Kamera hilft Ihnen, die ben\u00f6tigten Informationen schnell und einfach zu erhalten.<\/p>","protected":false},"excerpt":{"rendered":"<p>AKTION: Micro SD 32GB als Geschenk Technische Parameter: Fernansicht des Videos: JA Videoaufzeichnung mit Ton Objektiv: OV9712 2 MP Nachtsehen: 5 m Entfernung Videoqualit\u00e4t: Live-Ansicht:&#8230;<\/p>","protected":false},"featured_media":26410,"template":"","meta":[],"etheme_brands":[],"product_brand":[],"product_cat":[204,203,205],"product_tag":[42,707,705,690,693],"class_list":{"0":"post-16695","1":"product","2":"type-product","3":"status-publish","4":"has-post-thumbnail","6":"product_cat-17-getarnte-kameras","7":"product_cat-12-versteckte-kameras","8":"product_cat-27-wlan-minikameras","9":"product_tag-kamera","10":"product_tag-kamera-uhr","11":"product_tag-ueberwachungskamera","12":"product_tag-versteckte-kamera","13":"product_tag-wlan-kamera","14":"pa_typ-externe-akkus-powerbank","16":"first","17":"outofstock","18":"taxable","19":"shipping-taxable","20":"purchasable","21":"product-type-simple"},"yoast_head":"<!-- This site is optimized with the Yoast SEO Premium plugin v25.9 (Yoast SEO v27.4) - https:\/\/yoast.com\/product\/yoast-seo-premium-wordpress\/ -->\n<title>Black BOX versteckte Kamera mit PIR-Sensor lange Betriebsdauer<\/title>\n<meta name=\"description\" content=\"Blackbox versteckte Kamera mit hochqualitativem Bild. Einfache Bedienung, Nachtsicht. Gro\u00dfe Auswahl an versteckten Kameras. Niedrige Preise, wir schulen in der Anwendung\" \/>\n<meta name=\"robots\" content=\"index, follow, max-snippet:-1, max-image-preview:large, max-video-preview:-1\" \/>\n<link rel=\"canonical\" href=\"https:\/\/www.ortungsgerate.de\/ru\/12-skrytyje-kamery\/27-wlan-mini-kamery\/black-box-shpionskaya-kamera-s-pir-sensorom\/\" \/>\n<meta property=\"og:locale\" content=\"ru_RU\" \/>\n<meta property=\"og:type\" content=\"article\" \/>\n<meta property=\"og:title\" content=\"Black BOX Spionagekamera mit PIR-Sensor\" \/>\n<meta property=\"og:description\" content=\"Blackbox versteckte Kamera mit hochqualitativem Bild. Einfache Bedienung, Nachtsicht. Gro\u00dfe Auswahl an versteckten Kameras. Niedrige Preise, wir schulen in der Anwendung\" \/>\n<meta property=\"og:url\" content=\"https:\/\/www.ortungsgerate.de\/ru\/12-skrytyje-kamery\/27-wlan-mini-kamery\/black-box-shpionskaya-kamera-s-pir-sensorom\/\" \/>\n<meta property=\"og:site_name\" content=\"Ortungsger\u00e4te.de\" \/>\n<meta property=\"article:modified_time\" content=\"2025-12-01T10:26:01+00:00\" \/>\n<meta property=\"og:image\" content=\"https:\/\/www.ortungsgerate.de\/wp-content\/uploads\/black-box-vaizdo-kamera.jpg\" \/>\n\t<meta property=\"og:image:width\" content=\"458\" \/>\n\t<meta property=\"og:image:height\" content=\"458\" \/>\n\t<meta property=\"og:image:type\" content=\"image\/jpeg\" \/>\n<meta name=\"twitter:card\" content=\"summary_large_image\" \/>\n<meta name=\"twitter:label1\" content=\"\u041f\u0440\u0438\u043c\u0435\u0440\u043d\u043e\u0435 \u0432\u0440\u0435\u043c\u044f \u0434\u043b\u044f \u0447\u0442\u0435\u043d\u0438\u044f\" \/>\n\t<meta name=\"twitter:data1\" content=\"5 \u043c\u0438\u043d\u0443\u0442\" \/>\n<script type=\"application\/ld+json\" class=\"yoast-schema-graph\">{\"@context\":\"https:\\\/\\\/schema.org\",\"@graph\":[{\"@type\":\"WebPage\",\"@id\":\"https:\\\/\\\/www.ortungsgerate.de\\\/12-versteckte-kameras\\\/27-wlan-minikameras\\\/black-box-spionagekamera-mit-pir-sensor\\\/\",\"url\":\"https:\\\/\\\/www.ortungsgerate.de\\\/12-versteckte-kameras\\\/27-wlan-minikameras\\\/black-box-spionagekamera-mit-pir-sensor\\\/\",\"name\":\"Black BOX versteckte Kamera mit PIR-Sensor lange Betriebsdauer\",\"isPartOf\":{\"@id\":\"https:\\\/\\\/www.ortungsgerate.de\\\/#website\"},\"primaryImageOfPage\":{\"@id\":\"https:\\\/\\\/www.ortungsgerate.de\\\/12-versteckte-kameras\\\/27-wlan-minikameras\\\/black-box-spionagekamera-mit-pir-sensor\\\/#primaryimage\"},\"image\":{\"@id\":\"https:\\\/\\\/www.ortungsgerate.de\\\/12-versteckte-kameras\\\/27-wlan-minikameras\\\/black-box-spionagekamera-mit-pir-sensor\\\/#primaryimage\"},\"thumbnailUrl\":\"https:\\\/\\\/www.ortungsgerate.de\\\/wp-content\\\/uploads\\\/black-box-vaizdo-kamera.jpg\",\"datePublished\":\"2024-02-06T19:37:30+00:00\",\"dateModified\":\"2025-12-01T10:26:01+00:00\",\"description\":\"Blackbox versteckte Kamera mit hochqualitativem Bild. Einfache Bedienung, Nachtsicht. Gro\u00dfe Auswahl an versteckten Kameras. Niedrige Preise, wir schulen in der Anwendung\",\"breadcrumb\":{\"@id\":\"https:\\\/\\\/www.ortungsgerate.de\\\/12-versteckte-kameras\\\/27-wlan-minikameras\\\/black-box-spionagekamera-mit-pir-sensor\\\/#breadcrumb\"},\"inLanguage\":\"ru-RU\",\"potentialAction\":[{\"@type\":\"ReadAction\",\"target\":[\"https:\\\/\\\/www.ortungsgerate.de\\\/12-versteckte-kameras\\\/27-wlan-minikameras\\\/black-box-spionagekamera-mit-pir-sensor\\\/\"]}]},{\"@type\":\"ImageObject\",\"inLanguage\":\"ru-RU\",\"@id\":\"https:\\\/\\\/www.ortungsgerate.de\\\/12-versteckte-kameras\\\/27-wlan-minikameras\\\/black-box-spionagekamera-mit-pir-sensor\\\/#primaryimage\",\"url\":\"https:\\\/\\\/www.ortungsgerate.de\\\/wp-content\\\/uploads\\\/black-box-vaizdo-kamera.jpg\",\"contentUrl\":\"https:\\\/\\\/www.ortungsgerate.de\\\/wp-content\\\/uploads\\\/black-box-vaizdo-kamera.jpg\",\"width\":458,\"height\":458,\"caption\":\"Black Box Videokamera\"},{\"@type\":\"BreadcrumbList\",\"@id\":\"https:\\\/\\\/www.ortungsgerate.de\\\/12-versteckte-kameras\\\/27-wlan-minikameras\\\/black-box-spionagekamera-mit-pir-sensor\\\/#breadcrumb\",\"itemListElement\":[{\"@type\":\"ListItem\",\"position\":1,\"name\":\"Startseite\",\"item\":\"https:\\\/\\\/www.ortungsgerate.de\\\/\"},{\"@type\":\"ListItem\",\"position\":2,\"name\":\"Shop\",\"item\":\"https:\\\/\\\/www.ortungsgerate.de\\\/shop\\\/\"},{\"@type\":\"ListItem\",\"position\":3,\"name\":\"Black BOX Spionagekamera mit PIR-Sensor\"}]},{\"@type\":\"WebSite\",\"@id\":\"https:\\\/\\\/www.ortungsgerate.de\\\/#website\",\"url\":\"https:\\\/\\\/www.ortungsgerate.de\\\/\",\"name\":\"Ortungsgerate.de\",\"description\":\"\",\"publisher\":{\"@id\":\"https:\\\/\\\/www.ortungsgerate.de\\\/#organization\"},\"potentialAction\":[{\"@type\":\"SearchAction\",\"target\":{\"@type\":\"EntryPoint\",\"urlTemplate\":\"https:\\\/\\\/www.ortungsgerate.de\\\/?s={search_term_string}\"},\"query-input\":{\"@type\":\"PropertyValueSpecification\",\"valueRequired\":true,\"valueName\":\"search_term_string\"}}],\"inLanguage\":\"ru-RU\"},{\"@type\":\"Organization\",\"@id\":\"https:\\\/\\\/www.ortungsgerate.de\\\/#organization\",\"name\":\"Ortungsgerate.de\",\"url\":\"https:\\\/\\\/www.ortungsgerate.de\\\/\",\"logo\":{\"@type\":\"ImageObject\",\"inLanguage\":\"ru-RU\",\"@id\":\"https:\\\/\\\/www.ortungsgerate.de\\\/#\\\/schema\\\/logo\\\/image\\\/\",\"url\":\"https:\\\/\\\/www.ortungsgerate.de\\\/wp-content\\\/uploads\\\/ortungsgerate.png\",\"contentUrl\":\"https:\\\/\\\/www.ortungsgerate.de\\\/wp-content\\\/uploads\\\/ortungsgerate.png\",\"width\":500,\"height\":135,\"caption\":\"Ortungsgerate.de\"},\"image\":{\"@id\":\"https:\\\/\\\/www.ortungsgerate.de\\\/#\\\/schema\\\/logo\\\/image\\\/\"}}]}<\/script>\n<!-- \/ Yoast SEO Premium plugin. -->","yoast_head_json":{"title":"Black BOX versteckte Kamera mit PIR-Sensor lange Betriebsdauer","description":"Blackbox versteckte Kamera mit hochqualitativem Bild. Einfache Bedienung, Nachtsicht. Gro\u00dfe Auswahl an versteckten Kameras. Niedrige Preise, wir schulen in der Anwendung","robots":{"index":"index","follow":"follow","max-snippet":"max-snippet:-1","max-image-preview":"max-image-preview:large","max-video-preview":"max-video-preview:-1"},"canonical":"https:\/\/www.ortungsgerate.de\/ru\/12-skrytyje-kamery\/27-wlan-mini-kamery\/black-box-shpionskaya-kamera-s-pir-sensorom\/","og_locale":"ru_RU","og_type":"article","og_title":"Black BOX Spionagekamera mit PIR-Sensor","og_description":"Blackbox versteckte Kamera mit hochqualitativem Bild. Einfache Bedienung, Nachtsicht. Gro\u00dfe Auswahl an versteckten Kameras. Niedrige Preise, wir schulen in der Anwendung","og_url":"https:\/\/www.ortungsgerate.de\/ru\/12-skrytyje-kamery\/27-wlan-mini-kamery\/black-box-shpionskaya-kamera-s-pir-sensorom\/","og_site_name":"Ortungsger\u00e4te.de","article_modified_time":"2025-12-01T10:26:01+00:00","og_image":[{"width":458,"height":458,"url":"https:\/\/www.ortungsgerate.de\/wp-content\/uploads\/black-box-vaizdo-kamera.jpg","type":"image\/jpeg"}],"twitter_card":"summary_large_image","twitter_misc":{"\u041f\u0440\u0438\u043c\u0435\u0440\u043d\u043e\u0435 \u0432\u0440\u0435\u043c\u044f \u0434\u043b\u044f \u0447\u0442\u0435\u043d\u0438\u044f":"5 \u043c\u0438\u043d\u0443\u0442"},"schema":{"@context":"https:\/\/schema.org","@graph":[{"@type":"WebPage","@id":"https:\/\/www.ortungsgerate.de\/12-versteckte-kameras\/27-wlan-minikameras\/black-box-spionagekamera-mit-pir-sensor\/","url":"https:\/\/www.ortungsgerate.de\/12-versteckte-kameras\/27-wlan-minikameras\/black-box-spionagekamera-mit-pir-sensor\/","name":"Black BOX versteckte Kamera mit PIR-Sensor lange Betriebsdauer","isPartOf":{"@id":"https:\/\/www.ortungsgerate.de\/#website"},"primaryImageOfPage":{"@id":"https:\/\/www.ortungsgerate.de\/12-versteckte-kameras\/27-wlan-minikameras\/black-box-spionagekamera-mit-pir-sensor\/#primaryimage"},"image":{"@id":"https:\/\/www.ortungsgerate.de\/12-versteckte-kameras\/27-wlan-minikameras\/black-box-spionagekamera-mit-pir-sensor\/#primaryimage"},"thumbnailUrl":"https:\/\/www.ortungsgerate.de\/wp-content\/uploads\/black-box-vaizdo-kamera.jpg","datePublished":"2024-02-06T19:37:30+00:00","dateModified":"2025-12-01T10:26:01+00:00","description":"Blackbox versteckte Kamera mit hochqualitativem Bild. Einfache Bedienung, Nachtsicht. Gro\u00dfe Auswahl an versteckten Kameras. Niedrige Preise, wir schulen in der Anwendung","breadcrumb":{"@id":"https:\/\/www.ortungsgerate.de\/12-versteckte-kameras\/27-wlan-minikameras\/black-box-spionagekamera-mit-pir-sensor\/#breadcrumb"},"inLanguage":"ru-RU","potentialAction":[{"@type":"ReadAction","target":["https:\/\/www.ortungsgerate.de\/12-versteckte-kameras\/27-wlan-minikameras\/black-box-spionagekamera-mit-pir-sensor\/"]}]},{"@type":"ImageObject","inLanguage":"ru-RU","@id":"https:\/\/www.ortungsgerate.de\/12-versteckte-kameras\/27-wlan-minikameras\/black-box-spionagekamera-mit-pir-sensor\/#primaryimage","url":"https:\/\/www.ortungsgerate.de\/wp-content\/uploads\/black-box-vaizdo-kamera.jpg","contentUrl":"https:\/\/www.ortungsgerate.de\/wp-content\/uploads\/black-box-vaizdo-kamera.jpg","width":458,"height":458,"caption":"Black Box Videokamera"},{"@type":"BreadcrumbList","@id":"https:\/\/www.ortungsgerate.de\/12-versteckte-kameras\/27-wlan-minikameras\/black-box-spionagekamera-mit-pir-sensor\/#breadcrumb","itemListElement":[{"@type":"ListItem","position":1,"name":"Startseite","item":"https:\/\/www.ortungsgerate.de\/"},{"@type":"ListItem","position":2,"name":"Shop","item":"https:\/\/www.ortungsgerate.de\/shop\/"},{"@type":"ListItem","position":3,"name":"Black BOX Spionagekamera mit PIR-Sensor"}]},{"@type":"WebSite","@id":"https:\/\/www.ortungsgerate.de\/#website","url":"https:\/\/www.ortungsgerate.de\/","name":"Ortungsgerate.de","description":"","publisher":{"@id":"https:\/\/www.ortungsgerate.de\/#organization"},"potentialAction":[{"@type":"SearchAction","target":{"@type":"EntryPoint","urlTemplate":"https:\/\/www.ortungsgerate.de\/?s={search_term_string}"},"query-input":{"@type":"PropertyValueSpecification","valueRequired":true,"valueName":"search_term_string"}}],"inLanguage":"ru-RU"},{"@type":"Organization","@id":"https:\/\/www.ortungsgerate.de\/#organization","name":"Ortungsgerate.de","url":"https:\/\/www.ortungsgerate.de\/","logo":{"@type":"ImageObject","inLanguage":"ru-RU","@id":"https:\/\/www.ortungsgerate.de\/#\/schema\/logo\/image\/","url":"https:\/\/www.ortungsgerate.de\/wp-content\/uploads\/ortungsgerate.png","contentUrl":"https:\/\/www.ortungsgerate.de\/wp-content\/uploads\/ortungsgerate.png","width":500,"height":135,"caption":"Ortungsgerate.de"},"image":{"@id":"https:\/\/www.ortungsgerate.de\/#\/schema\/logo\/image\/"}}]}},"_links":{"self":[{"href":"https:\/\/www.ortungsgerate.de\/ru\/wp-json\/wp\/v2\/product\/16695","targetHints":{"allow":["GET"]}}],"collection":[{"href":"https:\/\/www.ortungsgerate.de\/ru\/wp-json\/wp\/v2\/product"}],"about":[{"href":"https:\/\/www.ortungsgerate.de\/ru\/wp-json\/wp\/v2\/types\/product"}],"version-history":[{"count":0,"href":"https:\/\/www.ortungsgerate.de\/ru\/wp-json\/wp\/v2\/product\/16695\/revisions"}],"wp:featuredmedia":[{"embeddable":true,"href":"https:\/\/www.ortungsgerate.de\/ru\/wp-json\/wp\/v2\/media\/26410"}],"wp:attachment":[{"href":"https:\/\/www.ortungsgerate.de\/ru\/wp-json\/wp\/v2\/media?parent=16695"}],"wp:term":[{"taxonomy":"brand","embeddable":true,"href":"https:\/\/www.ortungsgerate.de\/ru\/wp-json\/wp\/v2\/etheme_brands?post=16695"},{"taxonomy":"product_brand","embeddable":true,"href":"https:\/\/www.ortungsgerate.de\/ru\/wp-json\/wp\/v2\/product_brand?post=16695"},{"taxonomy":"product_cat","embeddable":true,"href":"https:\/\/www.ortungsgerate.de\/ru\/wp-json\/wp\/v2\/product_cat?post=16695"},{"taxonomy":"product_tag","embeddable":true,"href":"https:\/\/www.ortungsgerate.de\/ru\/wp-json\/wp\/v2\/product_tag?post=16695"}],"curies":[{"name":"wp","href":"https:\/\/api.w.org\/{rel}","templated":true}]}}