{"id":16697,"date":"2024-02-06T21:38:42","date_gmt":"2024-02-06T19:38:42","guid":{"rendered":"https:\/\/ortungsgerate.de\/be-kategorijos\/ptz-4g-kamera-su-10x-optiniu-priartinimu-5mpx-nereikia-wi-fi\/"},"modified":"2025-11-26T19:01:36","modified_gmt":"2025-11-26T17:01:36","slug":"ptz-4g-kamera-s-10-kratnym-opticheskim-zumom-5mpx-wi-fi-ne-trebuetsya","status":"publish","type":"product","link":"https:\/\/www.ortungsgerate.de\/ru\/12-skrytyje-kamery\/30-4g-kamery-2\/ptz-4g-kamera-s-10-kratnym-opticheskim-zumom-5mpx-wi-fi-ne-trebuetsya\/","title":{"rendered":"PTZ 4G \u043a\u0430\u043c\u0435\u0440\u0430 \u0441 10-\u043a\u0440\u0430\u0442\u043d\u044b\u043c \u043e\u043f\u0442\u0438\u0447\u0435\u0441\u043a\u0438\u043c \u0437\u0443\u043c\u043e\u043c 5MPX (Wi-Fi \u043d\u0435 \u0442\u0440\u0435\u0431\u0443\u0435\u0442\u0441\u044f)"},"content":{"rendered":"<h3><strong>\u0422\u0435\u0445\u043d\u0438\u0447\u0435\u0441\u043a\u0438\u0435 \u043f\u0430\u0440\u0430\u043c\u0435\u0442\u0440\u044b:<\/strong><\/h3>\n<ul>\n<li>Fernanzeige: JA<\/li>\n<li>Live-Audioabh\u00f6rung m\u00f6glich<\/li>\n<li>Videoaufnahmen erfolgen mit Ton<\/li>\n<li>Kabell\u00e4nge der Kamera 0,4 Meter<\/li>\n<li>Automatische Objektverfolgung<\/li>\n<li>\u0418\u0437\u043e\u0431\u0440\u0430\u0436\u0435\u043d\u0438\u0435 \u0437\u0430\u043f\u0438\u0441\u044b\u0432\u0430\u0435\u0442\u0441\u044f \u0441\u043e \u0437\u0432\u0443\u043a\u043e\u043c<\/li>\n<li>Videozoom: 10-facher optischer Zoom<\/li>\n<li>Die Kamera kann ein Objekt verfolgen.<\/li>\n<li>Unterst\u00fctzt Speicherkarten bis 128 GB<\/li>\n<li>Kann an eine permanente Stromversorgung angeschlossen werden<\/li>\n<li>Netzwerk: GSM 4G, es wird eine SIM-Karte mit Internet eingesetzt<\/li>\n<li>Nachtsehen: vorhanden<\/li>\n<li>Videoqualit\u00e4t: Anzeige: FULL HD1080P,<\/li>\n<li>Ansicht der Bilder m\u00f6glich \u00fcber: Telefon<\/li>\n<li>Benachrichtigungen auf das Telefon: Vorhanden<\/li>\n<li>SIM-Karten-Slot: Vorhanden<\/li>\n<li>Bewegungserkennungsmodus: JA<\/li>\n<li>\u0423\u0433\u043e\u043b \u043e\u0431\u0437\u043e\u0440\u0430: 110 \u00b0<\/li>\n<li>\u0424\u043e\u0440\u043c\u0430\u0442 \u0441\u0436\u0430\u0442\u0438\u044f: AVI H.264<\/li>\n<li>\u041f\u043e\u0434\u0434\u0435\u0440\u0436\u0438\u0432\u0430\u0435\u043c\u044b\u0435 \u0441\u0438\u0441\u0442\u0435\u043c\u044b: \u201eiOS\u201c \u201eAndroid\u201c<\/li>\n<li>App f\u00fcr mobile Ger\u00e4te: Vorhanden<\/li>\n<li>Stromversorgungsarten: PPOE oder von einer Stromquelle (220 V)<\/li>\n<li>\u0423\u043f\u0440\u0430\u0432\u043b\u0435\u043d\u0438\u0435 \u0437\u0430\u043f\u0438\u0441\u044c\u044e: \u0441 \u043b\u044e\u0431\u043e\u0433\u043e \u0441\u043c\u0430\u0440\u0442-\u0443\u0441\u0442\u0440\u043e\u0439\u0441\u0442\u0432\u0430 (\u0442\u0435\u043b\u0435\u0444\u043e\u043d, \u043a\u043e\u043c\u043f\u044c\u044e\u0442\u0435\u0440 \u0438\u043b\u0438 \u043f\u043b\u0430\u043d\u0448\u0435\u0442).<\/li>\n<li>\u0413\u0430\u0440\u0430\u043d\u0442\u0438\u044f 12 \u043c\u0435\u0441\u044f\u0446\u0435\u0432<\/li>\n<\/ul>\n<p><span style=\"color: #d0121a;\"><strong>   <\/strong><\/span><\/p>\n<p>Die PTZ-Kamera (Pan, Tilt, Zoom) ist eine ausgezeichnete Wahl f\u00fcr die Sicherung eines Hauses oder eines Ferienhauses. Sie kann sich bewegende Objekte verfolgen und die Kamera automatisch schwenken, damit Sie das gesamte Gel\u00e4nde \u00fcberwachen k\u00f6nnen. Diese Kamera verf\u00fcgt au\u00dferdem \u00fcber einen optischen Zoom, der es erm\u00f6glicht, Details genauer zu erkennen, sowie \u00fcber eine Nachtsicht bis zu 30 Metern.<\/p>\n<p>Um diese Kamera zu verwenden, ben\u00f6tigen Sie eine SIM-Karte mit Internet, damit Sie das Bild live auf Ihrem Mobiltelefon \u00fcberwachen k\u00f6nnen. Dar\u00fcber hinaus verf\u00fcgt die Kamera \u00fcber ein Metallgeh\u00e4use und 6 LED-Infrarotdioden zur Ausleuchtung, wodurch sie zuverl\u00e4ssig und widerstandsf\u00e4hig gegen\u00fcber Umwelteinfl\u00fcssen ist.<\/p>\n<p>Diese Kamera kann au\u00dferdem Benachrichtigungen an Ihr Mobiltelefon senden, wenn jemand Ihr Gel\u00e4nde betritt. So k\u00f6nnen Sie schnell auf potenziell gef\u00e4hrliche oder unerw\u00fcnschte Ereignisse reagieren und Ihr Eigentum sowie Ihre Sicherheit sch\u00fctzen.<\/p>\n<p>Insgesamt ist die PTZ-Kamera eine hervorragende Wahl f\u00fcr die \u00dcberwachung eines Hauses oder Ferienhauses, selbst wenn auf Ihrem Gel\u00e4nde kein WLAN-Internet vorhanden ist. Sie erm\u00f6glicht es, das Bild live auf Ihrem Mobiltelefon zu betrachten und Ereignisbenachrichtigungen zu erhalten, damit Sie schnell reagieren und Ihr Eigentum sch\u00fctzen k\u00f6nnen.<\/p>","protected":false},"excerpt":{"rendered":"<p>Technische Parameter: Fernanzeige: JA Live-Audioabh\u00f6rung m\u00f6glich Videoaufnahmen erfolgen mit Ton Kabell\u00e4nge der Kamera 0,4 Meter Automatische Objektverfolgung Bild wird mit Ton aufgezeichnet Videozoom: 10-facher optischer&#8230;<\/p>","protected":false},"featured_media":2070,"template":"","meta":[],"etheme_brands":[],"product_brand":[],"product_cat":[219,224,203],"product_tag":[687,739,705,690,691,693],"class_list":{"0":"post-16697","1":"product","2":"type-product","3":"status-publish","4":"has-post-thumbnail","6":"product_cat-30-4g-kameras","7":"product_cat-36-aussenkameras-4g-wlan","8":"product_cat-12-versteckte-kameras","9":"product_tag-kamera-zur-ueberwachung","10":"product_tag-spionagekamera","11":"product_tag-ueberwachungskamera","12":"product_tag-versteckte-kamera","13":"product_tag-versteckte-ueberwachungskamera","14":"product_tag-wlan-kamera","15":"pa_typ-jagd-outdoor","17":"first","18":"outofstock","19":"taxable","20":"shipping-taxable","21":"purchasable","22":"product-type-simple"},"yoast_head":"<!-- This site is optimized with the Yoast SEO Premium plugin v25.9 (Yoast SEO v27.4) - https:\/\/yoast.com\/product\/yoast-seo-premium-wordpress\/ -->\n<title>PTZ 4G Kamera mit 10x optischem Zoom 5Mpx - Sekimoiranga.lt<\/title>\n<meta name=\"description\" content=\"Hochwertiges Bild, sogar 10-facher optischer Zoom. Kamera mit 4G (es wird eine SIM-Karte eingelegt). Video\u00fcberwachung aus der Ferne. Kostenloser Versand in Litauen\" \/>\n<meta name=\"robots\" content=\"index, follow, max-snippet:-1, max-image-preview:large, max-video-preview:-1\" \/>\n<link rel=\"canonical\" href=\"https:\/\/www.ortungsgerate.de\/ru\/12-skrytyje-kamery\/36-ulichnyje-kamery-4g-wlan\/ptz-4g-kamera-s-10-kratnym-opticheskim-zumom-5mpx-wi-fi-ne-trebuetsya\/\" \/>\n<meta property=\"og:locale\" content=\"ru_RU\" \/>\n<meta property=\"og:type\" content=\"article\" \/>\n<meta property=\"og:title\" content=\"PTZ 4G Kamera mit 10-fachem optischem Zoom 5MPX (kein WLAN erforderlich)\" \/>\n<meta property=\"og:description\" content=\"Hochwertiges Bild, sogar 10-facher optischer Zoom. Kamera mit 4G (es wird eine SIM-Karte eingelegt). Video\u00fcberwachung aus der Ferne. Kostenloser Versand in Litauen\" \/>\n<meta property=\"og:url\" content=\"https:\/\/www.ortungsgerate.de\/ru\/12-skrytyje-kamery\/36-ulichnyje-kamery-4g-wlan\/ptz-4g-kamera-s-10-kratnym-opticheskim-zumom-5mpx-wi-fi-ne-trebuetsya\/\" \/>\n<meta property=\"og:site_name\" content=\"Ortungsger\u00e4te.de\" \/>\n<meta property=\"article:modified_time\" content=\"2025-11-26T17:01:36+00:00\" \/>\n<meta property=\"og:image\" content=\"https:\/\/www.ortungsgerate.de\/wp-content\/uploads\/ptz-4g-kamera-su-10x-optiniu-priartinimu-5mpx-nereikia-wi-fi.jpg\" \/>\n\t<meta property=\"og:image:width\" content=\"925\" \/>\n\t<meta property=\"og:image:height\" content=\"826\" \/>\n\t<meta property=\"og:image:type\" content=\"image\/jpeg\" \/>\n<meta name=\"twitter:card\" content=\"summary_large_image\" \/>\n<meta name=\"twitter:label1\" content=\"\u041f\u0440\u0438\u043c\u0435\u0440\u043d\u043e\u0435 \u0432\u0440\u0435\u043c\u044f \u0434\u043b\u044f \u0447\u0442\u0435\u043d\u0438\u044f\" \/>\n\t<meta name=\"twitter:data1\" content=\"2 \u043c\u0438\u043d\u0443\u0442\u044b\" \/>\n<script type=\"application\/ld+json\" class=\"yoast-schema-graph\">{\"@context\":\"https:\\\/\\\/schema.org\",\"@graph\":[{\"@type\":\"WebPage\",\"@id\":\"https:\\\/\\\/www.ortungsgerate.de\\\/12-versteckte-kameras\\\/36-aussenkameras-4g-wlan\\\/ptz-4g-kamera-mit-10-fachem-optischem-zoom-5mpx-kein-wlan-erforderlich\\\/\",\"url\":\"https:\\\/\\\/www.ortungsgerate.de\\\/12-versteckte-kameras\\\/36-aussenkameras-4g-wlan\\\/ptz-4g-kamera-mit-10-fachem-optischem-zoom-5mpx-kein-wlan-erforderlich\\\/\",\"name\":\"PTZ 4G Kamera mit 10x optischem Zoom 5Mpx - Sekimoiranga.lt\",\"isPartOf\":{\"@id\":\"https:\\\/\\\/www.ortungsgerate.de\\\/#website\"},\"primaryImageOfPage\":{\"@id\":\"https:\\\/\\\/www.ortungsgerate.de\\\/12-versteckte-kameras\\\/36-aussenkameras-4g-wlan\\\/ptz-4g-kamera-mit-10-fachem-optischem-zoom-5mpx-kein-wlan-erforderlich\\\/#primaryimage\"},\"image\":{\"@id\":\"https:\\\/\\\/www.ortungsgerate.de\\\/12-versteckte-kameras\\\/36-aussenkameras-4g-wlan\\\/ptz-4g-kamera-mit-10-fachem-optischem-zoom-5mpx-kein-wlan-erforderlich\\\/#primaryimage\"},\"thumbnailUrl\":\"https:\\\/\\\/www.ortungsgerate.de\\\/wp-content\\\/uploads\\\/ptz-4g-kamera-su-10x-optiniu-priartinimu-5mpx-nereikia-wi-fi.jpg\",\"datePublished\":\"2024-02-06T19:38:42+00:00\",\"dateModified\":\"2025-11-26T17:01:36+00:00\",\"description\":\"Hochwertiges Bild, sogar 10-facher optischer Zoom. Kamera mit 4G (es wird eine SIM-Karte eingelegt). Video\u00fcberwachung aus der Ferne. Kostenloser Versand in Litauen\",\"breadcrumb\":{\"@id\":\"https:\\\/\\\/www.ortungsgerate.de\\\/12-versteckte-kameras\\\/36-aussenkameras-4g-wlan\\\/ptz-4g-kamera-mit-10-fachem-optischem-zoom-5mpx-kein-wlan-erforderlich\\\/#breadcrumb\"},\"inLanguage\":\"ru-RU\",\"potentialAction\":[{\"@type\":\"ReadAction\",\"target\":[\"https:\\\/\\\/www.ortungsgerate.de\\\/12-versteckte-kameras\\\/36-aussenkameras-4g-wlan\\\/ptz-4g-kamera-mit-10-fachem-optischem-zoom-5mpx-kein-wlan-erforderlich\\\/\"]}]},{\"@type\":\"ImageObject\",\"inLanguage\":\"ru-RU\",\"@id\":\"https:\\\/\\\/www.ortungsgerate.de\\\/12-versteckte-kameras\\\/36-aussenkameras-4g-wlan\\\/ptz-4g-kamera-mit-10-fachem-optischem-zoom-5mpx-kein-wlan-erforderlich\\\/#primaryimage\",\"url\":\"https:\\\/\\\/www.ortungsgerate.de\\\/wp-content\\\/uploads\\\/ptz-4g-kamera-su-10x-optiniu-priartinimu-5mpx-nereikia-wi-fi.jpg\",\"contentUrl\":\"https:\\\/\\\/www.ortungsgerate.de\\\/wp-content\\\/uploads\\\/ptz-4g-kamera-su-10x-optiniu-priartinimu-5mpx-nereikia-wi-fi.jpg\",\"width\":925,\"height\":826,\"caption\":\"4G \u00dcberwachungskamera mit SIM-Karte PTZ\"},{\"@type\":\"BreadcrumbList\",\"@id\":\"https:\\\/\\\/www.ortungsgerate.de\\\/12-versteckte-kameras\\\/36-aussenkameras-4g-wlan\\\/ptz-4g-kamera-mit-10-fachem-optischem-zoom-5mpx-kein-wlan-erforderlich\\\/#breadcrumb\",\"itemListElement\":[{\"@type\":\"ListItem\",\"position\":1,\"name\":\"Startseite\",\"item\":\"https:\\\/\\\/www.ortungsgerate.de\\\/\"},{\"@type\":\"ListItem\",\"position\":2,\"name\":\"Shop\",\"item\":\"https:\\\/\\\/www.ortungsgerate.de\\\/shop\\\/\"},{\"@type\":\"ListItem\",\"position\":3,\"name\":\"PTZ 4G Kamera mit 10-fachem optischem Zoom 5MPX (kein WLAN erforderlich)\"}]},{\"@type\":\"WebSite\",\"@id\":\"https:\\\/\\\/www.ortungsgerate.de\\\/#website\",\"url\":\"https:\\\/\\\/www.ortungsgerate.de\\\/\",\"name\":\"Ortungsgerate.de\",\"description\":\"\",\"publisher\":{\"@id\":\"https:\\\/\\\/www.ortungsgerate.de\\\/#organization\"},\"potentialAction\":[{\"@type\":\"SearchAction\",\"target\":{\"@type\":\"EntryPoint\",\"urlTemplate\":\"https:\\\/\\\/www.ortungsgerate.de\\\/?s={search_term_string}\"},\"query-input\":{\"@type\":\"PropertyValueSpecification\",\"valueRequired\":true,\"valueName\":\"search_term_string\"}}],\"inLanguage\":\"ru-RU\"},{\"@type\":\"Organization\",\"@id\":\"https:\\\/\\\/www.ortungsgerate.de\\\/#organization\",\"name\":\"Ortungsgerate.de\",\"url\":\"https:\\\/\\\/www.ortungsgerate.de\\\/\",\"logo\":{\"@type\":\"ImageObject\",\"inLanguage\":\"ru-RU\",\"@id\":\"https:\\\/\\\/www.ortungsgerate.de\\\/#\\\/schema\\\/logo\\\/image\\\/\",\"url\":\"https:\\\/\\\/www.ortungsgerate.de\\\/wp-content\\\/uploads\\\/ortungsgerate.png\",\"contentUrl\":\"https:\\\/\\\/www.ortungsgerate.de\\\/wp-content\\\/uploads\\\/ortungsgerate.png\",\"width\":500,\"height\":135,\"caption\":\"Ortungsgerate.de\"},\"image\":{\"@id\":\"https:\\\/\\\/www.ortungsgerate.de\\\/#\\\/schema\\\/logo\\\/image\\\/\"}}]}<\/script>\n<!-- \/ Yoast SEO Premium plugin. -->","yoast_head_json":{"title":"PTZ 4G Kamera mit 10x optischem Zoom 5Mpx - Sekimoiranga.lt","description":"Hochwertiges Bild, sogar 10-facher optischer Zoom. Kamera mit 4G (es wird eine SIM-Karte eingelegt). Video\u00fcberwachung aus der Ferne. Kostenloser Versand in Litauen","robots":{"index":"index","follow":"follow","max-snippet":"max-snippet:-1","max-image-preview":"max-image-preview:large","max-video-preview":"max-video-preview:-1"},"canonical":"https:\/\/www.ortungsgerate.de\/ru\/12-skrytyje-kamery\/36-ulichnyje-kamery-4g-wlan\/ptz-4g-kamera-s-10-kratnym-opticheskim-zumom-5mpx-wi-fi-ne-trebuetsya\/","og_locale":"ru_RU","og_type":"article","og_title":"PTZ 4G Kamera mit 10-fachem optischem Zoom 5MPX (kein WLAN erforderlich)","og_description":"Hochwertiges Bild, sogar 10-facher optischer Zoom. Kamera mit 4G (es wird eine SIM-Karte eingelegt). Video\u00fcberwachung aus der Ferne. Kostenloser Versand in Litauen","og_url":"https:\/\/www.ortungsgerate.de\/ru\/12-skrytyje-kamery\/36-ulichnyje-kamery-4g-wlan\/ptz-4g-kamera-s-10-kratnym-opticheskim-zumom-5mpx-wi-fi-ne-trebuetsya\/","og_site_name":"Ortungsger\u00e4te.de","article_modified_time":"2025-11-26T17:01:36+00:00","og_image":[{"width":925,"height":826,"url":"https:\/\/www.ortungsgerate.de\/wp-content\/uploads\/ptz-4g-kamera-su-10x-optiniu-priartinimu-5mpx-nereikia-wi-fi.jpg","type":"image\/jpeg"}],"twitter_card":"summary_large_image","twitter_misc":{"\u041f\u0440\u0438\u043c\u0435\u0440\u043d\u043e\u0435 \u0432\u0440\u0435\u043c\u044f \u0434\u043b\u044f \u0447\u0442\u0435\u043d\u0438\u044f":"2 \u043c\u0438\u043d\u0443\u0442\u044b"},"schema":{"@context":"https:\/\/schema.org","@graph":[{"@type":"WebPage","@id":"https:\/\/www.ortungsgerate.de\/12-versteckte-kameras\/36-aussenkameras-4g-wlan\/ptz-4g-kamera-mit-10-fachem-optischem-zoom-5mpx-kein-wlan-erforderlich\/","url":"https:\/\/www.ortungsgerate.de\/12-versteckte-kameras\/36-aussenkameras-4g-wlan\/ptz-4g-kamera-mit-10-fachem-optischem-zoom-5mpx-kein-wlan-erforderlich\/","name":"PTZ 4G Kamera mit 10x optischem Zoom 5Mpx - Sekimoiranga.lt","isPartOf":{"@id":"https:\/\/www.ortungsgerate.de\/#website"},"primaryImageOfPage":{"@id":"https:\/\/www.ortungsgerate.de\/12-versteckte-kameras\/36-aussenkameras-4g-wlan\/ptz-4g-kamera-mit-10-fachem-optischem-zoom-5mpx-kein-wlan-erforderlich\/#primaryimage"},"image":{"@id":"https:\/\/www.ortungsgerate.de\/12-versteckte-kameras\/36-aussenkameras-4g-wlan\/ptz-4g-kamera-mit-10-fachem-optischem-zoom-5mpx-kein-wlan-erforderlich\/#primaryimage"},"thumbnailUrl":"https:\/\/www.ortungsgerate.de\/wp-content\/uploads\/ptz-4g-kamera-su-10x-optiniu-priartinimu-5mpx-nereikia-wi-fi.jpg","datePublished":"2024-02-06T19:38:42+00:00","dateModified":"2025-11-26T17:01:36+00:00","description":"Hochwertiges Bild, sogar 10-facher optischer Zoom. Kamera mit 4G (es wird eine SIM-Karte eingelegt). Video\u00fcberwachung aus der Ferne. Kostenloser Versand in Litauen","breadcrumb":{"@id":"https:\/\/www.ortungsgerate.de\/12-versteckte-kameras\/36-aussenkameras-4g-wlan\/ptz-4g-kamera-mit-10-fachem-optischem-zoom-5mpx-kein-wlan-erforderlich\/#breadcrumb"},"inLanguage":"ru-RU","potentialAction":[{"@type":"ReadAction","target":["https:\/\/www.ortungsgerate.de\/12-versteckte-kameras\/36-aussenkameras-4g-wlan\/ptz-4g-kamera-mit-10-fachem-optischem-zoom-5mpx-kein-wlan-erforderlich\/"]}]},{"@type":"ImageObject","inLanguage":"ru-RU","@id":"https:\/\/www.ortungsgerate.de\/12-versteckte-kameras\/36-aussenkameras-4g-wlan\/ptz-4g-kamera-mit-10-fachem-optischem-zoom-5mpx-kein-wlan-erforderlich\/#primaryimage","url":"https:\/\/www.ortungsgerate.de\/wp-content\/uploads\/ptz-4g-kamera-su-10x-optiniu-priartinimu-5mpx-nereikia-wi-fi.jpg","contentUrl":"https:\/\/www.ortungsgerate.de\/wp-content\/uploads\/ptz-4g-kamera-su-10x-optiniu-priartinimu-5mpx-nereikia-wi-fi.jpg","width":925,"height":826,"caption":"4G \u00dcberwachungskamera mit SIM-Karte PTZ"},{"@type":"BreadcrumbList","@id":"https:\/\/www.ortungsgerate.de\/12-versteckte-kameras\/36-aussenkameras-4g-wlan\/ptz-4g-kamera-mit-10-fachem-optischem-zoom-5mpx-kein-wlan-erforderlich\/#breadcrumb","itemListElement":[{"@type":"ListItem","position":1,"name":"Startseite","item":"https:\/\/www.ortungsgerate.de\/"},{"@type":"ListItem","position":2,"name":"Shop","item":"https:\/\/www.ortungsgerate.de\/shop\/"},{"@type":"ListItem","position":3,"name":"PTZ 4G Kamera mit 10-fachem optischem Zoom 5MPX (kein WLAN erforderlich)"}]},{"@type":"WebSite","@id":"https:\/\/www.ortungsgerate.de\/#website","url":"https:\/\/www.ortungsgerate.de\/","name":"Ortungsgerate.de","description":"","publisher":{"@id":"https:\/\/www.ortungsgerate.de\/#organization"},"potentialAction":[{"@type":"SearchAction","target":{"@type":"EntryPoint","urlTemplate":"https:\/\/www.ortungsgerate.de\/?s={search_term_string}"},"query-input":{"@type":"PropertyValueSpecification","valueRequired":true,"valueName":"search_term_string"}}],"inLanguage":"ru-RU"},{"@type":"Organization","@id":"https:\/\/www.ortungsgerate.de\/#organization","name":"Ortungsgerate.de","url":"https:\/\/www.ortungsgerate.de\/","logo":{"@type":"ImageObject","inLanguage":"ru-RU","@id":"https:\/\/www.ortungsgerate.de\/#\/schema\/logo\/image\/","url":"https:\/\/www.ortungsgerate.de\/wp-content\/uploads\/ortungsgerate.png","contentUrl":"https:\/\/www.ortungsgerate.de\/wp-content\/uploads\/ortungsgerate.png","width":500,"height":135,"caption":"Ortungsgerate.de"},"image":{"@id":"https:\/\/www.ortungsgerate.de\/#\/schema\/logo\/image\/"}}]}},"_links":{"self":[{"href":"https:\/\/www.ortungsgerate.de\/ru\/wp-json\/wp\/v2\/product\/16697","targetHints":{"allow":["GET"]}}],"collection":[{"href":"https:\/\/www.ortungsgerate.de\/ru\/wp-json\/wp\/v2\/product"}],"about":[{"href":"https:\/\/www.ortungsgerate.de\/ru\/wp-json\/wp\/v2\/types\/product"}],"version-history":[{"count":0,"href":"https:\/\/www.ortungsgerate.de\/ru\/wp-json\/wp\/v2\/product\/16697\/revisions"}],"wp:featuredmedia":[{"embeddable":true,"href":"https:\/\/www.ortungsgerate.de\/ru\/wp-json\/wp\/v2\/media\/2070"}],"wp:attachment":[{"href":"https:\/\/www.ortungsgerate.de\/ru\/wp-json\/wp\/v2\/media?parent=16697"}],"wp:term":[{"taxonomy":"brand","embeddable":true,"href":"https:\/\/www.ortungsgerate.de\/ru\/wp-json\/wp\/v2\/etheme_brands?post=16697"},{"taxonomy":"product_brand","embeddable":true,"href":"https:\/\/www.ortungsgerate.de\/ru\/wp-json\/wp\/v2\/product_brand?post=16697"},{"taxonomy":"product_cat","embeddable":true,"href":"https:\/\/www.ortungsgerate.de\/ru\/wp-json\/wp\/v2\/product_cat?post=16697"},{"taxonomy":"product_tag","embeddable":true,"href":"https:\/\/www.ortungsgerate.de\/ru\/wp-json\/wp\/v2\/product_tag?post=16697"}],"curies":[{"name":"wp","href":"https:\/\/api.w.org\/{rel}","templated":true}]}}