{"id":16698,"date":"2024-02-06T21:36:37","date_gmt":"2024-02-06T19:36:37","guid":{"rendered":"https:\/\/ortungsgerate.de\/be-kategorijos\/slapta-kamera-wi-fi-laikrodis-belaidis-pakrovejas-garso-kolonele\/"},"modified":"2025-12-01T11:26:01","modified_gmt":"2025-12-01T10:26:01","slug":"skrytaya-kamera-wi-fi-chasy-besprovodnoe-zaryadnoe-ustroystvo-dinamik","status":"publish","type":"product","link":"https:\/\/www.ortungsgerate.de\/ru\/12-skrytyje-kamery\/17-zamaskirovanyje-kamery\/skrytaya-kamera-wi-fi-chasy-besprovodnoe-zaryadnoe-ustroystvo-dinamik\/","title":{"rendered":"\u0421\u043a\u0440\u044b\u0442\u0430\u044f \u043a\u0430\u043c\u0435\u0440\u0430 WI-FI \u0447\u0430\u0441\u044b \u0431\u0435\u0441\u043f\u0440\u043e\u0432\u043e\u0434\u043d\u043e\u0435 \u0437\u0430\u0440\u044f\u0434\u043d\u043e\u0435 \u0443\u0441\u0442\u0440\u043e\u0439\u0441\u0442\u0432\u043e \u0434\u0438\u043d\u0430\u043c\u0438\u043a"},"content":{"rendered":"<p><strong>\u0410\u041a\u0426\u0418\u042f: Micro SD 32GB \u0432 \u043f\u043e\u0434\u0430\u0440\u043e\u043a<\/strong><\/p>\n<h3><strong>\u0422\u0435\u0445\u043d\u0438\u0447\u0435\u0441\u043a\u0438\u0435 \u043f\u0430\u0440\u0430\u043c\u0435\u0442\u0440\u044b:<\/strong><\/h3>\n<ul>\n<li>Fernvideoanzeige: JA<\/li>\n<li>\u0412\u0438\u0434\u0435\u043e\u0437\u0430\u043f\u0438\u0441\u044c \u0441\u043e \u0437\u0432\u0443\u043a\u043e\u043c<\/li>\n<li>Objektiv: OV9712<\/li>\n<li>Musik: Verbindung \u00fcber BLUETOOTH<\/li>\n<li>Uhr mit Temperaturanzeige<\/li>\n<li>Drahtloses Ladeger\u00e4t<\/li>\n<li>Nachtsicht: 6 m Entfernung<\/li>\n<li>Videoqualit\u00e4t: Live-Ansicht: HD 1920*1080<\/li>\n<li>Fotoaufl\u00f6sung: 1920*1080<\/li>\n<li>Objektiv: 120 Grad Blickwinkel<\/li>\n<li>Videoaufnahme: 1 Std. 360 MB<\/li>\n<li>Bildrate: 25 FPS<\/li>\n<li>\u0423\u0432\u0435\u0434\u043e\u043c\u043b\u0435\u043d\u0438\u044f \u043f\u0440\u0438 \u043e\u0431\u043d\u0430\u0440\u0443\u0436\u0435\u043d\u0438\u0438 \u0434\u0432\u0438\u0436\u0435\u043d\u0438\u044f (Push-\u0443\u0432\u0435\u0434\u043e\u043c\u043b\u0435\u043d\u0438\u0435)<\/li>\n<li>Speicherkartenunterst\u00fctzung: von 32 GB bis 128 GB<\/li>\n<li>Video\u00fcberwachung: per Telefon oder Computer (Live \u00fcber Internet)<\/li>\n<li>Betriebszeit: vom Netzteil 24\/7<\/li>\n<li>\u041e\u0431\u043d\u0430\u0440\u0443\u0436\u0435\u043d\u0438\u0435 \u0434\u0432\u0438\u0436\u0435\u043d\u0438\u044f: \u0414\u0410, \u0446\u0438\u0444\u0440\u043e\u0432\u043e\u0435<\/li>\n<li>\u0424\u043e\u0440\u043c\u0430\u0442 \u0441\u0436\u0430\u0442\u0438\u044f: AVI H.264<\/li>\n<li>Videoformat: AVI<\/li>\n<li>Systeme: \u201eiOS\u201d, \u201eAndroid\u201d<\/li>\n<li>App: Vorhanden<\/li>\n<li>Stromversorgung: interne oder externe Batterie; 5V-Stromanschluss<\/li>\n<li>Adapter 220 V (f\u00fcr den dauerhaften Anschluss an das Stromnetz)<\/li>\n<li>Wi-Fi: Vorhanden<\/li>\n<li><strong>\u0413\u0410\u0420\u0410\u041d\u0422\u0418\u042f 12 \u043c\u0435\u0441\u044f\u0446\u0435\u0432<\/strong><\/li>\n<\/ul>\n<p><strong>Einsatzbereich:<\/strong> F\u00fcr Ihre eigene Sicherheit und die Sicherheit Ihrer Kinder.<\/p>\n<p><span lang=\"lt\">Wenn Ihre Wohnung von Personen besucht wird, denen Sie noch nicht vertrauen, kann eine digitale Tischuhr mit versteckter Kamera eine sehr vorteilhafte Wahl sein. Solche versteckten Kameras werden h\u00e4ufig gew\u00e4hlt, wenn man sich vergewissern m\u00f6chte, dass die Kinder sicher sind oder dass sich keine Diebe im Haus befinden. Sie ben\u00f6tigen keinen besonderen Aufwand, um sicherzustellen, dass es f\u00fcr Kinder zu Hause sicher ist, und k\u00f6nnen dann entsprechende Ma\u00dfnahmen ergreifen.<\/span><\/p>\n<p><strong><span lang=\"lt\">Funktionale versteckte Kamera<\/span><\/strong><\/p>\n<p><span lang=\"lt\">Die Tischuhr mit versteckter Kamera \u00fcberzeugt durch ihre Funktionalit\u00e4t: Dieses Ger\u00e4t dient nicht nur als versteckte Kamera und Uhr, sondern kann auch als Raumtemperaturmesser oder Lautsprecher verwendet werden. Wenn Sie Musik h\u00f6ren m\u00f6chten, m\u00fcssen Sie lediglich Ihr Mobiltelefon mit diesem Ger\u00e4t koppeln (es wird eine Bluetooth-Verbindung verwendet). Praktisch ist, dass diese versteckte Kamera die Aufnahmen erst startet, wenn eine Bewegung erkannt wird. Dies hilft, Speicherplatz auf der Speicherkarte zu sparen und verhindert Aufnahmen, wenn im Raum \u00fcberhaupt nichts passiert. Mit dem Kauf dieses Ger\u00e4ts liegen Sie definitiv nicht falsch, da Sie es nicht nur verwenden k\u00f6nnen, wenn Sie heimlich Videoaufnahmen machen m\u00f6chten.<\/span><\/p>\n<p><strong><span lang=\"lt\">Gesicherte Aufnahmequalit\u00e4t<\/span><\/strong><\/p>\n<p><span lang=\"lt\">Die Uhr mit versteckter Kamera nimmt Videos in einer Aufl\u00f6sung von 1920&#215;1080 px auf, sodass Sie sicher sein k\u00f6nnen, dass die Aufnahmen ausreichend klar sind. Mit diesem Ger\u00e4t k\u00f6nnen Sie nicht nur filmen, sondern auch fotografieren, sodass Sie das f\u00fcr Sie relevante Material in jedem Fall sammeln k\u00f6nnen. Der Blickwinkel des Kameraobjektivs betr\u00e4gt ganze 120 Grad. Die Uhr mit versteckter Kamera unterst\u00fctzt Speicherkarten von 4\u2013128 GB (nicht im Lieferumfang enthalten), sodass Sie den passenden Datentr\u00e4ger w\u00e4hlen k\u00f6nnen (eine Stunde Videoaufnahmen belegt 360 MB auf der Speicherkarte).<\/span><\/p>\n<p><strong><span lang=\"lt\">Komfortable Video-Wiedergabe<\/span><\/strong><\/p>\n<p><span lang=\"lt\">Mit dieser versteckten Kamera k\u00f6nnen Sie die aufgezeichneten Videos bequem ansehen. Die aufgezeichneten Aufnahmen k\u00f6nnen nicht nur nach der \u00dcbertragung der Daten auf einen Computer, sondern auch aus der Ferne betrachtet werden, sodass Sie die gew\u00fcnschten Informationen in Echtzeit erhalten k\u00f6nnen (die Uhr mit versteckter Kamera unterst\u00fctzt die Systeme \u201eiOS\u201d, \u201eAndroid\u201d, \u201eWindows\u201d und \u201eWindows 7 \/ 8 \/ 10\u201d). Vorteilhaft ist auch, dass die Uhr mit versteckter Kamera \u00fcber eine Nachtsichtfunktion verf\u00fcgt, sodass Videoaufnahmen nicht nur bei ausreichender Beleuchtung gemacht werden k\u00f6nnen (die Nachtsichtfunktion arbeitet in einer Entfernung von bis zu 6 Metern).<\/span><\/p>","protected":false},"excerpt":{"rendered":"<p>AKTION: Micro SD 32GB als Geschenk Technische Parameter: Fernvideoanzeige: JA Videoaufzeichnung mit Ton Objektiv: OV9712 Musik: Verbindung \u00fcber BLUETOOTH Uhr mit Temperaturanzeige Drahtloses Ladeger\u00e4t Nachtsicht:&#8230;<\/p>","protected":false},"featured_media":26418,"template":"","meta":[],"etheme_brands":[],"product_brand":[],"product_cat":[204,203,205],"product_tag":[42,707,735,705,690,693],"class_list":{"0":"post-16698","1":"product","2":"type-product","3":"status-publish","4":"has-post-thumbnail","6":"product_cat-17-getarnte-kameras","7":"product_cat-12-versteckte-kameras","8":"product_cat-27-wlan-minikameras","9":"product_tag-kamera","10":"product_tag-kamera-uhr","11":"product_tag-lautsprecher-kamera","12":"product_tag-ueberwachungskamera","13":"product_tag-versteckte-kamera","14":"product_tag-wlan-kamera","15":"pa_typ-ladegeraete-verlaengerungskabel-mehrfachsteckdosen","16":"pa_typ-lautsprecher","17":"pa_typ-tischuhren","19":"first","20":"outofstock","21":"taxable","22":"shipping-taxable","23":"purchasable","24":"product-type-simple"},"yoast_head":"<!-- This site is optimized with the Yoast SEO Premium plugin v25.9 (Yoast SEO v27.4) - https:\/\/yoast.com\/product\/yoast-seo-premium-wordpress\/ -->\n<title>Versteckte Kamera getarnt in Uhr mit Lautsprecher<\/title>\n<meta name=\"description\" content=\"Versteckte Kamera in einer Uhr getarnt. Die Uhr verf\u00fcgt \u00fcber ein kabelloses Ladeger\u00e4t, ein Thermometer und einen Lautsprecher. M\u00f6glichkeit, das Bild live auf dem Telefon zu \u00fcberwachen. Nachtsicht\" \/>\n<meta name=\"robots\" content=\"index, follow, max-snippet:-1, max-image-preview:large, max-video-preview:-1\" \/>\n<link rel=\"canonical\" href=\"https:\/\/www.ortungsgerate.de\/ru\/12-skrytyje-kamery\/27-wlan-mini-kamery\/skrytaya-kamera-wi-fi-chasy-besprovodnoe-zaryadnoe-ustroystvo-dinamik\/\" \/>\n<meta property=\"og:locale\" content=\"ru_RU\" \/>\n<meta property=\"og:type\" content=\"article\" \/>\n<meta property=\"og:title\" content=\"Versteckte Kamera WI-FI Uhr Kabelloses Ladeger\u00e4t Lautsprecher\" \/>\n<meta property=\"og:description\" content=\"Versteckte Kamera in einer Uhr getarnt. Die Uhr verf\u00fcgt \u00fcber ein kabelloses Ladeger\u00e4t, ein Thermometer und einen Lautsprecher. M\u00f6glichkeit, das Bild live auf dem Telefon zu \u00fcberwachen. Nachtsicht\" \/>\n<meta property=\"og:url\" content=\"https:\/\/www.ortungsgerate.de\/ru\/12-skrytyje-kamery\/27-wlan-mini-kamery\/skrytaya-kamera-wi-fi-chasy-besprovodnoe-zaryadnoe-ustroystvo-dinamik\/\" \/>\n<meta property=\"og:site_name\" content=\"Ortungsger\u00e4te.de\" \/>\n<meta property=\"article:modified_time\" content=\"2025-12-01T10:26:01+00:00\" \/>\n<meta property=\"og:image\" content=\"https:\/\/www.ortungsgerate.de\/wp-content\/uploads\/slapta-kamera-wi-fi-laikrodis-belaidis-pakrovejas-garso-kolonele-gera-kaina.jpg\" \/>\n\t<meta property=\"og:image:width\" content=\"458\" \/>\n\t<meta property=\"og:image:height\" content=\"458\" \/>\n\t<meta property=\"og:image:type\" content=\"image\/jpeg\" \/>\n<meta name=\"twitter:card\" content=\"summary_large_image\" \/>\n<meta name=\"twitter:label1\" content=\"\u041f\u0440\u0438\u043c\u0435\u0440\u043d\u043e\u0435 \u0432\u0440\u0435\u043c\u044f \u0434\u043b\u044f \u0447\u0442\u0435\u043d\u0438\u044f\" \/>\n\t<meta name=\"twitter:data1\" content=\"3 \u043c\u0438\u043d\u0443\u0442\u044b\" \/>\n<script type=\"application\/ld+json\" class=\"yoast-schema-graph\">{\"@context\":\"https:\\\/\\\/schema.org\",\"@graph\":[{\"@type\":\"WebPage\",\"@id\":\"https:\\\/\\\/www.ortungsgerate.de\\\/12-versteckte-kameras\\\/27-wlan-minikameras\\\/versteckte-kamera-wi-fi-uhr-kabelloses-ladegeraet-lautsprecher\\\/\",\"url\":\"https:\\\/\\\/www.ortungsgerate.de\\\/12-versteckte-kameras\\\/27-wlan-minikameras\\\/versteckte-kamera-wi-fi-uhr-kabelloses-ladegeraet-lautsprecher\\\/\",\"name\":\"Versteckte Kamera getarnt in Uhr mit Lautsprecher\",\"isPartOf\":{\"@id\":\"https:\\\/\\\/www.ortungsgerate.de\\\/#website\"},\"primaryImageOfPage\":{\"@id\":\"https:\\\/\\\/www.ortungsgerate.de\\\/12-versteckte-kameras\\\/27-wlan-minikameras\\\/versteckte-kamera-wi-fi-uhr-kabelloses-ladegeraet-lautsprecher\\\/#primaryimage\"},\"image\":{\"@id\":\"https:\\\/\\\/www.ortungsgerate.de\\\/12-versteckte-kameras\\\/27-wlan-minikameras\\\/versteckte-kamera-wi-fi-uhr-kabelloses-ladegeraet-lautsprecher\\\/#primaryimage\"},\"thumbnailUrl\":\"https:\\\/\\\/www.ortungsgerate.de\\\/wp-content\\\/uploads\\\/slapta-kamera-wi-fi-laikrodis-belaidis-pakrovejas-garso-kolonele-gera-kaina.jpg\",\"datePublished\":\"2024-02-06T19:36:37+00:00\",\"dateModified\":\"2025-12-01T10:26:01+00:00\",\"description\":\"Versteckte Kamera in einer Uhr getarnt. Die Uhr verf\u00fcgt \u00fcber ein kabelloses Ladeger\u00e4t, ein Thermometer und einen Lautsprecher. M\u00f6glichkeit, das Bild live auf dem Telefon zu \u00fcberwachen. Nachtsicht\",\"breadcrumb\":{\"@id\":\"https:\\\/\\\/www.ortungsgerate.de\\\/12-versteckte-kameras\\\/27-wlan-minikameras\\\/versteckte-kamera-wi-fi-uhr-kabelloses-ladegeraet-lautsprecher\\\/#breadcrumb\"},\"inLanguage\":\"ru-RU\",\"potentialAction\":[{\"@type\":\"ReadAction\",\"target\":[\"https:\\\/\\\/www.ortungsgerate.de\\\/12-versteckte-kameras\\\/27-wlan-minikameras\\\/versteckte-kamera-wi-fi-uhr-kabelloses-ladegeraet-lautsprecher\\\/\"]}]},{\"@type\":\"ImageObject\",\"inLanguage\":\"ru-RU\",\"@id\":\"https:\\\/\\\/www.ortungsgerate.de\\\/12-versteckte-kameras\\\/27-wlan-minikameras\\\/versteckte-kamera-wi-fi-uhr-kabelloses-ladegeraet-lautsprecher\\\/#primaryimage\",\"url\":\"https:\\\/\\\/www.ortungsgerate.de\\\/wp-content\\\/uploads\\\/slapta-kamera-wi-fi-laikrodis-belaidis-pakrovejas-garso-kolonele-gera-kaina.jpg\",\"contentUrl\":\"https:\\\/\\\/www.ortungsgerate.de\\\/wp-content\\\/uploads\\\/slapta-kamera-wi-fi-laikrodis-belaidis-pakrovejas-garso-kolonele-gera-kaina.jpg\",\"width\":458,\"height\":458,\"caption\":\"versteckte-kamera-wi-fi-uhr-kabelloses-ladeger\u00e4t-lautsprecher-guter preis\"},{\"@type\":\"BreadcrumbList\",\"@id\":\"https:\\\/\\\/www.ortungsgerate.de\\\/12-versteckte-kameras\\\/27-wlan-minikameras\\\/versteckte-kamera-wi-fi-uhr-kabelloses-ladegeraet-lautsprecher\\\/#breadcrumb\",\"itemListElement\":[{\"@type\":\"ListItem\",\"position\":1,\"name\":\"Startseite\",\"item\":\"https:\\\/\\\/www.ortungsgerate.de\\\/\"},{\"@type\":\"ListItem\",\"position\":2,\"name\":\"Shop\",\"item\":\"https:\\\/\\\/www.ortungsgerate.de\\\/shop\\\/\"},{\"@type\":\"ListItem\",\"position\":3,\"name\":\"Versteckte Kamera WI-FI Uhr Kabelloses Ladeger\u00e4t Lautsprecher\"}]},{\"@type\":\"WebSite\",\"@id\":\"https:\\\/\\\/www.ortungsgerate.de\\\/#website\",\"url\":\"https:\\\/\\\/www.ortungsgerate.de\\\/\",\"name\":\"Ortungsgerate.de\",\"description\":\"\",\"publisher\":{\"@id\":\"https:\\\/\\\/www.ortungsgerate.de\\\/#organization\"},\"potentialAction\":[{\"@type\":\"SearchAction\",\"target\":{\"@type\":\"EntryPoint\",\"urlTemplate\":\"https:\\\/\\\/www.ortungsgerate.de\\\/?s={search_term_string}\"},\"query-input\":{\"@type\":\"PropertyValueSpecification\",\"valueRequired\":true,\"valueName\":\"search_term_string\"}}],\"inLanguage\":\"ru-RU\"},{\"@type\":\"Organization\",\"@id\":\"https:\\\/\\\/www.ortungsgerate.de\\\/#organization\",\"name\":\"Ortungsgerate.de\",\"url\":\"https:\\\/\\\/www.ortungsgerate.de\\\/\",\"logo\":{\"@type\":\"ImageObject\",\"inLanguage\":\"ru-RU\",\"@id\":\"https:\\\/\\\/www.ortungsgerate.de\\\/#\\\/schema\\\/logo\\\/image\\\/\",\"url\":\"https:\\\/\\\/www.ortungsgerate.de\\\/wp-content\\\/uploads\\\/ortungsgerate.png\",\"contentUrl\":\"https:\\\/\\\/www.ortungsgerate.de\\\/wp-content\\\/uploads\\\/ortungsgerate.png\",\"width\":500,\"height\":135,\"caption\":\"Ortungsgerate.de\"},\"image\":{\"@id\":\"https:\\\/\\\/www.ortungsgerate.de\\\/#\\\/schema\\\/logo\\\/image\\\/\"}}]}<\/script>\n<!-- \/ Yoast SEO Premium plugin. -->","yoast_head_json":{"title":"Versteckte Kamera getarnt in Uhr mit Lautsprecher","description":"Versteckte Kamera in einer Uhr getarnt. Die Uhr verf\u00fcgt \u00fcber ein kabelloses Ladeger\u00e4t, ein Thermometer und einen Lautsprecher. M\u00f6glichkeit, das Bild live auf dem Telefon zu \u00fcberwachen. Nachtsicht","robots":{"index":"index","follow":"follow","max-snippet":"max-snippet:-1","max-image-preview":"max-image-preview:large","max-video-preview":"max-video-preview:-1"},"canonical":"https:\/\/www.ortungsgerate.de\/ru\/12-skrytyje-kamery\/27-wlan-mini-kamery\/skrytaya-kamera-wi-fi-chasy-besprovodnoe-zaryadnoe-ustroystvo-dinamik\/","og_locale":"ru_RU","og_type":"article","og_title":"Versteckte Kamera WI-FI Uhr Kabelloses Ladeger\u00e4t Lautsprecher","og_description":"Versteckte Kamera in einer Uhr getarnt. Die Uhr verf\u00fcgt \u00fcber ein kabelloses Ladeger\u00e4t, ein Thermometer und einen Lautsprecher. M\u00f6glichkeit, das Bild live auf dem Telefon zu \u00fcberwachen. Nachtsicht","og_url":"https:\/\/www.ortungsgerate.de\/ru\/12-skrytyje-kamery\/27-wlan-mini-kamery\/skrytaya-kamera-wi-fi-chasy-besprovodnoe-zaryadnoe-ustroystvo-dinamik\/","og_site_name":"Ortungsger\u00e4te.de","article_modified_time":"2025-12-01T10:26:01+00:00","og_image":[{"width":458,"height":458,"url":"https:\/\/www.ortungsgerate.de\/wp-content\/uploads\/slapta-kamera-wi-fi-laikrodis-belaidis-pakrovejas-garso-kolonele-gera-kaina.jpg","type":"image\/jpeg"}],"twitter_card":"summary_large_image","twitter_misc":{"\u041f\u0440\u0438\u043c\u0435\u0440\u043d\u043e\u0435 \u0432\u0440\u0435\u043c\u044f \u0434\u043b\u044f \u0447\u0442\u0435\u043d\u0438\u044f":"3 \u043c\u0438\u043d\u0443\u0442\u044b"},"schema":{"@context":"https:\/\/schema.org","@graph":[{"@type":"WebPage","@id":"https:\/\/www.ortungsgerate.de\/12-versteckte-kameras\/27-wlan-minikameras\/versteckte-kamera-wi-fi-uhr-kabelloses-ladegeraet-lautsprecher\/","url":"https:\/\/www.ortungsgerate.de\/12-versteckte-kameras\/27-wlan-minikameras\/versteckte-kamera-wi-fi-uhr-kabelloses-ladegeraet-lautsprecher\/","name":"Versteckte Kamera getarnt in Uhr mit Lautsprecher","isPartOf":{"@id":"https:\/\/www.ortungsgerate.de\/#website"},"primaryImageOfPage":{"@id":"https:\/\/www.ortungsgerate.de\/12-versteckte-kameras\/27-wlan-minikameras\/versteckte-kamera-wi-fi-uhr-kabelloses-ladegeraet-lautsprecher\/#primaryimage"},"image":{"@id":"https:\/\/www.ortungsgerate.de\/12-versteckte-kameras\/27-wlan-minikameras\/versteckte-kamera-wi-fi-uhr-kabelloses-ladegeraet-lautsprecher\/#primaryimage"},"thumbnailUrl":"https:\/\/www.ortungsgerate.de\/wp-content\/uploads\/slapta-kamera-wi-fi-laikrodis-belaidis-pakrovejas-garso-kolonele-gera-kaina.jpg","datePublished":"2024-02-06T19:36:37+00:00","dateModified":"2025-12-01T10:26:01+00:00","description":"Versteckte Kamera in einer Uhr getarnt. Die Uhr verf\u00fcgt \u00fcber ein kabelloses Ladeger\u00e4t, ein Thermometer und einen Lautsprecher. M\u00f6glichkeit, das Bild live auf dem Telefon zu \u00fcberwachen. Nachtsicht","breadcrumb":{"@id":"https:\/\/www.ortungsgerate.de\/12-versteckte-kameras\/27-wlan-minikameras\/versteckte-kamera-wi-fi-uhr-kabelloses-ladegeraet-lautsprecher\/#breadcrumb"},"inLanguage":"ru-RU","potentialAction":[{"@type":"ReadAction","target":["https:\/\/www.ortungsgerate.de\/12-versteckte-kameras\/27-wlan-minikameras\/versteckte-kamera-wi-fi-uhr-kabelloses-ladegeraet-lautsprecher\/"]}]},{"@type":"ImageObject","inLanguage":"ru-RU","@id":"https:\/\/www.ortungsgerate.de\/12-versteckte-kameras\/27-wlan-minikameras\/versteckte-kamera-wi-fi-uhr-kabelloses-ladegeraet-lautsprecher\/#primaryimage","url":"https:\/\/www.ortungsgerate.de\/wp-content\/uploads\/slapta-kamera-wi-fi-laikrodis-belaidis-pakrovejas-garso-kolonele-gera-kaina.jpg","contentUrl":"https:\/\/www.ortungsgerate.de\/wp-content\/uploads\/slapta-kamera-wi-fi-laikrodis-belaidis-pakrovejas-garso-kolonele-gera-kaina.jpg","width":458,"height":458,"caption":"versteckte-kamera-wi-fi-uhr-kabelloses-ladeger\u00e4t-lautsprecher-guter preis"},{"@type":"BreadcrumbList","@id":"https:\/\/www.ortungsgerate.de\/12-versteckte-kameras\/27-wlan-minikameras\/versteckte-kamera-wi-fi-uhr-kabelloses-ladegeraet-lautsprecher\/#breadcrumb","itemListElement":[{"@type":"ListItem","position":1,"name":"Startseite","item":"https:\/\/www.ortungsgerate.de\/"},{"@type":"ListItem","position":2,"name":"Shop","item":"https:\/\/www.ortungsgerate.de\/shop\/"},{"@type":"ListItem","position":3,"name":"Versteckte Kamera WI-FI Uhr Kabelloses Ladeger\u00e4t Lautsprecher"}]},{"@type":"WebSite","@id":"https:\/\/www.ortungsgerate.de\/#website","url":"https:\/\/www.ortungsgerate.de\/","name":"Ortungsgerate.de","description":"","publisher":{"@id":"https:\/\/www.ortungsgerate.de\/#organization"},"potentialAction":[{"@type":"SearchAction","target":{"@type":"EntryPoint","urlTemplate":"https:\/\/www.ortungsgerate.de\/?s={search_term_string}"},"query-input":{"@type":"PropertyValueSpecification","valueRequired":true,"valueName":"search_term_string"}}],"inLanguage":"ru-RU"},{"@type":"Organization","@id":"https:\/\/www.ortungsgerate.de\/#organization","name":"Ortungsgerate.de","url":"https:\/\/www.ortungsgerate.de\/","logo":{"@type":"ImageObject","inLanguage":"ru-RU","@id":"https:\/\/www.ortungsgerate.de\/#\/schema\/logo\/image\/","url":"https:\/\/www.ortungsgerate.de\/wp-content\/uploads\/ortungsgerate.png","contentUrl":"https:\/\/www.ortungsgerate.de\/wp-content\/uploads\/ortungsgerate.png","width":500,"height":135,"caption":"Ortungsgerate.de"},"image":{"@id":"https:\/\/www.ortungsgerate.de\/#\/schema\/logo\/image\/"}}]}},"_links":{"self":[{"href":"https:\/\/www.ortungsgerate.de\/ru\/wp-json\/wp\/v2\/product\/16698","targetHints":{"allow":["GET"]}}],"collection":[{"href":"https:\/\/www.ortungsgerate.de\/ru\/wp-json\/wp\/v2\/product"}],"about":[{"href":"https:\/\/www.ortungsgerate.de\/ru\/wp-json\/wp\/v2\/types\/product"}],"version-history":[{"count":0,"href":"https:\/\/www.ortungsgerate.de\/ru\/wp-json\/wp\/v2\/product\/16698\/revisions"}],"wp:featuredmedia":[{"embeddable":true,"href":"https:\/\/www.ortungsgerate.de\/ru\/wp-json\/wp\/v2\/media\/26418"}],"wp:attachment":[{"href":"https:\/\/www.ortungsgerate.de\/ru\/wp-json\/wp\/v2\/media?parent=16698"}],"wp:term":[{"taxonomy":"brand","embeddable":true,"href":"https:\/\/www.ortungsgerate.de\/ru\/wp-json\/wp\/v2\/etheme_brands?post=16698"},{"taxonomy":"product_brand","embeddable":true,"href":"https:\/\/www.ortungsgerate.de\/ru\/wp-json\/wp\/v2\/product_brand?post=16698"},{"taxonomy":"product_cat","embeddable":true,"href":"https:\/\/www.ortungsgerate.de\/ru\/wp-json\/wp\/v2\/product_cat?post=16698"},{"taxonomy":"product_tag","embeddable":true,"href":"https:\/\/www.ortungsgerate.de\/ru\/wp-json\/wp\/v2\/product_tag?post=16698"}],"curies":[{"name":"wp","href":"https:\/\/api.w.org\/{rel}","templated":true}]}}