{"id":16699,"date":"2024-02-06T21:39:39","date_gmt":"2024-02-06T19:39:39","guid":{"rendered":"https:\/\/ortungsgerate.de\/be-kategorijos\/gps-gf-07-mini-gps-seklys\/"},"modified":"2025-11-26T19:01:36","modified_gmt":"2025-11-26T17:01:36","slug":"trekio-gps-gf-07-mini-gps-mayak","status":"publish","type":"product","link":"https:\/\/www.ortungsgerate.de\/ru\/15-gps-treker\/trekio-gps-gf-07-mini-gps-mayak\/","title":{"rendered":"TREKIO GPS GF-07 \u041c\u0438\u043d\u0438 GPS \u043c\u0430\u044f\u043a"},"content":{"rendered":"<p><strong><span style=\"color: #d0121a;\">EINGESTELLTER VERKAUF ALLER TREKIO GF-07 \u2013 minderwertiges Ger\u00e4t<\/span><\/strong><\/p>\n<h3><strong>\u0422\u0435\u0445\u043d\u0438\u0447\u0435\u0441\u043a\u0438\u0435 \u043f\u0430\u0440\u0430\u043c\u0435\u0442\u0440\u044b:<\/strong><\/h3>\n<ul>\n<li>LBS-Ortung, kein GPS<\/li>\n<li>TREKIO GF-07 Bedienungsanleitung<\/li>\n<li>Abh\u00f6ren von Gespr\u00e4chen<\/li>\n<li>Betriebszeit bis zu 45 Minuten<\/li>\n<li>Akku 400 mAh<\/li>\n<li>Abmessungen 4 cm * 2 cm * 1,5 cm<\/li>\n<\/ul>\n<p>Wir stellen den Verkauf des GPS-Ortungsger\u00e4ts TREKIO GF-07 ein und m\u00f6chten Sie dar\u00fcber informieren, dass dieses Ger\u00e4t nicht unseren Qualit\u00e4tsstandards entspricht. Nutzer haben h\u00e4ufige Defekte erlebt, die zu Unannehmlichkeiten gef\u00fchrt haben. Das Ger\u00e4t bestimmt den Standort ungenau, indem es LBS anstelle der GPS-Position anzeigt. Au\u00dferdem wurden eine schlechte Tonqualit\u00e4t und eine kurze Akkulaufzeit festgestellt. Alle Kunden, die den GF-07 bei uns erworben haben, k\u00f6nnen das Ger\u00e4t zur\u00fcckgeben und gegen Vorlage des Kaufbelegs oder eines Kontoauszugs eine R\u00fcckerstattung erhalten.<\/p>\n<p>Wir entschuldigen uns f\u00fcr die Unannehmlichkeiten<\/p>\n<p><strong><span style=\"color: #d0121a;\">Wurden Sie von einem anderen Verk\u00e4ufer mit dem TREKIO GF-07 GPS-Tracker get\u00e4uscht? Senden Sie uns den nicht funktionierenden GF-07 GPS-Tracker zu, und wir gew\u00e4hren Ihnen einen Rabatt von 10 \u20ac auf einen GPS-Tracker aus unserem Onlineshop.<\/span><\/strong><\/p>","protected":false},"excerpt":{"rendered":"<p>EINGESTELLTER VERKAUF ALLER TREKIO GF-07 \u2013 minderwertiges Ger\u00e4t Technische Parameter: LBS-Ortung, kein GPS TREKIO GF-07 Bedienungsanleitung Abh\u00f6ren von Gespr\u00e4chen Betriebszeit bis zu 45 Minuten Akku&#8230;<\/p>","protected":false},"featured_media":2299,"template":"","meta":[],"etheme_brands":[],"product_brand":[],"product_cat":[213],"product_tag":[],"class_list":{"0":"post-16699","1":"product","2":"type-product","3":"status-publish","4":"has-post-thumbnail","6":"product_cat-15-gps-ueberwachungsgeraete","7":"pa_typ-fuer-autos-fuer-motorraeder","9":"first","10":"outofstock","11":"taxable","12":"shipping-taxable","13":"purchasable","14":"product-type-simple"},"yoast_head":"<!-- This site is optimized with the Yoast SEO Premium plugin v25.9 (Yoast SEO v27.4) - https:\/\/yoast.com\/product\/yoast-seo-premium-wordpress\/ -->\n<title>TREKIO Mini GPS Tracker GF-07<\/title>\n<meta name=\"description\" content=\"TREKIO Mini GPS Tracker GF 07. Kleine Abmessungen. Gro\u00dfe Auswahl an Ortungsger\u00e4ten. Kostenloser Versand in ganz Litauen. Verkauf von Abh\u00f6rtechnik.\" \/>\n<meta name=\"robots\" content=\"index, follow, max-snippet:-1, max-image-preview:large, max-video-preview:-1\" \/>\n<link rel=\"canonical\" href=\"https:\/\/www.ortungsgerate.de\/ru\/15-gps-treker\/trekio-gps-gf-07-mini-gps-mayak\/\" \/>\n<meta property=\"og:locale\" content=\"ru_RU\" \/>\n<meta property=\"og:type\" content=\"article\" \/>\n<meta property=\"og:title\" content=\"TREKIO GPS GF-07 Mini GPS Peilsender\" \/>\n<meta property=\"og:description\" content=\"TREKIO Mini GPS Tracker GF 07. Kleine Abmessungen. Gro\u00dfe Auswahl an Ortungsger\u00e4ten. Kostenloser Versand in ganz Litauen. Verkauf von Abh\u00f6rtechnik.\" \/>\n<meta property=\"og:url\" content=\"https:\/\/www.ortungsgerate.de\/ru\/15-gps-treker\/trekio-gps-gf-07-mini-gps-mayak\/\" \/>\n<meta property=\"og:site_name\" content=\"Ortungsger\u00e4te.de\" \/>\n<meta property=\"article:modified_time\" content=\"2025-11-26T17:01:36+00:00\" \/>\n<meta property=\"og:image\" content=\"https:\/\/www.ortungsgerate.de\/wp-content\/uploads\/gps-gf-07-mini-gps-seklys.jpg\" \/>\n\t<meta property=\"og:image:width\" content=\"957\" \/>\n\t<meta property=\"og:image:height\" content=\"1001\" \/>\n\t<meta property=\"og:image:type\" content=\"image\/jpeg\" \/>\n<meta name=\"twitter:card\" content=\"summary_large_image\" \/>\n<meta name=\"twitter:label1\" content=\"\u041f\u0440\u0438\u043c\u0435\u0440\u043d\u043e\u0435 \u0432\u0440\u0435\u043c\u044f \u0434\u043b\u044f \u0447\u0442\u0435\u043d\u0438\u044f\" \/>\n\t<meta name=\"twitter:data1\" content=\"2 \u043c\u0438\u043d\u0443\u0442\u044b\" \/>\n<script type=\"application\/ld+json\" class=\"yoast-schema-graph\">{\"@context\":\"https:\\\/\\\/schema.org\",\"@graph\":[{\"@type\":\"WebPage\",\"@id\":\"https:\\\/\\\/www.ortungsgerate.de\\\/15-gps-ueberwachungsgeraete\\\/trekio-gps-gf-07-mini-gps-peilsender\\\/\",\"url\":\"https:\\\/\\\/www.ortungsgerate.de\\\/15-gps-ueberwachungsgeraete\\\/trekio-gps-gf-07-mini-gps-peilsender\\\/\",\"name\":\"TREKIO Mini GPS Tracker GF-07\",\"isPartOf\":{\"@id\":\"https:\\\/\\\/www.ortungsgerate.de\\\/#website\"},\"primaryImageOfPage\":{\"@id\":\"https:\\\/\\\/www.ortungsgerate.de\\\/15-gps-ueberwachungsgeraete\\\/trekio-gps-gf-07-mini-gps-peilsender\\\/#primaryimage\"},\"image\":{\"@id\":\"https:\\\/\\\/www.ortungsgerate.de\\\/15-gps-ueberwachungsgeraete\\\/trekio-gps-gf-07-mini-gps-peilsender\\\/#primaryimage\"},\"thumbnailUrl\":\"https:\\\/\\\/www.ortungsgerate.de\\\/wp-content\\\/uploads\\\/gps-gf-07-mini-gps-seklys.jpg\",\"datePublished\":\"2024-02-06T19:39:39+00:00\",\"dateModified\":\"2025-11-26T17:01:36+00:00\",\"description\":\"TREKIO Mini GPS Tracker GF 07. Kleine Abmessungen. Gro\u00dfe Auswahl an Ortungsger\u00e4ten. Kostenloser Versand in ganz Litauen. Verkauf von Abh\u00f6rtechnik.\",\"breadcrumb\":{\"@id\":\"https:\\\/\\\/www.ortungsgerate.de\\\/15-gps-ueberwachungsgeraete\\\/trekio-gps-gf-07-mini-gps-peilsender\\\/#breadcrumb\"},\"inLanguage\":\"ru-RU\",\"potentialAction\":[{\"@type\":\"ReadAction\",\"target\":[\"https:\\\/\\\/www.ortungsgerate.de\\\/15-gps-ueberwachungsgeraete\\\/trekio-gps-gf-07-mini-gps-peilsender\\\/\"]}]},{\"@type\":\"ImageObject\",\"inLanguage\":\"ru-RU\",\"@id\":\"https:\\\/\\\/www.ortungsgerate.de\\\/15-gps-ueberwachungsgeraete\\\/trekio-gps-gf-07-mini-gps-peilsender\\\/#primaryimage\",\"url\":\"https:\\\/\\\/www.ortungsgerate.de\\\/wp-content\\\/uploads\\\/gps-gf-07-mini-gps-seklys.jpg\",\"contentUrl\":\"https:\\\/\\\/www.ortungsgerate.de\\\/wp-content\\\/uploads\\\/gps-gf-07-mini-gps-seklys.jpg\",\"width\":957,\"height\":1001,\"caption\":\"GPS GF-07 Mini GPS-Tracker\"},{\"@type\":\"BreadcrumbList\",\"@id\":\"https:\\\/\\\/www.ortungsgerate.de\\\/15-gps-ueberwachungsgeraete\\\/trekio-gps-gf-07-mini-gps-peilsender\\\/#breadcrumb\",\"itemListElement\":[{\"@type\":\"ListItem\",\"position\":1,\"name\":\"Startseite\",\"item\":\"https:\\\/\\\/www.ortungsgerate.de\\\/\"},{\"@type\":\"ListItem\",\"position\":2,\"name\":\"Shop\",\"item\":\"https:\\\/\\\/www.ortungsgerate.de\\\/shop\\\/\"},{\"@type\":\"ListItem\",\"position\":3,\"name\":\"TREKIO GPS GF-07 Mini GPS Peilsender\"}]},{\"@type\":\"WebSite\",\"@id\":\"https:\\\/\\\/www.ortungsgerate.de\\\/#website\",\"url\":\"https:\\\/\\\/www.ortungsgerate.de\\\/\",\"name\":\"Ortungsgerate.de\",\"description\":\"\",\"publisher\":{\"@id\":\"https:\\\/\\\/www.ortungsgerate.de\\\/#organization\"},\"potentialAction\":[{\"@type\":\"SearchAction\",\"target\":{\"@type\":\"EntryPoint\",\"urlTemplate\":\"https:\\\/\\\/www.ortungsgerate.de\\\/?s={search_term_string}\"},\"query-input\":{\"@type\":\"PropertyValueSpecification\",\"valueRequired\":true,\"valueName\":\"search_term_string\"}}],\"inLanguage\":\"ru-RU\"},{\"@type\":\"Organization\",\"@id\":\"https:\\\/\\\/www.ortungsgerate.de\\\/#organization\",\"name\":\"Ortungsgerate.de\",\"url\":\"https:\\\/\\\/www.ortungsgerate.de\\\/\",\"logo\":{\"@type\":\"ImageObject\",\"inLanguage\":\"ru-RU\",\"@id\":\"https:\\\/\\\/www.ortungsgerate.de\\\/#\\\/schema\\\/logo\\\/image\\\/\",\"url\":\"https:\\\/\\\/www.ortungsgerate.de\\\/wp-content\\\/uploads\\\/ortungsgerate.png\",\"contentUrl\":\"https:\\\/\\\/www.ortungsgerate.de\\\/wp-content\\\/uploads\\\/ortungsgerate.png\",\"width\":500,\"height\":135,\"caption\":\"Ortungsgerate.de\"},\"image\":{\"@id\":\"https:\\\/\\\/www.ortungsgerate.de\\\/#\\\/schema\\\/logo\\\/image\\\/\"}}]}<\/script>\n<!-- \/ Yoast SEO Premium plugin. -->","yoast_head_json":{"title":"TREKIO Mini GPS Tracker GF-07","description":"TREKIO Mini GPS Tracker GF 07. Kleine Abmessungen. Gro\u00dfe Auswahl an Ortungsger\u00e4ten. Kostenloser Versand in ganz Litauen. Verkauf von Abh\u00f6rtechnik.","robots":{"index":"index","follow":"follow","max-snippet":"max-snippet:-1","max-image-preview":"max-image-preview:large","max-video-preview":"max-video-preview:-1"},"canonical":"https:\/\/www.ortungsgerate.de\/ru\/15-gps-treker\/trekio-gps-gf-07-mini-gps-mayak\/","og_locale":"ru_RU","og_type":"article","og_title":"TREKIO GPS GF-07 Mini GPS Peilsender","og_description":"TREKIO Mini GPS Tracker GF 07. Kleine Abmessungen. Gro\u00dfe Auswahl an Ortungsger\u00e4ten. Kostenloser Versand in ganz Litauen. Verkauf von Abh\u00f6rtechnik.","og_url":"https:\/\/www.ortungsgerate.de\/ru\/15-gps-treker\/trekio-gps-gf-07-mini-gps-mayak\/","og_site_name":"Ortungsger\u00e4te.de","article_modified_time":"2025-11-26T17:01:36+00:00","og_image":[{"width":957,"height":1001,"url":"https:\/\/www.ortungsgerate.de\/wp-content\/uploads\/gps-gf-07-mini-gps-seklys.jpg","type":"image\/jpeg"}],"twitter_card":"summary_large_image","twitter_misc":{"\u041f\u0440\u0438\u043c\u0435\u0440\u043d\u043e\u0435 \u0432\u0440\u0435\u043c\u044f \u0434\u043b\u044f \u0447\u0442\u0435\u043d\u0438\u044f":"2 \u043c\u0438\u043d\u0443\u0442\u044b"},"schema":{"@context":"https:\/\/schema.org","@graph":[{"@type":"WebPage","@id":"https:\/\/www.ortungsgerate.de\/15-gps-ueberwachungsgeraete\/trekio-gps-gf-07-mini-gps-peilsender\/","url":"https:\/\/www.ortungsgerate.de\/15-gps-ueberwachungsgeraete\/trekio-gps-gf-07-mini-gps-peilsender\/","name":"TREKIO Mini GPS Tracker GF-07","isPartOf":{"@id":"https:\/\/www.ortungsgerate.de\/#website"},"primaryImageOfPage":{"@id":"https:\/\/www.ortungsgerate.de\/15-gps-ueberwachungsgeraete\/trekio-gps-gf-07-mini-gps-peilsender\/#primaryimage"},"image":{"@id":"https:\/\/www.ortungsgerate.de\/15-gps-ueberwachungsgeraete\/trekio-gps-gf-07-mini-gps-peilsender\/#primaryimage"},"thumbnailUrl":"https:\/\/www.ortungsgerate.de\/wp-content\/uploads\/gps-gf-07-mini-gps-seklys.jpg","datePublished":"2024-02-06T19:39:39+00:00","dateModified":"2025-11-26T17:01:36+00:00","description":"TREKIO Mini GPS Tracker GF 07. Kleine Abmessungen. Gro\u00dfe Auswahl an Ortungsger\u00e4ten. Kostenloser Versand in ganz Litauen. Verkauf von Abh\u00f6rtechnik.","breadcrumb":{"@id":"https:\/\/www.ortungsgerate.de\/15-gps-ueberwachungsgeraete\/trekio-gps-gf-07-mini-gps-peilsender\/#breadcrumb"},"inLanguage":"ru-RU","potentialAction":[{"@type":"ReadAction","target":["https:\/\/www.ortungsgerate.de\/15-gps-ueberwachungsgeraete\/trekio-gps-gf-07-mini-gps-peilsender\/"]}]},{"@type":"ImageObject","inLanguage":"ru-RU","@id":"https:\/\/www.ortungsgerate.de\/15-gps-ueberwachungsgeraete\/trekio-gps-gf-07-mini-gps-peilsender\/#primaryimage","url":"https:\/\/www.ortungsgerate.de\/wp-content\/uploads\/gps-gf-07-mini-gps-seklys.jpg","contentUrl":"https:\/\/www.ortungsgerate.de\/wp-content\/uploads\/gps-gf-07-mini-gps-seklys.jpg","width":957,"height":1001,"caption":"GPS GF-07 Mini GPS-Tracker"},{"@type":"BreadcrumbList","@id":"https:\/\/www.ortungsgerate.de\/15-gps-ueberwachungsgeraete\/trekio-gps-gf-07-mini-gps-peilsender\/#breadcrumb","itemListElement":[{"@type":"ListItem","position":1,"name":"Startseite","item":"https:\/\/www.ortungsgerate.de\/"},{"@type":"ListItem","position":2,"name":"Shop","item":"https:\/\/www.ortungsgerate.de\/shop\/"},{"@type":"ListItem","position":3,"name":"TREKIO GPS GF-07 Mini GPS Peilsender"}]},{"@type":"WebSite","@id":"https:\/\/www.ortungsgerate.de\/#website","url":"https:\/\/www.ortungsgerate.de\/","name":"Ortungsgerate.de","description":"","publisher":{"@id":"https:\/\/www.ortungsgerate.de\/#organization"},"potentialAction":[{"@type":"SearchAction","target":{"@type":"EntryPoint","urlTemplate":"https:\/\/www.ortungsgerate.de\/?s={search_term_string}"},"query-input":{"@type":"PropertyValueSpecification","valueRequired":true,"valueName":"search_term_string"}}],"inLanguage":"ru-RU"},{"@type":"Organization","@id":"https:\/\/www.ortungsgerate.de\/#organization","name":"Ortungsgerate.de","url":"https:\/\/www.ortungsgerate.de\/","logo":{"@type":"ImageObject","inLanguage":"ru-RU","@id":"https:\/\/www.ortungsgerate.de\/#\/schema\/logo\/image\/","url":"https:\/\/www.ortungsgerate.de\/wp-content\/uploads\/ortungsgerate.png","contentUrl":"https:\/\/www.ortungsgerate.de\/wp-content\/uploads\/ortungsgerate.png","width":500,"height":135,"caption":"Ortungsgerate.de"},"image":{"@id":"https:\/\/www.ortungsgerate.de\/#\/schema\/logo\/image\/"}}]}},"_links":{"self":[{"href":"https:\/\/www.ortungsgerate.de\/ru\/wp-json\/wp\/v2\/product\/16699","targetHints":{"allow":["GET"]}}],"collection":[{"href":"https:\/\/www.ortungsgerate.de\/ru\/wp-json\/wp\/v2\/product"}],"about":[{"href":"https:\/\/www.ortungsgerate.de\/ru\/wp-json\/wp\/v2\/types\/product"}],"version-history":[{"count":0,"href":"https:\/\/www.ortungsgerate.de\/ru\/wp-json\/wp\/v2\/product\/16699\/revisions"}],"wp:featuredmedia":[{"embeddable":true,"href":"https:\/\/www.ortungsgerate.de\/ru\/wp-json\/wp\/v2\/media\/2299"}],"wp:attachment":[{"href":"https:\/\/www.ortungsgerate.de\/ru\/wp-json\/wp\/v2\/media?parent=16699"}],"wp:term":[{"taxonomy":"brand","embeddable":true,"href":"https:\/\/www.ortungsgerate.de\/ru\/wp-json\/wp\/v2\/etheme_brands?post=16699"},{"taxonomy":"product_brand","embeddable":true,"href":"https:\/\/www.ortungsgerate.de\/ru\/wp-json\/wp\/v2\/product_brand?post=16699"},{"taxonomy":"product_cat","embeddable":true,"href":"https:\/\/www.ortungsgerate.de\/ru\/wp-json\/wp\/v2\/product_cat?post=16699"},{"taxonomy":"product_tag","embeddable":true,"href":"https:\/\/www.ortungsgerate.de\/ru\/wp-json\/wp\/v2\/product_tag?post=16699"}],"curies":[{"name":"wp","href":"https:\/\/api.w.org\/{rel}","templated":true}]}}