{"id":16700,"date":"2024-02-06T21:36:37","date_gmt":"2024-02-06T19:36:37","guid":{"rendered":"https:\/\/ortungsgerate.de\/be-kategorijos\/ziebtuvelis-slapta-kamera-fhd-su-microsd\/"},"modified":"2025-11-26T19:01:36","modified_gmt":"2025-11-26T17:01:36","slug":"zazhigalka-so-shpionskoy-kameroy-fhd-s-microsd","status":"publish","type":"product","link":"https:\/\/www.ortungsgerate.de\/ru\/12-skrytyje-kamery\/17-zamaskirovanyje-kamery\/zazhigalka-so-shpionskoy-kameroy-fhd-s-microsd\/","title":{"rendered":"\u0417\u0430\u0436\u0438\u0433\u0430\u043b\u043a\u0430 \u0441\u043e \u0448\u043f\u0438\u043e\u043d\u0441\u043a\u043e\u0439 \u043a\u0430\u043c\u0435\u0440\u043e\u0439 FHD \u0441 microSD"},"content":{"rendered":"<h3><strong>\u0422\u0415\u0425\u041d\u0418\u0427\u0415\u0421\u041a\u0418\u0415 \u041f\u0410\u0420\u0410\u041c\u0415\u0422\u0420\u042b:<\/strong><\/h3>\n<ul>\n<li>Videoaufl\u00f6sung: 1920x1080px<\/li>\n<li>\u0412\u0438\u0434\u0435\u043e\u0437\u0430\u043f\u0438\u0441\u044c \u0441\u043e \u0437\u0432\u0443\u043a\u043e\u043c<\/li>\n<li>Betriebszeit: ca. 70 Minuten<\/li>\n<li>\u0424\u043e\u0440\u043c\u0430\u0442 \u0432\u0438\u0434\u0435\u043e: AVI | 30fps<\/li>\n<li>Aufnahmewinkel: 90 \u00b0<\/li>\n<li>Audio: Mikrofon mit Ger\u00e4uschunterdr\u00fcckungsfunktion<\/li>\n<li>Anschlussstandard: USB 1.1 und 2.0<\/li>\n<li>Wiederaufladbarer Akku: 3,6V 260mAh<\/li>\n<li>\u0421\u043e\u0432\u043c\u0435\u0441\u0442\u0438\u043c\u043e\u0441\u0442\u044c: Windows, Mac OS<\/li>\n<li>Arbeitstemperatur: -10 \u00b0 C ~ 60 \u00b0 C<\/li>\n<li>Farbe: BLACK (schwarz)<\/li>\n<li>Lieferumfang: Feuerzeug, Bedienungsanleitung<\/li>\n<li><strong>\u0413\u0410\u0420\u0410\u041d\u0422\u0418\u042f 12 \u043c\u0435\u0441\u044f\u0446\u0435\u0432<\/strong><\/li>\n<\/ul>\n<p><span style=\"color: #d0121a;\"><\/span><\/p>\n<p>Feuerzeug mit integrierter versteckter Kamera. Dieses Feuerzeug unterscheidet sich im Aussehen in keiner Weise von einem normalen Feuerzeug. Es verf\u00fcgt \u00fcber eine integrierte versteckte Videokamera, mit der Sie Szenen filmen, heimlich ein Treffen aufzeichnen oder Beweise sammeln k\u00f6nnen. Stellen Sie sich vor, Sie haben ein unangenehmes Treffen und ben\u00f6tigen Gespr\u00e4chsbeweise \u2013 mit diesem Feuerzeug k\u00f6nnen Sie alles aufzeichnen. Die Videoaufl\u00f6sung betr\u00e4gt 1920 x 1080 Pixel, was hochwertige Videoaufnahmen erm\u00f6glicht. Sie k\u00f6nnen etwa 70 Minuten lang filmen, ohne den Akku zus\u00e4tzlich aufladen zu m\u00fcssen. Das Bild wird im AVI-Format mit 30 Bildern pro Sekunde aufgezeichnet, die Kamera verf\u00fcgt \u00fcber ein Weitwinkelobjektiv mit einem Aufnahmewinkel von 90 \u00b0, ein integriertes Mikrofon mit Ger\u00e4uschd\u00e4mpfer. In der versteckten Kamera ist ein interner Akku verbaut, die Kamera wird \u00fcber den USB-Anschluss des Computers geladen.<\/p>\n<p><strong>Feuerzeug mit versteckter Kamera FHD mit microSD<\/strong><\/p>\n<p>Ein Feuerzeug ist ein Gegenstand, den viele Personen h\u00e4ufig benutzen. Daher kann ein Feuerzeug mit versteckter Kamera eine wirklich ausgezeichnete Wahl sein, wenn eine verdeckte Video\u00fcberwachung erforderlich ist. Die im Feuerzeug getarnte Kamera kann helfen, ben\u00f6tigte Beweise zu sammeln oder einfacher zu \u00fcberpr\u00fcfen, ob sich bestimmte Personen tats\u00e4chlich ehrlich verhalten. Das Feuerzeug mit versteckter Kamera kann bedenkenlos einfach auf dem Tisch oder an einem anderen Ort im Raum liegen gelassen werden, und die beobachteten Personen werden nicht einmal ahnen, dass sie gefilmt werden k\u00f6nnten.<\/p>\n<p>Die im Feuerzeug integrierte versteckte Kamera ist klein, aber in der Lage, wirklich hochwertige Bilder aufzuzeichnen. Die Aufnahmen erfolgen in FULL-HD-Aufl\u00f6sung (1920\u00d71080 px), sodass Sie auf den Aufzeichnungen die Gesichter der beobachteten Personen und andere wichtige Details leicht erkennen k\u00f6nnen. Eine voll aufgeladene Kamera kann etwa 70 Minuten ununterbrochen filmen, bei Bedarf wird die Kamera \u00fcber den USB-Anschluss aufgeladen. Vorteilhaft ist, dass nicht nur Bilder, sondern auch Ton aufgezeichnet werden kann. In der versteckten Kamera ist ein Mikrofon mit Ger\u00e4uschunterdr\u00fcckungsfunktion integriert, sodass die Tonaufnahmen klar verst\u00e4ndlich sind.<\/p>\n<p>Das Feuerzeug mit versteckter Kamera verwendet eine microSD-Karte, von der die Informationen auf einen Computer \u00fcbertragen werden k\u00f6nnen. Sie k\u00f6nnen eine Speicherkarte mit der gew\u00fcnschten Kapazit\u00e4t w\u00e4hlen, wodurch sichergestellt wird, dass Sie alle wichtigen Aufnahmen speichern. Eine Stunde Aufnahme belegt ungef\u00e4hr zwei Gigabyte Speicherkapazit\u00e4t der Karte. Behalten Sie dies im Hinterkopf, damit Ihnen nichts Wichtiges entgeht.<\/p>\n<p>Das Feuerzeug mit versteckter Kamera wird recht h\u00e4ufig eingesetzt, wenn \u00fcberpr\u00fcft werden soll, ob die Mitarbeiter eines Unternehmens wirklich ehrlich sind und sich, wenn sie nicht \u00fcberwacht werden, nicht mit unzul\u00e4ssigen Aktivit\u00e4ten besch\u00e4ftigen. Ein auf dem Schreibtisch oder an einem anderen Ort liegengelassenes Feuerzeug wird bei den Mitarbeitern keinerlei Verdacht erregen, sodass sie sich wie gewohnt verhalten. In vielen F\u00e4llen best\u00e4tigen versteckte Kameras lediglich, dass sich die Mitarbeiter korrekt verhalten, aber man kann sich dessen niemals v\u00f6llig sicher sein. Wenn Sie also Ihre Zweifel ausr\u00e4umen m\u00f6chten, nutzen Sie die M\u00f6glichkeit, eine getarnte Kamera zu einem wirklich attraktiven Preis zu erwerben \u2013 eine solche Entscheidung kann sich in der Praxis als sehr sinnvoll erweisen. Das Feuerzeug mit versteckter Kamera kann in sehr vielen Situationen eingesetzt werden. Wenn Sie also sehen m\u00f6chten, was passiert, w\u00e4hrend Sie nicht in der N\u00e4he sind, oder Beweise sammeln wollen, denken Sie genau an eine solche L\u00f6sung.<\/p>","protected":false},"excerpt":{"rendered":"<p>TECHNISCHE PARAMETER: Videoaufl\u00f6sung: 1920x1080px Videoaufzeichnung mit Ton Betriebszeit: ca. 70 Minuten Videoformat: AVI | 30fps Aufnahmewinkel: 90 \u00b0 Audio: Mikrofon mit Ger\u00e4uschunterdr\u00fcckungsfunktion Anschlussstandard: USB 1.1&#8230;<\/p>","protected":false},"featured_media":1471,"template":"","meta":[],"etheme_brands":[],"product_brand":[],"product_cat":[204,203],"product_tag":[773,42,705,690],"class_list":{"0":"post-16700","1":"product","2":"type-product","3":"status-publish","4":"has-post-thumbnail","6":"product_cat-17-getarnte-kameras","7":"product_cat-12-versteckte-kameras","8":"product_tag-feuerzeug-kamera","9":"product_tag-kamera","10":"product_tag-ueberwachungskamera","11":"product_tag-versteckte-kamera","12":"pa_typ-feuerzeuge","14":"first","15":"outofstock","16":"taxable","17":"shipping-taxable","18":"purchasable","19":"product-type-simple"},"yoast_head":"<!-- This site is optimized with the Yoast SEO Premium plugin v25.9 (Yoast SEO v27.4) - https:\/\/yoast.com\/product\/yoast-seo-premium-wordpress\/ -->\n<title>Feuerzeug mit versteckter FHD-Kamera<\/title>\n<meta name=\"description\" content=\"Hochwertiges Feuerzeug mit versteckter Kamera Hochwertige Bildqualit\u00e4t \u2013 filmen Sie unbemerkt. Sammeln Sie Beweise diskret. Kostenloser Versand\" \/>\n<meta name=\"robots\" content=\"index, follow, max-snippet:-1, max-image-preview:large, max-video-preview:-1\" \/>\n<link rel=\"canonical\" href=\"https:\/\/www.ortungsgerate.de\/ru\/12-skrytyje-kamery\/17-zamaskirovanyje-kamery\/zazhigalka-so-shpionskoy-kameroy-fhd-s-microsd\/\" \/>\n<meta property=\"og:locale\" content=\"ru_RU\" \/>\n<meta property=\"og:type\" content=\"article\" \/>\n<meta property=\"og:title\" content=\"Feuerzeug Spionagekamera FHD mit microSD\" \/>\n<meta property=\"og:description\" content=\"Hochwertiges Feuerzeug mit versteckter Kamera Hochwertige Bildqualit\u00e4t \u2013 filmen Sie unbemerkt. Sammeln Sie Beweise diskret. Kostenloser Versand\" \/>\n<meta property=\"og:url\" content=\"https:\/\/www.ortungsgerate.de\/ru\/12-skrytyje-kamery\/17-zamaskirovanyje-kamery\/zazhigalka-so-shpionskoy-kameroy-fhd-s-microsd\/\" \/>\n<meta property=\"og:site_name\" content=\"Ortungsger\u00e4te.de\" \/>\n<meta property=\"article:modified_time\" content=\"2025-11-26T17:01:36+00:00\" \/>\n<meta property=\"og:image\" content=\"https:\/\/www.ortungsgerate.de\/wp-content\/uploads\/ziebtuvelis-slapta-kamera-fhd.jpg\" \/>\n\t<meta property=\"og:image:width\" content=\"430\" \/>\n\t<meta property=\"og:image:height\" content=\"353\" \/>\n\t<meta property=\"og:image:type\" content=\"image\/jpeg\" \/>\n<meta name=\"twitter:card\" content=\"summary_large_image\" \/>\n<meta name=\"twitter:label1\" content=\"\u041f\u0440\u0438\u043c\u0435\u0440\u043d\u043e\u0435 \u0432\u0440\u0435\u043c\u044f \u0434\u043b\u044f \u0447\u0442\u0435\u043d\u0438\u044f\" \/>\n\t<meta name=\"twitter:data1\" content=\"3 \u043c\u0438\u043d\u0443\u0442\u044b\" \/>\n<script type=\"application\/ld+json\" class=\"yoast-schema-graph\">{\"@context\":\"https:\\\/\\\/schema.org\",\"@graph\":[{\"@type\":\"WebPage\",\"@id\":\"https:\\\/\\\/www.ortungsgerate.de\\\/12-versteckte-kameras\\\/17-getarnte-kameras\\\/feuerzeug-spionagekamera-fhd-mit-microsd\\\/\",\"url\":\"https:\\\/\\\/www.ortungsgerate.de\\\/12-versteckte-kameras\\\/17-getarnte-kameras\\\/feuerzeug-spionagekamera-fhd-mit-microsd\\\/\",\"name\":\"Feuerzeug mit versteckter FHD-Kamera\",\"isPartOf\":{\"@id\":\"https:\\\/\\\/www.ortungsgerate.de\\\/#website\"},\"primaryImageOfPage\":{\"@id\":\"https:\\\/\\\/www.ortungsgerate.de\\\/12-versteckte-kameras\\\/17-getarnte-kameras\\\/feuerzeug-spionagekamera-fhd-mit-microsd\\\/#primaryimage\"},\"image\":{\"@id\":\"https:\\\/\\\/www.ortungsgerate.de\\\/12-versteckte-kameras\\\/17-getarnte-kameras\\\/feuerzeug-spionagekamera-fhd-mit-microsd\\\/#primaryimage\"},\"thumbnailUrl\":\"https:\\\/\\\/www.ortungsgerate.de\\\/wp-content\\\/uploads\\\/ziebtuvelis-slapta-kamera-fhd.jpg\",\"datePublished\":\"2024-02-06T19:36:37+00:00\",\"dateModified\":\"2025-11-26T17:01:36+00:00\",\"description\":\"Hochwertiges Feuerzeug mit versteckter Kamera Hochwertige Bildqualit\u00e4t \u2013 filmen Sie unbemerkt. Sammeln Sie Beweise diskret. Kostenloser Versand\",\"breadcrumb\":{\"@id\":\"https:\\\/\\\/www.ortungsgerate.de\\\/12-versteckte-kameras\\\/17-getarnte-kameras\\\/feuerzeug-spionagekamera-fhd-mit-microsd\\\/#breadcrumb\"},\"inLanguage\":\"ru-RU\",\"potentialAction\":[{\"@type\":\"ReadAction\",\"target\":[\"https:\\\/\\\/www.ortungsgerate.de\\\/12-versteckte-kameras\\\/17-getarnte-kameras\\\/feuerzeug-spionagekamera-fhd-mit-microsd\\\/\"]}]},{\"@type\":\"ImageObject\",\"inLanguage\":\"ru-RU\",\"@id\":\"https:\\\/\\\/www.ortungsgerate.de\\\/12-versteckte-kameras\\\/17-getarnte-kameras\\\/feuerzeug-spionagekamera-fhd-mit-microsd\\\/#primaryimage\",\"url\":\"https:\\\/\\\/www.ortungsgerate.de\\\/wp-content\\\/uploads\\\/ziebtuvelis-slapta-kamera-fhd.jpg\",\"contentUrl\":\"https:\\\/\\\/www.ortungsgerate.de\\\/wp-content\\\/uploads\\\/ziebtuvelis-slapta-kamera-fhd.jpg\",\"width\":430,\"height\":353,\"caption\":\"Feuerzeug FHD Kamera\"},{\"@type\":\"BreadcrumbList\",\"@id\":\"https:\\\/\\\/www.ortungsgerate.de\\\/12-versteckte-kameras\\\/17-getarnte-kameras\\\/feuerzeug-spionagekamera-fhd-mit-microsd\\\/#breadcrumb\",\"itemListElement\":[{\"@type\":\"ListItem\",\"position\":1,\"name\":\"Startseite\",\"item\":\"https:\\\/\\\/www.ortungsgerate.de\\\/\"},{\"@type\":\"ListItem\",\"position\":2,\"name\":\"Shop\",\"item\":\"https:\\\/\\\/www.ortungsgerate.de\\\/shop\\\/\"},{\"@type\":\"ListItem\",\"position\":3,\"name\":\"Feuerzeug Spionagekamera FHD mit microSD\"}]},{\"@type\":\"WebSite\",\"@id\":\"https:\\\/\\\/www.ortungsgerate.de\\\/#website\",\"url\":\"https:\\\/\\\/www.ortungsgerate.de\\\/\",\"name\":\"Ortungsgerate.de\",\"description\":\"\",\"publisher\":{\"@id\":\"https:\\\/\\\/www.ortungsgerate.de\\\/#organization\"},\"potentialAction\":[{\"@type\":\"SearchAction\",\"target\":{\"@type\":\"EntryPoint\",\"urlTemplate\":\"https:\\\/\\\/www.ortungsgerate.de\\\/?s={search_term_string}\"},\"query-input\":{\"@type\":\"PropertyValueSpecification\",\"valueRequired\":true,\"valueName\":\"search_term_string\"}}],\"inLanguage\":\"ru-RU\"},{\"@type\":\"Organization\",\"@id\":\"https:\\\/\\\/www.ortungsgerate.de\\\/#organization\",\"name\":\"Ortungsgerate.de\",\"url\":\"https:\\\/\\\/www.ortungsgerate.de\\\/\",\"logo\":{\"@type\":\"ImageObject\",\"inLanguage\":\"ru-RU\",\"@id\":\"https:\\\/\\\/www.ortungsgerate.de\\\/#\\\/schema\\\/logo\\\/image\\\/\",\"url\":\"https:\\\/\\\/www.ortungsgerate.de\\\/wp-content\\\/uploads\\\/ortungsgerate.png\",\"contentUrl\":\"https:\\\/\\\/www.ortungsgerate.de\\\/wp-content\\\/uploads\\\/ortungsgerate.png\",\"width\":500,\"height\":135,\"caption\":\"Ortungsgerate.de\"},\"image\":{\"@id\":\"https:\\\/\\\/www.ortungsgerate.de\\\/#\\\/schema\\\/logo\\\/image\\\/\"}}]}<\/script>\n<!-- \/ Yoast SEO Premium plugin. -->","yoast_head_json":{"title":"Feuerzeug mit versteckter FHD-Kamera","description":"Hochwertiges Feuerzeug mit versteckter Kamera Hochwertige Bildqualit\u00e4t \u2013 filmen Sie unbemerkt. Sammeln Sie Beweise diskret. Kostenloser Versand","robots":{"index":"index","follow":"follow","max-snippet":"max-snippet:-1","max-image-preview":"max-image-preview:large","max-video-preview":"max-video-preview:-1"},"canonical":"https:\/\/www.ortungsgerate.de\/ru\/12-skrytyje-kamery\/17-zamaskirovanyje-kamery\/zazhigalka-so-shpionskoy-kameroy-fhd-s-microsd\/","og_locale":"ru_RU","og_type":"article","og_title":"Feuerzeug Spionagekamera FHD mit microSD","og_description":"Hochwertiges Feuerzeug mit versteckter Kamera Hochwertige Bildqualit\u00e4t \u2013 filmen Sie unbemerkt. Sammeln Sie Beweise diskret. Kostenloser Versand","og_url":"https:\/\/www.ortungsgerate.de\/ru\/12-skrytyje-kamery\/17-zamaskirovanyje-kamery\/zazhigalka-so-shpionskoy-kameroy-fhd-s-microsd\/","og_site_name":"Ortungsger\u00e4te.de","article_modified_time":"2025-11-26T17:01:36+00:00","og_image":[{"width":430,"height":353,"url":"https:\/\/www.ortungsgerate.de\/wp-content\/uploads\/ziebtuvelis-slapta-kamera-fhd.jpg","type":"image\/jpeg"}],"twitter_card":"summary_large_image","twitter_misc":{"\u041f\u0440\u0438\u043c\u0435\u0440\u043d\u043e\u0435 \u0432\u0440\u0435\u043c\u044f \u0434\u043b\u044f \u0447\u0442\u0435\u043d\u0438\u044f":"3 \u043c\u0438\u043d\u0443\u0442\u044b"},"schema":{"@context":"https:\/\/schema.org","@graph":[{"@type":"WebPage","@id":"https:\/\/www.ortungsgerate.de\/12-versteckte-kameras\/17-getarnte-kameras\/feuerzeug-spionagekamera-fhd-mit-microsd\/","url":"https:\/\/www.ortungsgerate.de\/12-versteckte-kameras\/17-getarnte-kameras\/feuerzeug-spionagekamera-fhd-mit-microsd\/","name":"Feuerzeug mit versteckter FHD-Kamera","isPartOf":{"@id":"https:\/\/www.ortungsgerate.de\/#website"},"primaryImageOfPage":{"@id":"https:\/\/www.ortungsgerate.de\/12-versteckte-kameras\/17-getarnte-kameras\/feuerzeug-spionagekamera-fhd-mit-microsd\/#primaryimage"},"image":{"@id":"https:\/\/www.ortungsgerate.de\/12-versteckte-kameras\/17-getarnte-kameras\/feuerzeug-spionagekamera-fhd-mit-microsd\/#primaryimage"},"thumbnailUrl":"https:\/\/www.ortungsgerate.de\/wp-content\/uploads\/ziebtuvelis-slapta-kamera-fhd.jpg","datePublished":"2024-02-06T19:36:37+00:00","dateModified":"2025-11-26T17:01:36+00:00","description":"Hochwertiges Feuerzeug mit versteckter Kamera Hochwertige Bildqualit\u00e4t \u2013 filmen Sie unbemerkt. Sammeln Sie Beweise diskret. Kostenloser Versand","breadcrumb":{"@id":"https:\/\/www.ortungsgerate.de\/12-versteckte-kameras\/17-getarnte-kameras\/feuerzeug-spionagekamera-fhd-mit-microsd\/#breadcrumb"},"inLanguage":"ru-RU","potentialAction":[{"@type":"ReadAction","target":["https:\/\/www.ortungsgerate.de\/12-versteckte-kameras\/17-getarnte-kameras\/feuerzeug-spionagekamera-fhd-mit-microsd\/"]}]},{"@type":"ImageObject","inLanguage":"ru-RU","@id":"https:\/\/www.ortungsgerate.de\/12-versteckte-kameras\/17-getarnte-kameras\/feuerzeug-spionagekamera-fhd-mit-microsd\/#primaryimage","url":"https:\/\/www.ortungsgerate.de\/wp-content\/uploads\/ziebtuvelis-slapta-kamera-fhd.jpg","contentUrl":"https:\/\/www.ortungsgerate.de\/wp-content\/uploads\/ziebtuvelis-slapta-kamera-fhd.jpg","width":430,"height":353,"caption":"Feuerzeug FHD Kamera"},{"@type":"BreadcrumbList","@id":"https:\/\/www.ortungsgerate.de\/12-versteckte-kameras\/17-getarnte-kameras\/feuerzeug-spionagekamera-fhd-mit-microsd\/#breadcrumb","itemListElement":[{"@type":"ListItem","position":1,"name":"Startseite","item":"https:\/\/www.ortungsgerate.de\/"},{"@type":"ListItem","position":2,"name":"Shop","item":"https:\/\/www.ortungsgerate.de\/shop\/"},{"@type":"ListItem","position":3,"name":"Feuerzeug Spionagekamera FHD mit microSD"}]},{"@type":"WebSite","@id":"https:\/\/www.ortungsgerate.de\/#website","url":"https:\/\/www.ortungsgerate.de\/","name":"Ortungsgerate.de","description":"","publisher":{"@id":"https:\/\/www.ortungsgerate.de\/#organization"},"potentialAction":[{"@type":"SearchAction","target":{"@type":"EntryPoint","urlTemplate":"https:\/\/www.ortungsgerate.de\/?s={search_term_string}"},"query-input":{"@type":"PropertyValueSpecification","valueRequired":true,"valueName":"search_term_string"}}],"inLanguage":"ru-RU"},{"@type":"Organization","@id":"https:\/\/www.ortungsgerate.de\/#organization","name":"Ortungsgerate.de","url":"https:\/\/www.ortungsgerate.de\/","logo":{"@type":"ImageObject","inLanguage":"ru-RU","@id":"https:\/\/www.ortungsgerate.de\/#\/schema\/logo\/image\/","url":"https:\/\/www.ortungsgerate.de\/wp-content\/uploads\/ortungsgerate.png","contentUrl":"https:\/\/www.ortungsgerate.de\/wp-content\/uploads\/ortungsgerate.png","width":500,"height":135,"caption":"Ortungsgerate.de"},"image":{"@id":"https:\/\/www.ortungsgerate.de\/#\/schema\/logo\/image\/"}}]}},"_links":{"self":[{"href":"https:\/\/www.ortungsgerate.de\/ru\/wp-json\/wp\/v2\/product\/16700","targetHints":{"allow":["GET"]}}],"collection":[{"href":"https:\/\/www.ortungsgerate.de\/ru\/wp-json\/wp\/v2\/product"}],"about":[{"href":"https:\/\/www.ortungsgerate.de\/ru\/wp-json\/wp\/v2\/types\/product"}],"version-history":[{"count":0,"href":"https:\/\/www.ortungsgerate.de\/ru\/wp-json\/wp\/v2\/product\/16700\/revisions"}],"wp:featuredmedia":[{"embeddable":true,"href":"https:\/\/www.ortungsgerate.de\/ru\/wp-json\/wp\/v2\/media\/1471"}],"wp:attachment":[{"href":"https:\/\/www.ortungsgerate.de\/ru\/wp-json\/wp\/v2\/media?parent=16700"}],"wp:term":[{"taxonomy":"brand","embeddable":true,"href":"https:\/\/www.ortungsgerate.de\/ru\/wp-json\/wp\/v2\/etheme_brands?post=16700"},{"taxonomy":"product_brand","embeddable":true,"href":"https:\/\/www.ortungsgerate.de\/ru\/wp-json\/wp\/v2\/product_brand?post=16700"},{"taxonomy":"product_cat","embeddable":true,"href":"https:\/\/www.ortungsgerate.de\/ru\/wp-json\/wp\/v2\/product_cat?post=16700"},{"taxonomy":"product_tag","embeddable":true,"href":"https:\/\/www.ortungsgerate.de\/ru\/wp-json\/wp\/v2\/product_tag?post=16700"}],"curies":[{"name":"wp","href":"https:\/\/api.w.org\/{rel}","templated":true}]}}