{"id":16701,"date":"2025-03-02T22:50:45","date_gmt":"2025-03-02T20:50:45","guid":{"rendered":"https:\/\/ortungsgerate.de\/be-kategorijos\/4g-kamera-5mpx-sony-optika-dvipusis-audio\/"},"modified":"2025-11-26T19:01:36","modified_gmt":"2025-11-26T17:01:36","slug":"4g-kamera-5mpx-sony-optika-dvoynoe-audio","status":"publish","type":"product","link":"https:\/\/www.ortungsgerate.de\/ru\/12-skrytyje-kamery\/30-4g-kamery-2\/4g-kamera-5mpx-sony-optika-dvoynoe-audio\/","title":{"rendered":"4G \u043a\u0430\u043c\u0435\u0440\u0430 5mpx SONY \u043e\u043f\u0442\u0438\u043a\u0430 \u0434\u0432\u043e\u0439\u043d\u043e\u0435 \u0430\u0443\u0434\u0438\u043e"},"content":{"rendered":"<h3><strong>\u0422\u0435\u0445\u043d\u0438\u0447\u0435\u0441\u043a\u0438\u0435 \u043f\u0430\u0440\u0430\u043c\u0435\u0442\u0440\u044b:<\/strong><\/h3>\n<ul>\n<li>\u0414\u0438\u0441\u0442\u0430\u043d\u0446\u0438\u043e\u043d\u043d\u043e\u0435 \u043d\u0430\u0431\u043b\u044e\u0434\u0435\u043d\u0438\u0435: \u0414\u0410<\/li>\n<li>Audio kann live geh\u00f6rt werden<\/li>\n<li>Videos werden mit Ton aufgenommen<\/li>\n<li>Kabell\u00e4nge der Kamera: 0,4 Meter<\/li>\n<li>\u0418\u0437\u043e\u0431\u0440\u0430\u0436\u0435\u043d\u0438\u0435 \u0437\u0430\u043f\u0438\u0441\u044b\u0432\u0430\u0435\u0442\u0441\u044f \u0441\u043e \u0437\u0432\u0443\u043a\u043e\u043c<\/li>\n<li>\u041f\u043e\u0434\u0434\u0435\u0440\u0436\u0438\u0432\u0430\u0435\u0442 \u043a\u0430\u0440\u0442\u044b \u043f\u0430\u043c\u044f\u0442\u0438 \u0434\u043e 128 \u0413\u0411<\/li>\n<li>Kann an eine dauerhafte Stromversorgung angeschlossen werden<\/li>\n<li>Netzwerk: GSM 4G mit SIM-Karte und Internet<\/li>\n<li>Nachtmodus: vorhanden<\/li>\n<li>Videoqualit\u00e4t: Vorschau: FULL HD1080P,<\/li>\n<li>Bilder k\u00f6nnen angesehen werden: \u00fcber das Telefon<\/li>\n<li>\u0423\u0432\u0435\u0434\u043e\u043c\u043b\u0435\u043d\u0438\u044f \u043d\u0430 \u0442\u0435\u043b\u0435\u0444\u043e\u043d: \u0414\u0430<\/li>\n<li>\u0421\u043b\u043e\u0442 \u0434\u043b\u044f SIM-\u043a\u0430\u0440\u0442\u044b: \u0414\u0430<\/li>\n<li>Bewegungserkennungsmodus: JA<\/li>\n<li>\u0423\u0433\u043e\u043b \u043e\u0431\u0437\u043e\u0440\u0430: 110 \u00b0<\/li>\n<li>\u0424\u043e\u0440\u043c\u0430\u0442 \u0441\u0436\u0430\u0442\u0438\u044f: AVI H.264<\/li>\n<li>\u041f\u043e\u0434\u0434\u0435\u0440\u0436\u0438\u0432\u0430\u0435\u043c\u044b\u0435 \u0441\u0438\u0441\u0442\u0435\u043c\u044b: \u201eiOS\u201c \u201eAndroid\u201c<\/li>\n<li>\u041f\u0440\u0438\u043b\u043e\u0436\u0435\u043d\u0438\u0435 \u0434\u043b\u044f \u043c\u043e\u0431\u0438\u043b\u044c\u043d\u044b\u0445 \u0443\u0441\u0442\u0440\u043e\u0439\u0441\u0442\u0432: \u0414\u0430<\/li>\n<li>Stromversorgungsarten: PPOE oder von einer Stromquelle (220V)<\/li>\n<li>\u0423\u043f\u0440\u0430\u0432\u043b\u0435\u043d\u0438\u0435 \u0437\u0430\u043f\u0438\u0441\u044c\u044e: \u0441 \u043b\u044e\u0431\u043e\u0433\u043e \u0443\u043c\u043d\u043e\u0433\u043e \u0443\u0441\u0442\u0440\u043e\u0439\u0441\u0442\u0432\u0430 (\u0442\u0435\u043b\u0435\u0444\u043e\u043d, \u043a\u043e\u043c\u043f\u044c\u044e\u0442\u0435\u0440 \u0438\u043b\u0438 \u043f\u043b\u0430\u043d\u0448\u0435\u0442).<\/li>\n<li>\u0413\u0430\u0440\u0430\u043d\u0442\u0438\u044f 12 \u043c\u0435\u0441\u044f\u0446\u0435\u0432<\/li>\n<\/ul>\n<p><span style=\"color: #d0121a;\"><\/span><\/p>\n<p>Diese Kamera ist eine hervorragende Wahl f\u00fcr den Schutz von Zuhause oder Ferienhaus, insbesondere wenn in Ihrem Bereich kein WLAN-Internet verf\u00fcgbar ist. Sie kann mit einer SIM-Karte mit Internet verwendet werden, die es erm\u00f6glicht, das Bild live auf Ihrem Mobiltelefon zu \u00fcberwachen. Die Kamera bietet eine hohe Bildqualit\u00e4t und Nachtsicht, sodass sie das Gebiet \u00fcberwachen und Eindringlinge sogar im Dunkeln erkennen kann.<\/p>\n<p>Dar\u00fcber hinaus verf\u00fcgt diese Kamera \u00fcber einen Lautsprecher, der es erm\u00f6glicht, nicht nur zu h\u00f6ren, was um einen herum passiert, sondern auch etwas \u00fcber den Lautsprecher der Kamera zu sagen. Dies kann n\u00fctzlich sein, wenn Sie Eindringlinge abschrecken oder mit anderen Personen in derselben Umgebung kommunizieren m\u00f6chten.<\/p>\n<p>Die Kamera kann auch Personen erkennen und Benachrichtigungen an Ihr Mobiltelefon senden, damit Sie schnell auf unerw\u00fcnschte Ereignisse reagieren k\u00f6nnen. Dies gibt Ihnen ein sicheres Gef\u00fchl und sch\u00fctzt Ihr Eigentum sowie Ihre Sicherheit.<\/p>\n<p>Insgesamt ist diese Kamera eine hervorragende Wahl f\u00fcr den Schutz von Zuhause oder Ferienhaus, wenn kein WLAN-Internet verf\u00fcgbar ist. Sie bietet hohe Qualit\u00e4t und verschiedene Funktionen, die es erm\u00f6glichen, das Gebiet zu \u00fcberwachen und auf gef\u00e4hrliche oder unerw\u00fcnschte Ereignisse zu reagieren.<\/p>","protected":false},"excerpt":{"rendered":"<p>Technische\u00a0Parameter: Fern\u00fcberwachung: JA Audio kann live geh\u00f6rt werden Videos werden mit Ton aufgenommen Kabell\u00e4nge der Kamera: 0,4 Meter Bild wird mit Ton aufgezeichnet Unterst\u00fctzt Speicherkarten&#8230;<\/p>","protected":false},"featured_media":26475,"template":"","meta":[],"etheme_brands":[],"product_brand":[],"product_cat":[219,224,203],"product_tag":[708,694,689,688,690,691,693],"class_list":{"0":"post-16701","1":"product","2":"type-product","3":"status-publish","4":"has-post-thumbnail","6":"product_cat-30-4g-kameras","7":"product_cat-36-aussenkameras-4g-wlan","8":"product_cat-12-versteckte-kameras","9":"product_tag-kamera-fuer-die-ueberwachung","10":"product_tag-schnappschusskamera","11":"product_tag-sicherheitskamera","12":"product_tag-tarnkappen-kamera","13":"product_tag-versteckte-kamera","14":"product_tag-versteckte-ueberwachungskamera","15":"product_tag-wlan-kamera","16":"pa_typ-jagd-outdoor","18":"first","19":"outofstock","20":"taxable","21":"shipping-taxable","22":"purchasable","23":"product-type-simple"},"yoast_head":"<!-- This site is optimized with the Yoast SEO Premium plugin v25.9 (Yoast SEO v27.4) - https:\/\/yoast.com\/product\/yoast-seo-premium-wordpress\/ -->\n<title>4G \u00dcberwachungskamera mit Nachtsicht - Sekingoeranga.lt<\/title>\n<meta name=\"description\" content=\"Hohe Bildqualit\u00e4t mit Sony-Sensor. Nachtsicht, Sie sehen, wenn jemand nachts in das Gebiet eindringt. 4G-Kamera f\u00fcr Zuhause und Ferienhaus, einfach zu installieren.\" \/>\n<meta name=\"robots\" content=\"index, follow, max-snippet:-1, max-image-preview:large, max-video-preview:-1\" \/>\n<link rel=\"canonical\" href=\"https:\/\/www.ortungsgerate.de\/ru\/12-skrytyje-kamery\/36-ulichnyje-kamery-4g-wlan\/4g-kamera-5mpx-sony-optika-dvoynoe-audio\/\" \/>\n<meta property=\"og:locale\" content=\"ru_RU\" \/>\n<meta property=\"og:type\" content=\"article\" \/>\n<meta property=\"og:title\" content=\"4G Kamera 5mpx SONY Optik Doppelt Audio\" \/>\n<meta property=\"og:description\" content=\"Hohe Bildqualit\u00e4t mit Sony-Sensor. Nachtsicht, Sie sehen, wenn jemand nachts in das Gebiet eindringt. 4G-Kamera f\u00fcr Zuhause und Ferienhaus, einfach zu installieren.\" \/>\n<meta property=\"og:url\" content=\"https:\/\/www.ortungsgerate.de\/ru\/12-skrytyje-kamery\/36-ulichnyje-kamery-4g-wlan\/4g-kamera-5mpx-sony-optika-dvoynoe-audio\/\" \/>\n<meta property=\"og:site_name\" content=\"Ortungsger\u00e4te.de\" \/>\n<meta property=\"article:modified_time\" content=\"2025-11-26T17:01:36+00:00\" \/>\n<meta property=\"og:image\" content=\"https:\/\/www.ortungsgerate.de\/wp-content\/uploads\/5mp-sony-lauko-kamera-su-sim-kortele-4g.jpg\" \/>\n\t<meta property=\"og:image:width\" content=\"1000\" \/>\n\t<meta property=\"og:image:height\" content=\"1000\" \/>\n\t<meta property=\"og:image:type\" content=\"image\/jpeg\" \/>\n<meta name=\"twitter:card\" content=\"summary_large_image\" \/>\n<meta name=\"twitter:label1\" content=\"\u041f\u0440\u0438\u043c\u0435\u0440\u043d\u043e\u0435 \u0432\u0440\u0435\u043c\u044f \u0434\u043b\u044f \u0447\u0442\u0435\u043d\u0438\u044f\" \/>\n\t<meta name=\"twitter:data1\" content=\"2 \u043c\u0438\u043d\u0443\u0442\u044b\" \/>\n<script type=\"application\/ld+json\" class=\"yoast-schema-graph\">{\"@context\":\"https:\\\/\\\/schema.org\",\"@graph\":[{\"@type\":\"WebPage\",\"@id\":\"https:\\\/\\\/www.ortungsgerate.de\\\/12-versteckte-kameras\\\/36-aussenkameras-4g-wlan\\\/4g-kamera-5mpx-sony-optik-doppelt-audio\\\/\",\"url\":\"https:\\\/\\\/www.ortungsgerate.de\\\/12-versteckte-kameras\\\/36-aussenkameras-4g-wlan\\\/4g-kamera-5mpx-sony-optik-doppelt-audio\\\/\",\"name\":\"4G \u00dcberwachungskamera mit Nachtsicht - Sekingoeranga.lt\",\"isPartOf\":{\"@id\":\"https:\\\/\\\/www.ortungsgerate.de\\\/#website\"},\"primaryImageOfPage\":{\"@id\":\"https:\\\/\\\/www.ortungsgerate.de\\\/12-versteckte-kameras\\\/36-aussenkameras-4g-wlan\\\/4g-kamera-5mpx-sony-optik-doppelt-audio\\\/#primaryimage\"},\"image\":{\"@id\":\"https:\\\/\\\/www.ortungsgerate.de\\\/12-versteckte-kameras\\\/36-aussenkameras-4g-wlan\\\/4g-kamera-5mpx-sony-optik-doppelt-audio\\\/#primaryimage\"},\"thumbnailUrl\":\"https:\\\/\\\/www.ortungsgerate.de\\\/wp-content\\\/uploads\\\/5mp-sony-lauko-kamera-su-sim-kortele-4g.jpg\",\"datePublished\":\"2025-03-02T20:50:45+00:00\",\"dateModified\":\"2025-11-26T17:01:36+00:00\",\"description\":\"Hohe Bildqualit\u00e4t mit Sony-Sensor. Nachtsicht, Sie sehen, wenn jemand nachts in das Gebiet eindringt. 4G-Kamera f\u00fcr Zuhause und Ferienhaus, einfach zu installieren.\",\"breadcrumb\":{\"@id\":\"https:\\\/\\\/www.ortungsgerate.de\\\/12-versteckte-kameras\\\/36-aussenkameras-4g-wlan\\\/4g-kamera-5mpx-sony-optik-doppelt-audio\\\/#breadcrumb\"},\"inLanguage\":\"ru-RU\",\"potentialAction\":[{\"@type\":\"ReadAction\",\"target\":[\"https:\\\/\\\/www.ortungsgerate.de\\\/12-versteckte-kameras\\\/36-aussenkameras-4g-wlan\\\/4g-kamera-5mpx-sony-optik-doppelt-audio\\\/\"]}]},{\"@type\":\"ImageObject\",\"inLanguage\":\"ru-RU\",\"@id\":\"https:\\\/\\\/www.ortungsgerate.de\\\/12-versteckte-kameras\\\/36-aussenkameras-4g-wlan\\\/4g-kamera-5mpx-sony-optik-doppelt-audio\\\/#primaryimage\",\"url\":\"https:\\\/\\\/www.ortungsgerate.de\\\/wp-content\\\/uploads\\\/5mp-sony-lauko-kamera-su-sim-kortele-4g.jpg\",\"contentUrl\":\"https:\\\/\\\/www.ortungsgerate.de\\\/wp-content\\\/uploads\\\/5mp-sony-lauko-kamera-su-sim-kortele-4g.jpg\",\"width\":1000,\"height\":1000,\"caption\":\"5MP Sony Au\u00dfenkamera mit SIM-Karte 4G\"},{\"@type\":\"BreadcrumbList\",\"@id\":\"https:\\\/\\\/www.ortungsgerate.de\\\/12-versteckte-kameras\\\/36-aussenkameras-4g-wlan\\\/4g-kamera-5mpx-sony-optik-doppelt-audio\\\/#breadcrumb\",\"itemListElement\":[{\"@type\":\"ListItem\",\"position\":1,\"name\":\"Startseite\",\"item\":\"https:\\\/\\\/www.ortungsgerate.de\\\/\"},{\"@type\":\"ListItem\",\"position\":2,\"name\":\"Shop\",\"item\":\"https:\\\/\\\/www.ortungsgerate.de\\\/shop\\\/\"},{\"@type\":\"ListItem\",\"position\":3,\"name\":\"4G Kamera 5mpx SONY Optik Doppelt Audio\"}]},{\"@type\":\"WebSite\",\"@id\":\"https:\\\/\\\/www.ortungsgerate.de\\\/#website\",\"url\":\"https:\\\/\\\/www.ortungsgerate.de\\\/\",\"name\":\"Ortungsgerate.de\",\"description\":\"\",\"publisher\":{\"@id\":\"https:\\\/\\\/www.ortungsgerate.de\\\/#organization\"},\"potentialAction\":[{\"@type\":\"SearchAction\",\"target\":{\"@type\":\"EntryPoint\",\"urlTemplate\":\"https:\\\/\\\/www.ortungsgerate.de\\\/?s={search_term_string}\"},\"query-input\":{\"@type\":\"PropertyValueSpecification\",\"valueRequired\":true,\"valueName\":\"search_term_string\"}}],\"inLanguage\":\"ru-RU\"},{\"@type\":\"Organization\",\"@id\":\"https:\\\/\\\/www.ortungsgerate.de\\\/#organization\",\"name\":\"Ortungsgerate.de\",\"url\":\"https:\\\/\\\/www.ortungsgerate.de\\\/\",\"logo\":{\"@type\":\"ImageObject\",\"inLanguage\":\"ru-RU\",\"@id\":\"https:\\\/\\\/www.ortungsgerate.de\\\/#\\\/schema\\\/logo\\\/image\\\/\",\"url\":\"https:\\\/\\\/www.ortungsgerate.de\\\/wp-content\\\/uploads\\\/ortungsgerate.png\",\"contentUrl\":\"https:\\\/\\\/www.ortungsgerate.de\\\/wp-content\\\/uploads\\\/ortungsgerate.png\",\"width\":500,\"height\":135,\"caption\":\"Ortungsgerate.de\"},\"image\":{\"@id\":\"https:\\\/\\\/www.ortungsgerate.de\\\/#\\\/schema\\\/logo\\\/image\\\/\"}}]}<\/script>\n<!-- \/ Yoast SEO Premium plugin. -->","yoast_head_json":{"title":"4G \u00dcberwachungskamera mit Nachtsicht - Sekingoeranga.lt","description":"Hohe Bildqualit\u00e4t mit Sony-Sensor. Nachtsicht, Sie sehen, wenn jemand nachts in das Gebiet eindringt. 4G-Kamera f\u00fcr Zuhause und Ferienhaus, einfach zu installieren.","robots":{"index":"index","follow":"follow","max-snippet":"max-snippet:-1","max-image-preview":"max-image-preview:large","max-video-preview":"max-video-preview:-1"},"canonical":"https:\/\/www.ortungsgerate.de\/ru\/12-skrytyje-kamery\/36-ulichnyje-kamery-4g-wlan\/4g-kamera-5mpx-sony-optika-dvoynoe-audio\/","og_locale":"ru_RU","og_type":"article","og_title":"4G Kamera 5mpx SONY Optik Doppelt Audio","og_description":"Hohe Bildqualit\u00e4t mit Sony-Sensor. Nachtsicht, Sie sehen, wenn jemand nachts in das Gebiet eindringt. 4G-Kamera f\u00fcr Zuhause und Ferienhaus, einfach zu installieren.","og_url":"https:\/\/www.ortungsgerate.de\/ru\/12-skrytyje-kamery\/36-ulichnyje-kamery-4g-wlan\/4g-kamera-5mpx-sony-optika-dvoynoe-audio\/","og_site_name":"Ortungsger\u00e4te.de","article_modified_time":"2025-11-26T17:01:36+00:00","og_image":[{"width":1000,"height":1000,"url":"https:\/\/www.ortungsgerate.de\/wp-content\/uploads\/5mp-sony-lauko-kamera-su-sim-kortele-4g.jpg","type":"image\/jpeg"}],"twitter_card":"summary_large_image","twitter_misc":{"\u041f\u0440\u0438\u043c\u0435\u0440\u043d\u043e\u0435 \u0432\u0440\u0435\u043c\u044f \u0434\u043b\u044f \u0447\u0442\u0435\u043d\u0438\u044f":"2 \u043c\u0438\u043d\u0443\u0442\u044b"},"schema":{"@context":"https:\/\/schema.org","@graph":[{"@type":"WebPage","@id":"https:\/\/www.ortungsgerate.de\/12-versteckte-kameras\/36-aussenkameras-4g-wlan\/4g-kamera-5mpx-sony-optik-doppelt-audio\/","url":"https:\/\/www.ortungsgerate.de\/12-versteckte-kameras\/36-aussenkameras-4g-wlan\/4g-kamera-5mpx-sony-optik-doppelt-audio\/","name":"4G \u00dcberwachungskamera mit Nachtsicht - Sekingoeranga.lt","isPartOf":{"@id":"https:\/\/www.ortungsgerate.de\/#website"},"primaryImageOfPage":{"@id":"https:\/\/www.ortungsgerate.de\/12-versteckte-kameras\/36-aussenkameras-4g-wlan\/4g-kamera-5mpx-sony-optik-doppelt-audio\/#primaryimage"},"image":{"@id":"https:\/\/www.ortungsgerate.de\/12-versteckte-kameras\/36-aussenkameras-4g-wlan\/4g-kamera-5mpx-sony-optik-doppelt-audio\/#primaryimage"},"thumbnailUrl":"https:\/\/www.ortungsgerate.de\/wp-content\/uploads\/5mp-sony-lauko-kamera-su-sim-kortele-4g.jpg","datePublished":"2025-03-02T20:50:45+00:00","dateModified":"2025-11-26T17:01:36+00:00","description":"Hohe Bildqualit\u00e4t mit Sony-Sensor. Nachtsicht, Sie sehen, wenn jemand nachts in das Gebiet eindringt. 4G-Kamera f\u00fcr Zuhause und Ferienhaus, einfach zu installieren.","breadcrumb":{"@id":"https:\/\/www.ortungsgerate.de\/12-versteckte-kameras\/36-aussenkameras-4g-wlan\/4g-kamera-5mpx-sony-optik-doppelt-audio\/#breadcrumb"},"inLanguage":"ru-RU","potentialAction":[{"@type":"ReadAction","target":["https:\/\/www.ortungsgerate.de\/12-versteckte-kameras\/36-aussenkameras-4g-wlan\/4g-kamera-5mpx-sony-optik-doppelt-audio\/"]}]},{"@type":"ImageObject","inLanguage":"ru-RU","@id":"https:\/\/www.ortungsgerate.de\/12-versteckte-kameras\/36-aussenkameras-4g-wlan\/4g-kamera-5mpx-sony-optik-doppelt-audio\/#primaryimage","url":"https:\/\/www.ortungsgerate.de\/wp-content\/uploads\/5mp-sony-lauko-kamera-su-sim-kortele-4g.jpg","contentUrl":"https:\/\/www.ortungsgerate.de\/wp-content\/uploads\/5mp-sony-lauko-kamera-su-sim-kortele-4g.jpg","width":1000,"height":1000,"caption":"5MP Sony Au\u00dfenkamera mit SIM-Karte 4G"},{"@type":"BreadcrumbList","@id":"https:\/\/www.ortungsgerate.de\/12-versteckte-kameras\/36-aussenkameras-4g-wlan\/4g-kamera-5mpx-sony-optik-doppelt-audio\/#breadcrumb","itemListElement":[{"@type":"ListItem","position":1,"name":"Startseite","item":"https:\/\/www.ortungsgerate.de\/"},{"@type":"ListItem","position":2,"name":"Shop","item":"https:\/\/www.ortungsgerate.de\/shop\/"},{"@type":"ListItem","position":3,"name":"4G Kamera 5mpx SONY Optik Doppelt Audio"}]},{"@type":"WebSite","@id":"https:\/\/www.ortungsgerate.de\/#website","url":"https:\/\/www.ortungsgerate.de\/","name":"Ortungsgerate.de","description":"","publisher":{"@id":"https:\/\/www.ortungsgerate.de\/#organization"},"potentialAction":[{"@type":"SearchAction","target":{"@type":"EntryPoint","urlTemplate":"https:\/\/www.ortungsgerate.de\/?s={search_term_string}"},"query-input":{"@type":"PropertyValueSpecification","valueRequired":true,"valueName":"search_term_string"}}],"inLanguage":"ru-RU"},{"@type":"Organization","@id":"https:\/\/www.ortungsgerate.de\/#organization","name":"Ortungsgerate.de","url":"https:\/\/www.ortungsgerate.de\/","logo":{"@type":"ImageObject","inLanguage":"ru-RU","@id":"https:\/\/www.ortungsgerate.de\/#\/schema\/logo\/image\/","url":"https:\/\/www.ortungsgerate.de\/wp-content\/uploads\/ortungsgerate.png","contentUrl":"https:\/\/www.ortungsgerate.de\/wp-content\/uploads\/ortungsgerate.png","width":500,"height":135,"caption":"Ortungsgerate.de"},"image":{"@id":"https:\/\/www.ortungsgerate.de\/#\/schema\/logo\/image\/"}}]}},"_links":{"self":[{"href":"https:\/\/www.ortungsgerate.de\/ru\/wp-json\/wp\/v2\/product\/16701","targetHints":{"allow":["GET"]}}],"collection":[{"href":"https:\/\/www.ortungsgerate.de\/ru\/wp-json\/wp\/v2\/product"}],"about":[{"href":"https:\/\/www.ortungsgerate.de\/ru\/wp-json\/wp\/v2\/types\/product"}],"version-history":[{"count":0,"href":"https:\/\/www.ortungsgerate.de\/ru\/wp-json\/wp\/v2\/product\/16701\/revisions"}],"wp:featuredmedia":[{"embeddable":true,"href":"https:\/\/www.ortungsgerate.de\/ru\/wp-json\/wp\/v2\/media\/26475"}],"wp:attachment":[{"href":"https:\/\/www.ortungsgerate.de\/ru\/wp-json\/wp\/v2\/media?parent=16701"}],"wp:term":[{"taxonomy":"brand","embeddable":true,"href":"https:\/\/www.ortungsgerate.de\/ru\/wp-json\/wp\/v2\/etheme_brands?post=16701"},{"taxonomy":"product_brand","embeddable":true,"href":"https:\/\/www.ortungsgerate.de\/ru\/wp-json\/wp\/v2\/product_brand?post=16701"},{"taxonomy":"product_cat","embeddable":true,"href":"https:\/\/www.ortungsgerate.de\/ru\/wp-json\/wp\/v2\/product_cat?post=16701"},{"taxonomy":"product_tag","embeddable":true,"href":"https:\/\/www.ortungsgerate.de\/ru\/wp-json\/wp\/v2\/product_tag?post=16701"}],"curies":[{"name":"wp","href":"https:\/\/api.w.org\/{rel}","templated":true}]}}