{"id":16725,"date":"2025-02-11T15:33:17","date_gmt":"2025-02-11T13:33:17","guid":{"rendered":"https:\/\/ortungsgerate.de\/be-kategorijos\/powerbank-gsm-pasiklausymo-blake-veikia-be-pakrovimo-iki-180-dienu\/"},"modified":"2025-11-26T19:01:36","modified_gmt":"2025-11-26T17:01:36","slug":"powerbank-gsm-zhuchok-rabotaet-bez-podzaryadki-do-180-dney","status":"publish","type":"product","link":"https:\/\/www.ortungsgerate.de\/ru\/16-proslushivayushcheye-oborudovaniye-2\/22-gsm-podslushivayushcheye-ustroystvo-zhuchki-2\/powerbank-gsm-zhuchok-rabotaet-bez-podzaryadki-do-180-dney\/","title":{"rendered":"POWERBANK GSM \u0436\u0443\u0447\u043e\u043a \u0440\u0430\u0431\u043e\u0442\u0430\u0435\u0442 \u0431\u0435\u0437 \u043f\u043e\u0434\u0437\u0430\u0440\u044f\u0434\u043a\u0438 \u0434\u043e 180 \u0434\u043d\u0435\u0439"},"content":{"rendered":"<h3><strong>\u0422\u0435\u0445\u043d\u0438\u0447\u0435\u0441\u043a\u0438\u0435 \u043f\u0430\u0440\u0430\u043c\u0435\u0442\u0440\u044b:<\/strong><\/h3>\n<ul>\n<li>\u0410\u0432\u0442\u043e\u043c\u0430\u0442\u0438\u0447\u0435\u0441\u043a\u0438\u0439 \u043f\u0435\u0440\u0435\u0437\u0432\u043e\u043d \u043f\u043e \u0437\u0432\u0443\u043a\u0443<\/li>\n<li>\u0412\u0440\u0435\u043c\u044f \u043e\u0436\u0438\u0434\u0430\u043d\u0438\u044f \u0434\u043e 180 \u0434\u043d\u0435\u0439 6 \u043c\u0435\u0441\u044f\u0446\u0435\u0432<\/li>\n<li>\u0412\u0440\u0435\u043c\u044f \u043f\u0440\u043e\u0441\u043b\u0443\u0448\u0438\u0432\u0430\u043d\u0438\u044f \u043e\u043a\u043e\u043b\u043e 100 \u0447\u0430\u0441\u043e\u0432<\/li>\n<li>\u0412\u044b\u0441\u043e\u043a\u043e\u0435 \u043a\u0430\u0447\u0435\u0441\u0442\u0432\u043e \u0430\u0443\u0434\u0438\u043e<\/li>\n<li>\u0424\u0443\u043d\u043a\u0446\u0438\u044f \u0440\u0430\u0441\u043f\u043e\u0437\u043d\u0430\u0432\u0430\u043d\u0438\u044f \u0430\u0443\u0434\u0438\u043e<\/li>\n<li>\u041d\u0430\u0441\u0442\u043e\u044f\u0449\u0438\u0439 \u043f\u0430\u0443\u044d\u0440\u0431\u0430\u043d\u043a (\u043f\u043e\u0440\u0442\u0430\u0442\u0438\u0432\u043d\u0430\u044f \u0431\u0430\u0442\u0430\u0440\u0435\u044f)<\/li>\n<li>\u0401\u043c\u043a\u043e\u0441\u0442\u044c \u043f\u043e\u0440\u0442\u0430\u0442\u0438\u0432\u043d\u043e\u0439 \u0431\u0430\u0442\u0430\u0440\u0435\u0438 16.000 \u043c\u0410\u0447<\/li>\n<li>\u041f\u043e\u0434\u043a\u043b\u044e\u0447\u0435\u043d\u0438\u044f: GSM \/ GPRS<\/li>\n<li>\u0427\u0430\u0441\u0442\u043e\u0442\u044b GSM: 850\/900\/1800\/1900 \u041c\u0413\u0446<\/li>\n<li>\u0417\u0430\u0440\u044f\u0434\u043a\u0430: 5\u0412 500 \u043c\u0410 USB-\u0440\u0430\u0437\u044a\u0435\u043c<\/li>\n<li>\u0420\u0430\u0431\u043e\u0447\u0430\u044f \u0442\u0435\u043c\u043f\u0435\u0440\u0430\u0442\u0443\u0440\u0430: \u043e\u0442 -20 \u0434\u043e +55 \u0433\u0440\u0430\u0434\u0443\u0441\u043e\u0432 \u0426\u0435\u043b\u044c\u0441\u0438\u044f<\/li>\n<li>\u0420\u0430\u0437\u043c\u0435\u0440: 172\u043c\u043c x 80\u043c\u043c x 23\u043c\u043c<\/li>\n<li>\u0412\u0435\u0441: 345\u0433.<\/li>\n<li>\u041a\u043e\u043c\u043f\u043b\u0435\u043a\u0442\u0430\u0446\u0438\u044f: \u041f\u0430\u0443\u044d\u0440\u0431\u0430\u043d\u043a \u043f\u043e\u0440\u0442\u0430\u0442\u0438\u0432\u043d\u0430\u044f \u0431\u0430\u0442\u0430\u0440\u0435\u044f<\/li>\n<li><strong>\u0413\u0410\u0420\u0410\u041d\u0422\u0418\u042f 12 \u043c\u0435\u0441\u044f\u0446\u0435\u0432<\/strong><\/li>\n<\/ul>\n<p><span style=\"color: #d0121a;\"><\/span><\/p>\n<p>\u0418\u0441\u043f\u043e\u043b\u044c\u0437\u043e\u0432\u0430\u043d\u0438\u0435: \u0434\u043b\u044f \u0437\u0430\u0449\u0438\u0442\u044b \u0432\u0430\u0441 \u0438 \u0432\u0430\u0448\u0438\u0445 \u0434\u0435\u0442\u0435\u0439<\/p>\n<div class=\"iframe-container\">\n<p>&nbsp;<\/p>\n<\/div>","protected":false},"excerpt":{"rendered":"<p>Technische Parameter: Automatischer R\u00fcckruf durch Ger\u00e4usch Standby-Zeit bis zu 180 Tagen 6 Monaten Abh\u00f6rzeit etwa 100 Stunden Hohe Audioqualit\u00e4t Audioerkennungsfunktion Echter Powerbank (tragbare Batterie) Kapazit\u00e4t&#8230;<\/p>","protected":false},"featured_media":16723,"template":"","meta":[],"etheme_brands":[],"product_brand":[],"product_cat":[208,211,214],"product_tag":[127,79,126,696],"class_list":{"0":"post-16725","1":"product","2":"type-product","3":"status-publish","4":"has-post-thumbnail","6":"product_cat-16-abhoergeraete","7":"product_cat-22-gsm-abhoergeraete-wanzen","8":"product_cat-21-professionelle-abhoergeraete","9":"product_tag-gsm-mini-die-wanze","10":"product_tag-gsm-wanze","11":"product_tag-n9-die-wanze","12":"product_tag-spionage-ausruestung","13":"pa_typ-externe-akkus-powerbank","15":"first","16":"instock","17":"taxable","18":"shipping-taxable","19":"purchasable","20":"product-type-simple"},"yoast_head":"<!-- This site is optimized with the Yoast SEO Premium plugin v25.9 (Yoast SEO v27.4) - https:\/\/yoast.com\/product\/yoast-seo-premium-wordpress\/ -->\n<title>POWERBANK gsm Abh\u00f6rwanze funktioniert bis zu 180 Tagen<\/title>\n<meta name=\"robots\" content=\"index, follow, max-snippet:-1, max-image-preview:large, max-video-preview:-1\" \/>\n<link rel=\"canonical\" href=\"https:\/\/www.ortungsgerate.de\/ru\/16-proslushivayushcheye-oborudovaniye-2\/21-profesionalnoje-proslushivayushcheye-oborudovaniye\/powerbank-gsm-zhuchok-rabotaet-bez-podzaryadki-do-180-dney\/\" \/>\n<meta property=\"og:locale\" content=\"ru_RU\" \/>\n<meta property=\"og:type\" content=\"article\" \/>\n<meta property=\"og:title\" content=\"POWERBANK GSM Abh\u00f6rwanze funktioniert ohne Aufladen bis zu 180 Tagen\" \/>\n<meta property=\"og:description\" content=\"Technische Parameter: Automatischer R\u00fcckruf durch Ger\u00e4usch Standby-Zeit bis zu 180 Tagen 6 Monaten Abh\u00f6rzeit etwa 100 Stunden Hohe Audioqualit\u00e4t Audioerkennungsfunktion Echter Powerbank (tragbare Batterie) Kapazit\u00e4t...\" \/>\n<meta property=\"og:url\" content=\"https:\/\/www.ortungsgerate.de\/ru\/16-proslushivayushcheye-oborudovaniye-2\/21-profesionalnoje-proslushivayushcheye-oborudovaniye\/powerbank-gsm-zhuchok-rabotaet-bez-podzaryadki-do-180-dney\/\" \/>\n<meta property=\"og:site_name\" content=\"Ortungsger\u00e4te.de\" \/>\n<meta property=\"article:modified_time\" content=\"2025-11-26T17:01:36+00:00\" \/>\n<meta property=\"og:image\" content=\"https:\/\/www.ortungsgerate.de\/wp-content\/uploads\/powerbank-pasiklausymo-iranga-Copy.jpg\" \/>\n\t<meta property=\"og:image:width\" content=\"629\" \/>\n\t<meta property=\"og:image:height\" content=\"629\" \/>\n\t<meta property=\"og:image:type\" content=\"image\/jpeg\" \/>\n<meta name=\"twitter:card\" content=\"summary_large_image\" \/>\n<meta name=\"twitter:label1\" content=\"\u041f\u0440\u0438\u043c\u0435\u0440\u043d\u043e\u0435 \u0432\u0440\u0435\u043c\u044f \u0434\u043b\u044f \u0447\u0442\u0435\u043d\u0438\u044f\" \/>\n\t<meta name=\"twitter:data1\" content=\"1 \u043c\u0438\u043d\u0443\u0442\u0430\" \/>\n<script type=\"application\/ld+json\" class=\"yoast-schema-graph\">{\"@context\":\"https:\\\/\\\/schema.org\",\"@graph\":[{\"@type\":\"WebPage\",\"@id\":\"https:\\\/\\\/www.ortungsgerate.de\\\/16-abhoergeraete\\\/21-professionelle-abhoergeraete\\\/powerbank-gsm-abhoerwanze-funktioniert-ohne-aufladen-bis-zu-180-tagen\\\/\",\"url\":\"https:\\\/\\\/www.ortungsgerate.de\\\/16-abhoergeraete\\\/21-professionelle-abhoergeraete\\\/powerbank-gsm-abhoerwanze-funktioniert-ohne-aufladen-bis-zu-180-tagen\\\/\",\"name\":\"POWERBANK gsm Abh\u00f6rwanze funktioniert bis zu 180 Tagen\",\"isPartOf\":{\"@id\":\"https:\\\/\\\/www.ortungsgerate.de\\\/#website\"},\"primaryImageOfPage\":{\"@id\":\"https:\\\/\\\/www.ortungsgerate.de\\\/16-abhoergeraete\\\/21-professionelle-abhoergeraete\\\/powerbank-gsm-abhoerwanze-funktioniert-ohne-aufladen-bis-zu-180-tagen\\\/#primaryimage\"},\"image\":{\"@id\":\"https:\\\/\\\/www.ortungsgerate.de\\\/16-abhoergeraete\\\/21-professionelle-abhoergeraete\\\/powerbank-gsm-abhoerwanze-funktioniert-ohne-aufladen-bis-zu-180-tagen\\\/#primaryimage\"},\"thumbnailUrl\":\"https:\\\/\\\/www.ortungsgerate.de\\\/wp-content\\\/uploads\\\/powerbank-pasiklausymo-iranga-Copy.jpg\",\"datePublished\":\"2025-02-11T13:33:17+00:00\",\"dateModified\":\"2025-11-26T17:01:36+00:00\",\"breadcrumb\":{\"@id\":\"https:\\\/\\\/www.ortungsgerate.de\\\/16-abhoergeraete\\\/21-professionelle-abhoergeraete\\\/powerbank-gsm-abhoerwanze-funktioniert-ohne-aufladen-bis-zu-180-tagen\\\/#breadcrumb\"},\"inLanguage\":\"ru-RU\",\"potentialAction\":[{\"@type\":\"ReadAction\",\"target\":[\"https:\\\/\\\/www.ortungsgerate.de\\\/16-abhoergeraete\\\/21-professionelle-abhoergeraete\\\/powerbank-gsm-abhoerwanze-funktioniert-ohne-aufladen-bis-zu-180-tagen\\\/\"]}]},{\"@type\":\"ImageObject\",\"inLanguage\":\"ru-RU\",\"@id\":\"https:\\\/\\\/www.ortungsgerate.de\\\/16-abhoergeraete\\\/21-professionelle-abhoergeraete\\\/powerbank-gsm-abhoerwanze-funktioniert-ohne-aufladen-bis-zu-180-tagen\\\/#primaryimage\",\"url\":\"https:\\\/\\\/www.ortungsgerate.de\\\/wp-content\\\/uploads\\\/powerbank-pasiklausymo-iranga-Copy.jpg\",\"contentUrl\":\"https:\\\/\\\/www.ortungsgerate.de\\\/wp-content\\\/uploads\\\/powerbank-pasiklausymo-iranga-Copy.jpg\",\"width\":629,\"height\":629,\"caption\":\"Powerbank Abh\u00f6rausr\u00fcstung\"},{\"@type\":\"BreadcrumbList\",\"@id\":\"https:\\\/\\\/www.ortungsgerate.de\\\/16-abhoergeraete\\\/21-professionelle-abhoergeraete\\\/powerbank-gsm-abhoerwanze-funktioniert-ohne-aufladen-bis-zu-180-tagen\\\/#breadcrumb\",\"itemListElement\":[{\"@type\":\"ListItem\",\"position\":1,\"name\":\"Startseite\",\"item\":\"https:\\\/\\\/www.ortungsgerate.de\\\/\"},{\"@type\":\"ListItem\",\"position\":2,\"name\":\"Shop\",\"item\":\"https:\\\/\\\/www.ortungsgerate.de\\\/shop\\\/\"},{\"@type\":\"ListItem\",\"position\":3,\"name\":\"POWERBANK GSM Abh\u00f6rwanze funktioniert ohne Aufladen bis zu 180 Tagen\"}]},{\"@type\":\"WebSite\",\"@id\":\"https:\\\/\\\/www.ortungsgerate.de\\\/#website\",\"url\":\"https:\\\/\\\/www.ortungsgerate.de\\\/\",\"name\":\"Ortungsgerate.de\",\"description\":\"\",\"publisher\":{\"@id\":\"https:\\\/\\\/www.ortungsgerate.de\\\/#organization\"},\"potentialAction\":[{\"@type\":\"SearchAction\",\"target\":{\"@type\":\"EntryPoint\",\"urlTemplate\":\"https:\\\/\\\/www.ortungsgerate.de\\\/?s={search_term_string}\"},\"query-input\":{\"@type\":\"PropertyValueSpecification\",\"valueRequired\":true,\"valueName\":\"search_term_string\"}}],\"inLanguage\":\"ru-RU\"},{\"@type\":\"Organization\",\"@id\":\"https:\\\/\\\/www.ortungsgerate.de\\\/#organization\",\"name\":\"Ortungsgerate.de\",\"url\":\"https:\\\/\\\/www.ortungsgerate.de\\\/\",\"logo\":{\"@type\":\"ImageObject\",\"inLanguage\":\"ru-RU\",\"@id\":\"https:\\\/\\\/www.ortungsgerate.de\\\/#\\\/schema\\\/logo\\\/image\\\/\",\"url\":\"https:\\\/\\\/www.ortungsgerate.de\\\/wp-content\\\/uploads\\\/ortungsgerate.png\",\"contentUrl\":\"https:\\\/\\\/www.ortungsgerate.de\\\/wp-content\\\/uploads\\\/ortungsgerate.png\",\"width\":500,\"height\":135,\"caption\":\"Ortungsgerate.de\"},\"image\":{\"@id\":\"https:\\\/\\\/www.ortungsgerate.de\\\/#\\\/schema\\\/logo\\\/image\\\/\"}}]}<\/script>\n<!-- \/ Yoast SEO Premium plugin. -->","yoast_head_json":{"title":"POWERBANK gsm \u043f\u0440\u043e\u0441\u043b\u0443\u0448\u043a\u0430 \u0440\u0430\u0431\u043e\u0442\u0430\u0435\u0442 \u0434\u043e 180 \u0434\u043d\u0435\u0439","robots":{"index":"index","follow":"follow","max-snippet":"max-snippet:-1","max-image-preview":"max-image-preview:large","max-video-preview":"max-video-preview:-1"},"canonical":"https:\/\/www.ortungsgerate.de\/ru\/16-proslushivayushcheye-oborudovaniye-2\/21-profesionalnoje-proslushivayushcheye-oborudovaniye\/powerbank-gsm-zhuchok-rabotaet-bez-podzaryadki-do-180-dney\/","og_locale":"ru_RU","og_type":"article","og_title":"POWERBANK GSM Abh\u00f6rwanze funktioniert ohne Aufladen bis zu 180 Tagen","og_description":"Technische Parameter: Automatischer R\u00fcckruf durch Ger\u00e4usch Standby-Zeit bis zu 180 Tagen 6 Monaten Abh\u00f6rzeit etwa 100 Stunden Hohe Audioqualit\u00e4t Audioerkennungsfunktion Echter Powerbank (tragbare Batterie) Kapazit\u00e4t...","og_url":"https:\/\/www.ortungsgerate.de\/ru\/16-proslushivayushcheye-oborudovaniye-2\/21-profesionalnoje-proslushivayushcheye-oborudovaniye\/powerbank-gsm-zhuchok-rabotaet-bez-podzaryadki-do-180-dney\/","og_site_name":"Ortungsger\u00e4te.de","article_modified_time":"2025-11-26T17:01:36+00:00","og_image":[{"width":629,"height":629,"url":"https:\/\/www.ortungsgerate.de\/wp-content\/uploads\/powerbank-pasiklausymo-iranga-Copy.jpg","type":"image\/jpeg"}],"twitter_card":"summary_large_image","twitter_misc":{"\u041f\u0440\u0438\u043c\u0435\u0440\u043d\u043e\u0435 \u0432\u0440\u0435\u043c\u044f \u0434\u043b\u044f \u0447\u0442\u0435\u043d\u0438\u044f":"1 \u043c\u0438\u043d\u0443\u0442\u0430"},"schema":{"@context":"https:\/\/schema.org","@graph":[{"@type":"WebPage","@id":"https:\/\/www.ortungsgerate.de\/16-abhoergeraete\/21-professionelle-abhoergeraete\/powerbank-gsm-abhoerwanze-funktioniert-ohne-aufladen-bis-zu-180-tagen\/","url":"https:\/\/www.ortungsgerate.de\/16-abhoergeraete\/21-professionelle-abhoergeraete\/powerbank-gsm-abhoerwanze-funktioniert-ohne-aufladen-bis-zu-180-tagen\/","name":"POWERBANK gsm \u043f\u0440\u043e\u0441\u043b\u0443\u0448\u043a\u0430 \u0440\u0430\u0431\u043e\u0442\u0430\u0435\u0442 \u0434\u043e 180 \u0434\u043d\u0435\u0439","isPartOf":{"@id":"https:\/\/www.ortungsgerate.de\/#website"},"primaryImageOfPage":{"@id":"https:\/\/www.ortungsgerate.de\/16-abhoergeraete\/21-professionelle-abhoergeraete\/powerbank-gsm-abhoerwanze-funktioniert-ohne-aufladen-bis-zu-180-tagen\/#primaryimage"},"image":{"@id":"https:\/\/www.ortungsgerate.de\/16-abhoergeraete\/21-professionelle-abhoergeraete\/powerbank-gsm-abhoerwanze-funktioniert-ohne-aufladen-bis-zu-180-tagen\/#primaryimage"},"thumbnailUrl":"https:\/\/www.ortungsgerate.de\/wp-content\/uploads\/powerbank-pasiklausymo-iranga-Copy.jpg","datePublished":"2025-02-11T13:33:17+00:00","dateModified":"2025-11-26T17:01:36+00:00","breadcrumb":{"@id":"https:\/\/www.ortungsgerate.de\/16-abhoergeraete\/21-professionelle-abhoergeraete\/powerbank-gsm-abhoerwanze-funktioniert-ohne-aufladen-bis-zu-180-tagen\/#breadcrumb"},"inLanguage":"ru-RU","potentialAction":[{"@type":"ReadAction","target":["https:\/\/www.ortungsgerate.de\/16-abhoergeraete\/21-professionelle-abhoergeraete\/powerbank-gsm-abhoerwanze-funktioniert-ohne-aufladen-bis-zu-180-tagen\/"]}]},{"@type":"ImageObject","inLanguage":"ru-RU","@id":"https:\/\/www.ortungsgerate.de\/16-abhoergeraete\/21-professionelle-abhoergeraete\/powerbank-gsm-abhoerwanze-funktioniert-ohne-aufladen-bis-zu-180-tagen\/#primaryimage","url":"https:\/\/www.ortungsgerate.de\/wp-content\/uploads\/powerbank-pasiklausymo-iranga-Copy.jpg","contentUrl":"https:\/\/www.ortungsgerate.de\/wp-content\/uploads\/powerbank-pasiklausymo-iranga-Copy.jpg","width":629,"height":629,"caption":"Powerbank Abh\u00f6rausr\u00fcstung"},{"@type":"BreadcrumbList","@id":"https:\/\/www.ortungsgerate.de\/16-abhoergeraete\/21-professionelle-abhoergeraete\/powerbank-gsm-abhoerwanze-funktioniert-ohne-aufladen-bis-zu-180-tagen\/#breadcrumb","itemListElement":[{"@type":"ListItem","position":1,"name":"Startseite","item":"https:\/\/www.ortungsgerate.de\/"},{"@type":"ListItem","position":2,"name":"Shop","item":"https:\/\/www.ortungsgerate.de\/shop\/"},{"@type":"ListItem","position":3,"name":"POWERBANK GSM Abh\u00f6rwanze funktioniert ohne Aufladen bis zu 180 Tagen"}]},{"@type":"WebSite","@id":"https:\/\/www.ortungsgerate.de\/#website","url":"https:\/\/www.ortungsgerate.de\/","name":"Ortungsgerate.de","description":"","publisher":{"@id":"https:\/\/www.ortungsgerate.de\/#organization"},"potentialAction":[{"@type":"SearchAction","target":{"@type":"EntryPoint","urlTemplate":"https:\/\/www.ortungsgerate.de\/?s={search_term_string}"},"query-input":{"@type":"PropertyValueSpecification","valueRequired":true,"valueName":"search_term_string"}}],"inLanguage":"ru-RU"},{"@type":"Organization","@id":"https:\/\/www.ortungsgerate.de\/#organization","name":"Ortungsgerate.de","url":"https:\/\/www.ortungsgerate.de\/","logo":{"@type":"ImageObject","inLanguage":"ru-RU","@id":"https:\/\/www.ortungsgerate.de\/#\/schema\/logo\/image\/","url":"https:\/\/www.ortungsgerate.de\/wp-content\/uploads\/ortungsgerate.png","contentUrl":"https:\/\/www.ortungsgerate.de\/wp-content\/uploads\/ortungsgerate.png","width":500,"height":135,"caption":"Ortungsgerate.de"},"image":{"@id":"https:\/\/www.ortungsgerate.de\/#\/schema\/logo\/image\/"}}]}},"_links":{"self":[{"href":"https:\/\/www.ortungsgerate.de\/ru\/wp-json\/wp\/v2\/product\/16725","targetHints":{"allow":["GET"]}}],"collection":[{"href":"https:\/\/www.ortungsgerate.de\/ru\/wp-json\/wp\/v2\/product"}],"about":[{"href":"https:\/\/www.ortungsgerate.de\/ru\/wp-json\/wp\/v2\/types\/product"}],"version-history":[{"count":0,"href":"https:\/\/www.ortungsgerate.de\/ru\/wp-json\/wp\/v2\/product\/16725\/revisions"}],"wp:featuredmedia":[{"embeddable":true,"href":"https:\/\/www.ortungsgerate.de\/ru\/wp-json\/wp\/v2\/media\/16723"}],"wp:attachment":[{"href":"https:\/\/www.ortungsgerate.de\/ru\/wp-json\/wp\/v2\/media?parent=16725"}],"wp:term":[{"taxonomy":"brand","embeddable":true,"href":"https:\/\/www.ortungsgerate.de\/ru\/wp-json\/wp\/v2\/etheme_brands?post=16725"},{"taxonomy":"product_brand","embeddable":true,"href":"https:\/\/www.ortungsgerate.de\/ru\/wp-json\/wp\/v2\/product_brand?post=16725"},{"taxonomy":"product_cat","embeddable":true,"href":"https:\/\/www.ortungsgerate.de\/ru\/wp-json\/wp\/v2\/product_cat?post=16725"},{"taxonomy":"product_tag","embeddable":true,"href":"https:\/\/www.ortungsgerate.de\/ru\/wp-json\/wp\/v2\/product_tag?post=16725"}],"curies":[{"name":"wp","href":"https:\/\/api.w.org\/{rel}","templated":true}]}}