{"id":16728,"date":"2025-02-18T17:10:03","date_gmt":"2025-02-18T15:10:03","guid":{"rendered":"https:\/\/ortungsgerate.de\/be-kategorijos\/prailgintuvas-su-kamera-32gb-ikea-full-hd-kokybe\/"},"modified":"2026-02-25T22:03:34","modified_gmt":"2026-02-25T21:03:34","slug":"udlinitel-ikea-s-kameroy-32gb-full-hd-video-kachestva","status":"publish","type":"product","link":"https:\/\/www.ortungsgerate.de\/ru\/12-skrytyje-kamery\/17-zamaskirovanyje-kamery\/udlinitel-ikea-s-kameroy-32gb-full-hd-video-kachestva\/","title":{"rendered":"\u0423\u0434\u043b\u0438\u043d\u0438\u0442\u0435\u043b\u044c IKEA \u0441 \u043a\u0430\u043c\u0435\u0440\u043e\u0439 32GB Full HD \u0432\u0438\u0434\u0435\u043e \u043a\u0430\u0447\u0435\u0441\u0442\u0432\u0430"},"content":{"rendered":"<h3 style=\"text-align: left;\"><strong>\u0422\u0435\u0445\u043d\u0438\u0447\u0435\u0441\u043a\u0438\u0435 \u043f\u0430\u0440\u0430\u043c\u0435\u0442\u0440\u044b:<\/strong><\/h3>\n<ul>\n<li>Verl\u00e4ngerung mit Kamera<\/li>\n<li>Sie k\u00f6nnen das Bild \u00fcber die Kamera aus jedem Land der Welt ansehen<\/li>\n<li>Original <strong>IKEA <\/strong>Verl\u00e4ngerung<\/li>\n<li><strong>32GB interner Speicher<\/strong><\/li>\n<li>\u0418\u0437\u043e\u0431\u0440\u0430\u0436\u0435\u043d\u0438\u0435 \u0437\u0430\u043f\u0438\u0441\u044b\u0432\u0430\u0435\u0442\u0441\u044f \u0441\u043e \u0437\u0432\u0443\u043a\u043e\u043c<\/li>\n<li>Videoqualit\u00e4t: <strong>FULL HD<\/strong><\/li>\n<li>\u0418\u0437\u043e\u0431\u0440\u0430\u0436\u0435\u043d\u0438\u044f \u043c\u043e\u0436\u043d\u043e \u043f\u0440\u043e\u0441\u043c\u0430\u0442\u0440\u0438\u0432\u0430\u0442\u044c: \u0441 \u0442\u0435\u043b\u0435\u0444\u043e\u043d\u0430, \u043f\u043b\u0430\u043d\u0448\u0435\u0442\u0430<\/li>\n<li>Kamera muss nicht aufgeladen werden, da sie im eingeschalteten Zustand st\u00e4ndig das Bild anzeigt<\/li>\n<li>\u0420\u0435\u0436\u0438\u043c \u043e\u0431\u043d\u0430\u0440\u0443\u0436\u0435\u043d\u0438\u044f \u0434\u0432\u0438\u0436\u0435\u043d\u0438\u044f: \u0414\u0410 (\u0446\u0438\u0444\u0440\u043e\u0432\u043e\u0439)<\/li>\n<li>\u00dcberwachungswinkel: 100 \u00b0<\/li>\n<li>\u041f\u043e\u0434\u0434\u0435\u0440\u0436\u0438\u0432\u0430\u0435\u043c\u0430\u044f \u043a\u0430\u0440\u0442\u0430: \u0434\u043e 128 \u0413\u0411 (\u043a\u0430\u0440\u0442\u0430 \u043d\u0435 \u0432\u0445\u043e\u0434\u0438\u0442 \u0432 \u043a\u043e\u043c\u043f\u043b\u0435\u043a\u0442)<\/li>\n<li>1 Stunde Videoaufnahme 400MB<\/li>\n<li>Apps: Android \/ iPhone<\/li>\n<li>Mit WiFi-Netzwerk verbunden, Sie sehen das Bild von jedem Ort der Welt<\/li>\n<li>Vier Steckdosen<\/li>\n<li><strong>\u0413\u0430\u0440\u0430\u043d\u0442\u0438\u044f 12 \u043c\u0435\u0441\u044f\u0446\u0435\u0432.<\/strong><\/li>\n<\/ul>\n<p>Verwendung: F\u00fcr Ihre und die Sicherheit der Kinder.<\/p>\n<p><span style=\"color: #d0121a;\"><\/span><\/p>\n<p>&nbsp;<\/p>","protected":false},"excerpt":{"rendered":"<p>Technische\u00a0Parameter: Verl\u00e4ngerung mit Kamera Sie k\u00f6nnen das Bild \u00fcber die Kamera aus jedem Land der Welt ansehen Original IKEA Verl\u00e4ngerung 32GB interner Speicher Bild wird&#8230;<\/p>","protected":false},"featured_media":16726,"template":"","meta":[],"etheme_brands":[],"product_brand":[],"product_cat":[204,203,205],"product_tag":[],"class_list":{"0":"post-16728","1":"product","2":"type-product","3":"status-publish","4":"has-post-thumbnail","6":"product_cat-17-getarnte-kameras","7":"product_cat-12-versteckte-kameras","8":"product_cat-27-wlan-minikameras","9":"pa_typ-ladegeraete-verlaengerungskabel-mehrfachsteckdosen","11":"first","12":"instock","13":"taxable","14":"shipping-taxable","15":"purchasable","16":"product-type-simple"},"yoast_head":"<!-- This site is optimized with the Yoast SEO Premium plugin v25.9 (Yoast SEO v27.4) - https:\/\/yoast.com\/product\/yoast-seo-premium-wordpress\/ -->\n<title>IKEA Verl\u00e4ngerungskabel mit Kamera 32GB Full HD Videoqualit\u00e4t<\/title>\n<meta name=\"robots\" content=\"index, follow, max-snippet:-1, max-image-preview:large, max-video-preview:-1\" \/>\n<link rel=\"canonical\" href=\"https:\/\/www.ortungsgerate.de\/ru\/12-skrytyje-kamery\/27-wlan-mini-kamery\/udlinitel-ikea-s-kameroy-32gb-full-hd-video-kachestva\/\" \/>\n<meta property=\"og:locale\" content=\"ru_RU\" \/>\n<meta property=\"og:type\" content=\"article\" \/>\n<meta property=\"og:title\" content=\"IKEA Verl\u00e4ngerungskabel mit Kamera 32GB Full HD Videoqualit\u00e4t\" \/>\n<meta property=\"og:description\" content=\"Technische\u00a0Parameter: Verl\u00e4ngerung mit Kamera Sie k\u00f6nnen das Bild \u00fcber die Kamera aus jedem Land der Welt ansehen Original IKEA Verl\u00e4ngerung 32GB interner Speicher Bild wird...\" \/>\n<meta property=\"og:url\" content=\"https:\/\/www.ortungsgerate.de\/ru\/12-skrytyje-kamery\/27-wlan-mini-kamery\/udlinitel-ikea-s-kameroy-32gb-full-hd-video-kachestva\/\" \/>\n<meta property=\"og:site_name\" content=\"Ortungsger\u00e4te.de\" \/>\n<meta property=\"article:modified_time\" content=\"2026-02-25T21:03:34+00:00\" \/>\n<meta property=\"og:image\" content=\"https:\/\/www.ortungsgerate.de\/wp-content\/uploads\/prailgintuvas-kamera-1-2.jpg\" \/>\n\t<meta property=\"og:image:width\" content=\"800\" \/>\n\t<meta property=\"og:image:height\" content=\"800\" \/>\n\t<meta property=\"og:image:type\" content=\"image\/jpeg\" \/>\n<meta name=\"twitter:card\" content=\"summary_large_image\" \/>\n<meta name=\"twitter:label1\" content=\"\u041f\u0440\u0438\u043c\u0435\u0440\u043d\u043e\u0435 \u0432\u0440\u0435\u043c\u044f \u0434\u043b\u044f \u0447\u0442\u0435\u043d\u0438\u044f\" \/>\n\t<meta name=\"twitter:data1\" content=\"1 \u043c\u0438\u043d\u0443\u0442\u0430\" \/>\n<script type=\"application\/ld+json\" class=\"yoast-schema-graph\">{\"@context\":\"https:\\\/\\\/schema.org\",\"@graph\":[{\"@type\":\"WebPage\",\"@id\":\"https:\\\/\\\/www.ortungsgerate.de\\\/12-versteckte-kameras\\\/27-wlan-minikameras\\\/ikea-verlaengerungskabel-mit-kamera-32gb-full-hd-videoqualitaet\\\/\",\"url\":\"https:\\\/\\\/www.ortungsgerate.de\\\/12-versteckte-kameras\\\/27-wlan-minikameras\\\/ikea-verlaengerungskabel-mit-kamera-32gb-full-hd-videoqualitaet\\\/\",\"name\":\"IKEA Verl\u00e4ngerungskabel mit Kamera 32GB Full HD Videoqualit\u00e4t\",\"isPartOf\":{\"@id\":\"https:\\\/\\\/www.ortungsgerate.de\\\/#website\"},\"primaryImageOfPage\":{\"@id\":\"https:\\\/\\\/www.ortungsgerate.de\\\/12-versteckte-kameras\\\/27-wlan-minikameras\\\/ikea-verlaengerungskabel-mit-kamera-32gb-full-hd-videoqualitaet\\\/#primaryimage\"},\"image\":{\"@id\":\"https:\\\/\\\/www.ortungsgerate.de\\\/12-versteckte-kameras\\\/27-wlan-minikameras\\\/ikea-verlaengerungskabel-mit-kamera-32gb-full-hd-videoqualitaet\\\/#primaryimage\"},\"thumbnailUrl\":\"https:\\\/\\\/www.ortungsgerate.de\\\/wp-content\\\/uploads\\\/prailgintuvas-kamera-1-2.jpg\",\"datePublished\":\"2025-02-18T15:10:03+00:00\",\"dateModified\":\"2026-02-25T21:03:34+00:00\",\"breadcrumb\":{\"@id\":\"https:\\\/\\\/www.ortungsgerate.de\\\/12-versteckte-kameras\\\/27-wlan-minikameras\\\/ikea-verlaengerungskabel-mit-kamera-32gb-full-hd-videoqualitaet\\\/#breadcrumb\"},\"inLanguage\":\"ru-RU\",\"potentialAction\":[{\"@type\":\"ReadAction\",\"target\":[\"https:\\\/\\\/www.ortungsgerate.de\\\/12-versteckte-kameras\\\/27-wlan-minikameras\\\/ikea-verlaengerungskabel-mit-kamera-32gb-full-hd-videoqualitaet\\\/\"]}]},{\"@type\":\"ImageObject\",\"inLanguage\":\"ru-RU\",\"@id\":\"https:\\\/\\\/www.ortungsgerate.de\\\/12-versteckte-kameras\\\/27-wlan-minikameras\\\/ikea-verlaengerungskabel-mit-kamera-32gb-full-hd-videoqualitaet\\\/#primaryimage\",\"url\":\"https:\\\/\\\/www.ortungsgerate.de\\\/wp-content\\\/uploads\\\/prailgintuvas-kamera-1-2.jpg\",\"contentUrl\":\"https:\\\/\\\/www.ortungsgerate.de\\\/wp-content\\\/uploads\\\/prailgintuvas-kamera-1-2.jpg\",\"width\":800,\"height\":800,\"caption\":\"Verl\u00e4ngerungskabel Kamera\"},{\"@type\":\"BreadcrumbList\",\"@id\":\"https:\\\/\\\/www.ortungsgerate.de\\\/12-versteckte-kameras\\\/27-wlan-minikameras\\\/ikea-verlaengerungskabel-mit-kamera-32gb-full-hd-videoqualitaet\\\/#breadcrumb\",\"itemListElement\":[{\"@type\":\"ListItem\",\"position\":1,\"name\":\"Startseite\",\"item\":\"https:\\\/\\\/www.ortungsgerate.de\\\/\"},{\"@type\":\"ListItem\",\"position\":2,\"name\":\"Shop\",\"item\":\"https:\\\/\\\/www.ortungsgerate.de\\\/shop\\\/\"},{\"@type\":\"ListItem\",\"position\":3,\"name\":\"IKEA Verl\u00e4ngerungskabel mit Kamera 32GB Full HD Videoqualit\u00e4t\"}]},{\"@type\":\"WebSite\",\"@id\":\"https:\\\/\\\/www.ortungsgerate.de\\\/#website\",\"url\":\"https:\\\/\\\/www.ortungsgerate.de\\\/\",\"name\":\"Ortungsgerate.de\",\"description\":\"\",\"publisher\":{\"@id\":\"https:\\\/\\\/www.ortungsgerate.de\\\/#organization\"},\"potentialAction\":[{\"@type\":\"SearchAction\",\"target\":{\"@type\":\"EntryPoint\",\"urlTemplate\":\"https:\\\/\\\/www.ortungsgerate.de\\\/?s={search_term_string}\"},\"query-input\":{\"@type\":\"PropertyValueSpecification\",\"valueRequired\":true,\"valueName\":\"search_term_string\"}}],\"inLanguage\":\"ru-RU\"},{\"@type\":\"Organization\",\"@id\":\"https:\\\/\\\/www.ortungsgerate.de\\\/#organization\",\"name\":\"Ortungsgerate.de\",\"url\":\"https:\\\/\\\/www.ortungsgerate.de\\\/\",\"logo\":{\"@type\":\"ImageObject\",\"inLanguage\":\"ru-RU\",\"@id\":\"https:\\\/\\\/www.ortungsgerate.de\\\/#\\\/schema\\\/logo\\\/image\\\/\",\"url\":\"https:\\\/\\\/www.ortungsgerate.de\\\/wp-content\\\/uploads\\\/ortungsgerate.png\",\"contentUrl\":\"https:\\\/\\\/www.ortungsgerate.de\\\/wp-content\\\/uploads\\\/ortungsgerate.png\",\"width\":500,\"height\":135,\"caption\":\"Ortungsgerate.de\"},\"image\":{\"@id\":\"https:\\\/\\\/www.ortungsgerate.de\\\/#\\\/schema\\\/logo\\\/image\\\/\"}}]}<\/script>\n<!-- \/ Yoast SEO Premium plugin. -->","yoast_head_json":{"title":"\u0423\u0434\u043b\u0438\u043d\u0438\u0442\u0435\u043b\u044c IKEA \u0441 \u043a\u0430\u043c\u0435\u0440\u043e\u0439 32GB Full HD \u0432\u0438\u0434\u0435\u043e \u043a\u0430\u0447\u0435\u0441\u0442\u0432\u0430","robots":{"index":"index","follow":"follow","max-snippet":"max-snippet:-1","max-image-preview":"max-image-preview:large","max-video-preview":"max-video-preview:-1"},"canonical":"https:\/\/www.ortungsgerate.de\/ru\/12-skrytyje-kamery\/27-wlan-mini-kamery\/udlinitel-ikea-s-kameroy-32gb-full-hd-video-kachestva\/","og_locale":"ru_RU","og_type":"article","og_title":"IKEA Verl\u00e4ngerungskabel mit Kamera 32GB Full HD Videoqualit\u00e4t","og_description":"Technische\u00a0Parameter: Verl\u00e4ngerung mit Kamera Sie k\u00f6nnen das Bild \u00fcber die Kamera aus jedem Land der Welt ansehen Original IKEA Verl\u00e4ngerung 32GB interner Speicher Bild wird...","og_url":"https:\/\/www.ortungsgerate.de\/ru\/12-skrytyje-kamery\/27-wlan-mini-kamery\/udlinitel-ikea-s-kameroy-32gb-full-hd-video-kachestva\/","og_site_name":"Ortungsger\u00e4te.de","article_modified_time":"2026-02-25T21:03:34+00:00","og_image":[{"width":800,"height":800,"url":"https:\/\/www.ortungsgerate.de\/wp-content\/uploads\/prailgintuvas-kamera-1-2.jpg","type":"image\/jpeg"}],"twitter_card":"summary_large_image","twitter_misc":{"\u041f\u0440\u0438\u043c\u0435\u0440\u043d\u043e\u0435 \u0432\u0440\u0435\u043c\u044f \u0434\u043b\u044f \u0447\u0442\u0435\u043d\u0438\u044f":"1 \u043c\u0438\u043d\u0443\u0442\u0430"},"schema":{"@context":"https:\/\/schema.org","@graph":[{"@type":"WebPage","@id":"https:\/\/www.ortungsgerate.de\/12-versteckte-kameras\/27-wlan-minikameras\/ikea-verlaengerungskabel-mit-kamera-32gb-full-hd-videoqualitaet\/","url":"https:\/\/www.ortungsgerate.de\/12-versteckte-kameras\/27-wlan-minikameras\/ikea-verlaengerungskabel-mit-kamera-32gb-full-hd-videoqualitaet\/","name":"\u0423\u0434\u043b\u0438\u043d\u0438\u0442\u0435\u043b\u044c IKEA \u0441 \u043a\u0430\u043c\u0435\u0440\u043e\u0439 32GB Full HD \u0432\u0438\u0434\u0435\u043e \u043a\u0430\u0447\u0435\u0441\u0442\u0432\u0430","isPartOf":{"@id":"https:\/\/www.ortungsgerate.de\/#website"},"primaryImageOfPage":{"@id":"https:\/\/www.ortungsgerate.de\/12-versteckte-kameras\/27-wlan-minikameras\/ikea-verlaengerungskabel-mit-kamera-32gb-full-hd-videoqualitaet\/#primaryimage"},"image":{"@id":"https:\/\/www.ortungsgerate.de\/12-versteckte-kameras\/27-wlan-minikameras\/ikea-verlaengerungskabel-mit-kamera-32gb-full-hd-videoqualitaet\/#primaryimage"},"thumbnailUrl":"https:\/\/www.ortungsgerate.de\/wp-content\/uploads\/prailgintuvas-kamera-1-2.jpg","datePublished":"2025-02-18T15:10:03+00:00","dateModified":"2026-02-25T21:03:34+00:00","breadcrumb":{"@id":"https:\/\/www.ortungsgerate.de\/12-versteckte-kameras\/27-wlan-minikameras\/ikea-verlaengerungskabel-mit-kamera-32gb-full-hd-videoqualitaet\/#breadcrumb"},"inLanguage":"ru-RU","potentialAction":[{"@type":"ReadAction","target":["https:\/\/www.ortungsgerate.de\/12-versteckte-kameras\/27-wlan-minikameras\/ikea-verlaengerungskabel-mit-kamera-32gb-full-hd-videoqualitaet\/"]}]},{"@type":"ImageObject","inLanguage":"ru-RU","@id":"https:\/\/www.ortungsgerate.de\/12-versteckte-kameras\/27-wlan-minikameras\/ikea-verlaengerungskabel-mit-kamera-32gb-full-hd-videoqualitaet\/#primaryimage","url":"https:\/\/www.ortungsgerate.de\/wp-content\/uploads\/prailgintuvas-kamera-1-2.jpg","contentUrl":"https:\/\/www.ortungsgerate.de\/wp-content\/uploads\/prailgintuvas-kamera-1-2.jpg","width":800,"height":800,"caption":"Verl\u00e4ngerungskabel Kamera"},{"@type":"BreadcrumbList","@id":"https:\/\/www.ortungsgerate.de\/12-versteckte-kameras\/27-wlan-minikameras\/ikea-verlaengerungskabel-mit-kamera-32gb-full-hd-videoqualitaet\/#breadcrumb","itemListElement":[{"@type":"ListItem","position":1,"name":"Startseite","item":"https:\/\/www.ortungsgerate.de\/"},{"@type":"ListItem","position":2,"name":"Shop","item":"https:\/\/www.ortungsgerate.de\/shop\/"},{"@type":"ListItem","position":3,"name":"IKEA Verl\u00e4ngerungskabel mit Kamera 32GB Full HD Videoqualit\u00e4t"}]},{"@type":"WebSite","@id":"https:\/\/www.ortungsgerate.de\/#website","url":"https:\/\/www.ortungsgerate.de\/","name":"Ortungsgerate.de","description":"","publisher":{"@id":"https:\/\/www.ortungsgerate.de\/#organization"},"potentialAction":[{"@type":"SearchAction","target":{"@type":"EntryPoint","urlTemplate":"https:\/\/www.ortungsgerate.de\/?s={search_term_string}"},"query-input":{"@type":"PropertyValueSpecification","valueRequired":true,"valueName":"search_term_string"}}],"inLanguage":"ru-RU"},{"@type":"Organization","@id":"https:\/\/www.ortungsgerate.de\/#organization","name":"Ortungsgerate.de","url":"https:\/\/www.ortungsgerate.de\/","logo":{"@type":"ImageObject","inLanguage":"ru-RU","@id":"https:\/\/www.ortungsgerate.de\/#\/schema\/logo\/image\/","url":"https:\/\/www.ortungsgerate.de\/wp-content\/uploads\/ortungsgerate.png","contentUrl":"https:\/\/www.ortungsgerate.de\/wp-content\/uploads\/ortungsgerate.png","width":500,"height":135,"caption":"Ortungsgerate.de"},"image":{"@id":"https:\/\/www.ortungsgerate.de\/#\/schema\/logo\/image\/"}}]}},"_links":{"self":[{"href":"https:\/\/www.ortungsgerate.de\/ru\/wp-json\/wp\/v2\/product\/16728","targetHints":{"allow":["GET"]}}],"collection":[{"href":"https:\/\/www.ortungsgerate.de\/ru\/wp-json\/wp\/v2\/product"}],"about":[{"href":"https:\/\/www.ortungsgerate.de\/ru\/wp-json\/wp\/v2\/types\/product"}],"version-history":[{"count":0,"href":"https:\/\/www.ortungsgerate.de\/ru\/wp-json\/wp\/v2\/product\/16728\/revisions"}],"wp:featuredmedia":[{"embeddable":true,"href":"https:\/\/www.ortungsgerate.de\/ru\/wp-json\/wp\/v2\/media\/16726"}],"wp:attachment":[{"href":"https:\/\/www.ortungsgerate.de\/ru\/wp-json\/wp\/v2\/media?parent=16728"}],"wp:term":[{"taxonomy":"brand","embeddable":true,"href":"https:\/\/www.ortungsgerate.de\/ru\/wp-json\/wp\/v2\/etheme_brands?post=16728"},{"taxonomy":"product_brand","embeddable":true,"href":"https:\/\/www.ortungsgerate.de\/ru\/wp-json\/wp\/v2\/product_brand?post=16728"},{"taxonomy":"product_cat","embeddable":true,"href":"https:\/\/www.ortungsgerate.de\/ru\/wp-json\/wp\/v2\/product_cat?post=16728"},{"taxonomy":"product_tag","embeddable":true,"href":"https:\/\/www.ortungsgerate.de\/ru\/wp-json\/wp\/v2\/product_tag?post=16728"}],"curies":[{"name":"wp","href":"https:\/\/api.w.org\/{rel}","templated":true}]}}