{"id":16741,"date":"2025-02-12T12:08:22","date_gmt":"2025-02-12T10:08:22","guid":{"rendered":"https:\/\/ortungsgerate.de\/be-kategorijos\/gps-seklys-jungiamas-nuo-akumuliatoriaus-pasiklausymas-sos-blokavimas\/"},"modified":"2025-12-19T09:44:26","modified_gmt":"2025-12-19T08:44:26","slug":"gps-treker-s-podklyucheniem-k-bataree-funktsiey-proslushivaniya-sos-funktsiey-blokirovki","status":"publish","type":"product","link":"https:\/\/www.ortungsgerate.de\/ru\/15-gps-treker\/gps-treker-s-podklyucheniem-k-bataree-funktsiey-proslushivaniya-sos-funktsiey-blokirovki\/","title":{"rendered":"GPS-\u0442\u0440\u0435\u043a\u0435\u0440 \u0441 \u043f\u043e\u0434\u043a\u043b\u044e\u0447\u0435\u043d\u0438\u0435\u043c \u043a \u0431\u0430\u0442\u0430\u0440\u0435\u0435, \u0444\u0443\u043d\u043a\u0446\u0438\u0435\u0439 \u043f\u0440\u043e\u0441\u043b\u0443\u0448\u0438\u0432\u0430\u043d\u0438\u044f \/ SOS \/ \u0444\u0443\u043d\u043a\u0446\u0438\u0435\u0439 \u0431\u043b\u043e\u043a\u0438\u0440\u043e\u0432\u043a\u0438"},"content":{"rendered":"<h3><strong>\u0422\u0435\u0445\u043d\u0438\u0447\u0435\u0441\u043a\u0438\u0435 \u0434\u0430\u043d\u043d\u044b\u0435:<\/strong><\/h3>\n<ul>\n<li>\u0415\u0432\u0440\u043e\u043f\u0435\u0439\u0441\u043a\u0438\u0439 \u0441\u0435\u0440\u0432\u0435\u0440 (\u043d\u0435 \u043a\u0438\u0442\u0430\u0439\u0441\u043a\u0438\u0439) \u2013 \u0411\u0435\u0437 \u0441\u0431\u043e\u0435\u0432 \u0422\u041e\u041b\u042c\u041a\u041e \u0423 \u041d\u0410\u0421 \u0411\u0415\u0421\u041f\u041b\u0410\u0422\u041d\u041e<\/li>\n<li>Es gibt eine <strong>Abh\u00f6rfunktion<\/strong> im Lieferumfang ein externes Mikrofon mit 1 m L\u00e4nge (Verwendung nach Bedarf)<\/li>\n<li>Es gibt einen <strong>SOS-Knopf<\/strong> (Verwendung nach Bedarf)<\/li>\n<li>Es gibt ein <strong>Relais<\/strong> zur <strong>Motorblockierung<\/strong> (Verwendung nach Bedarf)<\/li>\n<li>\u041e\u0442\u043a\u043b\u043e\u043d\u0435\u043d\u0438\u0435 \u043a\u043e\u043e\u0440\u0434\u0438\u043d\u0430\u0442: \u043d\u0435 \u0431\u043e\u043b\u0435\u0435 5 \u043c\u0435\u0442\u0440\u043e\u0432<\/li>\n<li>Diebstahlschutz \u2013 Benachrichtigung \u00fcber die Trennung des GPS-Trackers oder die Blockierung der Verbindung.<\/li>\n<li>\u0423\u0432\u0435\u0434\u043e\u043c\u043b\u0435\u043d\u0438\u044f \u043d\u0430 \u0442\u0435\u043b\u0435\u0444\u043e\u043d: \u0410\u0432\u0442\u043e\u043c\u043e\u0431\u0438\u043b\u044c \u043d\u0430\u0447\u0430\u043b \u043f\u043e\u0435\u0437\u0434\u043a\u0443, \u043f\u043e\u0435\u0437\u0434\u043a\u0430 \u0437\u0430\u0432\u0435\u0440\u0448\u0435\u043d\u0430, \u043f\u0440\u0435\u0432\u044b\u0448\u0435\u043d\u0438\u0435 GEO-\u0437\u043e\u043d\u044b. + (\u0438 \u043c\u043d\u043e\u0433\u0438\u0435 \u0434\u0440\u0443\u0433\u0438\u0435 \u043d\u0430\u0441\u0442\u0440\u043e\u0439\u043a\u0438)<\/li>\n<li>\u041c\u043e\u0436\u0435\u0442 \u0431\u044b\u0442\u044c \u043f\u043e\u0434\u043a\u043b\u044e\u0447\u0435\u043d \u043e\u0442 12 \u0434\u043e 96\u0412: \u041f\u043e\u0434\u0445\u043e\u0434\u0438\u0442 \u0434\u043b\u044f \u0430\u0432\u0442\u043e\u043c\u043e\u0431\u0438\u043b\u0435\u0439, \u0433\u0440\u0443\u0437\u043e\u0432\u0438\u043a\u043e\u0432, \u043c\u043e\u0442\u043e\u0446\u0438\u043a\u043b\u043e\u0432, \u0441\u043a\u0443\u0442\u0435\u0440\u043e\u0432.<\/li>\n<li>GPS-\u043c\u043e\u0434\u0443\u043b\u044c: U-blox<\/li>\n<li>GSM\/GPRS-\u043c\u043e\u0434\u0443\u043b\u044c:<\/li>\n<li>\u0411\u0430\u0442\u0430\u0440\u0435\u044f: \u041b\u0438\u0442\u0438\u0439-\u0438\u043e\u043d\u043d\u0430\u044f (3.7V 180mAh)<\/li>\n<li>\u0427\u0443\u0432\u0441\u0442\u0432\u0438\u0442\u0435\u043b\u044c\u043d\u043e\u0441\u0442\u044c: -159dBm<\/li>\n<li>\u0420\u0430\u0437\u043c\u0435\u0440\u044b: 75 \u043c\u043c x 26 \u043c\u043c x 16 \u043c\u043c<\/li>\n<li>Gewicht: 40 g<\/li>\n<li>\u0411\u0435\u0441\u043f\u043b\u0430\u0442\u043d\u044b\u0439 \u043e\u043d\u043b\u0430\u0439\u043d-\u043c\u043e\u043d\u0438\u0442\u043e\u0440\u0438\u043d\u0433<\/li>\n<li>Kostenlose \u00dcberwachungs-App (mobile Anwendung) Android (Play Market), iPhone (App Store)<\/li>\n<li>\u041f\u0440\u0435\u0434\u0443\u043f\u0440\u0435\u0436\u0434\u0435\u043d\u0438\u0435 \u043e \u043f\u0440\u0435\u0432\u044b\u0448\u0435\u043d\u0438\u0438 \u0441\u043a\u043e\u0440\u043e\u0441\u0442\u0438: \u0414\u0430<\/li>\n<li>\u0414\u0430\u0442\u0447\u0438\u043a \u0434\u0432\u0438\u0436\u0435\u043d\u0438\u044f: \u0414\u0430<\/li>\n<li>\u0414\u0430\u0442\u0447\u0438\u043a \u0432\u0438\u0431\u0440\u0430\u0446\u0438\u0438: \u0414\u0430<\/li>\n<li>\u0420\u0430\u0431\u043e\u0447\u0430\u044f \u0442\u0435\u043c\u043f\u0435\u0440\u0430\u0442\u0443\u0440\u0430: \u043e\u0442 -30 C \u0434\u043e +65 C<\/li>\n<\/ul>\n<p><strong>\u041a\u043e\u043c\u043f\u043b\u0435\u043a\u0442\u0430\u0446\u0438\u044f:<\/strong><\/p>\n<ul>\n<li>GPS-\u0442\u0440\u0435\u043a\u0435\u0440;<\/li>\n<li>\u0421\u043e\u0435\u0434\u0438\u043d\u0438\u0442\u0435\u043b\u044c\u043d\u044b\u0439 \u043a\u0430\u0431\u0435\u043b\u044c.<\/li>\n<li>\u0418\u043d\u0441\u0442\u0440\u0443\u043a\u0446\u0438\u044f \u043f\u043e \u044d\u043a\u0441\u043f\u043b\u0443\u0430\u0442\u0430\u0446\u0438\u0438 \u043d\u0430 \u043d\u0435\u043c\u0435\u0446\u043a\u043e\u043c \u044f\u0437\u044b\u043a\u0435<\/li>\n<li>\u0414\u043e\u0441\u0442\u0443\u043f \u043a \u0432\u0430\u0448\u0435\u043c\u0443 \u0430\u043a\u043a\u0430\u0443\u043d\u0442\u0443 (\u043f\u043e\u043b\u044c\u0437\u043e\u0432\u0430\u0442\u0435\u043b\u044c + \u043f\u0430\u0440\u043e\u043b\u044c)<\/li>\n<li><strong>\u0413\u0410\u0420\u0410\u041d\u0422\u0418\u042f 12 \u043c\u0435\u0441\u044f\u0446\u0435\u0432.<\/strong><\/li>\n<\/ul>\n<p><span style=\"color: #d0121a;\"><\/span><\/p>\n<h3>\u0418\u0441\u043f\u043e\u043b\u044c\u0437\u043e\u0432\u0430\u043d\u0438\u0435: \u0414\u043b\u044f \u0431\u0435\u0437\u043e\u043f\u0430\u0441\u043d\u043e\u0441\u0442\u0438 \u0432\u0430\u0448\u0435\u0433\u043e \u0430\u0432\u0442\u043e\u043c\u043e\u0431\u0438\u043b\u044f \u0438 \u0432\u0430\u0448\u0438\u0445 \u0432\u0435\u0449\u0435\u0439<\/h3>\n<p>&nbsp;<\/p>","protected":false},"excerpt":{"rendered":"<p>Technische Daten: Europa-Server (nicht chinesisch) &#8211; Keine St\u00f6rungen NUR BEI UNS KOSTENLOS Es gibt eine Abh\u00f6rfunktion im Lieferumfang ein externes Mikrofon mit 1 m L\u00e4nge&#8230;<\/p>","protected":false},"featured_media":16737,"template":"","meta":[],"etheme_brands":[],"product_brand":[],"product_cat":[213],"product_tag":[],"class_list":{"0":"post-16741","1":"product","2":"type-product","3":"status-publish","4":"has-post-thumbnail","6":"product_cat-15-gps-ueberwachungsgeraete","7":"pa_typ-fuer-autos-fuer-motorraeder","8":"pa_typ-fuer-landmaschinen","10":"first","11":"instock","12":"taxable","13":"shipping-taxable","14":"purchasable","15":"product-type-simple"},"yoast_head":"<!-- This site is optimized with the Yoast SEO Premium plugin v25.9 (Yoast SEO v27.4) - https:\/\/yoast.com\/product\/yoast-seo-premium-wordpress\/ -->\n<title>GPS Tracker mit Akkuanschluss und Abh\u00f6rfunktion<\/title>\n<meta name=\"robots\" content=\"index, follow, max-snippet:-1, max-image-preview:large, max-video-preview:-1\" \/>\n<link rel=\"canonical\" href=\"https:\/\/www.ortungsgerate.de\/ru\/15-gps-treker\/gps-treker-s-podklyucheniem-k-bataree-funktsiey-proslushivaniya-sos-funktsiey-blokirovki\/\" \/>\n<meta property=\"og:locale\" content=\"ru_RU\" \/>\n<meta property=\"og:type\" content=\"article\" \/>\n<meta property=\"og:title\" content=\"GPS Tracker mit Anschluss an die Batterie, Abh\u00f6rfunktion \/ SOS \/ Sperrfunktion\" \/>\n<meta property=\"og:description\" content=\"Technische Daten: Europa-Server (nicht chinesisch) &#8211; Keine St\u00f6rungen NUR BEI UNS KOSTENLOS Es gibt eine Abh\u00f6rfunktion im Lieferumfang ein externes Mikrofon mit 1 m L\u00e4nge...\" \/>\n<meta property=\"og:url\" content=\"https:\/\/www.ortungsgerate.de\/ru\/15-gps-treker\/gps-treker-s-podklyucheniem-k-bataree-funktsiey-proslushivaniya-sos-funktsiey-blokirovki\/\" \/>\n<meta property=\"og:site_name\" content=\"Ortungsger\u00e4te.de\" \/>\n<meta property=\"article:modified_time\" content=\"2025-12-19T08:44:26+00:00\" \/>\n<meta property=\"og:image\" content=\"https:\/\/www.ortungsgerate.de\/wp-content\/uploads\/gps-seklys-su-pasiklausymu-ir-sos-mygtuku-2.png\" \/>\n\t<meta property=\"og:image:width\" content=\"960\" \/>\n\t<meta property=\"og:image:height\" content=\"1280\" \/>\n\t<meta property=\"og:image:type\" content=\"image\/png\" \/>\n<meta name=\"twitter:card\" content=\"summary_large_image\" \/>\n<meta name=\"twitter:label1\" content=\"\u041f\u0440\u0438\u043c\u0435\u0440\u043d\u043e\u0435 \u0432\u0440\u0435\u043c\u044f \u0434\u043b\u044f \u0447\u0442\u0435\u043d\u0438\u044f\" \/>\n\t<meta name=\"twitter:data1\" content=\"2 \u043c\u0438\u043d\u0443\u0442\u044b\" \/>\n<script type=\"application\/ld+json\" class=\"yoast-schema-graph\">{\"@context\":\"https:\\\/\\\/schema.org\",\"@graph\":[{\"@type\":\"WebPage\",\"@id\":\"https:\\\/\\\/www.ortungsgerate.de\\\/15-gps-ueberwachungsgeraete\\\/gps-tracker-mit-anschluss-an-die-batterie-abhoerfunktion-sos-sperrfunktion\\\/\",\"url\":\"https:\\\/\\\/www.ortungsgerate.de\\\/15-gps-ueberwachungsgeraete\\\/gps-tracker-mit-anschluss-an-die-batterie-abhoerfunktion-sos-sperrfunktion\\\/\",\"name\":\"GPS Tracker mit Akkuanschluss und Abh\u00f6rfunktion\",\"isPartOf\":{\"@id\":\"https:\\\/\\\/www.ortungsgerate.de\\\/#website\"},\"primaryImageOfPage\":{\"@id\":\"https:\\\/\\\/www.ortungsgerate.de\\\/15-gps-ueberwachungsgeraete\\\/gps-tracker-mit-anschluss-an-die-batterie-abhoerfunktion-sos-sperrfunktion\\\/#primaryimage\"},\"image\":{\"@id\":\"https:\\\/\\\/www.ortungsgerate.de\\\/15-gps-ueberwachungsgeraete\\\/gps-tracker-mit-anschluss-an-die-batterie-abhoerfunktion-sos-sperrfunktion\\\/#primaryimage\"},\"thumbnailUrl\":\"https:\\\/\\\/www.ortungsgerate.de\\\/wp-content\\\/uploads\\\/gps-seklys-su-pasiklausymu-ir-sos-mygtuku-2.png\",\"datePublished\":\"2025-02-12T10:08:22+00:00\",\"dateModified\":\"2025-12-19T08:44:26+00:00\",\"breadcrumb\":{\"@id\":\"https:\\\/\\\/www.ortungsgerate.de\\\/15-gps-ueberwachungsgeraete\\\/gps-tracker-mit-anschluss-an-die-batterie-abhoerfunktion-sos-sperrfunktion\\\/#breadcrumb\"},\"inLanguage\":\"ru-RU\",\"potentialAction\":[{\"@type\":\"ReadAction\",\"target\":[\"https:\\\/\\\/www.ortungsgerate.de\\\/15-gps-ueberwachungsgeraete\\\/gps-tracker-mit-anschluss-an-die-batterie-abhoerfunktion-sos-sperrfunktion\\\/\"]}]},{\"@type\":\"ImageObject\",\"inLanguage\":\"ru-RU\",\"@id\":\"https:\\\/\\\/www.ortungsgerate.de\\\/15-gps-ueberwachungsgeraete\\\/gps-tracker-mit-anschluss-an-die-batterie-abhoerfunktion-sos-sperrfunktion\\\/#primaryimage\",\"url\":\"https:\\\/\\\/www.ortungsgerate.de\\\/wp-content\\\/uploads\\\/gps-seklys-su-pasiklausymu-ir-sos-mygtuku-2.png\",\"contentUrl\":\"https:\\\/\\\/www.ortungsgerate.de\\\/wp-content\\\/uploads\\\/gps-seklys-su-pasiklausymu-ir-sos-mygtuku-2.png\",\"width\":960,\"height\":1280,\"caption\":\"GPS-Tracker mit Abh\u00f6rfunktion und SOS-Taste\"},{\"@type\":\"BreadcrumbList\",\"@id\":\"https:\\\/\\\/www.ortungsgerate.de\\\/15-gps-ueberwachungsgeraete\\\/gps-tracker-mit-anschluss-an-die-batterie-abhoerfunktion-sos-sperrfunktion\\\/#breadcrumb\",\"itemListElement\":[{\"@type\":\"ListItem\",\"position\":1,\"name\":\"Startseite\",\"item\":\"https:\\\/\\\/www.ortungsgerate.de\\\/\"},{\"@type\":\"ListItem\",\"position\":2,\"name\":\"Shop\",\"item\":\"https:\\\/\\\/www.ortungsgerate.de\\\/shop\\\/\"},{\"@type\":\"ListItem\",\"position\":3,\"name\":\"GPS Tracker mit Anschluss an die Batterie, Abh\u00f6rfunktion \\\/ SOS \\\/ Sperrfunktion\"}]},{\"@type\":\"WebSite\",\"@id\":\"https:\\\/\\\/www.ortungsgerate.de\\\/#website\",\"url\":\"https:\\\/\\\/www.ortungsgerate.de\\\/\",\"name\":\"Ortungsgerate.de\",\"description\":\"\",\"publisher\":{\"@id\":\"https:\\\/\\\/www.ortungsgerate.de\\\/#organization\"},\"potentialAction\":[{\"@type\":\"SearchAction\",\"target\":{\"@type\":\"EntryPoint\",\"urlTemplate\":\"https:\\\/\\\/www.ortungsgerate.de\\\/?s={search_term_string}\"},\"query-input\":{\"@type\":\"PropertyValueSpecification\",\"valueRequired\":true,\"valueName\":\"search_term_string\"}}],\"inLanguage\":\"ru-RU\"},{\"@type\":\"Organization\",\"@id\":\"https:\\\/\\\/www.ortungsgerate.de\\\/#organization\",\"name\":\"Ortungsgerate.de\",\"url\":\"https:\\\/\\\/www.ortungsgerate.de\\\/\",\"logo\":{\"@type\":\"ImageObject\",\"inLanguage\":\"ru-RU\",\"@id\":\"https:\\\/\\\/www.ortungsgerate.de\\\/#\\\/schema\\\/logo\\\/image\\\/\",\"url\":\"https:\\\/\\\/www.ortungsgerate.de\\\/wp-content\\\/uploads\\\/ortungsgerate.png\",\"contentUrl\":\"https:\\\/\\\/www.ortungsgerate.de\\\/wp-content\\\/uploads\\\/ortungsgerate.png\",\"width\":500,\"height\":135,\"caption\":\"Ortungsgerate.de\"},\"image\":{\"@id\":\"https:\\\/\\\/www.ortungsgerate.de\\\/#\\\/schema\\\/logo\\\/image\\\/\"}}]}<\/script>\n<!-- \/ Yoast SEO Premium plugin. -->","yoast_head_json":{"title":"GPS Tracker mit Akkuanschluss und Abh\u00f6rfunktion","robots":{"index":"index","follow":"follow","max-snippet":"max-snippet:-1","max-image-preview":"max-image-preview:large","max-video-preview":"max-video-preview:-1"},"canonical":"https:\/\/www.ortungsgerate.de\/ru\/15-gps-treker\/gps-treker-s-podklyucheniem-k-bataree-funktsiey-proslushivaniya-sos-funktsiey-blokirovki\/","og_locale":"ru_RU","og_type":"article","og_title":"GPS Tracker mit Anschluss an die Batterie, Abh\u00f6rfunktion \/ SOS \/ Sperrfunktion","og_description":"Technische Daten: Europa-Server (nicht chinesisch) &#8211; Keine St\u00f6rungen NUR BEI UNS KOSTENLOS Es gibt eine Abh\u00f6rfunktion im Lieferumfang ein externes Mikrofon mit 1 m L\u00e4nge...","og_url":"https:\/\/www.ortungsgerate.de\/ru\/15-gps-treker\/gps-treker-s-podklyucheniem-k-bataree-funktsiey-proslushivaniya-sos-funktsiey-blokirovki\/","og_site_name":"Ortungsger\u00e4te.de","article_modified_time":"2025-12-19T08:44:26+00:00","og_image":[{"width":960,"height":1280,"url":"https:\/\/www.ortungsgerate.de\/wp-content\/uploads\/gps-seklys-su-pasiklausymu-ir-sos-mygtuku-2.png","type":"image\/png"}],"twitter_card":"summary_large_image","twitter_misc":{"\u041f\u0440\u0438\u043c\u0435\u0440\u043d\u043e\u0435 \u0432\u0440\u0435\u043c\u044f \u0434\u043b\u044f \u0447\u0442\u0435\u043d\u0438\u044f":"2 \u043c\u0438\u043d\u0443\u0442\u044b"},"schema":{"@context":"https:\/\/schema.org","@graph":[{"@type":"WebPage","@id":"https:\/\/www.ortungsgerate.de\/15-gps-ueberwachungsgeraete\/gps-tracker-mit-anschluss-an-die-batterie-abhoerfunktion-sos-sperrfunktion\/","url":"https:\/\/www.ortungsgerate.de\/15-gps-ueberwachungsgeraete\/gps-tracker-mit-anschluss-an-die-batterie-abhoerfunktion-sos-sperrfunktion\/","name":"GPS Tracker mit Akkuanschluss und Abh\u00f6rfunktion","isPartOf":{"@id":"https:\/\/www.ortungsgerate.de\/#website"},"primaryImageOfPage":{"@id":"https:\/\/www.ortungsgerate.de\/15-gps-ueberwachungsgeraete\/gps-tracker-mit-anschluss-an-die-batterie-abhoerfunktion-sos-sperrfunktion\/#primaryimage"},"image":{"@id":"https:\/\/www.ortungsgerate.de\/15-gps-ueberwachungsgeraete\/gps-tracker-mit-anschluss-an-die-batterie-abhoerfunktion-sos-sperrfunktion\/#primaryimage"},"thumbnailUrl":"https:\/\/www.ortungsgerate.de\/wp-content\/uploads\/gps-seklys-su-pasiklausymu-ir-sos-mygtuku-2.png","datePublished":"2025-02-12T10:08:22+00:00","dateModified":"2025-12-19T08:44:26+00:00","breadcrumb":{"@id":"https:\/\/www.ortungsgerate.de\/15-gps-ueberwachungsgeraete\/gps-tracker-mit-anschluss-an-die-batterie-abhoerfunktion-sos-sperrfunktion\/#breadcrumb"},"inLanguage":"ru-RU","potentialAction":[{"@type":"ReadAction","target":["https:\/\/www.ortungsgerate.de\/15-gps-ueberwachungsgeraete\/gps-tracker-mit-anschluss-an-die-batterie-abhoerfunktion-sos-sperrfunktion\/"]}]},{"@type":"ImageObject","inLanguage":"ru-RU","@id":"https:\/\/www.ortungsgerate.de\/15-gps-ueberwachungsgeraete\/gps-tracker-mit-anschluss-an-die-batterie-abhoerfunktion-sos-sperrfunktion\/#primaryimage","url":"https:\/\/www.ortungsgerate.de\/wp-content\/uploads\/gps-seklys-su-pasiklausymu-ir-sos-mygtuku-2.png","contentUrl":"https:\/\/www.ortungsgerate.de\/wp-content\/uploads\/gps-seklys-su-pasiklausymu-ir-sos-mygtuku-2.png","width":960,"height":1280,"caption":"GPS-Tracker mit Abh\u00f6rfunktion und SOS-Taste"},{"@type":"BreadcrumbList","@id":"https:\/\/www.ortungsgerate.de\/15-gps-ueberwachungsgeraete\/gps-tracker-mit-anschluss-an-die-batterie-abhoerfunktion-sos-sperrfunktion\/#breadcrumb","itemListElement":[{"@type":"ListItem","position":1,"name":"Startseite","item":"https:\/\/www.ortungsgerate.de\/"},{"@type":"ListItem","position":2,"name":"Shop","item":"https:\/\/www.ortungsgerate.de\/shop\/"},{"@type":"ListItem","position":3,"name":"GPS Tracker mit Anschluss an die Batterie, Abh\u00f6rfunktion \/ SOS \/ Sperrfunktion"}]},{"@type":"WebSite","@id":"https:\/\/www.ortungsgerate.de\/#website","url":"https:\/\/www.ortungsgerate.de\/","name":"Ortungsgerate.de","description":"","publisher":{"@id":"https:\/\/www.ortungsgerate.de\/#organization"},"potentialAction":[{"@type":"SearchAction","target":{"@type":"EntryPoint","urlTemplate":"https:\/\/www.ortungsgerate.de\/?s={search_term_string}"},"query-input":{"@type":"PropertyValueSpecification","valueRequired":true,"valueName":"search_term_string"}}],"inLanguage":"ru-RU"},{"@type":"Organization","@id":"https:\/\/www.ortungsgerate.de\/#organization","name":"Ortungsgerate.de","url":"https:\/\/www.ortungsgerate.de\/","logo":{"@type":"ImageObject","inLanguage":"ru-RU","@id":"https:\/\/www.ortungsgerate.de\/#\/schema\/logo\/image\/","url":"https:\/\/www.ortungsgerate.de\/wp-content\/uploads\/ortungsgerate.png","contentUrl":"https:\/\/www.ortungsgerate.de\/wp-content\/uploads\/ortungsgerate.png","width":500,"height":135,"caption":"Ortungsgerate.de"},"image":{"@id":"https:\/\/www.ortungsgerate.de\/#\/schema\/logo\/image\/"}}]}},"_links":{"self":[{"href":"https:\/\/www.ortungsgerate.de\/ru\/wp-json\/wp\/v2\/product\/16741","targetHints":{"allow":["GET"]}}],"collection":[{"href":"https:\/\/www.ortungsgerate.de\/ru\/wp-json\/wp\/v2\/product"}],"about":[{"href":"https:\/\/www.ortungsgerate.de\/ru\/wp-json\/wp\/v2\/types\/product"}],"version-history":[{"count":0,"href":"https:\/\/www.ortungsgerate.de\/ru\/wp-json\/wp\/v2\/product\/16741\/revisions"}],"wp:featuredmedia":[{"embeddable":true,"href":"https:\/\/www.ortungsgerate.de\/ru\/wp-json\/wp\/v2\/media\/16737"}],"wp:attachment":[{"href":"https:\/\/www.ortungsgerate.de\/ru\/wp-json\/wp\/v2\/media?parent=16741"}],"wp:term":[{"taxonomy":"brand","embeddable":true,"href":"https:\/\/www.ortungsgerate.de\/ru\/wp-json\/wp\/v2\/etheme_brands?post=16741"},{"taxonomy":"product_brand","embeddable":true,"href":"https:\/\/www.ortungsgerate.de\/ru\/wp-json\/wp\/v2\/product_brand?post=16741"},{"taxonomy":"product_cat","embeddable":true,"href":"https:\/\/www.ortungsgerate.de\/ru\/wp-json\/wp\/v2\/product_cat?post=16741"},{"taxonomy":"product_tag","embeddable":true,"href":"https:\/\/www.ortungsgerate.de\/ru\/wp-json\/wp\/v2\/product_tag?post=16741"}],"curies":[{"name":"wp","href":"https:\/\/api.w.org\/{rel}","templated":true}]}}