{"id":16750,"date":"2025-02-21T16:10:27","date_gmt":"2025-02-21T14:10:27","guid":{"rendered":"https:\/\/ortungsgerate.de\/be-kategorijos\/detektorius-mobifinder-5-lte-gsm-2g-4g-5g-dss\/"},"modified":"2025-11-26T19:01:36","modified_gmt":"2025-11-26T17:01:36","slug":"detektor-mobifinder-5-lte-gsm-2g-4g-5g-dss-2","status":"publish","type":"product","link":"https:\/\/www.ortungsgerate.de\/ru\/26-detektory-2\/detektor-mobifinder-5-lte-gsm-2g-4g-5g-dss-2\/","title":{"rendered":"\u0414\u0435\u0442\u0435\u043a\u0442\u043e\u0440 MOBIfinder 5 LTE\/GSM (2G\/4G\/5G DSS)"},"content":{"rendered":"<h3><strong>\u0422\u0435\u0445\u043d\u0438\u0447\u0435\u0441\u043a\u0438\u0435 \u0434\u0430\u043d\u043d\u044b\u0435:<\/strong><\/h3>\n<ul>\n<li>Erfassungsfrequenzbereich <strong>\u00a0LTE\/GSM(2G\/4G\/5G DSS)<\/strong><\/li>\n<li>Erfassbare Signale: GSM, GPS (empfindlich f\u00fcr kurze Datenpakete)<\/li>\n<li>Erkennung von Mobiltelefonen im Freien bis zu 15 Metern.<\/li>\n<li>In Geb\u00e4uden mit Stahlbetonkonstruktionen Erkennungsreichweite bis zu 8 Metern<\/li>\n<li>Ideal zum Auffinden von Mobiltelefonen, GSM-Blockern, GPS-Tracking-Ger\u00e4ten<\/li>\n<li>Reagiert nur auf Mobilfunksignale (trennte St\u00f6rungen)<\/li>\n<li>Empfindlichkeit: &gt;80Db<\/li>\n<li>Warnung: Auf dem Bildschirm, Vibration oder akustisches Signal<\/li>\n<li>F\u00e4higkeit, die Empfindlichkeit des Ger\u00e4ts einzustellen<\/li>\n<li>Alle Signale werden mit Datum und Uhrzeit im internen Speicher aufgezeichnet<\/li>\n<li>F\u00e4higkeit, ab welchem dB-Wert das Ger\u00e4t vor Daten\u00fcbertragung warnt<\/li>\n<li>Interne empfindliche Antenne<\/li>\n<li>Stromquelle: AAA-Batterien<\/li>\n<li>Betriebszeit bis zu 120 Stunden.<\/li>\n<li>Geh\u00e4use: Kunststoff<\/li>\n<li>Abmessungen 57x 49x 19 mm<\/li>\n<li>Gewicht: 80 Gramm<\/li>\n<li>\u0426\u0432\u0435\u0442: \u0447\u0435\u0440\u043d\u044b\u0439<\/li>\n<li>Lieferumfang: Detektor, Benutzerhandbuch, Originalverpackung<\/li>\n<li>Hergestellt in Deutschland<\/li>\n<li><strong>\u0413\u0410\u0420\u0410\u041d\u0422\u0418\u042f 12 \u043c\u0435\u0441\u044f\u0446\u0435\u0432.<\/strong><\/li>\n<\/ul>\n<p><span style=\"color: #d0121a;\"><\/span><\/p>\n<h3><strong>mobifinder\u00ae5<\/strong> LTE\/GSM (2G\/4G\/5G DSS) \u2013 Mobiltelefon-Erkennungsdetektor<\/h3>\n<ul>\n<li data-start=\"309\" data-end=\"369\"><strong data-start=\"311\" data-end=\"323\">LTE (4G)<\/strong><\/li>\n<li data-start=\"370\" data-end=\"386\"><strong data-start=\"372\" data-end=\"384\">GSM (2G)<\/strong><\/li>\n<li data-start=\"387\" data-end=\"409\"><strong data-start=\"389\" data-end=\"407\">5G DSS-Modus<\/strong><\/li>\n<\/ul>\n<h3 data-start=\"775\" data-end=\"805\"><strong data-start=\"779\" data-end=\"803\">Wann erkennt das Ger\u00e4t:<\/strong><\/h3>\n<p data-start=\"806\" data-end=\"1077\">Das Ger\u00e4t kann Mobiltelefone in folgenden F\u00e4llen erkennen:<br data-start=\"867\" data-end=\"870\" \/>\u2714 <strong data-start=\"872\" data-end=\"890\">W\u00e4hrend eines Anrufs<\/strong> (W\u00e4hlprozess)<br data-start=\"909\" data-end=\"912\" \/>\u2714 <b>Wenn das Telefon eingeschaltet wird <\/b>(Eingabe des PIN-Codes)<br data-start=\"957\" data-end=\"960\" \/>\u2714 <strong>Am Ende des Gespr\u00e4chs<\/strong><br data-start=\"992\" data-end=\"995\" \/>\u2714 <strong data-start=\"997\" data-end=\"1024\">Wenn es zu einer anderen Basisstation wechselt<\/strong><br data-start=\"1048\" data-end=\"1051\" \/>\u2714 <strong data-start=\"1053\" data-end=\"1075\">W\u00e4hrend der Daten\u00fcbertragung z.B. GPS\u00a0<\/strong><\/p>\n<p data-start=\"1079\" data-end=\"1196\">Normalerweise <strong data-start=\"1088\" data-end=\"1104\">mobifinder\u00ae5<\/strong> erfasst Signale sogar w\u00e4hrend eines Gespr\u00e4chs \u2013 oft beim Wechsel des Telefons von LTE zu GSM.<\/p>\n<h3 data-start=\"1203\" data-end=\"1240\"><strong data-start=\"1207\" data-end=\"1238\">Geeignet f\u00fcr die Verwendung:<\/strong><\/h3>\n<p data-start=\"1241\" data-end=\"1346\">\ud83d\udccc <strong data-start=\"1244\" data-end=\"1266\">Justizvollzugsanstalten<\/strong><br data-start=\"1266\" data-end=\"1269\" \/>\ud83d\udccc <strong data-start=\"1272\" data-end=\"1304\">Unternehmen<\/strong><br data-start=\"1304\" data-end=\"1307\" \/>\ud83d\udccc <strong data-start=\"1310\" data-end=\"1344\">Milit\u00e4rische und andere Sicherheitszonen<\/strong><\/p>\n<h3 data-start=\"1758\" data-end=\"1789\"><strong data-start=\"1762\" data-end=\"1787\">Eigenschaften und Funktionen:<\/strong><\/h3>\n<ul data-start=\"1790\" data-end=\"2250\">\n<li data-start=\"1790\" data-end=\"1859\"><strong data-start=\"1792\" data-end=\"1857\">Erkennt mobile Ger\u00e4te gem\u00e4\u00df 4G und 5G DSS Standards<\/strong><\/li>\n<li data-start=\"1860\" data-end=\"1931\"><strong data-start=\"1862\" data-end=\"1882\">Klein und handlich<\/strong> \u2013 kann an Kleidung oder G\u00fcrtel befestigt werden<\/li>\n<li data-start=\"1932\" data-end=\"1995\"><strong data-start=\"1934\" data-end=\"1955\">Akustisches Signal<\/strong> \u2013 umschaltbar, kann deaktiviert werden<\/li>\n<li data-start=\"1996\" data-end=\"2048\"><strong data-start=\"1998\" data-end=\"2015\">Vibrationssignal<\/strong> \u2013 informiert den Betreiber leise<\/li>\n<li data-start=\"2049\" data-end=\"2109\"><strong data-start=\"2051\" data-end=\"2068\">Men\u00fcsystem<\/strong> \u2013 erm\u00f6glicht eine einfache Einstellung der Parameter<\/li>\n<li data-start=\"2110\" data-end=\"2174\"><strong data-start=\"2112\" data-end=\"2128\">Benutzer-ID<\/strong> \u2013 6-stelliger Code zur Katalogisierung der Ergebnisse<\/li>\n<li data-start=\"2175\" data-end=\"2250\"><strong data-start=\"2177\" data-end=\"2201\">Datenaufzeichnung<\/strong> \u2013 alle erfassten Signale werden mit Zeitstempel registriert<\/li>\n<\/ul>\n<hr data-start=\"2252\" data-end=\"2255\" \/>\n<h3 data-start=\"2257\" data-end=\"2296\"><strong data-start=\"2261\" data-end=\"2294\">Stromversorgung und Betriebsdauer:<\/strong><\/h3>\n<p data-start=\"2297\" data-end=\"2356\">\ud83d\udd0b <strong data-start=\"2300\" data-end=\"2314\">Batterien:<\/strong> 2 \u00d7 AAA (Micro)<br data-start=\"2330\" data-end=\"2333\" \/>\u23f3 <strong data-start=\"2335\" data-end=\"2354\">Betriebszeit:<\/strong><\/p>\n<ul data-start=\"2357\" data-end=\"2490\">\n<li data-start=\"2357\" data-end=\"2429\"><strong data-start=\"2359\" data-end=\"2378\">Bis zu 120 Stunden<\/strong> im aktiven Modus (bei Verwendung herk\u00f6mmlicher Batterien)<\/li>\n<li data-start=\"2430\" data-end=\"2490\"><strong data-start=\"2432\" data-end=\"2450\">Bis zu 60 Stunden<\/strong> mit <strong data-start=\"2454\" data-end=\"2488\">NiMH-Akkus (1450mAh)<\/strong><\/li>\n<\/ul>\n<p data-start=\"2492\" data-end=\"2555\">Batterien k\u00f6nnen gewechselt werden, ohne gespeicherte Daten zu verlieren.<\/p>\n<hr data-start=\"2557\" data-end=\"2560\" \/>\n<h3 data-start=\"2562\" data-end=\"2592\"><strong data-start=\"2566\" data-end=\"2590\">\u0422\u0435\u0445\u043d\u0438\u0447\u0435\u0441\u043a\u0438\u0435 \u0434\u0430\u043d\u043d\u044b\u0435:<\/strong><\/h3>\n<p data-start=\"2593\" data-end=\"2811\">\ud83d\udccf <strong data-start=\"2596\" data-end=\"2609\">\u0420\u0430\u0437\u043c\u0435\u0440\u044b:<\/strong> 57 \u00d7 49 \u00d7 19 mm<br data-start=\"2625\" data-end=\"2628\" \/>\u2696 <strong data-start=\"2630\" data-end=\"2641\">\u0412\u0435\u0441:<\/strong> ca. 80 g (mit Batterien)<br data-start=\"2668\" data-end=\"2671\" \/>\ud83d\udda5 <strong data-start=\"2674\" data-end=\"2686\">Display:<\/strong> LCD<br data-start=\"2690\" data-end=\"2693\" \/>\ud83c\udf9b <strong data-start=\"2696\" data-end=\"2709\">Bedienung:<\/strong> 3 Tasten f\u00fcr Einstellungen<br data-start=\"2732\" data-end=\"2735\" \/>\ud83d\udd0a <strong data-start=\"2738\" data-end=\"2756\">Alarmierung:<\/strong> Lautsprecher, rotes LED-Licht, Vibrator<\/p>\n<hr data-start=\"2813\" data-end=\"2816\" \/>\n<p data-start=\"2818\" data-end=\"2961\" data-is-last-node=\"\" data-is-only-node=\"\"><strong data-start=\"2818\" data-end=\"2857\">mobifinder\u00ae5 LTE\/GSM (2G\/4G\/5G DSS)<\/strong> \u2013 ein zuverl\u00e4ssiges Werkzeug zur Erkennung von Mobilfunk, das f\u00fcr Sicherheitsdienste und empfindliche Umgebungen konzipiert ist.<\/p>","protected":false},"excerpt":{"rendered":"<p>Technische Daten: Erfassungsfrequenzbereich \u00a0LTE\/GSM(2G\/4G\/5G DSS) Erfassbare Signale: GSM, GPS (empfindlich f\u00fcr kurze Datenpakete) Erkennung von Mobiltelefonen im Freien bis zu 15 Metern. In Geb\u00e4uden mit&#8230;<\/p>","protected":false},"featured_media":16746,"template":"","meta":[],"etheme_brands":[],"product_brand":[],"product_cat":[215],"product_tag":[],"class_list":{"0":"post-16750","1":"product","2":"type-product","3":"status-publish","4":"has-post-thumbnail","6":"product_cat-26-detektoren","8":"first","9":"instock","10":"sale","11":"taxable","12":"shipping-taxable","13":"purchasable","14":"product-type-simple"},"yoast_head":"<!-- This site is optimized with the Yoast SEO Premium plugin v25.9 (Yoast SEO v27.4) - https:\/\/yoast.com\/product\/yoast-seo-premium-wordpress\/ -->\n<title>Detektor MOBIfinder 5 LTE\/GSM (2G\/4G\/5G DSS)<\/title>\n<meta name=\"robots\" content=\"index, follow, max-snippet:-1, max-image-preview:large, max-video-preview:-1\" \/>\n<link rel=\"canonical\" href=\"https:\/\/www.ortungsgerate.de\/ru\/26-detektory-2\/detektor-mobifinder-5-lte-gsm-2g-4g-5g-dss-2\/\" \/>\n<meta property=\"og:locale\" content=\"ru_RU\" \/>\n<meta property=\"og:type\" content=\"article\" \/>\n<meta property=\"og:title\" content=\"Detektor MOBIfinder 5 LTE\/GSM (2G\/4G\/5G DSS)\" \/>\n<meta property=\"og:description\" content=\"Technische Daten: Erfassungsfrequenzbereich \u00a0LTE\/GSM(2G\/4G\/5G DSS) Erfassbare Signale: GSM, GPS (empfindlich f\u00fcr kurze Datenpakete) Erkennung von Mobiltelefonen im Freien bis zu 15 Metern. In Geb\u00e4uden mit...\" \/>\n<meta property=\"og:url\" content=\"https:\/\/www.ortungsgerate.de\/ru\/26-detektory-2\/detektor-mobifinder-5-lte-gsm-2g-4g-5g-dss-2\/\" \/>\n<meta property=\"og:site_name\" content=\"Ortungsger\u00e4te.de\" \/>\n<meta property=\"article:modified_time\" content=\"2025-11-26T17:01:36+00:00\" \/>\n<meta property=\"og:image\" content=\"https:\/\/www.ortungsgerate.de\/wp-content\/uploads\/mobifinder-5-detektorius-3.png\" \/>\n\t<meta property=\"og:image:width\" content=\"1000\" \/>\n\t<meta property=\"og:image:height\" content=\"1000\" \/>\n\t<meta property=\"og:image:type\" content=\"image\/png\" \/>\n<meta name=\"twitter:card\" content=\"summary_large_image\" \/>\n<meta name=\"twitter:label1\" content=\"\u041f\u0440\u0438\u043c\u0435\u0440\u043d\u043e\u0435 \u0432\u0440\u0435\u043c\u044f \u0434\u043b\u044f \u0447\u0442\u0435\u043d\u0438\u044f\" \/>\n\t<meta name=\"twitter:data1\" content=\"3 \u043c\u0438\u043d\u0443\u0442\u044b\" \/>\n<script type=\"application\/ld+json\" class=\"yoast-schema-graph\">{\"@context\":\"https:\\\/\\\/schema.org\",\"@graph\":[{\"@type\":\"WebPage\",\"@id\":\"https:\\\/\\\/www.ortungsgerate.de\\\/26-detektoren\\\/detektor-mobifinder-5-lte-gsm-2g-4g-5g-dss\\\/\",\"url\":\"https:\\\/\\\/www.ortungsgerate.de\\\/26-detektoren\\\/detektor-mobifinder-5-lte-gsm-2g-4g-5g-dss\\\/\",\"name\":\"Detektor MOBIfinder 5 LTE\\\/GSM (2G\\\/4G\\\/5G DSS)\",\"isPartOf\":{\"@id\":\"https:\\\/\\\/www.ortungsgerate.de\\\/#website\"},\"primaryImageOfPage\":{\"@id\":\"https:\\\/\\\/www.ortungsgerate.de\\\/26-detektoren\\\/detektor-mobifinder-5-lte-gsm-2g-4g-5g-dss\\\/#primaryimage\"},\"image\":{\"@id\":\"https:\\\/\\\/www.ortungsgerate.de\\\/26-detektoren\\\/detektor-mobifinder-5-lte-gsm-2g-4g-5g-dss\\\/#primaryimage\"},\"thumbnailUrl\":\"https:\\\/\\\/www.ortungsgerate.de\\\/wp-content\\\/uploads\\\/mobifinder-5-detektorius-3.png\",\"datePublished\":\"2025-02-21T14:10:27+00:00\",\"dateModified\":\"2025-11-26T17:01:36+00:00\",\"breadcrumb\":{\"@id\":\"https:\\\/\\\/www.ortungsgerate.de\\\/26-detektoren\\\/detektor-mobifinder-5-lte-gsm-2g-4g-5g-dss\\\/#breadcrumb\"},\"inLanguage\":\"ru-RU\",\"potentialAction\":[{\"@type\":\"ReadAction\",\"target\":[\"https:\\\/\\\/www.ortungsgerate.de\\\/26-detektoren\\\/detektor-mobifinder-5-lte-gsm-2g-4g-5g-dss\\\/\"]}]},{\"@type\":\"ImageObject\",\"inLanguage\":\"ru-RU\",\"@id\":\"https:\\\/\\\/www.ortungsgerate.de\\\/26-detektoren\\\/detektor-mobifinder-5-lte-gsm-2g-4g-5g-dss\\\/#primaryimage\",\"url\":\"https:\\\/\\\/www.ortungsgerate.de\\\/wp-content\\\/uploads\\\/mobifinder-5-detektorius-3.png\",\"contentUrl\":\"https:\\\/\\\/www.ortungsgerate.de\\\/wp-content\\\/uploads\\\/mobifinder-5-detektorius-3.png\",\"width\":1000,\"height\":1000,\"caption\":\"Mobifinder 5 Detektor\"},{\"@type\":\"BreadcrumbList\",\"@id\":\"https:\\\/\\\/www.ortungsgerate.de\\\/26-detektoren\\\/detektor-mobifinder-5-lte-gsm-2g-4g-5g-dss\\\/#breadcrumb\",\"itemListElement\":[{\"@type\":\"ListItem\",\"position\":1,\"name\":\"Startseite\",\"item\":\"https:\\\/\\\/www.ortungsgerate.de\\\/\"},{\"@type\":\"ListItem\",\"position\":2,\"name\":\"Shop\",\"item\":\"https:\\\/\\\/www.ortungsgerate.de\\\/shop\\\/\"},{\"@type\":\"ListItem\",\"position\":3,\"name\":\"Detektor MOBIfinder 5 LTE\\\/GSM (2G\\\/4G\\\/5G DSS)\"}]},{\"@type\":\"WebSite\",\"@id\":\"https:\\\/\\\/www.ortungsgerate.de\\\/#website\",\"url\":\"https:\\\/\\\/www.ortungsgerate.de\\\/\",\"name\":\"Ortungsgerate.de\",\"description\":\"\",\"publisher\":{\"@id\":\"https:\\\/\\\/www.ortungsgerate.de\\\/#organization\"},\"potentialAction\":[{\"@type\":\"SearchAction\",\"target\":{\"@type\":\"EntryPoint\",\"urlTemplate\":\"https:\\\/\\\/www.ortungsgerate.de\\\/?s={search_term_string}\"},\"query-input\":{\"@type\":\"PropertyValueSpecification\",\"valueRequired\":true,\"valueName\":\"search_term_string\"}}],\"inLanguage\":\"ru-RU\"},{\"@type\":\"Organization\",\"@id\":\"https:\\\/\\\/www.ortungsgerate.de\\\/#organization\",\"name\":\"Ortungsgerate.de\",\"url\":\"https:\\\/\\\/www.ortungsgerate.de\\\/\",\"logo\":{\"@type\":\"ImageObject\",\"inLanguage\":\"ru-RU\",\"@id\":\"https:\\\/\\\/www.ortungsgerate.de\\\/#\\\/schema\\\/logo\\\/image\\\/\",\"url\":\"https:\\\/\\\/www.ortungsgerate.de\\\/wp-content\\\/uploads\\\/ortungsgerate.png\",\"contentUrl\":\"https:\\\/\\\/www.ortungsgerate.de\\\/wp-content\\\/uploads\\\/ortungsgerate.png\",\"width\":500,\"height\":135,\"caption\":\"Ortungsgerate.de\"},\"image\":{\"@id\":\"https:\\\/\\\/www.ortungsgerate.de\\\/#\\\/schema\\\/logo\\\/image\\\/\"}}]}<\/script>\n<!-- \/ Yoast SEO Premium plugin. -->","yoast_head_json":{"title":"\u0414\u0435\u0442\u0435\u043a\u0442\u043e\u0440 MOBIfinder 5 LTE\/GSM (2G\/4G\/5G DSS)","robots":{"index":"index","follow":"follow","max-snippet":"max-snippet:-1","max-image-preview":"max-image-preview:large","max-video-preview":"max-video-preview:-1"},"canonical":"https:\/\/www.ortungsgerate.de\/ru\/26-detektory-2\/detektor-mobifinder-5-lte-gsm-2g-4g-5g-dss-2\/","og_locale":"ru_RU","og_type":"article","og_title":"Detektor MOBIfinder 5 LTE\/GSM (2G\/4G\/5G DSS)","og_description":"Technische Daten: Erfassungsfrequenzbereich \u00a0LTE\/GSM(2G\/4G\/5G DSS) Erfassbare Signale: GSM, GPS (empfindlich f\u00fcr kurze Datenpakete) Erkennung von Mobiltelefonen im Freien bis zu 15 Metern. In Geb\u00e4uden mit...","og_url":"https:\/\/www.ortungsgerate.de\/ru\/26-detektory-2\/detektor-mobifinder-5-lte-gsm-2g-4g-5g-dss-2\/","og_site_name":"Ortungsger\u00e4te.de","article_modified_time":"2025-11-26T17:01:36+00:00","og_image":[{"width":1000,"height":1000,"url":"https:\/\/www.ortungsgerate.de\/wp-content\/uploads\/mobifinder-5-detektorius-3.png","type":"image\/png"}],"twitter_card":"summary_large_image","twitter_misc":{"\u041f\u0440\u0438\u043c\u0435\u0440\u043d\u043e\u0435 \u0432\u0440\u0435\u043c\u044f \u0434\u043b\u044f \u0447\u0442\u0435\u043d\u0438\u044f":"3 \u043c\u0438\u043d\u0443\u0442\u044b"},"schema":{"@context":"https:\/\/schema.org","@graph":[{"@type":"WebPage","@id":"https:\/\/www.ortungsgerate.de\/26-detektoren\/detektor-mobifinder-5-lte-gsm-2g-4g-5g-dss\/","url":"https:\/\/www.ortungsgerate.de\/26-detektoren\/detektor-mobifinder-5-lte-gsm-2g-4g-5g-dss\/","name":"\u0414\u0435\u0442\u0435\u043a\u0442\u043e\u0440 MOBIfinder 5 LTE\/GSM (2G\/4G\/5G DSS)","isPartOf":{"@id":"https:\/\/www.ortungsgerate.de\/#website"},"primaryImageOfPage":{"@id":"https:\/\/www.ortungsgerate.de\/26-detektoren\/detektor-mobifinder-5-lte-gsm-2g-4g-5g-dss\/#primaryimage"},"image":{"@id":"https:\/\/www.ortungsgerate.de\/26-detektoren\/detektor-mobifinder-5-lte-gsm-2g-4g-5g-dss\/#primaryimage"},"thumbnailUrl":"https:\/\/www.ortungsgerate.de\/wp-content\/uploads\/mobifinder-5-detektorius-3.png","datePublished":"2025-02-21T14:10:27+00:00","dateModified":"2025-11-26T17:01:36+00:00","breadcrumb":{"@id":"https:\/\/www.ortungsgerate.de\/26-detektoren\/detektor-mobifinder-5-lte-gsm-2g-4g-5g-dss\/#breadcrumb"},"inLanguage":"ru-RU","potentialAction":[{"@type":"ReadAction","target":["https:\/\/www.ortungsgerate.de\/26-detektoren\/detektor-mobifinder-5-lte-gsm-2g-4g-5g-dss\/"]}]},{"@type":"ImageObject","inLanguage":"ru-RU","@id":"https:\/\/www.ortungsgerate.de\/26-detektoren\/detektor-mobifinder-5-lte-gsm-2g-4g-5g-dss\/#primaryimage","url":"https:\/\/www.ortungsgerate.de\/wp-content\/uploads\/mobifinder-5-detektorius-3.png","contentUrl":"https:\/\/www.ortungsgerate.de\/wp-content\/uploads\/mobifinder-5-detektorius-3.png","width":1000,"height":1000,"caption":"Mobifinder 5 Detektor"},{"@type":"BreadcrumbList","@id":"https:\/\/www.ortungsgerate.de\/26-detektoren\/detektor-mobifinder-5-lte-gsm-2g-4g-5g-dss\/#breadcrumb","itemListElement":[{"@type":"ListItem","position":1,"name":"Startseite","item":"https:\/\/www.ortungsgerate.de\/"},{"@type":"ListItem","position":2,"name":"Shop","item":"https:\/\/www.ortungsgerate.de\/shop\/"},{"@type":"ListItem","position":3,"name":"Detektor MOBIfinder 5 LTE\/GSM (2G\/4G\/5G DSS)"}]},{"@type":"WebSite","@id":"https:\/\/www.ortungsgerate.de\/#website","url":"https:\/\/www.ortungsgerate.de\/","name":"Ortungsgerate.de","description":"","publisher":{"@id":"https:\/\/www.ortungsgerate.de\/#organization"},"potentialAction":[{"@type":"SearchAction","target":{"@type":"EntryPoint","urlTemplate":"https:\/\/www.ortungsgerate.de\/?s={search_term_string}"},"query-input":{"@type":"PropertyValueSpecification","valueRequired":true,"valueName":"search_term_string"}}],"inLanguage":"ru-RU"},{"@type":"Organization","@id":"https:\/\/www.ortungsgerate.de\/#organization","name":"Ortungsgerate.de","url":"https:\/\/www.ortungsgerate.de\/","logo":{"@type":"ImageObject","inLanguage":"ru-RU","@id":"https:\/\/www.ortungsgerate.de\/#\/schema\/logo\/image\/","url":"https:\/\/www.ortungsgerate.de\/wp-content\/uploads\/ortungsgerate.png","contentUrl":"https:\/\/www.ortungsgerate.de\/wp-content\/uploads\/ortungsgerate.png","width":500,"height":135,"caption":"Ortungsgerate.de"},"image":{"@id":"https:\/\/www.ortungsgerate.de\/#\/schema\/logo\/image\/"}}]}},"_links":{"self":[{"href":"https:\/\/www.ortungsgerate.de\/ru\/wp-json\/wp\/v2\/product\/16750","targetHints":{"allow":["GET"]}}],"collection":[{"href":"https:\/\/www.ortungsgerate.de\/ru\/wp-json\/wp\/v2\/product"}],"about":[{"href":"https:\/\/www.ortungsgerate.de\/ru\/wp-json\/wp\/v2\/types\/product"}],"version-history":[{"count":0,"href":"https:\/\/www.ortungsgerate.de\/ru\/wp-json\/wp\/v2\/product\/16750\/revisions"}],"wp:featuredmedia":[{"embeddable":true,"href":"https:\/\/www.ortungsgerate.de\/ru\/wp-json\/wp\/v2\/media\/16746"}],"wp:attachment":[{"href":"https:\/\/www.ortungsgerate.de\/ru\/wp-json\/wp\/v2\/media?parent=16750"}],"wp:term":[{"taxonomy":"brand","embeddable":true,"href":"https:\/\/www.ortungsgerate.de\/ru\/wp-json\/wp\/v2\/etheme_brands?post=16750"},{"taxonomy":"product_brand","embeddable":true,"href":"https:\/\/www.ortungsgerate.de\/ru\/wp-json\/wp\/v2\/product_brand?post=16750"},{"taxonomy":"product_cat","embeddable":true,"href":"https:\/\/www.ortungsgerate.de\/ru\/wp-json\/wp\/v2\/product_cat?post=16750"},{"taxonomy":"product_tag","embeddable":true,"href":"https:\/\/www.ortungsgerate.de\/ru\/wp-json\/wp\/v2\/product_tag?post=16750"}],"curies":[{"name":"wp","href":"https:\/\/api.w.org\/{rel}","templated":true}]}}