{"id":26517,"date":"2025-03-25T09:55:22","date_gmt":"2025-03-25T07:55:22","guid":{"rendered":"https:\/\/ortungsgerate.de\/?post_type=product&#038;p=26517"},"modified":"2026-03-10T12:35:17","modified_gmt":"2026-03-10T11:35:17","slug":"butylka-dlya-vody-600-ml-s-taynikom-4k","status":"publish","type":"product","link":"https:\/\/www.ortungsgerate.de\/ru\/12-skrytyje-kamery\/butylka-dlya-vody-600-ml-s-taynikom-4k\/","title":{"rendered":"\u0411\u0443\u0442\u044b\u043b\u043a\u0430 \u0434\u043b\u044f \u0432\u043e\u0434\u044b 600 \u043c\u043b \u0441 \u0442\u0430\u0439\u043d\u0438\u043a\u043e\u043c 4k"},"content":{"rendered":"<h3 style=\"text-align: left;\"><strong>\u0422\u0435\u0445\u043d\u0438\u0447\u0435\u0441\u043a\u0438\u0435 \u043f\u0430\u0440\u0430\u043c\u0435\u0442\u0440\u044b:<\/strong><\/h3>\n<ul>\n<li>Fernansicht: JA<\/li>\n<li>Die Flasche besteht aus Kunststoff<\/li>\n<li>\u0412\u0438\u0434\u0435\u043e \u0437\u0430\u043f\u0438\u0441\u044b\u0432\u0430\u0435\u0442\u0441\u044f \u0441\u043e \u0437\u0432\u0443\u043a\u043e\u043c<\/li>\n<li>Videoqualit\u00e4t: 4K FULL HD 1080P, 1920*1080<\/li>\n<li>\u0412\u0438\u0434\u0435\u043e \u043c\u043e\u0436\u043d\u043e \u0441\u043c\u043e\u0442\u0440\u0435\u0442\u044c: \u0441 \u0442\u0435\u043b\u0435\u0444\u043e\u043d\u0430, \u043a\u043e\u043c\u043f\u044c\u044e\u0442\u0435\u0440\u0430 \u0438 \u043f\u043b\u0430\u043d\u0448\u0435\u0442\u0430<\/li>\n<li>Aufnahmedauer bei Verwendung von Batterie: ca. 3-4 Stunden<\/li>\n<li>\u0420\u0435\u0436\u0438\u043c \u043e\u0431\u043d\u0430\u0440\u0443\u0436\u0435\u043d\u0438\u044f \u0434\u0432\u0438\u0436\u0435\u043d\u0438\u044f: \u0414\u0410 (\u0446\u0438\u0444\u0440\u043e\u0432\u043e\u0439)<\/li>\n<li>\u0423\u0433\u043e\u043b \u043e\u0431\u0437\u043e\u0440\u0430: 110 \u00b0<\/li>\n<li>Unterst\u00fctzte Karte: 32 bis 128 GB<\/li>\n<li>1 Std. Videoaufnahme 310 MB<\/li>\n<li>\u0424\u043e\u0440\u043c\u0430\u0442 \u0441\u0436\u0430\u0442\u0438\u044f: AVI H.264<\/li>\n<li>\u041f\u043e\u0434\u0434\u0435\u0440\u0436\u0438\u0432\u0430\u0435\u043c\u044b\u0435 \u0441\u0438\u0441\u0442\u0435\u043c\u044b: \u201eiOS\u201c \u201eAndroid\u201c \u201eWindows\u201c<\/li>\n<li>Apps: Android \/ iPhone<\/li>\n<li>Stromversorgungsarten: Batterie oder Netzbetrieb (z. B. Handy-Ladeger\u00e4t)<\/li>\n<li>Wi-Fi-\u0441\u043e\u0435\u0434\u0438\u043d\u0435\u043d\u0438\u0435: IEEE802.11 b \/ g \/ n<\/li>\n<li>Batteriekapazit\u00e4t: 2400mAh<\/li>\n<li>Flaschenma\u00dfe: 241mm x 72,8mm<\/li>\n<li>\u0423\u043f\u0440\u0430\u0432\u043b\u0435\u043d\u0438\u0435 \u0437\u0430\u043f\u0438\u0441\u044c\u044e: \u0441 \u043b\u044e\u0431\u043e\u0433\u043e \u0443\u043c\u043d\u043e\u0433\u043e \u0443\u0441\u0442\u0440\u043e\u0439\u0441\u0442\u0432\u0430 (\u0442\u0435\u043b\u0435\u0444\u043e\u043d, \u043a\u043e\u043c\u043f\u044c\u044e\u0442\u0435\u0440 \u0438\u043b\u0438 \u043f\u043b\u0430\u043d\u0448\u0435\u0442).<\/li>\n<li><strong>\u0413\u0430\u0440\u0430\u043d\u0442\u0438\u044f 24 \u043c\u0435\u0441\u044f\u0446\u0430.<\/strong><\/li>\n<\/ul>\n<p>Verwendung: F\u00fcr Ihre und die Sicherheit der Kinder.<\/p>\n<p><span style=\"color: #d0121a;\"><strong><\/strong><\/span><\/p>\n<div class=\"iframe-container\">\n<p data-pm-slice=\"1 1 []\"><strong>Intelligente Wasserflasche mit eingebauter Kamera<\/strong><\/p>\n<p>Diese moderne und innovative Wasserflasche mit eingebauter Kamera ist eine hervorragende Wahl f\u00fcr diejenigen, die Sicherheit gew\u00e4hrleisten und diskret Videos mit Ton aufnehmen m\u00f6chten. Es ist nicht nur ein funktionales Alltagsobjekt, sondern auch ein intelligentes Werkzeug, das es erm\u00f6glicht, die Umgebung aus der Ferne zu \u00fcberwachen.<\/p>\n<h3><strong>\u041e\u0441\u043d\u043e\u0432\u043d\u044b\u0435 \u0445\u0430\u0440\u0430\u043a\u0442\u0435\u0440\u0438\u0441\u0442\u0438\u043a\u0438:<\/strong><\/h3>\n<ul data-spread=\"false\">\n<li><strong>Fernansicht:<\/strong> JA \u2013 sehen Sie sich Aufnahmen von \u00fcberall an.<\/li>\n<li><strong>Material:<\/strong> Hochwertiger Kunststoff, der Haltbarkeit und Leichtigkeit gew\u00e4hrleistet.<\/li>\n<li><strong>\u0412\u0438\u0434\u0435\u043e\u0437\u0430\u043f\u0438\u0441\u044c:<\/strong> Die Kamera nimmt hochaufl\u00f6sende Bilder mit Ton auf.<\/li>\n<li><strong>Videoqualit\u00e4t:<\/strong> 4K FULL HD 1080P (1920&#215;1080), die ein klares und detailliertes Bild garantiert.<\/li>\n<li><strong>Ansichtsm\u00f6glichkeiten:<\/strong> Mit Telefon, Computer oder Tablet.<\/li>\n<li><strong>Aufnahmedauer bei Verwendung von Batterie:<\/strong> Ca. 3\u20134 Stunden.<\/li>\n<\/ul>\n<h3><strong>Besondere Funktionen:<\/strong><\/h3>\n<ul data-spread=\"false\">\n<li><strong>\u0420\u0435\u0436\u0438\u043c \u043e\u0431\u043d\u0430\u0440\u0443\u0436\u0435\u043d\u0438\u044f \u0434\u0432\u0438\u0436\u0435\u043d\u0438\u044f:<\/strong> JA (digital) \u2013 es wird nur bei Bewegung aufgezeichnet, um Speicherplatz auf der Speicherkarte zu sparen.<\/li>\n<li><strong>\u0423\u0433\u043e\u043b \u043e\u0431\u0437\u043e\u0440\u0430:<\/strong> 110\u00b0 \u2013 breites Sichtfeld.<\/li>\n<li><strong>\u041f\u043e\u0434\u0434\u0435\u0440\u0436\u0438\u0432\u0430\u0435\u043c\u0430\u044f \u043a\u0430\u0440\u0442\u0430 \u043f\u0430\u043c\u044f\u0442\u0438:<\/strong> 32 GB \u2013 128 GB, die es erm\u00f6glicht, lange Videos zu speichern.<\/li>\n<li><strong>\u0424\u043e\u0440\u043c\u0430\u0442 \u0441\u0436\u0430\u0442\u0438\u044f:<\/strong> AVI H.264, das die Dateigr\u00f6\u00dfe optimiert.<\/li>\n<li><strong>Gr\u00f6\u00dfe eines 1-Stunden-Videos:<\/strong> 310 MB.<\/li>\n<\/ul>\n<h3><strong>Kompatibilit\u00e4t und Apps:<\/strong><\/h3>\n<ul data-spread=\"false\">\n<li><strong>\u041f\u043e\u0434\u0434\u0435\u0440\u0436\u0438\u0432\u0430\u0435\u043c\u044b\u0435 \u043e\u043f\u0435\u0440\u0430\u0446\u0438\u043e\u043d\u043d\u044b\u0435 \u0441\u0438\u0441\u0442\u0435\u043c\u044b:<\/strong> iOS, Android, Windows.<\/li>\n<li><strong>\u041f\u0440\u0438\u043b\u043e\u0436\u0435\u043d\u0438\u044f:<\/strong> Android \/ iPhone \u2013 einfache und bequeme Steuerung von jedem Smart-Ger\u00e4t aus.<\/li>\n<\/ul>\n<h3><strong>\u041f\u0438\u0442\u0430\u043d\u0438\u0435 \u0438 \u043f\u043e\u0434\u043a\u043b\u044e\u0447\u0435\u043d\u0438\u044f:<\/strong><\/h3>\n<ul data-spread=\"false\">\n<li><strong>Batteriekapazit\u00e4t:<\/strong> 2400mAh \u2013 sorgt f\u00fcr eine langfristige Nutzung.<\/li>\n<li><strong>\u0412\u0438\u0434\u044b \u043f\u0438\u0442\u0430\u043d\u0438\u044f:<\/strong> Funktioniert sowohl mit wiederaufladbarer Batterie als auch im Netzbetrieb (z. B. mit einem Handy-Ladeger\u00e4t).<\/li>\n<li><strong>Wi-Fi-\u0441\u043e\u0435\u0434\u0438\u043d\u0435\u043d\u0438\u0435:<\/strong> IEEE802.11 b\/g\/n \u2013 drahtlose Verbindung, die es erm\u00f6glicht, direkt zu steuern und zu \u00fcberwachen.<\/li>\n<\/ul>\n<h3><strong>\u0414\u0438\u0437\u0430\u0439\u043d \u0438 \u0440\u0430\u0437\u043c\u0435\u0440\u044b:<\/strong><\/h3>\n<ul data-spread=\"false\">\n<li><strong>Flaschenma\u00dfe:<\/strong> 241mm x 72,8mm \u2013 praktische und kompakte Form, geeignet f\u00fcr den t\u00e4glichen Gebrauch.<\/li>\n<li><strong>\u0423\u043f\u0440\u0430\u0432\u043b\u0435\u043d\u0438\u0435 \u0437\u0430\u043f\u0438\u0441\u044c\u044e:<\/strong> \u0421 \u043a\u0430\u0436\u0434\u044b\u043c \u0443\u043c\u043d\u044b\u043c \u0443\u0441\u0442\u0440\u043e\u0439\u0441\u0442\u0432\u043e\u043c (\u0442\u0435\u043b\u0435\u0444\u043e\u043d, \u043a\u043e\u043c\u043f\u044c\u044e\u0442\u0435\u0440 \u0438\u043b\u0438 \u043f\u043b\u0430\u043d\u0448\u0435\u0442).<\/li>\n<\/ul>\n<h3><strong>\u0413\u0430\u0440\u0430\u043d\u0442\u0438\u044f:<\/strong><\/h3>\n<ul data-spread=\"false\">\n<li><strong>24 \u043c\u0435\u0441\u044f\u0446\u0430 \u0433\u0430\u0440\u0430\u043d\u0442\u0438\u0438<\/strong> \u2013 gew\u00e4hrleistet eine langfristige und zuverl\u00e4ssige Nutzung.<\/li>\n<\/ul>\n<p>Diese intelligente Flasche mit Kamera ist ein unauff\u00e4lliges, aber \u00e4u\u00dferst effektives Werkzeug f\u00fcr diejenigen, die wichtige Momente festhalten oder ihre Umgebung sch\u00fctzen m\u00f6chten. Es ist eine hervorragende L\u00f6sung sowohl f\u00fcr den pers\u00f6nlichen als auch f\u00fcr den professionellen Gebrauch!<\/p>\n<\/div>","protected":false},"excerpt":{"rendered":"<p>Technische\u00a0Parameter: Fernansicht: JA Die Flasche besteht aus Kunststoff Video wird mit Ton aufgenommen Videoqualit\u00e4t: 4K FULL HD 1080P, 1920*1080 Videos k\u00f6nnen angesehen werden: mit Telefon,&#8230;<\/p>","protected":false},"featured_media":26518,"template":"","meta":[],"etheme_brands":[],"product_brand":[],"product_cat":[204,203,205],"product_tag":[687,694,689,688,690,691,693],"class_list":{"0":"post-26517","1":"product","2":"type-product","3":"status-publish","4":"has-post-thumbnail","6":"product_cat-17-getarnte-kameras","7":"product_cat-12-versteckte-kameras","8":"product_cat-27-wlan-minikameras","9":"product_tag-kamera-zur-ueberwachung","10":"product_tag-schnappschusskamera","11":"product_tag-sicherheitskamera","12":"product_tag-tarnkappen-kamera","13":"product_tag-versteckte-kamera","14":"product_tag-versteckte-ueberwachungskamera","15":"product_tag-wlan-kamera","16":"pa_typ-wasserflasche","18":"first","19":"instock","20":"taxable","21":"shipping-taxable","22":"purchasable","23":"product-type-simple"},"yoast_head":"<!-- This site is optimized with the Yoast SEO Premium plugin v25.9 (Yoast SEO v27.4) - https:\/\/yoast.com\/product\/yoast-seo-premium-wordpress\/ -->\n<title>Wasserflasche mit versteckter Kamera 4k Live-\u00dcberwachungsm\u00f6glichkeit<\/title>\n<meta name=\"description\" content=\"Wasserflasche mit eingebauter versteckter Kamera. H\u00f6chste Videoqualit\u00e4t in 4K-Aufl\u00f6sung, einfache Handhabung. Alle Produkte werden kostenlos innerhalb von 1 Werktag geliefert.\" \/>\n<meta name=\"robots\" content=\"index, follow, max-snippet:-1, max-image-preview:large, max-video-preview:-1\" \/>\n<link rel=\"canonical\" href=\"https:\/\/www.ortungsgerate.de\/ru\/12-skrytyje-kamery\/butylka-dlya-vody-600-ml-s-taynikom-4k\/\" \/>\n<meta property=\"og:locale\" content=\"ru_RU\" \/>\n<meta property=\"og:type\" content=\"article\" \/>\n<meta property=\"og:title\" content=\"Wasserflasche 600ml mit Geheimfach 4k\" \/>\n<meta property=\"og:description\" content=\"Wasserflasche mit eingebauter versteckter Kamera. H\u00f6chste Videoqualit\u00e4t in 4K-Aufl\u00f6sung, einfache Handhabung. Alle Produkte werden kostenlos innerhalb von 1 Werktag geliefert.\" \/>\n<meta property=\"og:url\" content=\"https:\/\/www.ortungsgerate.de\/ru\/12-skrytyje-kamery\/butylka-dlya-vody-600-ml-s-taynikom-4k\/\" \/>\n<meta property=\"og:site_name\" content=\"Ortungsger\u00e4te.de\" \/>\n<meta property=\"article:modified_time\" content=\"2026-03-10T11:35:17+00:00\" \/>\n<meta property=\"og:image\" content=\"https:\/\/www.ortungsgerate.de\/wp-content\/uploads\/slapta-kamera-wifi-sportinis-butelys-vandens-gertuve.jpg\" \/>\n\t<meta property=\"og:image:width\" content=\"425\" \/>\n\t<meta property=\"og:image:height\" content=\"459\" \/>\n\t<meta property=\"og:image:type\" content=\"image\/jpeg\" \/>\n<meta name=\"twitter:card\" content=\"summary_large_image\" \/>\n<meta name=\"twitter:label1\" content=\"\u041f\u0440\u0438\u043c\u0435\u0440\u043d\u043e\u0435 \u0432\u0440\u0435\u043c\u044f \u0434\u043b\u044f \u0447\u0442\u0435\u043d\u0438\u044f\" \/>\n\t<meta name=\"twitter:data1\" content=\"3 \u043c\u0438\u043d\u0443\u0442\u044b\" \/>\n<script type=\"application\/ld+json\" class=\"yoast-schema-graph\">{\"@context\":\"https:\\\/\\\/schema.org\",\"@graph\":[{\"@type\":\"WebPage\",\"@id\":\"https:\\\/\\\/www.ortungsgerate.de\\\/12-versteckte-kameras\\\/wasserflasche-600ml-mit-geheimfach-4k\\\/\",\"url\":\"https:\\\/\\\/www.ortungsgerate.de\\\/12-versteckte-kameras\\\/wasserflasche-600ml-mit-geheimfach-4k\\\/\",\"name\":\"Wasserflasche mit versteckter Kamera 4k Live-\u00dcberwachungsm\u00f6glichkeit\",\"isPartOf\":{\"@id\":\"https:\\\/\\\/www.ortungsgerate.de\\\/#website\"},\"primaryImageOfPage\":{\"@id\":\"https:\\\/\\\/www.ortungsgerate.de\\\/12-versteckte-kameras\\\/wasserflasche-600ml-mit-geheimfach-4k\\\/#primaryimage\"},\"image\":{\"@id\":\"https:\\\/\\\/www.ortungsgerate.de\\\/12-versteckte-kameras\\\/wasserflasche-600ml-mit-geheimfach-4k\\\/#primaryimage\"},\"thumbnailUrl\":\"https:\\\/\\\/www.ortungsgerate.de\\\/wp-content\\\/uploads\\\/slapta-kamera-wifi-sportinis-butelys-vandens-gertuve.jpg\",\"datePublished\":\"2025-03-25T07:55:22+00:00\",\"dateModified\":\"2026-03-10T11:35:17+00:00\",\"description\":\"Wasserflasche mit eingebauter versteckter Kamera. H\u00f6chste Videoqualit\u00e4t in 4K-Aufl\u00f6sung, einfache Handhabung. Alle Produkte werden kostenlos innerhalb von 1 Werktag geliefert.\",\"breadcrumb\":{\"@id\":\"https:\\\/\\\/www.ortungsgerate.de\\\/12-versteckte-kameras\\\/wasserflasche-600ml-mit-geheimfach-4k\\\/#breadcrumb\"},\"inLanguage\":\"ru-RU\",\"potentialAction\":[{\"@type\":\"ReadAction\",\"target\":[\"https:\\\/\\\/www.ortungsgerate.de\\\/12-versteckte-kameras\\\/wasserflasche-600ml-mit-geheimfach-4k\\\/\"]}]},{\"@type\":\"ImageObject\",\"inLanguage\":\"ru-RU\",\"@id\":\"https:\\\/\\\/www.ortungsgerate.de\\\/12-versteckte-kameras\\\/wasserflasche-600ml-mit-geheimfach-4k\\\/#primaryimage\",\"url\":\"https:\\\/\\\/www.ortungsgerate.de\\\/wp-content\\\/uploads\\\/slapta-kamera-wifi-sportinis-butelys-vandens-gertuve.jpg\",\"contentUrl\":\"https:\\\/\\\/www.ortungsgerate.de\\\/wp-content\\\/uploads\\\/slapta-kamera-wifi-sportinis-butelys-vandens-gertuve.jpg\",\"width\":425,\"height\":459,\"caption\":\"versteckte Kamera WiFi Sportflasche Wasser Trinkflasche\"},{\"@type\":\"BreadcrumbList\",\"@id\":\"https:\\\/\\\/www.ortungsgerate.de\\\/12-versteckte-kameras\\\/wasserflasche-600ml-mit-geheimfach-4k\\\/#breadcrumb\",\"itemListElement\":[{\"@type\":\"ListItem\",\"position\":1,\"name\":\"Startseite\",\"item\":\"https:\\\/\\\/www.ortungsgerate.de\\\/\"},{\"@type\":\"ListItem\",\"position\":2,\"name\":\"Shop\",\"item\":\"https:\\\/\\\/www.ortungsgerate.de\\\/shop\\\/\"},{\"@type\":\"ListItem\",\"position\":3,\"name\":\"Wasserflasche 600ml mit Geheimfach 4k\"}]},{\"@type\":\"WebSite\",\"@id\":\"https:\\\/\\\/www.ortungsgerate.de\\\/#website\",\"url\":\"https:\\\/\\\/www.ortungsgerate.de\\\/\",\"name\":\"Ortungsgerate.de\",\"description\":\"\",\"publisher\":{\"@id\":\"https:\\\/\\\/www.ortungsgerate.de\\\/#organization\"},\"potentialAction\":[{\"@type\":\"SearchAction\",\"target\":{\"@type\":\"EntryPoint\",\"urlTemplate\":\"https:\\\/\\\/www.ortungsgerate.de\\\/?s={search_term_string}\"},\"query-input\":{\"@type\":\"PropertyValueSpecification\",\"valueRequired\":true,\"valueName\":\"search_term_string\"}}],\"inLanguage\":\"ru-RU\"},{\"@type\":\"Organization\",\"@id\":\"https:\\\/\\\/www.ortungsgerate.de\\\/#organization\",\"name\":\"Ortungsgerate.de\",\"url\":\"https:\\\/\\\/www.ortungsgerate.de\\\/\",\"logo\":{\"@type\":\"ImageObject\",\"inLanguage\":\"ru-RU\",\"@id\":\"https:\\\/\\\/www.ortungsgerate.de\\\/#\\\/schema\\\/logo\\\/image\\\/\",\"url\":\"https:\\\/\\\/www.ortungsgerate.de\\\/wp-content\\\/uploads\\\/ortungsgerate.png\",\"contentUrl\":\"https:\\\/\\\/www.ortungsgerate.de\\\/wp-content\\\/uploads\\\/ortungsgerate.png\",\"width\":500,\"height\":135,\"caption\":\"Ortungsgerate.de\"},\"image\":{\"@id\":\"https:\\\/\\\/www.ortungsgerate.de\\\/#\\\/schema\\\/logo\\\/image\\\/\"}}]}<\/script>\n<!-- \/ Yoast SEO Premium plugin. -->","yoast_head_json":{"title":"Wasserflasche mit versteckter Kamera 4k Live-\u00dcberwachungsm\u00f6glichkeit","description":"Wasserflasche mit eingebauter versteckter Kamera. H\u00f6chste Videoqualit\u00e4t in 4K-Aufl\u00f6sung, einfache Handhabung. Alle Produkte werden kostenlos innerhalb von 1 Werktag geliefert.","robots":{"index":"index","follow":"follow","max-snippet":"max-snippet:-1","max-image-preview":"max-image-preview:large","max-video-preview":"max-video-preview:-1"},"canonical":"https:\/\/www.ortungsgerate.de\/ru\/12-skrytyje-kamery\/butylka-dlya-vody-600-ml-s-taynikom-4k\/","og_locale":"ru_RU","og_type":"article","og_title":"Wasserflasche 600ml mit Geheimfach 4k","og_description":"Wasserflasche mit eingebauter versteckter Kamera. H\u00f6chste Videoqualit\u00e4t in 4K-Aufl\u00f6sung, einfache Handhabung. Alle Produkte werden kostenlos innerhalb von 1 Werktag geliefert.","og_url":"https:\/\/www.ortungsgerate.de\/ru\/12-skrytyje-kamery\/butylka-dlya-vody-600-ml-s-taynikom-4k\/","og_site_name":"Ortungsger\u00e4te.de","article_modified_time":"2026-03-10T11:35:17+00:00","og_image":[{"width":425,"height":459,"url":"https:\/\/www.ortungsgerate.de\/wp-content\/uploads\/slapta-kamera-wifi-sportinis-butelys-vandens-gertuve.jpg","type":"image\/jpeg"}],"twitter_card":"summary_large_image","twitter_misc":{"\u041f\u0440\u0438\u043c\u0435\u0440\u043d\u043e\u0435 \u0432\u0440\u0435\u043c\u044f \u0434\u043b\u044f \u0447\u0442\u0435\u043d\u0438\u044f":"3 \u043c\u0438\u043d\u0443\u0442\u044b"},"schema":{"@context":"https:\/\/schema.org","@graph":[{"@type":"WebPage","@id":"https:\/\/www.ortungsgerate.de\/12-versteckte-kameras\/wasserflasche-600ml-mit-geheimfach-4k\/","url":"https:\/\/www.ortungsgerate.de\/12-versteckte-kameras\/wasserflasche-600ml-mit-geheimfach-4k\/","name":"Wasserflasche mit versteckter Kamera 4k Live-\u00dcberwachungsm\u00f6glichkeit","isPartOf":{"@id":"https:\/\/www.ortungsgerate.de\/#website"},"primaryImageOfPage":{"@id":"https:\/\/www.ortungsgerate.de\/12-versteckte-kameras\/wasserflasche-600ml-mit-geheimfach-4k\/#primaryimage"},"image":{"@id":"https:\/\/www.ortungsgerate.de\/12-versteckte-kameras\/wasserflasche-600ml-mit-geheimfach-4k\/#primaryimage"},"thumbnailUrl":"https:\/\/www.ortungsgerate.de\/wp-content\/uploads\/slapta-kamera-wifi-sportinis-butelys-vandens-gertuve.jpg","datePublished":"2025-03-25T07:55:22+00:00","dateModified":"2026-03-10T11:35:17+00:00","description":"Wasserflasche mit eingebauter versteckter Kamera. H\u00f6chste Videoqualit\u00e4t in 4K-Aufl\u00f6sung, einfache Handhabung. Alle Produkte werden kostenlos innerhalb von 1 Werktag geliefert.","breadcrumb":{"@id":"https:\/\/www.ortungsgerate.de\/12-versteckte-kameras\/wasserflasche-600ml-mit-geheimfach-4k\/#breadcrumb"},"inLanguage":"ru-RU","potentialAction":[{"@type":"ReadAction","target":["https:\/\/www.ortungsgerate.de\/12-versteckte-kameras\/wasserflasche-600ml-mit-geheimfach-4k\/"]}]},{"@type":"ImageObject","inLanguage":"ru-RU","@id":"https:\/\/www.ortungsgerate.de\/12-versteckte-kameras\/wasserflasche-600ml-mit-geheimfach-4k\/#primaryimage","url":"https:\/\/www.ortungsgerate.de\/wp-content\/uploads\/slapta-kamera-wifi-sportinis-butelys-vandens-gertuve.jpg","contentUrl":"https:\/\/www.ortungsgerate.de\/wp-content\/uploads\/slapta-kamera-wifi-sportinis-butelys-vandens-gertuve.jpg","width":425,"height":459,"caption":"versteckte Kamera WiFi Sportflasche Wasser Trinkflasche"},{"@type":"BreadcrumbList","@id":"https:\/\/www.ortungsgerate.de\/12-versteckte-kameras\/wasserflasche-600ml-mit-geheimfach-4k\/#breadcrumb","itemListElement":[{"@type":"ListItem","position":1,"name":"Startseite","item":"https:\/\/www.ortungsgerate.de\/"},{"@type":"ListItem","position":2,"name":"Shop","item":"https:\/\/www.ortungsgerate.de\/shop\/"},{"@type":"ListItem","position":3,"name":"Wasserflasche 600ml mit Geheimfach 4k"}]},{"@type":"WebSite","@id":"https:\/\/www.ortungsgerate.de\/#website","url":"https:\/\/www.ortungsgerate.de\/","name":"Ortungsgerate.de","description":"","publisher":{"@id":"https:\/\/www.ortungsgerate.de\/#organization"},"potentialAction":[{"@type":"SearchAction","target":{"@type":"EntryPoint","urlTemplate":"https:\/\/www.ortungsgerate.de\/?s={search_term_string}"},"query-input":{"@type":"PropertyValueSpecification","valueRequired":true,"valueName":"search_term_string"}}],"inLanguage":"ru-RU"},{"@type":"Organization","@id":"https:\/\/www.ortungsgerate.de\/#organization","name":"Ortungsgerate.de","url":"https:\/\/www.ortungsgerate.de\/","logo":{"@type":"ImageObject","inLanguage":"ru-RU","@id":"https:\/\/www.ortungsgerate.de\/#\/schema\/logo\/image\/","url":"https:\/\/www.ortungsgerate.de\/wp-content\/uploads\/ortungsgerate.png","contentUrl":"https:\/\/www.ortungsgerate.de\/wp-content\/uploads\/ortungsgerate.png","width":500,"height":135,"caption":"Ortungsgerate.de"},"image":{"@id":"https:\/\/www.ortungsgerate.de\/#\/schema\/logo\/image\/"}}]}},"_links":{"self":[{"href":"https:\/\/www.ortungsgerate.de\/ru\/wp-json\/wp\/v2\/product\/26517","targetHints":{"allow":["GET"]}}],"collection":[{"href":"https:\/\/www.ortungsgerate.de\/ru\/wp-json\/wp\/v2\/product"}],"about":[{"href":"https:\/\/www.ortungsgerate.de\/ru\/wp-json\/wp\/v2\/types\/product"}],"version-history":[{"count":0,"href":"https:\/\/www.ortungsgerate.de\/ru\/wp-json\/wp\/v2\/product\/26517\/revisions"}],"wp:featuredmedia":[{"embeddable":true,"href":"https:\/\/www.ortungsgerate.de\/ru\/wp-json\/wp\/v2\/media\/26518"}],"wp:attachment":[{"href":"https:\/\/www.ortungsgerate.de\/ru\/wp-json\/wp\/v2\/media?parent=26517"}],"wp:term":[{"taxonomy":"brand","embeddable":true,"href":"https:\/\/www.ortungsgerate.de\/ru\/wp-json\/wp\/v2\/etheme_brands?post=26517"},{"taxonomy":"product_brand","embeddable":true,"href":"https:\/\/www.ortungsgerate.de\/ru\/wp-json\/wp\/v2\/product_brand?post=26517"},{"taxonomy":"product_cat","embeddable":true,"href":"https:\/\/www.ortungsgerate.de\/ru\/wp-json\/wp\/v2\/product_cat?post=26517"},{"taxonomy":"product_tag","embeddable":true,"href":"https:\/\/www.ortungsgerate.de\/ru\/wp-json\/wp\/v2\/product_tag?post=26517"}],"curies":[{"name":"wp","href":"https:\/\/api.w.org\/{rel}","templated":true}]}}