{"id":26626,"date":"2025-03-26T13:55:43","date_gmt":"2025-03-26T11:55:43","guid":{"rendered":"https:\/\/ortungsgerate.de\/?post_type=product&#038;p=26626"},"modified":"2026-01-14T22:11:35","modified_gmt":"2026-01-14T21:11:35","slug":"udlinitel-4k-wifi-shpionskaya-kamera-3x-usb-tip-c","status":"publish","type":"product","link":"https:\/\/www.ortungsgerate.de\/ru\/12-skrytyje-kamery\/udlinitel-4k-wifi-shpionskaya-kamera-3x-usb-tip-c\/","title":{"rendered":"\u0423\u0434\u043b\u0438\u043d\u0438\u0442\u0435\u043b\u044c 4K WiFi \u0448\u043f\u0438\u043e\u043d\u0441\u043a\u0430\u044f \u043a\u0430\u043c\u0435\u0440\u0430 3x USB \u0422\u0438\u043f C"},"content":{"rendered":"<h3><strong>\u0422\u0435\u0445\u043d\u0438\u0447\u0435\u0441\u043a\u0438\u0435 \u043f\u0430\u0440\u0430\u043c\u0435\u0442\u0440\u044b:<\/strong><\/h3>\n<ul>\n<li>\u0414\u0438\u0441\u0442\u0430\u043d\u0446\u0438\u043e\u043d\u043d\u043e\u0435 \u043d\u0430\u0431\u043b\u044e\u0434\u0435\u043d\u0438\u0435: \u0414\u0410<\/li>\n<li>\u0418\u0437\u043e\u0431\u0440\u0430\u0436\u0435\u043d\u0438\u0435 \u0437\u0430\u043f\u0438\u0441\u044b\u0432\u0430\u0435\u0442\u0441\u044f \u0441\u043e \u0437\u0432\u0443\u043a\u043e\u043c<\/li>\n<li>Ein TYPE C Anschluss<\/li>\n<li>3 USB-Anschl\u00fcsse<\/li>\n<li>Installation dauert einige Minuten<\/li>\n<li>\u041f\u043e\u0434\u043a\u043b\u044e\u0447\u0435\u043d\u0438\u0435 \u043a USB-\u043a\u043e\u043c\u043f\u044c\u044e\u0442\u0435\u0440\u0443 \u0438\u043b\u0438 \u0437\u0430\u0440\u044f\u0434\u043d\u043e\u043c\u0443 \u0443\u0441\u0442\u0440\u043e\u0439\u0441\u0442\u0432\u0443<\/li>\n<li>Videoqualit\u00e4t: 4K\u00a0 FULL HD<\/li>\n<li>\u0418\u0437\u043e\u0431\u0440\u0430\u0436\u0435\u043d\u0438\u044f \u043c\u043e\u0436\u043d\u043e \u043f\u0440\u043e\u0441\u043c\u0430\u0442\u0440\u0438\u0432\u0430\u0442\u044c: \u0441 \u0442\u0435\u043b\u0435\u0444\u043e\u043d\u0430, \u043a\u043e\u043c\u043f\u044c\u044e\u0442\u0435\u0440\u0430 \u0438 \u043f\u043b\u0430\u043d\u0448\u0435\u0442\u0430<\/li>\n<li>\u0420\u0435\u0436\u0438\u043c \u043e\u0431\u043d\u0430\u0440\u0443\u0436\u0435\u043d\u0438\u044f \u0434\u0432\u0438\u0436\u0435\u043d\u0438\u044f: \u0414\u0410 (\u0446\u0438\u0444\u0440\u043e\u0432\u043e\u0439)<\/li>\n<li>\u00dcberwachungswinkel: 100\u00b0<\/li>\n<li>Unterst\u00fctzte Karte: 32-128 GB<\/li>\n<li>1 Std. Videoaufnahme\u00a0 330 MB<\/li>\n<li>\u0424\u043e\u0440\u043c\u0430\u0442 \u0441\u0436\u0430\u0442\u0438\u044f: AVI H.264<\/li>\n<li>\u041f\u043e\u0434\u0434\u0435\u0440\u0436\u0438\u0432\u0430\u0435\u043c\u044b\u0435 \u0441\u0438\u0441\u0442\u0435\u043c\u044b: \u201eiOS\u201c \u201eAndroid\u201c \u201eWindows\u201c<\/li>\n<li>\u041f\u0440\u0438\u043b\u043e\u0436\u0435\u043d\u0438\u044f: Android \/ iPhone<\/li>\n<li>\u041c\u0435\u0442\u043e\u0434\u044b \u044d\u043b\u0435\u043a\u0442\u0440\u043e\u043f\u0438\u0442\u0430\u043d\u0438\u044f: \u0431\u0430\u0442\u0430\u0440\u0435\u044f \u0438\u043b\u0438 \u0441\u0435\u0442\u0435\u0432\u043e\u0435 \u043f\u043e\u0434\u043a\u043b\u044e\u0447\u0435\u043d\u0438\u0435 (\u043d\u0430\u043f\u0440\u0438\u043c\u0435\u0440, \u0437\u0430\u0440\u044f\u0434\u043d\u043e\u0435 \u0443\u0441\u0442\u0440\u043e\u0439\u0441\u0442\u0432\u043e \u0434\u043b\u044f \u0442\u0435\u043b\u0435\u0444\u043e\u043d\u0430)<\/li>\n<li>Wi-Fi-\u0441\u043e\u0435\u0434\u0438\u043d\u0435\u043d\u0438\u0435: IEEE802.11 b \/ g \/ n<\/li>\n<li>Abmessungen: 300 mm x 67\u00a0 mm x 57 mm<\/li>\n<li>Aufnahmeverwaltung: \u00a0mit jedem Smart-Ger\u00e4t (Telefon, Computer oder Tablet).<\/li>\n<li><strong>\u0413\u0430\u0440\u0430\u043d\u0442\u0438\u044f 24 \u043c\u0435\u0441\u044f\u0446\u0430.<\/strong><\/li>\n<\/ul>\n<p>Verwendung: F\u00fcr Ihre und die Sicherheit der Kinder.<\/p>","protected":false},"excerpt":{"rendered":"<p>Technische\u00a0Parameter: Fern\u00fcberwachung: JA Bild wird mit Ton aufgenommen Ein TYPE C Anschluss 3 USB-Anschl\u00fcsse Installation dauert einige Minuten Verbindung zu USB-Computer oder Ladeger\u00e4t Videoqualit\u00e4t: 4K\u00a0&#8230;<\/p>","protected":false},"featured_media":26627,"template":"","meta":[],"etheme_brands":[],"product_brand":[],"product_cat":[204,203,205],"product_tag":[687,694,689,688,690,691,693],"class_list":{"0":"post-26626","1":"product","2":"type-product","3":"status-publish","4":"has-post-thumbnail","6":"product_cat-17-getarnte-kameras","7":"product_cat-12-versteckte-kameras","8":"product_cat-27-wlan-minikameras","9":"product_tag-kamera-zur-ueberwachung","10":"product_tag-schnappschusskamera","11":"product_tag-sicherheitskamera","12":"product_tag-tarnkappen-kamera","13":"product_tag-versteckte-kamera","14":"product_tag-versteckte-ueberwachungskamera","15":"product_tag-wlan-kamera","16":"pa_typ-ladegeraete-verlaengerungskabel-mehrfachsteckdosen","18":"first","19":"instock","20":"taxable","21":"shipping-taxable","22":"purchasable","23":"product-type-simple"},"yoast_head":"<!-- This site is optimized with the Yoast SEO Premium plugin v25.9 (Yoast SEO v27.4) - https:\/\/yoast.com\/product\/yoast-seo-premium-wordpress\/ -->\n<title>4K WiFi Geheimkamera Verl\u00e4ngerungskabel 3x USB Typ C<\/title>\n<meta name=\"robots\" content=\"index, follow, max-snippet:-1, max-image-preview:large, max-video-preview:-1\" \/>\n<link rel=\"canonical\" href=\"https:\/\/www.ortungsgerate.de\/ru\/12-skrytyje-kamery\/udlinitel-4k-wifi-shpionskaya-kamera-3x-usb-tip-c\/\" \/>\n<meta property=\"og:locale\" content=\"ru_RU\" \/>\n<meta property=\"og:type\" content=\"article\" \/>\n<meta property=\"og:title\" content=\"Verl\u00e4ngerungskabel 4K WiFi Spionagekamera 3x USB Typ C\" \/>\n<meta property=\"og:description\" content=\"Technische\u00a0Parameter: Fern\u00fcberwachung: JA Bild wird mit Ton aufgenommen Ein TYPE C Anschluss 3 USB-Anschl\u00fcsse Installation dauert einige Minuten Verbindung zu USB-Computer oder Ladeger\u00e4t Videoqualit\u00e4t: 4K\u00a0...\" \/>\n<meta property=\"og:url\" content=\"https:\/\/www.ortungsgerate.de\/ru\/12-skrytyje-kamery\/udlinitel-4k-wifi-shpionskaya-kamera-3x-usb-tip-c\/\" \/>\n<meta property=\"og:site_name\" content=\"Ortungsger\u00e4te.de\" \/>\n<meta property=\"article:modified_time\" content=\"2026-01-14T21:11:35+00:00\" \/>\n<meta property=\"og:image\" content=\"https:\/\/www.ortungsgerate.de\/wp-content\/uploads\/slapta-kamera-ilgiklis-prailgintuvas-Wifi.jpg\" \/>\n\t<meta property=\"og:image:width\" content=\"800\" \/>\n\t<meta property=\"og:image:height\" content=\"800\" \/>\n\t<meta property=\"og:image:type\" content=\"image\/jpeg\" \/>\n<meta name=\"twitter:card\" content=\"summary_large_image\" \/>\n<meta name=\"twitter:label1\" content=\"\u041f\u0440\u0438\u043c\u0435\u0440\u043d\u043e\u0435 \u0432\u0440\u0435\u043c\u044f \u0434\u043b\u044f \u0447\u0442\u0435\u043d\u0438\u044f\" \/>\n\t<meta name=\"twitter:data1\" content=\"1 \u043c\u0438\u043d\u0443\u0442\u0430\" \/>\n<script type=\"application\/ld+json\" class=\"yoast-schema-graph\">{\"@context\":\"https:\\\/\\\/schema.org\",\"@graph\":[{\"@type\":\"WebPage\",\"@id\":\"https:\\\/\\\/www.ortungsgerate.de\\\/12-versteckte-kameras\\\/verlaengerungskabel-4k-wifi-spionagekamera-3x-usb-typ-c\\\/\",\"url\":\"https:\\\/\\\/www.ortungsgerate.de\\\/12-versteckte-kameras\\\/verlaengerungskabel-4k-wifi-spionagekamera-3x-usb-typ-c\\\/\",\"name\":\"4K WiFi Geheimkamera Verl\u00e4ngerungskabel 3x USB Typ C\",\"isPartOf\":{\"@id\":\"https:\\\/\\\/www.ortungsgerate.de\\\/#website\"},\"primaryImageOfPage\":{\"@id\":\"https:\\\/\\\/www.ortungsgerate.de\\\/12-versteckte-kameras\\\/verlaengerungskabel-4k-wifi-spionagekamera-3x-usb-typ-c\\\/#primaryimage\"},\"image\":{\"@id\":\"https:\\\/\\\/www.ortungsgerate.de\\\/12-versteckte-kameras\\\/verlaengerungskabel-4k-wifi-spionagekamera-3x-usb-typ-c\\\/#primaryimage\"},\"thumbnailUrl\":\"https:\\\/\\\/www.ortungsgerate.de\\\/wp-content\\\/uploads\\\/slapta-kamera-ilgiklis-prailgintuvas-Wifi.jpg\",\"datePublished\":\"2025-03-26T11:55:43+00:00\",\"dateModified\":\"2026-01-14T21:11:35+00:00\",\"breadcrumb\":{\"@id\":\"https:\\\/\\\/www.ortungsgerate.de\\\/12-versteckte-kameras\\\/verlaengerungskabel-4k-wifi-spionagekamera-3x-usb-typ-c\\\/#breadcrumb\"},\"inLanguage\":\"ru-RU\",\"potentialAction\":[{\"@type\":\"ReadAction\",\"target\":[\"https:\\\/\\\/www.ortungsgerate.de\\\/12-versteckte-kameras\\\/verlaengerungskabel-4k-wifi-spionagekamera-3x-usb-typ-c\\\/\"]}]},{\"@type\":\"ImageObject\",\"inLanguage\":\"ru-RU\",\"@id\":\"https:\\\/\\\/www.ortungsgerate.de\\\/12-versteckte-kameras\\\/verlaengerungskabel-4k-wifi-spionagekamera-3x-usb-typ-c\\\/#primaryimage\",\"url\":\"https:\\\/\\\/www.ortungsgerate.de\\\/wp-content\\\/uploads\\\/slapta-kamera-ilgiklis-prailgintuvas-Wifi.jpg\",\"contentUrl\":\"https:\\\/\\\/www.ortungsgerate.de\\\/wp-content\\\/uploads\\\/slapta-kamera-ilgiklis-prailgintuvas-Wifi.jpg\",\"width\":800,\"height\":800,\"caption\":\"versteckte Kamera Verl\u00e4ngerungskabel Wifi\"},{\"@type\":\"BreadcrumbList\",\"@id\":\"https:\\\/\\\/www.ortungsgerate.de\\\/12-versteckte-kameras\\\/verlaengerungskabel-4k-wifi-spionagekamera-3x-usb-typ-c\\\/#breadcrumb\",\"itemListElement\":[{\"@type\":\"ListItem\",\"position\":1,\"name\":\"Startseite\",\"item\":\"https:\\\/\\\/www.ortungsgerate.de\\\/\"},{\"@type\":\"ListItem\",\"position\":2,\"name\":\"Shop\",\"item\":\"https:\\\/\\\/www.ortungsgerate.de\\\/shop\\\/\"},{\"@type\":\"ListItem\",\"position\":3,\"name\":\"Verl\u00e4ngerungskabel 4K WiFi Spionagekamera 3x USB Typ C\"}]},{\"@type\":\"WebSite\",\"@id\":\"https:\\\/\\\/www.ortungsgerate.de\\\/#website\",\"url\":\"https:\\\/\\\/www.ortungsgerate.de\\\/\",\"name\":\"Ortungsgerate.de\",\"description\":\"\",\"publisher\":{\"@id\":\"https:\\\/\\\/www.ortungsgerate.de\\\/#organization\"},\"potentialAction\":[{\"@type\":\"SearchAction\",\"target\":{\"@type\":\"EntryPoint\",\"urlTemplate\":\"https:\\\/\\\/www.ortungsgerate.de\\\/?s={search_term_string}\"},\"query-input\":{\"@type\":\"PropertyValueSpecification\",\"valueRequired\":true,\"valueName\":\"search_term_string\"}}],\"inLanguage\":\"ru-RU\"},{\"@type\":\"Organization\",\"@id\":\"https:\\\/\\\/www.ortungsgerate.de\\\/#organization\",\"name\":\"Ortungsgerate.de\",\"url\":\"https:\\\/\\\/www.ortungsgerate.de\\\/\",\"logo\":{\"@type\":\"ImageObject\",\"inLanguage\":\"ru-RU\",\"@id\":\"https:\\\/\\\/www.ortungsgerate.de\\\/#\\\/schema\\\/logo\\\/image\\\/\",\"url\":\"https:\\\/\\\/www.ortungsgerate.de\\\/wp-content\\\/uploads\\\/ortungsgerate.png\",\"contentUrl\":\"https:\\\/\\\/www.ortungsgerate.de\\\/wp-content\\\/uploads\\\/ortungsgerate.png\",\"width\":500,\"height\":135,\"caption\":\"Ortungsgerate.de\"},\"image\":{\"@id\":\"https:\\\/\\\/www.ortungsgerate.de\\\/#\\\/schema\\\/logo\\\/image\\\/\"}}]}<\/script>\n<!-- \/ Yoast SEO Premium plugin. -->","yoast_head_json":{"title":"4K WiFi \u0441\u043a\u0440\u044b\u0442\u0430\u044f \u043a\u0430\u043c\u0435\u0440\u0430 \u0443\u0434\u043b\u0438\u043d\u0438\u0442\u0435\u043b\u044c\u043d\u044b\u0439 \u043a\u0430\u0431\u0435\u043b\u044c 3x USB \u0442\u0438\u043f C","robots":{"index":"index","follow":"follow","max-snippet":"max-snippet:-1","max-image-preview":"max-image-preview:large","max-video-preview":"max-video-preview:-1"},"canonical":"https:\/\/www.ortungsgerate.de\/ru\/12-skrytyje-kamery\/udlinitel-4k-wifi-shpionskaya-kamera-3x-usb-tip-c\/","og_locale":"ru_RU","og_type":"article","og_title":"Verl\u00e4ngerungskabel 4K WiFi Spionagekamera 3x USB Typ C","og_description":"Technische\u00a0Parameter: Fern\u00fcberwachung: JA Bild wird mit Ton aufgenommen Ein TYPE C Anschluss 3 USB-Anschl\u00fcsse Installation dauert einige Minuten Verbindung zu USB-Computer oder Ladeger\u00e4t Videoqualit\u00e4t: 4K\u00a0...","og_url":"https:\/\/www.ortungsgerate.de\/ru\/12-skrytyje-kamery\/udlinitel-4k-wifi-shpionskaya-kamera-3x-usb-tip-c\/","og_site_name":"Ortungsger\u00e4te.de","article_modified_time":"2026-01-14T21:11:35+00:00","og_image":[{"width":800,"height":800,"url":"https:\/\/www.ortungsgerate.de\/wp-content\/uploads\/slapta-kamera-ilgiklis-prailgintuvas-Wifi.jpg","type":"image\/jpeg"}],"twitter_card":"summary_large_image","twitter_misc":{"\u041f\u0440\u0438\u043c\u0435\u0440\u043d\u043e\u0435 \u0432\u0440\u0435\u043c\u044f \u0434\u043b\u044f \u0447\u0442\u0435\u043d\u0438\u044f":"1 \u043c\u0438\u043d\u0443\u0442\u0430"},"schema":{"@context":"https:\/\/schema.org","@graph":[{"@type":"WebPage","@id":"https:\/\/www.ortungsgerate.de\/12-versteckte-kameras\/verlaengerungskabel-4k-wifi-spionagekamera-3x-usb-typ-c\/","url":"https:\/\/www.ortungsgerate.de\/12-versteckte-kameras\/verlaengerungskabel-4k-wifi-spionagekamera-3x-usb-typ-c\/","name":"4K WiFi \u0441\u043a\u0440\u044b\u0442\u0430\u044f \u043a\u0430\u043c\u0435\u0440\u0430 \u0443\u0434\u043b\u0438\u043d\u0438\u0442\u0435\u043b\u044c\u043d\u044b\u0439 \u043a\u0430\u0431\u0435\u043b\u044c 3x USB \u0442\u0438\u043f C","isPartOf":{"@id":"https:\/\/www.ortungsgerate.de\/#website"},"primaryImageOfPage":{"@id":"https:\/\/www.ortungsgerate.de\/12-versteckte-kameras\/verlaengerungskabel-4k-wifi-spionagekamera-3x-usb-typ-c\/#primaryimage"},"image":{"@id":"https:\/\/www.ortungsgerate.de\/12-versteckte-kameras\/verlaengerungskabel-4k-wifi-spionagekamera-3x-usb-typ-c\/#primaryimage"},"thumbnailUrl":"https:\/\/www.ortungsgerate.de\/wp-content\/uploads\/slapta-kamera-ilgiklis-prailgintuvas-Wifi.jpg","datePublished":"2025-03-26T11:55:43+00:00","dateModified":"2026-01-14T21:11:35+00:00","breadcrumb":{"@id":"https:\/\/www.ortungsgerate.de\/12-versteckte-kameras\/verlaengerungskabel-4k-wifi-spionagekamera-3x-usb-typ-c\/#breadcrumb"},"inLanguage":"ru-RU","potentialAction":[{"@type":"ReadAction","target":["https:\/\/www.ortungsgerate.de\/12-versteckte-kameras\/verlaengerungskabel-4k-wifi-spionagekamera-3x-usb-typ-c\/"]}]},{"@type":"ImageObject","inLanguage":"ru-RU","@id":"https:\/\/www.ortungsgerate.de\/12-versteckte-kameras\/verlaengerungskabel-4k-wifi-spionagekamera-3x-usb-typ-c\/#primaryimage","url":"https:\/\/www.ortungsgerate.de\/wp-content\/uploads\/slapta-kamera-ilgiklis-prailgintuvas-Wifi.jpg","contentUrl":"https:\/\/www.ortungsgerate.de\/wp-content\/uploads\/slapta-kamera-ilgiklis-prailgintuvas-Wifi.jpg","width":800,"height":800,"caption":"versteckte Kamera Verl\u00e4ngerungskabel Wifi"},{"@type":"BreadcrumbList","@id":"https:\/\/www.ortungsgerate.de\/12-versteckte-kameras\/verlaengerungskabel-4k-wifi-spionagekamera-3x-usb-typ-c\/#breadcrumb","itemListElement":[{"@type":"ListItem","position":1,"name":"Startseite","item":"https:\/\/www.ortungsgerate.de\/"},{"@type":"ListItem","position":2,"name":"Shop","item":"https:\/\/www.ortungsgerate.de\/shop\/"},{"@type":"ListItem","position":3,"name":"Verl\u00e4ngerungskabel 4K WiFi Spionagekamera 3x USB Typ C"}]},{"@type":"WebSite","@id":"https:\/\/www.ortungsgerate.de\/#website","url":"https:\/\/www.ortungsgerate.de\/","name":"Ortungsgerate.de","description":"","publisher":{"@id":"https:\/\/www.ortungsgerate.de\/#organization"},"potentialAction":[{"@type":"SearchAction","target":{"@type":"EntryPoint","urlTemplate":"https:\/\/www.ortungsgerate.de\/?s={search_term_string}"},"query-input":{"@type":"PropertyValueSpecification","valueRequired":true,"valueName":"search_term_string"}}],"inLanguage":"ru-RU"},{"@type":"Organization","@id":"https:\/\/www.ortungsgerate.de\/#organization","name":"Ortungsgerate.de","url":"https:\/\/www.ortungsgerate.de\/","logo":{"@type":"ImageObject","inLanguage":"ru-RU","@id":"https:\/\/www.ortungsgerate.de\/#\/schema\/logo\/image\/","url":"https:\/\/www.ortungsgerate.de\/wp-content\/uploads\/ortungsgerate.png","contentUrl":"https:\/\/www.ortungsgerate.de\/wp-content\/uploads\/ortungsgerate.png","width":500,"height":135,"caption":"Ortungsgerate.de"},"image":{"@id":"https:\/\/www.ortungsgerate.de\/#\/schema\/logo\/image\/"}}]}},"_links":{"self":[{"href":"https:\/\/www.ortungsgerate.de\/ru\/wp-json\/wp\/v2\/product\/26626","targetHints":{"allow":["GET"]}}],"collection":[{"href":"https:\/\/www.ortungsgerate.de\/ru\/wp-json\/wp\/v2\/product"}],"about":[{"href":"https:\/\/www.ortungsgerate.de\/ru\/wp-json\/wp\/v2\/types\/product"}],"version-history":[{"count":0,"href":"https:\/\/www.ortungsgerate.de\/ru\/wp-json\/wp\/v2\/product\/26626\/revisions"}],"wp:featuredmedia":[{"embeddable":true,"href":"https:\/\/www.ortungsgerate.de\/ru\/wp-json\/wp\/v2\/media\/26627"}],"wp:attachment":[{"href":"https:\/\/www.ortungsgerate.de\/ru\/wp-json\/wp\/v2\/media?parent=26626"}],"wp:term":[{"taxonomy":"brand","embeddable":true,"href":"https:\/\/www.ortungsgerate.de\/ru\/wp-json\/wp\/v2\/etheme_brands?post=26626"},{"taxonomy":"product_brand","embeddable":true,"href":"https:\/\/www.ortungsgerate.de\/ru\/wp-json\/wp\/v2\/product_brand?post=26626"},{"taxonomy":"product_cat","embeddable":true,"href":"https:\/\/www.ortungsgerate.de\/ru\/wp-json\/wp\/v2\/product_cat?post=26626"},{"taxonomy":"product_tag","embeddable":true,"href":"https:\/\/www.ortungsgerate.de\/ru\/wp-json\/wp\/v2\/product_tag?post=26626"}],"curies":[{"name":"wp","href":"https:\/\/api.w.org\/{rel}","templated":true}]}}