{"id":26763,"date":"2025-03-28T09:07:54","date_gmt":"2025-03-28T07:07:54","guid":{"rendered":"https:\/\/ortungsgerate.de\/?post_type=product&#038;p=26763"},"modified":"2025-11-26T19:01:36","modified_gmt":"2025-11-26T17:01:36","slug":"zhenskaya-sumka-s-skrytoy-kameroy-4k-full-hd","status":"publish","type":"product","link":"https:\/\/www.ortungsgerate.de\/ru\/12-skrytyje-kamery\/17-zamaskirovanyje-kamery\/zhenskaya-sumka-s-skrytoy-kameroy-4k-full-hd\/","title":{"rendered":"\u0416\u0435\u043d\u0441\u043a\u0430\u044f \u0441\u0443\u043c\u043a\u0430 \u0441 \u0441\u043a\u0440\u044b\u0442\u043e\u0439 \u043a\u0430\u043c\u0435\u0440\u043e\u0439 4k Full HD"},"content":{"rendered":"<h3>\u0422\u0435\u0445\u043d\u0438\u0447\u0435\u0441\u043a\u0438\u0435<strong>\u00a0\u043f\u0430\u0440\u0430\u043c\u0435\u0442\u0440\u044b:<\/strong><\/h3>\n<ul>\n<li>\u0414\u0438\u0441\u0442\u0430\u043d\u0446\u0438\u043e\u043d\u043d\u043e\u0435 \u043d\u0430\u0431\u043b\u044e\u0434\u0435\u043d\u0438\u0435: \u0414\u0410<\/li>\n<li>\u0421\u0443\u043c\u043a\u0430 \u0438\u0437 \u0438\u0441\u043a\u0443\u0441\u0441\u0442\u0432\u0435\u043d\u043d\u043e\u0439 \u043a\u043e\u0436\u0438<\/li>\n<li>\u041a\u0430\u0440\u0442\u0430 \u043f\u0430\u043c\u044f\u0442\u0438 \u0432 \u043a\u043e\u043c\u043f\u043b\u0435\u043a\u0442\u0435 32GB<\/li>\n<li>\u0412\u0438\u0434\u0435\u043e \u0437\u0430\u043f\u0438\u0441\u044b\u0432\u0430\u0435\u0442\u0441\u044f \u0441\u043e \u0437\u0432\u0443\u043a\u043e\u043c<\/li>\n<li>\u041a\u0430\u0447\u0435\u0441\u0442\u0432\u043e \u0432\u0438\u0434\u0435\u043e: 4K FULL HD<\/li>\n<li>\u0412\u0438\u0434\u0435\u043e \u043c\u043e\u0436\u043d\u043e \u043f\u0440\u043e\u0441\u043c\u0430\u0442\u0440\u0438\u0432\u0430\u0442\u044c: \u0447\u0435\u0440\u0435\u0437 \u043f\u0440\u0438\u043b\u043e\u0436\u0435\u043d\u0438\u0435<\/li>\n<li>\u0412\u0440\u0435\u043c\u044f \u0437\u0430\u043f\u0438\u0441\u0438 \u043f\u0440\u0438 \u0438\u0441\u043f\u043e\u043b\u044c\u0437\u043e\u0432\u0430\u043d\u0438\u0438 \u0430\u043a\u043a\u0443\u043c\u0443\u043b\u044f\u0442\u043e\u0440\u0430: \u043e\u043a\u043e\u043b\u043e 2-3 \u0447\u0430\u0441\u043e\u0432<\/li>\n<li>\u0412\u043e\u0437\u043c\u043e\u0436\u043d\u043e\u0441\u0442\u044c \u043f\u043e\u0434\u043a\u043b\u044e\u0447\u0435\u043d\u0438\u044f \u043f\u0430\u0443\u044d\u0440\u0431\u0430\u043d\u043a\u0430, \u0432\u0440\u0435\u043c\u044f \u0440\u0430\u0431\u043e\u0442\u044b 24-100 \u0447\u0430\u0441\u043e\u0432<\/li>\n<li>\u0420\u0435\u0436\u0438\u043c \u043e\u0431\u043d\u0430\u0440\u0443\u0436\u0435\u043d\u0438\u044f \u0434\u0432\u0438\u0436\u0435\u043d\u0438\u044f: \u0414\u0410 (\u0446\u0438\u0444\u0440\u043e\u0432\u043e\u0439)<\/li>\n<li>\u0423\u0433\u043e\u043b \u043e\u0431\u0437\u043e\u0440\u0430: 110 \u00b0<\/li>\n<li>\u041f\u043e\u0434\u0434\u0435\u0440\u0436\u0438\u0432\u0430\u0435\u043c\u0430\u044f \u043a\u0430\u0440\u0442\u0430: 32 128 GB (\u043a\u0430\u0440\u0442\u0430 \u043d\u0435 \u0432 \u043a\u043e\u043c\u043f\u043b\u0435\u043a\u0442\u0435)<\/li>\n<li>1 \u0447\u0430\u0441 \u0432\u0438\u0434\u0435\u043e\u0437\u0430\u043f\u0438\u0441\u0438 \u0442\u0440\u0435\u0431\u0443\u0435\u0442 310MB<\/li>\n<li>\u041f\u043e\u0434\u0434\u0435\u0440\u0436\u0438\u0432\u0430\u0435\u043c\u044b\u0435 \u0441\u0438\u0441\u0442\u0435\u043c\u044b: \u201eiOS\u201c \u201eAndroid\u201c<\/li>\n<li>\u041f\u0440\u0438\u043b\u043e\u0436\u0435\u043d\u0438\u044f: Android \/ iPhone<\/li>\n<li>Wi-Fi-\u0441\u043e\u0435\u0434\u0438\u043d\u0435\u043d\u0438\u0435: IEEE802.11 b \/ g \/ n<\/li>\n<li>Akkukapazit\u00e4t: 2400 mAh<\/li>\n<li>\u0420\u0430\u0437\u043c\u0435\u0440\u044b \u0441\u0443\u043c\u043a\u0438: 200 \u043c\u043c x 200 \u043c\u043c x 140 \u043c\u043c x 80 \u043c\u043c<\/li>\n<li>\u0423\u043f\u0440\u0430\u0432\u043b\u0435\u043d\u0438\u0435 \u0437\u0430\u043f\u0438\u0441\u044c\u044e: \u0441 \u043b\u044e\u0431\u043e\u0433\u043e \u0443\u043c\u043d\u043e\u0433\u043e \u0443\u0441\u0442\u0440\u043e\u0439\u0441\u0442\u0432\u0430 (\u0442\u0435\u043b\u0435\u0444\u043e\u043d, \u043a\u043e\u043c\u043f\u044c\u044e\u0442\u0435\u0440 \u0438\u043b\u0438 \u043f\u043b\u0430\u043d\u0448\u0435\u0442).<\/li>\n<li><strong>\u0413\u0430\u0440\u0430\u043d\u0442\u0438\u044f 24 \u043c\u0435\u0441\u044f\u0446\u0430.<\/strong><\/li>\n<\/ul>\n<p>\u0418\u0441\u043f\u043e\u043b\u044c\u0437\u043e\u0432\u0430\u043d\u0438\u0435: \u0414\u043b\u044f \u0432\u0430\u0448\u0435\u0439 \u0431\u0435\u0437\u043e\u043f\u0430\u0441\u043d\u043e\u0441\u0442\u0438 \u0438 \u0431\u0435\u0437\u043e\u043f\u0430\u0441\u043d\u043e\u0441\u0442\u0438 \u0432\u0430\u0448\u0438\u0445 \u0434\u0435\u0442\u0435\u0439.<\/p>\n<p><span style=\"color: #d0121a;\"><strong><\/strong><\/span><\/p>\n<p class=\"\" data-start=\"31\" data-end=\"104\"><strong data-start=\"31\" data-end=\"102\">\u0416\u0435\u043d\u0441\u043a\u0430\u044f \u0441\u0443\u043c\u043a\u0430 \u0441 \u0441\u043a\u0440\u044b\u0442\u043e\u0439 \u043a\u0430\u043c\u0435\u0440\u043e\u0439 \u2013 \u0441\u0442\u0438\u043b\u044c\u043d\u0430\u044f \u0438 \u0443\u043c\u043d\u0430\u044f \u0437\u0430\u0449\u0438\u0442\u0430<\/strong><\/p>\n<p class=\"\" data-start=\"106\" data-end=\"432\">\u042d\u0442\u0430 \u044d\u043b\u0435\u0433\u0430\u043d\u0442\u043d\u0430\u044f \u0436\u0435\u043d\u0441\u043a\u0430\u044f \u0441\u0443\u043c\u043a\u0430 \u0438\u0437 \u0432\u044b\u0441\u043e\u043a\u043e\u043a\u0430\u0447\u0435\u0441\u0442\u0432\u0435\u043d\u043d\u043e\u0439 \u0438\u0441\u043a\u0443\u0441\u0441\u0442\u0432\u0435\u043d\u043d\u043e\u0439 \u043a\u043e\u0436\u0438 \u043d\u0435 \u0442\u043e\u043b\u044c\u043a\u043e \u0434\u043e\u043f\u043e\u043b\u043d\u044f\u0435\u0442 \u0432\u0430\u0448 \u0432\u043d\u0435\u0448\u043d\u0438\u0439 \u0432\u0438\u0434, \u043d\u043e \u0438 \u043f\u043e\u0437\u0432\u043e\u043b\u044f\u0435\u0442 \u043d\u0435\u0437\u0430\u043c\u0435\u0442\u043d\u043e \u043d\u0430\u0431\u043b\u044e\u0434\u0430\u0442\u044c \u0437\u0430 \u043e\u043a\u0440\u0443\u0436\u0430\u044e\u0449\u0435\u0439 \u0441\u0440\u0435\u0434\u043e\u0439. \u0412\u0441\u0442\u0440\u043e\u0435\u043d\u043d\u0430\u044f \u0441\u043a\u0440\u044b\u0442\u0430\u044f \u043a\u0430\u043c\u0435\u0440\u0430 \u0437\u0430\u043f\u0438\u0441\u044b\u0432\u0430\u0435\u0442 \u0432\u0438\u0434\u0435\u043e \u0432 \u0432\u044b\u0441\u043e\u043a\u043e\u043c \u0440\u0430\u0437\u0440\u0435\u0448\u0435\u043d\u0438\u0438 4K FULL HD \u0441\u043e \u0437\u0432\u0443\u043a\u043e\u043c, \u0430 \u0443\u0434\u0430\u043b\u0435\u043d\u043d\u044b\u0439 \u043c\u043e\u043d\u0438\u0442\u043e\u0440\u0438\u043d\u0433 \u043f\u043e\u0437\u0432\u043e\u043b\u044f\u0435\u0442 \u0432\u0438\u0434\u0435\u0442\u044c \u0438\u0437\u043e\u0431\u0440\u0430\u0436\u0435\u043d\u0438\u0435 \u0432 \u0440\u0435\u0430\u043b\u044c\u043d\u043e\u043c \u0432\u0440\u0435\u043c\u0435\u043d\u0438 \u043f\u0440\u044f\u043c\u043e \u0447\u0435\u0440\u0435\u0437 \u0438\u043d\u0442\u0435\u043b\u043b\u0435\u043a\u0442\u0443\u0430\u043b\u044c\u043d\u043e\u0435 \u043f\u0440\u0438\u043b\u043e\u0436\u0435\u043d\u0438\u0435.<\/p>\n<p class=\"\" data-start=\"434\" data-end=\"1031\">\ud83d\udd39 <strong data-start=\"437\" data-end=\"463\">\u0422\u0435\u0445\u043d\u0438\u0447\u0435\u0441\u043a\u0438\u0435 \u043f\u0430\u0440\u0430\u043c\u0435\u0442\u0440\u044b:<\/strong><br data-start=\"463\" data-end=\"466\" \/>\u2714 <strong data-start=\"468\" data-end=\"491\">\u0414\u0438\u0441\u0442\u0430\u043d\u0446\u0438\u043e\u043d\u043d\u043e\u0435 \u043d\u0430\u0431\u043b\u044e\u0434\u0435\u043d\u0438\u0435:<\/strong> \u0414\u0410<br data-start=\"496\" data-end=\"499\" \/>\u2714 <strong data-start=\"501\" data-end=\"523\">\u041a\u0430\u0440\u0442\u0430 \u043f\u0430\u043c\u044f\u0442\u0438:<\/strong> 32GB \u0432 \u043a\u043e\u043c\u043f\u043b\u0435\u043a\u0442\u0435 (\u043f\u043e\u0434\u0434\u0435\u0440\u0436\u0438\u0432\u0430\u0435\u0442 \u0434\u043e 128GB)<br data-start=\"560\" data-end=\"563\" \/>\u2714 <strong data-start=\"565\" data-end=\"583\">Videoqualit\u00e4t:<\/strong> 4K FULL HD<br data-start=\"594\" data-end=\"597\" \/>\u2714 <strong data-start=\"599\" data-end=\"627\">\u041c\u043e\u043d\u0438\u0442\u043e\u0440\u0438\u043d\u0433 \u0447\u0435\u0440\u0435\u0437 \u043f\u0440\u0438\u043b\u043e\u0436\u0435\u043d\u0438\u0435:<\/strong> iOS \/ Android<br data-start=\"641\" data-end=\"644\" \/>\u2714 <strong data-start=\"646\" data-end=\"677\">\u041f\u0440\u043e\u0434\u043e\u043b\u0436\u0438\u0442\u0435\u043b\u044c\u043d\u043e\u0441\u0442\u044c \u0437\u0430\u043f\u0438\u0441\u0438 \u0441 \u0430\u043a\u043a\u0443\u043c\u0443\u043b\u044f\u0442\u043e\u0440\u043e\u043c:<\/strong> 2\u20133 \u0447\u0430\u0441\u0430 (\u0432\u043e\u0437\u043c\u043e\u0436\u043d\u043e\u0441\u0442\u044c \u043f\u043e\u0434\u043a\u043b\u044e\u0447\u0435\u043d\u0438\u044f Powerbank \u2013 \u0432\u0440\u0435\u043c\u044f \u0440\u0430\u0431\u043e\u0442\u044b \u0434\u043e 100 \u0447\u0430\u0441\u043e\u0432)<br data-start=\"749\" data-end=\"752\" \/>\u2714 <strong data-start=\"754\" data-end=\"783\">\u0420\u0435\u0436\u0438\u043c \u043e\u0431\u043d\u0430\u0440\u0443\u0436\u0435\u043d\u0438\u044f \u0434\u0432\u0438\u0436\u0435\u043d\u0438\u044f:<\/strong> \u0414\u0410<br data-start=\"788\" data-end=\"791\" \/>\u2714 <strong data-start=\"793\" data-end=\"814\">\u0423\u0433\u043e\u043b \u043e\u0431\u0437\u043e\u0440\u0430:<\/strong> 110\u00b0<br data-start=\"819\" data-end=\"822\" \/>\u2714 <strong data-start=\"824\" data-end=\"842\">Wi-Fi-\u0441\u043e\u0435\u0434\u0438\u043d\u0435\u043d\u0438\u0435:<\/strong> IEEE802.11 b\/g\/n<br data-start=\"859\" data-end=\"862\" \/>\u2714 <strong data-start=\"864\" data-end=\"884\">\u0415\u043c\u043a\u043e\u0441\u0442\u044c \u0430\u043a\u043a\u0443\u043c\u0443\u043b\u044f\u0442\u043e\u0440\u0430:<\/strong> 2400 \u043c\u0410\u0447<br data-start=\"893\" data-end=\"896\" \/>\u2714 <strong data-start=\"898\" data-end=\"921\">\u0420\u0430\u0437\u043c\u0435\u0440\u044b \u0441\u0443\u043c\u043a\u0438:<\/strong> 200 \u043c\u043c x 200 \u043c\u043c x 140 \u043c\u043c x 80 \u043c\u043c<br data-start=\"954\" data-end=\"957\" \/>\u2714 <strong data-start=\"959\" data-end=\"980\">\u0423\u043f\u0440\u0430\u0432\u043b\u0435\u043d\u0438\u0435 \u0437\u0430\u043f\u0438\u0441\u044c\u044e:<\/strong> \u0447\u0435\u0440\u0435\u0437 \u0442\u0435\u043b\u0435\u0444\u043e\u043d, \u043a\u043e\u043c\u043f\u044c\u044e\u0442\u0435\u0440 \u0438\u043b\u0438 \u043f\u043b\u0430\u043d\u0448\u0435\u0442<\/p>\n<p class=\"\" data-start=\"1033\" data-end=\"1172\">\u042d\u0442\u0430 \u0441\u0443\u043c\u043a\u0430 \u2014 \u0438\u0434\u0435\u0430\u043b\u044c\u043d\u044b\u0439 \u0432\u044b\u0431\u043e\u0440 \u0434\u043b\u044f \u0442\u0435\u0445, \u043a\u0442\u043e \u0445\u043e\u0447\u0435\u0442 \u0441\u0442\u0438\u043b\u044c\u043d\u043e \u0437\u0430\u0449\u0438\u0442\u0438\u0442\u044c \u0441\u0432\u043e\u0438 \u0432\u0435\u0449\u0438 \u0438 \u043a\u043e\u043d\u0442\u0440\u043e\u043b\u0438\u0440\u043e\u0432\u0430\u0442\u044c \u043e\u043a\u0440\u0443\u0436\u0430\u044e\u0449\u0443\u044e \u0441\u0440\u0435\u0434\u0443 \u0432 \u043b\u044e\u0431\u043e\u0435 \u0432\u0440\u0435\u043c\u044f \u0438 \u0432 \u043b\u044e\u0431\u043e\u043c \u043c\u0435\u0441\u0442\u0435.<\/p>","protected":false},"excerpt":{"rendered":"<p>Technische\u00a0Parameter: Fern\u00fcberwachung: JA Kunstleder-Handtasche Speicherkarte im Lieferumfang 32GB Video wird mit Ton aufgenommen Videoqualit\u00e4t: 4K FULL HD Videos k\u00f6nnen angesehen werden: \u00fcber die App Aufzeichnungsdauer&#8230;<\/p>","protected":false},"featured_media":26769,"template":"","meta":[],"etheme_brands":[],"product_brand":[],"product_cat":[204,203,205],"product_tag":[726,725,687,692,689,688,690,693],"class_list":{"0":"post-26763","1":"product","2":"type-product","3":"status-publish","4":"has-post-thumbnail","6":"product_cat-17-getarnte-kameras","7":"product_cat-12-versteckte-kameras","8":"product_cat-27-wlan-minikameras","9":"product_tag-geheime-ueberwachungskamera","10":"product_tag-kamera-fuer-pruefungen","11":"product_tag-kamera-zur-ueberwachung","12":"product_tag-schneidekamera","13":"product_tag-sicherheitskamera","14":"product_tag-tarnkappen-kamera","15":"product_tag-versteckte-kamera","16":"product_tag-wlan-kamera","17":"pa_typ-brieftaschen-handtaschen","19":"first","20":"instock","21":"taxable","22":"shipping-taxable","23":"purchasable","24":"product-type-simple"},"yoast_head":"<!-- This site is optimized with the Yoast SEO Premium plugin v25.9 (Yoast SEO v27.4) - https:\/\/yoast.com\/product\/yoast-seo-premium-wordpress\/ -->\n<title>Damentasche mit versteckter Kamera 4k Full HD<\/title>\n<meta name=\"description\" content=\"Rucksack mit versteckter Kamera. FullHD 4k Videoqualit\u00e4t. Besonders einfach zu bedienen, M\u00f6glichkeit, das Bild aus der Ferne zu sehen. Kostenloser Versand innerhalb von 1 Arbeitstag.\" \/>\n<meta name=\"robots\" content=\"index, follow, max-snippet:-1, max-image-preview:large, max-video-preview:-1\" \/>\n<link rel=\"canonical\" href=\"https:\/\/www.ortungsgerate.de\/ru\/12-skrytyje-kamery\/27-wlan-mini-kamery\/zhenskaya-sumka-s-skrytoy-kameroy-4k-full-hd\/\" \/>\n<meta property=\"og:locale\" content=\"ru_RU\" \/>\n<meta property=\"og:type\" content=\"article\" \/>\n<meta property=\"og:title\" content=\"Damenhandtasche mit versteckter Kamera 4k Full HD\" \/>\n<meta property=\"og:description\" content=\"Rucksack mit versteckter Kamera. FullHD 4k Videoqualit\u00e4t. Besonders einfach zu bedienen, M\u00f6glichkeit, das Bild aus der Ferne zu sehen. Kostenloser Versand innerhalb von 1 Arbeitstag.\" \/>\n<meta property=\"og:url\" content=\"https:\/\/www.ortungsgerate.de\/ru\/12-skrytyje-kamery\/27-wlan-mini-kamery\/zhenskaya-sumka-s-skrytoy-kameroy-4k-full-hd\/\" \/>\n<meta property=\"og:site_name\" content=\"Ortungsger\u00e4te.de\" \/>\n<meta property=\"article:modified_time\" content=\"2025-11-26T17:01:36+00:00\" \/>\n<meta property=\"og:image\" content=\"https:\/\/www.ortungsgerate.de\/wp-content\/uploads\/slapta-kamera-moteriskas-rankinukas.jpg\" \/>\n\t<meta property=\"og:image:width\" content=\"800\" \/>\n\t<meta property=\"og:image:height\" content=\"800\" \/>\n\t<meta property=\"og:image:type\" content=\"image\/jpeg\" \/>\n<meta name=\"twitter:card\" content=\"summary_large_image\" \/>\n<meta name=\"twitter:label1\" content=\"\u041f\u0440\u0438\u043c\u0435\u0440\u043d\u043e\u0435 \u0432\u0440\u0435\u043c\u044f \u0434\u043b\u044f \u0447\u0442\u0435\u043d\u0438\u044f\" \/>\n\t<meta name=\"twitter:data1\" content=\"2 \u043c\u0438\u043d\u0443\u0442\u044b\" \/>\n<script type=\"application\/ld+json\" class=\"yoast-schema-graph\">{\"@context\":\"https:\\\/\\\/schema.org\",\"@graph\":[{\"@type\":\"WebPage\",\"@id\":\"https:\\\/\\\/www.ortungsgerate.de\\\/12-versteckte-kameras\\\/27-wlan-minikameras\\\/damenhandtasche-mit-versteckter-kamera-4k-full-hd\\\/\",\"url\":\"https:\\\/\\\/www.ortungsgerate.de\\\/12-versteckte-kameras\\\/27-wlan-minikameras\\\/damenhandtasche-mit-versteckter-kamera-4k-full-hd\\\/\",\"name\":\"Damentasche mit versteckter Kamera 4k Full HD\",\"isPartOf\":{\"@id\":\"https:\\\/\\\/www.ortungsgerate.de\\\/#website\"},\"primaryImageOfPage\":{\"@id\":\"https:\\\/\\\/www.ortungsgerate.de\\\/12-versteckte-kameras\\\/27-wlan-minikameras\\\/damenhandtasche-mit-versteckter-kamera-4k-full-hd\\\/#primaryimage\"},\"image\":{\"@id\":\"https:\\\/\\\/www.ortungsgerate.de\\\/12-versteckte-kameras\\\/27-wlan-minikameras\\\/damenhandtasche-mit-versteckter-kamera-4k-full-hd\\\/#primaryimage\"},\"thumbnailUrl\":\"https:\\\/\\\/www.ortungsgerate.de\\\/wp-content\\\/uploads\\\/slapta-kamera-moteriskas-rankinukas.jpg\",\"datePublished\":\"2025-03-28T07:07:54+00:00\",\"dateModified\":\"2025-11-26T17:01:36+00:00\",\"description\":\"Rucksack mit versteckter Kamera. FullHD 4k Videoqualit\u00e4t. Besonders einfach zu bedienen, M\u00f6glichkeit, das Bild aus der Ferne zu sehen. Kostenloser Versand innerhalb von 1 Arbeitstag.\",\"breadcrumb\":{\"@id\":\"https:\\\/\\\/www.ortungsgerate.de\\\/12-versteckte-kameras\\\/27-wlan-minikameras\\\/damenhandtasche-mit-versteckter-kamera-4k-full-hd\\\/#breadcrumb\"},\"inLanguage\":\"ru-RU\",\"potentialAction\":[{\"@type\":\"ReadAction\",\"target\":[\"https:\\\/\\\/www.ortungsgerate.de\\\/12-versteckte-kameras\\\/27-wlan-minikameras\\\/damenhandtasche-mit-versteckter-kamera-4k-full-hd\\\/\"]}]},{\"@type\":\"ImageObject\",\"inLanguage\":\"ru-RU\",\"@id\":\"https:\\\/\\\/www.ortungsgerate.de\\\/12-versteckte-kameras\\\/27-wlan-minikameras\\\/damenhandtasche-mit-versteckter-kamera-4k-full-hd\\\/#primaryimage\",\"url\":\"https:\\\/\\\/www.ortungsgerate.de\\\/wp-content\\\/uploads\\\/slapta-kamera-moteriskas-rankinukas.jpg\",\"contentUrl\":\"https:\\\/\\\/www.ortungsgerate.de\\\/wp-content\\\/uploads\\\/slapta-kamera-moteriskas-rankinukas.jpg\",\"width\":800,\"height\":800,\"caption\":\"versteckte Kamera Damenhandtasche\"},{\"@type\":\"BreadcrumbList\",\"@id\":\"https:\\\/\\\/www.ortungsgerate.de\\\/12-versteckte-kameras\\\/27-wlan-minikameras\\\/damenhandtasche-mit-versteckter-kamera-4k-full-hd\\\/#breadcrumb\",\"itemListElement\":[{\"@type\":\"ListItem\",\"position\":1,\"name\":\"Startseite\",\"item\":\"https:\\\/\\\/www.ortungsgerate.de\\\/\"},{\"@type\":\"ListItem\",\"position\":2,\"name\":\"Shop\",\"item\":\"https:\\\/\\\/www.ortungsgerate.de\\\/shop\\\/\"},{\"@type\":\"ListItem\",\"position\":3,\"name\":\"Damenhandtasche mit versteckter Kamera 4k Full HD\"}]},{\"@type\":\"WebSite\",\"@id\":\"https:\\\/\\\/www.ortungsgerate.de\\\/#website\",\"url\":\"https:\\\/\\\/www.ortungsgerate.de\\\/\",\"name\":\"Ortungsgerate.de\",\"description\":\"\",\"publisher\":{\"@id\":\"https:\\\/\\\/www.ortungsgerate.de\\\/#organization\"},\"potentialAction\":[{\"@type\":\"SearchAction\",\"target\":{\"@type\":\"EntryPoint\",\"urlTemplate\":\"https:\\\/\\\/www.ortungsgerate.de\\\/?s={search_term_string}\"},\"query-input\":{\"@type\":\"PropertyValueSpecification\",\"valueRequired\":true,\"valueName\":\"search_term_string\"}}],\"inLanguage\":\"ru-RU\"},{\"@type\":\"Organization\",\"@id\":\"https:\\\/\\\/www.ortungsgerate.de\\\/#organization\",\"name\":\"Ortungsgerate.de\",\"url\":\"https:\\\/\\\/www.ortungsgerate.de\\\/\",\"logo\":{\"@type\":\"ImageObject\",\"inLanguage\":\"ru-RU\",\"@id\":\"https:\\\/\\\/www.ortungsgerate.de\\\/#\\\/schema\\\/logo\\\/image\\\/\",\"url\":\"https:\\\/\\\/www.ortungsgerate.de\\\/wp-content\\\/uploads\\\/ortungsgerate.png\",\"contentUrl\":\"https:\\\/\\\/www.ortungsgerate.de\\\/wp-content\\\/uploads\\\/ortungsgerate.png\",\"width\":500,\"height\":135,\"caption\":\"Ortungsgerate.de\"},\"image\":{\"@id\":\"https:\\\/\\\/www.ortungsgerate.de\\\/#\\\/schema\\\/logo\\\/image\\\/\"}}]}<\/script>\n<!-- \/ Yoast SEO Premium plugin. -->","yoast_head_json":{"title":"\u0416\u0435\u043d\u0441\u043a\u0430\u044f \u0441\u0443\u043c\u043a\u0430 \u0441 \u0441\u043a\u0440\u044b\u0442\u043e\u0439 \u043a\u0430\u043c\u0435\u0440\u043e\u0439 4k Full HD","description":"\u0420\u044e\u043a\u0437\u0430\u043a \u0441 \u0441\u043a\u0440\u044b\u0442\u043e\u0439 \u043a\u0430\u043c\u0435\u0440\u043e\u0439. FullHD 4k \u043a\u0430\u0447\u0435\u0441\u0442\u0432\u043e \u0432\u0438\u0434\u0435\u043e. \u041e\u0441\u043e\u0431\u0435\u043d\u043d\u043e \u043f\u0440\u043e\u0441\u0442 \u0432 \u0438\u0441\u043f\u043e\u043b\u044c\u0437\u043e\u0432\u0430\u043d\u0438\u0438, \u0432\u043e\u0437\u043c\u043e\u0436\u043d\u043e\u0441\u0442\u044c \u0443\u0434\u0430\u043b\u0435\u043d\u043d\u043e\u0433\u043e \u043f\u0440\u043e\u0441\u043c\u043e\u0442\u0440\u0430 \u0438\u0437\u043e\u0431\u0440\u0430\u0436\u0435\u043d\u0438\u044f. \u0411\u0435\u0441\u043f\u043b\u0430\u0442\u043d\u0430\u044f \u0434\u043e\u0441\u0442\u0430\u0432\u043a\u0430 \u0432 \u0442\u0435\u0447\u0435\u043d\u0438\u0435 1 \u0440\u0430\u0431\u043e\u0447\u0435\u0433\u043e \u0434\u043d\u044f.","robots":{"index":"index","follow":"follow","max-snippet":"max-snippet:-1","max-image-preview":"max-image-preview:large","max-video-preview":"max-video-preview:-1"},"canonical":"https:\/\/www.ortungsgerate.de\/ru\/12-skrytyje-kamery\/27-wlan-mini-kamery\/zhenskaya-sumka-s-skrytoy-kameroy-4k-full-hd\/","og_locale":"ru_RU","og_type":"article","og_title":"Damenhandtasche mit versteckter Kamera 4k Full HD","og_description":"Rucksack mit versteckter Kamera. FullHD 4k Videoqualit\u00e4t. Besonders einfach zu bedienen, M\u00f6glichkeit, das Bild aus der Ferne zu sehen. Kostenloser Versand innerhalb von 1 Arbeitstag.","og_url":"https:\/\/www.ortungsgerate.de\/ru\/12-skrytyje-kamery\/27-wlan-mini-kamery\/zhenskaya-sumka-s-skrytoy-kameroy-4k-full-hd\/","og_site_name":"Ortungsger\u00e4te.de","article_modified_time":"2025-11-26T17:01:36+00:00","og_image":[{"width":800,"height":800,"url":"https:\/\/www.ortungsgerate.de\/wp-content\/uploads\/slapta-kamera-moteriskas-rankinukas.jpg","type":"image\/jpeg"}],"twitter_card":"summary_large_image","twitter_misc":{"\u041f\u0440\u0438\u043c\u0435\u0440\u043d\u043e\u0435 \u0432\u0440\u0435\u043c\u044f \u0434\u043b\u044f \u0447\u0442\u0435\u043d\u0438\u044f":"2 \u043c\u0438\u043d\u0443\u0442\u044b"},"schema":{"@context":"https:\/\/schema.org","@graph":[{"@type":"WebPage","@id":"https:\/\/www.ortungsgerate.de\/12-versteckte-kameras\/27-wlan-minikameras\/damenhandtasche-mit-versteckter-kamera-4k-full-hd\/","url":"https:\/\/www.ortungsgerate.de\/12-versteckte-kameras\/27-wlan-minikameras\/damenhandtasche-mit-versteckter-kamera-4k-full-hd\/","name":"\u0416\u0435\u043d\u0441\u043a\u0430\u044f \u0441\u0443\u043c\u043a\u0430 \u0441 \u0441\u043a\u0440\u044b\u0442\u043e\u0439 \u043a\u0430\u043c\u0435\u0440\u043e\u0439 4k Full HD","isPartOf":{"@id":"https:\/\/www.ortungsgerate.de\/#website"},"primaryImageOfPage":{"@id":"https:\/\/www.ortungsgerate.de\/12-versteckte-kameras\/27-wlan-minikameras\/damenhandtasche-mit-versteckter-kamera-4k-full-hd\/#primaryimage"},"image":{"@id":"https:\/\/www.ortungsgerate.de\/12-versteckte-kameras\/27-wlan-minikameras\/damenhandtasche-mit-versteckter-kamera-4k-full-hd\/#primaryimage"},"thumbnailUrl":"https:\/\/www.ortungsgerate.de\/wp-content\/uploads\/slapta-kamera-moteriskas-rankinukas.jpg","datePublished":"2025-03-28T07:07:54+00:00","dateModified":"2025-11-26T17:01:36+00:00","description":"\u0420\u044e\u043a\u0437\u0430\u043a \u0441 \u0441\u043a\u0440\u044b\u0442\u043e\u0439 \u043a\u0430\u043c\u0435\u0440\u043e\u0439. FullHD 4k \u043a\u0430\u0447\u0435\u0441\u0442\u0432\u043e \u0432\u0438\u0434\u0435\u043e. \u041e\u0441\u043e\u0431\u0435\u043d\u043d\u043e \u043f\u0440\u043e\u0441\u0442 \u0432 \u0438\u0441\u043f\u043e\u043b\u044c\u0437\u043e\u0432\u0430\u043d\u0438\u0438, \u0432\u043e\u0437\u043c\u043e\u0436\u043d\u043e\u0441\u0442\u044c \u0443\u0434\u0430\u043b\u0435\u043d\u043d\u043e\u0433\u043e \u043f\u0440\u043e\u0441\u043c\u043e\u0442\u0440\u0430 \u0438\u0437\u043e\u0431\u0440\u0430\u0436\u0435\u043d\u0438\u044f. \u0411\u0435\u0441\u043f\u043b\u0430\u0442\u043d\u0430\u044f \u0434\u043e\u0441\u0442\u0430\u0432\u043a\u0430 \u0432 \u0442\u0435\u0447\u0435\u043d\u0438\u0435 1 \u0440\u0430\u0431\u043e\u0447\u0435\u0433\u043e \u0434\u043d\u044f.","breadcrumb":{"@id":"https:\/\/www.ortungsgerate.de\/12-versteckte-kameras\/27-wlan-minikameras\/damenhandtasche-mit-versteckter-kamera-4k-full-hd\/#breadcrumb"},"inLanguage":"ru-RU","potentialAction":[{"@type":"ReadAction","target":["https:\/\/www.ortungsgerate.de\/12-versteckte-kameras\/27-wlan-minikameras\/damenhandtasche-mit-versteckter-kamera-4k-full-hd\/"]}]},{"@type":"ImageObject","inLanguage":"ru-RU","@id":"https:\/\/www.ortungsgerate.de\/12-versteckte-kameras\/27-wlan-minikameras\/damenhandtasche-mit-versteckter-kamera-4k-full-hd\/#primaryimage","url":"https:\/\/www.ortungsgerate.de\/wp-content\/uploads\/slapta-kamera-moteriskas-rankinukas.jpg","contentUrl":"https:\/\/www.ortungsgerate.de\/wp-content\/uploads\/slapta-kamera-moteriskas-rankinukas.jpg","width":800,"height":800,"caption":"versteckte Kamera Damenhandtasche"},{"@type":"BreadcrumbList","@id":"https:\/\/www.ortungsgerate.de\/12-versteckte-kameras\/27-wlan-minikameras\/damenhandtasche-mit-versteckter-kamera-4k-full-hd\/#breadcrumb","itemListElement":[{"@type":"ListItem","position":1,"name":"Startseite","item":"https:\/\/www.ortungsgerate.de\/"},{"@type":"ListItem","position":2,"name":"Shop","item":"https:\/\/www.ortungsgerate.de\/shop\/"},{"@type":"ListItem","position":3,"name":"Damenhandtasche mit versteckter Kamera 4k Full HD"}]},{"@type":"WebSite","@id":"https:\/\/www.ortungsgerate.de\/#website","url":"https:\/\/www.ortungsgerate.de\/","name":"Ortungsgerate.de","description":"","publisher":{"@id":"https:\/\/www.ortungsgerate.de\/#organization"},"potentialAction":[{"@type":"SearchAction","target":{"@type":"EntryPoint","urlTemplate":"https:\/\/www.ortungsgerate.de\/?s={search_term_string}"},"query-input":{"@type":"PropertyValueSpecification","valueRequired":true,"valueName":"search_term_string"}}],"inLanguage":"ru-RU"},{"@type":"Organization","@id":"https:\/\/www.ortungsgerate.de\/#organization","name":"Ortungsgerate.de","url":"https:\/\/www.ortungsgerate.de\/","logo":{"@type":"ImageObject","inLanguage":"ru-RU","@id":"https:\/\/www.ortungsgerate.de\/#\/schema\/logo\/image\/","url":"https:\/\/www.ortungsgerate.de\/wp-content\/uploads\/ortungsgerate.png","contentUrl":"https:\/\/www.ortungsgerate.de\/wp-content\/uploads\/ortungsgerate.png","width":500,"height":135,"caption":"Ortungsgerate.de"},"image":{"@id":"https:\/\/www.ortungsgerate.de\/#\/schema\/logo\/image\/"}}]}},"_links":{"self":[{"href":"https:\/\/www.ortungsgerate.de\/ru\/wp-json\/wp\/v2\/product\/26763","targetHints":{"allow":["GET"]}}],"collection":[{"href":"https:\/\/www.ortungsgerate.de\/ru\/wp-json\/wp\/v2\/product"}],"about":[{"href":"https:\/\/www.ortungsgerate.de\/ru\/wp-json\/wp\/v2\/types\/product"}],"version-history":[{"count":0,"href":"https:\/\/www.ortungsgerate.de\/ru\/wp-json\/wp\/v2\/product\/26763\/revisions"}],"wp:featuredmedia":[{"embeddable":true,"href":"https:\/\/www.ortungsgerate.de\/ru\/wp-json\/wp\/v2\/media\/26769"}],"wp:attachment":[{"href":"https:\/\/www.ortungsgerate.de\/ru\/wp-json\/wp\/v2\/media?parent=26763"}],"wp:term":[{"taxonomy":"brand","embeddable":true,"href":"https:\/\/www.ortungsgerate.de\/ru\/wp-json\/wp\/v2\/etheme_brands?post=26763"},{"taxonomy":"product_brand","embeddable":true,"href":"https:\/\/www.ortungsgerate.de\/ru\/wp-json\/wp\/v2\/product_brand?post=26763"},{"taxonomy":"product_cat","embeddable":true,"href":"https:\/\/www.ortungsgerate.de\/ru\/wp-json\/wp\/v2\/product_cat?post=26763"},{"taxonomy":"product_tag","embeddable":true,"href":"https:\/\/www.ortungsgerate.de\/ru\/wp-json\/wp\/v2\/product_tag?post=26763"}],"curies":[{"name":"wp","href":"https:\/\/api.w.org\/{rel}","templated":true}]}}