{"id":26775,"date":"2025-03-28T10:02:23","date_gmt":"2025-03-28T08:02:23","guid":{"rendered":"https:\/\/ortungsgerate.de\/?post_type=product&#038;p=26775"},"modified":"2025-12-01T11:26:01","modified_gmt":"2025-12-01T10:26:01","slug":"datchik-dyma-s-detektorom-skrytaya-kamera-wifi-full-hd-razreshenie","status":"publish","type":"product","link":"https:\/\/www.ortungsgerate.de\/ru\/12-skrytyje-kamery\/17-zamaskirovanyje-kamery\/datchik-dyma-s-detektorom-skrytaya-kamera-wifi-full-hd-razreshenie\/","title":{"rendered":"\u0414\u0430\u0442\u0447\u0438\u043a \u0434\u044b\u043c\u0430 \u0441 \u0434\u0435\u0442\u0435\u043a\u0442\u043e\u0440\u043e\u043c \u0441\u043a\u0440\u044b\u0442\u0430\u044f \u043a\u0430\u043c\u0435\u0440\u0430 WiFi Full HD \u0440\u0430\u0437\u0440\u0435\u0448\u0435\u043d\u0438\u0435"},"content":{"rendered":"<h3><span style=\"color: #d0121a;\"><strong>Live-\u00dcberwachung von jedem Ort der Welt aus m\u00f6glich<\/strong><\/span><\/h3>\n<h3><strong>\u0422\u0435\u0445\u043d\u0438\u0447\u0435\u0441\u043a\u0438\u0435 \u0434\u0430\u043d\u043d\u044b\u0435:<\/strong><\/h3>\n<ul>\n<li>\u0414\u0438\u0441\u0442\u0430\u043d\u0446\u0438\u043e\u043d\u043d\u043e\u0435 \u043d\u0430\u0431\u043b\u044e\u0434\u0435\u043d\u0438\u0435: \u0414\u0410<\/li>\n<li>Videoaufnahme mit Ton<\/li>\n<li>Videoqualit\u00e4t: Vorschau: HD<\/li>\n<li>Objektiv: 90 Grad<\/li>\n<li>Videoaufnahme: 1 Std. 360 MB<\/li>\n<li>Bilder pro Sekunde: 20FPS<\/li>\n<li>Video\u00fcberwachung: Mit Handy oder Computer (live online)<\/li>\n<li>Kartenunterst\u00fctzung: von 16GB bis 64GB (Karte nicht im Lieferumfang enthalten)<\/li>\n<li>Betriebszeit mit Akku: etwa 1 bis 3 Stunden \u2013 bei Netzbetrieb 24\/7<\/li>\n<li>Akkukapazit\u00e4t: 3000 mAh f\u00fcr 1 bis 3 Stunden.<\/li>\n<li>\u041e\u0431\u043d\u0430\u0440\u0443\u0436\u0435\u043d\u0438\u0435 \u0434\u0432\u0438\u0436\u0435\u043d\u0438\u044f: \u0414\u0410, \u0446\u0438\u0444\u0440\u043e\u0432\u043e\u0435<\/li>\n<li>\u0424\u043e\u0440\u043c\u0430\u0442 \u0441\u0436\u0430\u0442\u0438\u044f: AVI H.264<\/li>\n<li>\u0412\u0438\u0434\u0435\u043e \u0444\u043e\u0440\u043c\u0430\u0442: Avi<\/li>\n<li>Mobile App: \u201eiOS\u201d, \u201eAndroid\u201d<\/li>\n<li>\u041f\u0438\u0442\u0430\u043d\u0438\u0435: \u0432\u043d\u0443\u0442\u0440\u0435\u043d\u043d\u044f\u044f \u0438\u043b\u0438 \u0432\u043d\u0435\u0448\u043d\u044f\u044f \u0431\u0430\u0442\u0430\u0440\u0435\u044f; \u0440\u0430\u0437\u044a\u0435\u043c \u043f\u0438\u0442\u0430\u043d\u0438\u044f 5V<\/li>\n<li>Wi-Fi: Vorhanden<\/li>\n<li>Abmessungen: 303 mm x 115,6 mm<\/li>\n<li><strong>\u0413\u0410\u0420\u0410\u041d\u0422\u0418\u042f 12 \u043c\u0435\u0441\u044f\u0446\u0435\u0432.<\/strong><\/li>\n<\/ul>\n<p><span style=\"color: #d0121a;\"><\/span><\/p>\n<p><span style=\"color: #000000;\"><strong>Verwendung:<\/strong> F\u00fcr Ihre Sicherheit und die Ihrer Kinder.<\/span><\/p>\n<p class=\"\" data-start=\"0\" data-end=\"70\"><strong data-start=\"0\" data-end=\"68\">Rauchmelder mit versteckter Kamera \u2013 unauff\u00e4lliger und effektiver Schutz<\/strong><\/p>\n<p class=\"\" data-start=\"72\" data-end=\"195\">Der Rauchmelder mit versteckter Kamera ist eine hervorragende L\u00f6sung zum Schutz von Zuhause, B\u00fcro oder anderen R\u00e4umen. Deshalb sollten Sie ihn verwenden:<\/p>\n<p class=\"\" data-start=\"197\" data-end=\"925\">\ud83d\udd39 <strong data-start=\"200\" data-end=\"225\">Unauff\u00e4lliges Design<\/strong> \u2013 sieht aus wie ein gew\u00f6hnlicher Rauchmelder, sodass niemand vermutet, dass der Raum \u00fcberwacht wird.<br data-start=\"306\" data-end=\"309\" \/>\ud83d\udd39 <strong data-start=\"312\" data-end=\"336\" data-is-only-node=\"\">Weitwinkel\u00fcberwachung<\/strong> \u2013 hoch montierter Sensor erm\u00f6glicht es, einen gr\u00f6\u00dferen \u00dcberwachungsbereich zu erfassen und mehr Raum zu sehen.<br data-start=\"431\" data-end=\"434\" \/>\ud83d\udd39 <strong data-start=\"437\" data-end=\"458\">Bewegungserkennung<\/strong> \u2013 die Kamera beginnt nur dann mit der Aufnahme, wenn sie Bewegung erkennt, wodurch Energie und Speicherplatz gespart werden.<br data-start=\"560\" data-end=\"563\" \/>\ud83d\udd39 <strong data-start=\"566\" data-end=\"588\">Fern\u00fcberwachung<\/strong> \u2013 Sie k\u00f6nnen das Bild in Echtzeit \u00fcber Ihr Smartphone von \u00fcberall auf der Welt \u00fcberwachen.<br data-start=\"681\" data-end=\"684\" \/>\ud83d\udd39 <strong data-start=\"687\" data-end=\"708\">Aufnahme mit Ton<\/strong> \u2013 es wird nicht nur das Bild, sondern auch der Ton aufgezeichnet, sodass Sie die Situation klarer verstehen k\u00f6nnen.<br data-start=\"796\" data-end=\"799\" \/>\ud83d\udd39 <strong data-start=\"802\" data-end=\"826\">Lange Betriebszeit<\/strong> \u2013 kann an eine dauerhafte Stromversorgung angeschlossen oder mit einem wiederaufladbaren Akku f\u00fcr l\u00e4ngere Betriebszeiten verwendet werden.<\/p>\n<p class=\"\" data-start=\"927\" data-end=\"1060\">Dieses Ger\u00e4t bietet zuverl\u00e4ssige \u00dcberwachung, ohne Verdacht zu erregen, und ist daher die ideale Wahl f\u00fcr die Sicherheit zu Hause oder f\u00fcr geheime \u00dcberwachung.<\/p>","protected":false},"excerpt":{"rendered":"<p>Live-\u00dcberwachung von jedem Ort der Welt aus m\u00f6glich Technische Daten: Fern\u00fcberwachung: JA Videoaufnahme mit Ton Videoqualit\u00e4t: Vorschau: HD Objektiv: 90 Grad Videoaufnahme: 1 Std. 360&#8230;<\/p>","protected":false},"featured_media":26776,"template":"","meta":[],"etheme_brands":[],"product_brand":[],"product_cat":[204,203,205],"product_tag":[42,689,706,690,48],"class_list":{"0":"post-26775","1":"product","2":"type-product","3":"status-publish","4":"has-post-thumbnail","6":"product_cat-17-getarnte-kameras","7":"product_cat-12-versteckte-kameras","8":"product_cat-27-wlan-minikameras","9":"product_tag-kamera","10":"product_tag-sicherheitskamera","11":"product_tag-unmaskierte-kamera","12":"product_tag-versteckte-kamera","13":"product_tag-wi-fi-kamera","14":"pa_typ-rauchmelder-alarmmelder","16":"first","17":"instock","18":"sale","19":"taxable","20":"shipping-taxable","21":"purchasable","22":"product-type-simple"},"yoast_head":"<!-- This site is optimized with the Yoast SEO Premium plugin v25.9 (Yoast SEO v27.4) - https:\/\/yoast.com\/product\/yoast-seo-premium-wordpress\/ -->\n<title>Rauchmelder Detektor versteckte Kamera WiFi Full HD Aufl\u00f6sung<\/title>\n<meta name=\"description\" content=\"Rauchmelder mit versteckter Kamera. Hohe Videoqualit\u00e4t, einfache Installation. Gro\u00dfe Auswahl an versteckten Kameras. Kostenloser Versand innerhalb von 1 Tag.\" \/>\n<meta name=\"robots\" content=\"index, follow, max-snippet:-1, max-image-preview:large, max-video-preview:-1\" \/>\n<link rel=\"canonical\" href=\"https:\/\/www.ortungsgerate.de\/ru\/12-skrytyje-kamery\/27-wlan-mini-kamery\/datchik-dyma-s-detektorom-skrytaya-kamera-wifi-full-hd-razreshenie\/\" \/>\n<meta property=\"og:locale\" content=\"ru_RU\" \/>\n<meta property=\"og:type\" content=\"article\" \/>\n<meta property=\"og:title\" content=\"Rauchmelder Detektor versteckte Kamera WiFi Full HD Aufl\u00f6sung\" \/>\n<meta property=\"og:description\" content=\"Rauchmelder mit versteckter Kamera. Hohe Videoqualit\u00e4t, einfache Installation. Gro\u00dfe Auswahl an versteckten Kameras. Kostenloser Versand innerhalb von 1 Tag.\" \/>\n<meta property=\"og:url\" content=\"https:\/\/www.ortungsgerate.de\/ru\/12-skrytyje-kamery\/27-wlan-mini-kamery\/datchik-dyma-s-detektorom-skrytaya-kamera-wifi-full-hd-razreshenie\/\" \/>\n<meta property=\"og:site_name\" content=\"Ortungsger\u00e4te.de\" \/>\n<meta property=\"article:modified_time\" content=\"2025-12-01T10:26:01+00:00\" \/>\n<meta property=\"og:image\" content=\"https:\/\/www.ortungsgerate.de\/wp-content\/uploads\/dumu-daviklis-slapta-kamera-wifi.jpg\" \/>\n\t<meta property=\"og:image:width\" content=\"800\" \/>\n\t<meta property=\"og:image:height\" content=\"800\" \/>\n\t<meta property=\"og:image:type\" content=\"image\/jpeg\" \/>\n<meta name=\"twitter:card\" content=\"summary_large_image\" \/>\n<meta name=\"twitter:label1\" content=\"\u041f\u0440\u0438\u043c\u0435\u0440\u043d\u043e\u0435 \u0432\u0440\u0435\u043c\u044f \u0434\u043b\u044f \u0447\u0442\u0435\u043d\u0438\u044f\" \/>\n\t<meta name=\"twitter:data1\" content=\"2 \u043c\u0438\u043d\u0443\u0442\u044b\" \/>\n<script type=\"application\/ld+json\" class=\"yoast-schema-graph\">{\"@context\":\"https:\\\/\\\/schema.org\",\"@graph\":[{\"@type\":\"WebPage\",\"@id\":\"https:\\\/\\\/www.ortungsgerate.de\\\/12-versteckte-kameras\\\/27-wlan-minikameras\\\/rauchmelder-detektor-versteckte-kamera-wifi-full-hd-aufloesung\\\/\",\"url\":\"https:\\\/\\\/www.ortungsgerate.de\\\/12-versteckte-kameras\\\/27-wlan-minikameras\\\/rauchmelder-detektor-versteckte-kamera-wifi-full-hd-aufloesung\\\/\",\"name\":\"Rauchmelder Detektor versteckte Kamera WiFi Full HD Aufl\u00f6sung\",\"isPartOf\":{\"@id\":\"https:\\\/\\\/www.ortungsgerate.de\\\/#website\"},\"primaryImageOfPage\":{\"@id\":\"https:\\\/\\\/www.ortungsgerate.de\\\/12-versteckte-kameras\\\/27-wlan-minikameras\\\/rauchmelder-detektor-versteckte-kamera-wifi-full-hd-aufloesung\\\/#primaryimage\"},\"image\":{\"@id\":\"https:\\\/\\\/www.ortungsgerate.de\\\/12-versteckte-kameras\\\/27-wlan-minikameras\\\/rauchmelder-detektor-versteckte-kamera-wifi-full-hd-aufloesung\\\/#primaryimage\"},\"thumbnailUrl\":\"https:\\\/\\\/www.ortungsgerate.de\\\/wp-content\\\/uploads\\\/dumu-daviklis-slapta-kamera-wifi.jpg\",\"datePublished\":\"2025-03-28T08:02:23+00:00\",\"dateModified\":\"2025-12-01T10:26:01+00:00\",\"description\":\"Rauchmelder mit versteckter Kamera. Hohe Videoqualit\u00e4t, einfache Installation. Gro\u00dfe Auswahl an versteckten Kameras. Kostenloser Versand innerhalb von 1 Tag.\",\"breadcrumb\":{\"@id\":\"https:\\\/\\\/www.ortungsgerate.de\\\/12-versteckte-kameras\\\/27-wlan-minikameras\\\/rauchmelder-detektor-versteckte-kamera-wifi-full-hd-aufloesung\\\/#breadcrumb\"},\"inLanguage\":\"ru-RU\",\"potentialAction\":[{\"@type\":\"ReadAction\",\"target\":[\"https:\\\/\\\/www.ortungsgerate.de\\\/12-versteckte-kameras\\\/27-wlan-minikameras\\\/rauchmelder-detektor-versteckte-kamera-wifi-full-hd-aufloesung\\\/\"]}]},{\"@type\":\"ImageObject\",\"inLanguage\":\"ru-RU\",\"@id\":\"https:\\\/\\\/www.ortungsgerate.de\\\/12-versteckte-kameras\\\/27-wlan-minikameras\\\/rauchmelder-detektor-versteckte-kamera-wifi-full-hd-aufloesung\\\/#primaryimage\",\"url\":\"https:\\\/\\\/www.ortungsgerate.de\\\/wp-content\\\/uploads\\\/dumu-daviklis-slapta-kamera-wifi.jpg\",\"contentUrl\":\"https:\\\/\\\/www.ortungsgerate.de\\\/wp-content\\\/uploads\\\/dumu-daviklis-slapta-kamera-wifi.jpg\",\"width\":800,\"height\":800,\"caption\":\"Rauchmelder versteckte Kamera WiFi\"},{\"@type\":\"BreadcrumbList\",\"@id\":\"https:\\\/\\\/www.ortungsgerate.de\\\/12-versteckte-kameras\\\/27-wlan-minikameras\\\/rauchmelder-detektor-versteckte-kamera-wifi-full-hd-aufloesung\\\/#breadcrumb\",\"itemListElement\":[{\"@type\":\"ListItem\",\"position\":1,\"name\":\"Startseite\",\"item\":\"https:\\\/\\\/www.ortungsgerate.de\\\/\"},{\"@type\":\"ListItem\",\"position\":2,\"name\":\"Shop\",\"item\":\"https:\\\/\\\/www.ortungsgerate.de\\\/shop\\\/\"},{\"@type\":\"ListItem\",\"position\":3,\"name\":\"Rauchmelder Detektor versteckte Kamera WiFi Full HD Aufl\u00f6sung\"}]},{\"@type\":\"WebSite\",\"@id\":\"https:\\\/\\\/www.ortungsgerate.de\\\/#website\",\"url\":\"https:\\\/\\\/www.ortungsgerate.de\\\/\",\"name\":\"Ortungsgerate.de\",\"description\":\"\",\"publisher\":{\"@id\":\"https:\\\/\\\/www.ortungsgerate.de\\\/#organization\"},\"potentialAction\":[{\"@type\":\"SearchAction\",\"target\":{\"@type\":\"EntryPoint\",\"urlTemplate\":\"https:\\\/\\\/www.ortungsgerate.de\\\/?s={search_term_string}\"},\"query-input\":{\"@type\":\"PropertyValueSpecification\",\"valueRequired\":true,\"valueName\":\"search_term_string\"}}],\"inLanguage\":\"ru-RU\"},{\"@type\":\"Organization\",\"@id\":\"https:\\\/\\\/www.ortungsgerate.de\\\/#organization\",\"name\":\"Ortungsgerate.de\",\"url\":\"https:\\\/\\\/www.ortungsgerate.de\\\/\",\"logo\":{\"@type\":\"ImageObject\",\"inLanguage\":\"ru-RU\",\"@id\":\"https:\\\/\\\/www.ortungsgerate.de\\\/#\\\/schema\\\/logo\\\/image\\\/\",\"url\":\"https:\\\/\\\/www.ortungsgerate.de\\\/wp-content\\\/uploads\\\/ortungsgerate.png\",\"contentUrl\":\"https:\\\/\\\/www.ortungsgerate.de\\\/wp-content\\\/uploads\\\/ortungsgerate.png\",\"width\":500,\"height\":135,\"caption\":\"Ortungsgerate.de\"},\"image\":{\"@id\":\"https:\\\/\\\/www.ortungsgerate.de\\\/#\\\/schema\\\/logo\\\/image\\\/\"}}]}<\/script>\n<!-- \/ Yoast SEO Premium plugin. -->","yoast_head_json":{"title":"\u0414\u0430\u0442\u0447\u0438\u043a \u0434\u044b\u043c\u0430 \u0441 \u0434\u0435\u0442\u0435\u043a\u0442\u043e\u0440\u043e\u043c \u0441\u043a\u0440\u044b\u0442\u0430\u044f \u043a\u0430\u043c\u0435\u0440\u0430 WiFi Full HD \u0440\u0430\u0437\u0440\u0435\u0448\u0435\u043d\u0438\u0435","description":"Rauchmelder mit versteckter Kamera. Hohe Videoqualit\u00e4t, einfache Installation. Gro\u00dfe Auswahl an versteckten Kameras. Kostenloser Versand innerhalb von 1 Tag.","robots":{"index":"index","follow":"follow","max-snippet":"max-snippet:-1","max-image-preview":"max-image-preview:large","max-video-preview":"max-video-preview:-1"},"canonical":"https:\/\/www.ortungsgerate.de\/ru\/12-skrytyje-kamery\/27-wlan-mini-kamery\/datchik-dyma-s-detektorom-skrytaya-kamera-wifi-full-hd-razreshenie\/","og_locale":"ru_RU","og_type":"article","og_title":"Rauchmelder Detektor versteckte Kamera WiFi Full HD Aufl\u00f6sung","og_description":"Rauchmelder mit versteckter Kamera. Hohe Videoqualit\u00e4t, einfache Installation. Gro\u00dfe Auswahl an versteckten Kameras. Kostenloser Versand innerhalb von 1 Tag.","og_url":"https:\/\/www.ortungsgerate.de\/ru\/12-skrytyje-kamery\/27-wlan-mini-kamery\/datchik-dyma-s-detektorom-skrytaya-kamera-wifi-full-hd-razreshenie\/","og_site_name":"Ortungsger\u00e4te.de","article_modified_time":"2025-12-01T10:26:01+00:00","og_image":[{"width":800,"height":800,"url":"https:\/\/www.ortungsgerate.de\/wp-content\/uploads\/dumu-daviklis-slapta-kamera-wifi.jpg","type":"image\/jpeg"}],"twitter_card":"summary_large_image","twitter_misc":{"\u041f\u0440\u0438\u043c\u0435\u0440\u043d\u043e\u0435 \u0432\u0440\u0435\u043c\u044f \u0434\u043b\u044f \u0447\u0442\u0435\u043d\u0438\u044f":"2 \u043c\u0438\u043d\u0443\u0442\u044b"},"schema":{"@context":"https:\/\/schema.org","@graph":[{"@type":"WebPage","@id":"https:\/\/www.ortungsgerate.de\/12-versteckte-kameras\/27-wlan-minikameras\/rauchmelder-detektor-versteckte-kamera-wifi-full-hd-aufloesung\/","url":"https:\/\/www.ortungsgerate.de\/12-versteckte-kameras\/27-wlan-minikameras\/rauchmelder-detektor-versteckte-kamera-wifi-full-hd-aufloesung\/","name":"\u0414\u0430\u0442\u0447\u0438\u043a \u0434\u044b\u043c\u0430 \u0441 \u0434\u0435\u0442\u0435\u043a\u0442\u043e\u0440\u043e\u043c \u0441\u043a\u0440\u044b\u0442\u0430\u044f \u043a\u0430\u043c\u0435\u0440\u0430 WiFi Full HD \u0440\u0430\u0437\u0440\u0435\u0448\u0435\u043d\u0438\u0435","isPartOf":{"@id":"https:\/\/www.ortungsgerate.de\/#website"},"primaryImageOfPage":{"@id":"https:\/\/www.ortungsgerate.de\/12-versteckte-kameras\/27-wlan-minikameras\/rauchmelder-detektor-versteckte-kamera-wifi-full-hd-aufloesung\/#primaryimage"},"image":{"@id":"https:\/\/www.ortungsgerate.de\/12-versteckte-kameras\/27-wlan-minikameras\/rauchmelder-detektor-versteckte-kamera-wifi-full-hd-aufloesung\/#primaryimage"},"thumbnailUrl":"https:\/\/www.ortungsgerate.de\/wp-content\/uploads\/dumu-daviklis-slapta-kamera-wifi.jpg","datePublished":"2025-03-28T08:02:23+00:00","dateModified":"2025-12-01T10:26:01+00:00","description":"Rauchmelder mit versteckter Kamera. Hohe Videoqualit\u00e4t, einfache Installation. Gro\u00dfe Auswahl an versteckten Kameras. Kostenloser Versand innerhalb von 1 Tag.","breadcrumb":{"@id":"https:\/\/www.ortungsgerate.de\/12-versteckte-kameras\/27-wlan-minikameras\/rauchmelder-detektor-versteckte-kamera-wifi-full-hd-aufloesung\/#breadcrumb"},"inLanguage":"ru-RU","potentialAction":[{"@type":"ReadAction","target":["https:\/\/www.ortungsgerate.de\/12-versteckte-kameras\/27-wlan-minikameras\/rauchmelder-detektor-versteckte-kamera-wifi-full-hd-aufloesung\/"]}]},{"@type":"ImageObject","inLanguage":"ru-RU","@id":"https:\/\/www.ortungsgerate.de\/12-versteckte-kameras\/27-wlan-minikameras\/rauchmelder-detektor-versteckte-kamera-wifi-full-hd-aufloesung\/#primaryimage","url":"https:\/\/www.ortungsgerate.de\/wp-content\/uploads\/dumu-daviklis-slapta-kamera-wifi.jpg","contentUrl":"https:\/\/www.ortungsgerate.de\/wp-content\/uploads\/dumu-daviklis-slapta-kamera-wifi.jpg","width":800,"height":800,"caption":"Rauchmelder versteckte Kamera WiFi"},{"@type":"BreadcrumbList","@id":"https:\/\/www.ortungsgerate.de\/12-versteckte-kameras\/27-wlan-minikameras\/rauchmelder-detektor-versteckte-kamera-wifi-full-hd-aufloesung\/#breadcrumb","itemListElement":[{"@type":"ListItem","position":1,"name":"Startseite","item":"https:\/\/www.ortungsgerate.de\/"},{"@type":"ListItem","position":2,"name":"Shop","item":"https:\/\/www.ortungsgerate.de\/shop\/"},{"@type":"ListItem","position":3,"name":"Rauchmelder Detektor versteckte Kamera WiFi Full HD Aufl\u00f6sung"}]},{"@type":"WebSite","@id":"https:\/\/www.ortungsgerate.de\/#website","url":"https:\/\/www.ortungsgerate.de\/","name":"Ortungsgerate.de","description":"","publisher":{"@id":"https:\/\/www.ortungsgerate.de\/#organization"},"potentialAction":[{"@type":"SearchAction","target":{"@type":"EntryPoint","urlTemplate":"https:\/\/www.ortungsgerate.de\/?s={search_term_string}"},"query-input":{"@type":"PropertyValueSpecification","valueRequired":true,"valueName":"search_term_string"}}],"inLanguage":"ru-RU"},{"@type":"Organization","@id":"https:\/\/www.ortungsgerate.de\/#organization","name":"Ortungsgerate.de","url":"https:\/\/www.ortungsgerate.de\/","logo":{"@type":"ImageObject","inLanguage":"ru-RU","@id":"https:\/\/www.ortungsgerate.de\/#\/schema\/logo\/image\/","url":"https:\/\/www.ortungsgerate.de\/wp-content\/uploads\/ortungsgerate.png","contentUrl":"https:\/\/www.ortungsgerate.de\/wp-content\/uploads\/ortungsgerate.png","width":500,"height":135,"caption":"Ortungsgerate.de"},"image":{"@id":"https:\/\/www.ortungsgerate.de\/#\/schema\/logo\/image\/"}}]}},"_links":{"self":[{"href":"https:\/\/www.ortungsgerate.de\/ru\/wp-json\/wp\/v2\/product\/26775","targetHints":{"allow":["GET"]}}],"collection":[{"href":"https:\/\/www.ortungsgerate.de\/ru\/wp-json\/wp\/v2\/product"}],"about":[{"href":"https:\/\/www.ortungsgerate.de\/ru\/wp-json\/wp\/v2\/types\/product"}],"version-history":[{"count":0,"href":"https:\/\/www.ortungsgerate.de\/ru\/wp-json\/wp\/v2\/product\/26775\/revisions"}],"wp:featuredmedia":[{"embeddable":true,"href":"https:\/\/www.ortungsgerate.de\/ru\/wp-json\/wp\/v2\/media\/26776"}],"wp:attachment":[{"href":"https:\/\/www.ortungsgerate.de\/ru\/wp-json\/wp\/v2\/media?parent=26775"}],"wp:term":[{"taxonomy":"brand","embeddable":true,"href":"https:\/\/www.ortungsgerate.de\/ru\/wp-json\/wp\/v2\/etheme_brands?post=26775"},{"taxonomy":"product_brand","embeddable":true,"href":"https:\/\/www.ortungsgerate.de\/ru\/wp-json\/wp\/v2\/product_brand?post=26775"},{"taxonomy":"product_cat","embeddable":true,"href":"https:\/\/www.ortungsgerate.de\/ru\/wp-json\/wp\/v2\/product_cat?post=26775"},{"taxonomy":"product_tag","embeddable":true,"href":"https:\/\/www.ortungsgerate.de\/ru\/wp-json\/wp\/v2\/product_tag?post=26775"}],"curies":[{"name":"wp","href":"https:\/\/api.w.org\/{rel}","templated":true}]}}