{"id":26907,"date":"2025-04-01T15:03:04","date_gmt":"2025-04-01T12:03:04","guid":{"rendered":"https:\/\/ortungsgerate.de\/?post_type=product&#038;p=26907"},"modified":"2025-11-26T19:01:36","modified_gmt":"2025-11-26T17:01:36","slug":"podslushivayuschee-ustroystvo-diktofon-zagruzka-zapisi-1m-mikrofon","status":"publish","type":"product","link":"https:\/\/www.ortungsgerate.de\/ru\/16-proslushivayushcheye-oborudovaniye-2\/podslushivayuschee-ustroystvo-diktofon-zagruzka-zapisi-1m-mikrofon\/","title":{"rendered":"\u041f\u043e\u0434\u0441\u043b\u0443\u0448\u0438\u0432\u0430\u044e\u0449\u0435\u0435 \u0443\u0441\u0442\u0440\u043e\u0439\u0441\u0442\u0432\u043e \u0434\u0438\u043a\u0442\u043e\u0444\u043e\u043d \u0437\u0430\u0433\u0440\u0443\u0437\u043a\u0430 \u0437\u0430\u043f\u0438\u0441\u0438 1\u043c \u043c\u0438\u043a\u0440\u043e\u0444\u043e\u043d"},"content":{"rendered":"<h3><strong>\u0422\u0435\u0445\u043d\u0438\u0447\u0435\u0441\u043a\u0438\u0435 \u043f\u0430\u0440\u0430\u043c\u0435\u0442\u0440\u044b:<\/strong><\/h3>\n<ul>\n<li>Besonders leicht versteckbares 1 Meter langes MEMS-Mikrofon<\/li>\n<li>\u0412\u044b\u0441\u043e\u0447\u0430\u0439\u0448\u0430\u044f \u0431\u0435\u0437\u043e\u043f\u0430\u0441\u043d\u043e\u0441\u0442\u044c \u0434\u0430\u043d\u043d\u044b\u0445, \u0442\u0430\u043a \u043a\u0430\u043a \u0432\u044b \u0438\u0441\u043f\u043e\u043b\u044c\u0437\u0443\u0435\u0442\u0435 \u0441\u0432\u043e\u0439 \u0441\u043e\u0431\u0441\u0442\u0432\u0435\u043d\u043d\u044b\u0439 FTP-\u0441\u0435\u0440\u0432\u0435\u0440.<\/li>\n<li>Audio\u00fcbertragung: Mobilfunk (GSM-Netz)<\/li>\n<li>M\u00f6glichkeit, Audioaufnahmen remote in die mobile App herunterzuladen<\/li>\n<li>Es kann in die GSM-Lauscher angerufen werden, um Gespr\u00e4che live zu h\u00f6ren<\/li>\n<li>\u0426\u0438\u0444\u0440\u043e\u0432\u043e\u0439 MEMS-\u043c\u0438\u043a\u0440\u043e\u0444\u043e\u043d (\u0432\u044b\u0441\u043e\u043a\u043e\u0435 \u043a\u0430\u0447\u0435\u0441\u0442\u0432\u043e \u0437\u0432\u0443\u043a\u0430).<\/li>\n<li>Aufnahmen werden 2 Tage in der Cloud gespeichert, w\u00e4hrend dieser Zeit k\u00f6nnen Sie sie herunterladen.<\/li>\n<li>M\u00f6glichkeit, die Aufbewahrungsdauer der Aufnahmen auf bis zu 15 Tage zu verl\u00e4ngern<\/li>\n<li>Aufnahmen k\u00f6nnen auch angeh\u00f6rt werden, wenn das Ger\u00e4t an den Computer angeschlossen ist<\/li>\n<li>Es ist nicht erforderlich, das Ger\u00e4t zu nehmen, um die Aufnahmen anzuh\u00f6ren<\/li>\n<li>Mobile App geeignet f\u00fcr Android- und iPhone-Handys<\/li>\n<li>\u0412\u0440\u0435\u043c\u044f \u043e\u0436\u0438\u0434\u0430\u043d\u0438\u044f \u0434\u043e 7 \u0434\u043d\u0435\u0439.<\/li>\n<li>\u0412\u0440\u0435\u043c\u044f \u0437\u0430\u043f\u0438\u0441\u0438 \u0434\u0438\u043a\u0442\u043e\u0444\u043e\u043d\u0430 \u0434\u043e 20 \u0447\u0430\u0441\u043e\u0432.<\/li>\n<li>Sprach- und Ger\u00e4uscherkennung Reichweite +- 8 Meter<\/li>\n<li>Frequenzauswahl: vier m\u00f6gliche Optionen, die in jedem Land der Welt funktionieren (850 MHz \/ 900 MHz \/ 1800 MHz \/ 1900 MHz)<\/li>\n<li>Mikrofon: vorhanden; \u00fcbertr\u00e4gt Ger\u00e4usche in hoher Qualit\u00e4t<\/li>\n<li>\u0411\u0430\u0442\u0430\u0440\u0435\u044f: \u043b\u0438\u0442\u0438\u0439-\u0438\u043e\u043d\u043d\u0430\u044f (\u0432\u043d\u0443\u0442\u0440\u0435\u043d\u043d\u044f\u044f) 1200mAh.<\/li>\n<li>\u041f\u043e\u0442\u0440\u0435\u0431\u043b\u0435\u043d\u0438\u0435 \u044d\u043d\u0435\u0440\u0433\u0438\u0438 60 \u043c\u0410 \u043f\u0440\u0438 \u0437\u0430\u043f\u0438\u0441\u0438 \u0438\u043b\u0438 \u0437\u0430\u0433\u0440\u0443\u0437\u043a\u0435 \u0430\u0443\u0434\u0438\u043e\u0437\u0430\u043f\u0438\u0441\u0435\u0439 \u0432 \u043e\u0431\u043b\u0430\u043a\u043e<\/li>\n<li>\u0420\u0430\u0437\u043c\u0435\u0440\u044b: 58 \u043c\u043c x 52 \u043c\u043c x 24 \u043c\u043c.<\/li>\n<li><strong>\u0413\u0410\u0420\u0410\u041d\u0422\u0418\u042f 12 \u043c\u0435\u0441\u044f\u0446\u0435\u0432<\/strong><\/li>\n<\/ul>\n<p>\u0418\u0441\u043f\u043e\u043b\u044c\u0437\u043e\u0432\u0430\u043d\u0438\u0435: \u0414\u043b\u044f \u0432\u0430\u0448\u0435\u0439 \u0431\u0435\u0437\u043e\u043f\u0430\u0441\u043d\u043e\u0441\u0442\u0438 \u0438 \u0431\u0435\u0437\u043e\u043f\u0430\u0441\u043d\u043e\u0441\u0442\u0438 \u0432\u0430\u0448\u0438\u0445 \u0434\u0435\u0442\u0435\u0439.<\/p>\n<p class=\"\" data-start=\"162\" data-end=\"508\"><strong data-start=\"162\" data-end=\"216\">Lange Betriebszeit und intelligenter Energiesparmodus<\/strong><br data-start=\"216\" data-end=\"219\" \/>Die GSM-Lauscher mit 1 Meter langem MEMS-Mikrofon kann bis zu <strong data-start=\"277\" data-end=\"327\">20 Stunden ununterbrochenen Audioaufnahmebetrieb<\/strong> arbeiten. Das Ger\u00e4t hat auch einen <strong data-start=\"353\" data-end=\"372\">Standby-Modus<\/strong>, der aktiviert wird, wenn keine Ger\u00e4usche in der Umgebung sind \u2013 dann wechselt das Ger\u00e4t in den Energiesparmodus und kann <strong data-start=\"480\" data-end=\"495\">bis zu 7 Tage<\/strong> ohne Aufladung betrieben werden.<\/p>\n<p class=\"\" data-start=\"510\" data-end=\"791\"><strong data-start=\"510\" data-end=\"562\">St\u00e4ndige Leistung bei Anschluss an das Stromnetz<\/strong><br data-start=\"562\" data-end=\"565\" \/>Um <strong data-start=\"583\" data-end=\"599\">24\/7 Betrieb<\/strong> zu gew\u00e4hrleisten, kann die GSM-Lauscher an eine konstante Stromquelle (<strong data-start=\"664\" data-end=\"686\">5V, 1.5A Adapter<\/strong>, nicht im Lieferumfang enthalten) angeschlossen werden. Auf diese Weise funktioniert das Ger\u00e4t kontinuierlich, ohne dass es aufgeladen oder physisch erreicht werden muss.<\/p>\n<p class=\"\" data-start=\"793\" data-end=\"1057\"><strong data-start=\"793\" data-end=\"835\">Intelligente Ger\u00e4uschbenachrichtigungen auf das Telefon<\/strong><br data-start=\"835\" data-end=\"838\" \/>Wenn in der Umgebung Ger\u00e4usche erkannt werden, <strong data-start=\"872\" data-end=\"929\">sendet die mobile App automatisch eine Benachrichtigung<\/strong> an Ihr Telefon. Dies erm\u00f6glicht es, in Echtzeit auf Ereignisse zu reagieren und die Notwendigkeit zu vermeiden, st\u00e4ndig zu \u00fcberpr\u00fcfen, ob eine Aufnahme gemacht wurde.<\/p>","protected":false},"excerpt":{"rendered":"<p>Technische Parameter: Besonders leicht versteckbares 1 Meter langes MEMS-Mikrofon H\u00f6chste Datensicherheit, da Sie Ihren eigenen FTP-Server verwenden Audio\u00fcbertragung: Mobilfunk (GSM-Netz) M\u00f6glichkeit, Audioaufnahmen remote in die&#8230;<\/p>","protected":false},"featured_media":26908,"template":"","meta":[],"etheme_brands":[],"product_brand":[],"product_cat":[208,207,211,214],"product_tag":[638,127,79,721,696,712],"class_list":{"0":"post-26907","1":"product","2":"type-product","3":"status-publish","4":"has-post-thumbnail","6":"product_cat-16-abhoergeraete","7":"product_cat-13-diktiergeraete","8":"product_cat-22-gsm-abhoergeraete-wanzen","9":"product_cat-21-professionelle-abhoergeraete","10":"product_tag-gsm","11":"product_tag-gsm-mini-die-wanze","12":"product_tag-gsm-wanze","13":"product_tag-schluessel-diktiergeraet","14":"product_tag-spionage-ausruestung","15":"product_tag-versteckter-diktiergeraet","17":"first","18":"instock","19":"sale","20":"taxable","21":"shipping-taxable","22":"purchasable","23":"product-type-simple"},"yoast_head":"<!-- This site is optimized with the Yoast SEO Premium plugin v25.9 (Yoast SEO v27.4) - https:\/\/yoast.com\/product\/yoast-seo-premium-wordpress\/ -->\n<title>Abh\u00f6rwanze Diktierger\u00e4t Aufnahmen Download 1m Mikrofon<\/title>\n<meta name=\"robots\" content=\"index, follow, max-snippet:-1, max-image-preview:large, max-video-preview:-1\" \/>\n<link rel=\"canonical\" href=\"https:\/\/www.ortungsgerate.de\/ru\/16-proslushivayushcheye-oborudovaniye-2\/podslushivayuschee-ustroystvo-diktofon-zagruzka-zapisi-1m-mikrofon\/\" \/>\n<meta property=\"og:locale\" content=\"ru_RU\" \/>\n<meta property=\"og:type\" content=\"article\" \/>\n<meta property=\"og:title\" content=\"Lauscher Wanze Diktierger\u00e4t Aufnahme Download 1m Mikrofon\" \/>\n<meta property=\"og:description\" content=\"Technische Parameter: Besonders leicht versteckbares 1 Meter langes MEMS-Mikrofon H\u00f6chste Datensicherheit, da Sie Ihren eigenen FTP-Server verwenden Audio\u00fcbertragung: Mobilfunk (GSM-Netz) M\u00f6glichkeit, Audioaufnahmen remote in die...\" \/>\n<meta property=\"og:url\" content=\"https:\/\/www.ortungsgerate.de\/ru\/16-proslushivayushcheye-oborudovaniye-2\/podslushivayuschee-ustroystvo-diktofon-zagruzka-zapisi-1m-mikrofon\/\" \/>\n<meta property=\"og:site_name\" content=\"Ortungsger\u00e4te.de\" \/>\n<meta property=\"article:modified_time\" content=\"2025-11-26T17:01:36+00:00\" \/>\n<meta property=\"og:image\" content=\"https:\/\/www.ortungsgerate.de\/wp-content\/uploads\/pasiklausymo-iranga.png\" \/>\n\t<meta property=\"og:image:width\" content=\"1280\" \/>\n\t<meta property=\"og:image:height\" content=\"1280\" \/>\n\t<meta property=\"og:image:type\" content=\"image\/png\" \/>\n<meta name=\"twitter:card\" content=\"summary_large_image\" \/>\n<meta name=\"twitter:label1\" content=\"\u041f\u0440\u0438\u043c\u0435\u0440\u043d\u043e\u0435 \u0432\u0440\u0435\u043c\u044f \u0434\u043b\u044f \u0447\u0442\u0435\u043d\u0438\u044f\" \/>\n\t<meta name=\"twitter:data1\" content=\"2 \u043c\u0438\u043d\u0443\u0442\u044b\" \/>\n<script type=\"application\/ld+json\" class=\"yoast-schema-graph\">{\"@context\":\"https:\\\/\\\/schema.org\",\"@graph\":[{\"@type\":\"WebPage\",\"@id\":\"https:\\\/\\\/www.ortungsgerate.de\\\/16-abhoergeraete\\\/lauscher-wanze-diktiergeraet-aufnahme-download-1m-mikrofon\\\/\",\"url\":\"https:\\\/\\\/www.ortungsgerate.de\\\/16-abhoergeraete\\\/lauscher-wanze-diktiergeraet-aufnahme-download-1m-mikrofon\\\/\",\"name\":\"Abh\u00f6rwanze Diktierger\u00e4t Aufnahmen Download 1m Mikrofon\",\"isPartOf\":{\"@id\":\"https:\\\/\\\/www.ortungsgerate.de\\\/#website\"},\"primaryImageOfPage\":{\"@id\":\"https:\\\/\\\/www.ortungsgerate.de\\\/16-abhoergeraete\\\/lauscher-wanze-diktiergeraet-aufnahme-download-1m-mikrofon\\\/#primaryimage\"},\"image\":{\"@id\":\"https:\\\/\\\/www.ortungsgerate.de\\\/16-abhoergeraete\\\/lauscher-wanze-diktiergeraet-aufnahme-download-1m-mikrofon\\\/#primaryimage\"},\"thumbnailUrl\":\"https:\\\/\\\/www.ortungsgerate.de\\\/wp-content\\\/uploads\\\/pasiklausymo-iranga.png\",\"datePublished\":\"2025-04-01T12:03:04+00:00\",\"dateModified\":\"2025-11-26T17:01:36+00:00\",\"breadcrumb\":{\"@id\":\"https:\\\/\\\/www.ortungsgerate.de\\\/16-abhoergeraete\\\/lauscher-wanze-diktiergeraet-aufnahme-download-1m-mikrofon\\\/#breadcrumb\"},\"inLanguage\":\"ru-RU\",\"potentialAction\":[{\"@type\":\"ReadAction\",\"target\":[\"https:\\\/\\\/www.ortungsgerate.de\\\/16-abhoergeraete\\\/lauscher-wanze-diktiergeraet-aufnahme-download-1m-mikrofon\\\/\"]}]},{\"@type\":\"ImageObject\",\"inLanguage\":\"ru-RU\",\"@id\":\"https:\\\/\\\/www.ortungsgerate.de\\\/16-abhoergeraete\\\/lauscher-wanze-diktiergeraet-aufnahme-download-1m-mikrofon\\\/#primaryimage\",\"url\":\"https:\\\/\\\/www.ortungsgerate.de\\\/wp-content\\\/uploads\\\/pasiklausymo-iranga.png\",\"contentUrl\":\"https:\\\/\\\/www.ortungsgerate.de\\\/wp-content\\\/uploads\\\/pasiklausymo-iranga.png\",\"width\":1280,\"height\":1280,\"caption\":\"Abh\u00f6rausr\u00fcstung\"},{\"@type\":\"BreadcrumbList\",\"@id\":\"https:\\\/\\\/www.ortungsgerate.de\\\/16-abhoergeraete\\\/lauscher-wanze-diktiergeraet-aufnahme-download-1m-mikrofon\\\/#breadcrumb\",\"itemListElement\":[{\"@type\":\"ListItem\",\"position\":1,\"name\":\"Startseite\",\"item\":\"https:\\\/\\\/www.ortungsgerate.de\\\/\"},{\"@type\":\"ListItem\",\"position\":2,\"name\":\"Shop\",\"item\":\"https:\\\/\\\/www.ortungsgerate.de\\\/shop\\\/\"},{\"@type\":\"ListItem\",\"position\":3,\"name\":\"Lauscher Wanze Diktierger\u00e4t Aufnahme Download 1m Mikrofon\"}]},{\"@type\":\"WebSite\",\"@id\":\"https:\\\/\\\/www.ortungsgerate.de\\\/#website\",\"url\":\"https:\\\/\\\/www.ortungsgerate.de\\\/\",\"name\":\"Ortungsgerate.de\",\"description\":\"\",\"publisher\":{\"@id\":\"https:\\\/\\\/www.ortungsgerate.de\\\/#organization\"},\"potentialAction\":[{\"@type\":\"SearchAction\",\"target\":{\"@type\":\"EntryPoint\",\"urlTemplate\":\"https:\\\/\\\/www.ortungsgerate.de\\\/?s={search_term_string}\"},\"query-input\":{\"@type\":\"PropertyValueSpecification\",\"valueRequired\":true,\"valueName\":\"search_term_string\"}}],\"inLanguage\":\"ru-RU\"},{\"@type\":\"Organization\",\"@id\":\"https:\\\/\\\/www.ortungsgerate.de\\\/#organization\",\"name\":\"Ortungsgerate.de\",\"url\":\"https:\\\/\\\/www.ortungsgerate.de\\\/\",\"logo\":{\"@type\":\"ImageObject\",\"inLanguage\":\"ru-RU\",\"@id\":\"https:\\\/\\\/www.ortungsgerate.de\\\/#\\\/schema\\\/logo\\\/image\\\/\",\"url\":\"https:\\\/\\\/www.ortungsgerate.de\\\/wp-content\\\/uploads\\\/ortungsgerate.png\",\"contentUrl\":\"https:\\\/\\\/www.ortungsgerate.de\\\/wp-content\\\/uploads\\\/ortungsgerate.png\",\"width\":500,\"height\":135,\"caption\":\"Ortungsgerate.de\"},\"image\":{\"@id\":\"https:\\\/\\\/www.ortungsgerate.de\\\/#\\\/schema\\\/logo\\\/image\\\/\"}}]}<\/script>\n<!-- \/ Yoast SEO Premium plugin. -->","yoast_head_json":{"title":"Abh\u00f6rwanze Diktierger\u00e4t Aufnahmen Download 1m Mikrofon","robots":{"index":"index","follow":"follow","max-snippet":"max-snippet:-1","max-image-preview":"max-image-preview:large","max-video-preview":"max-video-preview:-1"},"canonical":"https:\/\/www.ortungsgerate.de\/ru\/16-proslushivayushcheye-oborudovaniye-2\/podslushivayuschee-ustroystvo-diktofon-zagruzka-zapisi-1m-mikrofon\/","og_locale":"ru_RU","og_type":"article","og_title":"Lauscher Wanze Diktierger\u00e4t Aufnahme Download 1m Mikrofon","og_description":"Technische Parameter: Besonders leicht versteckbares 1 Meter langes MEMS-Mikrofon H\u00f6chste Datensicherheit, da Sie Ihren eigenen FTP-Server verwenden Audio\u00fcbertragung: Mobilfunk (GSM-Netz) M\u00f6glichkeit, Audioaufnahmen remote in die...","og_url":"https:\/\/www.ortungsgerate.de\/ru\/16-proslushivayushcheye-oborudovaniye-2\/podslushivayuschee-ustroystvo-diktofon-zagruzka-zapisi-1m-mikrofon\/","og_site_name":"Ortungsger\u00e4te.de","article_modified_time":"2025-11-26T17:01:36+00:00","og_image":[{"width":1280,"height":1280,"url":"https:\/\/www.ortungsgerate.de\/wp-content\/uploads\/pasiklausymo-iranga.png","type":"image\/png"}],"twitter_card":"summary_large_image","twitter_misc":{"\u041f\u0440\u0438\u043c\u0435\u0440\u043d\u043e\u0435 \u0432\u0440\u0435\u043c\u044f \u0434\u043b\u044f \u0447\u0442\u0435\u043d\u0438\u044f":"2 \u043c\u0438\u043d\u0443\u0442\u044b"},"schema":{"@context":"https:\/\/schema.org","@graph":[{"@type":"WebPage","@id":"https:\/\/www.ortungsgerate.de\/16-abhoergeraete\/lauscher-wanze-diktiergeraet-aufnahme-download-1m-mikrofon\/","url":"https:\/\/www.ortungsgerate.de\/16-abhoergeraete\/lauscher-wanze-diktiergeraet-aufnahme-download-1m-mikrofon\/","name":"Abh\u00f6rwanze Diktierger\u00e4t Aufnahmen Download 1m Mikrofon","isPartOf":{"@id":"https:\/\/www.ortungsgerate.de\/#website"},"primaryImageOfPage":{"@id":"https:\/\/www.ortungsgerate.de\/16-abhoergeraete\/lauscher-wanze-diktiergeraet-aufnahme-download-1m-mikrofon\/#primaryimage"},"image":{"@id":"https:\/\/www.ortungsgerate.de\/16-abhoergeraete\/lauscher-wanze-diktiergeraet-aufnahme-download-1m-mikrofon\/#primaryimage"},"thumbnailUrl":"https:\/\/www.ortungsgerate.de\/wp-content\/uploads\/pasiklausymo-iranga.png","datePublished":"2025-04-01T12:03:04+00:00","dateModified":"2025-11-26T17:01:36+00:00","breadcrumb":{"@id":"https:\/\/www.ortungsgerate.de\/16-abhoergeraete\/lauscher-wanze-diktiergeraet-aufnahme-download-1m-mikrofon\/#breadcrumb"},"inLanguage":"ru-RU","potentialAction":[{"@type":"ReadAction","target":["https:\/\/www.ortungsgerate.de\/16-abhoergeraete\/lauscher-wanze-diktiergeraet-aufnahme-download-1m-mikrofon\/"]}]},{"@type":"ImageObject","inLanguage":"ru-RU","@id":"https:\/\/www.ortungsgerate.de\/16-abhoergeraete\/lauscher-wanze-diktiergeraet-aufnahme-download-1m-mikrofon\/#primaryimage","url":"https:\/\/www.ortungsgerate.de\/wp-content\/uploads\/pasiklausymo-iranga.png","contentUrl":"https:\/\/www.ortungsgerate.de\/wp-content\/uploads\/pasiklausymo-iranga.png","width":1280,"height":1280,"caption":"Abh\u00f6rausr\u00fcstung"},{"@type":"BreadcrumbList","@id":"https:\/\/www.ortungsgerate.de\/16-abhoergeraete\/lauscher-wanze-diktiergeraet-aufnahme-download-1m-mikrofon\/#breadcrumb","itemListElement":[{"@type":"ListItem","position":1,"name":"Startseite","item":"https:\/\/www.ortungsgerate.de\/"},{"@type":"ListItem","position":2,"name":"Shop","item":"https:\/\/www.ortungsgerate.de\/shop\/"},{"@type":"ListItem","position":3,"name":"Lauscher Wanze Diktierger\u00e4t Aufnahme Download 1m Mikrofon"}]},{"@type":"WebSite","@id":"https:\/\/www.ortungsgerate.de\/#website","url":"https:\/\/www.ortungsgerate.de\/","name":"Ortungsgerate.de","description":"","publisher":{"@id":"https:\/\/www.ortungsgerate.de\/#organization"},"potentialAction":[{"@type":"SearchAction","target":{"@type":"EntryPoint","urlTemplate":"https:\/\/www.ortungsgerate.de\/?s={search_term_string}"},"query-input":{"@type":"PropertyValueSpecification","valueRequired":true,"valueName":"search_term_string"}}],"inLanguage":"ru-RU"},{"@type":"Organization","@id":"https:\/\/www.ortungsgerate.de\/#organization","name":"Ortungsgerate.de","url":"https:\/\/www.ortungsgerate.de\/","logo":{"@type":"ImageObject","inLanguage":"ru-RU","@id":"https:\/\/www.ortungsgerate.de\/#\/schema\/logo\/image\/","url":"https:\/\/www.ortungsgerate.de\/wp-content\/uploads\/ortungsgerate.png","contentUrl":"https:\/\/www.ortungsgerate.de\/wp-content\/uploads\/ortungsgerate.png","width":500,"height":135,"caption":"Ortungsgerate.de"},"image":{"@id":"https:\/\/www.ortungsgerate.de\/#\/schema\/logo\/image\/"}}]}},"_links":{"self":[{"href":"https:\/\/www.ortungsgerate.de\/ru\/wp-json\/wp\/v2\/product\/26907","targetHints":{"allow":["GET"]}}],"collection":[{"href":"https:\/\/www.ortungsgerate.de\/ru\/wp-json\/wp\/v2\/product"}],"about":[{"href":"https:\/\/www.ortungsgerate.de\/ru\/wp-json\/wp\/v2\/types\/product"}],"version-history":[{"count":0,"href":"https:\/\/www.ortungsgerate.de\/ru\/wp-json\/wp\/v2\/product\/26907\/revisions"}],"wp:featuredmedia":[{"embeddable":true,"href":"https:\/\/www.ortungsgerate.de\/ru\/wp-json\/wp\/v2\/media\/26908"}],"wp:attachment":[{"href":"https:\/\/www.ortungsgerate.de\/ru\/wp-json\/wp\/v2\/media?parent=26907"}],"wp:term":[{"taxonomy":"brand","embeddable":true,"href":"https:\/\/www.ortungsgerate.de\/ru\/wp-json\/wp\/v2\/etheme_brands?post=26907"},{"taxonomy":"product_brand","embeddable":true,"href":"https:\/\/www.ortungsgerate.de\/ru\/wp-json\/wp\/v2\/product_brand?post=26907"},{"taxonomy":"product_cat","embeddable":true,"href":"https:\/\/www.ortungsgerate.de\/ru\/wp-json\/wp\/v2\/product_cat?post=26907"},{"taxonomy":"product_tag","embeddable":true,"href":"https:\/\/www.ortungsgerate.de\/ru\/wp-json\/wp\/v2\/product_tag?post=26907"}],"curies":[{"name":"wp","href":"https:\/\/api.w.org\/{rel}","templated":true}]}}