{"id":27113,"date":"2024-04-07T09:33:44","date_gmt":"2024-04-07T06:33:44","guid":{"rendered":"https:\/\/ortungsgerate.de\/?post_type=product&#038;p=27113"},"modified":"2025-11-26T19:01:36","modified_gmt":"2025-11-26T17:01:36","slug":"diffuzor-dlya-efirnykh-masel-s-taynym-skrytym-otdeleniem","status":"publish","type":"product","link":"https:\/\/www.ortungsgerate.de\/ru\/12-skrytyje-kamery\/diffuzor-dlya-efirnykh-masel-s-taynym-skrytym-otdeleniem\/","title":{"rendered":"\u0414\u0438\u0444\u0444\u0443\u0437\u043e\u0440 \u0434\u043b\u044f \u044d\u0444\u0438\u0440\u043d\u044b\u0445 \u043c\u0430\u0441\u0435\u043b \u0441 \u0442\u0430\u0439\u043d\u044b\u043c (\u0441\u043a\u0440\u044b\u0442\u044b\u043c) \u043e\u0442\u0434\u0435\u043b\u0435\u043d\u0438\u0435\u043c"},"content":{"rendered":"<h2><strong>\u0422\u0435\u0445\u043d\u0438\u0447\u0435\u0441\u043a\u0438\u0435 \u043f\u0430\u0440\u0430\u043c\u0435\u0442\u0440\u044b:<\/strong><\/h2>\n<ul>\n<li>Live-\u00dcberwachung des Bildes \u00fcber die mobile App<\/li>\n<li>Aromatherapie-Diffusor mit 120 ml Wassertank<\/li>\n<li>Wassertank 120 ml.<\/li>\n<li>100% funktionierender Diffusor<\/li>\n<li>Schnelle Einrichtung, dauert nur 2 Minuten.<\/li>\n<li>Live-\u00dcbertragung des Bildes auf das Telefon<\/li>\n<li>\u041d\u0435 \u0438\u0437\u0434\u0430\u0435\u0442 \u0437\u0432\u0443\u043a\u043e\u0432 \u0438 \u043d\u0435 \u0441\u0432\u0435\u0442\u0438\u0442\u0441\u044f<\/li>\n<li>Stromversorgung \u00fcber das Stromnetz, funktioniert st\u00e4ndig, kein Akku erforderlich<\/li>\n<li>\u0420\u0430\u0437\u0440\u0435\u0448\u0435\u043d\u0438\u0435 \u0437\u0430\u043f\u0438\u0441\u0438: Full HD<\/li>\n<li>\u0424\u043e\u0440\u043c\u0430\u0442 \u0432\u0438\u0434\u0435\u043e: AVI | \u043c\u0430\u043a\u0441 25fps<\/li>\n<li>Sichtwinkel: 100 \u00b0 sehr weitwinkel<\/li>\n<li>Audio: Mikrofon mit Ger\u00e4uschunterdr\u00fcckungsfunktion<\/li>\n<li>Aufladung \u00fcber USB-Kabel<\/li>\n<li>Video-Encoding: H264<\/li>\n<li>\u0426\u0432\u0435\u0442: \u0447\u0435\u0440\u043d\u043e\u0435 \u0434\u0435\u0440\u0435\u0432\u043e<\/li>\n<li>Lieferumfang: Wifi-Kamera, Aromatherapie-Diffusor, micro SD-Kartenleser, USB-Kabel<\/li>\n<li>Abmessungen: 168mm x 212mm<\/li>\n<li>\u0413\u0410\u0420\u0410\u041d\u0422\u0418\u042f 12 \u043c\u0435\u0441\u044f\u0446\u0435\u0432.<\/li>\n<\/ul>\n<p><strong class=\"rednew\">  \u2013  <\/strong><\/p>","protected":false},"excerpt":{"rendered":"<p>Technische Parameter: Live-\u00dcberwachung des Bildes \u00fcber die mobile App Aromatherapie-Diffusor mit 120 ml Wassertank Wassertank 120 ml. 100% funktionierender Diffusor Schnelle Einrichtung, dauert nur 2&#8230;<\/p>","protected":false},"featured_media":27125,"template":"","meta":[],"etheme_brands":[],"product_brand":[],"product_cat":[204,203,205],"product_tag":[690],"class_list":{"0":"post-27113","1":"product","2":"type-product","3":"status-publish","4":"has-post-thumbnail","6":"product_cat-17-getarnte-kameras","7":"product_cat-12-versteckte-kameras","8":"product_cat-27-wlan-minikameras","9":"product_tag-versteckte-kamera","10":"pa_typ-diffusoren-fuer-aetherische-oele","12":"first","13":"instock","14":"taxable","15":"shipping-taxable","16":"purchasable","17":"product-type-simple"},"yoast_head":"<!-- This site is optimized with the Yoast SEO Premium plugin v25.9 (Yoast SEO v27.4) - https:\/\/yoast.com\/product\/yoast-seo-premium-wordpress\/ -->\n<title>\u00c4therische \u00d6le Diffusor mit versteckter Kamera - Sekingoiranga.lt<\/title>\n<meta name=\"robots\" content=\"index, follow, max-snippet:-1, max-image-preview:large, max-video-preview:-1\" \/>\n<link rel=\"canonical\" href=\"https:\/\/www.ortungsgerate.de\/ru\/12-skrytyje-kamery\/diffuzor-dlya-efirnykh-masel-s-taynym-skrytym-otdeleniem\/\" \/>\n<meta property=\"og:locale\" content=\"ru_RU\" \/>\n<meta property=\"og:type\" content=\"article\" \/>\n<meta property=\"og:title\" content=\"Diffusor f\u00fcr \u00e4therische \u00d6le mit Geheimfach\" \/>\n<meta property=\"og:description\" content=\"Technische Parameter: Live-\u00dcberwachung des Bildes \u00fcber die mobile App Aromatherapie-Diffusor mit 120 ml Wassertank Wassertank 120 ml. 100% funktionierender Diffusor Schnelle Einrichtung, dauert nur 2...\" \/>\n<meta property=\"og:url\" content=\"https:\/\/www.ortungsgerate.de\/ru\/12-skrytyje-kamery\/diffuzor-dlya-efirnykh-masel-s-taynym-skrytym-otdeleniem\/\" \/>\n<meta property=\"og:site_name\" content=\"Ortungsger\u00e4te.de\" \/>\n<meta property=\"article:modified_time\" content=\"2025-11-26T17:01:36+00:00\" \/>\n<meta property=\"og:image\" content=\"https:\/\/www.ortungsgerate.de\/wp-content\/uploads\/oro-drekintuvas-slapta-kamera-defuzorius-1.jpg\" \/>\n\t<meta property=\"og:image:width\" content=\"1040\" \/>\n\t<meta property=\"og:image:height\" content=\"1040\" \/>\n\t<meta property=\"og:image:type\" content=\"image\/jpeg\" \/>\n<meta name=\"twitter:card\" content=\"summary_large_image\" \/>\n<meta name=\"twitter:label1\" content=\"\u041f\u0440\u0438\u043c\u0435\u0440\u043d\u043e\u0435 \u0432\u0440\u0435\u043c\u044f \u0434\u043b\u044f \u0447\u0442\u0435\u043d\u0438\u044f\" \/>\n\t<meta name=\"twitter:data1\" content=\"1 \u043c\u0438\u043d\u0443\u0442\u0430\" \/>\n<script type=\"application\/ld+json\" class=\"yoast-schema-graph\">{\"@context\":\"https:\\\/\\\/schema.org\",\"@graph\":[{\"@type\":\"WebPage\",\"@id\":\"https:\\\/\\\/www.ortungsgerate.de\\\/12-versteckte-kameras\\\/diffusor-fuer-aetherische-oele-mit-geheimfach\\\/\",\"url\":\"https:\\\/\\\/www.ortungsgerate.de\\\/12-versteckte-kameras\\\/diffusor-fuer-aetherische-oele-mit-geheimfach\\\/\",\"name\":\"\u00c4therische \u00d6le Diffusor mit versteckter Kamera - Sekingoiranga.lt\",\"isPartOf\":{\"@id\":\"https:\\\/\\\/www.ortungsgerate.de\\\/#website\"},\"primaryImageOfPage\":{\"@id\":\"https:\\\/\\\/www.ortungsgerate.de\\\/12-versteckte-kameras\\\/diffusor-fuer-aetherische-oele-mit-geheimfach\\\/#primaryimage\"},\"image\":{\"@id\":\"https:\\\/\\\/www.ortungsgerate.de\\\/12-versteckte-kameras\\\/diffusor-fuer-aetherische-oele-mit-geheimfach\\\/#primaryimage\"},\"thumbnailUrl\":\"https:\\\/\\\/www.ortungsgerate.de\\\/wp-content\\\/uploads\\\/oro-drekintuvas-slapta-kamera-defuzorius-1.jpg\",\"datePublished\":\"2024-04-07T06:33:44+00:00\",\"dateModified\":\"2025-11-26T17:01:36+00:00\",\"breadcrumb\":{\"@id\":\"https:\\\/\\\/www.ortungsgerate.de\\\/12-versteckte-kameras\\\/diffusor-fuer-aetherische-oele-mit-geheimfach\\\/#breadcrumb\"},\"inLanguage\":\"ru-RU\",\"potentialAction\":[{\"@type\":\"ReadAction\",\"target\":[\"https:\\\/\\\/www.ortungsgerate.de\\\/12-versteckte-kameras\\\/diffusor-fuer-aetherische-oele-mit-geheimfach\\\/\"]}]},{\"@type\":\"ImageObject\",\"inLanguage\":\"ru-RU\",\"@id\":\"https:\\\/\\\/www.ortungsgerate.de\\\/12-versteckte-kameras\\\/diffusor-fuer-aetherische-oele-mit-geheimfach\\\/#primaryimage\",\"url\":\"https:\\\/\\\/www.ortungsgerate.de\\\/wp-content\\\/uploads\\\/oro-drekintuvas-slapta-kamera-defuzorius-1.jpg\",\"contentUrl\":\"https:\\\/\\\/www.ortungsgerate.de\\\/wp-content\\\/uploads\\\/oro-drekintuvas-slapta-kamera-defuzorius-1.jpg\",\"width\":1040,\"height\":1040,\"caption\":\"Luftbefeuchter versteckte Kamera Diffusor\"},{\"@type\":\"BreadcrumbList\",\"@id\":\"https:\\\/\\\/www.ortungsgerate.de\\\/12-versteckte-kameras\\\/diffusor-fuer-aetherische-oele-mit-geheimfach\\\/#breadcrumb\",\"itemListElement\":[{\"@type\":\"ListItem\",\"position\":1,\"name\":\"Startseite\",\"item\":\"https:\\\/\\\/www.ortungsgerate.de\\\/\"},{\"@type\":\"ListItem\",\"position\":2,\"name\":\"Shop\",\"item\":\"https:\\\/\\\/www.ortungsgerate.de\\\/shop\\\/\"},{\"@type\":\"ListItem\",\"position\":3,\"name\":\"Diffusor f\u00fcr \u00e4therische \u00d6le mit Geheimfach\"}]},{\"@type\":\"WebSite\",\"@id\":\"https:\\\/\\\/www.ortungsgerate.de\\\/#website\",\"url\":\"https:\\\/\\\/www.ortungsgerate.de\\\/\",\"name\":\"Ortungsgerate.de\",\"description\":\"\",\"publisher\":{\"@id\":\"https:\\\/\\\/www.ortungsgerate.de\\\/#organization\"},\"potentialAction\":[{\"@type\":\"SearchAction\",\"target\":{\"@type\":\"EntryPoint\",\"urlTemplate\":\"https:\\\/\\\/www.ortungsgerate.de\\\/?s={search_term_string}\"},\"query-input\":{\"@type\":\"PropertyValueSpecification\",\"valueRequired\":true,\"valueName\":\"search_term_string\"}}],\"inLanguage\":\"ru-RU\"},{\"@type\":\"Organization\",\"@id\":\"https:\\\/\\\/www.ortungsgerate.de\\\/#organization\",\"name\":\"Ortungsgerate.de\",\"url\":\"https:\\\/\\\/www.ortungsgerate.de\\\/\",\"logo\":{\"@type\":\"ImageObject\",\"inLanguage\":\"ru-RU\",\"@id\":\"https:\\\/\\\/www.ortungsgerate.de\\\/#\\\/schema\\\/logo\\\/image\\\/\",\"url\":\"https:\\\/\\\/www.ortungsgerate.de\\\/wp-content\\\/uploads\\\/ortungsgerate.png\",\"contentUrl\":\"https:\\\/\\\/www.ortungsgerate.de\\\/wp-content\\\/uploads\\\/ortungsgerate.png\",\"width\":500,\"height\":135,\"caption\":\"Ortungsgerate.de\"},\"image\":{\"@id\":\"https:\\\/\\\/www.ortungsgerate.de\\\/#\\\/schema\\\/logo\\\/image\\\/\"}}]}<\/script>\n<!-- \/ Yoast SEO Premium plugin. -->","yoast_head_json":{"title":"\u00c4therische \u00d6le Diffusor mit versteckter Kamera - Sekingoiranga.lt","robots":{"index":"index","follow":"follow","max-snippet":"max-snippet:-1","max-image-preview":"max-image-preview:large","max-video-preview":"max-video-preview:-1"},"canonical":"https:\/\/www.ortungsgerate.de\/ru\/12-skrytyje-kamery\/diffuzor-dlya-efirnykh-masel-s-taynym-skrytym-otdeleniem\/","og_locale":"ru_RU","og_type":"article","og_title":"Diffusor f\u00fcr \u00e4therische \u00d6le mit Geheimfach","og_description":"Technische Parameter: Live-\u00dcberwachung des Bildes \u00fcber die mobile App Aromatherapie-Diffusor mit 120 ml Wassertank Wassertank 120 ml. 100% funktionierender Diffusor Schnelle Einrichtung, dauert nur 2...","og_url":"https:\/\/www.ortungsgerate.de\/ru\/12-skrytyje-kamery\/diffuzor-dlya-efirnykh-masel-s-taynym-skrytym-otdeleniem\/","og_site_name":"Ortungsger\u00e4te.de","article_modified_time":"2025-11-26T17:01:36+00:00","og_image":[{"width":1040,"height":1040,"url":"https:\/\/www.ortungsgerate.de\/wp-content\/uploads\/oro-drekintuvas-slapta-kamera-defuzorius-1.jpg","type":"image\/jpeg"}],"twitter_card":"summary_large_image","twitter_misc":{"\u041f\u0440\u0438\u043c\u0435\u0440\u043d\u043e\u0435 \u0432\u0440\u0435\u043c\u044f \u0434\u043b\u044f \u0447\u0442\u0435\u043d\u0438\u044f":"1 \u043c\u0438\u043d\u0443\u0442\u0430"},"schema":{"@context":"https:\/\/schema.org","@graph":[{"@type":"WebPage","@id":"https:\/\/www.ortungsgerate.de\/12-versteckte-kameras\/diffusor-fuer-aetherische-oele-mit-geheimfach\/","url":"https:\/\/www.ortungsgerate.de\/12-versteckte-kameras\/diffusor-fuer-aetherische-oele-mit-geheimfach\/","name":"\u00c4therische \u00d6le Diffusor mit versteckter Kamera - Sekingoiranga.lt","isPartOf":{"@id":"https:\/\/www.ortungsgerate.de\/#website"},"primaryImageOfPage":{"@id":"https:\/\/www.ortungsgerate.de\/12-versteckte-kameras\/diffusor-fuer-aetherische-oele-mit-geheimfach\/#primaryimage"},"image":{"@id":"https:\/\/www.ortungsgerate.de\/12-versteckte-kameras\/diffusor-fuer-aetherische-oele-mit-geheimfach\/#primaryimage"},"thumbnailUrl":"https:\/\/www.ortungsgerate.de\/wp-content\/uploads\/oro-drekintuvas-slapta-kamera-defuzorius-1.jpg","datePublished":"2024-04-07T06:33:44+00:00","dateModified":"2025-11-26T17:01:36+00:00","breadcrumb":{"@id":"https:\/\/www.ortungsgerate.de\/12-versteckte-kameras\/diffusor-fuer-aetherische-oele-mit-geheimfach\/#breadcrumb"},"inLanguage":"ru-RU","potentialAction":[{"@type":"ReadAction","target":["https:\/\/www.ortungsgerate.de\/12-versteckte-kameras\/diffusor-fuer-aetherische-oele-mit-geheimfach\/"]}]},{"@type":"ImageObject","inLanguage":"ru-RU","@id":"https:\/\/www.ortungsgerate.de\/12-versteckte-kameras\/diffusor-fuer-aetherische-oele-mit-geheimfach\/#primaryimage","url":"https:\/\/www.ortungsgerate.de\/wp-content\/uploads\/oro-drekintuvas-slapta-kamera-defuzorius-1.jpg","contentUrl":"https:\/\/www.ortungsgerate.de\/wp-content\/uploads\/oro-drekintuvas-slapta-kamera-defuzorius-1.jpg","width":1040,"height":1040,"caption":"Luftbefeuchter versteckte Kamera Diffusor"},{"@type":"BreadcrumbList","@id":"https:\/\/www.ortungsgerate.de\/12-versteckte-kameras\/diffusor-fuer-aetherische-oele-mit-geheimfach\/#breadcrumb","itemListElement":[{"@type":"ListItem","position":1,"name":"Startseite","item":"https:\/\/www.ortungsgerate.de\/"},{"@type":"ListItem","position":2,"name":"Shop","item":"https:\/\/www.ortungsgerate.de\/shop\/"},{"@type":"ListItem","position":3,"name":"Diffusor f\u00fcr \u00e4therische \u00d6le mit Geheimfach"}]},{"@type":"WebSite","@id":"https:\/\/www.ortungsgerate.de\/#website","url":"https:\/\/www.ortungsgerate.de\/","name":"Ortungsgerate.de","description":"","publisher":{"@id":"https:\/\/www.ortungsgerate.de\/#organization"},"potentialAction":[{"@type":"SearchAction","target":{"@type":"EntryPoint","urlTemplate":"https:\/\/www.ortungsgerate.de\/?s={search_term_string}"},"query-input":{"@type":"PropertyValueSpecification","valueRequired":true,"valueName":"search_term_string"}}],"inLanguage":"ru-RU"},{"@type":"Organization","@id":"https:\/\/www.ortungsgerate.de\/#organization","name":"Ortungsgerate.de","url":"https:\/\/www.ortungsgerate.de\/","logo":{"@type":"ImageObject","inLanguage":"ru-RU","@id":"https:\/\/www.ortungsgerate.de\/#\/schema\/logo\/image\/","url":"https:\/\/www.ortungsgerate.de\/wp-content\/uploads\/ortungsgerate.png","contentUrl":"https:\/\/www.ortungsgerate.de\/wp-content\/uploads\/ortungsgerate.png","width":500,"height":135,"caption":"Ortungsgerate.de"},"image":{"@id":"https:\/\/www.ortungsgerate.de\/#\/schema\/logo\/image\/"}}]}},"_links":{"self":[{"href":"https:\/\/www.ortungsgerate.de\/ru\/wp-json\/wp\/v2\/product\/27113","targetHints":{"allow":["GET"]}}],"collection":[{"href":"https:\/\/www.ortungsgerate.de\/ru\/wp-json\/wp\/v2\/product"}],"about":[{"href":"https:\/\/www.ortungsgerate.de\/ru\/wp-json\/wp\/v2\/types\/product"}],"version-history":[{"count":0,"href":"https:\/\/www.ortungsgerate.de\/ru\/wp-json\/wp\/v2\/product\/27113\/revisions"}],"wp:featuredmedia":[{"embeddable":true,"href":"https:\/\/www.ortungsgerate.de\/ru\/wp-json\/wp\/v2\/media\/27125"}],"wp:attachment":[{"href":"https:\/\/www.ortungsgerate.de\/ru\/wp-json\/wp\/v2\/media?parent=27113"}],"wp:term":[{"taxonomy":"brand","embeddable":true,"href":"https:\/\/www.ortungsgerate.de\/ru\/wp-json\/wp\/v2\/etheme_brands?post=27113"},{"taxonomy":"product_brand","embeddable":true,"href":"https:\/\/www.ortungsgerate.de\/ru\/wp-json\/wp\/v2\/product_brand?post=27113"},{"taxonomy":"product_cat","embeddable":true,"href":"https:\/\/www.ortungsgerate.de\/ru\/wp-json\/wp\/v2\/product_cat?post=27113"},{"taxonomy":"product_tag","embeddable":true,"href":"https:\/\/www.ortungsgerate.de\/ru\/wp-json\/wp\/v2\/product_tag?post=27113"}],"curies":[{"name":"wp","href":"https:\/\/api.w.org\/{rel}","templated":true}]}}