{"id":27131,"date":"2025-04-07T10:25:56","date_gmt":"2025-04-07T07:25:56","guid":{"rendered":"https:\/\/ortungsgerate.de\/?post_type=product&#038;p=27131"},"modified":"2025-11-26T19:01:36","modified_gmt":"2025-11-26T17:01:36","slug":"chasy-s-vysokokachestvennoy-kameroy-i-diktofonom","status":"publish","type":"product","link":"https:\/\/www.ortungsgerate.de\/ru\/12-skrytyje-kamery\/17-zamaskirovanyje-kamery\/chasy-s-vysokokachestvennoy-kameroy-i-diktofonom\/","title":{"rendered":"\u0427\u0430\u0441\u044b \u0441 \u0432\u044b\u0441\u043e\u043a\u043e\u043a\u0430\u0447\u0435\u0441\u0442\u0432\u0435\u043d\u043d\u043e\u0439 \u043a\u0430\u043c\u0435\u0440\u043e\u0439 \u0438 \u0434\u0438\u043a\u0442\u043e\u0444\u043e\u043d\u043e\u043c"},"content":{"rendered":"<h3><strong>\u0422\u0435\u0445\u043d\u0438\u0447\u0435\u0441\u043a\u0438\u0435 \u043f\u0430\u0440\u0430\u043c\u0435\u0442\u0440\u044b:<\/strong><\/h3>\n<ul>\n<li>Interner Speicher: 8GB bis zu 240 Minuten<\/li>\n<li>Teil des Geh\u00e4uses aus Metall<\/li>\n<li>Hohe Videoqualit\u00e4t<\/li>\n<li>Besonders einfache Bedienung<\/li>\n<li>Aufnahme von Ton w\u00e4hrend der Videoaufnahme<\/li>\n<li>Kann als Diktierger\u00e4t verwendet werden<\/li>\n<li>LED-Display<\/li>\n<li>Videoaufl\u00f6sung: Full-HD 1920 x 1080PX<\/li>\n<li>Videoformat: AVI, 30 Bilder\/Sekunde<\/li>\n<li>Integrierter Akku: 200mAh (wiederaufladbar)<\/li>\n<li>Videoaufnahmezeit: ca. 90 Minuten<\/li>\n<li>Audioaufnahmezeit: ca. 20 Stunden<\/li>\n<li>Laden: USB-Anschluss oder 5V Ladeger\u00e4t<\/li>\n<li>\u00dcberwachungswinkel: 70 \u00b0<\/li>\n<li>Fotoaufl\u00f6sung: HD 1280 x 720PX<\/li>\n<li>Gewicht und Abmessungen: 34 g; 27 mm x 56 mm x 13 mm<\/li>\n<li>\u0426\u0432\u0435\u0442: \u0447\u0435\u0440\u043d\u044b\u0439<\/li>\n<li><strong>\u0413\u0410\u0420\u0410\u041d\u0422\u0418\u042f 12 \u043c\u0435\u0441\u044f\u0446\u0435\u0432.<\/strong><\/li>\n<\/ul>\n<p><span style=\"color: #d0121a;\"><strong>  \u2013  <\/strong><\/span><\/p>\n<p class=\"\" data-start=\"0\" data-end=\"164\">Diese moderne und \u00e4u\u00dferst praktische Smartwatch mit versteckter Kamera und Diktierger\u00e4t ist die perfekte Wahl f\u00fcr diejenigen, die Funktionalit\u00e4t, Qualit\u00e4t und Diskretion sch\u00e4tzen.<\/p>\n<h3 class=\"\" data-start=\"166\" data-end=\"208\">\u2b50 <strong data-start=\"172\" data-end=\"208\">Warum sollten Sie diese Uhr w\u00e4hlen?<\/strong><\/h3>\n<p class=\"\" data-start=\"210\" data-end=\"308\">\ud83e\udde0 <strong data-start=\"213\" data-end=\"244\">Interner Speicher \u2013 ganze 8 GB!<\/strong><br data-start=\"244\" data-end=\"247\" \/>Speichert bis zu 240 Minuten hochqualitativer Full-HD-Videos.<\/p>\n<p class=\"\" data-start=\"310\" data-end=\"427\">\ud83d\udcf8 <strong data-start=\"313\" data-end=\"361\">Hohe Videoqualit\u00e4t \u2013 Full-HD 1920 x 1080PX<\/strong><br data-start=\"361\" data-end=\"364\" \/>Sie erfassen jedes Detail \u2013 sowohl visuell als auch akustisch.<\/p>\n<p class=\"\" data-start=\"429\" data-end=\"513\">\ud83c\udf99\ufe0f <strong data-start=\"433\" data-end=\"463\">Nimmt w\u00e4hrend der Aufnahme den Ton auf<\/strong><br data-start=\"463\" data-end=\"466\" \/>Ideal f\u00fcr geheime \u00dcberwachung oder Gespr\u00e4chsaufzeichnungen.<\/p>\n<p class=\"\" data-start=\"515\" data-end=\"598\">\ud83c\udfa7 <strong data-start=\"518\" data-end=\"548\">Kann als Diktierger\u00e4t verwendet werden<\/strong><br data-start=\"548\" data-end=\"551\" \/>Aufnahmezeit f\u00fcr Audio \u2013 bis zu <strong data-start=\"583\" data-end=\"597\">20 Stunden<\/strong>!<\/p>\n<p class=\"\" data-start=\"600\" data-end=\"690\">\ud83d\udca1 <strong data-start=\"603\" data-end=\"618\">LED-Display<\/strong><br data-start=\"618\" data-end=\"621\" \/>Klares und modernes Display, bequem zur Anzeige der Uhrzeit und des Batteriestatus.<\/p>\n<p class=\"\" data-start=\"692\" data-end=\"807\">\ud83d\udd0b <strong data-start=\"695\" data-end=\"725\">Integrierter 200mAh Akku<\/strong><br data-start=\"725\" data-end=\"728\" \/>Videoaufnahmezeit \u2013 ca. <strong data-start=\"757\" data-end=\"771\">90 Minuten<\/strong>, aufladbar \u00fcber USB oder 5V Ladeger\u00e4t.<\/p>\n<p class=\"\" data-start=\"809\" data-end=\"907\">\ud83c\udfa5 <strong data-start=\"812\" data-end=\"843\">Breiter 70\u00b0 \u00dcberwachungswinkel<\/strong><br data-start=\"843\" data-end=\"846\" \/>Deckt ein gro\u00dfes Gebiet ab, was besonders n\u00fctzlich ist, um die Umgebung zu beobachten.<\/p>\n<p class=\"\" data-start=\"909\" data-end=\"950\">\ud83d\udcf7 <strong data-start=\"912\" data-end=\"950\">Fotoaufl\u00f6sung \u2013 HD 1280 x 720PX<\/strong><\/p>\n<p class=\"\" data-start=\"952\" data-end=\"1009\">\ud83d\udd0c <strong data-start=\"955\" data-end=\"976\">Einfache Aufladung<\/strong><br data-start=\"976\" data-end=\"979\" \/>Verwendet einen normalen USB-Anschluss.<\/p>\n<p class=\"\" data-start=\"1011\" data-end=\"1096\">\u2699\ufe0f <strong data-start=\"1014\" data-end=\"1053\">Format: AVI, 30 Bilder pro Sekunde<\/strong> \u2013 fl\u00fcssige und qualitativ hochwertige Video-Wiedergabe.<\/p>\n<p class=\"\" data-start=\"1098\" data-end=\"1214\">\ud83d\udda4 <strong data-start=\"1101\" data-end=\"1165\">Design \u2013 elegantes schwarzes Geh\u00e4use, teilweise aus Metall<\/strong><br data-start=\"1165\" data-end=\"1168\" \/>Robustes, stilvolles und diskretes Accessoire.<\/p>\n<p class=\"\" data-start=\"1216\" data-end=\"1300\">\ud83d\udccf <strong data-start=\"1219\" data-end=\"1247\">Leicht und kompakt:<\/strong><br data-start=\"1247\" data-end=\"1250\" \/>Wiegt nur 34 g! Abmessungen \u2013 27 mm x 56 mm x 13 mm.<\/p>\n<p class=\"\" data-start=\"1302\" data-end=\"1364\">\ud83d\udd12 <strong data-start=\"1305\" data-end=\"1329\">12 Monate Garantie<\/strong><br data-start=\"1329\" data-end=\"1332\" \/>Beruhigung f\u00fcr Sie \u2013 Qualit\u00e4t garantiert.<\/p>\n<p data-start=\"1302\" data-end=\"1364\">Diese Uhr ist mehr als nur eine Uhr. Es ist <strong data-start=\"1418\" data-end=\"1491\">Ihr pers\u00f6nliches Sicherheitswerkzeug, versteckte Kamera und Diktierger\u00e4t in einem.<\/strong> Perfekte L\u00f6sung f\u00fcr gesch\u00e4ftliche und pers\u00f6nliche Bed\u00fcrfnisse.<\/p>","protected":false},"excerpt":{"rendered":"<h1><\/h1>","protected":false},"featured_media":27133,"template":"","meta":[],"etheme_brands":[],"product_brand":[],"product_cat":[208,210,207,204,203],"product_tag":[696,690,712],"class_list":{"0":"post-27131","1":"product","2":"type-product","3":"status-publish","4":"has-post-thumbnail","6":"product_cat-16-abhoergeraete","7":"product_cat-32-armbanduhren-mit-kamera","8":"product_cat-13-diktiergeraete","9":"product_cat-17-getarnte-kameras","10":"product_cat-12-versteckte-kameras","11":"product_tag-spionage-ausruestung","12":"product_tag-versteckte-kamera","13":"product_tag-versteckter-diktiergeraet","14":"pa_typ-armbanduhren","16":"first","17":"instock","18":"taxable","19":"shipping-taxable","20":"purchasable","21":"product-type-simple"},"yoast_head":"<!-- This site is optimized with the Yoast SEO Premium plugin v25.9 (Yoast SEO v27.4) - https:\/\/yoast.com\/product\/yoast-seo-premium-wordpress\/ -->\n<title>Sportuhr mit hochaufl\u00f6sendem Kamera und Diktierger\u00e4t<\/title>\n<meta name=\"description\" content=\"Sportuhr mit hochwertiger Kamera und Diktierger\u00e4t. Einfache Bedienung - mit einem Knopfdruck ein- und ausschaltbar. Sogar 192kbps Audioaufnahmen -\" \/>\n<meta name=\"robots\" content=\"index, follow, max-snippet:-1, max-image-preview:large, max-video-preview:-1\" \/>\n<link rel=\"canonical\" href=\"https:\/\/www.ortungsgerate.de\/ru\/12-skrytyje-kamery\/32-naruchnije-chasy-s-kameroj\/chasy-s-vysokokachestvennoy-kameroy-i-diktofonom\/\" \/>\n<meta property=\"og:locale\" content=\"ru_RU\" \/>\n<meta property=\"og:type\" content=\"article\" \/>\n<meta property=\"og:title\" content=\"Uhr mit hochwertiger Kamera und Diktierger\u00e4t\" \/>\n<meta property=\"og:description\" content=\"Sportuhr mit hochwertiger Kamera und Diktierger\u00e4t. Einfache Bedienung - mit einem Knopfdruck ein- und ausschaltbar. Sogar 192kbps Audioaufnahmen -\" \/>\n<meta property=\"og:url\" content=\"https:\/\/www.ortungsgerate.de\/ru\/12-skrytyje-kamery\/32-naruchnije-chasy-s-kameroj\/chasy-s-vysokokachestvennoy-kameroy-i-diktofonom\/\" \/>\n<meta property=\"og:site_name\" content=\"Ortungsger\u00e4te.de\" \/>\n<meta property=\"article:modified_time\" content=\"2025-11-26T17:01:36+00:00\" \/>\n<meta property=\"og:image\" content=\"https:\/\/www.ortungsgerate.de\/wp-content\/uploads\/rankinis-laikrodis-slapta-kamera-su-diktofonu.jpg\" \/>\n\t<meta property=\"og:image:width\" content=\"950\" \/>\n\t<meta property=\"og:image:height\" content=\"950\" \/>\n\t<meta property=\"og:image:type\" content=\"image\/jpeg\" \/>\n<meta name=\"twitter:card\" content=\"summary_large_image\" \/>\n<meta name=\"twitter:label1\" content=\"\u041f\u0440\u0438\u043c\u0435\u0440\u043d\u043e\u0435 \u0432\u0440\u0435\u043c\u044f \u0434\u043b\u044f \u0447\u0442\u0435\u043d\u0438\u044f\" \/>\n\t<meta name=\"twitter:data1\" content=\"2 \u043c\u0438\u043d\u0443\u0442\u044b\" \/>\n<script type=\"application\/ld+json\" class=\"yoast-schema-graph\">{\"@context\":\"https:\\\/\\\/schema.org\",\"@graph\":[{\"@type\":\"WebPage\",\"@id\":\"https:\\\/\\\/www.ortungsgerate.de\\\/12-versteckte-kameras\\\/32-armbanduhren-mit-kamera\\\/uhr-mit-hochwertiger-kamera-und-diktiergeraet-2\\\/\",\"url\":\"https:\\\/\\\/www.ortungsgerate.de\\\/12-versteckte-kameras\\\/32-armbanduhren-mit-kamera\\\/uhr-mit-hochwertiger-kamera-und-diktiergeraet-2\\\/\",\"name\":\"Sportuhr mit hochaufl\u00f6sendem Kamera und Diktierger\u00e4t\",\"isPartOf\":{\"@id\":\"https:\\\/\\\/www.ortungsgerate.de\\\/#website\"},\"primaryImageOfPage\":{\"@id\":\"https:\\\/\\\/www.ortungsgerate.de\\\/12-versteckte-kameras\\\/32-armbanduhren-mit-kamera\\\/uhr-mit-hochwertiger-kamera-und-diktiergeraet-2\\\/#primaryimage\"},\"image\":{\"@id\":\"https:\\\/\\\/www.ortungsgerate.de\\\/12-versteckte-kameras\\\/32-armbanduhren-mit-kamera\\\/uhr-mit-hochwertiger-kamera-und-diktiergeraet-2\\\/#primaryimage\"},\"thumbnailUrl\":\"https:\\\/\\\/www.ortungsgerate.de\\\/wp-content\\\/uploads\\\/rankinis-laikrodis-slapta-kamera-su-diktofonu.jpg\",\"datePublished\":\"2025-04-07T07:25:56+00:00\",\"dateModified\":\"2025-11-26T17:01:36+00:00\",\"description\":\"Sportuhr mit hochwertiger Kamera und Diktierger\u00e4t. Einfache Bedienung - mit einem Knopfdruck ein- und ausschaltbar. Sogar 192kbps Audioaufnahmen -\",\"breadcrumb\":{\"@id\":\"https:\\\/\\\/www.ortungsgerate.de\\\/12-versteckte-kameras\\\/32-armbanduhren-mit-kamera\\\/uhr-mit-hochwertiger-kamera-und-diktiergeraet-2\\\/#breadcrumb\"},\"inLanguage\":\"ru-RU\",\"potentialAction\":[{\"@type\":\"ReadAction\",\"target\":[\"https:\\\/\\\/www.ortungsgerate.de\\\/12-versteckte-kameras\\\/32-armbanduhren-mit-kamera\\\/uhr-mit-hochwertiger-kamera-und-diktiergeraet-2\\\/\"]}]},{\"@type\":\"ImageObject\",\"inLanguage\":\"ru-RU\",\"@id\":\"https:\\\/\\\/www.ortungsgerate.de\\\/12-versteckte-kameras\\\/32-armbanduhren-mit-kamera\\\/uhr-mit-hochwertiger-kamera-und-diktiergeraet-2\\\/#primaryimage\",\"url\":\"https:\\\/\\\/www.ortungsgerate.de\\\/wp-content\\\/uploads\\\/rankinis-laikrodis-slapta-kamera-su-diktofonu.jpg\",\"contentUrl\":\"https:\\\/\\\/www.ortungsgerate.de\\\/wp-content\\\/uploads\\\/rankinis-laikrodis-slapta-kamera-su-diktofonu.jpg\",\"width\":950,\"height\":950,\"caption\":\"Armbanduhr mit versteckter Kamera und Diktierger\u00e4t\"},{\"@type\":\"BreadcrumbList\",\"@id\":\"https:\\\/\\\/www.ortungsgerate.de\\\/12-versteckte-kameras\\\/32-armbanduhren-mit-kamera\\\/uhr-mit-hochwertiger-kamera-und-diktiergeraet-2\\\/#breadcrumb\",\"itemListElement\":[{\"@type\":\"ListItem\",\"position\":1,\"name\":\"Startseite\",\"item\":\"https:\\\/\\\/www.ortungsgerate.de\\\/\"},{\"@type\":\"ListItem\",\"position\":2,\"name\":\"Shop\",\"item\":\"https:\\\/\\\/www.ortungsgerate.de\\\/shop\\\/\"},{\"@type\":\"ListItem\",\"position\":3,\"name\":\"Uhr mit hochwertiger Kamera und Diktierger\u00e4t\"}]},{\"@type\":\"WebSite\",\"@id\":\"https:\\\/\\\/www.ortungsgerate.de\\\/#website\",\"url\":\"https:\\\/\\\/www.ortungsgerate.de\\\/\",\"name\":\"Ortungsgerate.de\",\"description\":\"\",\"publisher\":{\"@id\":\"https:\\\/\\\/www.ortungsgerate.de\\\/#organization\"},\"potentialAction\":[{\"@type\":\"SearchAction\",\"target\":{\"@type\":\"EntryPoint\",\"urlTemplate\":\"https:\\\/\\\/www.ortungsgerate.de\\\/?s={search_term_string}\"},\"query-input\":{\"@type\":\"PropertyValueSpecification\",\"valueRequired\":true,\"valueName\":\"search_term_string\"}}],\"inLanguage\":\"ru-RU\"},{\"@type\":\"Organization\",\"@id\":\"https:\\\/\\\/www.ortungsgerate.de\\\/#organization\",\"name\":\"Ortungsgerate.de\",\"url\":\"https:\\\/\\\/www.ortungsgerate.de\\\/\",\"logo\":{\"@type\":\"ImageObject\",\"inLanguage\":\"ru-RU\",\"@id\":\"https:\\\/\\\/www.ortungsgerate.de\\\/#\\\/schema\\\/logo\\\/image\\\/\",\"url\":\"https:\\\/\\\/www.ortungsgerate.de\\\/wp-content\\\/uploads\\\/ortungsgerate.png\",\"contentUrl\":\"https:\\\/\\\/www.ortungsgerate.de\\\/wp-content\\\/uploads\\\/ortungsgerate.png\",\"width\":500,\"height\":135,\"caption\":\"Ortungsgerate.de\"},\"image\":{\"@id\":\"https:\\\/\\\/www.ortungsgerate.de\\\/#\\\/schema\\\/logo\\\/image\\\/\"}}]}<\/script>\n<!-- \/ Yoast SEO Premium plugin. -->","yoast_head_json":{"title":"Sportuhr mit hochaufl\u00f6sendem Kamera und Diktierger\u00e4t","description":"Sportuhr mit hochwertiger Kamera und Diktierger\u00e4t. Einfache Bedienung - mit einem Knopfdruck ein- und ausschaltbar. Sogar 192kbps Audioaufnahmen -","robots":{"index":"index","follow":"follow","max-snippet":"max-snippet:-1","max-image-preview":"max-image-preview:large","max-video-preview":"max-video-preview:-1"},"canonical":"https:\/\/www.ortungsgerate.de\/ru\/12-skrytyje-kamery\/32-naruchnije-chasy-s-kameroj\/chasy-s-vysokokachestvennoy-kameroy-i-diktofonom\/","og_locale":"ru_RU","og_type":"article","og_title":"Uhr mit hochwertiger Kamera und Diktierger\u00e4t","og_description":"Sportuhr mit hochwertiger Kamera und Diktierger\u00e4t. Einfache Bedienung - mit einem Knopfdruck ein- und ausschaltbar. Sogar 192kbps Audioaufnahmen -","og_url":"https:\/\/www.ortungsgerate.de\/ru\/12-skrytyje-kamery\/32-naruchnije-chasy-s-kameroj\/chasy-s-vysokokachestvennoy-kameroy-i-diktofonom\/","og_site_name":"Ortungsger\u00e4te.de","article_modified_time":"2025-11-26T17:01:36+00:00","og_image":[{"width":950,"height":950,"url":"https:\/\/www.ortungsgerate.de\/wp-content\/uploads\/rankinis-laikrodis-slapta-kamera-su-diktofonu.jpg","type":"image\/jpeg"}],"twitter_card":"summary_large_image","twitter_misc":{"\u041f\u0440\u0438\u043c\u0435\u0440\u043d\u043e\u0435 \u0432\u0440\u0435\u043c\u044f \u0434\u043b\u044f \u0447\u0442\u0435\u043d\u0438\u044f":"2 \u043c\u0438\u043d\u0443\u0442\u044b"},"schema":{"@context":"https:\/\/schema.org","@graph":[{"@type":"WebPage","@id":"https:\/\/www.ortungsgerate.de\/12-versteckte-kameras\/32-armbanduhren-mit-kamera\/uhr-mit-hochwertiger-kamera-und-diktiergeraet-2\/","url":"https:\/\/www.ortungsgerate.de\/12-versteckte-kameras\/32-armbanduhren-mit-kamera\/uhr-mit-hochwertiger-kamera-und-diktiergeraet-2\/","name":"Sportuhr mit hochaufl\u00f6sendem Kamera und Diktierger\u00e4t","isPartOf":{"@id":"https:\/\/www.ortungsgerate.de\/#website"},"primaryImageOfPage":{"@id":"https:\/\/www.ortungsgerate.de\/12-versteckte-kameras\/32-armbanduhren-mit-kamera\/uhr-mit-hochwertiger-kamera-und-diktiergeraet-2\/#primaryimage"},"image":{"@id":"https:\/\/www.ortungsgerate.de\/12-versteckte-kameras\/32-armbanduhren-mit-kamera\/uhr-mit-hochwertiger-kamera-und-diktiergeraet-2\/#primaryimage"},"thumbnailUrl":"https:\/\/www.ortungsgerate.de\/wp-content\/uploads\/rankinis-laikrodis-slapta-kamera-su-diktofonu.jpg","datePublished":"2025-04-07T07:25:56+00:00","dateModified":"2025-11-26T17:01:36+00:00","description":"Sportuhr mit hochwertiger Kamera und Diktierger\u00e4t. Einfache Bedienung - mit einem Knopfdruck ein- und ausschaltbar. Sogar 192kbps Audioaufnahmen -","breadcrumb":{"@id":"https:\/\/www.ortungsgerate.de\/12-versteckte-kameras\/32-armbanduhren-mit-kamera\/uhr-mit-hochwertiger-kamera-und-diktiergeraet-2\/#breadcrumb"},"inLanguage":"ru-RU","potentialAction":[{"@type":"ReadAction","target":["https:\/\/www.ortungsgerate.de\/12-versteckte-kameras\/32-armbanduhren-mit-kamera\/uhr-mit-hochwertiger-kamera-und-diktiergeraet-2\/"]}]},{"@type":"ImageObject","inLanguage":"ru-RU","@id":"https:\/\/www.ortungsgerate.de\/12-versteckte-kameras\/32-armbanduhren-mit-kamera\/uhr-mit-hochwertiger-kamera-und-diktiergeraet-2\/#primaryimage","url":"https:\/\/www.ortungsgerate.de\/wp-content\/uploads\/rankinis-laikrodis-slapta-kamera-su-diktofonu.jpg","contentUrl":"https:\/\/www.ortungsgerate.de\/wp-content\/uploads\/rankinis-laikrodis-slapta-kamera-su-diktofonu.jpg","width":950,"height":950,"caption":"Armbanduhr mit versteckter Kamera und Diktierger\u00e4t"},{"@type":"BreadcrumbList","@id":"https:\/\/www.ortungsgerate.de\/12-versteckte-kameras\/32-armbanduhren-mit-kamera\/uhr-mit-hochwertiger-kamera-und-diktiergeraet-2\/#breadcrumb","itemListElement":[{"@type":"ListItem","position":1,"name":"Startseite","item":"https:\/\/www.ortungsgerate.de\/"},{"@type":"ListItem","position":2,"name":"Shop","item":"https:\/\/www.ortungsgerate.de\/shop\/"},{"@type":"ListItem","position":3,"name":"Uhr mit hochwertiger Kamera und Diktierger\u00e4t"}]},{"@type":"WebSite","@id":"https:\/\/www.ortungsgerate.de\/#website","url":"https:\/\/www.ortungsgerate.de\/","name":"Ortungsgerate.de","description":"","publisher":{"@id":"https:\/\/www.ortungsgerate.de\/#organization"},"potentialAction":[{"@type":"SearchAction","target":{"@type":"EntryPoint","urlTemplate":"https:\/\/www.ortungsgerate.de\/?s={search_term_string}"},"query-input":{"@type":"PropertyValueSpecification","valueRequired":true,"valueName":"search_term_string"}}],"inLanguage":"ru-RU"},{"@type":"Organization","@id":"https:\/\/www.ortungsgerate.de\/#organization","name":"Ortungsgerate.de","url":"https:\/\/www.ortungsgerate.de\/","logo":{"@type":"ImageObject","inLanguage":"ru-RU","@id":"https:\/\/www.ortungsgerate.de\/#\/schema\/logo\/image\/","url":"https:\/\/www.ortungsgerate.de\/wp-content\/uploads\/ortungsgerate.png","contentUrl":"https:\/\/www.ortungsgerate.de\/wp-content\/uploads\/ortungsgerate.png","width":500,"height":135,"caption":"Ortungsgerate.de"},"image":{"@id":"https:\/\/www.ortungsgerate.de\/#\/schema\/logo\/image\/"}}]}},"_links":{"self":[{"href":"https:\/\/www.ortungsgerate.de\/ru\/wp-json\/wp\/v2\/product\/27131","targetHints":{"allow":["GET"]}}],"collection":[{"href":"https:\/\/www.ortungsgerate.de\/ru\/wp-json\/wp\/v2\/product"}],"about":[{"href":"https:\/\/www.ortungsgerate.de\/ru\/wp-json\/wp\/v2\/types\/product"}],"version-history":[{"count":0,"href":"https:\/\/www.ortungsgerate.de\/ru\/wp-json\/wp\/v2\/product\/27131\/revisions"}],"wp:featuredmedia":[{"embeddable":true,"href":"https:\/\/www.ortungsgerate.de\/ru\/wp-json\/wp\/v2\/media\/27133"}],"wp:attachment":[{"href":"https:\/\/www.ortungsgerate.de\/ru\/wp-json\/wp\/v2\/media?parent=27131"}],"wp:term":[{"taxonomy":"brand","embeddable":true,"href":"https:\/\/www.ortungsgerate.de\/ru\/wp-json\/wp\/v2\/etheme_brands?post=27131"},{"taxonomy":"product_brand","embeddable":true,"href":"https:\/\/www.ortungsgerate.de\/ru\/wp-json\/wp\/v2\/product_brand?post=27131"},{"taxonomy":"product_cat","embeddable":true,"href":"https:\/\/www.ortungsgerate.de\/ru\/wp-json\/wp\/v2\/product_cat?post=27131"},{"taxonomy":"product_tag","embeddable":true,"href":"https:\/\/www.ortungsgerate.de\/ru\/wp-json\/wp\/v2\/product_tag?post=27131"}],"curies":[{"name":"wp","href":"https:\/\/api.w.org\/{rel}","templated":true}]}}