{"id":27771,"date":"2025-01-06T12:11:11","date_gmt":"2025-01-06T10:11:11","guid":{"rendered":"https:\/\/ortungsgerate.de\/?post_type=product&#038;p=27771"},"modified":"2025-12-19T09:44:08","modified_gmt":"2025-12-19T08:44:08","slug":"gps-osheynik-s-ustroystvom-otslezhivaniya-dlya-sobak-i-koshek-ip67","status":"publish","type":"product","link":"https:\/\/www.ortungsgerate.de\/ru\/15-gps-treker\/gps-osheynik-s-ustroystvom-otslezhivaniya-dlya-sobak-i-koshek-ip67\/","title":{"rendered":"GPS-\u043e\u0448\u0435\u0439\u043d\u0438\u043a \u0441 \u0443\u0441\u0442\u0440\u043e\u0439\u0441\u0442\u0432\u043e\u043c \u043e\u0442\u0441\u043b\u0435\u0436\u0438\u0432\u0430\u043d\u0438\u044f \u0434\u043b\u044f \u0441\u043e\u0431\u0430\u043a \u0438 \u043a\u043e\u0448\u0435\u043a IP67"},"content":{"rendered":"<h3><strong>\u0422\u0435\u0445\u043d\u0438\u0447\u0435\u0441\u043a\u0438\u0435 \u0434\u0430\u043d\u043d\u044b\u0435:<\/strong><\/h3>\n<ul>\n<li>Netze: GSM \/ GPRS \/ 4G<\/li>\n<li>Geeignet f\u00fcr kleine und gro\u00dfe Tiere<\/li>\n<li>Stoffhalsband<\/li>\n<li>GPS-Abweichung 10 Meter<\/li>\n<li>Nano-SIM-Karte erforderlich<\/li>\n<li>Gewicht des GPS-Trackers ohne Box: 28g.<\/li>\n<li>Unterst\u00fctzte Frequenzen: 850\/900\/1800\/1900 MHz (geeignet f\u00fcr alle SIM-Karten)<\/li>\n<li>GPS-Chip: MT6261<\/li>\n<li>GPS-Empfindlichkeit: 159 dBm<\/li>\n<li>Batterie: 3.7V 650mAh<\/li>\n<li>Micro-USB-Anschluss<\/li>\n<li>Online-Tracking: ja<\/li>\n<li>Wasserdicht IP 67<\/li>\n<li>Kostenloses Online-Tracking<\/li>\n<li>Kostenlose App f\u00fcr das Tracking<\/li>\n<li>Abmessungen 61,5 mm x 30,8 mm x 17,3 mm<\/li>\n<\/ul>\n<p><strong>\u041a\u043e\u043c\u043f\u043b\u0435\u043a\u0442\u0430\u0446\u0438\u044f:<\/strong><\/p>\n<ul>\n<li>GPS-\u0442\u0440\u0435\u043a\u0435\u0440;<\/li>\n<li>USB-\u043a\u0430\u0431\u0435\u043b\u044c<\/li>\n<li>Halterung<\/li>\n<li>Halsband<\/li>\n<li>\u0418\u043d\u0441\u0442\u0440\u0443\u043a\u0446\u0438\u044f \u043f\u043e \u044d\u043a\u0441\u043f\u043b\u0443\u0430\u0442\u0430\u0446\u0438\u0438 \u043d\u0430 \u043b\u0438\u0442\u043e\u0432\u0441\u043a\u043e\u043c \u044f\u0437\u044b\u043a\u0435<\/li>\n<li>\u0414\u043e\u0441\u0442\u0443\u043f \u043a \u0432\u0430\u0448\u0435\u043c\u0443 \u0430\u043a\u043a\u0430\u0443\u043d\u0442\u0443 (\u043f\u043e\u043b\u044c\u0437\u043e\u0432\u0430\u0442\u0435\u043b\u044c + \u043f\u0430\u0440\u043e\u043b\u044c)<\/li>\n<li><strong>\u0413\u0410\u0420\u0410\u041d\u0422\u0418\u042f 12 \u043c\u0435\u0441\u044f\u0446\u0435\u0432<\/strong><\/li>\n<\/ul>\n<h3 class=\"\" data-start=\"94\" data-end=\"170\"><strong data-start=\"98\" data-end=\"170\">GPS-Halsband f\u00fcr Hunde und Katzen \u2013 Sicherheit und Ruhe f\u00fcr Ihr Haustier<\/strong><\/h3>\n<p class=\"\" data-start=\"172\" data-end=\"388\">Machen Sie sich Sorgen, dass Ihr Haustier verloren gehen oder entlaufen k\u00f6nnte? Das GPS-Halsband ist eine moderne L\u00f6sung, mit der Sie den Standort Ihres Hundes oder Ihrer Katze in Echtzeit verfolgen und ihre Sicherheit jederzeit und \u00fcberall gew\u00e4hrleisten k\u00f6nnen.<\/p>\n<h4 class=\"\" data-start=\"390\" data-end=\"421\"><strong data-start=\"395\" data-end=\"421\">Hauptfunktionen:<\/strong><\/h4>\n<ul data-start=\"422\" data-end=\"1031\">\n<li class=\"\" data-start=\"422\" data-end=\"543\">\n<p class=\"\" data-start=\"424\" data-end=\"543\"><strong data-start=\"424\" data-end=\"449\">Echtzeit-Tracking<\/strong> \u2013 mit GPS, AGPS, LBS oder WiFi-Technologien sehen Sie genau, wo sich Ihr Haustier befindet.<\/p>\n<\/li>\n<li class=\"\" data-start=\"544\" data-end=\"625\">\n<p class=\"\" data-start=\"546\" data-end=\"625\"><strong data-start=\"546\" data-end=\"568\">Historienansicht<\/strong> \u2013 die M\u00f6glichkeit, zu sehen, wo das Tier zu einem bestimmten Zeitpunkt war.<\/p>\n<\/li>\n<li class=\"\" data-start=\"626\" data-end=\"738\">\n<p class=\"\" data-start=\"628\" data-end=\"738\"><strong data-start=\"628\" data-end=\"659\">Geofencing-Warnungen<\/strong> \u2013 legen Sie sichere Zonen fest und erhalten Sie Benachrichtigungen, wenn Ihr Haustier diese verl\u00e4sst.<\/p>\n<\/li>\n<li class=\"\" data-start=\"739\" data-end=\"829\">\n<p class=\"\" data-start=\"741\" data-end=\"829\"><strong data-start=\"741\" data-end=\"777\">Kompaktes und leichtes Design<\/strong> \u2013 bequem zu tragen f\u00fcr kleine Hunde und Katzen.<\/p>\n<\/li>\n<li class=\"\" data-start=\"830\" data-end=\"947\">\n<p class=\"\" data-start=\"832\" data-end=\"947\"><strong data-start=\"832\" data-end=\"865\">Lange Akkulaufzeit<\/strong> \u2013 der wiederaufladbare Akku h\u00e4lt je nach Nutzung mehrere Tage.<\/p>\n<\/li>\n<li class=\"\" data-start=\"948\" data-end=\"1031\">\n<p class=\"\" data-start=\"950\" data-end=\"1031\"><strong data-start=\"950\" data-end=\"974\">\u041c\u043e\u0431\u0438\u043b\u044c\u043d\u043e\u0435 \u043f\u0440\u0438\u043b\u043e\u0436\u0435\u043d\u0438\u0435<\/strong> \u2013 steuern Sie alle Funktionen von Ihrem Telefon aus (Android\/iOS).<\/p>\n<\/li>\n<\/ul>\n<h4 class=\"\" data-start=\"1033\" data-end=\"1075\"><strong data-start=\"1038\" data-end=\"1075\">Warum ein GPS-Halsband w\u00e4hlen?<\/strong><\/h4>\n<ul data-start=\"1076\" data-end=\"1343\">\n<li class=\"\" data-start=\"1076\" data-end=\"1133\">\n<p class=\"\" data-start=\"1078\" data-end=\"1133\">Sch\u00fctzen Sie Ihr Haustier vor dem Verlorengehen oder Diebstahl.<\/p>\n<\/li>\n<li class=\"\" data-start=\"1134\" data-end=\"1200\">\n<p class=\"\" data-start=\"1136\" data-end=\"1200\">Sie wissen immer, wo es ist \u2013 auch wenn Sie bei der Arbeit oder auf Reisen sind.<\/p>\n<\/li>\n<li class=\"\" data-start=\"1201\" data-end=\"1261\">\n<p class=\"\" data-start=\"1203\" data-end=\"1261\">Die M\u00f6glichkeit, die Bewegungsaktivit\u00e4t und Gewohnheiten Ihres Haustieres zu \u00fcberwachen.<\/p>\n<\/li>\n<li class=\"\" data-start=\"1262\" data-end=\"1343\">\n<p class=\"\" data-start=\"1264\" data-end=\"1343\">Einfach zu bedienen \u2013 legen Sie die SIM-Karte ein, laden Sie die App herunter und alles funktioniert!<\/p>\n<\/li>\n<\/ul>","protected":false},"excerpt":{"rendered":"<p>Technische Daten: Netze: GSM \/ GPRS \/ 4G Geeignet f\u00fcr kleine und gro\u00dfe Tiere Stoffhalsband GPS-Abweichung 10 Meter Nano-SIM-Karte erforderlich Gewicht des GPS-Trackers ohne Box:&#8230;<\/p>","protected":false},"featured_media":27772,"template":"","meta":[],"etheme_brands":[],"product_brand":[],"product_cat":[213],"product_tag":[733,732],"class_list":{"0":"post-27771","1":"product","2":"type-product","3":"status-publish","4":"has-post-thumbnail","6":"product_cat-15-gps-ueberwachungsgeraete","7":"product_tag-gps-fuer-hunde","8":"product_tag-gps-fuer-katzen","9":"pa_typ-fuer-tiere","11":"first","12":"instock","13":"taxable","14":"shipping-taxable","15":"purchasable","16":"product-type-simple"},"yoast_head":"<!-- This site is optimized with the Yoast SEO Premium plugin v25.9 (Yoast SEO v27.4) - https:\/\/yoast.com\/product\/yoast-seo-premium-wordpress\/ -->\n<title>GPS-Halsband mit Tracking-Ger\u00e4t f\u00fcr Hunde und Katzen IP67<\/title>\n<meta name=\"description\" content=\"GPS-Halsband f\u00fcr Hunde, Katzen und andere Tiere. Pr\u00e4zise Standortbestimmung, Abweichung von 10 Metern. Kostenloser Tracking-Server mit App f\u00fcr Mobiltelefone.\" \/>\n<meta name=\"robots\" content=\"index, follow, max-snippet:-1, max-image-preview:large, max-video-preview:-1\" \/>\n<link rel=\"canonical\" href=\"https:\/\/www.ortungsgerate.de\/ru\/15-gps-treker\/gps-osheynik-s-ustroystvom-otslezhivaniya-dlya-sobak-i-koshek-ip67\/\" \/>\n<meta property=\"og:locale\" content=\"ru_RU\" \/>\n<meta property=\"og:type\" content=\"article\" \/>\n<meta property=\"og:title\" content=\"GPS-Halsband mit Tracking-Ger\u00e4t f\u00fcr Hunde und Katzen IP67\" \/>\n<meta property=\"og:description\" content=\"GPS-Halsband f\u00fcr Hunde, Katzen und andere Tiere. Pr\u00e4zise Standortbestimmung, Abweichung von 10 Metern. Kostenloser Tracking-Server mit App f\u00fcr Mobiltelefone.\" \/>\n<meta property=\"og:url\" content=\"https:\/\/www.ortungsgerate.de\/ru\/15-gps-treker\/gps-osheynik-s-ustroystvom-otslezhivaniya-dlya-sobak-i-koshek-ip67\/\" \/>\n<meta property=\"og:site_name\" content=\"Ortungsger\u00e4te.de\" \/>\n<meta property=\"article:modified_time\" content=\"2025-12-19T08:44:08+00:00\" \/>\n<meta property=\"og:image\" content=\"https:\/\/www.ortungsgerate.de\/wp-content\/uploads\/Antkaklis-su-GPS-sunims-katems.jpg\" \/>\n\t<meta property=\"og:image:width\" content=\"800\" \/>\n\t<meta property=\"og:image:height\" content=\"800\" \/>\n\t<meta property=\"og:image:type\" content=\"image\/jpeg\" \/>\n<meta name=\"twitter:card\" content=\"summary_large_image\" \/>\n<meta name=\"twitter:label1\" content=\"\u041f\u0440\u0438\u043c\u0435\u0440\u043d\u043e\u0435 \u0432\u0440\u0435\u043c\u044f \u0434\u043b\u044f \u0447\u0442\u0435\u043d\u0438\u044f\" \/>\n\t<meta name=\"twitter:data1\" content=\"2 \u043c\u0438\u043d\u0443\u0442\u044b\" \/>\n<script type=\"application\/ld+json\" class=\"yoast-schema-graph\">{\"@context\":\"https:\\\/\\\/schema.org\",\"@graph\":[{\"@type\":\"WebPage\",\"@id\":\"https:\\\/\\\/www.ortungsgerate.de\\\/15-gps-ueberwachungsgeraete\\\/gps-halsband-mit-tracking-geraet-fuer-hunde-und-katzen-ip67\\\/\",\"url\":\"https:\\\/\\\/www.ortungsgerate.de\\\/15-gps-ueberwachungsgeraete\\\/gps-halsband-mit-tracking-geraet-fuer-hunde-und-katzen-ip67\\\/\",\"name\":\"GPS-Halsband mit Tracking-Ger\u00e4t f\u00fcr Hunde und Katzen IP67\",\"isPartOf\":{\"@id\":\"https:\\\/\\\/www.ortungsgerate.de\\\/#website\"},\"primaryImageOfPage\":{\"@id\":\"https:\\\/\\\/www.ortungsgerate.de\\\/15-gps-ueberwachungsgeraete\\\/gps-halsband-mit-tracking-geraet-fuer-hunde-und-katzen-ip67\\\/#primaryimage\"},\"image\":{\"@id\":\"https:\\\/\\\/www.ortungsgerate.de\\\/15-gps-ueberwachungsgeraete\\\/gps-halsband-mit-tracking-geraet-fuer-hunde-und-katzen-ip67\\\/#primaryimage\"},\"thumbnailUrl\":\"https:\\\/\\\/www.ortungsgerate.de\\\/wp-content\\\/uploads\\\/Antkaklis-su-GPS-sunims-katems.jpg\",\"datePublished\":\"2025-01-06T10:11:11+00:00\",\"dateModified\":\"2025-12-19T08:44:08+00:00\",\"description\":\"GPS-Halsband f\u00fcr Hunde, Katzen und andere Tiere. Pr\u00e4zise Standortbestimmung, Abweichung von 10 Metern. Kostenloser Tracking-Server mit App f\u00fcr Mobiltelefone.\",\"breadcrumb\":{\"@id\":\"https:\\\/\\\/www.ortungsgerate.de\\\/15-gps-ueberwachungsgeraete\\\/gps-halsband-mit-tracking-geraet-fuer-hunde-und-katzen-ip67\\\/#breadcrumb\"},\"inLanguage\":\"ru-RU\",\"potentialAction\":[{\"@type\":\"ReadAction\",\"target\":[\"https:\\\/\\\/www.ortungsgerate.de\\\/15-gps-ueberwachungsgeraete\\\/gps-halsband-mit-tracking-geraet-fuer-hunde-und-katzen-ip67\\\/\"]}]},{\"@type\":\"ImageObject\",\"inLanguage\":\"ru-RU\",\"@id\":\"https:\\\/\\\/www.ortungsgerate.de\\\/15-gps-ueberwachungsgeraete\\\/gps-halsband-mit-tracking-geraet-fuer-hunde-und-katzen-ip67\\\/#primaryimage\",\"url\":\"https:\\\/\\\/www.ortungsgerate.de\\\/wp-content\\\/uploads\\\/Antkaklis-su-GPS-sunims-katems.jpg\",\"contentUrl\":\"https:\\\/\\\/www.ortungsgerate.de\\\/wp-content\\\/uploads\\\/Antkaklis-su-GPS-sunims-katems.jpg\",\"width\":800,\"height\":800,\"caption\":\"GPS-Halsband f\u00fcr Hunde und Katzen\"},{\"@type\":\"BreadcrumbList\",\"@id\":\"https:\\\/\\\/www.ortungsgerate.de\\\/15-gps-ueberwachungsgeraete\\\/gps-halsband-mit-tracking-geraet-fuer-hunde-und-katzen-ip67\\\/#breadcrumb\",\"itemListElement\":[{\"@type\":\"ListItem\",\"position\":1,\"name\":\"Startseite\",\"item\":\"https:\\\/\\\/www.ortungsgerate.de\\\/\"},{\"@type\":\"ListItem\",\"position\":2,\"name\":\"Shop\",\"item\":\"https:\\\/\\\/www.ortungsgerate.de\\\/shop\\\/\"},{\"@type\":\"ListItem\",\"position\":3,\"name\":\"GPS-Halsband mit Tracking-Ger\u00e4t f\u00fcr Hunde und Katzen IP67\"}]},{\"@type\":\"WebSite\",\"@id\":\"https:\\\/\\\/www.ortungsgerate.de\\\/#website\",\"url\":\"https:\\\/\\\/www.ortungsgerate.de\\\/\",\"name\":\"Ortungsgerate.de\",\"description\":\"\",\"publisher\":{\"@id\":\"https:\\\/\\\/www.ortungsgerate.de\\\/#organization\"},\"potentialAction\":[{\"@type\":\"SearchAction\",\"target\":{\"@type\":\"EntryPoint\",\"urlTemplate\":\"https:\\\/\\\/www.ortungsgerate.de\\\/?s={search_term_string}\"},\"query-input\":{\"@type\":\"PropertyValueSpecification\",\"valueRequired\":true,\"valueName\":\"search_term_string\"}}],\"inLanguage\":\"ru-RU\"},{\"@type\":\"Organization\",\"@id\":\"https:\\\/\\\/www.ortungsgerate.de\\\/#organization\",\"name\":\"Ortungsgerate.de\",\"url\":\"https:\\\/\\\/www.ortungsgerate.de\\\/\",\"logo\":{\"@type\":\"ImageObject\",\"inLanguage\":\"ru-RU\",\"@id\":\"https:\\\/\\\/www.ortungsgerate.de\\\/#\\\/schema\\\/logo\\\/image\\\/\",\"url\":\"https:\\\/\\\/www.ortungsgerate.de\\\/wp-content\\\/uploads\\\/ortungsgerate.png\",\"contentUrl\":\"https:\\\/\\\/www.ortungsgerate.de\\\/wp-content\\\/uploads\\\/ortungsgerate.png\",\"width\":500,\"height\":135,\"caption\":\"Ortungsgerate.de\"},\"image\":{\"@id\":\"https:\\\/\\\/www.ortungsgerate.de\\\/#\\\/schema\\\/logo\\\/image\\\/\"}}]}<\/script>\n<!-- \/ Yoast SEO Premium plugin. -->","yoast_head_json":{"title":"GPS-\u043e\u0448\u0435\u0439\u043d\u0438\u043a \u0441 \u0443\u0441\u0442\u0440\u043e\u0439\u0441\u0442\u0432\u043e\u043c \u043e\u0442\u0441\u043b\u0435\u0436\u0438\u0432\u0430\u043d\u0438\u044f \u0434\u043b\u044f \u0441\u043e\u0431\u0430\u043a \u0438 \u043a\u043e\u0448\u0435\u043a IP67","description":"GPS-Halsband f\u00fcr Hunde, Katzen und andere Tiere. Pr\u00e4zise Standortbestimmung, Abweichung von 10 Metern. Kostenloser Tracking-Server mit App f\u00fcr Mobiltelefone.","robots":{"index":"index","follow":"follow","max-snippet":"max-snippet:-1","max-image-preview":"max-image-preview:large","max-video-preview":"max-video-preview:-1"},"canonical":"https:\/\/www.ortungsgerate.de\/ru\/15-gps-treker\/gps-osheynik-s-ustroystvom-otslezhivaniya-dlya-sobak-i-koshek-ip67\/","og_locale":"ru_RU","og_type":"article","og_title":"GPS-Halsband mit Tracking-Ger\u00e4t f\u00fcr Hunde und Katzen IP67","og_description":"GPS-Halsband f\u00fcr Hunde, Katzen und andere Tiere. Pr\u00e4zise Standortbestimmung, Abweichung von 10 Metern. Kostenloser Tracking-Server mit App f\u00fcr Mobiltelefone.","og_url":"https:\/\/www.ortungsgerate.de\/ru\/15-gps-treker\/gps-osheynik-s-ustroystvom-otslezhivaniya-dlya-sobak-i-koshek-ip67\/","og_site_name":"Ortungsger\u00e4te.de","article_modified_time":"2025-12-19T08:44:08+00:00","og_image":[{"width":800,"height":800,"url":"https:\/\/www.ortungsgerate.de\/wp-content\/uploads\/Antkaklis-su-GPS-sunims-katems.jpg","type":"image\/jpeg"}],"twitter_card":"summary_large_image","twitter_misc":{"\u041f\u0440\u0438\u043c\u0435\u0440\u043d\u043e\u0435 \u0432\u0440\u0435\u043c\u044f \u0434\u043b\u044f \u0447\u0442\u0435\u043d\u0438\u044f":"2 \u043c\u0438\u043d\u0443\u0442\u044b"},"schema":{"@context":"https:\/\/schema.org","@graph":[{"@type":"WebPage","@id":"https:\/\/www.ortungsgerate.de\/15-gps-ueberwachungsgeraete\/gps-halsband-mit-tracking-geraet-fuer-hunde-und-katzen-ip67\/","url":"https:\/\/www.ortungsgerate.de\/15-gps-ueberwachungsgeraete\/gps-halsband-mit-tracking-geraet-fuer-hunde-und-katzen-ip67\/","name":"GPS-\u043e\u0448\u0435\u0439\u043d\u0438\u043a \u0441 \u0443\u0441\u0442\u0440\u043e\u0439\u0441\u0442\u0432\u043e\u043c \u043e\u0442\u0441\u043b\u0435\u0436\u0438\u0432\u0430\u043d\u0438\u044f \u0434\u043b\u044f \u0441\u043e\u0431\u0430\u043a \u0438 \u043a\u043e\u0448\u0435\u043a IP67","isPartOf":{"@id":"https:\/\/www.ortungsgerate.de\/#website"},"primaryImageOfPage":{"@id":"https:\/\/www.ortungsgerate.de\/15-gps-ueberwachungsgeraete\/gps-halsband-mit-tracking-geraet-fuer-hunde-und-katzen-ip67\/#primaryimage"},"image":{"@id":"https:\/\/www.ortungsgerate.de\/15-gps-ueberwachungsgeraete\/gps-halsband-mit-tracking-geraet-fuer-hunde-und-katzen-ip67\/#primaryimage"},"thumbnailUrl":"https:\/\/www.ortungsgerate.de\/wp-content\/uploads\/Antkaklis-su-GPS-sunims-katems.jpg","datePublished":"2025-01-06T10:11:11+00:00","dateModified":"2025-12-19T08:44:08+00:00","description":"GPS-Halsband f\u00fcr Hunde, Katzen und andere Tiere. Pr\u00e4zise Standortbestimmung, Abweichung von 10 Metern. Kostenloser Tracking-Server mit App f\u00fcr Mobiltelefone.","breadcrumb":{"@id":"https:\/\/www.ortungsgerate.de\/15-gps-ueberwachungsgeraete\/gps-halsband-mit-tracking-geraet-fuer-hunde-und-katzen-ip67\/#breadcrumb"},"inLanguage":"ru-RU","potentialAction":[{"@type":"ReadAction","target":["https:\/\/www.ortungsgerate.de\/15-gps-ueberwachungsgeraete\/gps-halsband-mit-tracking-geraet-fuer-hunde-und-katzen-ip67\/"]}]},{"@type":"ImageObject","inLanguage":"ru-RU","@id":"https:\/\/www.ortungsgerate.de\/15-gps-ueberwachungsgeraete\/gps-halsband-mit-tracking-geraet-fuer-hunde-und-katzen-ip67\/#primaryimage","url":"https:\/\/www.ortungsgerate.de\/wp-content\/uploads\/Antkaklis-su-GPS-sunims-katems.jpg","contentUrl":"https:\/\/www.ortungsgerate.de\/wp-content\/uploads\/Antkaklis-su-GPS-sunims-katems.jpg","width":800,"height":800,"caption":"GPS-Halsband f\u00fcr Hunde und Katzen"},{"@type":"BreadcrumbList","@id":"https:\/\/www.ortungsgerate.de\/15-gps-ueberwachungsgeraete\/gps-halsband-mit-tracking-geraet-fuer-hunde-und-katzen-ip67\/#breadcrumb","itemListElement":[{"@type":"ListItem","position":1,"name":"Startseite","item":"https:\/\/www.ortungsgerate.de\/"},{"@type":"ListItem","position":2,"name":"Shop","item":"https:\/\/www.ortungsgerate.de\/shop\/"},{"@type":"ListItem","position":3,"name":"GPS-Halsband mit Tracking-Ger\u00e4t f\u00fcr Hunde und Katzen IP67"}]},{"@type":"WebSite","@id":"https:\/\/www.ortungsgerate.de\/#website","url":"https:\/\/www.ortungsgerate.de\/","name":"Ortungsgerate.de","description":"","publisher":{"@id":"https:\/\/www.ortungsgerate.de\/#organization"},"potentialAction":[{"@type":"SearchAction","target":{"@type":"EntryPoint","urlTemplate":"https:\/\/www.ortungsgerate.de\/?s={search_term_string}"},"query-input":{"@type":"PropertyValueSpecification","valueRequired":true,"valueName":"search_term_string"}}],"inLanguage":"ru-RU"},{"@type":"Organization","@id":"https:\/\/www.ortungsgerate.de\/#organization","name":"Ortungsgerate.de","url":"https:\/\/www.ortungsgerate.de\/","logo":{"@type":"ImageObject","inLanguage":"ru-RU","@id":"https:\/\/www.ortungsgerate.de\/#\/schema\/logo\/image\/","url":"https:\/\/www.ortungsgerate.de\/wp-content\/uploads\/ortungsgerate.png","contentUrl":"https:\/\/www.ortungsgerate.de\/wp-content\/uploads\/ortungsgerate.png","width":500,"height":135,"caption":"Ortungsgerate.de"},"image":{"@id":"https:\/\/www.ortungsgerate.de\/#\/schema\/logo\/image\/"}}]}},"_links":{"self":[{"href":"https:\/\/www.ortungsgerate.de\/ru\/wp-json\/wp\/v2\/product\/27771","targetHints":{"allow":["GET"]}}],"collection":[{"href":"https:\/\/www.ortungsgerate.de\/ru\/wp-json\/wp\/v2\/product"}],"about":[{"href":"https:\/\/www.ortungsgerate.de\/ru\/wp-json\/wp\/v2\/types\/product"}],"version-history":[{"count":0,"href":"https:\/\/www.ortungsgerate.de\/ru\/wp-json\/wp\/v2\/product\/27771\/revisions"}],"wp:featuredmedia":[{"embeddable":true,"href":"https:\/\/www.ortungsgerate.de\/ru\/wp-json\/wp\/v2\/media\/27772"}],"wp:attachment":[{"href":"https:\/\/www.ortungsgerate.de\/ru\/wp-json\/wp\/v2\/media?parent=27771"}],"wp:term":[{"taxonomy":"brand","embeddable":true,"href":"https:\/\/www.ortungsgerate.de\/ru\/wp-json\/wp\/v2\/etheme_brands?post=27771"},{"taxonomy":"product_brand","embeddable":true,"href":"https:\/\/www.ortungsgerate.de\/ru\/wp-json\/wp\/v2\/product_brand?post=27771"},{"taxonomy":"product_cat","embeddable":true,"href":"https:\/\/www.ortungsgerate.de\/ru\/wp-json\/wp\/v2\/product_cat?post=27771"},{"taxonomy":"product_tag","embeddable":true,"href":"https:\/\/www.ortungsgerate.de\/ru\/wp-json\/wp\/v2\/product_tag?post=27771"}],"curies":[{"name":"wp","href":"https:\/\/api.w.org\/{rel}","templated":true}]}}