{"id":28491,"date":"2025-07-03T13:28:42","date_gmt":"2025-07-03T10:28:42","guid":{"rendered":"https:\/\/ortungsgerate.de\/?post_type=product&#038;p=28491"},"modified":"2025-11-26T19:01:36","modified_gmt":"2025-11-26T17:01:36","slug":"klyuch-kamera-4k-ultra-clear-s-optikoy-sony-imx-i-wifi","status":"publish","type":"product","link":"https:\/\/www.ortungsgerate.de\/ru\/12-skrytyje-kamery\/17-zamaskirovanyje-kamery\/klyuch-kamera-4k-ultra-clear-s-optikoy-sony-imx-i-wifi\/","title":{"rendered":"\u041a\u043b\u044e\u0447-\u043a\u0430\u043c\u0435\u0440\u0430 4K ULTRA CLEAR \u0441 \u043e\u043f\u0442\u0438\u043a\u043e\u0439 SONY IMX \u0438 WiFi"},"content":{"rendered":"<h3><strong>\u0422\u0415\u0425\u041d\u0418\u0427\u0415\u0421\u041a\u0418\u0415 \u041f\u0410\u0420\u0410\u041c\u0415\u0422\u0420\u042b:<\/strong><\/h3>\n<ul>\n<li><strong>SONY IMX Sensor 8 MP<\/strong><\/li>\n<li>H\u00f6chste Bildqualit\u00e4t auf dem Markt<\/li>\n<li>Videoaufl\u00f6sung:<strong> 4K Videoqualit\u00e4t ULTRA CLEAR<\/strong> (3840&#215;2160)<\/li>\n<li>\u0418\u0437\u043e\u0431\u0440\u0430\u0436\u0435\u043d\u0438\u0435 \u0437\u0430\u043f\u0438\u0441\u044b\u0432\u0430\u0435\u0442\u0441\u044f \u0441\u043e \u0437\u0432\u0443\u043a\u043e\u043c<\/li>\n<li>Videoformat: H.264<\/li>\n<li>Bildrate FPS 4k 25FPS\/ 2,7k 30fps\/ Full HD 60 fps<\/li>\n<li>Fotoaufl\u00f6sung: 30MP, 20MP, 10MP, 7MP<\/li>\n<li>Unterst\u00fctzung f\u00fcr Speicherkarten: micro SD bis 128gb<\/li>\n<li>Interner Akku 900 mAh, kann 60-90 Minuten Video aufnehmen<\/li>\n<li>L\u00e4dt 2-3 Stunden<\/li>\n<li>M\u00f6glichkeit, die Kamera mit dem Telefon \u00fcber WLAN zu verbinden, um das Bild auf dem iPhone Android Telefon anzusehen<\/li>\n<li>\u0417\u0432\u0443\u043a: \u043c\u0438\u043a\u0440\u043e\u0444\u043e\u043d \u0441 \u0444\u0443\u043d\u043a\u0446\u0438\u0435\u0439 \u0448\u0443\u043c\u043e\u043f\u043e\u0434\u0430\u0432\u043b\u0435\u043d\u0438\u044f<\/li>\n<li>Verbindungsstandard: USB<\/li>\n<li>Akkulaufzeit: etwa 60-90 Minuten<\/li>\n<li>Kompatibilit\u00e4t: \u201eWindows, Mac OS\u201c<\/li>\n<li>Arbeitstemperatur: -10 \u00b0C ~ 60 \u00b0C<\/li>\n<li>Farbe: SCHWARZ<\/li>\n<li>Lieferumfang: Schl\u00fcssel, Kabel, Anh\u00e4nger, Schraubendreher (mini)<\/li>\n<li><strong>\u0413\u0410\u0420\u0410\u041d\u0422\u0418\u042f 12 \u043c\u0435\u0441\u044f\u0446\u0435\u0432.<\/strong><\/li>\n<\/ul>\n<p>Verwendung: Zum Schutz Ihrer selbst und Ihrer Kinder.<\/p>\n<h3 data-start=\"76\" data-end=\"150\"><strong data-start=\"80\" data-end=\"150\">Mini-Kamera Autoschl\u00fcssel \u2013 kabellose 4K HD Kamera<\/strong><\/h3>\n<p data-start=\"152\" data-end=\"557\"><strong data-start=\"152\" data-end=\"192\">Mini-Kamera Autoschl\u00fcssel <\/strong> \u2013 ist ein fortschrittliches \u00dcberwachungsger\u00e4t, meisterhaft in einem gew\u00f6hnlichen Autoschl\u00fcsselanh\u00e4nger verborgen. Es kann Video aufnehmen und Fotos machen.<\/p>\n<h3 data-start=\"564\" data-end=\"595\"><strong data-start=\"568\" data-end=\"595\">\u041e\u0441\u043d\u043e\u0432\u043d\u044b\u0435 \u043f\u0440\u0435\u0438\u043c\u0443\u0449\u0435\u0441\u0442\u0432\u0430<\/strong><\/h3>\n<h4 data-start=\"2355\" data-end=\"2413\">\u2705 <strong data-start=\"2362\" data-end=\"2413\">SONY IMX Sensor mit gro\u00dfem Dynamikbereich<\/strong><\/h4>\n<p data-start=\"2414\" data-end=\"2585\">Die Kamera funktioniert hervorragend unter verschiedenen Lichtbedingungen \u2013 selbst bei D\u00e4mmerung oder direkter Sonneneinstrahlung. Diese Technologie gew\u00e4hrleistet ein qualitativ hochwertiges Bild in jeder Situation.<\/p>\n<h4 data-start=\"1535\" data-end=\"1566\">\u2705 <strong data-start=\"1542\" data-end=\"1566\">4K \u201eUltra HD\u201c Qualit\u00e4t<\/strong><\/h4>\n<p data-start=\"1567\" data-end=\"1869\">Die Kamera \u00fcbertr\u00e4gt Live-Video in 4K Aufl\u00f6sung, was es erm\u00f6glicht, die Umgebung extrem klar und deutlich zu beobachten. Feinste Details werden erfasst \u2013 Gesichter, Nummernschilder oder Umgebungsobjekte. Das Ger\u00e4t nimmt auch \u201eFull HD\u201c (1080p) Videoqualit\u00e4t auf, sodass das gesamte Material leicht angesehen und analysiert werden kann.<\/p>\n<h4 data-start=\"1871\" data-end=\"1905\">\u2705 <strong data-start=\"1878\" data-end=\"1905\">Kabellose Verbindung mit Wi-Fi<\/strong><\/h4>\n<p data-start=\"1906\" data-end=\"2118\">Die integrierte Wi-Fi-Funktion erm\u00f6glicht es, die Kamera mit dem Telefon zu verbinden und das Bild direkt im WLAN-Netzwerk der Kamera zu \u00fcberwachen. Es ist nicht erforderlich, die Kamera mit einem Computer zu verbinden, um Aufnahmen anzusehen.<\/p>\n<h4 data-start=\"1302\" data-end=\"1343\">\u2705 <strong data-start=\"1309\" data-end=\"1343\">Einfache Steuerung mit einem Knopfdruck<\/strong><\/h4>\n<p data-start=\"1344\" data-end=\"1533\">Die Aufnahme kann mit einem einzigen Druck gestartet werden \u2013 es sind keine komplizierten Einstellungen oder lange Vorbereitungen erforderlich. Diese Funktion ist besonders n\u00fctzlich in hektischen oder unerwarteten Situationen, in denen jede Sekunde z\u00e4hlt.<\/p>\n<h4 data-start=\"597\" data-end=\"637\">\u2705 <strong data-start=\"604\" data-end=\"637\">Ununterbrochene Aufnahme 24\/7<\/strong><\/h4>\n<p data-start=\"638\" data-end=\"981\">Eine der herausragendsten Funktionen dieses Ger\u00e4ts ist die M\u00f6glichkeit, rund um die Uhr ununterbrochen Video aufzunehmen, wenn es an eine Stromquelle angeschlossen ist. Egal, ob es sich um eine Steckdose oder eine tragbare Batterie handelt \u2013 die Kamera erfasst alles ohne Unterbrechungen, sodass Sie keinen wichtigen Moment verpassen. Dies ist die ideale Wahl sowohl f\u00fcr den Heim- als auch f\u00fcr den Gesch\u00e4ftsbereich.<\/p>\n<h4 data-start=\"2120\" data-end=\"2178\">\u2705 <strong data-start=\"2127\" data-end=\"2178\">App f\u00fcr Smartphones (Android \/ iOS)<\/strong><\/h4>\n<p data-start=\"2179\" data-end=\"2353\">Eine spezielle App erm\u00f6glicht es, das Live-Bild anzusehen, Bewegungsbenachrichtigungen zu erhalten und die Einstellungen direkt von Ihrem Telefon aus zu \u00e4ndern. Dies gew\u00e4hrleistet eine bequeme und schnelle Steuerung.<\/p>\n<h4 data-start=\"2587\" data-end=\"2632\">\u2705 <strong data-start=\"2594\" data-end=\"2632\">Loop-Aufnahme<\/strong><\/h4>\n<p data-start=\"2633\" data-end=\"2804\">Wenn die Speicherkarte voll ist, werden die \u00e4ltesten Aufnahmen automatisch gel\u00f6scht, um Platz f\u00fcr neues Videomaterial zu schaffen. Sie m\u00fcssen nichts tun \u2013 das System arbeitet automatisch.<\/p>\n<h4 data-start=\"2806\" data-end=\"2841\">\u2705 <strong data-start=\"2813\" data-end=\"2841\">Video- und Tonaufnahme<\/strong><\/h4>\n<p data-start=\"2842\" data-end=\"3015\">Die Kamera verf\u00fcgt \u00fcber ein eingebautes Mikrofon, sodass sie nicht nur das Bild, sondern auch den Ton aufnimmt. Dies erm\u00f6glicht ein besseres Verst\u00e4ndnis des Kontextes der Ereignisse und das Festhalten wichtiger Details, wie Gespr\u00e4che.<\/p>\n<h4 data-start=\"3017\" data-end=\"3069\">\u2705 <strong data-start=\"3024\" data-end=\"3069\">Unterst\u00fctzt gro\u00dfe Speicherkarten<\/strong><\/h4>\n<p data-start=\"3070\" data-end=\"3174\">Es k\u00f6nnen bis zu 128 GB \u201eMicro SD\u201c Speicherkarten verwendet werden \u2013 dies erm\u00f6glicht eine lange ununterbrochene Aufnahme.<\/p>\n<h4 data-start=\"3176\" data-end=\"3205\">\u2705 <strong data-start=\"3183\" data-end=\"3205\">\u041f\u0435\u0440\u0435\u0437\u0430\u0440\u044f\u0436\u0430\u0435\u043c\u044b\u0439 \u0430\u043a\u043a\u0443\u043c\u0443\u043b\u044f\u0442\u043e\u0440<\/strong><\/h4>\n<p data-start=\"3206\" data-end=\"3354\">Die Kamera verf\u00fcgt \u00fcber einen integrierten wiederaufladbaren Akku, sodass sie auch ohne st\u00e4ndige Stromquelle funktioniert. Bei Bedarf einfach an USB anschlie\u00dfen und aufladen.<\/p>","protected":false},"excerpt":{"rendered":"<p>TECHNISCHE PARAMETER: SONY IMX Sensor 8 MP H\u00f6chste Bildqualit\u00e4t auf dem Markt Videoaufl\u00f6sung: 4K Videoqualit\u00e4t ULTRA CLEAR (3840&#215;2160) Bild wird mit Ton aufgenommen Videoformat: H.264&#8230;<\/p>","protected":false},"featured_media":28492,"template":"","meta":[],"etheme_brands":[],"product_brand":[],"product_cat":[204,203],"product_tag":[42,714,716,715,705,690],"class_list":{"0":"post-28491","1":"product","2":"type-product","3":"status-publish","4":"has-post-thumbnail","6":"product_cat-17-getarnte-kameras","7":"product_cat-12-versteckte-kameras","8":"product_tag-kamera","9":"product_tag-kamera-im-autoschluessel","10":"product_tag-kamera-wecker","11":"product_tag-kamerastativ","12":"product_tag-ueberwachungskamera","13":"product_tag-versteckte-kamera","14":"pa_typ-schluessel","16":"first","17":"instock","18":"taxable","19":"shipping-taxable","20":"purchasable","21":"product-type-simple"},"yoast_head":"<!-- This site is optimized with the Yoast SEO Premium plugin v25.9 (Yoast SEO v27.4) - https:\/\/yoast.com\/product\/yoast-seo-premium-wordpress\/ -->\n<title>Schl\u00fcssel Kamera 4K ULTRA CLEAR mit SONY IMX Optik und WiFi<\/title>\n<meta name=\"robots\" content=\"index, follow, max-snippet:-1, max-image-preview:large, max-video-preview:-1\" \/>\n<link rel=\"canonical\" href=\"https:\/\/www.ortungsgerate.de\/ru\/12-skrytyje-kamery\/17-zamaskirovanyje-kamery\/klyuch-kamera-4k-ultra-clear-s-optikoy-sony-imx-i-wifi\/\" \/>\n<meta property=\"og:locale\" content=\"ru_RU\" \/>\n<meta property=\"og:type\" content=\"article\" \/>\n<meta property=\"og:title\" content=\"Schl\u00fcssel Kamera 4K ULTRA CLEAR mit SONY IMX Optik und WiFi\" \/>\n<meta property=\"og:description\" content=\"TECHNISCHE PARAMETER: SONY IMX Sensor 8 MP H\u00f6chste Bildqualit\u00e4t auf dem Markt Videoaufl\u00f6sung: 4K Videoqualit\u00e4t ULTRA CLEAR (3840&#215;2160) Bild wird mit Ton aufgenommen Videoformat: H.264...\" \/>\n<meta property=\"og:url\" content=\"https:\/\/www.ortungsgerate.de\/ru\/12-skrytyje-kamery\/17-zamaskirovanyje-kamery\/klyuch-kamera-4k-ultra-clear-s-optikoy-sony-imx-i-wifi\/\" \/>\n<meta property=\"og:site_name\" content=\"Ortungsger\u00e4te.de\" \/>\n<meta property=\"article:modified_time\" content=\"2025-11-26T17:01:36+00:00\" \/>\n<meta property=\"og:image\" content=\"https:\/\/www.ortungsgerate.de\/wp-content\/uploads\/Slapta-kamera-4k-vaizdo-raiska.jpg\" \/>\n\t<meta property=\"og:image:width\" content=\"864\" \/>\n\t<meta property=\"og:image:height\" content=\"864\" \/>\n\t<meta property=\"og:image:type\" content=\"image\/jpeg\" \/>\n<meta name=\"twitter:card\" content=\"summary_large_image\" \/>\n<meta name=\"twitter:label1\" content=\"\u041f\u0440\u0438\u043c\u0435\u0440\u043d\u043e\u0435 \u0432\u0440\u0435\u043c\u044f \u0434\u043b\u044f \u0447\u0442\u0435\u043d\u0438\u044f\" \/>\n\t<meta name=\"twitter:data1\" content=\"3 \u043c\u0438\u043d\u0443\u0442\u044b\" \/>\n<script type=\"application\/ld+json\" class=\"yoast-schema-graph\">{\"@context\":\"https:\\\/\\\/schema.org\",\"@graph\":[{\"@type\":\"WebPage\",\"@id\":\"https:\\\/\\\/www.ortungsgerate.de\\\/12-versteckte-kameras\\\/17-getarnte-kameras\\\/schluessel-kamera-4k-ultra-clear-mit-sony-imx-optik-und-wifi\\\/\",\"url\":\"https:\\\/\\\/www.ortungsgerate.de\\\/12-versteckte-kameras\\\/17-getarnte-kameras\\\/schluessel-kamera-4k-ultra-clear-mit-sony-imx-optik-und-wifi\\\/\",\"name\":\"Schl\u00fcssel Kamera 4K ULTRA CLEAR mit SONY IMX Optik und WiFi\",\"isPartOf\":{\"@id\":\"https:\\\/\\\/www.ortungsgerate.de\\\/#website\"},\"primaryImageOfPage\":{\"@id\":\"https:\\\/\\\/www.ortungsgerate.de\\\/12-versteckte-kameras\\\/17-getarnte-kameras\\\/schluessel-kamera-4k-ultra-clear-mit-sony-imx-optik-und-wifi\\\/#primaryimage\"},\"image\":{\"@id\":\"https:\\\/\\\/www.ortungsgerate.de\\\/12-versteckte-kameras\\\/17-getarnte-kameras\\\/schluessel-kamera-4k-ultra-clear-mit-sony-imx-optik-und-wifi\\\/#primaryimage\"},\"thumbnailUrl\":\"https:\\\/\\\/www.ortungsgerate.de\\\/wp-content\\\/uploads\\\/Slapta-kamera-4k-vaizdo-raiska.jpg\",\"datePublished\":\"2025-07-03T10:28:42+00:00\",\"dateModified\":\"2025-11-26T17:01:36+00:00\",\"breadcrumb\":{\"@id\":\"https:\\\/\\\/www.ortungsgerate.de\\\/12-versteckte-kameras\\\/17-getarnte-kameras\\\/schluessel-kamera-4k-ultra-clear-mit-sony-imx-optik-und-wifi\\\/#breadcrumb\"},\"inLanguage\":\"ru-RU\",\"potentialAction\":[{\"@type\":\"ReadAction\",\"target\":[\"https:\\\/\\\/www.ortungsgerate.de\\\/12-versteckte-kameras\\\/17-getarnte-kameras\\\/schluessel-kamera-4k-ultra-clear-mit-sony-imx-optik-und-wifi\\\/\"]}]},{\"@type\":\"ImageObject\",\"inLanguage\":\"ru-RU\",\"@id\":\"https:\\\/\\\/www.ortungsgerate.de\\\/12-versteckte-kameras\\\/17-getarnte-kameras\\\/schluessel-kamera-4k-ultra-clear-mit-sony-imx-optik-und-wifi\\\/#primaryimage\",\"url\":\"https:\\\/\\\/www.ortungsgerate.de\\\/wp-content\\\/uploads\\\/Slapta-kamera-4k-vaizdo-raiska.jpg\",\"contentUrl\":\"https:\\\/\\\/www.ortungsgerate.de\\\/wp-content\\\/uploads\\\/Slapta-kamera-4k-vaizdo-raiska.jpg\",\"width\":864,\"height\":864,\"caption\":\"Versteckte Kamera 4K Videoaufl\u00f6sung\"},{\"@type\":\"BreadcrumbList\",\"@id\":\"https:\\\/\\\/www.ortungsgerate.de\\\/12-versteckte-kameras\\\/17-getarnte-kameras\\\/schluessel-kamera-4k-ultra-clear-mit-sony-imx-optik-und-wifi\\\/#breadcrumb\",\"itemListElement\":[{\"@type\":\"ListItem\",\"position\":1,\"name\":\"Startseite\",\"item\":\"https:\\\/\\\/www.ortungsgerate.de\\\/\"},{\"@type\":\"ListItem\",\"position\":2,\"name\":\"Shop\",\"item\":\"https:\\\/\\\/www.ortungsgerate.de\\\/shop\\\/\"},{\"@type\":\"ListItem\",\"position\":3,\"name\":\"Schl\u00fcssel Kamera 4K ULTRA CLEAR mit SONY IMX Optik und WiFi\"}]},{\"@type\":\"WebSite\",\"@id\":\"https:\\\/\\\/www.ortungsgerate.de\\\/#website\",\"url\":\"https:\\\/\\\/www.ortungsgerate.de\\\/\",\"name\":\"Ortungsgerate.de\",\"description\":\"\",\"publisher\":{\"@id\":\"https:\\\/\\\/www.ortungsgerate.de\\\/#organization\"},\"potentialAction\":[{\"@type\":\"SearchAction\",\"target\":{\"@type\":\"EntryPoint\",\"urlTemplate\":\"https:\\\/\\\/www.ortungsgerate.de\\\/?s={search_term_string}\"},\"query-input\":{\"@type\":\"PropertyValueSpecification\",\"valueRequired\":true,\"valueName\":\"search_term_string\"}}],\"inLanguage\":\"ru-RU\"},{\"@type\":\"Organization\",\"@id\":\"https:\\\/\\\/www.ortungsgerate.de\\\/#organization\",\"name\":\"Ortungsgerate.de\",\"url\":\"https:\\\/\\\/www.ortungsgerate.de\\\/\",\"logo\":{\"@type\":\"ImageObject\",\"inLanguage\":\"ru-RU\",\"@id\":\"https:\\\/\\\/www.ortungsgerate.de\\\/#\\\/schema\\\/logo\\\/image\\\/\",\"url\":\"https:\\\/\\\/www.ortungsgerate.de\\\/wp-content\\\/uploads\\\/ortungsgerate.png\",\"contentUrl\":\"https:\\\/\\\/www.ortungsgerate.de\\\/wp-content\\\/uploads\\\/ortungsgerate.png\",\"width\":500,\"height\":135,\"caption\":\"Ortungsgerate.de\"},\"image\":{\"@id\":\"https:\\\/\\\/www.ortungsgerate.de\\\/#\\\/schema\\\/logo\\\/image\\\/\"}}]}<\/script>\n<!-- \/ Yoast SEO Premium plugin. -->","yoast_head_json":{"title":"\u041a\u043b\u044e\u0447-\u043a\u0430\u043c\u0435\u0440\u0430 4K ULTRA CLEAR \u0441 \u043e\u043f\u0442\u0438\u043a\u043e\u0439 SONY IMX \u0438 WiFi","robots":{"index":"index","follow":"follow","max-snippet":"max-snippet:-1","max-image-preview":"max-image-preview:large","max-video-preview":"max-video-preview:-1"},"canonical":"https:\/\/www.ortungsgerate.de\/ru\/12-skrytyje-kamery\/17-zamaskirovanyje-kamery\/klyuch-kamera-4k-ultra-clear-s-optikoy-sony-imx-i-wifi\/","og_locale":"ru_RU","og_type":"article","og_title":"Schl\u00fcssel Kamera 4K ULTRA CLEAR mit SONY IMX Optik und WiFi","og_description":"TECHNISCHE PARAMETER: SONY IMX Sensor 8 MP H\u00f6chste Bildqualit\u00e4t auf dem Markt Videoaufl\u00f6sung: 4K Videoqualit\u00e4t ULTRA CLEAR (3840&#215;2160) Bild wird mit Ton aufgenommen Videoformat: H.264...","og_url":"https:\/\/www.ortungsgerate.de\/ru\/12-skrytyje-kamery\/17-zamaskirovanyje-kamery\/klyuch-kamera-4k-ultra-clear-s-optikoy-sony-imx-i-wifi\/","og_site_name":"Ortungsger\u00e4te.de","article_modified_time":"2025-11-26T17:01:36+00:00","og_image":[{"width":864,"height":864,"url":"https:\/\/www.ortungsgerate.de\/wp-content\/uploads\/Slapta-kamera-4k-vaizdo-raiska.jpg","type":"image\/jpeg"}],"twitter_card":"summary_large_image","twitter_misc":{"\u041f\u0440\u0438\u043c\u0435\u0440\u043d\u043e\u0435 \u0432\u0440\u0435\u043c\u044f \u0434\u043b\u044f \u0447\u0442\u0435\u043d\u0438\u044f":"3 \u043c\u0438\u043d\u0443\u0442\u044b"},"schema":{"@context":"https:\/\/schema.org","@graph":[{"@type":"WebPage","@id":"https:\/\/www.ortungsgerate.de\/12-versteckte-kameras\/17-getarnte-kameras\/schluessel-kamera-4k-ultra-clear-mit-sony-imx-optik-und-wifi\/","url":"https:\/\/www.ortungsgerate.de\/12-versteckte-kameras\/17-getarnte-kameras\/schluessel-kamera-4k-ultra-clear-mit-sony-imx-optik-und-wifi\/","name":"\u041a\u043b\u044e\u0447-\u043a\u0430\u043c\u0435\u0440\u0430 4K ULTRA CLEAR \u0441 \u043e\u043f\u0442\u0438\u043a\u043e\u0439 SONY IMX \u0438 WiFi","isPartOf":{"@id":"https:\/\/www.ortungsgerate.de\/#website"},"primaryImageOfPage":{"@id":"https:\/\/www.ortungsgerate.de\/12-versteckte-kameras\/17-getarnte-kameras\/schluessel-kamera-4k-ultra-clear-mit-sony-imx-optik-und-wifi\/#primaryimage"},"image":{"@id":"https:\/\/www.ortungsgerate.de\/12-versteckte-kameras\/17-getarnte-kameras\/schluessel-kamera-4k-ultra-clear-mit-sony-imx-optik-und-wifi\/#primaryimage"},"thumbnailUrl":"https:\/\/www.ortungsgerate.de\/wp-content\/uploads\/Slapta-kamera-4k-vaizdo-raiska.jpg","datePublished":"2025-07-03T10:28:42+00:00","dateModified":"2025-11-26T17:01:36+00:00","breadcrumb":{"@id":"https:\/\/www.ortungsgerate.de\/12-versteckte-kameras\/17-getarnte-kameras\/schluessel-kamera-4k-ultra-clear-mit-sony-imx-optik-und-wifi\/#breadcrumb"},"inLanguage":"ru-RU","potentialAction":[{"@type":"ReadAction","target":["https:\/\/www.ortungsgerate.de\/12-versteckte-kameras\/17-getarnte-kameras\/schluessel-kamera-4k-ultra-clear-mit-sony-imx-optik-und-wifi\/"]}]},{"@type":"ImageObject","inLanguage":"ru-RU","@id":"https:\/\/www.ortungsgerate.de\/12-versteckte-kameras\/17-getarnte-kameras\/schluessel-kamera-4k-ultra-clear-mit-sony-imx-optik-und-wifi\/#primaryimage","url":"https:\/\/www.ortungsgerate.de\/wp-content\/uploads\/Slapta-kamera-4k-vaizdo-raiska.jpg","contentUrl":"https:\/\/www.ortungsgerate.de\/wp-content\/uploads\/Slapta-kamera-4k-vaizdo-raiska.jpg","width":864,"height":864,"caption":"Versteckte Kamera 4K Videoaufl\u00f6sung"},{"@type":"BreadcrumbList","@id":"https:\/\/www.ortungsgerate.de\/12-versteckte-kameras\/17-getarnte-kameras\/schluessel-kamera-4k-ultra-clear-mit-sony-imx-optik-und-wifi\/#breadcrumb","itemListElement":[{"@type":"ListItem","position":1,"name":"Startseite","item":"https:\/\/www.ortungsgerate.de\/"},{"@type":"ListItem","position":2,"name":"Shop","item":"https:\/\/www.ortungsgerate.de\/shop\/"},{"@type":"ListItem","position":3,"name":"Schl\u00fcssel Kamera 4K ULTRA CLEAR mit SONY IMX Optik und WiFi"}]},{"@type":"WebSite","@id":"https:\/\/www.ortungsgerate.de\/#website","url":"https:\/\/www.ortungsgerate.de\/","name":"Ortungsgerate.de","description":"","publisher":{"@id":"https:\/\/www.ortungsgerate.de\/#organization"},"potentialAction":[{"@type":"SearchAction","target":{"@type":"EntryPoint","urlTemplate":"https:\/\/www.ortungsgerate.de\/?s={search_term_string}"},"query-input":{"@type":"PropertyValueSpecification","valueRequired":true,"valueName":"search_term_string"}}],"inLanguage":"ru-RU"},{"@type":"Organization","@id":"https:\/\/www.ortungsgerate.de\/#organization","name":"Ortungsgerate.de","url":"https:\/\/www.ortungsgerate.de\/","logo":{"@type":"ImageObject","inLanguage":"ru-RU","@id":"https:\/\/www.ortungsgerate.de\/#\/schema\/logo\/image\/","url":"https:\/\/www.ortungsgerate.de\/wp-content\/uploads\/ortungsgerate.png","contentUrl":"https:\/\/www.ortungsgerate.de\/wp-content\/uploads\/ortungsgerate.png","width":500,"height":135,"caption":"Ortungsgerate.de"},"image":{"@id":"https:\/\/www.ortungsgerate.de\/#\/schema\/logo\/image\/"}}]}},"_links":{"self":[{"href":"https:\/\/www.ortungsgerate.de\/ru\/wp-json\/wp\/v2\/product\/28491","targetHints":{"allow":["GET"]}}],"collection":[{"href":"https:\/\/www.ortungsgerate.de\/ru\/wp-json\/wp\/v2\/product"}],"about":[{"href":"https:\/\/www.ortungsgerate.de\/ru\/wp-json\/wp\/v2\/types\/product"}],"version-history":[{"count":0,"href":"https:\/\/www.ortungsgerate.de\/ru\/wp-json\/wp\/v2\/product\/28491\/revisions"}],"wp:featuredmedia":[{"embeddable":true,"href":"https:\/\/www.ortungsgerate.de\/ru\/wp-json\/wp\/v2\/media\/28492"}],"wp:attachment":[{"href":"https:\/\/www.ortungsgerate.de\/ru\/wp-json\/wp\/v2\/media?parent=28491"}],"wp:term":[{"taxonomy":"brand","embeddable":true,"href":"https:\/\/www.ortungsgerate.de\/ru\/wp-json\/wp\/v2\/etheme_brands?post=28491"},{"taxonomy":"product_brand","embeddable":true,"href":"https:\/\/www.ortungsgerate.de\/ru\/wp-json\/wp\/v2\/product_brand?post=28491"},{"taxonomy":"product_cat","embeddable":true,"href":"https:\/\/www.ortungsgerate.de\/ru\/wp-json\/wp\/v2\/product_cat?post=28491"},{"taxonomy":"product_tag","embeddable":true,"href":"https:\/\/www.ortungsgerate.de\/ru\/wp-json\/wp\/v2\/product_tag?post=28491"}],"curies":[{"name":"wp","href":"https:\/\/api.w.org\/{rel}","templated":true}]}}