{"id":28798,"date":"2025-08-05T10:02:21","date_gmt":"2025-08-05T07:02:21","guid":{"rendered":"https:\/\/ortungsgerate.de\/?post_type=product&#038;p=28798"},"modified":"2025-11-26T19:01:36","modified_gmt":"2025-11-26T17:01:36","slug":"besprovodnoe-zaryadnoe-ustroystvo-dlya-telefona-i-chasov-s-skrytoy-kameroy","status":"publish","type":"product","link":"https:\/\/www.ortungsgerate.de\/ru\/12-skrytyje-kamery\/besprovodnoe-zaryadnoe-ustroystvo-dlya-telefona-i-chasov-s-skrytoy-kameroy\/","title":{"rendered":"\u0411\u0435\u0441\u043f\u0440\u043e\u0432\u043e\u0434\u043d\u043e\u0435 \u0437\u0430\u0440\u044f\u0434\u043d\u043e\u0435 \u0443\u0441\u0442\u0440\u043e\u0439\u0441\u0442\u0432\u043e \u0434\u043b\u044f \u0442\u0435\u043b\u0435\u0444\u043e\u043d\u0430 \u0438 \u0447\u0430\u0441\u043e\u0432 \u0441 \u0441\u043a\u0440\u044b\u0442\u043e\u0439 \u043a\u0430\u043c\u0435\u0440\u043e\u0439"},"content":{"rendered":"<h3><strong>\u0422\u0435\u0445\u043d\u0438\u0447\u0435\u0441\u043a\u0438\u0435 \u043f\u0430\u0440\u0430\u043c\u0435\u0442\u0440\u044b:<\/strong><\/h3>\n<ul>\n<li>\u0414\u0438\u0441\u0442\u0430\u043d\u0446\u0438\u043e\u043d\u043d\u043e\u0435 \u043d\u0430\u0431\u043b\u044e\u0434\u0435\u043d\u0438\u0435: \u0414\u0410<\/li>\n<li>\u0418\u0437\u043e\u0431\u0440\u0430\u0436\u0435\u043d\u0438\u0435 \u0437\u0430\u043f\u0438\u0441\u044b\u0432\u0430\u0435\u0442\u0441\u044f \u0441\u043e \u0437\u0432\u0443\u043a\u043e\u043c<\/li>\n<li>\u041c\u043e\u0449\u043d\u043e\u0441\u0442\u044c \u0437\u0430\u0440\u044f\u0434\u043d\u043e\u0433\u043e \u0443\u0441\u0442\u0440\u043e\u0439\u0441\u0442\u0432\u0430 15 \u0412\u0442<\/li>\n<li>\u0423\u0441\u0442\u0430\u043d\u043e\u0432\u043a\u0430 \u0437\u0430\u043d\u0438\u043c\u0430\u0435\u0442 \u0432\u0441\u0435\u0433\u043e \u043d\u0435\u0441\u043a\u043e\u043b\u044c\u043a\u043e \u043c\u0438\u043d\u0443\u0442<\/li>\n<li>\u041a\u0430\u0447\u0435\u0441\u0442\u0432\u043e \u0432\u0438\u0434\u0435\u043e: 4K FULL HD1080P, 1920*1080<\/li>\n<li>Bilder k\u00f6nnen angezeigt werden: auf dem Telefon, Computer und Tablet<\/li>\n<li>\u041f\u0418\u0422\u0410\u041d\u0418\u0415 \u041e\u0422 \u0421\u0415\u0422\u0418 24\/7<\/li>\n<li>\u0420\u0435\u0436\u0438\u043c \u043e\u0431\u043d\u0430\u0440\u0443\u0436\u0435\u043d\u0438\u044f \u0434\u0432\u0438\u0436\u0435\u043d\u0438\u044f: \u0414\u0410 (\u0446\u0438\u0444\u0440\u043e\u0432\u043e\u0439)<\/li>\n<li>\u0423\u0433\u043e\u043b \u043e\u0431\u0437\u043e\u0440\u0430 110<\/li>\n<li>\u041f\u043e\u0434\u0434\u0435\u0440\u0436\u0438\u0432\u0430\u0435\u043c\u0430\u044f \u043a\u0430\u0440\u0442\u0430: 32-128 \u0413\u0411 (\u043a\u0430\u0440\u0442\u0430 \u043d\u0435 \u0432\u0445\u043e\u0434\u0438\u0442 \u0432 \u043a\u043e\u043c\u043f\u043b\u0435\u043a\u0442)<\/li>\n<li>1 \u0447\u0430\u0441 \u0432\u0438\u0434\u0435\u043e\u0437\u0430\u043f\u0438\u0441\u0438 315 \u041c\u0411<\/li>\n<li>\u0424\u043e\u0440\u043c\u0430\u0442 \u0441\u0436\u0430\u0442\u0438\u044f: AVI H.264<\/li>\n<li>\u041f\u043e\u0434\u0434\u0435\u0440\u0436\u0438\u0432\u0430\u0435\u043c\u044b\u0435 \u0441\u0438\u0441\u0442\u0435\u043c\u044b: \u201eiOS\u201c \u201eAndroid\u201c<\/li>\n<li>Apps: Android \/ iPhone<\/li>\n<li>\u041c\u0435\u0442\u043e\u0434\u044b \u043f\u0438\u0442\u0430\u043d\u0438\u044f: \u0431\u0430\u0442\u0430\u0440\u0435\u044f \u0438\u043b\u0438 \u043e\u0442 \u0441\u0435\u0442\u0438 (\u043d\u0430\u043f\u0440\u0438\u043c\u0435\u0440, \u0437\u0430\u0440\u044f\u0434\u043d\u043e\u0435 \u0443\u0441\u0442\u0440\u043e\u0439\u0441\u0442\u0432\u043e \u0434\u043b\u044f \u0442\u0435\u043b\u0435\u0444\u043e\u043d\u0430)<\/li>\n<li>Wi-Fi-\u0441\u043e\u0435\u0434\u0438\u043d\u0435\u043d\u0438\u0435: IEEE802.11 b \/ g \/ n<\/li>\n<li>\u0420\u0430\u0437\u043c\u0435\u0440\u044b \u0437\u0430\u0440\u044f\u0434\u043d\u043e\u0433\u043e \u0443\u0441\u0442\u0440\u043e\u0439\u0441\u0442\u0432\u0430: 187 \u043c\u043c x 61 \u043c\u043c x 91 \u043c\u043c<\/li>\n<li>\u0423\u043f\u0440\u0430\u0432\u043b\u0435\u043d\u0438\u0435 \u0437\u0430\u043f\u0438\u0441\u044c\u044e: \u0441 \u043b\u044e\u0431\u043e\u0433\u043e \u0443\u043c\u043d\u043e\u0433\u043e \u0443\u0441\u0442\u0440\u043e\u0439\u0441\u0442\u0432\u0430 (\u0442\u0435\u043b\u0435\u0444\u043e\u043d, \u043a\u043e\u043c\u043f\u044c\u044e\u0442\u0435\u0440 \u0438\u043b\u0438 \u043f\u043b\u0430\u043d\u0448\u0435\u0442).<\/li>\n<li><strong>\u0413\u0430\u0440\u0430\u043d\u0442\u0438\u044f 24 \u043c\u0435\u0441\u044f\u0446\u0430.<\/strong><\/li>\n<\/ul>\n<p>\u0418\u0441\u043f\u043e\u043b\u044c\u0437\u043e\u0432\u0430\u043d\u0438\u0435: \u0414\u043b\u044f \u0432\u0430\u0448\u0435\u0439 \u0431\u0435\u0437\u043e\u043f\u0430\u0441\u043d\u043e\u0441\u0442\u0438 \u0438 \u0431\u0435\u0437\u043e\u043f\u0430\u0441\u043d\u043e\u0441\u0442\u0438 \u0432\u0430\u0448\u0438\u0445 \u0434\u0435\u0442\u0435\u0439.<\/p>\n<p><span style=\"color: #d0121a;\"><strong><\/strong><\/span><\/p>\n<p>\u041e\u0441\u043e\u0431\u0435\u043d\u043d\u043e \u043a\u0430\u0447\u0435\u0441\u0442\u0432\u0435\u043d\u043d\u0430\u044f \u043a\u0430\u043c\u0435\u0440\u0430, \u043a\u043e\u0442\u043e\u0440\u0430\u044f \u043f\u0440\u043e\u0441\u0442\u0430 \u0432 \u0438\u0441\u043f\u043e\u043b\u044c\u0437\u043e\u0432\u0430\u043d\u0438\u0438. \u0418\u0434\u0435\u0430\u043b\u044c\u043d\u043e \u043f\u043e\u0434\u0445\u043e\u0434\u0438\u0442 \u0434\u043b\u044f \u0437\u0430\u0449\u0438\u0442\u044b \u0434\u043e\u043c\u0430 \u0438\u043b\u0438 \u043d\u0430\u0431\u043b\u044e\u0434\u0435\u043d\u0438\u044f \u0437\u0430 \u043d\u0435\u0441\u043e\u0432\u0435\u0440\u0448\u0435\u043d\u043d\u043e\u043b\u0435\u0442\u043d\u0438\u043c\u0438 \u0434\u0435\u0442\u044c\u043c\u0438. \u042d\u0442\u0430 \u0441\u043a\u0440\u044b\u0442\u0430\u044f \u043a\u0430\u043c\u0435\u0440\u0430 \u043c\u043e\u0436\u0435\u0442 \u0437\u0430\u043f\u0438\u0441\u044b\u0432\u0430\u0442\u044c \u043f\u0440\u0438 \u0434\u0432\u0438\u0436\u0435\u043d\u0438\u0438, \u0438 \u0438\u0437\u043e\u0431\u0440\u0430\u0436\u0435\u043d\u0438\u0435 \u043c\u043e\u0436\u0435\u0442 \u043e\u0442\u043e\u0431\u0440\u0430\u0436\u0430\u0442\u044c\u0441\u044f \u0432 \u0440\u0435\u0430\u043b\u044c\u043d\u043e\u043c \u0432\u0440\u0435\u043c\u0435\u043d\u0438 \u043d\u0430 \u043c\u043e\u0431\u0438\u043b\u044c\u043d\u043e\u043c \u0442\u0435\u043b\u0435\u0444\u043e\u043d\u0435. \u0423\u0441\u0442\u0430\u043d\u043e\u0432\u043a\u0430 \u043d\u0430\u0441\u0442\u043e\u043b\u044c\u043a\u043e \u043f\u0440\u043e\u0441\u0442\u0430, \u0447\u0442\u043e \u0432\u0430\u043c \u043f\u043e\u0442\u0440\u0435\u0431\u0443\u0435\u0442\u0441\u044f \u0432\u0441\u0435\u0433\u043e \u043d\u0435\u0441\u043a\u043e\u043b\u044c\u043a\u043e \u043c\u0438\u043d\u0443\u0442.<\/p>\n<p class=\"whitespace-normal break-words\"><strong>\u0424\u0443\u043d\u043a\u0446\u0438\u043e\u043d\u0430\u043b\u044c\u043d\u043e\u0441\u0442\u044c:<\/strong><\/p>\n<ul class=\"[&amp;:not(:last-child)_ul]:pb-1 [&amp;:not(:last-child)_ol]:pb-1 list-disc space-y-1.5 pl-7\">\n<li class=\"whitespace-normal break-words\">\u0414\u0432\u043e\u0439\u043d\u0430\u044f \u0437\u0430\u0440\u044f\u0434\u043a\u0430 (\u0442\u0435\u043b\u0435\u0444\u043e\u043d + \u043d\u0430\u0443\u0448\u043d\u0438\u043a\u0438\/\u0447\u0430\u0441\u044b \u043e\u0434\u043d\u043e\u0432\u0440\u0435\u043c\u0435\u043d\u043d\u043e)<\/li>\n<li>\u041c\u043e\u0449\u043d\u043e\u0441\u0442\u044c \u0437\u0430\u0440\u044f\u0434\u043a\u0438 15 \u0412\u0442<\/li>\n<li class=\"whitespace-normal break-words\">\u0412\u0441\u0442\u0440\u043e\u0435\u043d\u043d\u044b\u0435 \u0446\u0438\u0444\u0440\u043e\u0432\u044b\u0435 \u0447\u0430\u0441\u044b<\/li>\n<li class=\"whitespace-normal break-words\">\u0421\u043a\u0440\u044b\u0442\u0430\u044f \u043a\u0430\u043c\u0435\u0440\u0430 \u0441 \u043a\u0430\u0447\u0435\u0441\u0442\u0432\u043e\u043c \u0438\u0437\u043e\u0431\u0440\u0430\u0436\u0435\u043d\u0438\u044f 4K Full HD<\/li>\n<li class=\"whitespace-normal break-words\">\u0418\u0437\u043e\u0431\u0440\u0430\u0436\u0435\u043d\u0438\u0435 \u0437\u0430\u043f\u0438\u0441\u044b\u0432\u0430\u0435\u0442\u0441\u044f \u0441\u043e \u0437\u0432\u0443\u043a\u043e\u043c<\/li>\n<li class=\"whitespace-normal break-words\">\u0420\u0430\u0431\u043e\u0442\u0430 24\/7 \u043f\u0440\u0438 \u043f\u043e\u0434\u043a\u043b\u044e\u0447\u0435\u043d\u0438\u0438 \u043a \u0441\u0435\u0442\u0438<\/li>\n<\/ul>\n<p class=\"whitespace-normal break-words\"><strong>\u0422\u0435\u0445\u043d\u0438\u0447\u0435\u0441\u043a\u0438\u0435 \u0445\u0430\u0440\u0430\u043a\u0442\u0435\u0440\u0438\u0441\u0442\u0438\u043a\u0438:<\/strong><\/p>\n<ul class=\"[&amp;:not(:last-child)_ul]:pb-1 [&amp;:not(:last-child)_ol]:pb-1 list-disc space-y-1.5 pl-7\">\n<li class=\"whitespace-normal break-words\">\u0423\u0433\u043e\u043b \u043e\u0431\u0437\u043e\u0440\u0430: 110\u00b0<\/li>\n<li class=\"whitespace-normal break-words\">Bewegungserkennungsfunktion<\/li>\n<li class=\"whitespace-normal break-words\">Wi-Fi-\u0441\u043e\u0435\u0434\u0438\u043d\u0435\u043d\u0438\u0435 (IEEE802.11 b\/g\/n)<\/li>\n<li class=\"whitespace-normal break-words\">\u041f\u043e\u0434\u0434\u0435\u0440\u0436\u043a\u0430 \u043a\u0430\u0440\u0442 \u043f\u0430\u043c\u044f\u0442\u0438: 32-128 \u0413\u0411<\/li>\n<li class=\"whitespace-normal break-words\">\u0424\u043e\u0440\u043c\u0430\u0442 \u0444\u0430\u0439\u043b\u0430: AVI H.264<\/li>\n<\/ul>\n<p class=\"whitespace-normal break-words\"><strong>\u0423\u043f\u0440\u0430\u0432\u043b\u0435\u043d\u0438\u0435 \u0438 \u0441\u043e\u0432\u043c\u0435\u0441\u0442\u0438\u043c\u043e\u0441\u0442\u044c:<\/strong><\/p>\n<ul class=\"[&amp;:not(:last-child)_ul]:pb-1 [&amp;:not(:last-child)_ol]:pb-1 list-disc space-y-1.5 pl-7\">\n<li class=\"whitespace-normal break-words\">\u0414\u0438\u0441\u0442\u0430\u043d\u0446\u0438\u043e\u043d\u043d\u043e\u0435 \u043d\u0430\u0431\u043b\u044e\u0434\u0435\u043d\u0438\u0435 \u0447\u0435\u0440\u0435\u0437 \u0441\u043c\u0430\u0440\u0442-\u0443\u0441\u0442\u0440\u043e\u0439\u0441\u0442\u0432\u0430<\/li>\n<li class=\"whitespace-normal break-words\">\u0421\u043e\u0432\u043c\u0435\u0441\u0442\u0438\u043c\u043e \u0441 iOS, Android<\/li>\n<li class=\"whitespace-normal break-words\">\u0421\u043f\u0435\u0446\u0438\u0430\u043b\u044c\u043d\u043e\u0435 \u043f\u0440\u0438\u043b\u043e\u0436\u0435\u043d\u0438\u0435 \u0434\u043b\u044f \u0442\u0435\u043b\u0435\u0444\u043e\u043d\u043e\u0432<\/li>\n<li class=\"whitespace-normal break-words\">\u0423\u043f\u0440\u0430\u0432\u043b\u0435\u043d\u0438\u0435 \u0447\u0435\u0440\u0435\u0437 \u0442\u0435\u043b\u0435\u0444\u043e\u043d \u0438\u043b\u0438 \u043f\u043b\u0430\u043d\u0448\u0435\u0442<\/li>\n<\/ul>\n<p class=\"whitespace-normal break-words\"><strong>\u0424\u0438\u0437\u0438\u0447\u0435\u0441\u043a\u0438\u0435 \u0445\u0430\u0440\u0430\u043a\u0442\u0435\u0440\u0438\u0441\u0442\u0438\u043a\u0438:<\/strong><\/p>\n<ul class=\"[&amp;:not(:last-child)_ul]:pb-1 [&amp;:not(:last-child)_ol]:pb-1 list-disc space-y-1.5 pl-7\">\n<li class=\"whitespace-normal break-words\">\u041a\u043e\u043c\u043f\u0430\u043a\u0442\u043d\u044b\u0439, \u0441\u043e\u0432\u0440\u0435\u043c\u0435\u043d\u043d\u044b\u0439 \u0434\u0438\u0437\u0430\u0439\u043d<\/li>\n<li class=\"whitespace-normal break-words\">\u0420\u0430\u0431\u043e\u0442\u0430 \u043e\u0442 \u044d\u043b\u0435\u043a\u0442\u0440\u043e\u0441\u0435\u0442\u0438<\/li>\n<\/ul>\n<div class=\"iframe-container\"><\/div>","protected":false},"excerpt":{"rendered":"<p>Technische\u00a0Parameter: Fern\u00fcberwachung: JA Bild wird mit Ton aufgenommen Ladeleistung des Ladeger\u00e4ts 15W Installation dauert nur wenige Minuten Videoqualit\u00e4t: 4K FULL HD1080P, 1920*1080 Bilder k\u00f6nnen angezeigt&#8230;<\/p>","protected":false},"featured_media":28800,"template":"","meta":[],"etheme_brands":[],"product_brand":[],"product_cat":[204,203,205],"product_tag":[708,692,689,713,690,691,693],"class_list":{"0":"post-28798","1":"product","2":"type-product","3":"status-publish","4":"has-post-thumbnail","6":"product_cat-17-getarnte-kameras","7":"product_cat-12-versteckte-kameras","8":"product_cat-27-wlan-minikameras","9":"product_tag-kamera-fuer-die-ueberwachung","10":"product_tag-schneidekamera","11":"product_tag-sicherheitskamera","12":"product_tag-tarnkappkamera","13":"product_tag-versteckte-kamera","14":"product_tag-versteckte-ueberwachungskamera","15":"product_tag-wlan-kamera","16":"pa_typ-ladegeraete-verlaengerungskabel-mehrfachsteckdosen","18":"first","19":"instock","20":"taxable","21":"shipping-taxable","22":"purchasable","23":"product-type-simple"},"yoast_head":"<!-- This site is optimized with the Yoast SEO Premium plugin v25.9 (Yoast SEO v27.4) - https:\/\/yoast.com\/product\/yoast-seo-premium-wordpress\/ -->\n<title>Kabelloses Ladeger\u00e4t f\u00fcr Telefon und Uhr mit versteckter Kamera<\/title>\n<meta name=\"description\" content=\"WiFi versteckte \u00dcberwachungskamera FULL HD, leicht zu verstecken. Die Kamera hat einen externen Akku, der f\u00fcr bis zu 4 Stunden Aufnahmen reicht. Mini-Kamera l\u00e4sst sich leicht in M\u00f6beln verstecken.\" \/>\n<meta name=\"robots\" content=\"index, follow, max-snippet:-1, max-image-preview:large, max-video-preview:-1\" \/>\n<link rel=\"canonical\" href=\"https:\/\/www.ortungsgerate.de\/ru\/12-skrytyje-kamery\/besprovodnoe-zaryadnoe-ustroystvo-dlya-telefona-i-chasov-s-skrytoy-kameroy\/\" \/>\n<meta property=\"og:locale\" content=\"ru_RU\" \/>\n<meta property=\"og:type\" content=\"article\" \/>\n<meta property=\"og:title\" content=\"Kabelloser Ladeger\u00e4t f\u00fcr Telefon und Uhr mit versteckter Kamera\" \/>\n<meta property=\"og:description\" content=\"WiFi versteckte \u00dcberwachungskamera FULL HD, leicht zu verstecken. Die Kamera hat einen externen Akku, der f\u00fcr bis zu 4 Stunden Aufnahmen reicht. Mini-Kamera l\u00e4sst sich leicht in M\u00f6beln verstecken.\" \/>\n<meta property=\"og:url\" content=\"https:\/\/www.ortungsgerate.de\/ru\/12-skrytyje-kamery\/besprovodnoe-zaryadnoe-ustroystvo-dlya-telefona-i-chasov-s-skrytoy-kameroy\/\" \/>\n<meta property=\"og:site_name\" content=\"Ortungsger\u00e4te.de\" \/>\n<meta property=\"article:modified_time\" content=\"2025-11-26T17:01:36+00:00\" \/>\n<meta property=\"og:image\" content=\"https:\/\/www.ortungsgerate.de\/wp-content\/uploads\/slapta-vaizdo-kamera-bevielis-pakrovejas.jpg\" \/>\n\t<meta property=\"og:image:width\" content=\"638\" \/>\n\t<meta property=\"og:image:height\" content=\"577\" \/>\n\t<meta property=\"og:image:type\" content=\"image\/jpeg\" \/>\n<meta name=\"twitter:card\" content=\"summary_large_image\" \/>\n<meta name=\"twitter:label1\" content=\"\u041f\u0440\u0438\u043c\u0435\u0440\u043d\u043e\u0435 \u0432\u0440\u0435\u043c\u044f \u0434\u043b\u044f \u0447\u0442\u0435\u043d\u0438\u044f\" \/>\n\t<meta name=\"twitter:data1\" content=\"2 \u043c\u0438\u043d\u0443\u0442\u044b\" \/>\n<script type=\"application\/ld+json\" class=\"yoast-schema-graph\">{\"@context\":\"https:\\\/\\\/schema.org\",\"@graph\":[{\"@type\":\"WebPage\",\"@id\":\"https:\\\/\\\/www.ortungsgerate.de\\\/12-versteckte-kameras\\\/kabelloser-ladegeraet-fuer-telefon-und-uhr-mit-versteckter-kamera\\\/\",\"url\":\"https:\\\/\\\/www.ortungsgerate.de\\\/12-versteckte-kameras\\\/kabelloser-ladegeraet-fuer-telefon-und-uhr-mit-versteckter-kamera\\\/\",\"name\":\"Kabelloses Ladeger\u00e4t f\u00fcr Telefon und Uhr mit versteckter Kamera\",\"isPartOf\":{\"@id\":\"https:\\\/\\\/www.ortungsgerate.de\\\/#website\"},\"primaryImageOfPage\":{\"@id\":\"https:\\\/\\\/www.ortungsgerate.de\\\/12-versteckte-kameras\\\/kabelloser-ladegeraet-fuer-telefon-und-uhr-mit-versteckter-kamera\\\/#primaryimage\"},\"image\":{\"@id\":\"https:\\\/\\\/www.ortungsgerate.de\\\/12-versteckte-kameras\\\/kabelloser-ladegeraet-fuer-telefon-und-uhr-mit-versteckter-kamera\\\/#primaryimage\"},\"thumbnailUrl\":\"https:\\\/\\\/www.ortungsgerate.de\\\/wp-content\\\/uploads\\\/slapta-vaizdo-kamera-bevielis-pakrovejas.jpg\",\"datePublished\":\"2025-08-05T07:02:21+00:00\",\"dateModified\":\"2025-11-26T17:01:36+00:00\",\"description\":\"WiFi versteckte \u00dcberwachungskamera FULL HD, leicht zu verstecken. Die Kamera hat einen externen Akku, der f\u00fcr bis zu 4 Stunden Aufnahmen reicht. Mini-Kamera l\u00e4sst sich leicht in M\u00f6beln verstecken.\",\"breadcrumb\":{\"@id\":\"https:\\\/\\\/www.ortungsgerate.de\\\/12-versteckte-kameras\\\/kabelloser-ladegeraet-fuer-telefon-und-uhr-mit-versteckter-kamera\\\/#breadcrumb\"},\"inLanguage\":\"ru-RU\",\"potentialAction\":[{\"@type\":\"ReadAction\",\"target\":[\"https:\\\/\\\/www.ortungsgerate.de\\\/12-versteckte-kameras\\\/kabelloser-ladegeraet-fuer-telefon-und-uhr-mit-versteckter-kamera\\\/\"]}]},{\"@type\":\"ImageObject\",\"inLanguage\":\"ru-RU\",\"@id\":\"https:\\\/\\\/www.ortungsgerate.de\\\/12-versteckte-kameras\\\/kabelloser-ladegeraet-fuer-telefon-und-uhr-mit-versteckter-kamera\\\/#primaryimage\",\"url\":\"https:\\\/\\\/www.ortungsgerate.de\\\/wp-content\\\/uploads\\\/slapta-vaizdo-kamera-bevielis-pakrovejas.jpg\",\"contentUrl\":\"https:\\\/\\\/www.ortungsgerate.de\\\/wp-content\\\/uploads\\\/slapta-vaizdo-kamera-bevielis-pakrovejas.jpg\",\"width\":638,\"height\":577,\"caption\":\"versteckte Videokamera drahtloses Ladeger\u00e4t\"},{\"@type\":\"BreadcrumbList\",\"@id\":\"https:\\\/\\\/www.ortungsgerate.de\\\/12-versteckte-kameras\\\/kabelloser-ladegeraet-fuer-telefon-und-uhr-mit-versteckter-kamera\\\/#breadcrumb\",\"itemListElement\":[{\"@type\":\"ListItem\",\"position\":1,\"name\":\"Startseite\",\"item\":\"https:\\\/\\\/www.ortungsgerate.de\\\/\"},{\"@type\":\"ListItem\",\"position\":2,\"name\":\"Shop\",\"item\":\"https:\\\/\\\/www.ortungsgerate.de\\\/shop\\\/\"},{\"@type\":\"ListItem\",\"position\":3,\"name\":\"Kabelloser Ladeger\u00e4t f\u00fcr Telefon und Uhr mit versteckter Kamera\"}]},{\"@type\":\"WebSite\",\"@id\":\"https:\\\/\\\/www.ortungsgerate.de\\\/#website\",\"url\":\"https:\\\/\\\/www.ortungsgerate.de\\\/\",\"name\":\"Ortungsgerate.de\",\"description\":\"\",\"publisher\":{\"@id\":\"https:\\\/\\\/www.ortungsgerate.de\\\/#organization\"},\"potentialAction\":[{\"@type\":\"SearchAction\",\"target\":{\"@type\":\"EntryPoint\",\"urlTemplate\":\"https:\\\/\\\/www.ortungsgerate.de\\\/?s={search_term_string}\"},\"query-input\":{\"@type\":\"PropertyValueSpecification\",\"valueRequired\":true,\"valueName\":\"search_term_string\"}}],\"inLanguage\":\"ru-RU\"},{\"@type\":\"Organization\",\"@id\":\"https:\\\/\\\/www.ortungsgerate.de\\\/#organization\",\"name\":\"Ortungsgerate.de\",\"url\":\"https:\\\/\\\/www.ortungsgerate.de\\\/\",\"logo\":{\"@type\":\"ImageObject\",\"inLanguage\":\"ru-RU\",\"@id\":\"https:\\\/\\\/www.ortungsgerate.de\\\/#\\\/schema\\\/logo\\\/image\\\/\",\"url\":\"https:\\\/\\\/www.ortungsgerate.de\\\/wp-content\\\/uploads\\\/ortungsgerate.png\",\"contentUrl\":\"https:\\\/\\\/www.ortungsgerate.de\\\/wp-content\\\/uploads\\\/ortungsgerate.png\",\"width\":500,\"height\":135,\"caption\":\"Ortungsgerate.de\"},\"image\":{\"@id\":\"https:\\\/\\\/www.ortungsgerate.de\\\/#\\\/schema\\\/logo\\\/image\\\/\"}}]}<\/script>\n<!-- \/ Yoast SEO Premium plugin. -->","yoast_head_json":{"title":"\u0411\u0435\u0441\u043f\u0440\u043e\u0432\u043e\u0434\u043d\u043e\u0435 \u0437\u0430\u0440\u044f\u0434\u043d\u043e\u0435 \u0443\u0441\u0442\u0440\u043e\u0439\u0441\u0442\u0432\u043e \u0434\u043b\u044f \u0442\u0435\u043b\u0435\u0444\u043e\u043d\u0430 \u0438 \u0447\u0430\u0441\u043e\u0432 \u0441 \u0441\u043a\u0440\u044b\u0442\u043e\u0439 \u043a\u0430\u043c\u0435\u0440\u043e\u0439","description":"WiFi \u0441\u043a\u0440\u044b\u0442\u0430\u044f \u043a\u0430\u043c\u0435\u0440\u0430 \u043d\u0430\u0431\u043b\u044e\u0434\u0435\u043d\u0438\u044f FULL HD, \u043b\u0435\u0433\u043a\u043e \u0441\u043f\u0440\u044f\u0442\u0430\u0442\u044c.","robots":{"index":"index","follow":"follow","max-snippet":"max-snippet:-1","max-image-preview":"max-image-preview:large","max-video-preview":"max-video-preview:-1"},"canonical":"https:\/\/www.ortungsgerate.de\/ru\/12-skrytyje-kamery\/besprovodnoe-zaryadnoe-ustroystvo-dlya-telefona-i-chasov-s-skrytoy-kameroy\/","og_locale":"ru_RU","og_type":"article","og_title":"Kabelloser Ladeger\u00e4t f\u00fcr Telefon und Uhr mit versteckter Kamera","og_description":"WiFi versteckte \u00dcberwachungskamera FULL HD, leicht zu verstecken. Die Kamera hat einen externen Akku, der f\u00fcr bis zu 4 Stunden Aufnahmen reicht. Mini-Kamera l\u00e4sst sich leicht in M\u00f6beln verstecken.","og_url":"https:\/\/www.ortungsgerate.de\/ru\/12-skrytyje-kamery\/besprovodnoe-zaryadnoe-ustroystvo-dlya-telefona-i-chasov-s-skrytoy-kameroy\/","og_site_name":"Ortungsger\u00e4te.de","article_modified_time":"2025-11-26T17:01:36+00:00","og_image":[{"width":638,"height":577,"url":"https:\/\/www.ortungsgerate.de\/wp-content\/uploads\/slapta-vaizdo-kamera-bevielis-pakrovejas.jpg","type":"image\/jpeg"}],"twitter_card":"summary_large_image","twitter_misc":{"\u041f\u0440\u0438\u043c\u0435\u0440\u043d\u043e\u0435 \u0432\u0440\u0435\u043c\u044f \u0434\u043b\u044f \u0447\u0442\u0435\u043d\u0438\u044f":"2 \u043c\u0438\u043d\u0443\u0442\u044b"},"schema":{"@context":"https:\/\/schema.org","@graph":[{"@type":"WebPage","@id":"https:\/\/www.ortungsgerate.de\/12-versteckte-kameras\/kabelloser-ladegeraet-fuer-telefon-und-uhr-mit-versteckter-kamera\/","url":"https:\/\/www.ortungsgerate.de\/12-versteckte-kameras\/kabelloser-ladegeraet-fuer-telefon-und-uhr-mit-versteckter-kamera\/","name":"\u0411\u0435\u0441\u043f\u0440\u043e\u0432\u043e\u0434\u043d\u043e\u0435 \u0437\u0430\u0440\u044f\u0434\u043d\u043e\u0435 \u0443\u0441\u0442\u0440\u043e\u0439\u0441\u0442\u0432\u043e \u0434\u043b\u044f \u0442\u0435\u043b\u0435\u0444\u043e\u043d\u0430 \u0438 \u0447\u0430\u0441\u043e\u0432 \u0441 \u0441\u043a\u0440\u044b\u0442\u043e\u0439 \u043a\u0430\u043c\u0435\u0440\u043e\u0439","isPartOf":{"@id":"https:\/\/www.ortungsgerate.de\/#website"},"primaryImageOfPage":{"@id":"https:\/\/www.ortungsgerate.de\/12-versteckte-kameras\/kabelloser-ladegeraet-fuer-telefon-und-uhr-mit-versteckter-kamera\/#primaryimage"},"image":{"@id":"https:\/\/www.ortungsgerate.de\/12-versteckte-kameras\/kabelloser-ladegeraet-fuer-telefon-und-uhr-mit-versteckter-kamera\/#primaryimage"},"thumbnailUrl":"https:\/\/www.ortungsgerate.de\/wp-content\/uploads\/slapta-vaizdo-kamera-bevielis-pakrovejas.jpg","datePublished":"2025-08-05T07:02:21+00:00","dateModified":"2025-11-26T17:01:36+00:00","description":"WiFi \u0441\u043a\u0440\u044b\u0442\u0430\u044f \u043a\u0430\u043c\u0435\u0440\u0430 \u043d\u0430\u0431\u043b\u044e\u0434\u0435\u043d\u0438\u044f FULL HD, \u043b\u0435\u0433\u043a\u043e \u0441\u043f\u0440\u044f\u0442\u0430\u0442\u044c.","breadcrumb":{"@id":"https:\/\/www.ortungsgerate.de\/12-versteckte-kameras\/kabelloser-ladegeraet-fuer-telefon-und-uhr-mit-versteckter-kamera\/#breadcrumb"},"inLanguage":"ru-RU","potentialAction":[{"@type":"ReadAction","target":["https:\/\/www.ortungsgerate.de\/12-versteckte-kameras\/kabelloser-ladegeraet-fuer-telefon-und-uhr-mit-versteckter-kamera\/"]}]},{"@type":"ImageObject","inLanguage":"ru-RU","@id":"https:\/\/www.ortungsgerate.de\/12-versteckte-kameras\/kabelloser-ladegeraet-fuer-telefon-und-uhr-mit-versteckter-kamera\/#primaryimage","url":"https:\/\/www.ortungsgerate.de\/wp-content\/uploads\/slapta-vaizdo-kamera-bevielis-pakrovejas.jpg","contentUrl":"https:\/\/www.ortungsgerate.de\/wp-content\/uploads\/slapta-vaizdo-kamera-bevielis-pakrovejas.jpg","width":638,"height":577,"caption":"versteckte Videokamera drahtloses Ladeger\u00e4t"},{"@type":"BreadcrumbList","@id":"https:\/\/www.ortungsgerate.de\/12-versteckte-kameras\/kabelloser-ladegeraet-fuer-telefon-und-uhr-mit-versteckter-kamera\/#breadcrumb","itemListElement":[{"@type":"ListItem","position":1,"name":"Startseite","item":"https:\/\/www.ortungsgerate.de\/"},{"@type":"ListItem","position":2,"name":"Shop","item":"https:\/\/www.ortungsgerate.de\/shop\/"},{"@type":"ListItem","position":3,"name":"Kabelloser Ladeger\u00e4t f\u00fcr Telefon und Uhr mit versteckter Kamera"}]},{"@type":"WebSite","@id":"https:\/\/www.ortungsgerate.de\/#website","url":"https:\/\/www.ortungsgerate.de\/","name":"Ortungsgerate.de","description":"","publisher":{"@id":"https:\/\/www.ortungsgerate.de\/#organization"},"potentialAction":[{"@type":"SearchAction","target":{"@type":"EntryPoint","urlTemplate":"https:\/\/www.ortungsgerate.de\/?s={search_term_string}"},"query-input":{"@type":"PropertyValueSpecification","valueRequired":true,"valueName":"search_term_string"}}],"inLanguage":"ru-RU"},{"@type":"Organization","@id":"https:\/\/www.ortungsgerate.de\/#organization","name":"Ortungsgerate.de","url":"https:\/\/www.ortungsgerate.de\/","logo":{"@type":"ImageObject","inLanguage":"ru-RU","@id":"https:\/\/www.ortungsgerate.de\/#\/schema\/logo\/image\/","url":"https:\/\/www.ortungsgerate.de\/wp-content\/uploads\/ortungsgerate.png","contentUrl":"https:\/\/www.ortungsgerate.de\/wp-content\/uploads\/ortungsgerate.png","width":500,"height":135,"caption":"Ortungsgerate.de"},"image":{"@id":"https:\/\/www.ortungsgerate.de\/#\/schema\/logo\/image\/"}}]}},"_links":{"self":[{"href":"https:\/\/www.ortungsgerate.de\/ru\/wp-json\/wp\/v2\/product\/28798","targetHints":{"allow":["GET"]}}],"collection":[{"href":"https:\/\/www.ortungsgerate.de\/ru\/wp-json\/wp\/v2\/product"}],"about":[{"href":"https:\/\/www.ortungsgerate.de\/ru\/wp-json\/wp\/v2\/types\/product"}],"version-history":[{"count":0,"href":"https:\/\/www.ortungsgerate.de\/ru\/wp-json\/wp\/v2\/product\/28798\/revisions"}],"wp:featuredmedia":[{"embeddable":true,"href":"https:\/\/www.ortungsgerate.de\/ru\/wp-json\/wp\/v2\/media\/28800"}],"wp:attachment":[{"href":"https:\/\/www.ortungsgerate.de\/ru\/wp-json\/wp\/v2\/media?parent=28798"}],"wp:term":[{"taxonomy":"brand","embeddable":true,"href":"https:\/\/www.ortungsgerate.de\/ru\/wp-json\/wp\/v2\/etheme_brands?post=28798"},{"taxonomy":"product_brand","embeddable":true,"href":"https:\/\/www.ortungsgerate.de\/ru\/wp-json\/wp\/v2\/product_brand?post=28798"},{"taxonomy":"product_cat","embeddable":true,"href":"https:\/\/www.ortungsgerate.de\/ru\/wp-json\/wp\/v2\/product_cat?post=28798"},{"taxonomy":"product_tag","embeddable":true,"href":"https:\/\/www.ortungsgerate.de\/ru\/wp-json\/wp\/v2\/product_tag?post=28798"}],"curies":[{"name":"wp","href":"https:\/\/api.w.org\/{rel}","templated":true}]}}