{"id":29197,"date":"2025-09-11T08:42:41","date_gmt":"2025-09-11T05:42:41","guid":{"rendered":"https:\/\/ortungsgerate.de\/?post_type=product&#038;p=29197"},"modified":"2025-11-26T19:01:36","modified_gmt":"2025-11-26T17:01:36","slug":"uvlazhnitel-diffuzor-so-skrytoy-kameroy","status":"publish","type":"product","link":"https:\/\/www.ortungsgerate.de\/ru\/12-skrytyje-kamery\/uvlazhnitel-diffuzor-so-skrytoy-kameroy\/","title":{"rendered":"\u0423\u0432\u043b\u0430\u0436\u043d\u0438\u0442\u0435\u043b\u044c-\u0434\u0438\u0444\u0444\u0443\u0437\u043e\u0440 \u0441\u043e \u0441\u043a\u0440\u044b\u0442\u043e\u0439 \u043a\u0430\u043c\u0435\u0440\u043e\u0439"},"content":{"rendered":"<h2><strong>\u0422\u0435\u0445\u043d\u0438\u0447\u0435\u0441\u043a\u0438\u0435 \u0434\u0430\u043d\u043d\u044b\u0435:<\/strong><\/h2>\n<ul>\n<li style=\"list-style-type: none\">\n<ul>\n<li>Live-\u00dcberwachung des Bildes \u00fcber die mobile App<\/li>\n<li>Aromadiffusor mit 120ml Wassertank<\/li>\n<li>Wassertank 120ml.<\/li>\n<li>7 Farben Beleuchtung<\/li>\n<li>100% funktionierender Diffusor<\/li>\n<li>Schnelle Einrichtung in nur 2 Minuten.<\/li>\n<li>Live-\u00dcbertragung auf dem Telefon m\u00f6glich<\/li>\n<li>\u041d\u0435 \u0438\u0437\u0434\u0430\u0435\u0442 \u0437\u0432\u0443\u043a\u043e\u0432 \u0438 \u043d\u0435 \u0441\u0432\u0435\u0442\u0438\u0442\u0441\u044f<\/li>\n<li>Stromversorgung \u00fcber das Stromnetz, muss nicht aufgeladen werden<\/li>\n<li>\u0420\u0430\u0437\u0440\u0435\u0448\u0435\u043d\u0438\u0435 \u0437\u0430\u043f\u0438\u0441\u0438: Full HD<\/li>\n<li>\u0424\u043e\u0440\u043c\u0430\u0442 \u0432\u0438\u0434\u0435\u043e: AVI | \u043c\u0430\u043a\u0441 25fps<\/li>\n<li>\u0423\u0433\u043e\u043b \u043e\u0431\u0437\u043e\u0440\u0430: 100 \u00b0 \u043e\u0447\u0435\u043d\u044c \u0448\u0438\u0440\u043e\u043a\u0438\u0439 \u0443\u0433\u043e\u043b<\/li>\n<li>\u0417\u0432\u0443\u043a: \u043c\u0438\u043a\u0440\u043e\u0444\u043e\u043d \u0441 \u0444\u0443\u043d\u043a\u0446\u0438\u0435\u0439 \u0448\u0443\u043c\u043e\u043f\u043e\u0434\u0430\u0432\u043b\u0435\u043d\u0438\u044f<\/li>\n<li>Aufladung \u00fcber USB-Kabel<\/li>\n<li>Video-Encoding: H264<\/li>\n<li>\u0426\u0432\u0435\u0442: \u0447\u0435\u0440\u043d\u043e\u0435 \u0434\u0435\u0440\u0435\u0432\u043e<\/li>\n<li>Lieferumfang: Wifi-Kamera Aromadiffusor, micro SD-Kartenleser, USB-Kabel<\/li>\n<li>Abmessungen: 115mm x 115mm x 193mm<\/li>\n<li>\u0413\u0410\u0420\u0410\u041d\u0422\u0418\u042f 12 \u043c\u0435\u0441\u044f\u0446\u0435\u0432.<\/li>\n<\/ul>\n<\/li>\n<\/ul>\n<p data-start=\"85\" data-end=\"139\"><strong data-start=\"85\" data-end=\"137\">Diffusor\u2013Luftbefeuchter mit versteckter Kamera<\/strong><\/p>\n<p data-start=\"141\" data-end=\"422\">Dieses Ger\u00e4t kombiniert mehrere n\u00fctzliche Funktionen in einem: Es befeuchtet die Raumluft, kann den Duft eines ausgew\u00e4hlten Aromas verbreiten und verf\u00fcgt \u00fcber eine integrierte \u00dcberwachungskamera. Es ist eine praktische L\u00f6sung f\u00fcr diejenigen, die eine gem\u00fctliche Atmosph\u00e4re zu Hause schaffen und gleichzeitig \u00fcberwachen m\u00f6chten, was in ihrem Raum passiert.<\/p>\n<p data-start=\"424\" data-end=\"632\">Die Kamerafunktion erm\u00f6glicht es, die Situation aus der Ferne zu \u00fcberpr\u00fcfen \u2013 dies kann n\u00fctzlich sein, um sicherzustellen, dass es den Kindern gut geht, Haustiere zu beaufsichtigen oder einfach zu \u00fcberpr\u00fcfen, ob zu Hause alles in Ordnung ist.<\/p>\n<p data-start=\"634\" data-end=\"829\">Durch sein Aussehen f\u00fcgt sich das Ger\u00e4t nat\u00fcrlich in die Einrichtung ein und verursacht keinen zus\u00e4tzlichen visuellen Chaos. Es ist eine bequeme Wahl f\u00fcr diejenigen, die multifunktionale und praktische L\u00f6sungen f\u00fcr zu Hause sch\u00e4tzen.<\/p>","protected":false},"excerpt":{"rendered":"<p>Technische Daten: Live-\u00dcberwachung des Bildes \u00fcber die mobile App Aromadiffusor mit 120ml Wassertank Wassertank 120ml. 7 Farben Beleuchtung 100% funktionierender Diffusor Schnelle Einrichtung in nur&#8230;<\/p>","protected":false},"featured_media":29198,"template":"","meta":[],"etheme_brands":[],"product_brand":[],"product_cat":[204,203,205],"product_tag":[701,690],"class_list":{"0":"post-29197","1":"product","2":"type-product","3":"status-publish","4":"has-post-thumbnail","6":"product_cat-17-getarnte-kameras","7":"product_cat-12-versteckte-kameras","8":"product_cat-27-wlan-minikameras","9":"product_tag-gold-entsafter-mit-kamera","10":"product_tag-versteckte-kamera","11":"pa_typ-diffusoren-fuer-aetherische-oele","13":"first","14":"instock","15":"taxable","16":"shipping-taxable","17":"purchasable","18":"product-type-simple"},"yoast_head":"<!-- This site is optimized with the Yoast SEO Premium plugin v25.9 (Yoast SEO v27.4) - https:\/\/yoast.com\/product\/yoast-seo-premium-wordpress\/ -->\n<title>Luftbefeuchter \u00e4therische \u00d6le Verdampfer mit Geheimfach WLAN<\/title>\n<meta name=\"robots\" content=\"index, follow, max-snippet:-1, max-image-preview:large, max-video-preview:-1\" \/>\n<link rel=\"canonical\" href=\"https:\/\/www.ortungsgerate.de\/ru\/12-skrytyje-kamery\/uvlazhnitel-diffuzor-so-skrytoy-kameroy\/\" \/>\n<meta property=\"og:locale\" content=\"ru_RU\" \/>\n<meta property=\"og:type\" content=\"article\" \/>\n<meta property=\"og:title\" content=\"Luftbefeuchter Diffusor versteckte Kamera\" \/>\n<meta property=\"og:description\" content=\"Technische Daten: Live-\u00dcberwachung des Bildes \u00fcber die mobile App Aromadiffusor mit 120ml Wassertank Wassertank 120ml. 7 Farben Beleuchtung 100% funktionierender Diffusor Schnelle Einrichtung in nur...\" \/>\n<meta property=\"og:url\" content=\"https:\/\/www.ortungsgerate.de\/ru\/12-skrytyje-kamery\/uvlazhnitel-diffuzor-so-skrytoy-kameroy\/\" \/>\n<meta property=\"og:site_name\" content=\"Ortungsger\u00e4te.de\" \/>\n<meta property=\"article:modified_time\" content=\"2025-11-26T17:01:36+00:00\" \/>\n<meta property=\"og:image\" content=\"https:\/\/www.ortungsgerate.de\/wp-content\/uploads\/slapta-kamera-etriniu-alieju-garintuvas-difuzorius.webp\" \/>\n\t<meta property=\"og:image:width\" content=\"800\" \/>\n\t<meta property=\"og:image:height\" content=\"800\" \/>\n\t<meta property=\"og:image:type\" content=\"image\/webp\" \/>\n<meta name=\"twitter:card\" content=\"summary_large_image\" \/>\n<meta name=\"twitter:label1\" content=\"\u041f\u0440\u0438\u043c\u0435\u0440\u043d\u043e\u0435 \u0432\u0440\u0435\u043c\u044f \u0434\u043b\u044f \u0447\u0442\u0435\u043d\u0438\u044f\" \/>\n\t<meta name=\"twitter:data1\" content=\"2 \u043c\u0438\u043d\u0443\u0442\u044b\" \/>\n<script type=\"application\/ld+json\" class=\"yoast-schema-graph\">{\"@context\":\"https:\\\/\\\/schema.org\",\"@graph\":[{\"@type\":\"WebPage\",\"@id\":\"https:\\\/\\\/www.ortungsgerate.de\\\/12-versteckte-kameras\\\/luftbefeuchter-diffusor-versteckte-kamera\\\/\",\"url\":\"https:\\\/\\\/www.ortungsgerate.de\\\/12-versteckte-kameras\\\/luftbefeuchter-diffusor-versteckte-kamera\\\/\",\"name\":\"Luftbefeuchter \u00e4therische \u00d6le Verdampfer mit Geheimfach WLAN\",\"isPartOf\":{\"@id\":\"https:\\\/\\\/www.ortungsgerate.de\\\/#website\"},\"primaryImageOfPage\":{\"@id\":\"https:\\\/\\\/www.ortungsgerate.de\\\/12-versteckte-kameras\\\/luftbefeuchter-diffusor-versteckte-kamera\\\/#primaryimage\"},\"image\":{\"@id\":\"https:\\\/\\\/www.ortungsgerate.de\\\/12-versteckte-kameras\\\/luftbefeuchter-diffusor-versteckte-kamera\\\/#primaryimage\"},\"thumbnailUrl\":\"https:\\\/\\\/www.ortungsgerate.de\\\/wp-content\\\/uploads\\\/slapta-kamera-etriniu-alieju-garintuvas-difuzorius.webp\",\"datePublished\":\"2025-09-11T05:42:41+00:00\",\"dateModified\":\"2025-11-26T17:01:36+00:00\",\"breadcrumb\":{\"@id\":\"https:\\\/\\\/www.ortungsgerate.de\\\/12-versteckte-kameras\\\/luftbefeuchter-diffusor-versteckte-kamera\\\/#breadcrumb\"},\"inLanguage\":\"ru-RU\",\"potentialAction\":[{\"@type\":\"ReadAction\",\"target\":[\"https:\\\/\\\/www.ortungsgerate.de\\\/12-versteckte-kameras\\\/luftbefeuchter-diffusor-versteckte-kamera\\\/\"]}]},{\"@type\":\"ImageObject\",\"inLanguage\":\"ru-RU\",\"@id\":\"https:\\\/\\\/www.ortungsgerate.de\\\/12-versteckte-kameras\\\/luftbefeuchter-diffusor-versteckte-kamera\\\/#primaryimage\",\"url\":\"https:\\\/\\\/www.ortungsgerate.de\\\/wp-content\\\/uploads\\\/slapta-kamera-etriniu-alieju-garintuvas-difuzorius.webp\",\"contentUrl\":\"https:\\\/\\\/www.ortungsgerate.de\\\/wp-content\\\/uploads\\\/slapta-kamera-etriniu-alieju-garintuvas-difuzorius.webp\",\"width\":800,\"height\":800,\"caption\":\"Versteckte Kamera \u00e4therische \u00d6le Verdampfer Diffusor\"},{\"@type\":\"BreadcrumbList\",\"@id\":\"https:\\\/\\\/www.ortungsgerate.de\\\/12-versteckte-kameras\\\/luftbefeuchter-diffusor-versteckte-kamera\\\/#breadcrumb\",\"itemListElement\":[{\"@type\":\"ListItem\",\"position\":1,\"name\":\"Startseite\",\"item\":\"https:\\\/\\\/www.ortungsgerate.de\\\/\"},{\"@type\":\"ListItem\",\"position\":2,\"name\":\"Shop\",\"item\":\"https:\\\/\\\/www.ortungsgerate.de\\\/shop\\\/\"},{\"@type\":\"ListItem\",\"position\":3,\"name\":\"Luftbefeuchter Diffusor versteckte Kamera\"}]},{\"@type\":\"WebSite\",\"@id\":\"https:\\\/\\\/www.ortungsgerate.de\\\/#website\",\"url\":\"https:\\\/\\\/www.ortungsgerate.de\\\/\",\"name\":\"Ortungsgerate.de\",\"description\":\"\",\"publisher\":{\"@id\":\"https:\\\/\\\/www.ortungsgerate.de\\\/#organization\"},\"potentialAction\":[{\"@type\":\"SearchAction\",\"target\":{\"@type\":\"EntryPoint\",\"urlTemplate\":\"https:\\\/\\\/www.ortungsgerate.de\\\/?s={search_term_string}\"},\"query-input\":{\"@type\":\"PropertyValueSpecification\",\"valueRequired\":true,\"valueName\":\"search_term_string\"}}],\"inLanguage\":\"ru-RU\"},{\"@type\":\"Organization\",\"@id\":\"https:\\\/\\\/www.ortungsgerate.de\\\/#organization\",\"name\":\"Ortungsgerate.de\",\"url\":\"https:\\\/\\\/www.ortungsgerate.de\\\/\",\"logo\":{\"@type\":\"ImageObject\",\"inLanguage\":\"ru-RU\",\"@id\":\"https:\\\/\\\/www.ortungsgerate.de\\\/#\\\/schema\\\/logo\\\/image\\\/\",\"url\":\"https:\\\/\\\/www.ortungsgerate.de\\\/wp-content\\\/uploads\\\/ortungsgerate.png\",\"contentUrl\":\"https:\\\/\\\/www.ortungsgerate.de\\\/wp-content\\\/uploads\\\/ortungsgerate.png\",\"width\":500,\"height\":135,\"caption\":\"Ortungsgerate.de\"},\"image\":{\"@id\":\"https:\\\/\\\/www.ortungsgerate.de\\\/#\\\/schema\\\/logo\\\/image\\\/\"}}]}<\/script>\n<!-- \/ Yoast SEO Premium plugin. -->","yoast_head_json":{"title":"\u0423\u0432\u043b\u0430\u0436\u043d\u0438\u0442\u0435\u043b\u044c\/\u0438\u0441\u043f\u0430\u0440\u0438\u0442\u0435\u043b\u044c \u0434\u043b\u044f \u044d\u0444\u0438\u0440\u043d\u044b\u0445 \u043c\u0430\u0441\u0435\u043b \u0441 \u0442\u0430\u0439\u043d\u044b\u043c (\u0441\u043a\u0440\u044b\u0442\u044b\u043c) \u043e\u0442\u0434\u0435\u043b\u0435\u043d\u0438\u0435\u043c, Wi-Fi","robots":{"index":"index","follow":"follow","max-snippet":"max-snippet:-1","max-image-preview":"max-image-preview:large","max-video-preview":"max-video-preview:-1"},"canonical":"https:\/\/www.ortungsgerate.de\/ru\/12-skrytyje-kamery\/uvlazhnitel-diffuzor-so-skrytoy-kameroy\/","og_locale":"ru_RU","og_type":"article","og_title":"Luftbefeuchter Diffusor versteckte Kamera","og_description":"Technische Daten: Live-\u00dcberwachung des Bildes \u00fcber die mobile App Aromadiffusor mit 120ml Wassertank Wassertank 120ml. 7 Farben Beleuchtung 100% funktionierender Diffusor Schnelle Einrichtung in nur...","og_url":"https:\/\/www.ortungsgerate.de\/ru\/12-skrytyje-kamery\/uvlazhnitel-diffuzor-so-skrytoy-kameroy\/","og_site_name":"Ortungsger\u00e4te.de","article_modified_time":"2025-11-26T17:01:36+00:00","og_image":[{"width":800,"height":800,"url":"https:\/\/www.ortungsgerate.de\/wp-content\/uploads\/slapta-kamera-etriniu-alieju-garintuvas-difuzorius.webp","type":"image\/webp"}],"twitter_card":"summary_large_image","twitter_misc":{"\u041f\u0440\u0438\u043c\u0435\u0440\u043d\u043e\u0435 \u0432\u0440\u0435\u043c\u044f \u0434\u043b\u044f \u0447\u0442\u0435\u043d\u0438\u044f":"2 \u043c\u0438\u043d\u0443\u0442\u044b"},"schema":{"@context":"https:\/\/schema.org","@graph":[{"@type":"WebPage","@id":"https:\/\/www.ortungsgerate.de\/12-versteckte-kameras\/luftbefeuchter-diffusor-versteckte-kamera\/","url":"https:\/\/www.ortungsgerate.de\/12-versteckte-kameras\/luftbefeuchter-diffusor-versteckte-kamera\/","name":"\u0423\u0432\u043b\u0430\u0436\u043d\u0438\u0442\u0435\u043b\u044c\/\u0438\u0441\u043f\u0430\u0440\u0438\u0442\u0435\u043b\u044c \u0434\u043b\u044f \u044d\u0444\u0438\u0440\u043d\u044b\u0445 \u043c\u0430\u0441\u0435\u043b \u0441 \u0442\u0430\u0439\u043d\u044b\u043c (\u0441\u043a\u0440\u044b\u0442\u044b\u043c) \u043e\u0442\u0434\u0435\u043b\u0435\u043d\u0438\u0435\u043c, Wi-Fi","isPartOf":{"@id":"https:\/\/www.ortungsgerate.de\/#website"},"primaryImageOfPage":{"@id":"https:\/\/www.ortungsgerate.de\/12-versteckte-kameras\/luftbefeuchter-diffusor-versteckte-kamera\/#primaryimage"},"image":{"@id":"https:\/\/www.ortungsgerate.de\/12-versteckte-kameras\/luftbefeuchter-diffusor-versteckte-kamera\/#primaryimage"},"thumbnailUrl":"https:\/\/www.ortungsgerate.de\/wp-content\/uploads\/slapta-kamera-etriniu-alieju-garintuvas-difuzorius.webp","datePublished":"2025-09-11T05:42:41+00:00","dateModified":"2025-11-26T17:01:36+00:00","breadcrumb":{"@id":"https:\/\/www.ortungsgerate.de\/12-versteckte-kameras\/luftbefeuchter-diffusor-versteckte-kamera\/#breadcrumb"},"inLanguage":"ru-RU","potentialAction":[{"@type":"ReadAction","target":["https:\/\/www.ortungsgerate.de\/12-versteckte-kameras\/luftbefeuchter-diffusor-versteckte-kamera\/"]}]},{"@type":"ImageObject","inLanguage":"ru-RU","@id":"https:\/\/www.ortungsgerate.de\/12-versteckte-kameras\/luftbefeuchter-diffusor-versteckte-kamera\/#primaryimage","url":"https:\/\/www.ortungsgerate.de\/wp-content\/uploads\/slapta-kamera-etriniu-alieju-garintuvas-difuzorius.webp","contentUrl":"https:\/\/www.ortungsgerate.de\/wp-content\/uploads\/slapta-kamera-etriniu-alieju-garintuvas-difuzorius.webp","width":800,"height":800,"caption":"Versteckte Kamera \u00e4therische \u00d6le Verdampfer Diffusor"},{"@type":"BreadcrumbList","@id":"https:\/\/www.ortungsgerate.de\/12-versteckte-kameras\/luftbefeuchter-diffusor-versteckte-kamera\/#breadcrumb","itemListElement":[{"@type":"ListItem","position":1,"name":"Startseite","item":"https:\/\/www.ortungsgerate.de\/"},{"@type":"ListItem","position":2,"name":"Shop","item":"https:\/\/www.ortungsgerate.de\/shop\/"},{"@type":"ListItem","position":3,"name":"Luftbefeuchter Diffusor versteckte Kamera"}]},{"@type":"WebSite","@id":"https:\/\/www.ortungsgerate.de\/#website","url":"https:\/\/www.ortungsgerate.de\/","name":"Ortungsgerate.de","description":"","publisher":{"@id":"https:\/\/www.ortungsgerate.de\/#organization"},"potentialAction":[{"@type":"SearchAction","target":{"@type":"EntryPoint","urlTemplate":"https:\/\/www.ortungsgerate.de\/?s={search_term_string}"},"query-input":{"@type":"PropertyValueSpecification","valueRequired":true,"valueName":"search_term_string"}}],"inLanguage":"ru-RU"},{"@type":"Organization","@id":"https:\/\/www.ortungsgerate.de\/#organization","name":"Ortungsgerate.de","url":"https:\/\/www.ortungsgerate.de\/","logo":{"@type":"ImageObject","inLanguage":"ru-RU","@id":"https:\/\/www.ortungsgerate.de\/#\/schema\/logo\/image\/","url":"https:\/\/www.ortungsgerate.de\/wp-content\/uploads\/ortungsgerate.png","contentUrl":"https:\/\/www.ortungsgerate.de\/wp-content\/uploads\/ortungsgerate.png","width":500,"height":135,"caption":"Ortungsgerate.de"},"image":{"@id":"https:\/\/www.ortungsgerate.de\/#\/schema\/logo\/image\/"}}]}},"_links":{"self":[{"href":"https:\/\/www.ortungsgerate.de\/ru\/wp-json\/wp\/v2\/product\/29197","targetHints":{"allow":["GET"]}}],"collection":[{"href":"https:\/\/www.ortungsgerate.de\/ru\/wp-json\/wp\/v2\/product"}],"about":[{"href":"https:\/\/www.ortungsgerate.de\/ru\/wp-json\/wp\/v2\/types\/product"}],"version-history":[{"count":0,"href":"https:\/\/www.ortungsgerate.de\/ru\/wp-json\/wp\/v2\/product\/29197\/revisions"}],"wp:featuredmedia":[{"embeddable":true,"href":"https:\/\/www.ortungsgerate.de\/ru\/wp-json\/wp\/v2\/media\/29198"}],"wp:attachment":[{"href":"https:\/\/www.ortungsgerate.de\/ru\/wp-json\/wp\/v2\/media?parent=29197"}],"wp:term":[{"taxonomy":"brand","embeddable":true,"href":"https:\/\/www.ortungsgerate.de\/ru\/wp-json\/wp\/v2\/etheme_brands?post=29197"},{"taxonomy":"product_brand","embeddable":true,"href":"https:\/\/www.ortungsgerate.de\/ru\/wp-json\/wp\/v2\/product_brand?post=29197"},{"taxonomy":"product_cat","embeddable":true,"href":"https:\/\/www.ortungsgerate.de\/ru\/wp-json\/wp\/v2\/product_cat?post=29197"},{"taxonomy":"product_tag","embeddable":true,"href":"https:\/\/www.ortungsgerate.de\/ru\/wp-json\/wp\/v2\/product_tag?post=29197"}],"curies":[{"name":"wp","href":"https:\/\/api.w.org\/{rel}","templated":true}]}}