{"id":29206,"date":"2023-09-11T08:59:19","date_gmt":"2023-09-11T05:59:19","guid":{"rendered":"https:\/\/ortungsgerate.de\/?post_type=product&#038;p=29206"},"modified":"2025-11-26T19:01:36","modified_gmt":"2025-11-26T17:01:36","slug":"skrytaya-kamera-diffuzor-dlya-efirnykh-masel-120-ml","status":"publish","type":"product","link":"https:\/\/www.ortungsgerate.de\/ru\/12-skrytyje-kamery\/skrytaya-kamera-diffuzor-dlya-efirnykh-masel-120-ml\/","title":{"rendered":"\u0421\u043a\u0440\u044b\u0442\u0430\u044f \u043a\u0430\u043c\u0435\u0440\u0430, \u0434\u0438\u0444\u0444\u0443\u0437\u043e\u0440 \u0434\u043b\u044f \u044d\u0444\u0438\u0440\u043d\u044b\u0445 \u043c\u0430\u0441\u0435\u043b 120 \u043c\u043b"},"content":{"rendered":"<h2><strong>\u0422\u0435\u0445\u043d\u0438\u0447\u0435\u0441\u043a\u0438\u0435 \u043f\u0430\u0440\u0430\u043c\u0435\u0442\u0440\u044b:<\/strong><\/h2>\n<ul>\n<li style=\"list-style-type: none;\">\n<ul>\n<li>\u0412\u043e\u0437\u043c\u043e\u0436\u043d\u043e\u0441\u0442\u044c \u043d\u0430\u0431\u043b\u044e\u0434\u0430\u0442\u044c \u0438\u0437\u043e\u0431\u0440\u0430\u0436\u0435\u043d\u0438\u0435 \u0432 \u0440\u0435\u0430\u043b\u044c\u043d\u043e\u043c \u0432\u0440\u0435\u043c\u0435\u043d\u0438 \u0447\u0435\u0440\u0435\u0437 \u043c\u043e\u0431\u0438\u043b\u044c\u043d\u043e\u0435 \u043f\u0440\u0438\u043b\u043e\u0436\u0435\u043d\u0438\u0435<\/li>\n<li>Beste Wahl<\/li>\n<li>Diffusor f\u00fcr \u00e4therische \u00d6le, 120 ml Wassertank<\/li>\n<li>\u0420\u0435\u0437\u0435\u0440\u0432\u0443\u0430\u0440 \u0434\u043b\u044f \u0432\u043e\u0434\u044b 120 \u043c\u043b<\/li>\n<li>\u041f\u043e\u0434\u0441\u0432\u0435\u0442\u043a\u0430 \u0432 7 \u0446\u0432\u0435\u0442\u0430\u0445<\/li>\n<li>100% \u0444\u0443\u043d\u043a\u0446\u0438\u043e\u043d\u0430\u043b\u044c\u043d\u044b\u0439 \u0434\u0438\u0444\u0444\u0443\u0437\u043e\u0440<\/li>\n<li>Schnelle Inbetriebnahme, Sie ben\u00f6tigen nur 2 Min.<\/li>\n<li>\u0418\u0437\u043e\u0431\u0440\u0430\u0436\u0435\u043d\u0438\u0435 \u043c\u043e\u0436\u043d\u043e \u043f\u0440\u043e\u0441\u043c\u0430\u0442\u0440\u0438\u0432\u0430\u0442\u044c \u0432 \u0440\u0435\u0430\u043b\u044c\u043d\u043e\u043c \u0432\u0440\u0435\u043c\u0435\u043d\u0438 \u043d\u0430 \u0442\u0435\u043b\u0435\u0444\u043e\u043d\u0435<\/li>\n<li>Gibt keinerlei Ger\u00e4usche oder Lichter ab<\/li>\n<li>Wird \u00fcber das Stromnetz betrieben und funktioniert dauerhaft, kein Aufladen des Akkus erforderlich<\/li>\n<li>Aufnahmeresolution: Full HD<\/li>\n<li>Videoformat: AVI | max. 25 fps<\/li>\n<li>Sichtwinkel: 100\u00b0 sehr weiter Winkel<\/li>\n<li>Ton: Mikrofon mit Rauschunterdr\u00fcckungsfunktion<\/li>\n<li>Wird \u00fcber USB-Kabel aufgeladen<\/li>\n<li>Videocodierung: H264<\/li>\n<li>Farbe: Schwarzholz<\/li>\n<li>Lieferumfang: WLAN-Kamera, Diffusor f\u00fcr \u00e4therische \u00d6le, Micro-SD-Kartenleser, USB-Kabel<\/li>\n<li>\u0420\u0430\u0437\u043c\u0435\u0440\u044b: 115 \u043c\u043c x 115 \u043c\u043c x 193 \u043c\u043c<\/li>\n<li>\u0413\u0410\u0420\u0410\u041d\u0422\u0418\u042f 12 \u043c\u0435\u0441\u044f\u0446\u0435\u0432<\/li>\n<\/ul>\n<\/li>\n<\/ul>\n<p><span style=\"color: #ff0000;\"><strong class=\"rednew\"> (auch an Wochenenden)  <\/strong><\/span><\/p>\n<p data-start=\"154\" data-end=\"207\"><strong data-start=\"154\" data-end=\"205\">Luftbefeuchter\u2013Diffusor mit integrierter Kamera<\/strong><\/p>\n<p data-start=\"209\" data-end=\"695\">Dies ist ein modernes, multifunktionales Ger\u00e4t, das mehrere wichtige Funktionen vereint und dazu beitr\u00e4gt, ein komfortables und gem\u00fctliches Wohnumfeld zu schaffen. In erster Linie fungiert es als Luftbefeuchter, der hilft, das richtige Feuchtigkeitsniveau in den R\u00e4umen aufrechtzuerhalten, was besonders in der kalten Jahreszeit oder in R\u00e4umen mit h\u00e4ufig genutzter Heizung wichtig ist. Dar\u00fcber hinaus kann das Ger\u00e4t auch als Aromatherapie-Diffusor dienen \u2013 durch Hinzuf\u00fcgen eines bevorzugten \u00e4therischen \u00d6ls wird die Luft mit angenehmen D\u00fcften angereichert, die Ihrem Zuhause noch mehr Behaglichkeit verleihen.<\/p>\n<p data-start=\"697\" data-end=\"1123\">Eine zus\u00e4tzliche Eigenschaft des Ger\u00e4ts ist die integrierte Kamera. Sie erm\u00f6glicht es, das Bild aus Ihrem Zuhause aus der Ferne zu betrachten, sodass Sie sich jederzeit um Ihre Umgebung keine Sorgen machen m\u00fcssen. Dies kann n\u00fctzlich sein, um zu beobachten, wie es den Kindern geht, die Haustiere zu \u00fcberwachen oder sich einfach zu vergewissern, dass zu Hause alles so abl\u00e4uft, wie es sein soll. Der Fernzugriff bietet Flexibilit\u00e4t \u2013 selbst wenn Sie bei der Arbeit oder auf Reisen sind, k\u00f6nnen Sie die Situation jederzeit \u00fcberpr\u00fcfen.<\/p>\n<p data-start=\"1125\" data-end=\"1393\">Dank des modernen Designs passt das Ger\u00e4t zu verschiedenen Einrichtungsstilen. Seine Form und Optik erinnern an einen gew\u00f6hnlichen Diffusor oder Luftbefeuchter, daher wirkt es nat\u00fcrlich und \u00fcberl\u00e4dt den Raum nicht. Dies erm\u00f6glicht es, das Ger\u00e4t sowohl im Wohnzimmer als auch im Schlafzimmer oder Arbeitszimmer zu verwenden.<\/p>\n<p data-start=\"1395\" data-end=\"1706\">Dieser Luftbefeuchter\u2013Diffusor mit Kamera ist eine zuverl\u00e4ssige Wahl f\u00fcr alle, die Wert auf Funktionalit\u00e4t, \u00c4sthetik und ein zus\u00e4tzliches Sicherheitsgef\u00fchl legen. Die in einem Ger\u00e4t kombinierten verschiedenen Funktionen erm\u00f6glichen es, sauberere, feuchtere und wohlriechendere Luft zu genie\u00dfen und gleichzeitig sicherzustellen, dass Ihr Zuhause stets unter Beobachtung steht.<\/p>","protected":false},"excerpt":{"rendered":"<p>Technische Parameter: M\u00f6glichkeit, das Bild live \u00fcber die mobile App zu \u00fcberwachen Beste Wahl Diffusor f\u00fcr \u00e4therische \u00d6le, 120 ml Wassertank Wassertank 120 ml Beleuchtung&#8230;<\/p>","protected":false},"featured_media":29207,"template":"","meta":[],"etheme_brands":[],"product_brand":[],"product_cat":[204,203,205],"product_tag":[797,690],"class_list":{"0":"post-29206","1":"product","2":"type-product","3":"status-publish","4":"has-post-thumbnail","6":"product_cat-17-getarnte-kameras","7":"product_cat-12-versteckte-kameras","8":"product_cat-27-wlan-minikameras","9":"product_tag-luftbefeuchter-mit-kamera","10":"product_tag-versteckte-kamera","11":"pa_typ-diffusoren-fuer-aetherische-oele","13":"first","14":"instock","15":"taxable","16":"shipping-taxable","17":"purchasable","18":"product-type-simple"},"yoast_head":"<!-- This site is optimized with the Yoast SEO Premium plugin v25.9 (Yoast SEO v27.4) - https:\/\/yoast.com\/product\/yoast-seo-premium-wordpress\/ -->\n<title>Versteckte Kamera 120 ml Diffusor f\u00fcr \u00e4therische \u00d6le<\/title>\n<meta name=\"robots\" content=\"index, follow, max-snippet:-1, max-image-preview:large, max-video-preview:-1\" \/>\n<link rel=\"canonical\" href=\"https:\/\/www.ortungsgerate.de\/ru\/12-skrytyje-kamery\/skrytaya-kamera-diffuzor-dlya-efirnykh-masel-120-ml\/\" \/>\n<meta property=\"og:locale\" content=\"ru_RU\" \/>\n<meta property=\"og:type\" content=\"article\" \/>\n<meta property=\"og:title\" content=\"Versteckte Kamera 120ml Diffusor f\u00fcr \u00e4therische \u00d6le\" \/>\n<meta property=\"og:description\" content=\"Technische Parameter: M\u00f6glichkeit, das Bild live \u00fcber die mobile App zu \u00fcberwachen Beste Wahl Diffusor f\u00fcr \u00e4therische \u00d6le, 120 ml Wassertank Wassertank 120 ml Beleuchtung...\" \/>\n<meta property=\"og:url\" content=\"https:\/\/www.ortungsgerate.de\/ru\/12-skrytyje-kamery\/skrytaya-kamera-diffuzor-dlya-efirnykh-masel-120-ml\/\" \/>\n<meta property=\"og:site_name\" content=\"Ortungsger\u00e4te.de\" \/>\n<meta property=\"article:modified_time\" content=\"2025-11-26T17:01:36+00:00\" \/>\n<meta property=\"og:image\" content=\"https:\/\/www.ortungsgerate.de\/wp-content\/uploads\/mini-kamera-eteriniu-aliuju-garintuvas.jpg\" \/>\n\t<meta property=\"og:image:width\" content=\"800\" \/>\n\t<meta property=\"og:image:height\" content=\"800\" \/>\n\t<meta property=\"og:image:type\" content=\"image\/jpeg\" \/>\n<meta name=\"twitter:card\" content=\"summary_large_image\" \/>\n<meta name=\"twitter:label1\" content=\"\u041f\u0440\u0438\u043c\u0435\u0440\u043d\u043e\u0435 \u0432\u0440\u0435\u043c\u044f \u0434\u043b\u044f \u0447\u0442\u0435\u043d\u0438\u044f\" \/>\n\t<meta name=\"twitter:data1\" content=\"2 \u043c\u0438\u043d\u0443\u0442\u044b\" \/>\n<script type=\"application\/ld+json\" class=\"yoast-schema-graph\">{\"@context\":\"https:\\\/\\\/schema.org\",\"@graph\":[{\"@type\":\"WebPage\",\"@id\":\"https:\\\/\\\/www.ortungsgerate.de\\\/12-versteckte-kameras\\\/versteckte-kamera-120ml-diffusor-fuer-aetherische-oele\\\/\",\"url\":\"https:\\\/\\\/www.ortungsgerate.de\\\/12-versteckte-kameras\\\/versteckte-kamera-120ml-diffusor-fuer-aetherische-oele\\\/\",\"name\":\"Versteckte Kamera 120 ml Diffusor f\u00fcr \u00e4therische \u00d6le\",\"isPartOf\":{\"@id\":\"https:\\\/\\\/www.ortungsgerate.de\\\/#website\"},\"primaryImageOfPage\":{\"@id\":\"https:\\\/\\\/www.ortungsgerate.de\\\/12-versteckte-kameras\\\/versteckte-kamera-120ml-diffusor-fuer-aetherische-oele\\\/#primaryimage\"},\"image\":{\"@id\":\"https:\\\/\\\/www.ortungsgerate.de\\\/12-versteckte-kameras\\\/versteckte-kamera-120ml-diffusor-fuer-aetherische-oele\\\/#primaryimage\"},\"thumbnailUrl\":\"https:\\\/\\\/www.ortungsgerate.de\\\/wp-content\\\/uploads\\\/mini-kamera-eteriniu-aliuju-garintuvas.jpg\",\"datePublished\":\"2023-09-11T05:59:19+00:00\",\"dateModified\":\"2025-11-26T17:01:36+00:00\",\"breadcrumb\":{\"@id\":\"https:\\\/\\\/www.ortungsgerate.de\\\/12-versteckte-kameras\\\/versteckte-kamera-120ml-diffusor-fuer-aetherische-oele\\\/#breadcrumb\"},\"inLanguage\":\"ru-RU\",\"potentialAction\":[{\"@type\":\"ReadAction\",\"target\":[\"https:\\\/\\\/www.ortungsgerate.de\\\/12-versteckte-kameras\\\/versteckte-kamera-120ml-diffusor-fuer-aetherische-oele\\\/\"]}]},{\"@type\":\"ImageObject\",\"inLanguage\":\"ru-RU\",\"@id\":\"https:\\\/\\\/www.ortungsgerate.de\\\/12-versteckte-kameras\\\/versteckte-kamera-120ml-diffusor-fuer-aetherische-oele\\\/#primaryimage\",\"url\":\"https:\\\/\\\/www.ortungsgerate.de\\\/wp-content\\\/uploads\\\/mini-kamera-eteriniu-aliuju-garintuvas.jpg\",\"contentUrl\":\"https:\\\/\\\/www.ortungsgerate.de\\\/wp-content\\\/uploads\\\/mini-kamera-eteriniu-aliuju-garintuvas.jpg\",\"width\":800,\"height\":800,\"caption\":\"Mini Kamera \u00e4therischer \u00d6le Verdampfer\"},{\"@type\":\"BreadcrumbList\",\"@id\":\"https:\\\/\\\/www.ortungsgerate.de\\\/12-versteckte-kameras\\\/versteckte-kamera-120ml-diffusor-fuer-aetherische-oele\\\/#breadcrumb\",\"itemListElement\":[{\"@type\":\"ListItem\",\"position\":1,\"name\":\"Startseite\",\"item\":\"https:\\\/\\\/www.ortungsgerate.de\\\/\"},{\"@type\":\"ListItem\",\"position\":2,\"name\":\"Shop\",\"item\":\"https:\\\/\\\/www.ortungsgerate.de\\\/shop\\\/\"},{\"@type\":\"ListItem\",\"position\":3,\"name\":\"Versteckte Kamera 120ml Diffusor f\u00fcr \u00e4therische \u00d6le\"}]},{\"@type\":\"WebSite\",\"@id\":\"https:\\\/\\\/www.ortungsgerate.de\\\/#website\",\"url\":\"https:\\\/\\\/www.ortungsgerate.de\\\/\",\"name\":\"Ortungsgerate.de\",\"description\":\"\",\"publisher\":{\"@id\":\"https:\\\/\\\/www.ortungsgerate.de\\\/#organization\"},\"potentialAction\":[{\"@type\":\"SearchAction\",\"target\":{\"@type\":\"EntryPoint\",\"urlTemplate\":\"https:\\\/\\\/www.ortungsgerate.de\\\/?s={search_term_string}\"},\"query-input\":{\"@type\":\"PropertyValueSpecification\",\"valueRequired\":true,\"valueName\":\"search_term_string\"}}],\"inLanguage\":\"ru-RU\"},{\"@type\":\"Organization\",\"@id\":\"https:\\\/\\\/www.ortungsgerate.de\\\/#organization\",\"name\":\"Ortungsgerate.de\",\"url\":\"https:\\\/\\\/www.ortungsgerate.de\\\/\",\"logo\":{\"@type\":\"ImageObject\",\"inLanguage\":\"ru-RU\",\"@id\":\"https:\\\/\\\/www.ortungsgerate.de\\\/#\\\/schema\\\/logo\\\/image\\\/\",\"url\":\"https:\\\/\\\/www.ortungsgerate.de\\\/wp-content\\\/uploads\\\/ortungsgerate.png\",\"contentUrl\":\"https:\\\/\\\/www.ortungsgerate.de\\\/wp-content\\\/uploads\\\/ortungsgerate.png\",\"width\":500,\"height\":135,\"caption\":\"Ortungsgerate.de\"},\"image\":{\"@id\":\"https:\\\/\\\/www.ortungsgerate.de\\\/#\\\/schema\\\/logo\\\/image\\\/\"}}]}<\/script>\n<!-- \/ Yoast SEO Premium plugin. -->","yoast_head_json":{"title":"Versteckte Kamera 120 ml Diffusor f\u00fcr \u00e4therische \u00d6le","robots":{"index":"index","follow":"follow","max-snippet":"max-snippet:-1","max-image-preview":"max-image-preview:large","max-video-preview":"max-video-preview:-1"},"canonical":"https:\/\/www.ortungsgerate.de\/ru\/12-skrytyje-kamery\/skrytaya-kamera-diffuzor-dlya-efirnykh-masel-120-ml\/","og_locale":"ru_RU","og_type":"article","og_title":"Versteckte Kamera 120ml Diffusor f\u00fcr \u00e4therische \u00d6le","og_description":"Technische Parameter: M\u00f6glichkeit, das Bild live \u00fcber die mobile App zu \u00fcberwachen Beste Wahl Diffusor f\u00fcr \u00e4therische \u00d6le, 120 ml Wassertank Wassertank 120 ml Beleuchtung...","og_url":"https:\/\/www.ortungsgerate.de\/ru\/12-skrytyje-kamery\/skrytaya-kamera-diffuzor-dlya-efirnykh-masel-120-ml\/","og_site_name":"Ortungsger\u00e4te.de","article_modified_time":"2025-11-26T17:01:36+00:00","og_image":[{"width":800,"height":800,"url":"https:\/\/www.ortungsgerate.de\/wp-content\/uploads\/mini-kamera-eteriniu-aliuju-garintuvas.jpg","type":"image\/jpeg"}],"twitter_card":"summary_large_image","twitter_misc":{"\u041f\u0440\u0438\u043c\u0435\u0440\u043d\u043e\u0435 \u0432\u0440\u0435\u043c\u044f \u0434\u043b\u044f \u0447\u0442\u0435\u043d\u0438\u044f":"2 \u043c\u0438\u043d\u0443\u0442\u044b"},"schema":{"@context":"https:\/\/schema.org","@graph":[{"@type":"WebPage","@id":"https:\/\/www.ortungsgerate.de\/12-versteckte-kameras\/versteckte-kamera-120ml-diffusor-fuer-aetherische-oele\/","url":"https:\/\/www.ortungsgerate.de\/12-versteckte-kameras\/versteckte-kamera-120ml-diffusor-fuer-aetherische-oele\/","name":"Versteckte Kamera 120 ml Diffusor f\u00fcr \u00e4therische \u00d6le","isPartOf":{"@id":"https:\/\/www.ortungsgerate.de\/#website"},"primaryImageOfPage":{"@id":"https:\/\/www.ortungsgerate.de\/12-versteckte-kameras\/versteckte-kamera-120ml-diffusor-fuer-aetherische-oele\/#primaryimage"},"image":{"@id":"https:\/\/www.ortungsgerate.de\/12-versteckte-kameras\/versteckte-kamera-120ml-diffusor-fuer-aetherische-oele\/#primaryimage"},"thumbnailUrl":"https:\/\/www.ortungsgerate.de\/wp-content\/uploads\/mini-kamera-eteriniu-aliuju-garintuvas.jpg","datePublished":"2023-09-11T05:59:19+00:00","dateModified":"2025-11-26T17:01:36+00:00","breadcrumb":{"@id":"https:\/\/www.ortungsgerate.de\/12-versteckte-kameras\/versteckte-kamera-120ml-diffusor-fuer-aetherische-oele\/#breadcrumb"},"inLanguage":"ru-RU","potentialAction":[{"@type":"ReadAction","target":["https:\/\/www.ortungsgerate.de\/12-versteckte-kameras\/versteckte-kamera-120ml-diffusor-fuer-aetherische-oele\/"]}]},{"@type":"ImageObject","inLanguage":"ru-RU","@id":"https:\/\/www.ortungsgerate.de\/12-versteckte-kameras\/versteckte-kamera-120ml-diffusor-fuer-aetherische-oele\/#primaryimage","url":"https:\/\/www.ortungsgerate.de\/wp-content\/uploads\/mini-kamera-eteriniu-aliuju-garintuvas.jpg","contentUrl":"https:\/\/www.ortungsgerate.de\/wp-content\/uploads\/mini-kamera-eteriniu-aliuju-garintuvas.jpg","width":800,"height":800,"caption":"Mini Kamera \u00e4therischer \u00d6le Verdampfer"},{"@type":"BreadcrumbList","@id":"https:\/\/www.ortungsgerate.de\/12-versteckte-kameras\/versteckte-kamera-120ml-diffusor-fuer-aetherische-oele\/#breadcrumb","itemListElement":[{"@type":"ListItem","position":1,"name":"Startseite","item":"https:\/\/www.ortungsgerate.de\/"},{"@type":"ListItem","position":2,"name":"Shop","item":"https:\/\/www.ortungsgerate.de\/shop\/"},{"@type":"ListItem","position":3,"name":"Versteckte Kamera 120ml Diffusor f\u00fcr \u00e4therische \u00d6le"}]},{"@type":"WebSite","@id":"https:\/\/www.ortungsgerate.de\/#website","url":"https:\/\/www.ortungsgerate.de\/","name":"Ortungsgerate.de","description":"","publisher":{"@id":"https:\/\/www.ortungsgerate.de\/#organization"},"potentialAction":[{"@type":"SearchAction","target":{"@type":"EntryPoint","urlTemplate":"https:\/\/www.ortungsgerate.de\/?s={search_term_string}"},"query-input":{"@type":"PropertyValueSpecification","valueRequired":true,"valueName":"search_term_string"}}],"inLanguage":"ru-RU"},{"@type":"Organization","@id":"https:\/\/www.ortungsgerate.de\/#organization","name":"Ortungsgerate.de","url":"https:\/\/www.ortungsgerate.de\/","logo":{"@type":"ImageObject","inLanguage":"ru-RU","@id":"https:\/\/www.ortungsgerate.de\/#\/schema\/logo\/image\/","url":"https:\/\/www.ortungsgerate.de\/wp-content\/uploads\/ortungsgerate.png","contentUrl":"https:\/\/www.ortungsgerate.de\/wp-content\/uploads\/ortungsgerate.png","width":500,"height":135,"caption":"Ortungsgerate.de"},"image":{"@id":"https:\/\/www.ortungsgerate.de\/#\/schema\/logo\/image\/"}}]}},"_links":{"self":[{"href":"https:\/\/www.ortungsgerate.de\/ru\/wp-json\/wp\/v2\/product\/29206","targetHints":{"allow":["GET"]}}],"collection":[{"href":"https:\/\/www.ortungsgerate.de\/ru\/wp-json\/wp\/v2\/product"}],"about":[{"href":"https:\/\/www.ortungsgerate.de\/ru\/wp-json\/wp\/v2\/types\/product"}],"version-history":[{"count":0,"href":"https:\/\/www.ortungsgerate.de\/ru\/wp-json\/wp\/v2\/product\/29206\/revisions"}],"wp:featuredmedia":[{"embeddable":true,"href":"https:\/\/www.ortungsgerate.de\/ru\/wp-json\/wp\/v2\/media\/29207"}],"wp:attachment":[{"href":"https:\/\/www.ortungsgerate.de\/ru\/wp-json\/wp\/v2\/media?parent=29206"}],"wp:term":[{"taxonomy":"brand","embeddable":true,"href":"https:\/\/www.ortungsgerate.de\/ru\/wp-json\/wp\/v2\/etheme_brands?post=29206"},{"taxonomy":"product_brand","embeddable":true,"href":"https:\/\/www.ortungsgerate.de\/ru\/wp-json\/wp\/v2\/product_brand?post=29206"},{"taxonomy":"product_cat","embeddable":true,"href":"https:\/\/www.ortungsgerate.de\/ru\/wp-json\/wp\/v2\/product_cat?post=29206"},{"taxonomy":"product_tag","embeddable":true,"href":"https:\/\/www.ortungsgerate.de\/ru\/wp-json\/wp\/v2\/product_tag?post=29206"}],"curies":[{"name":"wp","href":"https:\/\/api.w.org\/{rel}","templated":true}]}}