{"id":29217,"date":"2023-09-11T10:12:18","date_gmt":"2023-09-11T07:12:18","guid":{"rendered":"https:\/\/ortungsgerate.de\/?post_type=product&#038;p=29217"},"modified":"2025-11-26T19:01:36","modified_gmt":"2025-11-26T17:01:36","slug":"skrytaya-kamera-vstroennaya-v-diffuzor-dlya-efirnykh-masel","status":"publish","type":"product","link":"https:\/\/www.ortungsgerate.de\/ru\/12-skrytyje-kamery\/skrytaya-kamera-vstroennaya-v-diffuzor-dlya-efirnykh-masel\/","title":{"rendered":"\u0421\u043a\u0440\u044b\u0442\u0430\u044f \u043a\u0430\u043c\u0435\u0440\u0430, \u0432\u0441\u0442\u0440\u043e\u0435\u043d\u043d\u0430\u044f \u0432 \u0434\u0438\u0444\u0444\u0443\u0437\u043e\u0440 \u0434\u043b\u044f \u044d\u0444\u0438\u0440\u043d\u044b\u0445 \u043c\u0430\u0441\u0435\u043b"},"content":{"rendered":"<h4>\u0410\u041a\u0426\u0418\u042f: Micro SD 32GB \u0432 \u043f\u043e\u0434\u0430\u0440\u043e\u043a<\/h4>\n<h2><strong>\u0422\u0435\u0445\u043d\u0438\u0447\u0435\u0441\u043a\u0438\u0435 \u043f\u0430\u0440\u0430\u043c\u0435\u0442\u0440\u044b:<\/strong><\/h2>\n<ul>\n<li style=\"list-style-type: none\">\n<ul>\n<li>M\u00f6glichkeit, das Bild live \u00fcber die mobile App zu verfolgen<\/li>\n<li>Aromadiffusor f\u00fcr \u00e4therische \u00d6le, 120 ml Wasserbeh\u00e4lterkapazit\u00e4t<\/li>\n<li>\u0421\u0432\u0435\u0442\u043e\u0434\u0438\u043e\u0434\u043d\u043e\u0435 \u043e\u0441\u0432\u0435\u0449\u0435\u043d\u0438\u0435<\/li>\n<li>100% \u0444\u0443\u043d\u043a\u0446\u0438\u043e\u043d\u0430\u043b\u044c\u043d\u044b\u0439 \u0434\u0438\u0444\u0444\u0443\u0437\u043e\u0440<\/li>\n<li>Schneller Anschluss, Sie ben\u00f6tigen nur 2 Min.<\/li>\n<li>Das Bild kann live auf dem Telefon betrachtet werden<\/li>\n<li>Gibt keine Ger\u00e4usche oder Lichtsignale von sich<\/li>\n<li>Anschluss an das Stromnetz \u2013 funktioniert dauerhaft, kein Akkuaufladen n\u00f6tig<\/li>\n<li>Aufl\u00f6sung der Aufzeichnung: Full HD<\/li>\n<li>Videoformat: AVI | max. 25 fps<\/li>\n<li>\u0423\u0433\u043e\u043b \u043e\u0431\u0437\u043e\u0440\u0430: 100\u00b0 \u043e\u0447\u0435\u043d\u044c \u0448\u0438\u0440\u043e\u043a\u0438\u0439 \u0443\u0433\u043e\u043b<\/li>\n<li>\u0417\u0432\u0443\u043a: \u043c\u0438\u043a\u0440\u043e\u0444\u043e\u043d \u0441 \u0444\u0443\u043d\u043a\u0446\u0438\u0435\u0439 \u0448\u0443\u043c\u043e\u043f\u043e\u0434\u0430\u0432\u043b\u0435\u043d\u0438\u044f<\/li>\n<li>\u0417\u0430\u0440\u044f\u0434\u043a\u0430 \u0447\u0435\u0440\u0435\u0437 USB-\u043a\u0430\u0431\u0435\u043b\u044c<\/li>\n<li>Videocodierung: H264<\/li>\n<li>Farbe: Schwarholz<\/li>\n<li>Lieferumfang: WLAN-Kamera, Aromadiffusor f\u00fcr \u00e4therische \u00d6le, microSD-Kartenleser, USB-Kabel<\/li>\n<li>Abmessungen: 115 x 115 x 131 mm<\/li>\n<li>\u0413\u0410\u0420\u0410\u041d\u0422\u0418\u042f 12 \u043c\u0435\u0441\u044f\u0446\u0435\u0432<\/li>\n<\/ul>\n<\/li>\n<\/ul>\n<p data-start=\"165\" data-end=\"256\"><strong data-start=\"165\" data-end=\"254\">Aromadiffusor f\u00fcr \u00e4therische \u00d6le mit WLAN-Kamera \u2013 zuverl\u00e4ssige Hilfe f\u00fcr Eltern bei der Kinder\u00fcberwachung<\/strong><\/p>\n<p data-start=\"258\" data-end=\"554\">Im Alltag, wenn Kinder spielen, lernen oder schlafen, fragen sich Eltern h\u00e4ufig: \u201eIst alles in Ordnung?\u201c Dieser innovative Aromadiffusor f\u00fcr \u00e4therische \u00d6le mit integrierter WLAN-Kamera erm\u00f6glicht es, die Kleinen in Echtzeit zu beobachten, ohne ihnen Stress zu bereiten und ohne die t\u00e4glichen Aufgaben zu unterbrechen.<\/p>\n<p data-start=\"556\" data-end=\"597\"><strong data-start=\"556\" data-end=\"595\">Warum dies eine hervorragende L\u00f6sung f\u00fcr Eltern ist:<\/strong><\/p>\n<ul data-start=\"598\" data-end=\"1457\">\n<li data-start=\"598\" data-end=\"865\">\n<p data-start=\"600\" data-end=\"865\"><strong data-start=\"600\" data-end=\"627\">Live-Bild auf dem Telefon:<\/strong> Mit diesem Diffusor k\u00f6nnen Sie jederzeit sehen, was die Kinder machen, selbst wenn Sie sich in einem anderen Raum oder bei der Arbeit befinden. Die mobile App l\u00e4sst sich leicht auf dem Telefon installieren und erm\u00f6glicht eine direkte Live-Ansicht ohne zus\u00e4tzliche komplizierte Ausr\u00fcstung.<\/p>\n<\/li>\n<li data-start=\"866\" data-end=\"1014\">\n<p data-start=\"868\" data-end=\"1014\"><strong data-start=\"868\" data-end=\"903\">Gro\u00dfer Sichtwinkel (100\u00b0):<\/strong> Mit einer Aufnahme wird ein gro\u00dfer Teil des Raumes erfasst, sodass Sie sowohl spielende Kinder als auch ihre Umgebung sehen.<\/p>\n<\/li>\n<li data-start=\"1015\" data-end=\"1158\">\n<p data-start=\"1017\" data-end=\"1158\"><strong data-start=\"1017\" data-end=\"1033\">Leiser Betrieb:<\/strong> Der Diffusor arbeitet v\u00f6llig ger\u00e4uschlos, sodass die Kinder keine zus\u00e4tzlichen Ger\u00e4usche h\u00f6ren und ihr Schlaf oder Spiel nicht gest\u00f6rt wird.<\/p>\n<\/li>\n<li data-start=\"1159\" data-end=\"1297\">\n<p data-start=\"1161\" data-end=\"1297\"><strong data-start=\"1161\" data-end=\"1187\">Dauerhafte Stromversorgung:<\/strong> An das Stromnetz angeschlossen, arbeitet der Diffusor unterbrechungsfrei, ohne dass Sie sich um das Aufladen eines Akkus k\u00fcmmern m\u00fcssen.<\/p>\n<\/li>\n<li data-start=\"1298\" data-end=\"1457\">\n<p data-start=\"1300\" data-end=\"1457\"><strong data-start=\"1300\" data-end=\"1321\">Audio\u00fcberwachung:<\/strong> Das integrierte Mikrofon mit Ger\u00e4uschunterdr\u00fcckungsfunktion erm\u00f6glicht es, wichtige Ger\u00e4usche zu h\u00f6ren, z. B. wenn das Kind weint oder um Hilfe ruft.<\/p>\n<\/li>\n<\/ul>\n<p data-start=\"1459\" data-end=\"1521\"><strong data-start=\"1459\" data-end=\"1519\">Zus\u00e4tzliche Funktionen, die die Kinderbetreuung erleichtern:<\/strong><\/p>\n<ul data-start=\"1522\" data-end=\"2065\">\n<li data-start=\"1522\" data-end=\"1636\">\n<p data-start=\"1524\" data-end=\"1636\"><strong data-start=\"1524\" data-end=\"1551\">Full-HD-Aufzeichnungsaufl\u00f6sung:<\/strong> Sie k\u00f6nnen die Aktivit\u00e4ten des Kindes aufzeichnen, um Ereignisse bei Bedarf im Nachhinein zu \u00fcberpr\u00fcfen.<\/p>\n<\/li>\n<li data-start=\"1637\" data-end=\"1748\">\n<p data-start=\"1639\" data-end=\"1748\"><strong data-start=\"1639\" data-end=\"1685\">Videoformat AVI, Codierung H264:<\/strong> Gew\u00e4hrleistet eine hochwertige Darstellung mit klarer Farbwiedergabe.<\/p>\n<\/li>\n<li data-start=\"1749\" data-end=\"1828\">\n<p data-start=\"1751\" data-end=\"1828\"><strong data-start=\"1751\" data-end=\"1774\">Schneller Anschluss:<\/strong> Das Ger\u00e4t ist in nur 2 Minuten einsatzbereit.<\/p>\n<\/li>\n<li data-start=\"1829\" data-end=\"1929\">\n<p data-start=\"1831\" data-end=\"1929\"><strong data-start=\"1831\" data-end=\"1851\">LED-Beleuchtung:<\/strong> Schafft eine gem\u00fctliche Umgebung zum Spielen oder Ausruhen, ohne den Schlaf des Kindes zu beeintr\u00e4chtigen.<\/p>\n<\/li>\n<li data-start=\"1930\" data-end=\"2065\">\n<p data-start=\"1932\" data-end=\"2065\"><strong data-start=\"1932\" data-end=\"1963\">120-ml-Wasserbeh\u00e4lter:<\/strong> Verbreitet einen angenehmen Duft \u00e4therischer \u00d6le, der hilft, eine beruhigende und komfortable Atmosph\u00e4re zu schaffen.<\/p>\n<\/li>\n<\/ul>\n<p data-start=\"2067\" data-end=\"2109\"><strong data-start=\"2067\" data-end=\"2107\">Elegantes und praktisches Design:<\/strong><\/p>\n<ul data-start=\"2110\" data-end=\"2267\">\n<li data-start=\"2110\" data-end=\"2197\">\n<p data-start=\"2112\" data-end=\"2197\">Farbe \u2013 Schwarholz, dadurch f\u00fcgt sich der Diffusor problemlos in jedes Wohninterieur ein.<\/p>\n<\/li>\n<li data-start=\"2198\" data-end=\"2267\">\n<p data-start=\"2200\" data-end=\"2267\">Abmessungen: 115 x 115 x 131 mm \u2013 kompakt, nimmt nicht viel Platz ein.<\/p>\n<\/li>\n<\/ul>\n<p data-start=\"2269\" data-end=\"2289\"><strong data-start=\"2269\" data-end=\"2287\">\u041a\u043e\u043c\u043f\u043b\u0435\u043a\u0442\u0430\u0446\u0438\u044f:<\/strong><\/p>\n<ul data-start=\"2290\" data-end=\"2394\">\n<li data-start=\"2290\" data-end=\"2344\">\n<p data-start=\"2292\" data-end=\"2344\">WLAN-Kamera, integriert in den Aromadiffusor f\u00fcr \u00e4therische \u00d6le<\/p>\n<\/li>\n<li data-start=\"2345\" data-end=\"2378\">\n<p data-start=\"2347\" data-end=\"2378\">microSD-\u043a\u0430\u0440\u0442\u0440\u0438\u0434\u0435\u0440<\/p>\n<\/li>\n<li data-start=\"2379\" data-end=\"2394\">\n<p data-start=\"2381\" data-end=\"2394\">USB-\u043a\u0430\u0431\u0435\u043b\u044c<\/p>\n<\/li>\n<\/ul>\n<p data-start=\"2396\" data-end=\"2420\"><strong data-start=\"2396\" data-end=\"2410\">\u0413\u0430\u0440\u0430\u043d\u0442\u0438\u044f:<\/strong> 12 Monate.<\/p>\n<p data-start=\"2422\" data-end=\"2800\">Dieses Ger\u00e4t ist nicht nur ein Aromatherapieger\u00e4t, sondern auch eine zuverl\u00e4ssige Unterst\u00fctzung f\u00fcr Eltern, die die Sicherheit und Ruhe ihrer Kinder zu Hause gew\u00e4hrleisten m\u00f6chten. Es hilft, das Spielen, Schlafen und Lernen der Kinder zu \u00fcberwachen und schafft gleichzeitig eine gem\u00fctliche Umgebung mit einem angenehmen Duft. Es ist eine innovative L\u00f6sung, die Eltern ein Gef\u00fchl von Ruhe und Sicherheit gibt, selbst wenn sie nicht physisch in der N\u00e4he ihrer Kinder sein k\u00f6nnen.<\/p>","protected":false},"excerpt":{"rendered":"<p>AKTION: Micro SD 32GB als Geschenk Technische Parameter: M\u00f6glichkeit, das Bild live \u00fcber die mobile App zu verfolgen Aromadiffusor f\u00fcr \u00e4therische \u00d6le, 120 ml Wasserbeh\u00e4lterkapazit\u00e4t&#8230;<\/p>","protected":false},"featured_media":29220,"template":"","meta":[],"etheme_brands":[],"product_brand":[],"product_cat":[204,203,205],"product_tag":[],"class_list":{"0":"post-29217","1":"product","2":"type-product","3":"status-publish","4":"has-post-thumbnail","6":"product_cat-17-getarnte-kameras","7":"product_cat-12-versteckte-kameras","8":"product_cat-27-wlan-minikameras","9":"pa_typ-diffusoren-fuer-aetherische-oele","11":"first","12":"instock","13":"taxable","14":"shipping-taxable","15":"purchasable","16":"product-type-simple"},"yoast_head":"<!-- This site is optimized with the Yoast SEO Premium plugin v25.9 (Yoast SEO v27.4) - https:\/\/yoast.com\/product\/yoast-seo-premium-wordpress\/ -->\n<title>Versteckte Kamera eingebaut in einen Diffusor f\u00fcr \u00e4therische \u00d6le<\/title>\n<meta name=\"robots\" content=\"index, follow, max-snippet:-1, max-image-preview:large, max-video-preview:-1\" \/>\n<link rel=\"canonical\" href=\"https:\/\/www.ortungsgerate.de\/ru\/12-skrytyje-kamery\/skrytaya-kamera-vstroennaya-v-diffuzor-dlya-efirnykh-masel\/\" \/>\n<meta property=\"og:locale\" content=\"ru_RU\" \/>\n<meta property=\"og:type\" content=\"article\" \/>\n<meta property=\"og:title\" content=\"Versteckte Kamera integriert in einen Diffusor f\u00fcr \u00e4therische \u00d6le\" \/>\n<meta property=\"og:description\" content=\"AKTION: Micro SD 32GB als Geschenk Technische Parameter: M\u00f6glichkeit, das Bild live \u00fcber die mobile App zu verfolgen Aromadiffusor f\u00fcr \u00e4therische \u00d6le, 120 ml Wasserbeh\u00e4lterkapazit\u00e4t...\" \/>\n<meta property=\"og:url\" content=\"https:\/\/www.ortungsgerate.de\/ru\/12-skrytyje-kamery\/skrytaya-kamera-vstroennaya-v-diffuzor-dlya-efirnykh-masel\/\" \/>\n<meta property=\"og:site_name\" content=\"Ortungsger\u00e4te.de\" \/>\n<meta property=\"article:modified_time\" content=\"2025-11-26T17:01:36+00:00\" \/>\n<meta property=\"og:image\" content=\"https:\/\/www.ortungsgerate.de\/wp-content\/uploads\/eteriniu-alieju-garintuvas-su-slapta-kamera-2.jpg\" \/>\n\t<meta property=\"og:image:width\" content=\"404\" \/>\n\t<meta property=\"og:image:height\" content=\"407\" \/>\n\t<meta property=\"og:image:type\" content=\"image\/jpeg\" \/>\n<meta name=\"twitter:card\" content=\"summary_large_image\" \/>\n<meta name=\"twitter:label1\" content=\"\u041f\u0440\u0438\u043c\u0435\u0440\u043d\u043e\u0435 \u0432\u0440\u0435\u043c\u044f \u0434\u043b\u044f \u0447\u0442\u0435\u043d\u0438\u044f\" \/>\n\t<meta name=\"twitter:data1\" content=\"3 \u043c\u0438\u043d\u0443\u0442\u044b\" \/>\n<script type=\"application\/ld+json\" class=\"yoast-schema-graph\">{\"@context\":\"https:\\\/\\\/schema.org\",\"@graph\":[{\"@type\":\"WebPage\",\"@id\":\"https:\\\/\\\/www.ortungsgerate.de\\\/12-versteckte-kameras\\\/versteckte-kamera-integriert-in-einen-diffusor-fuer-aetherische-oele\\\/\",\"url\":\"https:\\\/\\\/www.ortungsgerate.de\\\/12-versteckte-kameras\\\/versteckte-kamera-integriert-in-einen-diffusor-fuer-aetherische-oele\\\/\",\"name\":\"Versteckte Kamera eingebaut in einen Diffusor f\u00fcr \u00e4therische \u00d6le\",\"isPartOf\":{\"@id\":\"https:\\\/\\\/www.ortungsgerate.de\\\/#website\"},\"primaryImageOfPage\":{\"@id\":\"https:\\\/\\\/www.ortungsgerate.de\\\/12-versteckte-kameras\\\/versteckte-kamera-integriert-in-einen-diffusor-fuer-aetherische-oele\\\/#primaryimage\"},\"image\":{\"@id\":\"https:\\\/\\\/www.ortungsgerate.de\\\/12-versteckte-kameras\\\/versteckte-kamera-integriert-in-einen-diffusor-fuer-aetherische-oele\\\/#primaryimage\"},\"thumbnailUrl\":\"https:\\\/\\\/www.ortungsgerate.de\\\/wp-content\\\/uploads\\\/eteriniu-alieju-garintuvas-su-slapta-kamera-2.jpg\",\"datePublished\":\"2023-09-11T07:12:18+00:00\",\"dateModified\":\"2025-11-26T17:01:36+00:00\",\"breadcrumb\":{\"@id\":\"https:\\\/\\\/www.ortungsgerate.de\\\/12-versteckte-kameras\\\/versteckte-kamera-integriert-in-einen-diffusor-fuer-aetherische-oele\\\/#breadcrumb\"},\"inLanguage\":\"ru-RU\",\"potentialAction\":[{\"@type\":\"ReadAction\",\"target\":[\"https:\\\/\\\/www.ortungsgerate.de\\\/12-versteckte-kameras\\\/versteckte-kamera-integriert-in-einen-diffusor-fuer-aetherische-oele\\\/\"]}]},{\"@type\":\"ImageObject\",\"inLanguage\":\"ru-RU\",\"@id\":\"https:\\\/\\\/www.ortungsgerate.de\\\/12-versteckte-kameras\\\/versteckte-kamera-integriert-in-einen-diffusor-fuer-aetherische-oele\\\/#primaryimage\",\"url\":\"https:\\\/\\\/www.ortungsgerate.de\\\/wp-content\\\/uploads\\\/eteriniu-alieju-garintuvas-su-slapta-kamera-2.jpg\",\"contentUrl\":\"https:\\\/\\\/www.ortungsgerate.de\\\/wp-content\\\/uploads\\\/eteriniu-alieju-garintuvas-su-slapta-kamera-2.jpg\",\"width\":404,\"height\":407,\"caption\":\"Diffusor f\u00fcr \u00e4therische \u00d6le mit versteckter Kamera\"},{\"@type\":\"BreadcrumbList\",\"@id\":\"https:\\\/\\\/www.ortungsgerate.de\\\/12-versteckte-kameras\\\/versteckte-kamera-integriert-in-einen-diffusor-fuer-aetherische-oele\\\/#breadcrumb\",\"itemListElement\":[{\"@type\":\"ListItem\",\"position\":1,\"name\":\"Startseite\",\"item\":\"https:\\\/\\\/www.ortungsgerate.de\\\/\"},{\"@type\":\"ListItem\",\"position\":2,\"name\":\"Shop\",\"item\":\"https:\\\/\\\/www.ortungsgerate.de\\\/shop\\\/\"},{\"@type\":\"ListItem\",\"position\":3,\"name\":\"Versteckte Kamera integriert in einen Diffusor f\u00fcr \u00e4therische \u00d6le\"}]},{\"@type\":\"WebSite\",\"@id\":\"https:\\\/\\\/www.ortungsgerate.de\\\/#website\",\"url\":\"https:\\\/\\\/www.ortungsgerate.de\\\/\",\"name\":\"Ortungsgerate.de\",\"description\":\"\",\"publisher\":{\"@id\":\"https:\\\/\\\/www.ortungsgerate.de\\\/#organization\"},\"potentialAction\":[{\"@type\":\"SearchAction\",\"target\":{\"@type\":\"EntryPoint\",\"urlTemplate\":\"https:\\\/\\\/www.ortungsgerate.de\\\/?s={search_term_string}\"},\"query-input\":{\"@type\":\"PropertyValueSpecification\",\"valueRequired\":true,\"valueName\":\"search_term_string\"}}],\"inLanguage\":\"ru-RU\"},{\"@type\":\"Organization\",\"@id\":\"https:\\\/\\\/www.ortungsgerate.de\\\/#organization\",\"name\":\"Ortungsgerate.de\",\"url\":\"https:\\\/\\\/www.ortungsgerate.de\\\/\",\"logo\":{\"@type\":\"ImageObject\",\"inLanguage\":\"ru-RU\",\"@id\":\"https:\\\/\\\/www.ortungsgerate.de\\\/#\\\/schema\\\/logo\\\/image\\\/\",\"url\":\"https:\\\/\\\/www.ortungsgerate.de\\\/wp-content\\\/uploads\\\/ortungsgerate.png\",\"contentUrl\":\"https:\\\/\\\/www.ortungsgerate.de\\\/wp-content\\\/uploads\\\/ortungsgerate.png\",\"width\":500,\"height\":135,\"caption\":\"Ortungsgerate.de\"},\"image\":{\"@id\":\"https:\\\/\\\/www.ortungsgerate.de\\\/#\\\/schema\\\/logo\\\/image\\\/\"}}]}<\/script>\n<!-- \/ Yoast SEO Premium plugin. -->","yoast_head_json":{"title":"Versteckte Kamera eingebaut in einen Diffusor f\u00fcr \u00e4therische \u00d6le","robots":{"index":"index","follow":"follow","max-snippet":"max-snippet:-1","max-image-preview":"max-image-preview:large","max-video-preview":"max-video-preview:-1"},"canonical":"https:\/\/www.ortungsgerate.de\/ru\/12-skrytyje-kamery\/skrytaya-kamera-vstroennaya-v-diffuzor-dlya-efirnykh-masel\/","og_locale":"ru_RU","og_type":"article","og_title":"Versteckte Kamera integriert in einen Diffusor f\u00fcr \u00e4therische \u00d6le","og_description":"AKTION: Micro SD 32GB als Geschenk Technische Parameter: M\u00f6glichkeit, das Bild live \u00fcber die mobile App zu verfolgen Aromadiffusor f\u00fcr \u00e4therische \u00d6le, 120 ml Wasserbeh\u00e4lterkapazit\u00e4t...","og_url":"https:\/\/www.ortungsgerate.de\/ru\/12-skrytyje-kamery\/skrytaya-kamera-vstroennaya-v-diffuzor-dlya-efirnykh-masel\/","og_site_name":"Ortungsger\u00e4te.de","article_modified_time":"2025-11-26T17:01:36+00:00","og_image":[{"width":404,"height":407,"url":"https:\/\/www.ortungsgerate.de\/wp-content\/uploads\/eteriniu-alieju-garintuvas-su-slapta-kamera-2.jpg","type":"image\/jpeg"}],"twitter_card":"summary_large_image","twitter_misc":{"\u041f\u0440\u0438\u043c\u0435\u0440\u043d\u043e\u0435 \u0432\u0440\u0435\u043c\u044f \u0434\u043b\u044f \u0447\u0442\u0435\u043d\u0438\u044f":"3 \u043c\u0438\u043d\u0443\u0442\u044b"},"schema":{"@context":"https:\/\/schema.org","@graph":[{"@type":"WebPage","@id":"https:\/\/www.ortungsgerate.de\/12-versteckte-kameras\/versteckte-kamera-integriert-in-einen-diffusor-fuer-aetherische-oele\/","url":"https:\/\/www.ortungsgerate.de\/12-versteckte-kameras\/versteckte-kamera-integriert-in-einen-diffusor-fuer-aetherische-oele\/","name":"Versteckte Kamera eingebaut in einen Diffusor f\u00fcr \u00e4therische \u00d6le","isPartOf":{"@id":"https:\/\/www.ortungsgerate.de\/#website"},"primaryImageOfPage":{"@id":"https:\/\/www.ortungsgerate.de\/12-versteckte-kameras\/versteckte-kamera-integriert-in-einen-diffusor-fuer-aetherische-oele\/#primaryimage"},"image":{"@id":"https:\/\/www.ortungsgerate.de\/12-versteckte-kameras\/versteckte-kamera-integriert-in-einen-diffusor-fuer-aetherische-oele\/#primaryimage"},"thumbnailUrl":"https:\/\/www.ortungsgerate.de\/wp-content\/uploads\/eteriniu-alieju-garintuvas-su-slapta-kamera-2.jpg","datePublished":"2023-09-11T07:12:18+00:00","dateModified":"2025-11-26T17:01:36+00:00","breadcrumb":{"@id":"https:\/\/www.ortungsgerate.de\/12-versteckte-kameras\/versteckte-kamera-integriert-in-einen-diffusor-fuer-aetherische-oele\/#breadcrumb"},"inLanguage":"ru-RU","potentialAction":[{"@type":"ReadAction","target":["https:\/\/www.ortungsgerate.de\/12-versteckte-kameras\/versteckte-kamera-integriert-in-einen-diffusor-fuer-aetherische-oele\/"]}]},{"@type":"ImageObject","inLanguage":"ru-RU","@id":"https:\/\/www.ortungsgerate.de\/12-versteckte-kameras\/versteckte-kamera-integriert-in-einen-diffusor-fuer-aetherische-oele\/#primaryimage","url":"https:\/\/www.ortungsgerate.de\/wp-content\/uploads\/eteriniu-alieju-garintuvas-su-slapta-kamera-2.jpg","contentUrl":"https:\/\/www.ortungsgerate.de\/wp-content\/uploads\/eteriniu-alieju-garintuvas-su-slapta-kamera-2.jpg","width":404,"height":407,"caption":"Diffusor f\u00fcr \u00e4therische \u00d6le mit versteckter Kamera"},{"@type":"BreadcrumbList","@id":"https:\/\/www.ortungsgerate.de\/12-versteckte-kameras\/versteckte-kamera-integriert-in-einen-diffusor-fuer-aetherische-oele\/#breadcrumb","itemListElement":[{"@type":"ListItem","position":1,"name":"Startseite","item":"https:\/\/www.ortungsgerate.de\/"},{"@type":"ListItem","position":2,"name":"Shop","item":"https:\/\/www.ortungsgerate.de\/shop\/"},{"@type":"ListItem","position":3,"name":"Versteckte Kamera integriert in einen Diffusor f\u00fcr \u00e4therische \u00d6le"}]},{"@type":"WebSite","@id":"https:\/\/www.ortungsgerate.de\/#website","url":"https:\/\/www.ortungsgerate.de\/","name":"Ortungsgerate.de","description":"","publisher":{"@id":"https:\/\/www.ortungsgerate.de\/#organization"},"potentialAction":[{"@type":"SearchAction","target":{"@type":"EntryPoint","urlTemplate":"https:\/\/www.ortungsgerate.de\/?s={search_term_string}"},"query-input":{"@type":"PropertyValueSpecification","valueRequired":true,"valueName":"search_term_string"}}],"inLanguage":"ru-RU"},{"@type":"Organization","@id":"https:\/\/www.ortungsgerate.de\/#organization","name":"Ortungsgerate.de","url":"https:\/\/www.ortungsgerate.de\/","logo":{"@type":"ImageObject","inLanguage":"ru-RU","@id":"https:\/\/www.ortungsgerate.de\/#\/schema\/logo\/image\/","url":"https:\/\/www.ortungsgerate.de\/wp-content\/uploads\/ortungsgerate.png","contentUrl":"https:\/\/www.ortungsgerate.de\/wp-content\/uploads\/ortungsgerate.png","width":500,"height":135,"caption":"Ortungsgerate.de"},"image":{"@id":"https:\/\/www.ortungsgerate.de\/#\/schema\/logo\/image\/"}}]}},"_links":{"self":[{"href":"https:\/\/www.ortungsgerate.de\/ru\/wp-json\/wp\/v2\/product\/29217","targetHints":{"allow":["GET"]}}],"collection":[{"href":"https:\/\/www.ortungsgerate.de\/ru\/wp-json\/wp\/v2\/product"}],"about":[{"href":"https:\/\/www.ortungsgerate.de\/ru\/wp-json\/wp\/v2\/types\/product"}],"version-history":[{"count":0,"href":"https:\/\/www.ortungsgerate.de\/ru\/wp-json\/wp\/v2\/product\/29217\/revisions"}],"wp:featuredmedia":[{"embeddable":true,"href":"https:\/\/www.ortungsgerate.de\/ru\/wp-json\/wp\/v2\/media\/29220"}],"wp:attachment":[{"href":"https:\/\/www.ortungsgerate.de\/ru\/wp-json\/wp\/v2\/media?parent=29217"}],"wp:term":[{"taxonomy":"brand","embeddable":true,"href":"https:\/\/www.ortungsgerate.de\/ru\/wp-json\/wp\/v2\/etheme_brands?post=29217"},{"taxonomy":"product_brand","embeddable":true,"href":"https:\/\/www.ortungsgerate.de\/ru\/wp-json\/wp\/v2\/product_brand?post=29217"},{"taxonomy":"product_cat","embeddable":true,"href":"https:\/\/www.ortungsgerate.de\/ru\/wp-json\/wp\/v2\/product_cat?post=29217"},{"taxonomy":"product_tag","embeddable":true,"href":"https:\/\/www.ortungsgerate.de\/ru\/wp-json\/wp\/v2\/product_tag?post=29217"}],"curies":[{"name":"wp","href":"https:\/\/api.w.org\/{rel}","templated":true}]}}