{"id":29269,"date":"2025-09-16T10:21:53","date_gmt":"2025-09-16T07:21:53","guid":{"rendered":"https:\/\/ortungsgerate.de\/?post_type=product&#038;p=29269"},"modified":"2025-11-26T19:01:36","modified_gmt":"2025-11-26T17:01:36","slug":"svetodiodnaya-nastolnaya-lampa-so-skrytoy-kameroy","status":"publish","type":"product","link":"https:\/\/www.ortungsgerate.de\/ru\/12-skrytyje-kamery\/17-zamaskirovanyje-kamery\/svetodiodnaya-nastolnaya-lampa-so-skrytoy-kameroy\/","title":{"rendered":"\u0421\u0432\u0435\u0442\u043e\u0434\u0438\u043e\u0434\u043d\u0430\u044f \u043d\u0430\u0441\u0442\u043e\u043b\u044c\u043d\u0430\u044f \u043b\u0430\u043c\u043f\u0430 \u0441\u043e \u0441\u043a\u0440\u044b\u0442\u043e\u0439 \u043a\u0430\u043c\u0435\u0440\u043e\u0439"},"content":{"rendered":"<h3><strong>\u0422\u0435\u0445\u043d\u0438\u0447\u0435\u0441\u043a\u0438\u0435 \u043f\u0430\u0440\u0430\u043c\u0435\u0442\u0440\u044b:<\/strong><\/h3>\n<ul>\n<li>Fern\u00fcberwachung: JA, Sie k\u00f6nnen das Bild aus jedem Land der Welt beobachten<\/li>\n<li>Niemand wird vermuten, dass eine versteckte Kamera eingebaut ist.<\/li>\n<li>Perfekt zum Aufstellen auf einem Tisch<\/li>\n<li>\u0418\u0437\u043e\u0431\u0440\u0430\u0436\u0435\u043d\u0438\u0435 \u0437\u0430\u043f\u0438\u0441\u044b\u0432\u0430\u0435\u0442\u0441\u044f \u0441\u043e \u0437\u0432\u0443\u043a\u043e\u043c<\/li>\n<li>Kann an die Stromversorgung angeschlossen werden, die Kamera funktioniert 24\/7<\/li>\n<li>Sie k\u00f6nnen sehen und h\u00f6ren, was im Raum passiert<\/li>\n<li>Bildqualit\u00e4t:\u00a0 Full HD<\/li>\n<li>Bilder k\u00f6nnen angesehen werden: \u00fcber Mobiltelefon oder Tablet<\/li>\n<li>\u0424\u0443\u043d\u043a\u0446\u0438\u044f \u043d\u043e\u0447\u043d\u043e\u0439 \u0441\u044a\u0435\u043c\u043a\u0438: \u0414\u0430<\/li>\n<li>Bewegungserkennungsfunktion: JA<\/li>\n<li>\u00dcberwachungswinkel: 110\u00b0<\/li>\n<li>\u0424\u043e\u0440\u043c\u0430\u0442 \u0441\u0436\u0430\u0442\u0438\u044f: AVI H.264<\/li>\n<li>Bildrate FPS: 25FPS<\/li>\n<li>\u041f\u043e\u0434\u0434\u0435\u0440\u0436\u0438\u0432\u0430\u0435\u043c\u044b\u0435 \u0441\u0438\u0441\u0442\u0435\u043c\u044b: \u201eiOS\u201c \u201eAndroid\u201c<\/li>\n<li>\u041f\u0440\u0438\u043b\u043e\u0436\u0435\u043d\u0438\u0435 \u0434\u043b\u044f \u043c\u043e\u0431\u0438\u043b\u044c\u043d\u044b\u0445 \u0443\u0441\u0442\u0440\u043e\u0439\u0441\u0442\u0432: \u0414\u0430<\/li>\n<li>\u0423\u043f\u0440\u0430\u0432\u043b\u0435\u043d\u0438\u0435 \u0437\u0430\u043f\u0438\u0441\u044c\u044e: \u0441 \u043b\u044e\u0431\u043e\u0433\u043e \u0443\u043c\u043d\u043e\u0433\u043e \u0443\u0441\u0442\u0440\u043e\u0439\u0441\u0442\u0432\u0430 (\u0442\u0435\u043b\u0435\u0444\u043e\u043d, \u043a\u043e\u043c\u043f\u044c\u044e\u0442\u0435\u0440 \u0438\u043b\u0438 \u043f\u043b\u0430\u043d\u0448\u0435\u0442).<\/li>\n<li>\u0420\u0430\u0437\u043c\u0435\u0440\u044b<\/li>\n<li>Abmessungen des Lampenfu\u00dfes 177mm x 120mm, h\u00f6chster Punkt nach oben (H\u00f6he)\u00a0 370 mm.<\/li>\n<li>\u0413\u0430\u0440\u0430\u043d\u0442\u0438\u044f 12 \u043c\u0435\u0441\u044f\u0446\u0435\u0432.<\/li>\n<\/ul>\n<h4><strong>\u041a\u043e\u043c\u043f\u043b\u0435\u043a\u0442\u0430\u0446\u0438\u044f:<\/strong><\/h4>\n<ul>\n<li>Kamera<\/li>\n<li>USB-\u043a\u0430\u0431\u0435\u043b\u044c<\/li>\n<li>\u0420\u0443\u043a\u043e\u0432\u043e\u0434\u0441\u0442\u0432\u043e \u043f\u043e\u043b\u044c\u0437\u043e\u0432\u0430\u0442\u0435\u043b\u044f<\/li>\n<li>Micro-SD-Kartenleser<\/li>\n<li>Adapter<\/li>\n<\/ul>\n<p><span style=\"color: #d0121a;\"><\/span><\/p>\n<p data-start=\"67\" data-end=\"146\"><strong data-start=\"67\" data-end=\"144\">LED-Tischlampe mit integrierter Kamera \u2013 f\u00fcr die Sicherheit und Ruhe Ihres Zuhauses<\/strong><\/p>\n<p data-start=\"148\" data-end=\"391\">Diese moderne LED-Tischlampe bietet nicht nur gem\u00fctliches und angenehmes Licht zum Arbeiten oder Lernen, sondern verf\u00fcgt auch \u00fcber eine integrierte HD-Kamera. Dies ist eine hervorragende L\u00f6sung f\u00fcr diejenigen, die die Sicherheit ihres Zuhauses gew\u00e4hrleisten und ihre Kinder aus der Ferne \u00fcberwachen m\u00f6chten.<\/p>\n<p data-start=\"393\" data-end=\"674\">Mit der intelligenten App k\u00f6nnen Sie in Echtzeit sehen, was zu Hause passiert \u2013 ob die Kinder Hausaufgaben machen, spielen oder alles in Ordnung ist. Das gibt Ihnen ein beruhigendes Gef\u00fchl, w\u00e4hrend Sie bei der Arbeit sind oder das Haus verlassen, da Sie immer die M\u00f6glichkeit haben, sich sofort einzuloggen und die Situation zu \u00fcberpr\u00fcfen.<\/p>\n<p data-start=\"676\" data-end=\"897\">Die Lampe ist diskret, stilvoll und funktional \u2013 sie f\u00fcgt sich nahtlos in das Interieur ein, sodass niemand vermuten wird, dass es mehr als nur eine einfache Lampe ist. Damit gew\u00e4hrleisten Sie Licht, Sicherheit und Ruhe gleichzeitig.<\/p>","protected":false},"excerpt":{"rendered":"<p>Technische\u00a0Parameter: Fern\u00fcberwachung: JA, Sie k\u00f6nnen das Bild aus jedem Land der Welt beobachten Niemand wird vermuten, dass eine versteckte Kamera eingebaut ist. Perfekt zum Aufstellen&#8230;<\/p>","protected":false},"featured_media":29270,"template":"","meta":[],"etheme_brands":[],"product_brand":[],"product_cat":[204,203,205],"product_tag":[687,692,689,688,690,691,693],"class_list":{"0":"post-29269","1":"product","2":"type-product","3":"status-publish","4":"has-post-thumbnail","6":"product_cat-17-getarnte-kameras","7":"product_cat-12-versteckte-kameras","8":"product_cat-27-wlan-minikameras","9":"product_tag-kamera-zur-ueberwachung","10":"product_tag-schneidekamera","11":"product_tag-sicherheitskamera","12":"product_tag-tarnkappen-kamera","13":"product_tag-versteckte-kamera","14":"product_tag-versteckte-ueberwachungskamera","15":"product_tag-wlan-kamera","16":"pa_typ-leuchten","18":"first","19":"instock","20":"taxable","21":"shipping-taxable","22":"purchasable","23":"product-type-simple"},"yoast_head":"<!-- This site is optimized with the Yoast SEO Premium plugin v25.9 (Yoast SEO v27.4) - https:\/\/yoast.com\/product\/yoast-seo-premium-wordpress\/ -->\n<title>Geheime Kamera LED Tischlampe<\/title>\n<meta name=\"description\" content=\"Versteckte Kamera LED Tischlampe. Perfekt getarnte Mini-Kamera. FULLHD Videoqualit\u00e4t, schneller und kostenloser Versand in Litauen.\" \/>\n<meta name=\"robots\" content=\"index, follow, max-snippet:-1, max-image-preview:large, max-video-preview:-1\" \/>\n<link rel=\"canonical\" href=\"https:\/\/www.ortungsgerate.de\/ru\/12-skrytyje-kamery\/27-wlan-mini-kamery\/svetodiodnaya-nastolnaya-lampa-so-skrytoy-kameroy\/\" \/>\n<meta property=\"og:locale\" content=\"ru_RU\" \/>\n<meta property=\"og:type\" content=\"article\" \/>\n<meta property=\"og:title\" content=\"Versteckte Kamera LED Tischlampe\" \/>\n<meta property=\"og:description\" content=\"Versteckte Kamera LED Tischlampe. Perfekt getarnte Mini-Kamera. FULLHD Videoqualit\u00e4t, schneller und kostenloser Versand in Litauen.\" \/>\n<meta property=\"og:url\" content=\"https:\/\/www.ortungsgerate.de\/ru\/12-skrytyje-kamery\/27-wlan-mini-kamery\/svetodiodnaya-nastolnaya-lampa-so-skrytoy-kameroy\/\" \/>\n<meta property=\"og:site_name\" content=\"Ortungsger\u00e4te.de\" \/>\n<meta property=\"article:modified_time\" content=\"2025-11-26T17:01:36+00:00\" \/>\n<meta property=\"og:image\" content=\"https:\/\/www.ortungsgerate.de\/wp-content\/uploads\/slapta-vaizdo-kamera-sviestuvas-led-mini-kamera.jpg\" \/>\n\t<meta property=\"og:image:width\" content=\"669\" \/>\n\t<meta property=\"og:image:height\" content=\"658\" \/>\n\t<meta property=\"og:image:type\" content=\"image\/jpeg\" \/>\n<meta name=\"twitter:card\" content=\"summary_large_image\" \/>\n<meta name=\"twitter:label1\" content=\"\u041f\u0440\u0438\u043c\u0435\u0440\u043d\u043e\u0435 \u0432\u0440\u0435\u043c\u044f \u0434\u043b\u044f \u0447\u0442\u0435\u043d\u0438\u044f\" \/>\n\t<meta name=\"twitter:data1\" content=\"2 \u043c\u0438\u043d\u0443\u0442\u044b\" \/>\n<script type=\"application\/ld+json\" class=\"yoast-schema-graph\">{\"@context\":\"https:\\\/\\\/schema.org\",\"@graph\":[{\"@type\":\"WebPage\",\"@id\":\"https:\\\/\\\/www.ortungsgerate.de\\\/12-versteckte-kameras\\\/27-wlan-minikameras\\\/versteckte-kamera-led-tischlampe\\\/\",\"url\":\"https:\\\/\\\/www.ortungsgerate.de\\\/12-versteckte-kameras\\\/27-wlan-minikameras\\\/versteckte-kamera-led-tischlampe\\\/\",\"name\":\"Geheime Kamera LED Tischlampe\",\"isPartOf\":{\"@id\":\"https:\\\/\\\/www.ortungsgerate.de\\\/#website\"},\"primaryImageOfPage\":{\"@id\":\"https:\\\/\\\/www.ortungsgerate.de\\\/12-versteckte-kameras\\\/27-wlan-minikameras\\\/versteckte-kamera-led-tischlampe\\\/#primaryimage\"},\"image\":{\"@id\":\"https:\\\/\\\/www.ortungsgerate.de\\\/12-versteckte-kameras\\\/27-wlan-minikameras\\\/versteckte-kamera-led-tischlampe\\\/#primaryimage\"},\"thumbnailUrl\":\"https:\\\/\\\/www.ortungsgerate.de\\\/wp-content\\\/uploads\\\/slapta-vaizdo-kamera-sviestuvas-led-mini-kamera.jpg\",\"datePublished\":\"2025-09-16T07:21:53+00:00\",\"dateModified\":\"2025-11-26T17:01:36+00:00\",\"description\":\"Versteckte Kamera LED Tischlampe. Perfekt getarnte Mini-Kamera. FULLHD Videoqualit\u00e4t, schneller und kostenloser Versand in Litauen.\",\"breadcrumb\":{\"@id\":\"https:\\\/\\\/www.ortungsgerate.de\\\/12-versteckte-kameras\\\/27-wlan-minikameras\\\/versteckte-kamera-led-tischlampe\\\/#breadcrumb\"},\"inLanguage\":\"ru-RU\",\"potentialAction\":[{\"@type\":\"ReadAction\",\"target\":[\"https:\\\/\\\/www.ortungsgerate.de\\\/12-versteckte-kameras\\\/27-wlan-minikameras\\\/versteckte-kamera-led-tischlampe\\\/\"]}]},{\"@type\":\"ImageObject\",\"inLanguage\":\"ru-RU\",\"@id\":\"https:\\\/\\\/www.ortungsgerate.de\\\/12-versteckte-kameras\\\/27-wlan-minikameras\\\/versteckte-kamera-led-tischlampe\\\/#primaryimage\",\"url\":\"https:\\\/\\\/www.ortungsgerate.de\\\/wp-content\\\/uploads\\\/slapta-vaizdo-kamera-sviestuvas-led-mini-kamera.jpg\",\"contentUrl\":\"https:\\\/\\\/www.ortungsgerate.de\\\/wp-content\\\/uploads\\\/slapta-vaizdo-kamera-sviestuvas-led-mini-kamera.jpg\",\"width\":669,\"height\":658,\"caption\":\"Versteckte Videokamera Lampenschirm LED Mini Kamera\"},{\"@type\":\"BreadcrumbList\",\"@id\":\"https:\\\/\\\/www.ortungsgerate.de\\\/12-versteckte-kameras\\\/27-wlan-minikameras\\\/versteckte-kamera-led-tischlampe\\\/#breadcrumb\",\"itemListElement\":[{\"@type\":\"ListItem\",\"position\":1,\"name\":\"Startseite\",\"item\":\"https:\\\/\\\/www.ortungsgerate.de\\\/\"},{\"@type\":\"ListItem\",\"position\":2,\"name\":\"Shop\",\"item\":\"https:\\\/\\\/www.ortungsgerate.de\\\/shop\\\/\"},{\"@type\":\"ListItem\",\"position\":3,\"name\":\"Versteckte Kamera LED Tischlampe\"}]},{\"@type\":\"WebSite\",\"@id\":\"https:\\\/\\\/www.ortungsgerate.de\\\/#website\",\"url\":\"https:\\\/\\\/www.ortungsgerate.de\\\/\",\"name\":\"Ortungsgerate.de\",\"description\":\"\",\"publisher\":{\"@id\":\"https:\\\/\\\/www.ortungsgerate.de\\\/#organization\"},\"potentialAction\":[{\"@type\":\"SearchAction\",\"target\":{\"@type\":\"EntryPoint\",\"urlTemplate\":\"https:\\\/\\\/www.ortungsgerate.de\\\/?s={search_term_string}\"},\"query-input\":{\"@type\":\"PropertyValueSpecification\",\"valueRequired\":true,\"valueName\":\"search_term_string\"}}],\"inLanguage\":\"ru-RU\"},{\"@type\":\"Organization\",\"@id\":\"https:\\\/\\\/www.ortungsgerate.de\\\/#organization\",\"name\":\"Ortungsgerate.de\",\"url\":\"https:\\\/\\\/www.ortungsgerate.de\\\/\",\"logo\":{\"@type\":\"ImageObject\",\"inLanguage\":\"ru-RU\",\"@id\":\"https:\\\/\\\/www.ortungsgerate.de\\\/#\\\/schema\\\/logo\\\/image\\\/\",\"url\":\"https:\\\/\\\/www.ortungsgerate.de\\\/wp-content\\\/uploads\\\/ortungsgerate.png\",\"contentUrl\":\"https:\\\/\\\/www.ortungsgerate.de\\\/wp-content\\\/uploads\\\/ortungsgerate.png\",\"width\":500,\"height\":135,\"caption\":\"Ortungsgerate.de\"},\"image\":{\"@id\":\"https:\\\/\\\/www.ortungsgerate.de\\\/#\\\/schema\\\/logo\\\/image\\\/\"}}]}<\/script>\n<!-- \/ Yoast SEO Premium plugin. -->","yoast_head_json":{"title":"Geheime Kamera LED Tischlampe","description":"Versteckte Kamera LED Tischlampe. Perfekt getarnte Mini-Kamera. FULLHD Videoqualit\u00e4t, schneller und kostenloser Versand in Litauen.","robots":{"index":"index","follow":"follow","max-snippet":"max-snippet:-1","max-image-preview":"max-image-preview:large","max-video-preview":"max-video-preview:-1"},"canonical":"https:\/\/www.ortungsgerate.de\/ru\/12-skrytyje-kamery\/27-wlan-mini-kamery\/svetodiodnaya-nastolnaya-lampa-so-skrytoy-kameroy\/","og_locale":"ru_RU","og_type":"article","og_title":"Versteckte Kamera LED Tischlampe","og_description":"Versteckte Kamera LED Tischlampe. Perfekt getarnte Mini-Kamera. FULLHD Videoqualit\u00e4t, schneller und kostenloser Versand in Litauen.","og_url":"https:\/\/www.ortungsgerate.de\/ru\/12-skrytyje-kamery\/27-wlan-mini-kamery\/svetodiodnaya-nastolnaya-lampa-so-skrytoy-kameroy\/","og_site_name":"Ortungsger\u00e4te.de","article_modified_time":"2025-11-26T17:01:36+00:00","og_image":[{"width":669,"height":658,"url":"https:\/\/www.ortungsgerate.de\/wp-content\/uploads\/slapta-vaizdo-kamera-sviestuvas-led-mini-kamera.jpg","type":"image\/jpeg"}],"twitter_card":"summary_large_image","twitter_misc":{"\u041f\u0440\u0438\u043c\u0435\u0440\u043d\u043e\u0435 \u0432\u0440\u0435\u043c\u044f \u0434\u043b\u044f \u0447\u0442\u0435\u043d\u0438\u044f":"2 \u043c\u0438\u043d\u0443\u0442\u044b"},"schema":{"@context":"https:\/\/schema.org","@graph":[{"@type":"WebPage","@id":"https:\/\/www.ortungsgerate.de\/12-versteckte-kameras\/27-wlan-minikameras\/versteckte-kamera-led-tischlampe\/","url":"https:\/\/www.ortungsgerate.de\/12-versteckte-kameras\/27-wlan-minikameras\/versteckte-kamera-led-tischlampe\/","name":"Geheime Kamera LED Tischlampe","isPartOf":{"@id":"https:\/\/www.ortungsgerate.de\/#website"},"primaryImageOfPage":{"@id":"https:\/\/www.ortungsgerate.de\/12-versteckte-kameras\/27-wlan-minikameras\/versteckte-kamera-led-tischlampe\/#primaryimage"},"image":{"@id":"https:\/\/www.ortungsgerate.de\/12-versteckte-kameras\/27-wlan-minikameras\/versteckte-kamera-led-tischlampe\/#primaryimage"},"thumbnailUrl":"https:\/\/www.ortungsgerate.de\/wp-content\/uploads\/slapta-vaizdo-kamera-sviestuvas-led-mini-kamera.jpg","datePublished":"2025-09-16T07:21:53+00:00","dateModified":"2025-11-26T17:01:36+00:00","description":"Versteckte Kamera LED Tischlampe. Perfekt getarnte Mini-Kamera. FULLHD Videoqualit\u00e4t, schneller und kostenloser Versand in Litauen.","breadcrumb":{"@id":"https:\/\/www.ortungsgerate.de\/12-versteckte-kameras\/27-wlan-minikameras\/versteckte-kamera-led-tischlampe\/#breadcrumb"},"inLanguage":"ru-RU","potentialAction":[{"@type":"ReadAction","target":["https:\/\/www.ortungsgerate.de\/12-versteckte-kameras\/27-wlan-minikameras\/versteckte-kamera-led-tischlampe\/"]}]},{"@type":"ImageObject","inLanguage":"ru-RU","@id":"https:\/\/www.ortungsgerate.de\/12-versteckte-kameras\/27-wlan-minikameras\/versteckte-kamera-led-tischlampe\/#primaryimage","url":"https:\/\/www.ortungsgerate.de\/wp-content\/uploads\/slapta-vaizdo-kamera-sviestuvas-led-mini-kamera.jpg","contentUrl":"https:\/\/www.ortungsgerate.de\/wp-content\/uploads\/slapta-vaizdo-kamera-sviestuvas-led-mini-kamera.jpg","width":669,"height":658,"caption":"Versteckte Videokamera Lampenschirm LED Mini Kamera"},{"@type":"BreadcrumbList","@id":"https:\/\/www.ortungsgerate.de\/12-versteckte-kameras\/27-wlan-minikameras\/versteckte-kamera-led-tischlampe\/#breadcrumb","itemListElement":[{"@type":"ListItem","position":1,"name":"Startseite","item":"https:\/\/www.ortungsgerate.de\/"},{"@type":"ListItem","position":2,"name":"Shop","item":"https:\/\/www.ortungsgerate.de\/shop\/"},{"@type":"ListItem","position":3,"name":"Versteckte Kamera LED Tischlampe"}]},{"@type":"WebSite","@id":"https:\/\/www.ortungsgerate.de\/#website","url":"https:\/\/www.ortungsgerate.de\/","name":"Ortungsgerate.de","description":"","publisher":{"@id":"https:\/\/www.ortungsgerate.de\/#organization"},"potentialAction":[{"@type":"SearchAction","target":{"@type":"EntryPoint","urlTemplate":"https:\/\/www.ortungsgerate.de\/?s={search_term_string}"},"query-input":{"@type":"PropertyValueSpecification","valueRequired":true,"valueName":"search_term_string"}}],"inLanguage":"ru-RU"},{"@type":"Organization","@id":"https:\/\/www.ortungsgerate.de\/#organization","name":"Ortungsgerate.de","url":"https:\/\/www.ortungsgerate.de\/","logo":{"@type":"ImageObject","inLanguage":"ru-RU","@id":"https:\/\/www.ortungsgerate.de\/#\/schema\/logo\/image\/","url":"https:\/\/www.ortungsgerate.de\/wp-content\/uploads\/ortungsgerate.png","contentUrl":"https:\/\/www.ortungsgerate.de\/wp-content\/uploads\/ortungsgerate.png","width":500,"height":135,"caption":"Ortungsgerate.de"},"image":{"@id":"https:\/\/www.ortungsgerate.de\/#\/schema\/logo\/image\/"}}]}},"_links":{"self":[{"href":"https:\/\/www.ortungsgerate.de\/ru\/wp-json\/wp\/v2\/product\/29269","targetHints":{"allow":["GET"]}}],"collection":[{"href":"https:\/\/www.ortungsgerate.de\/ru\/wp-json\/wp\/v2\/product"}],"about":[{"href":"https:\/\/www.ortungsgerate.de\/ru\/wp-json\/wp\/v2\/types\/product"}],"version-history":[{"count":0,"href":"https:\/\/www.ortungsgerate.de\/ru\/wp-json\/wp\/v2\/product\/29269\/revisions"}],"wp:featuredmedia":[{"embeddable":true,"href":"https:\/\/www.ortungsgerate.de\/ru\/wp-json\/wp\/v2\/media\/29270"}],"wp:attachment":[{"href":"https:\/\/www.ortungsgerate.de\/ru\/wp-json\/wp\/v2\/media?parent=29269"}],"wp:term":[{"taxonomy":"brand","embeddable":true,"href":"https:\/\/www.ortungsgerate.de\/ru\/wp-json\/wp\/v2\/etheme_brands?post=29269"},{"taxonomy":"product_brand","embeddable":true,"href":"https:\/\/www.ortungsgerate.de\/ru\/wp-json\/wp\/v2\/product_brand?post=29269"},{"taxonomy":"product_cat","embeddable":true,"href":"https:\/\/www.ortungsgerate.de\/ru\/wp-json\/wp\/v2\/product_cat?post=29269"},{"taxonomy":"product_tag","embeddable":true,"href":"https:\/\/www.ortungsgerate.de\/ru\/wp-json\/wp\/v2\/product_tag?post=29269"}],"curies":[{"name":"wp","href":"https:\/\/api.w.org\/{rel}","templated":true}]}}