{"id":29428,"date":"2025-09-23T12:31:13","date_gmt":"2025-09-23T09:31:13","guid":{"rendered":"https:\/\/ortungsgerate.de\/?post_type=product&#038;p=29428"},"modified":"2025-11-26T19:01:36","modified_gmt":"2025-11-26T17:01:36","slug":"diktofon-s-moschnym-akkumulyatorom-4000mah-900-chasov-raboty","status":"publish","type":"product","link":"https:\/\/www.ortungsgerate.de\/ru\/13-diktofony-2\/diktofon-s-moschnym-akkumulyatorom-4000mah-900-chasov-raboty\/","title":{"rendered":"\u0414\u0438\u043a\u0442\u043e\u0444\u043e\u043d \u0441 \u043c\u043e\u0449\u043d\u044b\u043c \u0430\u043a\u043a\u0443\u043c\u0443\u043b\u044f\u0442\u043e\u0440\u043e\u043c 4000mAh 900 \u0447\u0430\u0441\u043e\u0432 \u0440\u0430\u0431\u043e\u0442\u044b"},"content":{"rendered":"<h3><strong>\u0422\u0435\u0445\u043d\u0438\u0447\u0435\u0441\u043a\u0438\u0435 \u043f\u0430\u0440\u0430\u043c\u0435\u0442\u0440\u044b:<\/strong><\/h3>\n<ul>\n<li>Reichweite: bis zu 10-20 m<\/li>\n<li>Netto 900 Stunden Aufnahme ohne Aufladung, d.h. etwa 37 Tage<\/li>\n<li>Aufnahmequalit\u00e4t: 256 kbps<\/li>\n<li>HD Ger\u00e4uschunterdr\u00fcckung<\/li>\n<li>Ein-\/Ausschalten mit einem Knopfdruck<\/li>\n<li>Aufnahmen werden mit Zeit- und Datumsstempel gemacht<\/li>\n<li>OTG kann an Android-Telefon angeschlossen werden (Aufnahmen anh\u00f6ren), OTG USB-Adapter erforderlich<\/li>\n<li>M\u00f6glichkeit zur Einstellung der Audioqualit\u00e4t, Ger\u00e4uschunterdr\u00fcckungsstufe<\/li>\n<li>DSP-Prozessor<\/li>\n<li>Aktive externe Ger\u00e4uschunterdr\u00fcckung<\/li>\n<li>Interner Speicher: 32 GB<\/li>\n<li>\u0415\u043c\u043a\u043e\u0441\u0442\u044c \u0431\u0430\u0442\u0430\u0440\u0435\u0438: 4000 \u043c\u0410\u0447<\/li>\n<li>Nach dem Entladen der Batterie gibt es keine Ger\u00e4usche<\/li>\n<li>\u0412\u043e\u0437\u043c\u043e\u0436\u043d\u043e\u0441\u0442\u044c \u0440\u0430\u0441\u043f\u043e\u0437\u043d\u0430\u0432\u0430\u043d\u0438\u044f \u0440\u0435\u0447\u0438: \u0414\u0410<\/li>\n<li>Kontinuierliche Audioaufnahme: JA<\/li>\n<li>Aufnahmeformat: WAV oder mp3<\/li>\n<li>\u041f\u043e\u0434\u0434\u0435\u0440\u0436\u0438\u0432\u0430\u0435\u043c\u044b\u0435 \u0441\u0438\u0441\u0442\u0435\u043c\u044b: Windows<\/li>\n<li>Geh\u00e4usegr\u00f6\u00dfe: Dicke 205 mm x Breite 420 mm x L\u00e4nge 825 mm<\/li>\n<li><strong>\u0413\u0410\u0420\u0410\u041d\u0422\u0418\u042f 12 \u043c\u0435\u0441\u044f\u0446\u0435\u0432<\/strong><\/li>\n<\/ul>\n<p><span style=\"color: #d0121a;\"><strong><\/strong><\/span><\/p>\n<p>Verwendung: F\u00fcr den eigenen Schutz und den Schutz der Kinder.<\/p>\n<h3 data-start=\"1116\" data-end=\"1186\">Geheimer Diktierger\u00e4t \u2013 praktische L\u00f6sung in verschiedenen Situationen<\/h3>\n<p data-start=\"1188\" data-end=\"1425\">Die notwendigen Beweise zu sammeln, ist nicht immer einfach, daher kann ein geheimes Diktierger\u00e4t eine gro\u00dfe Hilfe sein. Es kann an einem sichtbaren Ort aufbewahrt werden, da es durch sein neutrales Design keinen Verdacht erregt. Ideal f\u00fcr die heimliche Aufzeichnung von Gespr\u00e4chen oder zur Sicherheit von Kindern.<\/p>\n<p data-start=\"1427\" data-end=\"1572\"><strong data-start=\"1427\" data-end=\"1447\">Einfach zu verstecken:<\/strong><br data-start=\"1447\" data-end=\"1450\" \/>Das Diktierger\u00e4t kann an metallischen Oberfl\u00e4chen befestigt oder hinter einem Heizk\u00f6rper oder an anderen unauff\u00e4lligen Orten versteckt werden.<\/p>\n<p data-start=\"1574\" data-end=\"1742\"><strong data-start=\"1574\" data-end=\"1595\">Standby-Modus:<\/strong><br data-start=\"1595\" data-end=\"1598\" \/>Das Diktierger\u00e4t hat einen Standby-Modus, der die Batterie schont. Selbst im Standby-Modus kann es lange Zeit betrieben werden und bietet w\u00e4hrend der Aufnahme viele Stunden an Aufnahmen.<\/p>\n<p data-start=\"1744\" data-end=\"1843\"><strong data-start=\"1744\" data-end=\"1766\">Hochwertiger Klang:<\/strong><br data-start=\"1766\" data-end=\"1769\" \/>Die Aufnahmen sind klar und qualitativ hochwertig, sodass das Anh\u00f6ren keine Probleme bereitet.<\/p>\n<p data-start=\"1845\" data-end=\"1986\"><strong data-start=\"1845\" data-end=\"1862\">Gro\u00dfe Kapazit\u00e4t:<\/strong><br data-start=\"1862\" data-end=\"1865\" \/>Interner Speicher \u2013 32 GB, erm\u00f6glicht die Aufzeichnung vieler Aufnahmen. Es kann zwischen kontinuierlicher Aufnahme oder Spracherkennungsfunktion gew\u00e4hlt werden.<\/p>\n<p data-start=\"1988\" data-end=\"2105\"><strong data-start=\"1988\" data-end=\"2009\">Einfach zu bedienen:<\/strong><br data-start=\"2009\" data-end=\"2012\" \/>Das Ger\u00e4t wird mit einem Knopf bedient, sodass es auch f\u00fcr diejenigen geeignet ist, die keine Technologie nutzen.<\/p>\n<p data-start=\"2107\" data-end=\"2212\"><strong data-start=\"2107\" data-end=\"2128\">Solides Design:<\/strong><br data-start=\"2128\" data-end=\"2131\" \/>Das Diktierger\u00e4t sieht professionell und robust aus, sodass es f\u00fcr verschiedene Benutzer geeignet ist.<\/p>","protected":false},"excerpt":{"rendered":"<p>Technische Parameter: Reichweite: bis zu 10-20 m Netto 900 Stunden Aufnahme ohne Aufladung, d.h. etwa 37 Tage Aufnahmequalit\u00e4t: 256 kbps HD Ger\u00e4uschunterdr\u00fcckung Ein-\/Ausschalten mit einem&#8230;<\/p>","protected":false},"featured_media":29429,"template":"","meta":[],"etheme_brands":[],"product_brand":[],"product_cat":[208,207],"product_tag":[695],"class_list":{"0":"post-29428","1":"product","2":"type-product","3":"status-publish","4":"has-post-thumbnail","6":"product_cat-16-abhoergeraete","7":"product_cat-13-diktiergeraete","8":"product_tag-digitaler-diktiergeraet","9":"pa_typ-diktiergeraet","10":"pa_typ-externe-akkus-powerbank","12":"first","13":"instock","14":"taxable","15":"shipping-taxable","16":"purchasable","17":"product-type-simple"},"yoast_head":"<!-- This site is optimized with the Yoast SEO Premium plugin v25.9 (Yoast SEO v27.4) - https:\/\/yoast.com\/product\/yoast-seo-premium-wordpress\/ -->\n<title>PowerBank getarnter versteckter Diktierger\u00e4t 32GB 1100Std Betriebszeit<\/title>\n<meta name=\"description\" content=\"Professionelles Diktierger\u00e4t, das in einer PowerBank-Batterie versteckt ist. Sehr hohe Audioqualit\u00e4t, einfach zu bedienen. Betriebsdauer bis zu 1100 Stunden. Aufnahmen werden durch Sprache aktiviert.\" \/>\n<meta name=\"robots\" content=\"index, follow, max-snippet:-1, max-image-preview:large, max-video-preview:-1\" \/>\n<link rel=\"canonical\" href=\"https:\/\/www.ortungsgerate.de\/ru\/16-proslushivayushcheye-oborudovaniye-2\/diktofon-s-moschnym-akkumulyatorom-4000mah-900-chasov-raboty\/\" \/>\n<meta property=\"og:locale\" content=\"ru_RU\" \/>\n<meta property=\"og:type\" content=\"article\" \/>\n<meta property=\"og:title\" content=\"Diktierger\u00e4t mit leistungsstarkem 4000mAh Akku 900Std. Betrieb\" \/>\n<meta property=\"og:description\" content=\"Professionelles Diktierger\u00e4t, das in einer PowerBank-Batterie versteckt ist. Sehr hohe Audioqualit\u00e4t, einfach zu bedienen. Betriebsdauer bis zu 1100 Stunden. Aufnahmen werden durch Sprache aktiviert.\" \/>\n<meta property=\"og:url\" content=\"https:\/\/www.ortungsgerate.de\/ru\/16-proslushivayushcheye-oborudovaniye-2\/diktofon-s-moschnym-akkumulyatorom-4000mah-900-chasov-raboty\/\" \/>\n<meta property=\"og:site_name\" content=\"Ortungsger\u00e4te.de\" \/>\n<meta property=\"article:modified_time\" content=\"2025-11-26T17:01:36+00:00\" \/>\n<meta property=\"og:image\" content=\"https:\/\/www.ortungsgerate.de\/wp-content\/uploads\/diktofonai-zema-kaina.jpeg\" \/>\n\t<meta property=\"og:image:width\" content=\"1488\" \/>\n\t<meta property=\"og:image:height\" content=\"1600\" \/>\n\t<meta property=\"og:image:type\" content=\"image\/jpeg\" \/>\n<meta name=\"twitter:card\" content=\"summary_large_image\" \/>\n<meta name=\"twitter:label1\" content=\"\u041f\u0440\u0438\u043c\u0435\u0440\u043d\u043e\u0435 \u0432\u0440\u0435\u043c\u044f \u0434\u043b\u044f \u0447\u0442\u0435\u043d\u0438\u044f\" \/>\n\t<meta name=\"twitter:data1\" content=\"2 \u043c\u0438\u043d\u0443\u0442\u044b\" \/>\n<script type=\"application\/ld+json\" class=\"yoast-schema-graph\">{\"@context\":\"https:\\\/\\\/schema.org\",\"@graph\":[{\"@type\":\"WebPage\",\"@id\":\"https:\\\/\\\/www.ortungsgerate.de\\\/16-abhoergeraete\\\/diktiergeraet-mit-leistungsstarkem-4000mah-akku-900std-betrieb\\\/\",\"url\":\"https:\\\/\\\/www.ortungsgerate.de\\\/16-abhoergeraete\\\/diktiergeraet-mit-leistungsstarkem-4000mah-akku-900std-betrieb\\\/\",\"name\":\"PowerBank getarnter versteckter Diktierger\u00e4t 32GB 1100Std Betriebszeit\",\"isPartOf\":{\"@id\":\"https:\\\/\\\/www.ortungsgerate.de\\\/#website\"},\"primaryImageOfPage\":{\"@id\":\"https:\\\/\\\/www.ortungsgerate.de\\\/16-abhoergeraete\\\/diktiergeraet-mit-leistungsstarkem-4000mah-akku-900std-betrieb\\\/#primaryimage\"},\"image\":{\"@id\":\"https:\\\/\\\/www.ortungsgerate.de\\\/16-abhoergeraete\\\/diktiergeraet-mit-leistungsstarkem-4000mah-akku-900std-betrieb\\\/#primaryimage\"},\"thumbnailUrl\":\"https:\\\/\\\/www.ortungsgerate.de\\\/wp-content\\\/uploads\\\/diktofonai-zema-kaina.jpeg\",\"datePublished\":\"2025-09-23T09:31:13+00:00\",\"dateModified\":\"2025-11-26T17:01:36+00:00\",\"description\":\"Professionelles Diktierger\u00e4t, das in einer PowerBank-Batterie versteckt ist. Sehr hohe Audioqualit\u00e4t, einfach zu bedienen. Betriebsdauer bis zu 1100 Stunden. Aufnahmen werden durch Sprache aktiviert.\",\"breadcrumb\":{\"@id\":\"https:\\\/\\\/www.ortungsgerate.de\\\/16-abhoergeraete\\\/diktiergeraet-mit-leistungsstarkem-4000mah-akku-900std-betrieb\\\/#breadcrumb\"},\"inLanguage\":\"ru-RU\",\"potentialAction\":[{\"@type\":\"ReadAction\",\"target\":[\"https:\\\/\\\/www.ortungsgerate.de\\\/16-abhoergeraete\\\/diktiergeraet-mit-leistungsstarkem-4000mah-akku-900std-betrieb\\\/\"]}]},{\"@type\":\"ImageObject\",\"inLanguage\":\"ru-RU\",\"@id\":\"https:\\\/\\\/www.ortungsgerate.de\\\/16-abhoergeraete\\\/diktiergeraet-mit-leistungsstarkem-4000mah-akku-900std-betrieb\\\/#primaryimage\",\"url\":\"https:\\\/\\\/www.ortungsgerate.de\\\/wp-content\\\/uploads\\\/diktofonai-zema-kaina.jpeg\",\"contentUrl\":\"https:\\\/\\\/www.ortungsgerate.de\\\/wp-content\\\/uploads\\\/diktofonai-zema-kaina.jpeg\",\"width\":1488,\"height\":1600,\"caption\":\"Diktierger\u00e4te niedriger Preis\"},{\"@type\":\"BreadcrumbList\",\"@id\":\"https:\\\/\\\/www.ortungsgerate.de\\\/16-abhoergeraete\\\/diktiergeraet-mit-leistungsstarkem-4000mah-akku-900std-betrieb\\\/#breadcrumb\",\"itemListElement\":[{\"@type\":\"ListItem\",\"position\":1,\"name\":\"Startseite\",\"item\":\"https:\\\/\\\/www.ortungsgerate.de\\\/\"},{\"@type\":\"ListItem\",\"position\":2,\"name\":\"Shop\",\"item\":\"https:\\\/\\\/www.ortungsgerate.de\\\/shop\\\/\"},{\"@type\":\"ListItem\",\"position\":3,\"name\":\"Diktierger\u00e4t mit leistungsstarkem 4000mAh Akku 900Std. Betrieb\"}]},{\"@type\":\"WebSite\",\"@id\":\"https:\\\/\\\/www.ortungsgerate.de\\\/#website\",\"url\":\"https:\\\/\\\/www.ortungsgerate.de\\\/\",\"name\":\"Ortungsgerate.de\",\"description\":\"\",\"publisher\":{\"@id\":\"https:\\\/\\\/www.ortungsgerate.de\\\/#organization\"},\"potentialAction\":[{\"@type\":\"SearchAction\",\"target\":{\"@type\":\"EntryPoint\",\"urlTemplate\":\"https:\\\/\\\/www.ortungsgerate.de\\\/?s={search_term_string}\"},\"query-input\":{\"@type\":\"PropertyValueSpecification\",\"valueRequired\":true,\"valueName\":\"search_term_string\"}}],\"inLanguage\":\"ru-RU\"},{\"@type\":\"Organization\",\"@id\":\"https:\\\/\\\/www.ortungsgerate.de\\\/#organization\",\"name\":\"Ortungsgerate.de\",\"url\":\"https:\\\/\\\/www.ortungsgerate.de\\\/\",\"logo\":{\"@type\":\"ImageObject\",\"inLanguage\":\"ru-RU\",\"@id\":\"https:\\\/\\\/www.ortungsgerate.de\\\/#\\\/schema\\\/logo\\\/image\\\/\",\"url\":\"https:\\\/\\\/www.ortungsgerate.de\\\/wp-content\\\/uploads\\\/ortungsgerate.png\",\"contentUrl\":\"https:\\\/\\\/www.ortungsgerate.de\\\/wp-content\\\/uploads\\\/ortungsgerate.png\",\"width\":500,\"height\":135,\"caption\":\"Ortungsgerate.de\"},\"image\":{\"@id\":\"https:\\\/\\\/www.ortungsgerate.de\\\/#\\\/schema\\\/logo\\\/image\\\/\"}}]}<\/script>\n<!-- \/ Yoast SEO Premium plugin. -->","yoast_head_json":{"title":"PowerBank getarnter versteckter Diktierger\u00e4t 32GB 1100Std Betriebszeit","description":"Professionelles Diktierger\u00e4t, das in einer PowerBank-Batterie versteckt ist. Sehr hohe Audioqualit\u00e4t, einfach zu bedienen. Betriebsdauer bis zu 1100 Stunden. Aufnahmen werden durch Sprache aktiviert.","robots":{"index":"index","follow":"follow","max-snippet":"max-snippet:-1","max-image-preview":"max-image-preview:large","max-video-preview":"max-video-preview:-1"},"canonical":"https:\/\/www.ortungsgerate.de\/ru\/16-proslushivayushcheye-oborudovaniye-2\/diktofon-s-moschnym-akkumulyatorom-4000mah-900-chasov-raboty\/","og_locale":"ru_RU","og_type":"article","og_title":"Diktierger\u00e4t mit leistungsstarkem 4000mAh Akku 900Std. Betrieb","og_description":"Professionelles Diktierger\u00e4t, das in einer PowerBank-Batterie versteckt ist. Sehr hohe Audioqualit\u00e4t, einfach zu bedienen. Betriebsdauer bis zu 1100 Stunden. Aufnahmen werden durch Sprache aktiviert.","og_url":"https:\/\/www.ortungsgerate.de\/ru\/16-proslushivayushcheye-oborudovaniye-2\/diktofon-s-moschnym-akkumulyatorom-4000mah-900-chasov-raboty\/","og_site_name":"Ortungsger\u00e4te.de","article_modified_time":"2025-11-26T17:01:36+00:00","og_image":[{"width":1488,"height":1600,"url":"https:\/\/www.ortungsgerate.de\/wp-content\/uploads\/diktofonai-zema-kaina.jpeg","type":"image\/jpeg"}],"twitter_card":"summary_large_image","twitter_misc":{"\u041f\u0440\u0438\u043c\u0435\u0440\u043d\u043e\u0435 \u0432\u0440\u0435\u043c\u044f \u0434\u043b\u044f \u0447\u0442\u0435\u043d\u0438\u044f":"2 \u043c\u0438\u043d\u0443\u0442\u044b"},"schema":{"@context":"https:\/\/schema.org","@graph":[{"@type":"WebPage","@id":"https:\/\/www.ortungsgerate.de\/16-abhoergeraete\/diktiergeraet-mit-leistungsstarkem-4000mah-akku-900std-betrieb\/","url":"https:\/\/www.ortungsgerate.de\/16-abhoergeraete\/diktiergeraet-mit-leistungsstarkem-4000mah-akku-900std-betrieb\/","name":"PowerBank getarnter versteckter Diktierger\u00e4t 32GB 1100Std Betriebszeit","isPartOf":{"@id":"https:\/\/www.ortungsgerate.de\/#website"},"primaryImageOfPage":{"@id":"https:\/\/www.ortungsgerate.de\/16-abhoergeraete\/diktiergeraet-mit-leistungsstarkem-4000mah-akku-900std-betrieb\/#primaryimage"},"image":{"@id":"https:\/\/www.ortungsgerate.de\/16-abhoergeraete\/diktiergeraet-mit-leistungsstarkem-4000mah-akku-900std-betrieb\/#primaryimage"},"thumbnailUrl":"https:\/\/www.ortungsgerate.de\/wp-content\/uploads\/diktofonai-zema-kaina.jpeg","datePublished":"2025-09-23T09:31:13+00:00","dateModified":"2025-11-26T17:01:36+00:00","description":"Professionelles Diktierger\u00e4t, das in einer PowerBank-Batterie versteckt ist. Sehr hohe Audioqualit\u00e4t, einfach zu bedienen. Betriebsdauer bis zu 1100 Stunden. Aufnahmen werden durch Sprache aktiviert.","breadcrumb":{"@id":"https:\/\/www.ortungsgerate.de\/16-abhoergeraete\/diktiergeraet-mit-leistungsstarkem-4000mah-akku-900std-betrieb\/#breadcrumb"},"inLanguage":"ru-RU","potentialAction":[{"@type":"ReadAction","target":["https:\/\/www.ortungsgerate.de\/16-abhoergeraete\/diktiergeraet-mit-leistungsstarkem-4000mah-akku-900std-betrieb\/"]}]},{"@type":"ImageObject","inLanguage":"ru-RU","@id":"https:\/\/www.ortungsgerate.de\/16-abhoergeraete\/diktiergeraet-mit-leistungsstarkem-4000mah-akku-900std-betrieb\/#primaryimage","url":"https:\/\/www.ortungsgerate.de\/wp-content\/uploads\/diktofonai-zema-kaina.jpeg","contentUrl":"https:\/\/www.ortungsgerate.de\/wp-content\/uploads\/diktofonai-zema-kaina.jpeg","width":1488,"height":1600,"caption":"Diktierger\u00e4te niedriger Preis"},{"@type":"BreadcrumbList","@id":"https:\/\/www.ortungsgerate.de\/16-abhoergeraete\/diktiergeraet-mit-leistungsstarkem-4000mah-akku-900std-betrieb\/#breadcrumb","itemListElement":[{"@type":"ListItem","position":1,"name":"Startseite","item":"https:\/\/www.ortungsgerate.de\/"},{"@type":"ListItem","position":2,"name":"Shop","item":"https:\/\/www.ortungsgerate.de\/shop\/"},{"@type":"ListItem","position":3,"name":"Diktierger\u00e4t mit leistungsstarkem 4000mAh Akku 900Std. Betrieb"}]},{"@type":"WebSite","@id":"https:\/\/www.ortungsgerate.de\/#website","url":"https:\/\/www.ortungsgerate.de\/","name":"Ortungsgerate.de","description":"","publisher":{"@id":"https:\/\/www.ortungsgerate.de\/#organization"},"potentialAction":[{"@type":"SearchAction","target":{"@type":"EntryPoint","urlTemplate":"https:\/\/www.ortungsgerate.de\/?s={search_term_string}"},"query-input":{"@type":"PropertyValueSpecification","valueRequired":true,"valueName":"search_term_string"}}],"inLanguage":"ru-RU"},{"@type":"Organization","@id":"https:\/\/www.ortungsgerate.de\/#organization","name":"Ortungsgerate.de","url":"https:\/\/www.ortungsgerate.de\/","logo":{"@type":"ImageObject","inLanguage":"ru-RU","@id":"https:\/\/www.ortungsgerate.de\/#\/schema\/logo\/image\/","url":"https:\/\/www.ortungsgerate.de\/wp-content\/uploads\/ortungsgerate.png","contentUrl":"https:\/\/www.ortungsgerate.de\/wp-content\/uploads\/ortungsgerate.png","width":500,"height":135,"caption":"Ortungsgerate.de"},"image":{"@id":"https:\/\/www.ortungsgerate.de\/#\/schema\/logo\/image\/"}}]}},"_links":{"self":[{"href":"https:\/\/www.ortungsgerate.de\/ru\/wp-json\/wp\/v2\/product\/29428","targetHints":{"allow":["GET"]}}],"collection":[{"href":"https:\/\/www.ortungsgerate.de\/ru\/wp-json\/wp\/v2\/product"}],"about":[{"href":"https:\/\/www.ortungsgerate.de\/ru\/wp-json\/wp\/v2\/types\/product"}],"version-history":[{"count":0,"href":"https:\/\/www.ortungsgerate.de\/ru\/wp-json\/wp\/v2\/product\/29428\/revisions"}],"wp:featuredmedia":[{"embeddable":true,"href":"https:\/\/www.ortungsgerate.de\/ru\/wp-json\/wp\/v2\/media\/29429"}],"wp:attachment":[{"href":"https:\/\/www.ortungsgerate.de\/ru\/wp-json\/wp\/v2\/media?parent=29428"}],"wp:term":[{"taxonomy":"brand","embeddable":true,"href":"https:\/\/www.ortungsgerate.de\/ru\/wp-json\/wp\/v2\/etheme_brands?post=29428"},{"taxonomy":"product_brand","embeddable":true,"href":"https:\/\/www.ortungsgerate.de\/ru\/wp-json\/wp\/v2\/product_brand?post=29428"},{"taxonomy":"product_cat","embeddable":true,"href":"https:\/\/www.ortungsgerate.de\/ru\/wp-json\/wp\/v2\/product_cat?post=29428"},{"taxonomy":"product_tag","embeddable":true,"href":"https:\/\/www.ortungsgerate.de\/ru\/wp-json\/wp\/v2\/product_tag?post=29428"}],"curies":[{"name":"wp","href":"https:\/\/api.w.org\/{rel}","templated":true}]}}