{"id":29571,"date":"2025-10-02T09:48:23","date_gmt":"2025-10-02T06:48:23","guid":{"rendered":"https:\/\/ortungsgerate.de\/?post_type=product&#038;p=29571"},"modified":"2025-12-01T11:26:01","modified_gmt":"2025-12-01T10:26:01","slug":"setevoy-adapter-zaryadnoe-ustroystvo-dlya-telefona-usb-tip-c","status":"publish","type":"product","link":"https:\/\/www.ortungsgerate.de\/ru\/12-skrytyje-kamery\/17-zamaskirovanyje-kamery\/setevoy-adapter-zaryadnoe-ustroystvo-dlya-telefona-usb-tip-c\/","title":{"rendered":"\u0421\u0435\u0442\u0435\u0432\u043e\u0439 \u0430\u0434\u0430\u043f\u0442\u0435\u0440 \u0437\u0430\u0440\u044f\u0434\u043d\u043e\u0435 \u0443\u0441\u0442\u0440\u043e\u0439\u0441\u0442\u0432\u043e \u0434\u043b\u044f \u0442\u0435\u043b\u0435\u0444\u043e\u043d\u0430 USB \u0422\u0438\u043f C"},"content":{"rendered":"<p><strong>\u0422\u0435\u0445\u043d\u0438\u0447\u0435\u0441\u043a\u0438\u0435 \u043f\u0430\u0440\u0430\u043c\u0435\u0442\u0440\u044b:<\/strong><\/p>\n<ul>\n<li>Sie k\u00f6nnen die Ansicht von \u00fcberall auf der Welt sehen<\/li>\n<li>Besonders einfach, die Kamera zu konfigurieren.<\/li>\n<li>Geeignet f\u00fcr Android- und iPhone-Handys<\/li>\n<li>Type-C und\u00a0USB-Ladeanschl\u00fcsse<\/li>\n<li>Videoaufnahme mit Ton<\/li>\n<li>Aufl\u00f6sung der Aufnahme: FULLHD<\/li>\n<li>\u0417\u0432\u0443\u043a: \u043c\u0438\u043a\u0440\u043e\u0444\u043e\u043d \u0441 \u0444\u0443\u043d\u043a\u0446\u0438\u0435\u0439 \u0448\u0443\u043c\u043e\u043f\u043e\u0434\u0430\u0432\u043b\u0435\u043d\u0438\u044f<\/li>\n<li>Echtzeit-\u00dcberwachung online (\u00fcber mobile App)<\/li>\n<li>Bewegungssensor \u2013 kann Bilder bei Bewegung aufzeichnen<\/li>\n<li>Kontinuierliche Videoaufnahme oder (\u00fcberwiegend)<\/li>\n<li>\u0412\u0438\u0434\u0435\u043e\u043a\u043e\u0434\u0438\u0440\u043e\u0432\u0430\u043d\u0438\u0435: H264<\/li>\n<li>Abmessungen 102 mm x 100 mm x 44 mm<\/li>\n<li>Lieferumfang: Wifi-Kamera<\/li>\n<li><strong>\u0413\u0410\u0420\u0410\u041d\u0422\u0418\u042f 12 \u043c\u0435\u0441\u044f\u0446\u0435\u0432.<\/strong><\/li>\n<\/ul>\n<p><span style=\"color: #d0121a;\"><\/span><\/p>\n<p>\u0418\u0441\u043f\u043e\u043b\u044c\u0437\u043e\u0432\u0430\u043d\u0438\u0435: \u0434\u043b\u044f \u0432\u0430\u0448\u0435\u0439 \u0431\u0435\u0437\u043e\u043f\u0430\u0441\u043d\u043e\u0441\u0442\u0438 \u0438 \u0431\u0435\u0437\u043e\u043f\u0430\u0441\u043d\u043e\u0441\u0442\u0438 \u0432\u0430\u0448\u0438\u0445 \u0434\u0435\u0442\u0435\u0439.<\/p>\n<p><b>Diskretion ohne Kompromisse: Unsichtbare FULL HD Kamera<\/b><\/p>\n<p>Suchen Sie nach einer L\u00f6sung, die vollst\u00e4ndige Sicherheit gew\u00e4hrleistet, ohne Verdacht zu erregen? Unsere Antwort ist <b>ein funktionaler Netzwerk-Hub mit integrierter versteckter Kamera.<\/b><\/p>\n<p>Das ist nicht nur ein weiteres Ladeger\u00e4t. Es ist ein hochwertiges \u00dcberwachungsger\u00e4t, das perfekt in einem allt\u00e4glichen Ger\u00e4t verborgen ist.<\/p>\n<p><b>Ihre Ruhe \u2013 Unsere Priorit\u00e4t:<\/b><\/p>\n<ul>\n<li><b>Vollst\u00e4ndige Geheimhaltung:<\/b> Das Ger\u00e4t sieht aus und funktioniert wie ein gew\u00f6hnliches Ladezentrum mit modernen <b>Type-C und USB-Ladeanschl\u00fcssen<\/b>. Niemand wird ahnen, dass sich unter der H\u00fclle ein <b>FULL HD<\/b> \u00dcberwachungsger\u00e4t verbirgt.<\/li>\n<li><b>Zugriff von \u00fcberall:<\/b> \u00dcberwachen Sie das Bild <b>live von \u00fcberall auf der Welt<\/b> \u2013 \u00fcber die mobile App f\u00fcr <b>Android<\/b> und <b>iPhone<\/b>. Die Konfiguration ist \u00e4u\u00dferst einfach und schnell.<\/li>\n<li><b>Klarer Ton:<\/b> H\u00f6ren Sie jedes Detail. Das integrierte <b>Mikrofon mit Ger\u00e4uschunterdr\u00fcckungsfunktion<\/b> sorgt daf\u00fcr, dass die Videoaufnahme mit Ton klare Gespr\u00e4chsinhalte aufzeichnet.<\/li>\n<li><b>Intelligente Aufnahme:<\/b> Der <b>\u0414\u0430\u0442\u0447\u0438\u043a \u0434\u0432\u0438\u0436\u0435\u043d\u0438\u044f<\/b> zeichnet nur dann auf, wenn es notwendig ist, und spart Speicherplatz. Sie k\u00f6nnen auch eine kontinuierliche oder zyklische (\u00fcberwiegend) Aufnahme w\u00e4hlen.<\/li>\n<\/ul>","protected":false},"excerpt":{"rendered":"<p>Technische\u00a0Parameter: Sie k\u00f6nnen die Ansicht von \u00fcberall auf der Welt sehen Besonders einfach, die Kamera zu konfigurieren. Geeignet f\u00fcr Android- und iPhone-Handys Type-C und\u00a0USB-Ladeanschl\u00fcsse Videoaufnahme&#8230;<\/p>","protected":false},"featured_media":29572,"template":"","meta":[],"etheme_brands":[],"product_brand":[],"product_cat":[204,203,205],"product_tag":[42,704,689,706,690,48],"class_list":{"0":"post-29571","1":"product","2":"type-product","3":"status-publish","4":"has-post-thumbnail","6":"product_cat-17-getarnte-kameras","7":"product_cat-12-versteckte-kameras","8":"product_cat-27-wlan-minikameras","9":"product_tag-kamera","10":"product_tag-kamerauhr","11":"product_tag-sicherheitskamera","12":"product_tag-unmaskierte-kamera","13":"product_tag-versteckte-kamera","14":"product_tag-wi-fi-kamera","15":"pa_typ-ladegeraete-verlaengerungskabel-mehrfachsteckdosen","17":"first","18":"instock","19":"taxable","20":"shipping-taxable","21":"purchasable","22":"product-type-simple"},"yoast_head":"<!-- This site is optimized with the Yoast SEO Premium plugin v25.9 (Yoast SEO v27.4) - https:\/\/yoast.com\/product\/yoast-seo-premium-wordpress\/ -->\n<title>Netzwerkverteiler Telefonladeger\u00e4t USB Typ C<\/title>\n<meta name=\"robots\" content=\"index, follow, max-snippet:-1, max-image-preview:large, max-video-preview:-1\" \/>\n<link rel=\"canonical\" href=\"https:\/\/www.ortungsgerate.de\/ru\/12-skrytyje-kamery\/27-wlan-mini-kamery\/setevoy-adapter-zaryadnoe-ustroystvo-dlya-telefona-usb-tip-c\/\" \/>\n<meta property=\"og:locale\" content=\"ru_RU\" \/>\n<meta property=\"og:type\" content=\"article\" \/>\n<meta property=\"og:title\" content=\"Netzwerkadapter Telefonladeger\u00e4t USB Typ C\" \/>\n<meta property=\"og:description\" content=\"Technische\u00a0Parameter: Sie k\u00f6nnen die Ansicht von \u00fcberall auf der Welt sehen Besonders einfach, die Kamera zu konfigurieren. Geeignet f\u00fcr Android- und iPhone-Handys Type-C und\u00a0USB-Ladeanschl\u00fcsse Videoaufnahme...\" \/>\n<meta property=\"og:url\" content=\"https:\/\/www.ortungsgerate.de\/ru\/12-skrytyje-kamery\/27-wlan-mini-kamery\/setevoy-adapter-zaryadnoe-ustroystvo-dlya-telefona-usb-tip-c\/\" \/>\n<meta property=\"og:site_name\" content=\"Ortungsger\u00e4te.de\" \/>\n<meta property=\"article:modified_time\" content=\"2025-12-01T10:26:01+00:00\" \/>\n<meta property=\"og:image\" content=\"https:\/\/www.ortungsgerate.de\/wp-content\/uploads\/Slapta-kamera-tinklo-sakotuvas-pilkas.jpeg\" \/>\n\t<meta property=\"og:image:width\" content=\"1020\" \/>\n\t<meta property=\"og:image:height\" content=\"1020\" \/>\n\t<meta property=\"og:image:type\" content=\"image\/jpeg\" \/>\n<meta name=\"twitter:card\" content=\"summary_large_image\" \/>\n<meta name=\"twitter:label1\" content=\"\u041f\u0440\u0438\u043c\u0435\u0440\u043d\u043e\u0435 \u0432\u0440\u0435\u043c\u044f \u0434\u043b\u044f \u0447\u0442\u0435\u043d\u0438\u044f\" \/>\n\t<meta name=\"twitter:data1\" content=\"2 \u043c\u0438\u043d\u0443\u0442\u044b\" \/>\n<script type=\"application\/ld+json\" class=\"yoast-schema-graph\">{\"@context\":\"https:\\\/\\\/schema.org\",\"@graph\":[{\"@type\":\"WebPage\",\"@id\":\"https:\\\/\\\/www.ortungsgerate.de\\\/12-versteckte-kameras\\\/27-wlan-minikameras\\\/netzwerkadapter-telefonladegeraet-usb-typ-c\\\/\",\"url\":\"https:\\\/\\\/www.ortungsgerate.de\\\/12-versteckte-kameras\\\/27-wlan-minikameras\\\/netzwerkadapter-telefonladegeraet-usb-typ-c\\\/\",\"name\":\"Netzwerkverteiler Telefonladeger\u00e4t USB Typ C\",\"isPartOf\":{\"@id\":\"https:\\\/\\\/www.ortungsgerate.de\\\/#website\"},\"primaryImageOfPage\":{\"@id\":\"https:\\\/\\\/www.ortungsgerate.de\\\/12-versteckte-kameras\\\/27-wlan-minikameras\\\/netzwerkadapter-telefonladegeraet-usb-typ-c\\\/#primaryimage\"},\"image\":{\"@id\":\"https:\\\/\\\/www.ortungsgerate.de\\\/12-versteckte-kameras\\\/27-wlan-minikameras\\\/netzwerkadapter-telefonladegeraet-usb-typ-c\\\/#primaryimage\"},\"thumbnailUrl\":\"https:\\\/\\\/www.ortungsgerate.de\\\/wp-content\\\/uploads\\\/Slapta-kamera-tinklo-sakotuvas-pilkas.jpeg\",\"datePublished\":\"2025-10-02T06:48:23+00:00\",\"dateModified\":\"2025-12-01T10:26:01+00:00\",\"breadcrumb\":{\"@id\":\"https:\\\/\\\/www.ortungsgerate.de\\\/12-versteckte-kameras\\\/27-wlan-minikameras\\\/netzwerkadapter-telefonladegeraet-usb-typ-c\\\/#breadcrumb\"},\"inLanguage\":\"ru-RU\",\"potentialAction\":[{\"@type\":\"ReadAction\",\"target\":[\"https:\\\/\\\/www.ortungsgerate.de\\\/12-versteckte-kameras\\\/27-wlan-minikameras\\\/netzwerkadapter-telefonladegeraet-usb-typ-c\\\/\"]}]},{\"@type\":\"ImageObject\",\"inLanguage\":\"ru-RU\",\"@id\":\"https:\\\/\\\/www.ortungsgerate.de\\\/12-versteckte-kameras\\\/27-wlan-minikameras\\\/netzwerkadapter-telefonladegeraet-usb-typ-c\\\/#primaryimage\",\"url\":\"https:\\\/\\\/www.ortungsgerate.de\\\/wp-content\\\/uploads\\\/Slapta-kamera-tinklo-sakotuvas-pilkas.jpeg\",\"contentUrl\":\"https:\\\/\\\/www.ortungsgerate.de\\\/wp-content\\\/uploads\\\/Slapta-kamera-tinklo-sakotuvas-pilkas.jpeg\",\"width\":1020,\"height\":1020,\"caption\":\"Versteckte Kamera Netzwerksplitter grau\"},{\"@type\":\"BreadcrumbList\",\"@id\":\"https:\\\/\\\/www.ortungsgerate.de\\\/12-versteckte-kameras\\\/27-wlan-minikameras\\\/netzwerkadapter-telefonladegeraet-usb-typ-c\\\/#breadcrumb\",\"itemListElement\":[{\"@type\":\"ListItem\",\"position\":1,\"name\":\"Startseite\",\"item\":\"https:\\\/\\\/www.ortungsgerate.de\\\/\"},{\"@type\":\"ListItem\",\"position\":2,\"name\":\"Shop\",\"item\":\"https:\\\/\\\/www.ortungsgerate.de\\\/shop\\\/\"},{\"@type\":\"ListItem\",\"position\":3,\"name\":\"Netzwerkadapter Telefonladeger\u00e4t USB Typ C\"}]},{\"@type\":\"WebSite\",\"@id\":\"https:\\\/\\\/www.ortungsgerate.de\\\/#website\",\"url\":\"https:\\\/\\\/www.ortungsgerate.de\\\/\",\"name\":\"Ortungsgerate.de\",\"description\":\"\",\"publisher\":{\"@id\":\"https:\\\/\\\/www.ortungsgerate.de\\\/#organization\"},\"potentialAction\":[{\"@type\":\"SearchAction\",\"target\":{\"@type\":\"EntryPoint\",\"urlTemplate\":\"https:\\\/\\\/www.ortungsgerate.de\\\/?s={search_term_string}\"},\"query-input\":{\"@type\":\"PropertyValueSpecification\",\"valueRequired\":true,\"valueName\":\"search_term_string\"}}],\"inLanguage\":\"ru-RU\"},{\"@type\":\"Organization\",\"@id\":\"https:\\\/\\\/www.ortungsgerate.de\\\/#organization\",\"name\":\"Ortungsgerate.de\",\"url\":\"https:\\\/\\\/www.ortungsgerate.de\\\/\",\"logo\":{\"@type\":\"ImageObject\",\"inLanguage\":\"ru-RU\",\"@id\":\"https:\\\/\\\/www.ortungsgerate.de\\\/#\\\/schema\\\/logo\\\/image\\\/\",\"url\":\"https:\\\/\\\/www.ortungsgerate.de\\\/wp-content\\\/uploads\\\/ortungsgerate.png\",\"contentUrl\":\"https:\\\/\\\/www.ortungsgerate.de\\\/wp-content\\\/uploads\\\/ortungsgerate.png\",\"width\":500,\"height\":135,\"caption\":\"Ortungsgerate.de\"},\"image\":{\"@id\":\"https:\\\/\\\/www.ortungsgerate.de\\\/#\\\/schema\\\/logo\\\/image\\\/\"}}]}<\/script>\n<!-- \/ Yoast SEO Premium plugin. -->","yoast_head_json":{"title":"Netzwerkverteiler Telefonladeger\u00e4t USB Typ C","robots":{"index":"index","follow":"follow","max-snippet":"max-snippet:-1","max-image-preview":"max-image-preview:large","max-video-preview":"max-video-preview:-1"},"canonical":"https:\/\/www.ortungsgerate.de\/ru\/12-skrytyje-kamery\/27-wlan-mini-kamery\/setevoy-adapter-zaryadnoe-ustroystvo-dlya-telefona-usb-tip-c\/","og_locale":"ru_RU","og_type":"article","og_title":"Netzwerkadapter Telefonladeger\u00e4t USB Typ C","og_description":"Technische\u00a0Parameter: Sie k\u00f6nnen die Ansicht von \u00fcberall auf der Welt sehen Besonders einfach, die Kamera zu konfigurieren. Geeignet f\u00fcr Android- und iPhone-Handys Type-C und\u00a0USB-Ladeanschl\u00fcsse Videoaufnahme...","og_url":"https:\/\/www.ortungsgerate.de\/ru\/12-skrytyje-kamery\/27-wlan-mini-kamery\/setevoy-adapter-zaryadnoe-ustroystvo-dlya-telefona-usb-tip-c\/","og_site_name":"Ortungsger\u00e4te.de","article_modified_time":"2025-12-01T10:26:01+00:00","og_image":[{"width":1020,"height":1020,"url":"https:\/\/www.ortungsgerate.de\/wp-content\/uploads\/Slapta-kamera-tinklo-sakotuvas-pilkas.jpeg","type":"image\/jpeg"}],"twitter_card":"summary_large_image","twitter_misc":{"\u041f\u0440\u0438\u043c\u0435\u0440\u043d\u043e\u0435 \u0432\u0440\u0435\u043c\u044f \u0434\u043b\u044f \u0447\u0442\u0435\u043d\u0438\u044f":"2 \u043c\u0438\u043d\u0443\u0442\u044b"},"schema":{"@context":"https:\/\/schema.org","@graph":[{"@type":"WebPage","@id":"https:\/\/www.ortungsgerate.de\/12-versteckte-kameras\/27-wlan-minikameras\/netzwerkadapter-telefonladegeraet-usb-typ-c\/","url":"https:\/\/www.ortungsgerate.de\/12-versteckte-kameras\/27-wlan-minikameras\/netzwerkadapter-telefonladegeraet-usb-typ-c\/","name":"Netzwerkverteiler Telefonladeger\u00e4t USB Typ C","isPartOf":{"@id":"https:\/\/www.ortungsgerate.de\/#website"},"primaryImageOfPage":{"@id":"https:\/\/www.ortungsgerate.de\/12-versteckte-kameras\/27-wlan-minikameras\/netzwerkadapter-telefonladegeraet-usb-typ-c\/#primaryimage"},"image":{"@id":"https:\/\/www.ortungsgerate.de\/12-versteckte-kameras\/27-wlan-minikameras\/netzwerkadapter-telefonladegeraet-usb-typ-c\/#primaryimage"},"thumbnailUrl":"https:\/\/www.ortungsgerate.de\/wp-content\/uploads\/Slapta-kamera-tinklo-sakotuvas-pilkas.jpeg","datePublished":"2025-10-02T06:48:23+00:00","dateModified":"2025-12-01T10:26:01+00:00","breadcrumb":{"@id":"https:\/\/www.ortungsgerate.de\/12-versteckte-kameras\/27-wlan-minikameras\/netzwerkadapter-telefonladegeraet-usb-typ-c\/#breadcrumb"},"inLanguage":"ru-RU","potentialAction":[{"@type":"ReadAction","target":["https:\/\/www.ortungsgerate.de\/12-versteckte-kameras\/27-wlan-minikameras\/netzwerkadapter-telefonladegeraet-usb-typ-c\/"]}]},{"@type":"ImageObject","inLanguage":"ru-RU","@id":"https:\/\/www.ortungsgerate.de\/12-versteckte-kameras\/27-wlan-minikameras\/netzwerkadapter-telefonladegeraet-usb-typ-c\/#primaryimage","url":"https:\/\/www.ortungsgerate.de\/wp-content\/uploads\/Slapta-kamera-tinklo-sakotuvas-pilkas.jpeg","contentUrl":"https:\/\/www.ortungsgerate.de\/wp-content\/uploads\/Slapta-kamera-tinklo-sakotuvas-pilkas.jpeg","width":1020,"height":1020,"caption":"Versteckte Kamera Netzwerksplitter grau"},{"@type":"BreadcrumbList","@id":"https:\/\/www.ortungsgerate.de\/12-versteckte-kameras\/27-wlan-minikameras\/netzwerkadapter-telefonladegeraet-usb-typ-c\/#breadcrumb","itemListElement":[{"@type":"ListItem","position":1,"name":"Startseite","item":"https:\/\/www.ortungsgerate.de\/"},{"@type":"ListItem","position":2,"name":"Shop","item":"https:\/\/www.ortungsgerate.de\/shop\/"},{"@type":"ListItem","position":3,"name":"Netzwerkadapter Telefonladeger\u00e4t USB Typ C"}]},{"@type":"WebSite","@id":"https:\/\/www.ortungsgerate.de\/#website","url":"https:\/\/www.ortungsgerate.de\/","name":"Ortungsgerate.de","description":"","publisher":{"@id":"https:\/\/www.ortungsgerate.de\/#organization"},"potentialAction":[{"@type":"SearchAction","target":{"@type":"EntryPoint","urlTemplate":"https:\/\/www.ortungsgerate.de\/?s={search_term_string}"},"query-input":{"@type":"PropertyValueSpecification","valueRequired":true,"valueName":"search_term_string"}}],"inLanguage":"ru-RU"},{"@type":"Organization","@id":"https:\/\/www.ortungsgerate.de\/#organization","name":"Ortungsgerate.de","url":"https:\/\/www.ortungsgerate.de\/","logo":{"@type":"ImageObject","inLanguage":"ru-RU","@id":"https:\/\/www.ortungsgerate.de\/#\/schema\/logo\/image\/","url":"https:\/\/www.ortungsgerate.de\/wp-content\/uploads\/ortungsgerate.png","contentUrl":"https:\/\/www.ortungsgerate.de\/wp-content\/uploads\/ortungsgerate.png","width":500,"height":135,"caption":"Ortungsgerate.de"},"image":{"@id":"https:\/\/www.ortungsgerate.de\/#\/schema\/logo\/image\/"}}]}},"_links":{"self":[{"href":"https:\/\/www.ortungsgerate.de\/ru\/wp-json\/wp\/v2\/product\/29571","targetHints":{"allow":["GET"]}}],"collection":[{"href":"https:\/\/www.ortungsgerate.de\/ru\/wp-json\/wp\/v2\/product"}],"about":[{"href":"https:\/\/www.ortungsgerate.de\/ru\/wp-json\/wp\/v2\/types\/product"}],"version-history":[{"count":0,"href":"https:\/\/www.ortungsgerate.de\/ru\/wp-json\/wp\/v2\/product\/29571\/revisions"}],"wp:featuredmedia":[{"embeddable":true,"href":"https:\/\/www.ortungsgerate.de\/ru\/wp-json\/wp\/v2\/media\/29572"}],"wp:attachment":[{"href":"https:\/\/www.ortungsgerate.de\/ru\/wp-json\/wp\/v2\/media?parent=29571"}],"wp:term":[{"taxonomy":"brand","embeddable":true,"href":"https:\/\/www.ortungsgerate.de\/ru\/wp-json\/wp\/v2\/etheme_brands?post=29571"},{"taxonomy":"product_brand","embeddable":true,"href":"https:\/\/www.ortungsgerate.de\/ru\/wp-json\/wp\/v2\/product_brand?post=29571"},{"taxonomy":"product_cat","embeddable":true,"href":"https:\/\/www.ortungsgerate.de\/ru\/wp-json\/wp\/v2\/product_cat?post=29571"},{"taxonomy":"product_tag","embeddable":true,"href":"https:\/\/www.ortungsgerate.de\/ru\/wp-json\/wp\/v2\/product_tag?post=29571"}],"curies":[{"name":"wp","href":"https:\/\/api.w.org\/{rel}","templated":true}]}}