{"id":29576,"date":"2025-10-02T09:57:58","date_gmt":"2025-10-02T06:57:58","guid":{"rendered":"https:\/\/ortungsgerate.de\/?post_type=product&#038;p=29576"},"modified":"2025-12-01T11:26:01","modified_gmt":"2025-12-01T10:26:01","slug":"sekretnaya-kamera-setevoy-kommutator-s-usb-type-c","status":"publish","type":"product","link":"https:\/\/www.ortungsgerate.de\/ru\/12-skrytyje-kamery\/17-zamaskirovanyje-kamery\/sekretnaya-kamera-setevoy-kommutator-s-usb-type-c\/","title":{"rendered":"\u0421\u0435\u043a\u0440\u0435\u0442\u043d\u0430\u044f \u043a\u0430\u043c\u0435\u0440\u0430 \u0441\u0435\u0442\u0435\u0432\u043e\u0439 \u043a\u043e\u043c\u043c\u0443\u0442\u0430\u0442\u043e\u0440 \u0441 USB Type C"},"content":{"rendered":"<p><strong>\u0422\u0435\u0445\u043d\u0438\u0447\u0435\u0441\u043a\u0438\u0435 \u043f\u0430\u0440\u0430\u043c\u0435\u0442\u0440\u044b:<\/strong><\/p>\n<ul>\n<li>Sie k\u00f6nnen die Kamera von \u00fcberall auf der Welt sehen<\/li>\n<li>Besonders einfach, die Kamera zu konfigurieren.<\/li>\n<li>Geeignet f\u00fcr Android- und iPhone-Handys<\/li>\n<li>Type-C und\u00a0 USB-Ladeanschl\u00fcsse<\/li>\n<li>Videoaufnahme mit Ton<\/li>\n<li>Aufl\u00f6sung der Aufnahme: FULLHD<\/li>\n<li>\u0417\u0432\u0443\u043a: \u043c\u0438\u043a\u0440\u043e\u0444\u043e\u043d \u0441 \u0444\u0443\u043d\u043a\u0446\u0438\u0435\u0439 \u0448\u0443\u043c\u043e\u043f\u043e\u0434\u0430\u0432\u043b\u0435\u043d\u0438\u044f<\/li>\n<li>Live-\u00dcberwachung \u00fcber das Internet (\u00fcber die mobile App)<\/li>\n<li>Bewegungssensor \u2013 kann Bilder bei Bewegung aufzeichnen<\/li>\n<li>St\u00e4ndige Videoaufnahme oder (\u00fcber die App)<\/li>\n<li>Video-Encoding: H264<\/li>\n<li>Abmessungen 102 mm x 100 mm x 44 mm<\/li>\n<li>Lieferumfang: Wifi-Kamera<\/li>\n<li><strong>\u0413\u0410\u0420\u0410\u041d\u0422\u0418\u042f 12 \u043c\u0435\u0441\u044f\u0446\u0435\u0432.<\/strong><\/li>\n<\/ul>\n<p>Verwendung: Zu Ihrem und zum Schutz Ihrer Kinder.<\/p>\n<h2><b>Geheime FULL HD Kamera im Netzwerk-Hub: Unauff\u00e4lliger Schutz f\u00fcr Ihr Zuhause und B\u00fcro<\/b><\/h2>\n<p>Sie ben\u00f6tigen keine komplizierten \u00dcberwachungssysteme, um Sicherheit zu gew\u00e4hrleisten. Sie brauchen ein Ger\u00e4t, das seinen Zweck nicht offenbart. Wir pr\u00e4sentieren die L\u00f6sung: <b>einen Netzwerk-Hub, in den eine geheime Kamera professionell eingebaut ist.<\/b><\/p>\n<p>\u042d\u0442\u0438 <b>\u0441\u043a\u0440\u044b\u0442\u0430\u044f \u043a\u0430\u043c\u0435\u0440\u0430<\/b> sieht aus wie ein einfaches, modernes Ladeger\u00e4t, bietet jedoch erstklassige \u00dcberwachung ohne Verdacht.<\/p>\n<p><b>Warum ist diese geheime Kamera die beste Wahl?<\/b><\/p>\n<h3><b>1. Doppelfunktion \u2013 Keine Verdachtsmomente<\/b><\/h3>\n<p>\u042d\u0442\u0438 <b>\u0441\u043a\u0440\u044b\u0442\u0430\u044f \u043a\u0430\u043c\u0435\u0440\u0430<\/b> ist hervorragend getarnt. Sie funktioniert als voll funktionsf\u00e4higes Ladeger\u00e4t mit <b>Type-C und USB-Ladeanschl\u00fcssen<\/b> und eignet sich somit perfekt f\u00fcr jeden Ort \u2013 Zuhause, in der K\u00fcche oder am B\u00fcrotisch.<\/p>\n<h3><b>2. Zugriff von \u00fcberall<\/b><\/h3>\n<p>Seien Sie beruhigt, egal wo Sie sich befinden. \u00dcber die mobile App k\u00f6nnen Sie das Bild <b>live von \u00fcberall auf der Welt<\/b> \u00fcberwachen (<i>geeignet f\u00fcr Android und iPhone<\/i>). Die <b>\u0441\u043a\u0440\u044b\u0442\u0430\u044f \u043a\u0430\u043c\u0435\u0440\u0430<\/b> ist besonders einfach zu konfigurieren.<\/p>\n<h3><b>3. H\u00f6chste Qualit\u00e4t<\/b><\/h3>\n<ul>\n<li><b>Videoaufnahme mit Ton:<\/b> Erfassen Sie den gesamten Kontext.<\/li>\n<li><b>Aufl\u00f6sung der Aufnahme: FULL HD:<\/b> Erhalten Sie kristallklare Aufnahmen.<\/li>\n<li><b>Mikrofon mit Ger\u00e4uschunterdr\u00fcckungsfunktion:<\/b> Sie h\u00f6ren alles klar!<\/li>\n<\/ul>\n<p><b>Technische Vorteile:<\/b><\/p>\n<ul>\n<li><b>Bewegungssensor:<\/b> Die geheime Kamera kann Bilder nur bei Bewegung aufzeichnen.<\/li>\n<li><b>Video-Encoding:<\/b> Effizientes H264.<\/li>\n<li><b>GARANTIE:<\/b> 12 Monate f\u00fcr Ihre Ruhe.<\/li>\n<\/ul>\n<p><b>\u00dcberlassen Sie nichts dem Zufall. Kaufen Sie Ihre geheime Kamera noch heute!<\/b><\/p>","protected":false},"excerpt":{"rendered":"<p>Technische\u00a0Parameter: Sie k\u00f6nnen die Kamera von \u00fcberall auf der Welt sehen Besonders einfach, die Kamera zu konfigurieren. Geeignet f\u00fcr Android- und iPhone-Handys Type-C und\u00a0 USB-Ladeanschl\u00fcsse&#8230;<\/p>","protected":false},"featured_media":29577,"template":"","meta":[],"etheme_brands":[],"product_brand":[],"product_cat":[204,203,205],"product_tag":[42,704,705,706,690,48],"class_list":{"0":"post-29576","1":"product","2":"type-product","3":"status-publish","4":"has-post-thumbnail","6":"product_cat-17-getarnte-kameras","7":"product_cat-12-versteckte-kameras","8":"product_cat-27-wlan-minikameras","9":"product_tag-kamera","10":"product_tag-kamerauhr","11":"product_tag-ueberwachungskamera","12":"product_tag-unmaskierte-kamera","13":"product_tag-versteckte-kamera","14":"product_tag-wi-fi-kamera","15":"pa_typ-ladegeraete-verlaengerungskabel-mehrfachsteckdosen","17":"first","18":"instock","19":"taxable","20":"shipping-taxable","21":"purchasable","22":"product-type-simple"},"yoast_head":"<!-- This site is optimized with the Yoast SEO Premium plugin v25.9 (Yoast SEO v27.4) - https:\/\/yoast.com\/product\/yoast-seo-premium-wordpress\/ -->\n<title>Geheime Kamera Netzwerk-Switch mit USB Type C -Sekimoiranga.lt<\/title>\n<meta name=\"description\" content=\"\u00dcberwachen Sie Ihr Zuhause sicher mit einer versteckten Kamera im Netzwerk-Hub mit USB Type C. Hohe Videoqualit\u00e4t, kostenloser Versand in ganz Litauen.\" \/>\n<meta name=\"robots\" content=\"index, follow, max-snippet:-1, max-image-preview:large, max-video-preview:-1\" \/>\n<link rel=\"canonical\" href=\"https:\/\/www.ortungsgerate.de\/ru\/12-skrytyje-kamery\/27-wlan-mini-kamery\/sekretnaya-kamera-setevoy-kommutator-s-usb-type-c\/\" \/>\n<meta property=\"og:locale\" content=\"ru_RU\" \/>\n<meta property=\"og:type\" content=\"article\" \/>\n<meta property=\"og:title\" content=\"Geheime Kamera Netzwerk-Switch mit USB Type C\" \/>\n<meta property=\"og:description\" content=\"\u00dcberwachen Sie Ihr Zuhause sicher mit einer versteckten Kamera im Netzwerk-Hub mit USB Type C. Hohe Videoqualit\u00e4t, kostenloser Versand in ganz Litauen.\" \/>\n<meta property=\"og:url\" content=\"https:\/\/www.ortungsgerate.de\/ru\/12-skrytyje-kamery\/27-wlan-mini-kamery\/sekretnaya-kamera-setevoy-kommutator-s-usb-type-c\/\" \/>\n<meta property=\"og:site_name\" content=\"Ortungsger\u00e4te.de\" \/>\n<meta property=\"article:modified_time\" content=\"2025-12-01T10:26:01+00:00\" \/>\n<meta property=\"og:image\" content=\"https:\/\/www.ortungsgerate.de\/wp-content\/uploads\/Slapta-kamera-tinklo-sakotuvas-usb-type-c.jpeg\" \/>\n\t<meta property=\"og:image:width\" content=\"1020\" \/>\n\t<meta property=\"og:image:height\" content=\"1018\" \/>\n\t<meta property=\"og:image:type\" content=\"image\/jpeg\" \/>\n<meta name=\"twitter:card\" content=\"summary_large_image\" \/>\n<meta name=\"twitter:label1\" content=\"\u041f\u0440\u0438\u043c\u0435\u0440\u043d\u043e\u0435 \u0432\u0440\u0435\u043c\u044f \u0434\u043b\u044f \u0447\u0442\u0435\u043d\u0438\u044f\" \/>\n\t<meta name=\"twitter:data1\" content=\"2 \u043c\u0438\u043d\u0443\u0442\u044b\" \/>\n<script type=\"application\/ld+json\" class=\"yoast-schema-graph\">{\"@context\":\"https:\\\/\\\/schema.org\",\"@graph\":[{\"@type\":\"WebPage\",\"@id\":\"https:\\\/\\\/www.ortungsgerate.de\\\/12-versteckte-kameras\\\/27-wlan-minikameras\\\/geheime-kamera-netzwerk-switch-mit-usb-type-c\\\/\",\"url\":\"https:\\\/\\\/www.ortungsgerate.de\\\/12-versteckte-kameras\\\/27-wlan-minikameras\\\/geheime-kamera-netzwerk-switch-mit-usb-type-c\\\/\",\"name\":\"Geheime Kamera Netzwerk-Switch mit USB Type C -Sekimoiranga.lt\",\"isPartOf\":{\"@id\":\"https:\\\/\\\/www.ortungsgerate.de\\\/#website\"},\"primaryImageOfPage\":{\"@id\":\"https:\\\/\\\/www.ortungsgerate.de\\\/12-versteckte-kameras\\\/27-wlan-minikameras\\\/geheime-kamera-netzwerk-switch-mit-usb-type-c\\\/#primaryimage\"},\"image\":{\"@id\":\"https:\\\/\\\/www.ortungsgerate.de\\\/12-versteckte-kameras\\\/27-wlan-minikameras\\\/geheime-kamera-netzwerk-switch-mit-usb-type-c\\\/#primaryimage\"},\"thumbnailUrl\":\"https:\\\/\\\/www.ortungsgerate.de\\\/wp-content\\\/uploads\\\/Slapta-kamera-tinklo-sakotuvas-usb-type-c.jpeg\",\"datePublished\":\"2025-10-02T06:57:58+00:00\",\"dateModified\":\"2025-12-01T10:26:01+00:00\",\"description\":\"\u00dcberwachen Sie Ihr Zuhause sicher mit einer versteckten Kamera im Netzwerk-Hub mit USB Type C. Hohe Videoqualit\u00e4t, kostenloser Versand in ganz Litauen.\",\"breadcrumb\":{\"@id\":\"https:\\\/\\\/www.ortungsgerate.de\\\/12-versteckte-kameras\\\/27-wlan-minikameras\\\/geheime-kamera-netzwerk-switch-mit-usb-type-c\\\/#breadcrumb\"},\"inLanguage\":\"ru-RU\",\"potentialAction\":[{\"@type\":\"ReadAction\",\"target\":[\"https:\\\/\\\/www.ortungsgerate.de\\\/12-versteckte-kameras\\\/27-wlan-minikameras\\\/geheime-kamera-netzwerk-switch-mit-usb-type-c\\\/\"]}]},{\"@type\":\"ImageObject\",\"inLanguage\":\"ru-RU\",\"@id\":\"https:\\\/\\\/www.ortungsgerate.de\\\/12-versteckte-kameras\\\/27-wlan-minikameras\\\/geheime-kamera-netzwerk-switch-mit-usb-type-c\\\/#primaryimage\",\"url\":\"https:\\\/\\\/www.ortungsgerate.de\\\/wp-content\\\/uploads\\\/Slapta-kamera-tinklo-sakotuvas-usb-type-c.jpeg\",\"contentUrl\":\"https:\\\/\\\/www.ortungsgerate.de\\\/wp-content\\\/uploads\\\/Slapta-kamera-tinklo-sakotuvas-usb-type-c.jpeg\",\"width\":1020,\"height\":1018,\"caption\":\"Versteckte Kamera Netzwerk-Switch USB Type C\"},{\"@type\":\"BreadcrumbList\",\"@id\":\"https:\\\/\\\/www.ortungsgerate.de\\\/12-versteckte-kameras\\\/27-wlan-minikameras\\\/geheime-kamera-netzwerk-switch-mit-usb-type-c\\\/#breadcrumb\",\"itemListElement\":[{\"@type\":\"ListItem\",\"position\":1,\"name\":\"Startseite\",\"item\":\"https:\\\/\\\/www.ortungsgerate.de\\\/\"},{\"@type\":\"ListItem\",\"position\":2,\"name\":\"Shop\",\"item\":\"https:\\\/\\\/www.ortungsgerate.de\\\/shop\\\/\"},{\"@type\":\"ListItem\",\"position\":3,\"name\":\"Geheime Kamera Netzwerk-Switch mit USB Type C\"}]},{\"@type\":\"WebSite\",\"@id\":\"https:\\\/\\\/www.ortungsgerate.de\\\/#website\",\"url\":\"https:\\\/\\\/www.ortungsgerate.de\\\/\",\"name\":\"Ortungsgerate.de\",\"description\":\"\",\"publisher\":{\"@id\":\"https:\\\/\\\/www.ortungsgerate.de\\\/#organization\"},\"potentialAction\":[{\"@type\":\"SearchAction\",\"target\":{\"@type\":\"EntryPoint\",\"urlTemplate\":\"https:\\\/\\\/www.ortungsgerate.de\\\/?s={search_term_string}\"},\"query-input\":{\"@type\":\"PropertyValueSpecification\",\"valueRequired\":true,\"valueName\":\"search_term_string\"}}],\"inLanguage\":\"ru-RU\"},{\"@type\":\"Organization\",\"@id\":\"https:\\\/\\\/www.ortungsgerate.de\\\/#organization\",\"name\":\"Ortungsgerate.de\",\"url\":\"https:\\\/\\\/www.ortungsgerate.de\\\/\",\"logo\":{\"@type\":\"ImageObject\",\"inLanguage\":\"ru-RU\",\"@id\":\"https:\\\/\\\/www.ortungsgerate.de\\\/#\\\/schema\\\/logo\\\/image\\\/\",\"url\":\"https:\\\/\\\/www.ortungsgerate.de\\\/wp-content\\\/uploads\\\/ortungsgerate.png\",\"contentUrl\":\"https:\\\/\\\/www.ortungsgerate.de\\\/wp-content\\\/uploads\\\/ortungsgerate.png\",\"width\":500,\"height\":135,\"caption\":\"Ortungsgerate.de\"},\"image\":{\"@id\":\"https:\\\/\\\/www.ortungsgerate.de\\\/#\\\/schema\\\/logo\\\/image\\\/\"}}]}<\/script>\n<!-- \/ Yoast SEO Premium plugin. -->","yoast_head_json":{"title":"Geheime Kamera Netzwerk-Switch mit USB Type C -Sekimoiranga.lt","description":"\u00dcberwachen Sie Ihr Zuhause sicher mit einer versteckten Kamera im Netzwerk-Hub mit USB Type C. Hohe Videoqualit\u00e4t, kostenloser Versand in ganz Litauen.","robots":{"index":"index","follow":"follow","max-snippet":"max-snippet:-1","max-image-preview":"max-image-preview:large","max-video-preview":"max-video-preview:-1"},"canonical":"https:\/\/www.ortungsgerate.de\/ru\/12-skrytyje-kamery\/27-wlan-mini-kamery\/sekretnaya-kamera-setevoy-kommutator-s-usb-type-c\/","og_locale":"ru_RU","og_type":"article","og_title":"Geheime Kamera Netzwerk-Switch mit USB Type C","og_description":"\u00dcberwachen Sie Ihr Zuhause sicher mit einer versteckten Kamera im Netzwerk-Hub mit USB Type C. Hohe Videoqualit\u00e4t, kostenloser Versand in ganz Litauen.","og_url":"https:\/\/www.ortungsgerate.de\/ru\/12-skrytyje-kamery\/27-wlan-mini-kamery\/sekretnaya-kamera-setevoy-kommutator-s-usb-type-c\/","og_site_name":"Ortungsger\u00e4te.de","article_modified_time":"2025-12-01T10:26:01+00:00","og_image":[{"width":1020,"height":1018,"url":"https:\/\/www.ortungsgerate.de\/wp-content\/uploads\/Slapta-kamera-tinklo-sakotuvas-usb-type-c.jpeg","type":"image\/jpeg"}],"twitter_card":"summary_large_image","twitter_misc":{"\u041f\u0440\u0438\u043c\u0435\u0440\u043d\u043e\u0435 \u0432\u0440\u0435\u043c\u044f \u0434\u043b\u044f \u0447\u0442\u0435\u043d\u0438\u044f":"2 \u043c\u0438\u043d\u0443\u0442\u044b"},"schema":{"@context":"https:\/\/schema.org","@graph":[{"@type":"WebPage","@id":"https:\/\/www.ortungsgerate.de\/12-versteckte-kameras\/27-wlan-minikameras\/geheime-kamera-netzwerk-switch-mit-usb-type-c\/","url":"https:\/\/www.ortungsgerate.de\/12-versteckte-kameras\/27-wlan-minikameras\/geheime-kamera-netzwerk-switch-mit-usb-type-c\/","name":"Geheime Kamera Netzwerk-Switch mit USB Type C -Sekimoiranga.lt","isPartOf":{"@id":"https:\/\/www.ortungsgerate.de\/#website"},"primaryImageOfPage":{"@id":"https:\/\/www.ortungsgerate.de\/12-versteckte-kameras\/27-wlan-minikameras\/geheime-kamera-netzwerk-switch-mit-usb-type-c\/#primaryimage"},"image":{"@id":"https:\/\/www.ortungsgerate.de\/12-versteckte-kameras\/27-wlan-minikameras\/geheime-kamera-netzwerk-switch-mit-usb-type-c\/#primaryimage"},"thumbnailUrl":"https:\/\/www.ortungsgerate.de\/wp-content\/uploads\/Slapta-kamera-tinklo-sakotuvas-usb-type-c.jpeg","datePublished":"2025-10-02T06:57:58+00:00","dateModified":"2025-12-01T10:26:01+00:00","description":"\u00dcberwachen Sie Ihr Zuhause sicher mit einer versteckten Kamera im Netzwerk-Hub mit USB Type C. Hohe Videoqualit\u00e4t, kostenloser Versand in ganz Litauen.","breadcrumb":{"@id":"https:\/\/www.ortungsgerate.de\/12-versteckte-kameras\/27-wlan-minikameras\/geheime-kamera-netzwerk-switch-mit-usb-type-c\/#breadcrumb"},"inLanguage":"ru-RU","potentialAction":[{"@type":"ReadAction","target":["https:\/\/www.ortungsgerate.de\/12-versteckte-kameras\/27-wlan-minikameras\/geheime-kamera-netzwerk-switch-mit-usb-type-c\/"]}]},{"@type":"ImageObject","inLanguage":"ru-RU","@id":"https:\/\/www.ortungsgerate.de\/12-versteckte-kameras\/27-wlan-minikameras\/geheime-kamera-netzwerk-switch-mit-usb-type-c\/#primaryimage","url":"https:\/\/www.ortungsgerate.de\/wp-content\/uploads\/Slapta-kamera-tinklo-sakotuvas-usb-type-c.jpeg","contentUrl":"https:\/\/www.ortungsgerate.de\/wp-content\/uploads\/Slapta-kamera-tinklo-sakotuvas-usb-type-c.jpeg","width":1020,"height":1018,"caption":"Versteckte Kamera Netzwerk-Switch USB Type C"},{"@type":"BreadcrumbList","@id":"https:\/\/www.ortungsgerate.de\/12-versteckte-kameras\/27-wlan-minikameras\/geheime-kamera-netzwerk-switch-mit-usb-type-c\/#breadcrumb","itemListElement":[{"@type":"ListItem","position":1,"name":"Startseite","item":"https:\/\/www.ortungsgerate.de\/"},{"@type":"ListItem","position":2,"name":"Shop","item":"https:\/\/www.ortungsgerate.de\/shop\/"},{"@type":"ListItem","position":3,"name":"Geheime Kamera Netzwerk-Switch mit USB Type C"}]},{"@type":"WebSite","@id":"https:\/\/www.ortungsgerate.de\/#website","url":"https:\/\/www.ortungsgerate.de\/","name":"Ortungsgerate.de","description":"","publisher":{"@id":"https:\/\/www.ortungsgerate.de\/#organization"},"potentialAction":[{"@type":"SearchAction","target":{"@type":"EntryPoint","urlTemplate":"https:\/\/www.ortungsgerate.de\/?s={search_term_string}"},"query-input":{"@type":"PropertyValueSpecification","valueRequired":true,"valueName":"search_term_string"}}],"inLanguage":"ru-RU"},{"@type":"Organization","@id":"https:\/\/www.ortungsgerate.de\/#organization","name":"Ortungsgerate.de","url":"https:\/\/www.ortungsgerate.de\/","logo":{"@type":"ImageObject","inLanguage":"ru-RU","@id":"https:\/\/www.ortungsgerate.de\/#\/schema\/logo\/image\/","url":"https:\/\/www.ortungsgerate.de\/wp-content\/uploads\/ortungsgerate.png","contentUrl":"https:\/\/www.ortungsgerate.de\/wp-content\/uploads\/ortungsgerate.png","width":500,"height":135,"caption":"Ortungsgerate.de"},"image":{"@id":"https:\/\/www.ortungsgerate.de\/#\/schema\/logo\/image\/"}}]}},"_links":{"self":[{"href":"https:\/\/www.ortungsgerate.de\/ru\/wp-json\/wp\/v2\/product\/29576","targetHints":{"allow":["GET"]}}],"collection":[{"href":"https:\/\/www.ortungsgerate.de\/ru\/wp-json\/wp\/v2\/product"}],"about":[{"href":"https:\/\/www.ortungsgerate.de\/ru\/wp-json\/wp\/v2\/types\/product"}],"version-history":[{"count":0,"href":"https:\/\/www.ortungsgerate.de\/ru\/wp-json\/wp\/v2\/product\/29576\/revisions"}],"wp:featuredmedia":[{"embeddable":true,"href":"https:\/\/www.ortungsgerate.de\/ru\/wp-json\/wp\/v2\/media\/29577"}],"wp:attachment":[{"href":"https:\/\/www.ortungsgerate.de\/ru\/wp-json\/wp\/v2\/media?parent=29576"}],"wp:term":[{"taxonomy":"brand","embeddable":true,"href":"https:\/\/www.ortungsgerate.de\/ru\/wp-json\/wp\/v2\/etheme_brands?post=29576"},{"taxonomy":"product_brand","embeddable":true,"href":"https:\/\/www.ortungsgerate.de\/ru\/wp-json\/wp\/v2\/product_brand?post=29576"},{"taxonomy":"product_cat","embeddable":true,"href":"https:\/\/www.ortungsgerate.de\/ru\/wp-json\/wp\/v2\/product_cat?post=29576"},{"taxonomy":"product_tag","embeddable":true,"href":"https:\/\/www.ortungsgerate.de\/ru\/wp-json\/wp\/v2\/product_tag?post=29576"}],"curies":[{"name":"wp","href":"https:\/\/api.w.org\/{rel}","templated":true}]}}