{"id":29684,"date":"2025-10-07T16:23:37","date_gmt":"2025-10-07T13:23:37","guid":{"rendered":"https:\/\/ortungsgerate.de\/?post_type=product&#038;p=29684"},"modified":"2025-11-26T19:01:36","modified_gmt":"2025-11-26T17:01:36","slug":"powerbank-skrytaya-kamera-4k-razreshenie-sony-optika-imx-458-wifi","status":"publish","type":"product","link":"https:\/\/www.ortungsgerate.de\/ru\/12-skrytyje-kamery\/powerbank-skrytaya-kamera-4k-razreshenie-sony-optika-imx-458-wifi\/","title":{"rendered":"Powerbank \u0441\u043a\u0440\u044b\u0442\u0430\u044f \u043a\u0430\u043c\u0435\u0440\u0430 4K \u0440\u0430\u0437\u0440\u0435\u0448\u0435\u043d\u0438\u0435 SONY \u043e\u043f\u0442\u0438\u043a\u0430 (IMX 458) wifi"},"content":{"rendered":"<h3><strong>\u0422\u0435\u0445\u043d\u0438\u0447\u0435\u0441\u043a\u0438\u0435 \u0434\u0430\u043d\u043d\u044b\u0435:<\/strong><\/h3>\n<ul>\n<li>Videoaufl\u00f6sung: Echtes 4K @ 60FPS (2196P)<\/li>\n<li>Sensor: SONY 14MP Sensor (IMX 458)<\/li>\n<li>Eigenschaften: WDR \/ Niedriglicht (Hervorragende Sicht bei D\u00e4mmerung), Super EIS Technologie<\/li>\n<li>Videoformat: H.264 Kompression<\/li>\n<li>Das Bild kann bis zu 26 Meter auf das Telefon gestreamt werden. Abh\u00e4ngig von der Signalst\u00e4rke<\/li>\n<li>Speicher: Maximale Unterst\u00fctzung f\u00fcr 256GB Speicherkarte<\/li>\n<li>Batterie: Eingebaute 18650 Akkus (3 St\u00fcck). Gesamtkapazit\u00e4t 10000 mAh<\/li>\n<li>Funktionen: Videoaufnahme, 14Mpx Fotografie, Bewegungserkennung, Videoansicht in der App, Video\u00fcbertragung auf iOS\/Android Telefon.<\/li>\n<li>Abmessungen: 75mm x 40mm x 15mm<\/li>\n<li>Lieferumfang: Kamera (1 St\u00fcck), USB-Kabel (1 St\u00fcck), Type-C Kabel (1 St\u00fcck), 5 Schrauben, Schraubendreher.<\/li>\n<li>Wi-Fi: Vorhanden<\/li>\n<li><strong>\u0413\u0410\u0420\u0410\u041d\u0422\u0418\u042f 12 \u043c\u0435\u0441\u044f\u0446\u0435\u0432.<\/strong><\/li>\n<\/ul>\n<p><span style=\"color: #d0121a;\"><\/span><\/p>\n<p><b>Geheime Kraft f\u00fcr Ihre \u00dcberwachung: 4K Powerbank Versteckte Kamera<\/b><\/p>\n<p>Vergessen Sie schwache und unscharfe Spionagekameras. Wir pr\u00e4sentieren ein Ger\u00e4t, das die Funktionalit\u00e4t einer allt\u00e4glichen, v\u00f6llig unauff\u00e4lligen <b>Powerbank<\/b> mit modernster, professioneller <b>Versteckter Kamera<\/b> kombiniert. Es ist nicht nur ein \u00dcberwachungsger\u00e4t \u2013 es ist eine hochwertige <b>4K<\/b> Videoaufzeichnungstechnologie, versteckt in Ihrer Tasche.<\/p>\n<p><b>Un\u00fcbertroffene Videoqualit\u00e4t<\/b><\/p>\n<p>Dieses Ger\u00e4t zeichnet sich durch das Wichtigste aus \u2013 die Videoqualit\u00e4t. Es verwendet erstklassige <b>SONY Optik (IMX 458)<\/b> und <b>SONY 14MP<\/b> Sensoren, die garantieren:<\/p>\n<ul>\n<li><b>Echte 4K (2196P) Aufl\u00f6sung:<\/b> Filmen Sie mit extrem detailliertem <b>4K @ 60FPS<\/b> Tempo, was ein makellos klares Bild garantiert.<\/li>\n<li><b>Hervorragende Sicht bei D\u00e4mmerung:<\/b> <b>WDR (Wide Dynamic Range)<\/b> und <b>Niedriglicht<\/b> Technologien erm\u00f6glichen eine hervorragende Sicht selbst in schlecht beleuchteten Umgebungen.<\/li>\n<li><b>Stabilit\u00e4t:<\/b> Die integrierte <b>Super EIS (Electronic Image Stabilization) Technologie<\/b> sorgt daf\u00fcr, dass das Bild stabil bleibt und die Augen nicht belastet werden.<\/li>\n<\/ul>\n<p><b>Langanhaltende Leistung und kontinuierliche Sicherheit<\/b><\/p>\n<p>Das Powerbank-Design verleiht dieser versteckten Kamera eine unglaubliche Autonomie:<\/p>\n<ul>\n<li><b>Leistungsstarker Akku:<\/b> Verwendet <b>3 austauschbare 18650 Akkus<\/b>. Mit einer optionalen <b>10000mAh<\/b> Kapazit\u00e4t kann sie <b>ungef\u00e4hr 10 Stunden<\/b> ununterbrochen filmen!<\/li>\n<li><b>24\/7 M\u00f6glichkeit:<\/b> Unterst\u00fctzung f\u00fcr das Filmen w\u00e4hrend des Ladevorgangs, was eine <b>kontinuierliche (24\/7) Aufnahme<\/b> ohne Unterbrechungen erm\u00f6glicht.<\/li>\n<li><b>Kapazit\u00e4t:<\/b> Unterst\u00fctzt bis zu <b>256GB<\/b> Speicherkarte, was eine lange Aufnahmezeit mit dem effizienten <b>H.264 Video-Kompressionsformat<\/b> gew\u00e4hrleistet.<\/li>\n<\/ul>\n<p><b>Intelligente Funktionen und Fernsteuerung<\/b><\/p>\n<p>Steuern Sie Ihre <b>\u0441\u043a\u0440\u044b\u0442\u0430\u044f \u043a\u0430\u043c\u0435\u0440\u0430<\/b> von \u00fcberall:<\/p>\n<ul>\n<li><b>Echtzeit-Streaming:<\/b> Sehen Sie das Bild in Echtzeit (<b>Live-Stream<\/b>) mit einem <b>iOS\/Android<\/b> Telefon bis zu <span class=\"math-inline\"><span class=\"katex\"><span class=\"katex-html\" aria-hidden=\"true\"><span class=\"base\"><span class=\"mrel\">\u2248<\/span><\/span><\/span><\/span><\/span> 26 Metern Entfernung.<\/li>\n<li><b>\u041e\u0431\u043d\u0430\u0440\u0443\u0436\u0435\u043d\u0438\u0435 \u0434\u0432\u0438\u0436\u0435\u043d\u0438\u044f:<\/b> Die automatische Aufnahme wird aktiviert, sobald Bewegung erkannt wird \u2013 spart Batterie und Speicher.<\/li>\n<li><b>Schnappsch\u00fcsse:<\/b> Machen Sie schnell 14M Aufnahmen.<\/li>\n<\/ul>","protected":false},"excerpt":{"rendered":"<p>Technische Daten: Videoaufl\u00f6sung: Echtes 4K @ 60FPS (2196P) Sensor: SONY 14MP Sensor (IMX 458) Eigenschaften: WDR \/ Niedriglicht (Hervorragende Sicht bei D\u00e4mmerung), Super EIS Technologie&#8230;<\/p>","protected":false},"featured_media":29673,"template":"","meta":[],"etheme_brands":[],"product_brand":[],"product_cat":[204,203,205],"product_tag":[],"class_list":{"0":"post-29684","1":"product","2":"type-product","3":"status-publish","4":"has-post-thumbnail","6":"product_cat-17-getarnte-kameras","7":"product_cat-12-versteckte-kameras","8":"product_cat-27-wlan-minikameras","9":"pa_typ-externe-akkus-powerbank","11":"first","12":"instock","13":"taxable","14":"shipping-taxable","15":"purchasable","16":"product-type-simple"},"yoast_head":"<!-- This site is optimized with the Yoast SEO Premium plugin v25.9 (Yoast SEO v27.4) - https:\/\/yoast.com\/product\/yoast-seo-premium-wordpress\/ -->\n<title>Powerbank versteckte Kamera 4K Aufl\u00f6sung SONY Optik (IMX 458) wifi<\/title>\n<meta name=\"robots\" content=\"index, follow, max-snippet:-1, max-image-preview:large, max-video-preview:-1\" \/>\n<link rel=\"canonical\" href=\"https:\/\/www.ortungsgerate.de\/ru\/12-skrytyje-kamery\/powerbank-skrytaya-kamera-4k-razreshenie-sony-optika-imx-458-wifi\/\" \/>\n<meta property=\"og:locale\" content=\"ru_RU\" \/>\n<meta property=\"og:type\" content=\"article\" \/>\n<meta property=\"og:title\" content=\"Powerbank versteckte Kamera 4K Aufl\u00f6sung SONY Optik (IMX 458) wifi\" \/>\n<meta property=\"og:description\" content=\"Technische Daten: Videoaufl\u00f6sung: Echtes 4K @ 60FPS (2196P) Sensor: SONY 14MP Sensor (IMX 458) Eigenschaften: WDR \/ Niedriglicht (Hervorragende Sicht bei D\u00e4mmerung), Super EIS Technologie...\" \/>\n<meta property=\"og:url\" content=\"https:\/\/www.ortungsgerate.de\/ru\/12-skrytyje-kamery\/powerbank-skrytaya-kamera-4k-razreshenie-sony-optika-imx-458-wifi\/\" \/>\n<meta property=\"og:site_name\" content=\"Ortungsger\u00e4te.de\" \/>\n<meta property=\"article:modified_time\" content=\"2025-11-26T17:01:36+00:00\" \/>\n<meta property=\"og:image\" content=\"https:\/\/www.ortungsgerate.de\/wp-content\/uploads\/slapta-kamera-powerbank-4k-raiska.jpg\" \/>\n\t<meta property=\"og:image:width\" content=\"830\" \/>\n\t<meta property=\"og:image:height\" content=\"751\" \/>\n\t<meta property=\"og:image:type\" content=\"image\/jpeg\" \/>\n<meta name=\"twitter:card\" content=\"summary_large_image\" \/>\n<meta name=\"twitter:label1\" content=\"\u041f\u0440\u0438\u043c\u0435\u0440\u043d\u043e\u0435 \u0432\u0440\u0435\u043c\u044f \u0434\u043b\u044f \u0447\u0442\u0435\u043d\u0438\u044f\" \/>\n\t<meta name=\"twitter:data1\" content=\"3 \u043c\u0438\u043d\u0443\u0442\u044b\" \/>\n<script type=\"application\/ld+json\" class=\"yoast-schema-graph\">{\"@context\":\"https:\\\/\\\/schema.org\",\"@graph\":[{\"@type\":\"WebPage\",\"@id\":\"https:\\\/\\\/www.ortungsgerate.de\\\/12-versteckte-kameras\\\/powerbank-versteckte-kamera-4k-aufloesung-sony-optik-imx-458-wifi\\\/\",\"url\":\"https:\\\/\\\/www.ortungsgerate.de\\\/12-versteckte-kameras\\\/powerbank-versteckte-kamera-4k-aufloesung-sony-optik-imx-458-wifi\\\/\",\"name\":\"Powerbank versteckte Kamera 4K Aufl\u00f6sung SONY Optik (IMX 458) wifi\",\"isPartOf\":{\"@id\":\"https:\\\/\\\/www.ortungsgerate.de\\\/#website\"},\"primaryImageOfPage\":{\"@id\":\"https:\\\/\\\/www.ortungsgerate.de\\\/12-versteckte-kameras\\\/powerbank-versteckte-kamera-4k-aufloesung-sony-optik-imx-458-wifi\\\/#primaryimage\"},\"image\":{\"@id\":\"https:\\\/\\\/www.ortungsgerate.de\\\/12-versteckte-kameras\\\/powerbank-versteckte-kamera-4k-aufloesung-sony-optik-imx-458-wifi\\\/#primaryimage\"},\"thumbnailUrl\":\"https:\\\/\\\/www.ortungsgerate.de\\\/wp-content\\\/uploads\\\/slapta-kamera-powerbank-4k-raiska.jpg\",\"datePublished\":\"2025-10-07T13:23:37+00:00\",\"dateModified\":\"2025-11-26T17:01:36+00:00\",\"breadcrumb\":{\"@id\":\"https:\\\/\\\/www.ortungsgerate.de\\\/12-versteckte-kameras\\\/powerbank-versteckte-kamera-4k-aufloesung-sony-optik-imx-458-wifi\\\/#breadcrumb\"},\"inLanguage\":\"ru-RU\",\"potentialAction\":[{\"@type\":\"ReadAction\",\"target\":[\"https:\\\/\\\/www.ortungsgerate.de\\\/12-versteckte-kameras\\\/powerbank-versteckte-kamera-4k-aufloesung-sony-optik-imx-458-wifi\\\/\"]}]},{\"@type\":\"ImageObject\",\"inLanguage\":\"ru-RU\",\"@id\":\"https:\\\/\\\/www.ortungsgerate.de\\\/12-versteckte-kameras\\\/powerbank-versteckte-kamera-4k-aufloesung-sony-optik-imx-458-wifi\\\/#primaryimage\",\"url\":\"https:\\\/\\\/www.ortungsgerate.de\\\/wp-content\\\/uploads\\\/slapta-kamera-powerbank-4k-raiska.jpg\",\"contentUrl\":\"https:\\\/\\\/www.ortungsgerate.de\\\/wp-content\\\/uploads\\\/slapta-kamera-powerbank-4k-raiska.jpg\",\"width\":830,\"height\":751,\"caption\":\"versteckte Kamera Powerbank 4K Aufl\u00f6sung\"},{\"@type\":\"BreadcrumbList\",\"@id\":\"https:\\\/\\\/www.ortungsgerate.de\\\/12-versteckte-kameras\\\/powerbank-versteckte-kamera-4k-aufloesung-sony-optik-imx-458-wifi\\\/#breadcrumb\",\"itemListElement\":[{\"@type\":\"ListItem\",\"position\":1,\"name\":\"Startseite\",\"item\":\"https:\\\/\\\/www.ortungsgerate.de\\\/\"},{\"@type\":\"ListItem\",\"position\":2,\"name\":\"Shop\",\"item\":\"https:\\\/\\\/www.ortungsgerate.de\\\/shop\\\/\"},{\"@type\":\"ListItem\",\"position\":3,\"name\":\"Powerbank versteckte Kamera 4K Aufl\u00f6sung SONY Optik (IMX 458) wifi\"}]},{\"@type\":\"WebSite\",\"@id\":\"https:\\\/\\\/www.ortungsgerate.de\\\/#website\",\"url\":\"https:\\\/\\\/www.ortungsgerate.de\\\/\",\"name\":\"Ortungsgerate.de\",\"description\":\"\",\"publisher\":{\"@id\":\"https:\\\/\\\/www.ortungsgerate.de\\\/#organization\"},\"potentialAction\":[{\"@type\":\"SearchAction\",\"target\":{\"@type\":\"EntryPoint\",\"urlTemplate\":\"https:\\\/\\\/www.ortungsgerate.de\\\/?s={search_term_string}\"},\"query-input\":{\"@type\":\"PropertyValueSpecification\",\"valueRequired\":true,\"valueName\":\"search_term_string\"}}],\"inLanguage\":\"ru-RU\"},{\"@type\":\"Organization\",\"@id\":\"https:\\\/\\\/www.ortungsgerate.de\\\/#organization\",\"name\":\"Ortungsgerate.de\",\"url\":\"https:\\\/\\\/www.ortungsgerate.de\\\/\",\"logo\":{\"@type\":\"ImageObject\",\"inLanguage\":\"ru-RU\",\"@id\":\"https:\\\/\\\/www.ortungsgerate.de\\\/#\\\/schema\\\/logo\\\/image\\\/\",\"url\":\"https:\\\/\\\/www.ortungsgerate.de\\\/wp-content\\\/uploads\\\/ortungsgerate.png\",\"contentUrl\":\"https:\\\/\\\/www.ortungsgerate.de\\\/wp-content\\\/uploads\\\/ortungsgerate.png\",\"width\":500,\"height\":135,\"caption\":\"Ortungsgerate.de\"},\"image\":{\"@id\":\"https:\\\/\\\/www.ortungsgerate.de\\\/#\\\/schema\\\/logo\\\/image\\\/\"}}]}<\/script>\n<!-- \/ Yoast SEO Premium plugin. -->","yoast_head_json":{"title":"Powerbank \u0441\u043a\u0440\u044b\u0442\u0430\u044f \u043a\u0430\u043c\u0435\u0440\u0430 4K \u0440\u0430\u0437\u0440\u0435\u0448\u0435\u043d\u0438\u0435 SONY \u043e\u043f\u0442\u0438\u043a\u0430 (IMX 458) wifi","robots":{"index":"index","follow":"follow","max-snippet":"max-snippet:-1","max-image-preview":"max-image-preview:large","max-video-preview":"max-video-preview:-1"},"canonical":"https:\/\/www.ortungsgerate.de\/ru\/12-skrytyje-kamery\/powerbank-skrytaya-kamera-4k-razreshenie-sony-optika-imx-458-wifi\/","og_locale":"ru_RU","og_type":"article","og_title":"Powerbank versteckte Kamera 4K Aufl\u00f6sung SONY Optik (IMX 458) wifi","og_description":"Technische Daten: Videoaufl\u00f6sung: Echtes 4K @ 60FPS (2196P) Sensor: SONY 14MP Sensor (IMX 458) Eigenschaften: WDR \/ Niedriglicht (Hervorragende Sicht bei D\u00e4mmerung), Super EIS Technologie...","og_url":"https:\/\/www.ortungsgerate.de\/ru\/12-skrytyje-kamery\/powerbank-skrytaya-kamera-4k-razreshenie-sony-optika-imx-458-wifi\/","og_site_name":"Ortungsger\u00e4te.de","article_modified_time":"2025-11-26T17:01:36+00:00","og_image":[{"width":830,"height":751,"url":"https:\/\/www.ortungsgerate.de\/wp-content\/uploads\/slapta-kamera-powerbank-4k-raiska.jpg","type":"image\/jpeg"}],"twitter_card":"summary_large_image","twitter_misc":{"\u041f\u0440\u0438\u043c\u0435\u0440\u043d\u043e\u0435 \u0432\u0440\u0435\u043c\u044f \u0434\u043b\u044f \u0447\u0442\u0435\u043d\u0438\u044f":"3 \u043c\u0438\u043d\u0443\u0442\u044b"},"schema":{"@context":"https:\/\/schema.org","@graph":[{"@type":"WebPage","@id":"https:\/\/www.ortungsgerate.de\/12-versteckte-kameras\/powerbank-versteckte-kamera-4k-aufloesung-sony-optik-imx-458-wifi\/","url":"https:\/\/www.ortungsgerate.de\/12-versteckte-kameras\/powerbank-versteckte-kamera-4k-aufloesung-sony-optik-imx-458-wifi\/","name":"Powerbank \u0441\u043a\u0440\u044b\u0442\u0430\u044f \u043a\u0430\u043c\u0435\u0440\u0430 4K \u0440\u0430\u0437\u0440\u0435\u0448\u0435\u043d\u0438\u0435 SONY \u043e\u043f\u0442\u0438\u043a\u0430 (IMX 458) wifi","isPartOf":{"@id":"https:\/\/www.ortungsgerate.de\/#website"},"primaryImageOfPage":{"@id":"https:\/\/www.ortungsgerate.de\/12-versteckte-kameras\/powerbank-versteckte-kamera-4k-aufloesung-sony-optik-imx-458-wifi\/#primaryimage"},"image":{"@id":"https:\/\/www.ortungsgerate.de\/12-versteckte-kameras\/powerbank-versteckte-kamera-4k-aufloesung-sony-optik-imx-458-wifi\/#primaryimage"},"thumbnailUrl":"https:\/\/www.ortungsgerate.de\/wp-content\/uploads\/slapta-kamera-powerbank-4k-raiska.jpg","datePublished":"2025-10-07T13:23:37+00:00","dateModified":"2025-11-26T17:01:36+00:00","breadcrumb":{"@id":"https:\/\/www.ortungsgerate.de\/12-versteckte-kameras\/powerbank-versteckte-kamera-4k-aufloesung-sony-optik-imx-458-wifi\/#breadcrumb"},"inLanguage":"ru-RU","potentialAction":[{"@type":"ReadAction","target":["https:\/\/www.ortungsgerate.de\/12-versteckte-kameras\/powerbank-versteckte-kamera-4k-aufloesung-sony-optik-imx-458-wifi\/"]}]},{"@type":"ImageObject","inLanguage":"ru-RU","@id":"https:\/\/www.ortungsgerate.de\/12-versteckte-kameras\/powerbank-versteckte-kamera-4k-aufloesung-sony-optik-imx-458-wifi\/#primaryimage","url":"https:\/\/www.ortungsgerate.de\/wp-content\/uploads\/slapta-kamera-powerbank-4k-raiska.jpg","contentUrl":"https:\/\/www.ortungsgerate.de\/wp-content\/uploads\/slapta-kamera-powerbank-4k-raiska.jpg","width":830,"height":751,"caption":"versteckte Kamera Powerbank 4K Aufl\u00f6sung"},{"@type":"BreadcrumbList","@id":"https:\/\/www.ortungsgerate.de\/12-versteckte-kameras\/powerbank-versteckte-kamera-4k-aufloesung-sony-optik-imx-458-wifi\/#breadcrumb","itemListElement":[{"@type":"ListItem","position":1,"name":"Startseite","item":"https:\/\/www.ortungsgerate.de\/"},{"@type":"ListItem","position":2,"name":"Shop","item":"https:\/\/www.ortungsgerate.de\/shop\/"},{"@type":"ListItem","position":3,"name":"Powerbank versteckte Kamera 4K Aufl\u00f6sung SONY Optik (IMX 458) wifi"}]},{"@type":"WebSite","@id":"https:\/\/www.ortungsgerate.de\/#website","url":"https:\/\/www.ortungsgerate.de\/","name":"Ortungsgerate.de","description":"","publisher":{"@id":"https:\/\/www.ortungsgerate.de\/#organization"},"potentialAction":[{"@type":"SearchAction","target":{"@type":"EntryPoint","urlTemplate":"https:\/\/www.ortungsgerate.de\/?s={search_term_string}"},"query-input":{"@type":"PropertyValueSpecification","valueRequired":true,"valueName":"search_term_string"}}],"inLanguage":"ru-RU"},{"@type":"Organization","@id":"https:\/\/www.ortungsgerate.de\/#organization","name":"Ortungsgerate.de","url":"https:\/\/www.ortungsgerate.de\/","logo":{"@type":"ImageObject","inLanguage":"ru-RU","@id":"https:\/\/www.ortungsgerate.de\/#\/schema\/logo\/image\/","url":"https:\/\/www.ortungsgerate.de\/wp-content\/uploads\/ortungsgerate.png","contentUrl":"https:\/\/www.ortungsgerate.de\/wp-content\/uploads\/ortungsgerate.png","width":500,"height":135,"caption":"Ortungsgerate.de"},"image":{"@id":"https:\/\/www.ortungsgerate.de\/#\/schema\/logo\/image\/"}}]}},"_links":{"self":[{"href":"https:\/\/www.ortungsgerate.de\/ru\/wp-json\/wp\/v2\/product\/29684","targetHints":{"allow":["GET"]}}],"collection":[{"href":"https:\/\/www.ortungsgerate.de\/ru\/wp-json\/wp\/v2\/product"}],"about":[{"href":"https:\/\/www.ortungsgerate.de\/ru\/wp-json\/wp\/v2\/types\/product"}],"version-history":[{"count":0,"href":"https:\/\/www.ortungsgerate.de\/ru\/wp-json\/wp\/v2\/product\/29684\/revisions"}],"wp:featuredmedia":[{"embeddable":true,"href":"https:\/\/www.ortungsgerate.de\/ru\/wp-json\/wp\/v2\/media\/29673"}],"wp:attachment":[{"href":"https:\/\/www.ortungsgerate.de\/ru\/wp-json\/wp\/v2\/media?parent=29684"}],"wp:term":[{"taxonomy":"brand","embeddable":true,"href":"https:\/\/www.ortungsgerate.de\/ru\/wp-json\/wp\/v2\/etheme_brands?post=29684"},{"taxonomy":"product_brand","embeddable":true,"href":"https:\/\/www.ortungsgerate.de\/ru\/wp-json\/wp\/v2\/product_brand?post=29684"},{"taxonomy":"product_cat","embeddable":true,"href":"https:\/\/www.ortungsgerate.de\/ru\/wp-json\/wp\/v2\/product_cat?post=29684"},{"taxonomy":"product_tag","embeddable":true,"href":"https:\/\/www.ortungsgerate.de\/ru\/wp-json\/wp\/v2\/product_tag?post=29684"}],"curies":[{"name":"wp","href":"https:\/\/api.w.org\/{rel}","templated":true}]}}