{"id":29723,"date":"2020-10-10T09:16:01","date_gmt":"2020-10-10T06:16:01","guid":{"rendered":"https:\/\/ortungsgerate.de\/?post_type=product&#038;p=29723"},"modified":"2025-11-26T19:01:36","modified_gmt":"2025-11-26T17:01:36","slug":"eta-skrytaya-kamera-rabotaet-ot-etogo-akkumulyatora-do-5-raz-dolshe","status":"publish","type":"product","link":"https:\/\/www.ortungsgerate.de\/ru\/12-skrytyje-kamery\/eta-skrytaya-kamera-rabotaet-ot-etogo-akkumulyatora-do-5-raz-dolshe\/","title":{"rendered":"\u042d\u0442\u0430 \u0441\u043a\u0440\u044b\u0442\u0430\u044f \u043a\u0430\u043c\u0435\u0440\u0430 \u0440\u0430\u0431\u043e\u0442\u0430\u0435\u0442 \u043e\u0442 \u044d\u0442\u043e\u0433\u043e \u0430\u043a\u043a\u0443\u043c\u0443\u043b\u044f\u0442\u043e\u0440\u0430 \u0434\u043e 5 \u0440\u0430\u0437 \u0434\u043e\u043b\u044c\u0448\u0435"},"content":{"rendered":"<h3><strong>\u0422\u0435\u0445\u043d\u0438\u0447\u0435\u0441\u043a\u0438\u0435 \u043f\u0430\u0440\u0430\u043c\u0435\u0442\u0440\u044b:<\/strong><\/h3>\n<ul>\n<li>\u0421\u043a\u0440\u044b\u0442\u0430\u044f \u043a\u0430\u043c\u0435\u0440\u0430 \u0431\u0443\u0434\u0435\u0442 \u0440\u0430\u0431\u043e\u0442\u0430\u0442\u044c \u0434\u043e 5 \u0440\u0430\u0437 \u0434\u043e\u043b\u044c\u0448\u0435.<\/li>\n<li><strong data-start=\"95\" data-end=\"184\">\u0412\u043d\u0435\u0448\u043d\u0438\u0439 \u0430\u043a\u043a\u0443\u043c\u0443\u043b\u044f\u0442\u043e\u0440 10.000 \u043c\u0410\u0447 \u2013 \u0434\u043e 5 \u0440\u0430\u0437 \u0434\u043e\u043b\u044c\u0448\u0435 \u0440\u0430\u0431\u043e\u0442\u044b \u043a\u0430\u043c\u0435\u0440\u044b!<\/strong><\/li>\n<li><strong data-start=\"188\" data-end=\"217\">\u0411\u043e\u043b\u044c\u0448\u0430\u044f \u0435\u043c\u043a\u043e\u0441\u0442\u044c \u2013 10.000 \u043c\u0410\u0447<\/strong>, \u043f\u043e\u044d\u0442\u043e\u043c\u0443 \u0441\u043a\u0440\u044b\u0442\u0430\u044f \u043a\u0430\u043c\u0435\u0440\u0430 <strong data-start=\"245\" data-end=\"267\">\u0431\u0443\u0434\u0435\u0442 \u0440\u0430\u0431\u043e\u0442\u0430\u0442\u044c \u0434\u043e 5 \u0440\u0430\u0437 \u0434\u043e\u043b\u044c\u0448\u0435<\/strong> \u0431\u0435\u0437 \u043f\u043e\u0434\u0437\u0430\u0440\u044f\u0434\u043a\u0438.<\/li>\n<li>\u041f\u0440\u043e\u0441\u0442\u043e\u0435 \u043f\u043e\u0434\u043a\u043b\u044e\u0447\u0435\u043d\u0438\u0435<\/li>\n<li>\u0412 \u043a\u043e\u043c\u043f\u043b\u0435\u043a\u0442\u0435 <strong data-start=\"325\" data-end=\"351\" data-is-only-node=\"\">\u0432\u0441\u0435 \u043d\u0435\u043e\u0431\u0445\u043e\u0434\u0438\u043c\u044b\u0435 \u043a\u0430\u0431\u0435\u043b\u0438<\/strong> \u0432\u043a\u043b\u044e\u0447\u0435\u043d\u044b, \u043f\u043e\u044d\u0442\u043e\u043c\u0443 \u043f\u043e\u0434\u043a\u043b\u044e\u0447\u0435\u043d\u0438\u0435 \u043e\u0441\u043e\u0431\u0435\u043d\u043d\u043e \u043f\u0440\u043e\u0441\u0442\u043e\u0435.<\/li>\n<li>\u041f\u043e\u0434\u0445\u043e\u0434\u0438\u0442 \u0434\u043b\u044f \u0432\u0441\u0435\u0445 \u043d\u0430\u0448\u0438\u0445 \u043a\u0430\u043c\u0435\u0440<\/li>\n<li>\u041f\u043e\u043b\u043d\u043e\u0441\u0442\u044c\u044e \u0441\u043e\u0432\u043c\u0435\u0441\u0442\u0438\u043c\u043e\u0435 \u0438 \u043d\u0430\u0434\u0435\u0436\u043d\u043e\u0435 \u0440\u0435\u0448\u0435\u043d\u0438\u0435.<\/li>\n<li><strong data-start=\"468\" data-end=\"495\">\u041a\u043e\u043c\u043f\u0430\u043a\u0442\u043d\u044b\u0439 \u0438 \u0443\u0434\u043e\u0431\u043d\u044b\u0439<\/strong> \u2013 \u0420\u0430\u0437\u043c\u0435\u0440\u044b <strong data-start=\"510\" data-end=\"530\">138 \u00d7 68 \u00d7 16 \u043c\u043c<\/strong>, \u0432\u0435\u0441 \u0432\u0441\u0435\u0433\u043e <strong data-start=\"543\" data-end=\"552\">220 \u0433<\/strong>.<\/li>\n<li><strong data-start=\"558\" data-end=\"582\">\u0418\u0434\u0435\u0430\u043b\u044c\u043d\u044b\u0439 \u0432\u044b\u0431\u043e\u0440<\/strong>, \u0447\u0442\u043e\u0431\u044b \u043f\u0440\u043e\u0434\u043b\u0438\u0442\u044c \u0432\u0440\u0435\u043c\u044f \u0440\u0430\u0431\u043e\u0442\u044b \u0441\u043a\u0440\u044b\u0442\u043e\u0439 \u043a\u0430\u043c\u0435\u0440\u044b<\/li>\n<\/ul>","protected":false},"excerpt":{"rendered":"<p>Technische Parameter: Die versteckte Kamera wird bis zu 5\u2011mal l\u00e4nger funktionieren. Externer Akku 10.000 mAh \u2013 bis zu 5\u2011mal l\u00e4ngere Betriebsdauer der Kamera! Gro\u00dfe Kapazit\u00e4t&#8230;<\/p>","protected":false},"featured_media":29727,"template":"","meta":[],"etheme_brands":[],"product_brand":[],"product_cat":[204,206,203,205],"product_tag":[],"class_list":{"0":"post-29723","1":"product","2":"type-product","3":"status-publish","4":"has-post-thumbnail","6":"product_cat-17-getarnte-kameras","7":"product_cat-19-pruefungsohrhoerer-fuer-pruefungen","8":"product_cat-12-versteckte-kameras","9":"product_cat-27-wlan-minikameras","11":"first","12":"instock","13":"taxable","14":"shipping-taxable","15":"purchasable","16":"product-type-simple"},"yoast_head":"<!-- This site is optimized with the Yoast SEO Premium plugin v25.9 (Yoast SEO v27.4) - https:\/\/yoast.com\/product\/yoast-seo-premium-wordpress\/ -->\n<title>Die versteckte Kamera l\u00e4uft mit diesem Akku bis zu 5x l\u00e4nger<\/title>\n<meta name=\"robots\" content=\"index, follow, max-snippet:-1, max-image-preview:large, max-video-preview:-1\" \/>\n<link rel=\"canonical\" href=\"https:\/\/www.ortungsgerate.de\/ru\/12-skrytyje-kamery\/eta-skrytaya-kamera-rabotaet-ot-etogo-akkumulyatora-do-5-raz-dolshe\/\" \/>\n<meta property=\"og:locale\" content=\"ru_RU\" \/>\n<meta property=\"og:type\" content=\"article\" \/>\n<meta property=\"og:title\" content=\"Die versteckte Kamera l\u00e4uft mit diesem Akku bis zu 5x l\u00e4nger\" \/>\n<meta property=\"og:description\" content=\"Technische Parameter: Die versteckte Kamera wird bis zu 5\u2011mal l\u00e4nger funktionieren. Externer Akku 10.000 mAh \u2013 bis zu 5\u2011mal l\u00e4ngere Betriebsdauer der Kamera! Gro\u00dfe Kapazit\u00e4t...\" \/>\n<meta property=\"og:url\" content=\"https:\/\/www.ortungsgerate.de\/ru\/12-skrytyje-kamery\/eta-skrytaya-kamera-rabotaet-ot-etogo-akkumulyatora-do-5-raz-dolshe\/\" \/>\n<meta property=\"og:site_name\" content=\"Ortungsger\u00e4te.de\" \/>\n<meta property=\"article:modified_time\" content=\"2025-11-26T17:01:36+00:00\" \/>\n<meta property=\"og:image\" content=\"https:\/\/www.ortungsgerate.de\/wp-content\/uploads\/Powerbank.jpg\" \/>\n\t<meta property=\"og:image:width\" content=\"888\" \/>\n\t<meta property=\"og:image:height\" content=\"883\" \/>\n\t<meta property=\"og:image:type\" content=\"image\/jpeg\" \/>\n<meta name=\"twitter:card\" content=\"summary_large_image\" \/>\n<meta name=\"twitter:label1\" content=\"\u041f\u0440\u0438\u043c\u0435\u0440\u043d\u043e\u0435 \u0432\u0440\u0435\u043c\u044f \u0434\u043b\u044f \u0447\u0442\u0435\u043d\u0438\u044f\" \/>\n\t<meta name=\"twitter:data1\" content=\"1 \u043c\u0438\u043d\u0443\u0442\u0430\" \/>\n<script type=\"application\/ld+json\" class=\"yoast-schema-graph\">{\"@context\":\"https:\\\/\\\/schema.org\",\"@graph\":[{\"@type\":\"WebPage\",\"@id\":\"https:\\\/\\\/www.ortungsgerate.de\\\/12-versteckte-kameras\\\/die-versteckte-kamera-laeuft-mit-diesem-akku-bis-zu-5x-laenger\\\/\",\"url\":\"https:\\\/\\\/www.ortungsgerate.de\\\/12-versteckte-kameras\\\/die-versteckte-kamera-laeuft-mit-diesem-akku-bis-zu-5x-laenger\\\/\",\"name\":\"Die versteckte Kamera l\u00e4uft mit diesem Akku bis zu 5x l\u00e4nger\",\"isPartOf\":{\"@id\":\"https:\\\/\\\/www.ortungsgerate.de\\\/#website\"},\"primaryImageOfPage\":{\"@id\":\"https:\\\/\\\/www.ortungsgerate.de\\\/12-versteckte-kameras\\\/die-versteckte-kamera-laeuft-mit-diesem-akku-bis-zu-5x-laenger\\\/#primaryimage\"},\"image\":{\"@id\":\"https:\\\/\\\/www.ortungsgerate.de\\\/12-versteckte-kameras\\\/die-versteckte-kamera-laeuft-mit-diesem-akku-bis-zu-5x-laenger\\\/#primaryimage\"},\"thumbnailUrl\":\"https:\\\/\\\/www.ortungsgerate.de\\\/wp-content\\\/uploads\\\/Powerbank.jpg\",\"datePublished\":\"2020-10-10T06:16:01+00:00\",\"dateModified\":\"2025-11-26T17:01:36+00:00\",\"breadcrumb\":{\"@id\":\"https:\\\/\\\/www.ortungsgerate.de\\\/12-versteckte-kameras\\\/die-versteckte-kamera-laeuft-mit-diesem-akku-bis-zu-5x-laenger\\\/#breadcrumb\"},\"inLanguage\":\"ru-RU\",\"potentialAction\":[{\"@type\":\"ReadAction\",\"target\":[\"https:\\\/\\\/www.ortungsgerate.de\\\/12-versteckte-kameras\\\/die-versteckte-kamera-laeuft-mit-diesem-akku-bis-zu-5x-laenger\\\/\"]}]},{\"@type\":\"ImageObject\",\"inLanguage\":\"ru-RU\",\"@id\":\"https:\\\/\\\/www.ortungsgerate.de\\\/12-versteckte-kameras\\\/die-versteckte-kamera-laeuft-mit-diesem-akku-bis-zu-5x-laenger\\\/#primaryimage\",\"url\":\"https:\\\/\\\/www.ortungsgerate.de\\\/wp-content\\\/uploads\\\/Powerbank.jpg\",\"contentUrl\":\"https:\\\/\\\/www.ortungsgerate.de\\\/wp-content\\\/uploads\\\/Powerbank.jpg\",\"width\":888,\"height\":883,\"caption\":\"Powerbank 10 000 mAh f\u00fcr versteckte Kamera\"},{\"@type\":\"BreadcrumbList\",\"@id\":\"https:\\\/\\\/www.ortungsgerate.de\\\/12-versteckte-kameras\\\/die-versteckte-kamera-laeuft-mit-diesem-akku-bis-zu-5x-laenger\\\/#breadcrumb\",\"itemListElement\":[{\"@type\":\"ListItem\",\"position\":1,\"name\":\"Startseite\",\"item\":\"https:\\\/\\\/www.ortungsgerate.de\\\/\"},{\"@type\":\"ListItem\",\"position\":2,\"name\":\"Shop\",\"item\":\"https:\\\/\\\/www.ortungsgerate.de\\\/shop\\\/\"},{\"@type\":\"ListItem\",\"position\":3,\"name\":\"Die versteckte Kamera l\u00e4uft mit diesem Akku bis zu 5x l\u00e4nger\"}]},{\"@type\":\"WebSite\",\"@id\":\"https:\\\/\\\/www.ortungsgerate.de\\\/#website\",\"url\":\"https:\\\/\\\/www.ortungsgerate.de\\\/\",\"name\":\"Ortungsgerate.de\",\"description\":\"\",\"publisher\":{\"@id\":\"https:\\\/\\\/www.ortungsgerate.de\\\/#organization\"},\"potentialAction\":[{\"@type\":\"SearchAction\",\"target\":{\"@type\":\"EntryPoint\",\"urlTemplate\":\"https:\\\/\\\/www.ortungsgerate.de\\\/?s={search_term_string}\"},\"query-input\":{\"@type\":\"PropertyValueSpecification\",\"valueRequired\":true,\"valueName\":\"search_term_string\"}}],\"inLanguage\":\"ru-RU\"},{\"@type\":\"Organization\",\"@id\":\"https:\\\/\\\/www.ortungsgerate.de\\\/#organization\",\"name\":\"Ortungsgerate.de\",\"url\":\"https:\\\/\\\/www.ortungsgerate.de\\\/\",\"logo\":{\"@type\":\"ImageObject\",\"inLanguage\":\"ru-RU\",\"@id\":\"https:\\\/\\\/www.ortungsgerate.de\\\/#\\\/schema\\\/logo\\\/image\\\/\",\"url\":\"https:\\\/\\\/www.ortungsgerate.de\\\/wp-content\\\/uploads\\\/ortungsgerate.png\",\"contentUrl\":\"https:\\\/\\\/www.ortungsgerate.de\\\/wp-content\\\/uploads\\\/ortungsgerate.png\",\"width\":500,\"height\":135,\"caption\":\"Ortungsgerate.de\"},\"image\":{\"@id\":\"https:\\\/\\\/www.ortungsgerate.de\\\/#\\\/schema\\\/logo\\\/image\\\/\"}}]}<\/script>\n<!-- \/ Yoast SEO Premium plugin. -->","yoast_head_json":{"title":"\u042d\u0442\u0430 \u0441\u043a\u0440\u044b\u0442\u0430\u044f \u043a\u0430\u043c\u0435\u0440\u0430 \u0440\u0430\u0431\u043e\u0442\u0430\u0435\u0442 \u043e\u0442 \u044d\u0442\u043e\u0433\u043e \u0430\u043a\u043a\u0443\u043c\u0443\u043b\u044f\u0442\u043e\u0440\u0430 \u0434\u043e 5 \u0440\u0430\u0437 \u0434\u043e\u043b\u044c\u0448\u0435","robots":{"index":"index","follow":"follow","max-snippet":"max-snippet:-1","max-image-preview":"max-image-preview:large","max-video-preview":"max-video-preview:-1"},"canonical":"https:\/\/www.ortungsgerate.de\/ru\/12-skrytyje-kamery\/eta-skrytaya-kamera-rabotaet-ot-etogo-akkumulyatora-do-5-raz-dolshe\/","og_locale":"ru_RU","og_type":"article","og_title":"Die versteckte Kamera l\u00e4uft mit diesem Akku bis zu 5x l\u00e4nger","og_description":"Technische Parameter: Die versteckte Kamera wird bis zu 5\u2011mal l\u00e4nger funktionieren. Externer Akku 10.000 mAh \u2013 bis zu 5\u2011mal l\u00e4ngere Betriebsdauer der Kamera! Gro\u00dfe Kapazit\u00e4t...","og_url":"https:\/\/www.ortungsgerate.de\/ru\/12-skrytyje-kamery\/eta-skrytaya-kamera-rabotaet-ot-etogo-akkumulyatora-do-5-raz-dolshe\/","og_site_name":"Ortungsger\u00e4te.de","article_modified_time":"2025-11-26T17:01:36+00:00","og_image":[{"width":888,"height":883,"url":"https:\/\/www.ortungsgerate.de\/wp-content\/uploads\/Powerbank.jpg","type":"image\/jpeg"}],"twitter_card":"summary_large_image","twitter_misc":{"\u041f\u0440\u0438\u043c\u0435\u0440\u043d\u043e\u0435 \u0432\u0440\u0435\u043c\u044f \u0434\u043b\u044f \u0447\u0442\u0435\u043d\u0438\u044f":"1 \u043c\u0438\u043d\u0443\u0442\u0430"},"schema":{"@context":"https:\/\/schema.org","@graph":[{"@type":"WebPage","@id":"https:\/\/www.ortungsgerate.de\/12-versteckte-kameras\/die-versteckte-kamera-laeuft-mit-diesem-akku-bis-zu-5x-laenger\/","url":"https:\/\/www.ortungsgerate.de\/12-versteckte-kameras\/die-versteckte-kamera-laeuft-mit-diesem-akku-bis-zu-5x-laenger\/","name":"\u042d\u0442\u0430 \u0441\u043a\u0440\u044b\u0442\u0430\u044f \u043a\u0430\u043c\u0435\u0440\u0430 \u0440\u0430\u0431\u043e\u0442\u0430\u0435\u0442 \u043e\u0442 \u044d\u0442\u043e\u0433\u043e \u0430\u043a\u043a\u0443\u043c\u0443\u043b\u044f\u0442\u043e\u0440\u0430 \u0434\u043e 5 \u0440\u0430\u0437 \u0434\u043e\u043b\u044c\u0448\u0435","isPartOf":{"@id":"https:\/\/www.ortungsgerate.de\/#website"},"primaryImageOfPage":{"@id":"https:\/\/www.ortungsgerate.de\/12-versteckte-kameras\/die-versteckte-kamera-laeuft-mit-diesem-akku-bis-zu-5x-laenger\/#primaryimage"},"image":{"@id":"https:\/\/www.ortungsgerate.de\/12-versteckte-kameras\/die-versteckte-kamera-laeuft-mit-diesem-akku-bis-zu-5x-laenger\/#primaryimage"},"thumbnailUrl":"https:\/\/www.ortungsgerate.de\/wp-content\/uploads\/Powerbank.jpg","datePublished":"2020-10-10T06:16:01+00:00","dateModified":"2025-11-26T17:01:36+00:00","breadcrumb":{"@id":"https:\/\/www.ortungsgerate.de\/12-versteckte-kameras\/die-versteckte-kamera-laeuft-mit-diesem-akku-bis-zu-5x-laenger\/#breadcrumb"},"inLanguage":"ru-RU","potentialAction":[{"@type":"ReadAction","target":["https:\/\/www.ortungsgerate.de\/12-versteckte-kameras\/die-versteckte-kamera-laeuft-mit-diesem-akku-bis-zu-5x-laenger\/"]}]},{"@type":"ImageObject","inLanguage":"ru-RU","@id":"https:\/\/www.ortungsgerate.de\/12-versteckte-kameras\/die-versteckte-kamera-laeuft-mit-diesem-akku-bis-zu-5x-laenger\/#primaryimage","url":"https:\/\/www.ortungsgerate.de\/wp-content\/uploads\/Powerbank.jpg","contentUrl":"https:\/\/www.ortungsgerate.de\/wp-content\/uploads\/Powerbank.jpg","width":888,"height":883,"caption":"Powerbank 10 000 mAh f\u00fcr versteckte Kamera"},{"@type":"BreadcrumbList","@id":"https:\/\/www.ortungsgerate.de\/12-versteckte-kameras\/die-versteckte-kamera-laeuft-mit-diesem-akku-bis-zu-5x-laenger\/#breadcrumb","itemListElement":[{"@type":"ListItem","position":1,"name":"Startseite","item":"https:\/\/www.ortungsgerate.de\/"},{"@type":"ListItem","position":2,"name":"Shop","item":"https:\/\/www.ortungsgerate.de\/shop\/"},{"@type":"ListItem","position":3,"name":"Die versteckte Kamera l\u00e4uft mit diesem Akku bis zu 5x l\u00e4nger"}]},{"@type":"WebSite","@id":"https:\/\/www.ortungsgerate.de\/#website","url":"https:\/\/www.ortungsgerate.de\/","name":"Ortungsgerate.de","description":"","publisher":{"@id":"https:\/\/www.ortungsgerate.de\/#organization"},"potentialAction":[{"@type":"SearchAction","target":{"@type":"EntryPoint","urlTemplate":"https:\/\/www.ortungsgerate.de\/?s={search_term_string}"},"query-input":{"@type":"PropertyValueSpecification","valueRequired":true,"valueName":"search_term_string"}}],"inLanguage":"ru-RU"},{"@type":"Organization","@id":"https:\/\/www.ortungsgerate.de\/#organization","name":"Ortungsgerate.de","url":"https:\/\/www.ortungsgerate.de\/","logo":{"@type":"ImageObject","inLanguage":"ru-RU","@id":"https:\/\/www.ortungsgerate.de\/#\/schema\/logo\/image\/","url":"https:\/\/www.ortungsgerate.de\/wp-content\/uploads\/ortungsgerate.png","contentUrl":"https:\/\/www.ortungsgerate.de\/wp-content\/uploads\/ortungsgerate.png","width":500,"height":135,"caption":"Ortungsgerate.de"},"image":{"@id":"https:\/\/www.ortungsgerate.de\/#\/schema\/logo\/image\/"}}]}},"_links":{"self":[{"href":"https:\/\/www.ortungsgerate.de\/ru\/wp-json\/wp\/v2\/product\/29723","targetHints":{"allow":["GET"]}}],"collection":[{"href":"https:\/\/www.ortungsgerate.de\/ru\/wp-json\/wp\/v2\/product"}],"about":[{"href":"https:\/\/www.ortungsgerate.de\/ru\/wp-json\/wp\/v2\/types\/product"}],"version-history":[{"count":0,"href":"https:\/\/www.ortungsgerate.de\/ru\/wp-json\/wp\/v2\/product\/29723\/revisions"}],"wp:featuredmedia":[{"embeddable":true,"href":"https:\/\/www.ortungsgerate.de\/ru\/wp-json\/wp\/v2\/media\/29727"}],"wp:attachment":[{"href":"https:\/\/www.ortungsgerate.de\/ru\/wp-json\/wp\/v2\/media?parent=29723"}],"wp:term":[{"taxonomy":"brand","embeddable":true,"href":"https:\/\/www.ortungsgerate.de\/ru\/wp-json\/wp\/v2\/etheme_brands?post=29723"},{"taxonomy":"product_brand","embeddable":true,"href":"https:\/\/www.ortungsgerate.de\/ru\/wp-json\/wp\/v2\/product_brand?post=29723"},{"taxonomy":"product_cat","embeddable":true,"href":"https:\/\/www.ortungsgerate.de\/ru\/wp-json\/wp\/v2\/product_cat?post=29723"},{"taxonomy":"product_tag","embeddable":true,"href":"https:\/\/www.ortungsgerate.de\/ru\/wp-json\/wp\/v2\/product_tag?post=29723"}],"curies":[{"name":"wp","href":"https:\/\/api.w.org\/{rel}","templated":true}]}}