{"id":30033,"date":"2023-11-10T13:49:18","date_gmt":"2023-11-10T11:49:18","guid":{"rendered":"https:\/\/ortungsgerate.de\/?post_type=product&#038;p=30033"},"modified":"2025-11-26T19:01:36","modified_gmt":"2025-11-26T17:01:36","slug":"skrytaya-kamera-isparitel-efirnykh-masel-belyy","status":"publish","type":"product","link":"https:\/\/www.ortungsgerate.de\/ru\/12-skrytyje-kamery\/skrytaya-kamera-isparitel-efirnykh-masel-belyy\/","title":{"rendered":"\u0421\u043a\u0440\u044b\u0442\u0430\u044f \u043a\u0430\u043c\u0435\u0440\u0430 \u0438\u0441\u043f\u0430\u0440\u0438\u0442\u0435\u043b\u044c \u044d\u0444\u0438\u0440\u043d\u044b\u0445 \u043c\u0430\u0441\u0435\u043b \u0431\u0435\u043b\u044b\u0439"},"content":{"rendered":"<h2><strong>\u0422\u0435\u0445\u043d\u0438\u0447\u0435\u0441\u043a\u0438\u0435 \u043f\u0430\u0440\u0430\u043c\u0435\u0442\u0440\u044b:<\/strong><\/h2>\n<ul>\n<li>\u0412\u043e\u0437\u043c\u043e\u0436\u043d\u043e\u0441\u0442\u044c \u043d\u0430\u0431\u043b\u044e\u0434\u0430\u0442\u044c \u0438\u0437\u043e\u0431\u0440\u0430\u0436\u0435\u043d\u0438\u0435 \u0432 \u0440\u0435\u0430\u043b\u044c\u043d\u043e\u043c \u0432\u0440\u0435\u043c\u0435\u043d\u0438 \u0447\u0435\u0440\u0435\u0437 \u043c\u043e\u0431\u0438\u043b\u044c\u043d\u043e\u0435 \u043f\u0440\u0438\u043b\u043e\u0436\u0435\u043d\u0438\u0435<\/li>\n<li>Beste Wahl<\/li>\n<li>Holzfarbe<\/li>\n<li>Aromatherapie-Diffusor f\u00fcr \u00e4therische \u00d6le, 120 ml Wassertank<\/li>\n<li>\u0420\u0435\u0437\u0435\u0440\u0432\u0443\u0430\u0440 \u0434\u043b\u044f \u0432\u043e\u0434\u044b 120 \u043c\u043b<\/li>\n<li>\u041f\u043e\u0434\u0441\u0432\u0435\u0442\u043a\u0430 \u0432 7 \u0446\u0432\u0435\u0442\u0430\u0445<\/li>\n<li>100% \u0444\u0443\u043d\u043a\u0446\u0438\u043e\u043d\u0430\u043b\u044c\u043d\u044b\u0439 \u0434\u0438\u0444\u0444\u0443\u0437\u043e\u0440<\/li>\n<li>Schnelle Inbetriebnahme \u2013 Sie ben\u00f6tigen nur 2 Min.<\/li>\n<li>\u0418\u0437\u043e\u0431\u0440\u0430\u0436\u0435\u043d\u0438\u0435 \u043c\u043e\u0436\u043d\u043e \u043f\u0440\u043e\u0441\u043c\u0430\u0442\u0440\u0438\u0432\u0430\u0442\u044c \u0432 \u0440\u0435\u0430\u043b\u044c\u043d\u043e\u043c \u0432\u0440\u0435\u043c\u0435\u043d\u0438 \u043d\u0430 \u0442\u0435\u043b\u0435\u0444\u043e\u043d\u0435<\/li>\n<li>\u041d\u0435 \u0438\u0437\u0434\u0430\u0435\u0442 \u043d\u0438\u043a\u0430\u043a\u0438\u0445 \u0437\u0432\u0443\u043a\u043e\u0432 \u0438\u043b\u0438 \u0441\u0432\u0435\u0442\u043e\u0432\u044b\u0445 \u0441\u0438\u0433\u043d\u0430\u043b\u043e\u0432<\/li>\n<li>Stromversorgung \u00fcber das Stromnetz \u2013 funktioniert dauerhaft, kein Aufladen des Akkus erforderlich<\/li>\n<li>\u0420\u0430\u0437\u0440\u0435\u0448\u0435\u043d\u0438\u0435 \u0437\u0430\u043f\u0438\u0441\u0438: Full HD<\/li>\n<li>Videoformat: AVI | max. 25 fps<\/li>\n<li>Sichtwinkel: 100\u00b0 sehr gro\u00dfer Winkel<\/li>\n<li>\u0417\u0432\u0443\u043a: \u043c\u0438\u043a\u0440\u043e\u0444\u043e\u043d \u0441 \u0444\u0443\u043d\u043a\u0446\u0438\u0435\u0439 \u0448\u0443\u043c\u043e\u043f\u043e\u0434\u0430\u0432\u043b\u0435\u043d\u0438\u044f<\/li>\n<li>Wird \u00fcber USB-Kabel geladen<\/li>\n<li>Videocodierung: H264<\/li>\n<li>\u0426\u0432\u0435\u0442: \u0447\u0435\u0440\u043d\u043e\u0435 \u0434\u0435\u0440\u0435\u0432\u043e<\/li>\n<li>Lieferumfang: WLAN-Kamera, Diffusor f\u00fcr \u00e4therische \u00d6le, Micro-SD-Kartenleser, USB-Kabel<\/li>\n<li>Abmessungen: 115 mm x 115 mm x 160 mm<\/li>\n<li>\u0413\u0410\u0420\u0410\u041d\u0422\u0418\u042f 12 \u043c\u0435\u0441\u044f\u0446\u0435\u0432<\/li>\n<\/ul>\n<p>&nbsp;<\/p>\n<h4>Versteckte Kamera: Perfekt getarnt im Luftbefeuchter<\/h4>\n<p>Suchen Sie eine zuverl\u00e4ssige M\u00f6glichkeit, R\u00e4umlichkeiten diskret zu \u00fcberwachen? Dieses Ger\u00e4t ist die L\u00f6sung, bei der die <b>versteckte Kamera perfekt getarnt<\/b> ist als allt\u00e4glicher Haushaltsgegenstand.<\/p>\n<p>Der Hauptzweck dieses Ger\u00e4ts ist die <b>verdeckte Video\u00fcberwachung<\/b>. Die Kamera ist so unauff\u00e4llig integriert, dass niemand ihre tats\u00e4chliche Funktion vermutet. Sie k\u00f6nnen das Bild aus der Ferne in Echtzeit \u00fcberwachen und so f\u00fcr Ihre Ruhe und Sicherheit sorgen.<\/p>\n<p><b>Tarnfunktion (Luftbefeuchter \/ Diffusor):<\/b><\/p>\n<p>Um maximale Diskretion zu gew\u00e4hrleisten, funktioniert das Ger\u00e4t vollst\u00e4ndig als <b>Luftbefeuchter<\/b> und <b>\u0434\u0438\u0444\u0444\u0443\u0437\u043e\u0440 \u0434\u043b\u044f \u044d\u0444\u0438\u0440\u043d\u044b\u0445 \u043c\u0430\u0441\u0435\u043b<\/b>. Diese Funktionen lassen das Ger\u00e4t nicht nur in jedem Raum nat\u00fcrlich wirken, sondern bieten auch einen Mehrwert \u2013 sie befeuchten die Luft und verbreiten angenehme D\u00fcfte. So wird das Ger\u00e4t zu einem normalen Teil der Inneneinrichtung und muss nicht versteckt werden.<\/p>\n<p>Dies ist die ideale Wahl, wenn Sie f\u00fcr Ihre \u00dcberwachungstechnik eine <b>Tarnung auf h\u00f6chstem Niveau<\/b> ben\u00f6tigen.<\/p>","protected":false},"excerpt":{"rendered":"<p>Technische Parameter: M\u00f6glichkeit, das Bild live \u00fcber die mobile App zu \u00fcberwachen Beste Wahl Holzfarbe Aromatherapie-Diffusor f\u00fcr \u00e4therische \u00d6le, 120 ml Wassertank Wassertank 120 ml&#8230;<\/p>","protected":false},"featured_media":30035,"template":"","meta":[],"etheme_brands":[],"product_brand":[],"product_cat":[204,203,205],"product_tag":[690],"class_list":{"0":"post-30033","1":"product","2":"type-product","3":"status-publish","4":"has-post-thumbnail","6":"product_cat-17-getarnte-kameras","7":"product_cat-12-versteckte-kameras","8":"product_cat-27-wlan-minikameras","9":"product_tag-versteckte-kamera","11":"first","12":"instock","13":"taxable","14":"shipping-taxable","15":"purchasable","16":"product-type-simple"},"yoast_head":"<!-- This site is optimized with the Yoast SEO Premium plugin v25.9 (Yoast SEO v27.4) - https:\/\/yoast.com\/product\/yoast-seo-premium-wordpress\/ -->\n<title>Versteckte Kamera Diffusor f\u00fcr \u00e4therische \u00d6le Wei\u00df<\/title>\n<meta name=\"robots\" content=\"index, follow, max-snippet:-1, max-image-preview:large, max-video-preview:-1\" \/>\n<link rel=\"canonical\" href=\"https:\/\/www.ortungsgerate.de\/ru\/12-skrytyje-kamery\/skrytaya-kamera-isparitel-efirnykh-masel-belyy\/\" \/>\n<meta property=\"og:locale\" content=\"ru_RU\" \/>\n<meta property=\"og:type\" content=\"article\" \/>\n<meta property=\"og:title\" content=\"Versteckte Kamera \u00e4therische \u00d6le Verdampfer wei\u00df\" \/>\n<meta property=\"og:description\" content=\"Technische Parameter: M\u00f6glichkeit, das Bild live \u00fcber die mobile App zu \u00fcberwachen Beste Wahl Holzfarbe Aromatherapie-Diffusor f\u00fcr \u00e4therische \u00d6le, 120 ml Wassertank Wassertank 120 ml...\" \/>\n<meta property=\"og:url\" content=\"https:\/\/www.ortungsgerate.de\/ru\/12-skrytyje-kamery\/skrytaya-kamera-isparitel-efirnykh-masel-belyy\/\" \/>\n<meta property=\"og:site_name\" content=\"Ortungsger\u00e4te.de\" \/>\n<meta property=\"article:modified_time\" content=\"2025-11-26T17:01:36+00:00\" \/>\n<meta property=\"og:image\" content=\"https:\/\/www.ortungsgerate.de\/wp-content\/uploads\/slapta-kamera-eteriniu-alieju-garintuvas.jpeg\" \/>\n\t<meta property=\"og:image:width\" content=\"584\" \/>\n\t<meta property=\"og:image:height\" content=\"595\" \/>\n\t<meta property=\"og:image:type\" content=\"image\/jpeg\" \/>\n<meta name=\"twitter:card\" content=\"summary_large_image\" \/>\n<meta name=\"twitter:label1\" content=\"\u041f\u0440\u0438\u043c\u0435\u0440\u043d\u043e\u0435 \u0432\u0440\u0435\u043c\u044f \u0434\u043b\u044f \u0447\u0442\u0435\u043d\u0438\u044f\" \/>\n\t<meta name=\"twitter:data1\" content=\"2 \u043c\u0438\u043d\u0443\u0442\u044b\" \/>\n<script type=\"application\/ld+json\" class=\"yoast-schema-graph\">{\"@context\":\"https:\\\/\\\/schema.org\",\"@graph\":[{\"@type\":\"WebPage\",\"@id\":\"https:\\\/\\\/www.ortungsgerate.de\\\/12-versteckte-kameras\\\/versteckte-kamera-aetherische-oele-verdampfer-weiss\\\/\",\"url\":\"https:\\\/\\\/www.ortungsgerate.de\\\/12-versteckte-kameras\\\/versteckte-kamera-aetherische-oele-verdampfer-weiss\\\/\",\"name\":\"Versteckte Kamera Diffusor f\u00fcr \u00e4therische \u00d6le Wei\u00df\",\"isPartOf\":{\"@id\":\"https:\\\/\\\/www.ortungsgerate.de\\\/#website\"},\"primaryImageOfPage\":{\"@id\":\"https:\\\/\\\/www.ortungsgerate.de\\\/12-versteckte-kameras\\\/versteckte-kamera-aetherische-oele-verdampfer-weiss\\\/#primaryimage\"},\"image\":{\"@id\":\"https:\\\/\\\/www.ortungsgerate.de\\\/12-versteckte-kameras\\\/versteckte-kamera-aetherische-oele-verdampfer-weiss\\\/#primaryimage\"},\"thumbnailUrl\":\"https:\\\/\\\/www.ortungsgerate.de\\\/wp-content\\\/uploads\\\/slapta-kamera-eteriniu-alieju-garintuvas.jpeg\",\"datePublished\":\"2023-11-10T11:49:18+00:00\",\"dateModified\":\"2025-11-26T17:01:36+00:00\",\"breadcrumb\":{\"@id\":\"https:\\\/\\\/www.ortungsgerate.de\\\/12-versteckte-kameras\\\/versteckte-kamera-aetherische-oele-verdampfer-weiss\\\/#breadcrumb\"},\"inLanguage\":\"ru-RU\",\"potentialAction\":[{\"@type\":\"ReadAction\",\"target\":[\"https:\\\/\\\/www.ortungsgerate.de\\\/12-versteckte-kameras\\\/versteckte-kamera-aetherische-oele-verdampfer-weiss\\\/\"]}]},{\"@type\":\"ImageObject\",\"inLanguage\":\"ru-RU\",\"@id\":\"https:\\\/\\\/www.ortungsgerate.de\\\/12-versteckte-kameras\\\/versteckte-kamera-aetherische-oele-verdampfer-weiss\\\/#primaryimage\",\"url\":\"https:\\\/\\\/www.ortungsgerate.de\\\/wp-content\\\/uploads\\\/slapta-kamera-eteriniu-alieju-garintuvas.jpeg\",\"contentUrl\":\"https:\\\/\\\/www.ortungsgerate.de\\\/wp-content\\\/uploads\\\/slapta-kamera-eteriniu-alieju-garintuvas.jpeg\",\"width\":584,\"height\":595,\"caption\":\"Versteckte Kamera Duft\u00f6ldiffusor\"},{\"@type\":\"BreadcrumbList\",\"@id\":\"https:\\\/\\\/www.ortungsgerate.de\\\/12-versteckte-kameras\\\/versteckte-kamera-aetherische-oele-verdampfer-weiss\\\/#breadcrumb\",\"itemListElement\":[{\"@type\":\"ListItem\",\"position\":1,\"name\":\"Startseite\",\"item\":\"https:\\\/\\\/www.ortungsgerate.de\\\/\"},{\"@type\":\"ListItem\",\"position\":2,\"name\":\"Shop\",\"item\":\"https:\\\/\\\/www.ortungsgerate.de\\\/shop\\\/\"},{\"@type\":\"ListItem\",\"position\":3,\"name\":\"Versteckte Kamera \u00e4therische \u00d6le Verdampfer wei\u00df\"}]},{\"@type\":\"WebSite\",\"@id\":\"https:\\\/\\\/www.ortungsgerate.de\\\/#website\",\"url\":\"https:\\\/\\\/www.ortungsgerate.de\\\/\",\"name\":\"Ortungsgerate.de\",\"description\":\"\",\"publisher\":{\"@id\":\"https:\\\/\\\/www.ortungsgerate.de\\\/#organization\"},\"potentialAction\":[{\"@type\":\"SearchAction\",\"target\":{\"@type\":\"EntryPoint\",\"urlTemplate\":\"https:\\\/\\\/www.ortungsgerate.de\\\/?s={search_term_string}\"},\"query-input\":{\"@type\":\"PropertyValueSpecification\",\"valueRequired\":true,\"valueName\":\"search_term_string\"}}],\"inLanguage\":\"ru-RU\"},{\"@type\":\"Organization\",\"@id\":\"https:\\\/\\\/www.ortungsgerate.de\\\/#organization\",\"name\":\"Ortungsgerate.de\",\"url\":\"https:\\\/\\\/www.ortungsgerate.de\\\/\",\"logo\":{\"@type\":\"ImageObject\",\"inLanguage\":\"ru-RU\",\"@id\":\"https:\\\/\\\/www.ortungsgerate.de\\\/#\\\/schema\\\/logo\\\/image\\\/\",\"url\":\"https:\\\/\\\/www.ortungsgerate.de\\\/wp-content\\\/uploads\\\/ortungsgerate.png\",\"contentUrl\":\"https:\\\/\\\/www.ortungsgerate.de\\\/wp-content\\\/uploads\\\/ortungsgerate.png\",\"width\":500,\"height\":135,\"caption\":\"Ortungsgerate.de\"},\"image\":{\"@id\":\"https:\\\/\\\/www.ortungsgerate.de\\\/#\\\/schema\\\/logo\\\/image\\\/\"}}]}<\/script>\n<!-- \/ Yoast SEO Premium plugin. -->","yoast_head_json":{"title":"Versteckte Kamera Diffusor f\u00fcr \u00e4therische \u00d6le Wei\u00df","robots":{"index":"index","follow":"follow","max-snippet":"max-snippet:-1","max-image-preview":"max-image-preview:large","max-video-preview":"max-video-preview:-1"},"canonical":"https:\/\/www.ortungsgerate.de\/ru\/12-skrytyje-kamery\/skrytaya-kamera-isparitel-efirnykh-masel-belyy\/","og_locale":"ru_RU","og_type":"article","og_title":"Versteckte Kamera \u00e4therische \u00d6le Verdampfer wei\u00df","og_description":"Technische Parameter: M\u00f6glichkeit, das Bild live \u00fcber die mobile App zu \u00fcberwachen Beste Wahl Holzfarbe Aromatherapie-Diffusor f\u00fcr \u00e4therische \u00d6le, 120 ml Wassertank Wassertank 120 ml...","og_url":"https:\/\/www.ortungsgerate.de\/ru\/12-skrytyje-kamery\/skrytaya-kamera-isparitel-efirnykh-masel-belyy\/","og_site_name":"Ortungsger\u00e4te.de","article_modified_time":"2025-11-26T17:01:36+00:00","og_image":[{"width":584,"height":595,"url":"https:\/\/www.ortungsgerate.de\/wp-content\/uploads\/slapta-kamera-eteriniu-alieju-garintuvas.jpeg","type":"image\/jpeg"}],"twitter_card":"summary_large_image","twitter_misc":{"\u041f\u0440\u0438\u043c\u0435\u0440\u043d\u043e\u0435 \u0432\u0440\u0435\u043c\u044f \u0434\u043b\u044f \u0447\u0442\u0435\u043d\u0438\u044f":"2 \u043c\u0438\u043d\u0443\u0442\u044b"},"schema":{"@context":"https:\/\/schema.org","@graph":[{"@type":"WebPage","@id":"https:\/\/www.ortungsgerate.de\/12-versteckte-kameras\/versteckte-kamera-aetherische-oele-verdampfer-weiss\/","url":"https:\/\/www.ortungsgerate.de\/12-versteckte-kameras\/versteckte-kamera-aetherische-oele-verdampfer-weiss\/","name":"Versteckte Kamera Diffusor f\u00fcr \u00e4therische \u00d6le Wei\u00df","isPartOf":{"@id":"https:\/\/www.ortungsgerate.de\/#website"},"primaryImageOfPage":{"@id":"https:\/\/www.ortungsgerate.de\/12-versteckte-kameras\/versteckte-kamera-aetherische-oele-verdampfer-weiss\/#primaryimage"},"image":{"@id":"https:\/\/www.ortungsgerate.de\/12-versteckte-kameras\/versteckte-kamera-aetherische-oele-verdampfer-weiss\/#primaryimage"},"thumbnailUrl":"https:\/\/www.ortungsgerate.de\/wp-content\/uploads\/slapta-kamera-eteriniu-alieju-garintuvas.jpeg","datePublished":"2023-11-10T11:49:18+00:00","dateModified":"2025-11-26T17:01:36+00:00","breadcrumb":{"@id":"https:\/\/www.ortungsgerate.de\/12-versteckte-kameras\/versteckte-kamera-aetherische-oele-verdampfer-weiss\/#breadcrumb"},"inLanguage":"ru-RU","potentialAction":[{"@type":"ReadAction","target":["https:\/\/www.ortungsgerate.de\/12-versteckte-kameras\/versteckte-kamera-aetherische-oele-verdampfer-weiss\/"]}]},{"@type":"ImageObject","inLanguage":"ru-RU","@id":"https:\/\/www.ortungsgerate.de\/12-versteckte-kameras\/versteckte-kamera-aetherische-oele-verdampfer-weiss\/#primaryimage","url":"https:\/\/www.ortungsgerate.de\/wp-content\/uploads\/slapta-kamera-eteriniu-alieju-garintuvas.jpeg","contentUrl":"https:\/\/www.ortungsgerate.de\/wp-content\/uploads\/slapta-kamera-eteriniu-alieju-garintuvas.jpeg","width":584,"height":595,"caption":"Versteckte Kamera Duft\u00f6ldiffusor"},{"@type":"BreadcrumbList","@id":"https:\/\/www.ortungsgerate.de\/12-versteckte-kameras\/versteckte-kamera-aetherische-oele-verdampfer-weiss\/#breadcrumb","itemListElement":[{"@type":"ListItem","position":1,"name":"Startseite","item":"https:\/\/www.ortungsgerate.de\/"},{"@type":"ListItem","position":2,"name":"Shop","item":"https:\/\/www.ortungsgerate.de\/shop\/"},{"@type":"ListItem","position":3,"name":"Versteckte Kamera \u00e4therische \u00d6le Verdampfer wei\u00df"}]},{"@type":"WebSite","@id":"https:\/\/www.ortungsgerate.de\/#website","url":"https:\/\/www.ortungsgerate.de\/","name":"Ortungsgerate.de","description":"","publisher":{"@id":"https:\/\/www.ortungsgerate.de\/#organization"},"potentialAction":[{"@type":"SearchAction","target":{"@type":"EntryPoint","urlTemplate":"https:\/\/www.ortungsgerate.de\/?s={search_term_string}"},"query-input":{"@type":"PropertyValueSpecification","valueRequired":true,"valueName":"search_term_string"}}],"inLanguage":"ru-RU"},{"@type":"Organization","@id":"https:\/\/www.ortungsgerate.de\/#organization","name":"Ortungsgerate.de","url":"https:\/\/www.ortungsgerate.de\/","logo":{"@type":"ImageObject","inLanguage":"ru-RU","@id":"https:\/\/www.ortungsgerate.de\/#\/schema\/logo\/image\/","url":"https:\/\/www.ortungsgerate.de\/wp-content\/uploads\/ortungsgerate.png","contentUrl":"https:\/\/www.ortungsgerate.de\/wp-content\/uploads\/ortungsgerate.png","width":500,"height":135,"caption":"Ortungsgerate.de"},"image":{"@id":"https:\/\/www.ortungsgerate.de\/#\/schema\/logo\/image\/"}}]}},"_links":{"self":[{"href":"https:\/\/www.ortungsgerate.de\/ru\/wp-json\/wp\/v2\/product\/30033","targetHints":{"allow":["GET"]}}],"collection":[{"href":"https:\/\/www.ortungsgerate.de\/ru\/wp-json\/wp\/v2\/product"}],"about":[{"href":"https:\/\/www.ortungsgerate.de\/ru\/wp-json\/wp\/v2\/types\/product"}],"version-history":[{"count":0,"href":"https:\/\/www.ortungsgerate.de\/ru\/wp-json\/wp\/v2\/product\/30033\/revisions"}],"wp:featuredmedia":[{"embeddable":true,"href":"https:\/\/www.ortungsgerate.de\/ru\/wp-json\/wp\/v2\/media\/30035"}],"wp:attachment":[{"href":"https:\/\/www.ortungsgerate.de\/ru\/wp-json\/wp\/v2\/media?parent=30033"}],"wp:term":[{"taxonomy":"brand","embeddable":true,"href":"https:\/\/www.ortungsgerate.de\/ru\/wp-json\/wp\/v2\/etheme_brands?post=30033"},{"taxonomy":"product_brand","embeddable":true,"href":"https:\/\/www.ortungsgerate.de\/ru\/wp-json\/wp\/v2\/product_brand?post=30033"},{"taxonomy":"product_cat","embeddable":true,"href":"https:\/\/www.ortungsgerate.de\/ru\/wp-json\/wp\/v2\/product_cat?post=30033"},{"taxonomy":"product_tag","embeddable":true,"href":"https:\/\/www.ortungsgerate.de\/ru\/wp-json\/wp\/v2\/product_tag?post=30033"}],"curies":[{"name":"wp","href":"https:\/\/api.w.org\/{rel}","templated":true}]}}