{"id":30142,"date":"2025-11-17T15:52:47","date_gmt":"2025-11-17T13:52:47","guid":{"rendered":"https:\/\/ortungsgerate.de\/?post_type=product&#038;p=30142"},"modified":"2025-11-26T19:01:36","modified_gmt":"2025-11-26T17:01:36","slug":"pro-hq-seriya-ruchka-diktofon-32gb","status":"publish","type":"product","link":"https:\/\/www.ortungsgerate.de\/ru\/13-diktofony-2\/pro-hq-seriya-ruchka-diktofon-32gb\/","title":{"rendered":"PRO HQ \u0441\u0435\u0440\u0438\u044f \u0440\u0443\u0447\u043a\u0430 \u0434\u0438\u043a\u0442\u043e\u0444\u043e\u043d 32GB"},"content":{"rendered":"<h3><strong>\u0422\u0435\u0445\u043d\u0438\u0447\u0435\u0441\u043a\u0438\u0435 \u0434\u0430\u043d\u043d\u044b\u0435:<\/strong><\/h3>\n<ul>\n<li>\u0414\u0430\u043b\u044c\u043d\u043e\u0441\u0442\u044c: \u0434\u043e 6-20 \u043c<\/li>\n<li>\u0418\u043d\u0442\u0435\u043b\u043b\u0435\u043a\u0442\u0443\u0430\u043b\u044c\u043d\u0430\u044f \u0441\u0438\u0441\u0442\u0435\u043c\u0430 \u0448\u0443\u043c\u043e\u043f\u043e\u0434\u0430\u0432\u043b\u0435\u043d\u0438\u044f<\/li>\n<li>\u0412\u043e\u0437\u043c\u043e\u0436\u043d\u043e\u0441\u0442\u044c \u0440\u0435\u0433\u0443\u043b\u0438\u0440\u043e\u0432\u043a\u0438 \u043a\u0430\u0447\u0435\u0441\u0442\u0432\u0430 \u0437\u0430\u043f\u0438\u0441\u0438<\/li>\n<li>\u0410\u0432\u0442\u043e\u043c\u0430\u0442\u0438\u0447\u0435\u0441\u043a\u0430\u044f \u0440\u0435\u0433\u0443\u043b\u0438\u0440\u043e\u0432\u043a\u0430 \u0433\u0440\u043e\u043c\u043a\u043e\u0441\u0442\u0438 \u0437\u0430\u043f\u0438\u0441\u0435\u0439<\/li>\n<li>\u041a\u0430\u0447\u0435\u0441\u0442\u0432\u043e \u0437\u0430\u043f\u0438\u0441\u0438: \u043e\u0442 192 kbps \u0434\u043e 512 kbps<\/li>\n<li>\u0412\u043d\u0443\u0442\u0440\u0435\u043d\u043d\u044f\u044f \u043f\u0430\u043c\u044f\u0442\u044c: 32GB<\/li>\n<li>\u0412\u0440\u0435\u043c\u044f \u0440\u0430\u0431\u043e\u0442\u044b: \u043e\u043a\u043e\u043b\u043e 25 \u0447\u0430\u0441\u043e\u0432 (\u0437\u0430\u043f\u0438\u0441\u044c \u0431\u0435\u0437 \u043f\u043e\u0434\u0437\u0430\u0440\u044f\u0434\u043a\u0438)<\/li>\n<li>\u041a\u043e\u0440\u043f\u0443\u0441: \u0447\u0435\u0440\u043d\u044b\u0439 \u0430\u043b\u044e\u043c\u0438\u043d\u0438\u0439<\/li>\n<li>\u041f\u0440\u0438 \u0440\u0430\u0437\u0440\u044f\u0436\u0435\u043d\u043d\u043e\u0439 \u0431\u0430\u0442\u0430\u0440\u0435\u0435 \u043d\u0435\u0442 \u0448\u0443\u043c\u0430<\/li>\n<li>\u0412\u043e\u0437\u043c\u043e\u0436\u043d\u043e\u0441\u0442\u044c \u0440\u0430\u0441\u043f\u043e\u0437\u043d\u0430\u0432\u0430\u043d\u0438\u044f \u0440\u0435\u0447\u0438: \u0414\u0410<\/li>\n<li>\u0417\u0430\u043f\u0438\u0441\u044c \u0437\u0432\u0443\u043a\u043e\u0432: \u0414\u0410<\/li>\n<li>\u0424\u043e\u0440\u043c\u0430\u0442 \u0437\u0430\u043f\u0438\u0441\u0438: WAV<\/li>\n<li>\u041f\u043e\u0434\u0434\u0435\u0440\u0436\u0438\u0432\u0430\u0435\u043c\u044b\u0435 \u0441\u0438\u0441\u0442\u0435\u043c\u044b: Windows<\/li>\n<li>\u0420\u0430\u0437\u043c\u0435\u0440 \u043a\u043e\u0440\u043f\u0443\u0441\u0430: \u041d\u0415 \u041e\u0422\u041b\u0418\u0427\u0410\u0415\u0422\u0421\u042f \u041e\u0422 \u041e\u0411\u042b\u0427\u041d\u041e\u0419 \u0428\u0410\u0420\u0418\u041a\u041e\u0412\u041e\u0419 \u0420\u0423\u0427\u041a\u0418 (\u041d\u0415 \u0411\u041e\u041b\u042c\u0428\u0415 \u041e\u0411\u042b\u0427\u041d\u042b\u0425 \u0428\u0410\u0420\u0418\u041a\u041e\u0412\u042b\u0425 \u0420\u0423\u0427\u0415\u041a)<\/li>\n<li>\u0413\u0430\u0440\u0430\u043d\u0442\u0438\u044f 12 \u043c\u0435\u0441\u044f\u0446\u0435\u0432<\/li>\n<\/ul>","protected":false},"excerpt":{"rendered":"<p>Technische Daten: Reichweite: bis zu 6-20 m Intelligentes Ger\u00e4uschunterdr\u00fcckungssystem M\u00f6glichkeit zur Regulierung der Aufnahmequalit\u00e4t Automatische Lautst\u00e4rkeregelung der Aufnahmen Aufnahmequalit\u00e4t: von 192 kbps bis 512 kbps&#8230;<\/p>","protected":false},"featured_media":30143,"template":"","meta":[],"etheme_brands":[],"product_brand":[],"product_cat":[208,207],"product_tag":[695],"class_list":{"0":"post-30142","1":"product","2":"type-product","3":"status-publish","4":"has-post-thumbnail","6":"product_cat-16-abhoergeraete","7":"product_cat-13-diktiergeraete","8":"product_tag-digitaler-diktiergeraet","9":"pa_typ-kugelschreiber","11":"first","12":"instock","13":"taxable","14":"shipping-taxable","15":"purchasable","16":"product-type-simple"},"yoast_head":"<!-- This site is optimized with the Yoast SEO Premium plugin v25.9 (Yoast SEO v27.4) - https:\/\/yoast.com\/product\/yoast-seo-premium-wordpress\/ -->\n<title>PRO HQ Serie Kugelschreiber Geheimdiktafon 32GB<\/title>\n<meta name=\"description\" content=\"Diktafon-Kugelschreiber, erstklassiger Klang. Besonders lange Betriebszeit. Geheimer Mini-Diktafon wird durch Ger\u00e4usche aktiviert. WIR GARANTIEREN 100% QUALIT\u00c4T\" \/>\n<meta name=\"robots\" content=\"index, follow, max-snippet:-1, max-image-preview:large, max-video-preview:-1\" \/>\n<link rel=\"canonical\" href=\"https:\/\/www.ortungsgerate.de\/ru\/16-proslushivayushcheye-oborudovaniye-2\/pro-hq-seriya-ruchka-diktofon-32gb\/\" \/>\n<meta property=\"og:locale\" content=\"ru_RU\" \/>\n<meta property=\"og:type\" content=\"article\" \/>\n<meta property=\"og:title\" content=\"PRO HQ Serie Kugelschreiber Geheimdiktafon 32GB\" \/>\n<meta property=\"og:description\" content=\"Diktafon-Kugelschreiber, erstklassiger Klang. Besonders lange Betriebszeit. Geheimer Mini-Diktafon wird durch Ger\u00e4usche aktiviert. WIR GARANTIEREN 100% QUALIT\u00c4T\" \/>\n<meta property=\"og:url\" content=\"https:\/\/www.ortungsgerate.de\/ru\/16-proslushivayushcheye-oborudovaniye-2\/pro-hq-seriya-ruchka-diktofon-32gb\/\" \/>\n<meta property=\"og:site_name\" content=\"Ortungsger\u00e4te.de\" \/>\n<meta property=\"article:modified_time\" content=\"2025-11-26T17:01:36+00:00\" \/>\n<meta property=\"og:image\" content=\"https:\/\/www.ortungsgerate.de\/wp-content\/uploads\/PRO-HQ-diktofonas.jpeg\" \/>\n\t<meta property=\"og:image:width\" content=\"986\" \/>\n\t<meta property=\"og:image:height\" content=\"986\" \/>\n\t<meta property=\"og:image:type\" content=\"image\/jpeg\" \/>\n<meta name=\"twitter:card\" content=\"summary_large_image\" \/>\n<meta name=\"twitter:label1\" content=\"\u041f\u0440\u0438\u043c\u0435\u0440\u043d\u043e\u0435 \u0432\u0440\u0435\u043c\u044f \u0434\u043b\u044f \u0447\u0442\u0435\u043d\u0438\u044f\" \/>\n\t<meta name=\"twitter:data1\" content=\"1 \u043c\u0438\u043d\u0443\u0442\u0430\" \/>\n<script type=\"application\/ld+json\" class=\"yoast-schema-graph\">{\"@context\":\"https:\\\/\\\/schema.org\",\"@graph\":[{\"@type\":\"WebPage\",\"@id\":\"https:\\\/\\\/www.ortungsgerate.de\\\/16-abhoergeraete\\\/pro-hq-serie-kugelschreiber-geheimdiktafon-32gb\\\/\",\"url\":\"https:\\\/\\\/www.ortungsgerate.de\\\/16-abhoergeraete\\\/pro-hq-serie-kugelschreiber-geheimdiktafon-32gb\\\/\",\"name\":\"PRO HQ Serie Kugelschreiber Geheimdiktafon 32GB\",\"isPartOf\":{\"@id\":\"https:\\\/\\\/www.ortungsgerate.de\\\/#website\"},\"primaryImageOfPage\":{\"@id\":\"https:\\\/\\\/www.ortungsgerate.de\\\/16-abhoergeraete\\\/pro-hq-serie-kugelschreiber-geheimdiktafon-32gb\\\/#primaryimage\"},\"image\":{\"@id\":\"https:\\\/\\\/www.ortungsgerate.de\\\/16-abhoergeraete\\\/pro-hq-serie-kugelschreiber-geheimdiktafon-32gb\\\/#primaryimage\"},\"thumbnailUrl\":\"https:\\\/\\\/www.ortungsgerate.de\\\/wp-content\\\/uploads\\\/PRO-HQ-diktofonas.jpeg\",\"datePublished\":\"2025-11-17T13:52:47+00:00\",\"dateModified\":\"2025-11-26T17:01:36+00:00\",\"description\":\"Diktafon-Kugelschreiber, erstklassiger Klang. Besonders lange Betriebszeit. Geheimer Mini-Diktafon wird durch Ger\u00e4usche aktiviert. WIR GARANTIEREN 100% QUALIT\u00c4T\",\"breadcrumb\":{\"@id\":\"https:\\\/\\\/www.ortungsgerate.de\\\/16-abhoergeraete\\\/pro-hq-serie-kugelschreiber-geheimdiktafon-32gb\\\/#breadcrumb\"},\"inLanguage\":\"ru-RU\",\"potentialAction\":[{\"@type\":\"ReadAction\",\"target\":[\"https:\\\/\\\/www.ortungsgerate.de\\\/16-abhoergeraete\\\/pro-hq-serie-kugelschreiber-geheimdiktafon-32gb\\\/\"]}]},{\"@type\":\"ImageObject\",\"inLanguage\":\"ru-RU\",\"@id\":\"https:\\\/\\\/www.ortungsgerate.de\\\/16-abhoergeraete\\\/pro-hq-serie-kugelschreiber-geheimdiktafon-32gb\\\/#primaryimage\",\"url\":\"https:\\\/\\\/www.ortungsgerate.de\\\/wp-content\\\/uploads\\\/PRO-HQ-diktofonas.jpeg\",\"contentUrl\":\"https:\\\/\\\/www.ortungsgerate.de\\\/wp-content\\\/uploads\\\/PRO-HQ-diktofonas.jpeg\",\"width\":986,\"height\":986,\"caption\":\"PRO HQ Diktierger\u00e4t\"},{\"@type\":\"BreadcrumbList\",\"@id\":\"https:\\\/\\\/www.ortungsgerate.de\\\/16-abhoergeraete\\\/pro-hq-serie-kugelschreiber-geheimdiktafon-32gb\\\/#breadcrumb\",\"itemListElement\":[{\"@type\":\"ListItem\",\"position\":1,\"name\":\"Startseite\",\"item\":\"https:\\\/\\\/www.ortungsgerate.de\\\/\"},{\"@type\":\"ListItem\",\"position\":2,\"name\":\"Shop\",\"item\":\"https:\\\/\\\/www.ortungsgerate.de\\\/shop\\\/\"},{\"@type\":\"ListItem\",\"position\":3,\"name\":\"PRO HQ Serie Kugelschreiber Geheimdiktafon 32GB\"}]},{\"@type\":\"WebSite\",\"@id\":\"https:\\\/\\\/www.ortungsgerate.de\\\/#website\",\"url\":\"https:\\\/\\\/www.ortungsgerate.de\\\/\",\"name\":\"Ortungsgerate.de\",\"description\":\"\",\"publisher\":{\"@id\":\"https:\\\/\\\/www.ortungsgerate.de\\\/#organization\"},\"potentialAction\":[{\"@type\":\"SearchAction\",\"target\":{\"@type\":\"EntryPoint\",\"urlTemplate\":\"https:\\\/\\\/www.ortungsgerate.de\\\/?s={search_term_string}\"},\"query-input\":{\"@type\":\"PropertyValueSpecification\",\"valueRequired\":true,\"valueName\":\"search_term_string\"}}],\"inLanguage\":\"ru-RU\"},{\"@type\":\"Organization\",\"@id\":\"https:\\\/\\\/www.ortungsgerate.de\\\/#organization\",\"name\":\"Ortungsgerate.de\",\"url\":\"https:\\\/\\\/www.ortungsgerate.de\\\/\",\"logo\":{\"@type\":\"ImageObject\",\"inLanguage\":\"ru-RU\",\"@id\":\"https:\\\/\\\/www.ortungsgerate.de\\\/#\\\/schema\\\/logo\\\/image\\\/\",\"url\":\"https:\\\/\\\/www.ortungsgerate.de\\\/wp-content\\\/uploads\\\/ortungsgerate.png\",\"contentUrl\":\"https:\\\/\\\/www.ortungsgerate.de\\\/wp-content\\\/uploads\\\/ortungsgerate.png\",\"width\":500,\"height\":135,\"caption\":\"Ortungsgerate.de\"},\"image\":{\"@id\":\"https:\\\/\\\/www.ortungsgerate.de\\\/#\\\/schema\\\/logo\\\/image\\\/\"}}]}<\/script>\n<!-- \/ Yoast SEO Premium plugin. -->","yoast_head_json":{"title":"PRO HQ \u0441\u0435\u0440\u0438\u044f \u0440\u0443\u0447\u043a\u0430 \u0434\u0438\u043a\u0442\u043e\u0444\u043e\u043d 32GB","description":"\u0414\u0438\u043a\u0442\u043e\u0444\u043e\u043d-\u0440\u0443\u0447\u043a\u0430, \u043f\u0435\u0440\u0432\u043e\u043a\u043b\u0430\u0441\u0441\u043d\u044b\u0439 \u0437\u0432\u0443\u043a. \u041e\u0441\u043e\u0431\u0435\u043d\u043d\u043e \u0434\u043e\u043b\u0433\u043e\u0435 \u0432\u0440\u0435\u043c\u044f \u0440\u0430\u0431\u043e\u0442\u044b. \u0421\u0435\u043a\u0440\u0435\u0442\u043d\u044b\u0439 \u043c\u0438\u043d\u0438-\u0434\u0438\u043a\u0442\u043e\u0444\u043e\u043d \u0430\u043a\u0442\u0438\u0432\u0438\u0440\u0443\u0435\u0442\u0441\u044f \u0437\u0432\u0443\u043a\u0430\u043c\u0438. \u041c\u042b \u0413\u0410\u0420\u0410\u041d\u0422\u0418\u0420\u0423\u0415\u041c \u041a\u0410\u0427\u0415\u0421\u0422\u0412\u041e 100%","robots":{"index":"index","follow":"follow","max-snippet":"max-snippet:-1","max-image-preview":"max-image-preview:large","max-video-preview":"max-video-preview:-1"},"canonical":"https:\/\/www.ortungsgerate.de\/ru\/16-proslushivayushcheye-oborudovaniye-2\/pro-hq-seriya-ruchka-diktofon-32gb\/","og_locale":"ru_RU","og_type":"article","og_title":"PRO HQ Serie Kugelschreiber Geheimdiktafon 32GB","og_description":"Diktafon-Kugelschreiber, erstklassiger Klang. Besonders lange Betriebszeit. Geheimer Mini-Diktafon wird durch Ger\u00e4usche aktiviert. WIR GARANTIEREN 100% QUALIT\u00c4T","og_url":"https:\/\/www.ortungsgerate.de\/ru\/16-proslushivayushcheye-oborudovaniye-2\/pro-hq-seriya-ruchka-diktofon-32gb\/","og_site_name":"Ortungsger\u00e4te.de","article_modified_time":"2025-11-26T17:01:36+00:00","og_image":[{"width":986,"height":986,"url":"https:\/\/www.ortungsgerate.de\/wp-content\/uploads\/PRO-HQ-diktofonas.jpeg","type":"image\/jpeg"}],"twitter_card":"summary_large_image","twitter_misc":{"\u041f\u0440\u0438\u043c\u0435\u0440\u043d\u043e\u0435 \u0432\u0440\u0435\u043c\u044f \u0434\u043b\u044f \u0447\u0442\u0435\u043d\u0438\u044f":"1 \u043c\u0438\u043d\u0443\u0442\u0430"},"schema":{"@context":"https:\/\/schema.org","@graph":[{"@type":"WebPage","@id":"https:\/\/www.ortungsgerate.de\/16-abhoergeraete\/pro-hq-serie-kugelschreiber-geheimdiktafon-32gb\/","url":"https:\/\/www.ortungsgerate.de\/16-abhoergeraete\/pro-hq-serie-kugelschreiber-geheimdiktafon-32gb\/","name":"PRO HQ \u0441\u0435\u0440\u0438\u044f \u0440\u0443\u0447\u043a\u0430 \u0434\u0438\u043a\u0442\u043e\u0444\u043e\u043d 32GB","isPartOf":{"@id":"https:\/\/www.ortungsgerate.de\/#website"},"primaryImageOfPage":{"@id":"https:\/\/www.ortungsgerate.de\/16-abhoergeraete\/pro-hq-serie-kugelschreiber-geheimdiktafon-32gb\/#primaryimage"},"image":{"@id":"https:\/\/www.ortungsgerate.de\/16-abhoergeraete\/pro-hq-serie-kugelschreiber-geheimdiktafon-32gb\/#primaryimage"},"thumbnailUrl":"https:\/\/www.ortungsgerate.de\/wp-content\/uploads\/PRO-HQ-diktofonas.jpeg","datePublished":"2025-11-17T13:52:47+00:00","dateModified":"2025-11-26T17:01:36+00:00","description":"\u0414\u0438\u043a\u0442\u043e\u0444\u043e\u043d-\u0440\u0443\u0447\u043a\u0430, \u043f\u0435\u0440\u0432\u043e\u043a\u043b\u0430\u0441\u0441\u043d\u044b\u0439 \u0437\u0432\u0443\u043a. \u041e\u0441\u043e\u0431\u0435\u043d\u043d\u043e \u0434\u043e\u043b\u0433\u043e\u0435 \u0432\u0440\u0435\u043c\u044f \u0440\u0430\u0431\u043e\u0442\u044b. \u0421\u0435\u043a\u0440\u0435\u0442\u043d\u044b\u0439 \u043c\u0438\u043d\u0438-\u0434\u0438\u043a\u0442\u043e\u0444\u043e\u043d \u0430\u043a\u0442\u0438\u0432\u0438\u0440\u0443\u0435\u0442\u0441\u044f \u0437\u0432\u0443\u043a\u0430\u043c\u0438. \u041c\u042b \u0413\u0410\u0420\u0410\u041d\u0422\u0418\u0420\u0423\u0415\u041c \u041a\u0410\u0427\u0415\u0421\u0422\u0412\u041e 100%","breadcrumb":{"@id":"https:\/\/www.ortungsgerate.de\/16-abhoergeraete\/pro-hq-serie-kugelschreiber-geheimdiktafon-32gb\/#breadcrumb"},"inLanguage":"ru-RU","potentialAction":[{"@type":"ReadAction","target":["https:\/\/www.ortungsgerate.de\/16-abhoergeraete\/pro-hq-serie-kugelschreiber-geheimdiktafon-32gb\/"]}]},{"@type":"ImageObject","inLanguage":"ru-RU","@id":"https:\/\/www.ortungsgerate.de\/16-abhoergeraete\/pro-hq-serie-kugelschreiber-geheimdiktafon-32gb\/#primaryimage","url":"https:\/\/www.ortungsgerate.de\/wp-content\/uploads\/PRO-HQ-diktofonas.jpeg","contentUrl":"https:\/\/www.ortungsgerate.de\/wp-content\/uploads\/PRO-HQ-diktofonas.jpeg","width":986,"height":986,"caption":"PRO HQ Diktierger\u00e4t"},{"@type":"BreadcrumbList","@id":"https:\/\/www.ortungsgerate.de\/16-abhoergeraete\/pro-hq-serie-kugelschreiber-geheimdiktafon-32gb\/#breadcrumb","itemListElement":[{"@type":"ListItem","position":1,"name":"Startseite","item":"https:\/\/www.ortungsgerate.de\/"},{"@type":"ListItem","position":2,"name":"Shop","item":"https:\/\/www.ortungsgerate.de\/shop\/"},{"@type":"ListItem","position":3,"name":"PRO HQ Serie Kugelschreiber Geheimdiktafon 32GB"}]},{"@type":"WebSite","@id":"https:\/\/www.ortungsgerate.de\/#website","url":"https:\/\/www.ortungsgerate.de\/","name":"Ortungsgerate.de","description":"","publisher":{"@id":"https:\/\/www.ortungsgerate.de\/#organization"},"potentialAction":[{"@type":"SearchAction","target":{"@type":"EntryPoint","urlTemplate":"https:\/\/www.ortungsgerate.de\/?s={search_term_string}"},"query-input":{"@type":"PropertyValueSpecification","valueRequired":true,"valueName":"search_term_string"}}],"inLanguage":"ru-RU"},{"@type":"Organization","@id":"https:\/\/www.ortungsgerate.de\/#organization","name":"Ortungsgerate.de","url":"https:\/\/www.ortungsgerate.de\/","logo":{"@type":"ImageObject","inLanguage":"ru-RU","@id":"https:\/\/www.ortungsgerate.de\/#\/schema\/logo\/image\/","url":"https:\/\/www.ortungsgerate.de\/wp-content\/uploads\/ortungsgerate.png","contentUrl":"https:\/\/www.ortungsgerate.de\/wp-content\/uploads\/ortungsgerate.png","width":500,"height":135,"caption":"Ortungsgerate.de"},"image":{"@id":"https:\/\/www.ortungsgerate.de\/#\/schema\/logo\/image\/"}}]}},"_links":{"self":[{"href":"https:\/\/www.ortungsgerate.de\/ru\/wp-json\/wp\/v2\/product\/30142","targetHints":{"allow":["GET"]}}],"collection":[{"href":"https:\/\/www.ortungsgerate.de\/ru\/wp-json\/wp\/v2\/product"}],"about":[{"href":"https:\/\/www.ortungsgerate.de\/ru\/wp-json\/wp\/v2\/types\/product"}],"version-history":[{"count":0,"href":"https:\/\/www.ortungsgerate.de\/ru\/wp-json\/wp\/v2\/product\/30142\/revisions"}],"wp:featuredmedia":[{"embeddable":true,"href":"https:\/\/www.ortungsgerate.de\/ru\/wp-json\/wp\/v2\/media\/30143"}],"wp:attachment":[{"href":"https:\/\/www.ortungsgerate.de\/ru\/wp-json\/wp\/v2\/media?parent=30142"}],"wp:term":[{"taxonomy":"brand","embeddable":true,"href":"https:\/\/www.ortungsgerate.de\/ru\/wp-json\/wp\/v2\/etheme_brands?post=30142"},{"taxonomy":"product_brand","embeddable":true,"href":"https:\/\/www.ortungsgerate.de\/ru\/wp-json\/wp\/v2\/product_brand?post=30142"},{"taxonomy":"product_cat","embeddable":true,"href":"https:\/\/www.ortungsgerate.de\/ru\/wp-json\/wp\/v2\/product_cat?post=30142"},{"taxonomy":"product_tag","embeddable":true,"href":"https:\/\/www.ortungsgerate.de\/ru\/wp-json\/wp\/v2\/product_tag?post=30142"}],"curies":[{"name":"wp","href":"https:\/\/api.w.org\/{rel}","templated":true}]}}